{"id":1172,"date":"2022-04-15T17:10:47","date_gmt":"2022-04-15T09:10:47","guid":{"rendered":"https:\/\/www.tosunlux.eu\/?post_type=product&#038;p=1172"},"modified":"2022-04-15T17:10:48","modified_gmt":"2022-04-15T09:10:48","slug":"staircase-switch-trt8","status":"publish","type":"product","link":"https:\/\/www.tosunlux.eu\/pt\/products\/staircase-switch-trt8\/","title":{"rendered":"Interruptor de escada TRT8"},"content":{"rendered":"<pre class=\"wp-block-verse\"><strong>Formul\u00e1rios<\/strong>\n\nO rel\u00e9 de controle de tempo de dente azul pode ser usado para equipamentos industriais, controle de ilumina\u00e7\u00e3o, controle de elemento de aquecimento, controle de motor e ventilador e ligar e desligar cargas regularmente.\n\n<strong>Recurso<\/strong>\n\n\nO rel\u00e9 \u00e9 configurado atrav\u00e9s da conex\u00e3o Bluetooth do aplicativo de celular, que \u00e9 simples e f\u00e1cil de operar. Configura\u00e7\u00e3o de temporiza\u00e7\u00e3o de grupo 8\/16. Possui dois modos de trabalho: autom\u00e1tico e manual. Possui tens\u00e3o de trabalho ultra larga AC \/ DC 24v-240v. O status do rel\u00e9 \u00e9 indicado por LED. 1-M\u00d3DULO, montagem em trilho DIN.\n\n\n<strong>Par\u00e2metros t\u00e9cnicos<\/strong>\n\n<\/pre>\n\n\n<table width=\"448\">\n<tbody>\n<tr>\n<td width=\"129\">Modelo<\/td>\n<td width=\"158\">TRT8-TS1\u00a0\u00a0\u00a0<\/td>\n<td width=\"161\">\u00a0\u00a0\u00a0\u00a0 TRT8-TS2<\/td>\n<\/tr>\n<tr>\n<td width=\"129\">Fun\u00e7\u00e3o<\/td>\n<td colspan=\"2\" width=\"319\">rel\u00e9 de controle de tempo bluetooth<\/td>\n<\/tr>\n<tr>\n<td width=\"129\">Terminais de alimenta\u00e7\u00e3o<\/td>\n<td colspan=\"2\" width=\"319\">A1-A2<\/td>\n<\/tr>\n<tr>\n<td width=\"129\">Alcance de voltagem<\/td>\n<td colspan=\"2\" width=\"319\">CA\/CC 24-240 V 50 Hz<\/td>\n<\/tr>\n<tr>\n<td width=\"129\">Fardo<\/td>\n<td colspan=\"2\" width=\"319\">CA 0,09-3VA\/CC 0,05-1,7W<\/td>\n<\/tr>\n<tr>\n<td width=\"129\">Toler\u00e2ncia de tens\u00e3o de alimenta\u00e7\u00e3o<\/td>\n<td colspan=\"2\" width=\"319\">-15%;+10%<\/td>\n<\/tr>\n<tr>\n<td width=\"129\">indica\u00e7\u00e3o de abastecimento<\/td>\n<td colspan=\"2\" width=\"319\">led verde<\/td>\n<\/tr>\n<tr>\n<td width=\"129\">N\u00famero de temporizadores<\/td>\n<td width=\"158\">8-ON\/8-OFF<\/td>\n<td width=\"161\">2\u00d78-ON\/2\u00d78-OFF<\/td>\n<\/tr>\n<tr>\n<td width=\"129\">Configura\u00e7\u00e3o de tempo<\/td>\n<td colspan=\"2\" width=\"319\">APP (conectividade Bluetooth)<\/td>\n<\/tr>\n<tr>\n<td width=\"129\">desvio de tempo<\/td>\n<td colspan=\"2\" width=\"319\">\u00b12s\/dia<\/td>\n<\/tr>\n<tr>\n<td width=\"129\">Sa\u00edda<\/td>\n<td width=\"158\">1xSPDT<\/td>\n<td width=\"161\">2xSPDT<\/td>\n<\/tr>\n<tr>\n<td width=\"129\">Avalia\u00e7\u00e3o atual<\/td>\n<td colspan=\"2\" width=\"319\">1x16A(AC1)<\/td>\n<\/tr>\n<tr>\n<td width=\"129\">Capacidade m\u00ednima de interrup\u00e7\u00e3o DC<\/td>\n<td colspan=\"2\" width=\"319\">500mW<\/td>\n<\/tr>\n<tr>\n<td width=\"129\">indica\u00e7\u00e3o de sa\u00edda<\/td>\n<td colspan=\"2\" width=\"319\">LED vermelho<\/td>\n<\/tr>\n<tr>\n<td width=\"129\">Vida mec\u00e2nica<\/td>\n<td colspan=\"2\" width=\"319\">1&#215;10000000<\/td>\n<\/tr>\n<tr>\n<td width=\"129\">Vida el\u00e9trica (AC1)<\/td>\n<td colspan=\"2\" width=\"319\">1&#215;100000<\/td>\n<\/tr>\n<tr>\n<td width=\"129\">Temperatura de opera\u00e7\u00e3o<\/td>\n<td colspan=\"2\" width=\"319\">-20\u2103~+55\u2103<\/td>\n<\/tr>\n<tr>\n<td width=\"129\">Temperatura de armazenamento<\/td>\n<td colspan=\"2\" width=\"319\">\u00a0-35\u2103~+75\u2103<\/td>\n<\/tr>\n<\/tbody>\n<\/table>\n\n\n<p><\/p>\n\n\n\n<pre class=\"wp-block-verse\"><strong>Dimens\u00e3o<\/strong>\n\n\n<\/pre>\n\n\n\n<figure class=\"wp-block-image size-large is-resized\"><img fetchpriority=\"high\" decoding=\"async\" src=\"https:\/\/www.tosunlux.eu\/wp-content\/uploads\/2022\/04\/DIMENSION-S2-6-1024x490.jpg\" alt=\"\" class=\"wp-image-1176\" width=\"494\" height=\"235\" srcset=\"https:\/\/www.tosunlux.eu\/wp-content\/uploads\/2022\/04\/DIMENSION-S2-6-1024x490.jpg 1024w, https:\/\/www.tosunlux.eu\/wp-content\/uploads\/2022\/04\/DIMENSION-S2-6-300x144.jpg 300w, https:\/\/www.tosunlux.eu\/wp-content\/uploads\/2022\/04\/DIMENSION-S2-6-768x367.jpg 768w, https:\/\/www.tosunlux.eu\/wp-content\/uploads\/2022\/04\/DIMENSION-S2-6-1536x735.jpg 1536w, https:\/\/www.tosunlux.eu\/wp-content\/uploads\/2022\/04\/DIMENSION-S2-6.jpg 1599w\" sizes=\"(max-width: 494px) 100vw, 494px\" \/><\/figure>","protected":false},"parent":0,"template":"","product_category":[35,92],"class_list":["post-1172","product","type-product","status-publish","hentry","product_category-industrial-control-devices","product_category-timer-relay"],"yoast_head":"<!-- This site is optimized with the Yoast SEO plugin v27.5 - https:\/\/yoast.com\/product\/yoast-seo-wordpress\/ -->\n<title>WholesaleStaircase Switch TRT8 - TOSUNlux Official Site - Electrical Circuit Breaker Manufacturer in China Low Voltage Electrical Supplier | TOSUNlux<\/title>\n<meta name=\"description\" content=\"Staircase Switch TRT8 Supplier - Wholesale direct from TOSUNlux, a trusted manufacturer since 1994. Get your B2B factory quote on our certified Low Voltage electrical products.\" \/>\n<meta name=\"robots\" content=\"index, follow, max-snippet:-1, max-image-preview:large, max-video-preview:-1\" \/>\n<link rel=\"canonical\" href=\"https:\/\/www.tosunlux.eu\/pt\/products\/staircase-switch-trt8\/\" \/>\n<meta property=\"og:locale\" content=\"pt_BR\" \/>\n<meta property=\"og:type\" content=\"article\" \/>\n<meta property=\"og:title\" content=\"WholesaleStaircase Switch TRT8 - TOSUNlux Official Site - Electrical Circuit Breaker Manufacturer in China Low Voltage Electrical Supplier | TOSUNlux\" \/>\n<meta property=\"og:description\" content=\"Staircase Switch TRT8 Supplier - Wholesale direct from TOSUNlux, a trusted manufacturer since 1994. Get your B2B factory quote on our certified Low Voltage electrical products.\" \/>\n<meta property=\"og:url\" content=\"https:\/\/www.tosunlux.eu\/pt\/products\/staircase-switch-trt8\/\" \/>\n<meta property=\"og:site_name\" content=\"TOSUNlux Official Site - Electrical Circuit Breaker Manufacturer in China\" \/>\n<meta property=\"article:publisher\" content=\"https:\/\/www.facebook.com\/TOSUNelectric\/\" \/>\n<meta property=\"article:modified_time\" content=\"2022-04-15T09:10:48+00:00\" \/>\n<meta property=\"og:image\" content=\"https:\/\/www.tosunlux.eu\/wp-content\/uploads\/2022\/04\/DIMENSION-S2-6-1024x490.jpg\" \/>\n<meta name=\"twitter:card\" content=\"summary_large_image\" \/>\n<meta name=\"twitter:label1\" content=\"Est. tempo de leitura\" \/>\n\t<meta name=\"twitter:data1\" content=\"1 minuto\" \/>\n<script type=\"application\/ld+json\" class=\"yoast-schema-graph\">{\"@context\":\"https:\\\/\\\/schema.org\",\"@graph\":[{\"@type\":\"WebPage\",\"@id\":\"https:\\\/\\\/www.tosunlux.eu\\\/fr\\\/products\\\/staircase-switch-trt8\\\/\",\"url\":\"https:\\\/\\\/www.tosunlux.eu\\\/fr\\\/products\\\/staircase-switch-trt8\\\/\",\"name\":\"WholesaleStaircase Switch TRT8 - TOSUNlux Official Site - Electrical Circuit Breaker Manufacturer in China Low Voltage Electrical Supplier | TOSUNlux\",\"isPartOf\":{\"@id\":\"https:\\\/\\\/www.tosunlux.eu\\\/ru\\\/#website\"},\"primaryImageOfPage\":{\"@id\":\"https:\\\/\\\/www.tosunlux.eu\\\/fr\\\/products\\\/staircase-switch-trt8\\\/#primaryimage\"},\"image\":{\"@id\":\"https:\\\/\\\/www.tosunlux.eu\\\/fr\\\/products\\\/staircase-switch-trt8\\\/#primaryimage\"},\"thumbnailUrl\":\"https:\\\/\\\/www.tosunlux.eu\\\/wp-content\\\/uploads\\\/2022\\\/04\\\/DIMENSION-S2-6-1024x490.jpg\",\"datePublished\":\"2022-04-15T09:10:47+00:00\",\"dateModified\":\"2022-04-15T09:10:48+00:00\",\"description\":\"Staircase Switch TRT8 Supplier - Wholesale direct from TOSUNlux, a trusted manufacturer since 1994. Get your B2B factory quote on our certified Low Voltage electrical products.\",\"breadcrumb\":{\"@id\":\"https:\\\/\\\/www.tosunlux.eu\\\/fr\\\/products\\\/staircase-switch-trt8\\\/#breadcrumb\"},\"inLanguage\":\"pt-BR\",\"potentialAction\":[{\"@type\":\"ReadAction\",\"target\":[\"https:\\\/\\\/www.tosunlux.eu\\\/fr\\\/products\\\/staircase-switch-trt8\\\/\"]}]},{\"@type\":\"ImageObject\",\"inLanguage\":\"pt-BR\",\"@id\":\"https:\\\/\\\/www.tosunlux.eu\\\/fr\\\/products\\\/staircase-switch-trt8\\\/#primaryimage\",\"url\":\"https:\\\/\\\/www.tosunlux.eu\\\/wp-content\\\/uploads\\\/2022\\\/04\\\/DIMENSION-S2-6-1024x490.jpg\",\"contentUrl\":\"https:\\\/\\\/www.tosunlux.eu\\\/wp-content\\\/uploads\\\/2022\\\/04\\\/DIMENSION-S2-6-1024x490.jpg\"},{\"@type\":\"BreadcrumbList\",\"@id\":\"https:\\\/\\\/www.tosunlux.eu\\\/fr\\\/products\\\/staircase-switch-trt8\\\/#breadcrumb\",\"itemListElement\":[{\"@type\":\"ListItem\",\"position\":1,\"name\":\"Home\",\"item\":\"https:\\\/\\\/www.tosunlux.eu\\\/ru\\\/\"},{\"@type\":\"ListItem\",\"position\":2,\"name\":\"Products\",\"item\":\"https:\\\/\\\/www.tosunlux.eu\\\/products\\\/\"},{\"@type\":\"ListItem\",\"position\":3,\"name\":\"Staircase Switch TRT8\"}]},{\"@type\":\"WebSite\",\"@id\":\"https:\\\/\\\/www.tosunlux.eu\\\/ru\\\/#website\",\"url\":\"https:\\\/\\\/www.tosunlux.eu\\\/ru\\\/\",\"name\":\"TOSUNlux Official Site - Electrical Circuit Breaker Manufacturer in China\",\"description\":\"Power Distribution System Supplier\",\"publisher\":{\"@id\":\"https:\\\/\\\/www.tosunlux.eu\\\/ru\\\/#organization\"},\"alternateName\":\"TOSUNlux\",\"potentialAction\":[{\"@type\":\"SearchAction\",\"target\":{\"@type\":\"EntryPoint\",\"urlTemplate\":\"https:\\\/\\\/www.tosunlux.eu\\\/ru\\\/?s={search_term_string}\"},\"query-input\":{\"@type\":\"PropertyValueSpecification\",\"valueRequired\":true,\"valueName\":\"search_term_string\"}}],\"inLanguage\":\"pt-BR\"},{\"@type\":\"Organization\",\"@id\":\"https:\\\/\\\/www.tosunlux.eu\\\/ru\\\/#organization\",\"name\":\"TOSUNlux\",\"url\":\"https:\\\/\\\/www.tosunlux.eu\\\/ru\\\/\",\"logo\":{\"@type\":\"ImageObject\",\"inLanguage\":\"pt-BR\",\"@id\":\"https:\\\/\\\/www.tosunlux.eu\\\/ru\\\/#\\\/schema\\\/logo\\\/image\\\/\",\"url\":\"https:\\\/\\\/www.tosunlux.eu\\\/wp-content\\\/uploads\\\/2022\\\/01\\\/LOGOSYSM.71762f1.png\",\"contentUrl\":\"https:\\\/\\\/www.tosunlux.eu\\\/wp-content\\\/uploads\\\/2022\\\/01\\\/LOGOSYSM.71762f1.png\",\"width\":153,\"height\":55,\"caption\":\"TOSUNlux\"},\"image\":{\"@id\":\"https:\\\/\\\/www.tosunlux.eu\\\/ru\\\/#\\\/schema\\\/logo\\\/image\\\/\"},\"sameAs\":[\"https:\\\/\\\/www.facebook.com\\\/TOSUNelectric\\\/\",\"https:\\\/\\\/www.linkedin.com\\\/company\\\/wenzhou-tosun-electric-co.-ltd\\\/\"]}]}<\/script>\n<!-- \/ Yoast SEO plugin. -->","yoast_head_json":{"title":"WholesaleStaircase Switch TRT8 - TOSUNlux Official Site - Electrical Circuit Breaker Manufacturer in China Low Voltage Electrical Supplier | TOSUNlux","description":"Staircase Switch TRT8 Supplier - Wholesale direct from TOSUNlux, a trusted manufacturer since 1994. Get your B2B factory quote on our certified Low Voltage electrical products.","robots":{"index":"index","follow":"follow","max-snippet":"max-snippet:-1","max-image-preview":"max-image-preview:large","max-video-preview":"max-video-preview:-1"},"canonical":"https:\/\/www.tosunlux.eu\/pt\/products\/staircase-switch-trt8\/","og_locale":"pt_BR","og_type":"article","og_title":"WholesaleStaircase Switch TRT8 - TOSUNlux Official Site - Electrical Circuit Breaker Manufacturer in China Low Voltage Electrical Supplier | TOSUNlux","og_description":"Staircase Switch TRT8 Supplier - Wholesale direct from TOSUNlux, a trusted manufacturer since 1994. Get your B2B factory quote on our certified Low Voltage electrical products.","og_url":"https:\/\/www.tosunlux.eu\/pt\/products\/staircase-switch-trt8\/","og_site_name":"TOSUNlux Official Site - Electrical Circuit Breaker Manufacturer in China","article_publisher":"https:\/\/www.facebook.com\/TOSUNelectric\/","article_modified_time":"2022-04-15T09:10:48+00:00","og_image":[{"url":"https:\/\/www.tosunlux.eu\/wp-content\/uploads\/2022\/04\/DIMENSION-S2-6-1024x490.jpg","type":"","width":"","height":""}],"twitter_card":"summary_large_image","twitter_misc":{"Est. tempo de leitura":"1 minuto"},"schema":{"@context":"https:\/\/schema.org","@graph":[{"@type":"WebPage","@id":"https:\/\/www.tosunlux.eu\/fr\/products\/staircase-switch-trt8\/","url":"https:\/\/www.tosunlux.eu\/fr\/products\/staircase-switch-trt8\/","name":"WholesaleStaircase Switch TRT8 - TOSUNlux Official Site - Electrical Circuit Breaker Manufacturer in China Low Voltage Electrical Supplier | TOSUNlux","isPartOf":{"@id":"https:\/\/www.tosunlux.eu\/ru\/#website"},"primaryImageOfPage":{"@id":"https:\/\/www.tosunlux.eu\/fr\/products\/staircase-switch-trt8\/#primaryimage"},"image":{"@id":"https:\/\/www.tosunlux.eu\/fr\/products\/staircase-switch-trt8\/#primaryimage"},"thumbnailUrl":"https:\/\/www.tosunlux.eu\/wp-content\/uploads\/2022\/04\/DIMENSION-S2-6-1024x490.jpg","datePublished":"2022-04-15T09:10:47+00:00","dateModified":"2022-04-15T09:10:48+00:00","description":"Staircase Switch TRT8 Supplier - Wholesale direct from TOSUNlux, a trusted manufacturer since 1994. Get your B2B factory quote on our certified Low Voltage electrical products.","breadcrumb":{"@id":"https:\/\/www.tosunlux.eu\/fr\/products\/staircase-switch-trt8\/#breadcrumb"},"inLanguage":"pt-BR","potentialAction":[{"@type":"ReadAction","target":["https:\/\/www.tosunlux.eu\/fr\/products\/staircase-switch-trt8\/"]}]},{"@type":"ImageObject","inLanguage":"pt-BR","@id":"https:\/\/www.tosunlux.eu\/fr\/products\/staircase-switch-trt8\/#primaryimage","url":"https:\/\/www.tosunlux.eu\/wp-content\/uploads\/2022\/04\/DIMENSION-S2-6-1024x490.jpg","contentUrl":"https:\/\/www.tosunlux.eu\/wp-content\/uploads\/2022\/04\/DIMENSION-S2-6-1024x490.jpg"},{"@type":"BreadcrumbList","@id":"https:\/\/www.tosunlux.eu\/fr\/products\/staircase-switch-trt8\/#breadcrumb","itemListElement":[{"@type":"ListItem","position":1,"name":"Home","item":"https:\/\/www.tosunlux.eu\/ru\/"},{"@type":"ListItem","position":2,"name":"Products","item":"https:\/\/www.tosunlux.eu\/products\/"},{"@type":"ListItem","position":3,"name":"Staircase Switch TRT8"}]},{"@type":"WebSite","@id":"https:\/\/www.tosunlux.eu\/ru\/#website","url":"https:\/\/www.tosunlux.eu\/ru\/","name":"Site Oficial TOSUNlux - Fabricante de Disjuntores El\u00e9tricos na China","description":"Fornecedor de sistema de distribui\u00e7\u00e3o de energia","publisher":{"@id":"https:\/\/www.tosunlux.eu\/ru\/#organization"},"alternateName":"TOSUNlux","potentialAction":[{"@type":"SearchAction","target":{"@type":"EntryPoint","urlTemplate":"https:\/\/www.tosunlux.eu\/ru\/?s={search_term_string}"},"query-input":{"@type":"PropertyValueSpecification","valueRequired":true,"valueName":"search_term_string"}}],"inLanguage":"pt-BR"},{"@type":"Organization","@id":"https:\/\/www.tosunlux.eu\/ru\/#organization","name":"TOSUNlux","url":"https:\/\/www.tosunlux.eu\/ru\/","logo":{"@type":"ImageObject","inLanguage":"pt-BR","@id":"https:\/\/www.tosunlux.eu\/ru\/#\/schema\/logo\/image\/","url":"https:\/\/www.tosunlux.eu\/wp-content\/uploads\/2022\/01\/LOGOSYSM.71762f1.png","contentUrl":"https:\/\/www.tosunlux.eu\/wp-content\/uploads\/2022\/01\/LOGOSYSM.71762f1.png","width":153,"height":55,"caption":"TOSUNlux"},"image":{"@id":"https:\/\/www.tosunlux.eu\/ru\/#\/schema\/logo\/image\/"},"sameAs":["https:\/\/www.facebook.com\/TOSUNelectric\/","https:\/\/www.linkedin.com\/company\/wenzhou-tosun-electric-co.-ltd\/"]}]}},"_links":{"self":[{"href":"https:\/\/www.tosunlux.eu\/pt\/wp-json\/wp\/v2\/product\/1172","targetHints":{"allow":["GET"]}}],"collection":[{"href":"https:\/\/www.tosunlux.eu\/pt\/wp-json\/wp\/v2\/product"}],"about":[{"href":"https:\/\/www.tosunlux.eu\/pt\/wp-json\/wp\/v2\/types\/product"}],"version-history":[{"count":0,"href":"https:\/\/www.tosunlux.eu\/pt\/wp-json\/wp\/v2\/product\/1172\/revisions"}],"wp:attachment":[{"href":"https:\/\/www.tosunlux.eu\/pt\/wp-json\/wp\/v2\/media?parent=1172"}],"wp:term":[{"taxonomy":"product_category","embeddable":true,"href":"https:\/\/www.tosunlux.eu\/pt\/wp-json\/wp\/v2\/product_category?post=1172"}],"curies":[{"name":"wp","href":"https:\/\/api.w.org\/{rel}","templated":true}]}}