{"id":12512,"date":"2025-02-10T13:44:34","date_gmt":"2025-02-10T05:44:34","guid":{"rendered":"https:\/\/www.tosunlux.eu\/?post_type=product&#038;p=12512"},"modified":"2025-02-10T13:44:36","modified_gmt":"2025-02-10T05:44:36","slug":"tsmq8-dual-power-automatic-changeover-switch","status":"publish","type":"product","link":"https:\/\/www.tosunlux.eu\/pt\/products\/tsmq8-dual-power-automatic-changeover-switch\/","title":{"rendered":"Interruptor de comuta\u00e7\u00e3o autom\u00e1tico de dupla pot\u00eancia TSMQ8"},"content":{"rendered":"<p><strong>Aplicativo<\/strong><\/p>\n\n\n\n<p>O interruptor de comuta\u00e7\u00e3o autom\u00e1tica de dupla pot\u00eancia TSMQ8 \u00e9 um interruptor de comuta\u00e7\u00e3o infrequente de classe PC para fornecer a fonte de alimenta\u00e7\u00e3o para o circuito constantemente quando a fonte de alimenta\u00e7\u00e3o da rede el\u00e9trica n\u00e3o estiver dispon\u00edvel repentinamente. O interruptor \u00e9 adequado para sistemas de alimenta\u00e7\u00e3o com 50\/60 Hz, tens\u00e3o nominal de at\u00e9 400 V e corrente nominal de at\u00e9 63 A.<br>Quando o produto funciona no modo \u201cautom\u00e1tico\u201d, o interruptor converte o circuito da fonte de alimenta\u00e7\u00e3o da rede el\u00e9trica (\u2160) para a fonte de alimenta\u00e7\u00e3o de reserva (\u2161) automaticamente caso a energia da rede el\u00e9trica esteja desligada (ou falha de fase). Quando a fonte de alimenta\u00e7\u00e3o da rede el\u00e9trica (\u2160) volta a ficar dispon\u00edvel, o interruptor converte o circuito de volta para a fonte de alimenta\u00e7\u00e3o da rede el\u00e9trica (\u2160) da fonte de alimenta\u00e7\u00e3o de reserva (\u2161) automaticamente.<br>O interruptor \u00e9 caracterizado por ser pequeno em volume, r\u00e1pido na rea\u00e7\u00e3o, confi\u00e1vel na convers\u00e3o, conveniente na instala\u00e7\u00e3o e longa vida \u00fatil em servi\u00e7o.<\/p>\n\n\n\n<p><strong>Especifica\u00e7\u00e3o<\/strong><\/p>\n\n\n<table style=\"height: 645px;\" width=\"939\">\n<tbody>\n<tr>\n<td width=\"247\">Categoria do produto<\/td>\n<td style=\"text-align: center;\" width=\"562\">Classe PC: pode ser ligado e carregado sem gerar corrente de curto-circuito<\/td>\n<\/tr>\n<tr>\n<td width=\"247\">N\u00famero de postes<\/td>\n<td style=\"text-align: center;\" width=\"562\">2P, 4P<\/td>\n<\/tr>\n<tr>\n<td width=\"247\">Corrente Nominal<\/td>\n<td style=\"text-align: center;\" width=\"562\">6A, 10A, 16A, 20A, 25A, 32A, 40A, 50A, 63A<\/td>\n<\/tr>\n<tr>\n<td width=\"247\">Tens\u00e3o de isolamento nominal (Ul)<\/td>\n<td style=\"text-align: center;\" width=\"562\">CA 690 V<\/td>\n<\/tr>\n<tr>\n<td width=\"247\">Tens\u00e3o suportada por impulso nominal (Uimp)<\/td>\n<td style=\"text-align: center;\" width=\"562\">8kV<\/td>\n<\/tr>\n<tr>\n<td width=\"247\">Tens\u00e3o operacional nominal (Ue)<\/td>\n<td style=\"text-align: center;\" width=\"562\">2P 110\/220V, 4P 400V<\/td>\n<\/tr>\n<tr>\n<td width=\"247\">Corrente de curto-circuito nominal (lq)<\/td>\n<td style=\"text-align: center;\" width=\"562\">5kA<\/td>\n<\/tr>\n<tr>\n<td width=\"247\">Dispositivo de prote\u00e7\u00e3o contra curto-circuito (fus\u00edvel)<\/td>\n<td style=\"text-align: center;\" width=\"562\">NT00 63A<\/td>\n<\/tr>\n<tr>\n<td width=\"247\">Tens\u00e3o suportada por impulso nominal<\/td>\n<td style=\"text-align: center;\" width=\"562\">8kV<\/td>\n<\/tr>\n<tr>\n<td width=\"247\">Circuito de controle<\/td>\n<td style=\"text-align: center;\" width=\"562\">Tens\u00e3o de controle nominal EUA: AC220V\/ 110V, 50\/60Hz Condi\u00e7\u00f5es normais de trabalho: 85%Us-110%Us<\/td>\n<\/tr>\n<tr>\n<td width=\"247\">Circuito Auxiliar<\/td>\n<td style=\"text-align: center;\" width=\"562\">CA 220 V\/ 110 V 50\/60 Hz menor que 5 A<\/td>\n<\/tr>\n<tr>\n<td width=\"247\">Sobretens\u00e3o\/Subtens\u00e3o<br \/>Faixa de prote\u00e7\u00e3o<br \/>(Retorno ao normal 30s)<\/td>\n<td style=\"text-align: center;\" width=\"562\">Valor de subtens\u00e3o de 220 V: 175 V Valor de recupera\u00e7\u00e3o: 195 V<br \/>Valor de sobretens\u00e3o: 260 V Valor de recupera\u00e7\u00e3o: 240 V (\u00b1 5 V)<br \/>110V Valor de subtens\u00e3o: 85V Valor de recupera\u00e7\u00e3o: 95V<br \/>Valor de sobretens\u00e3o: 145 V Valor de recupera\u00e7\u00e3o: 130 (\u00b1 5 V)<\/td>\n<\/tr>\n<tr>\n<td width=\"247\">Vida Mec\u00e2nica<\/td>\n<td style=\"text-align: center;\" width=\"562\">8000 vezes<\/td>\n<\/tr>\n<tr>\n<td width=\"247\">Vida El\u00e9trica<\/td>\n<td style=\"text-align: center;\" width=\"562\">1500 vezes<\/td>\n<\/tr>\n<tr>\n<td width=\"247\">Categoria de utiliza\u00e7\u00e3o<\/td>\n<td style=\"text-align: center;\" width=\"562\">AC-31B<\/td>\n<\/tr>\n<\/tbody>\n<\/table>\n\n\n<p><strong>Dimens\u00f5es<\/strong><\/p>\n\n\n\n<figure class=\"wp-block-image size-large is-resized\"><img fetchpriority=\"high\" decoding=\"async\" src=\"https:\/\/www.tosunlux.eu\/wp-content\/uploads\/2025\/02\/1-2-1024x348.jpg\" alt=\"\" class=\"wp-image-12514\" width=\"768\" height=\"261\" srcset=\"https:\/\/www.tosunlux.eu\/wp-content\/uploads\/2025\/02\/1-2-1024x348.jpg 1024w, https:\/\/www.tosunlux.eu\/wp-content\/uploads\/2025\/02\/1-2-300x102.jpg 300w, https:\/\/www.tosunlux.eu\/wp-content\/uploads\/2025\/02\/1-2-768x261.jpg 768w, https:\/\/www.tosunlux.eu\/wp-content\/uploads\/2025\/02\/1-2-18x6.jpg 18w, https:\/\/www.tosunlux.eu\/wp-content\/uploads\/2025\/02\/1-2.jpg 1431w\" sizes=\"(max-width: 768px) 100vw, 768px\" \/><\/figure>","protected":false},"parent":0,"template":"","product_category":[24,86],"class_list":["post-12512","product","type-product","status-publish","hentry","product_category-power-distribution-system","product_category-automatic-changeover-switch"],"yoast_head":"<!-- This site is optimized with the Yoast SEO plugin v27.5 - https:\/\/yoast.com\/product\/yoast-seo-wordpress\/ -->\n<title>WholesaleTSMQ8 Dual Power Automatic Changeover Switch - TOSUNlux Official Site - Electrical Circuit Breaker Manufacturer in China Low Voltage Electrical Supplier | TOSUNlux<\/title>\n<meta name=\"description\" content=\"TSMQ8 Dual Power Automatic Changeover Switch Supplier - Wholesale direct from TOSUNlux, a trusted manufacturer since 1994. Get your B2B factory quote on our certified Low Voltage electrical products.\" \/>\n<meta name=\"robots\" content=\"index, follow, max-snippet:-1, max-image-preview:large, max-video-preview:-1\" \/>\n<link rel=\"canonical\" href=\"https:\/\/www.tosunlux.eu\/pt\/products\/tsmq8-dual-power-automatic-changeover-switch\/\" \/>\n<meta property=\"og:locale\" content=\"pt_BR\" \/>\n<meta property=\"og:type\" content=\"article\" \/>\n<meta property=\"og:title\" content=\"WholesaleTSMQ8 Dual Power Automatic Changeover Switch - TOSUNlux Official Site - Electrical Circuit Breaker Manufacturer in China Low Voltage Electrical Supplier | TOSUNlux\" \/>\n<meta property=\"og:description\" content=\"TSMQ8 Dual Power Automatic Changeover Switch Supplier - Wholesale direct from TOSUNlux, a trusted manufacturer since 1994. Get your B2B factory quote on our certified Low Voltage electrical products.\" \/>\n<meta property=\"og:url\" content=\"https:\/\/www.tosunlux.eu\/pt\/products\/tsmq8-dual-power-automatic-changeover-switch\/\" \/>\n<meta property=\"og:site_name\" content=\"TOSUNlux Official Site - Electrical Circuit Breaker Manufacturer in China\" \/>\n<meta property=\"article:publisher\" content=\"https:\/\/www.facebook.com\/TOSUNelectric\/\" \/>\n<meta property=\"article:modified_time\" content=\"2025-02-10T05:44:36+00:00\" \/>\n<meta property=\"og:image\" content=\"https:\/\/www.tosunlux.eu\/wp-content\/uploads\/2025\/02\/1-2-1024x348.jpg\" \/>\n<meta name=\"twitter:card\" content=\"summary_large_image\" \/>\n<meta name=\"twitter:label1\" content=\"Est. tempo de leitura\" \/>\n\t<meta name=\"twitter:data1\" content=\"2 minutos\" \/>\n<script type=\"application\/ld+json\" class=\"yoast-schema-graph\">{\"@context\":\"https:\\\/\\\/schema.org\",\"@graph\":[{\"@type\":\"WebPage\",\"@id\":\"https:\\\/\\\/www.tosunlux.eu\\\/ru\\\/products\\\/tsmq8-dual-power-automatic-changeover-switch\\\/\",\"url\":\"https:\\\/\\\/www.tosunlux.eu\\\/ru\\\/products\\\/tsmq8-dual-power-automatic-changeover-switch\\\/\",\"name\":\"WholesaleTSMQ8 Dual Power Automatic Changeover Switch - TOSUNlux Official Site - Electrical Circuit Breaker Manufacturer in China Low Voltage Electrical Supplier | TOSUNlux\",\"isPartOf\":{\"@id\":\"https:\\\/\\\/www.tosunlux.eu\\\/ru\\\/#website\"},\"primaryImageOfPage\":{\"@id\":\"https:\\\/\\\/www.tosunlux.eu\\\/ru\\\/products\\\/tsmq8-dual-power-automatic-changeover-switch\\\/#primaryimage\"},\"image\":{\"@id\":\"https:\\\/\\\/www.tosunlux.eu\\\/ru\\\/products\\\/tsmq8-dual-power-automatic-changeover-switch\\\/#primaryimage\"},\"thumbnailUrl\":\"https:\\\/\\\/www.tosunlux.eu\\\/wp-content\\\/uploads\\\/2025\\\/02\\\/1-2-1024x348.jpg\",\"datePublished\":\"2025-02-10T05:44:34+00:00\",\"dateModified\":\"2025-02-10T05:44:36+00:00\",\"description\":\"TSMQ8 Dual Power Automatic Changeover Switch Supplier - Wholesale direct from TOSUNlux, a trusted manufacturer since 1994. Get your B2B factory quote on our certified Low Voltage electrical products.\",\"breadcrumb\":{\"@id\":\"https:\\\/\\\/www.tosunlux.eu\\\/ru\\\/products\\\/tsmq8-dual-power-automatic-changeover-switch\\\/#breadcrumb\"},\"inLanguage\":\"pt-BR\",\"potentialAction\":[{\"@type\":\"ReadAction\",\"target\":[\"https:\\\/\\\/www.tosunlux.eu\\\/ru\\\/products\\\/tsmq8-dual-power-automatic-changeover-switch\\\/\"]}]},{\"@type\":\"ImageObject\",\"inLanguage\":\"pt-BR\",\"@id\":\"https:\\\/\\\/www.tosunlux.eu\\\/ru\\\/products\\\/tsmq8-dual-power-automatic-changeover-switch\\\/#primaryimage\",\"url\":\"https:\\\/\\\/www.tosunlux.eu\\\/wp-content\\\/uploads\\\/2025\\\/02\\\/1-2-1024x348.jpg\",\"contentUrl\":\"https:\\\/\\\/www.tosunlux.eu\\\/wp-content\\\/uploads\\\/2025\\\/02\\\/1-2-1024x348.jpg\"},{\"@type\":\"BreadcrumbList\",\"@id\":\"https:\\\/\\\/www.tosunlux.eu\\\/ru\\\/products\\\/tsmq8-dual-power-automatic-changeover-switch\\\/#breadcrumb\",\"itemListElement\":[{\"@type\":\"ListItem\",\"position\":1,\"name\":\"Home\",\"item\":\"https:\\\/\\\/www.tosunlux.eu\\\/ru\\\/\"},{\"@type\":\"ListItem\",\"position\":2,\"name\":\"Products\",\"item\":\"https:\\\/\\\/www.tosunlux.eu\\\/products\\\/\"},{\"@type\":\"ListItem\",\"position\":3,\"name\":\"TSMQ8 Dual Power Automatic Changeover Switch\"}]},{\"@type\":\"WebSite\",\"@id\":\"https:\\\/\\\/www.tosunlux.eu\\\/ru\\\/#website\",\"url\":\"https:\\\/\\\/www.tosunlux.eu\\\/ru\\\/\",\"name\":\"TOSUNlux Official Site - Electrical Circuit Breaker Manufacturer in China\",\"description\":\"Power Distribution System Supplier\",\"publisher\":{\"@id\":\"https:\\\/\\\/www.tosunlux.eu\\\/ru\\\/#organization\"},\"alternateName\":\"TOSUNlux\",\"potentialAction\":[{\"@type\":\"SearchAction\",\"target\":{\"@type\":\"EntryPoint\",\"urlTemplate\":\"https:\\\/\\\/www.tosunlux.eu\\\/ru\\\/?s={search_term_string}\"},\"query-input\":{\"@type\":\"PropertyValueSpecification\",\"valueRequired\":true,\"valueName\":\"search_term_string\"}}],\"inLanguage\":\"pt-BR\"},{\"@type\":\"Organization\",\"@id\":\"https:\\\/\\\/www.tosunlux.eu\\\/ru\\\/#organization\",\"name\":\"TOSUNlux\",\"url\":\"https:\\\/\\\/www.tosunlux.eu\\\/ru\\\/\",\"logo\":{\"@type\":\"ImageObject\",\"inLanguage\":\"pt-BR\",\"@id\":\"https:\\\/\\\/www.tosunlux.eu\\\/ru\\\/#\\\/schema\\\/logo\\\/image\\\/\",\"url\":\"https:\\\/\\\/www.tosunlux.eu\\\/wp-content\\\/uploads\\\/2022\\\/01\\\/LOGOSYSM.71762f1.png\",\"contentUrl\":\"https:\\\/\\\/www.tosunlux.eu\\\/wp-content\\\/uploads\\\/2022\\\/01\\\/LOGOSYSM.71762f1.png\",\"width\":153,\"height\":55,\"caption\":\"TOSUNlux\"},\"image\":{\"@id\":\"https:\\\/\\\/www.tosunlux.eu\\\/ru\\\/#\\\/schema\\\/logo\\\/image\\\/\"},\"sameAs\":[\"https:\\\/\\\/www.facebook.com\\\/TOSUNelectric\\\/\",\"https:\\\/\\\/www.linkedin.com\\\/company\\\/wenzhou-tosun-electric-co.-ltd\\\/\"]}]}<\/script>\n<!-- \/ Yoast SEO plugin. -->","yoast_head_json":{"title":"Interruptor de comuta\u00e7\u00e3o autom\u00e1tico de dupla pot\u00eancia WholesaleTSMQ8 - Site oficial da TOSUNlux - Fabricante de disjuntores el\u00e9tricos na China, fornecedor de equipamentos el\u00e9tricos de baixa tens\u00e3o | TOSUNlux","description":"Fornecedor de interruptor de comuta\u00e7\u00e3o autom\u00e1tico de dupla pot\u00eancia TSMQ8 - Venda por atacado direto da TOSUNlux, um fabricante confi\u00e1vel desde 1994. Obtenha seu or\u00e7amento de f\u00e1brica B2B para nossos produtos el\u00e9tricos de baixa tens\u00e3o certificados.","robots":{"index":"index","follow":"follow","max-snippet":"max-snippet:-1","max-image-preview":"max-image-preview:large","max-video-preview":"max-video-preview:-1"},"canonical":"https:\/\/www.tosunlux.eu\/pt\/products\/tsmq8-dual-power-automatic-changeover-switch\/","og_locale":"pt_BR","og_type":"article","og_title":"WholesaleTSMQ8 Dual Power Automatic Changeover Switch - TOSUNlux Official Site - Electrical Circuit Breaker Manufacturer in China Low Voltage Electrical Supplier | TOSUNlux","og_description":"TSMQ8 Dual Power Automatic Changeover Switch Supplier - Wholesale direct from TOSUNlux, a trusted manufacturer since 1994. Get your B2B factory quote on our certified Low Voltage electrical products.","og_url":"https:\/\/www.tosunlux.eu\/pt\/products\/tsmq8-dual-power-automatic-changeover-switch\/","og_site_name":"TOSUNlux Official Site - Electrical Circuit Breaker Manufacturer in China","article_publisher":"https:\/\/www.facebook.com\/TOSUNelectric\/","article_modified_time":"2025-02-10T05:44:36+00:00","og_image":[{"url":"https:\/\/www.tosunlux.eu\/wp-content\/uploads\/2025\/02\/1-2-1024x348.jpg","type":"","width":"","height":""}],"twitter_card":"summary_large_image","twitter_misc":{"Est. tempo de leitura":"2 minutos"},"schema":{"@context":"https:\/\/schema.org","@graph":[{"@type":"WebPage","@id":"https:\/\/www.tosunlux.eu\/ru\/products\/tsmq8-dual-power-automatic-changeover-switch\/","url":"https:\/\/www.tosunlux.eu\/ru\/products\/tsmq8-dual-power-automatic-changeover-switch\/","name":"Interruptor de comuta\u00e7\u00e3o autom\u00e1tico de dupla pot\u00eancia WholesaleTSMQ8 - Site oficial da TOSUNlux - Fabricante de disjuntores el\u00e9tricos na China, fornecedor de equipamentos el\u00e9tricos de baixa tens\u00e3o | TOSUNlux","isPartOf":{"@id":"https:\/\/www.tosunlux.eu\/ru\/#website"},"primaryImageOfPage":{"@id":"https:\/\/www.tosunlux.eu\/ru\/products\/tsmq8-dual-power-automatic-changeover-switch\/#primaryimage"},"image":{"@id":"https:\/\/www.tosunlux.eu\/ru\/products\/tsmq8-dual-power-automatic-changeover-switch\/#primaryimage"},"thumbnailUrl":"https:\/\/www.tosunlux.eu\/wp-content\/uploads\/2025\/02\/1-2-1024x348.jpg","datePublished":"2025-02-10T05:44:34+00:00","dateModified":"2025-02-10T05:44:36+00:00","description":"Fornecedor de interruptor de comuta\u00e7\u00e3o autom\u00e1tico de dupla pot\u00eancia TSMQ8 - Venda por atacado direto da TOSUNlux, um fabricante confi\u00e1vel desde 1994. Obtenha seu or\u00e7amento de f\u00e1brica B2B para nossos produtos el\u00e9tricos de baixa tens\u00e3o certificados.","breadcrumb":{"@id":"https:\/\/www.tosunlux.eu\/ru\/products\/tsmq8-dual-power-automatic-changeover-switch\/#breadcrumb"},"inLanguage":"pt-BR","potentialAction":[{"@type":"ReadAction","target":["https:\/\/www.tosunlux.eu\/ru\/products\/tsmq8-dual-power-automatic-changeover-switch\/"]}]},{"@type":"ImageObject","inLanguage":"pt-BR","@id":"https:\/\/www.tosunlux.eu\/ru\/products\/tsmq8-dual-power-automatic-changeover-switch\/#primaryimage","url":"https:\/\/www.tosunlux.eu\/wp-content\/uploads\/2025\/02\/1-2-1024x348.jpg","contentUrl":"https:\/\/www.tosunlux.eu\/wp-content\/uploads\/2025\/02\/1-2-1024x348.jpg"},{"@type":"BreadcrumbList","@id":"https:\/\/www.tosunlux.eu\/ru\/products\/tsmq8-dual-power-automatic-changeover-switch\/#breadcrumb","itemListElement":[{"@type":"ListItem","position":1,"name":"Home","item":"https:\/\/www.tosunlux.eu\/ru\/"},{"@type":"ListItem","position":2,"name":"Products","item":"https:\/\/www.tosunlux.eu\/products\/"},{"@type":"ListItem","position":3,"name":"TSMQ8 Dual Power Automatic Changeover Switch"}]},{"@type":"WebSite","@id":"https:\/\/www.tosunlux.eu\/ru\/#website","url":"https:\/\/www.tosunlux.eu\/ru\/","name":"Site Oficial TOSUNlux - Fabricante de Disjuntores El\u00e9tricos na China","description":"Fornecedor de sistema de distribui\u00e7\u00e3o de energia","publisher":{"@id":"https:\/\/www.tosunlux.eu\/ru\/#organization"},"alternateName":"TOSUNlux","potentialAction":[{"@type":"SearchAction","target":{"@type":"EntryPoint","urlTemplate":"https:\/\/www.tosunlux.eu\/ru\/?s={search_term_string}"},"query-input":{"@type":"PropertyValueSpecification","valueRequired":true,"valueName":"search_term_string"}}],"inLanguage":"pt-BR"},{"@type":"Organization","@id":"https:\/\/www.tosunlux.eu\/ru\/#organization","name":"TOSUNlux","url":"https:\/\/www.tosunlux.eu\/ru\/","logo":{"@type":"ImageObject","inLanguage":"pt-BR","@id":"https:\/\/www.tosunlux.eu\/ru\/#\/schema\/logo\/image\/","url":"https:\/\/www.tosunlux.eu\/wp-content\/uploads\/2022\/01\/LOGOSYSM.71762f1.png","contentUrl":"https:\/\/www.tosunlux.eu\/wp-content\/uploads\/2022\/01\/LOGOSYSM.71762f1.png","width":153,"height":55,"caption":"TOSUNlux"},"image":{"@id":"https:\/\/www.tosunlux.eu\/ru\/#\/schema\/logo\/image\/"},"sameAs":["https:\/\/www.facebook.com\/TOSUNelectric\/","https:\/\/www.linkedin.com\/company\/wenzhou-tosun-electric-co.-ltd\/"]}]}},"_links":{"self":[{"href":"https:\/\/www.tosunlux.eu\/pt\/wp-json\/wp\/v2\/product\/12512","targetHints":{"allow":["GET"]}}],"collection":[{"href":"https:\/\/www.tosunlux.eu\/pt\/wp-json\/wp\/v2\/product"}],"about":[{"href":"https:\/\/www.tosunlux.eu\/pt\/wp-json\/wp\/v2\/types\/product"}],"version-history":[{"count":2,"href":"https:\/\/www.tosunlux.eu\/pt\/wp-json\/wp\/v2\/product\/12512\/revisions"}],"predecessor-version":[{"id":12518,"href":"https:\/\/www.tosunlux.eu\/pt\/wp-json\/wp\/v2\/product\/12512\/revisions\/12518"}],"wp:attachment":[{"href":"https:\/\/www.tosunlux.eu\/pt\/wp-json\/wp\/v2\/media?parent=12512"}],"wp:term":[{"taxonomy":"product_category","embeddable":true,"href":"https:\/\/www.tosunlux.eu\/pt\/wp-json\/wp\/v2\/product_category?post=12512"}],"curies":[{"name":"wp","href":"https:\/\/api.w.org\/{rel}","templated":true}]}}