{"id":12564,"date":"2025-02-13T15:15:23","date_gmt":"2025-02-13T07:15:23","guid":{"rendered":"https:\/\/www.tosunlux.eu\/?post_type=product&#038;p=12564"},"modified":"2025-02-13T15:40:18","modified_gmt":"2025-02-13T07:40:18","slug":"off-grid-solar-inverter","status":"publish","type":"product","link":"https:\/\/www.tosunlux.eu\/pt\/products\/off-grid-solar-inverter\/","title":{"rendered":"Inversor solar OFF Grid 1800W e 3000W"},"content":{"rendered":"<figure class=\"wp-block-image size-large is-resized\"><img fetchpriority=\"high\" decoding=\"async\" src=\"https:\/\/www.tosunlux.eu\/wp-content\/uploads\/2025\/02\/3-1-1024x495.jpg\" alt=\"\" class=\"wp-image-12566\" width=\"768\" height=\"371\" srcset=\"https:\/\/www.tosunlux.eu\/wp-content\/uploads\/2025\/02\/3-1-1024x495.jpg 1024w, https:\/\/www.tosunlux.eu\/wp-content\/uploads\/2025\/02\/3-1-300x145.jpg 300w, https:\/\/www.tosunlux.eu\/wp-content\/uploads\/2025\/02\/3-1-768x371.jpg 768w, https:\/\/www.tosunlux.eu\/wp-content\/uploads\/2025\/02\/3-1-1536x742.jpg 1536w, https:\/\/www.tosunlux.eu\/wp-content\/uploads\/2025\/02\/3-1-2048x990.jpg 2048w, https:\/\/www.tosunlux.eu\/wp-content\/uploads\/2025\/02\/3-1-18x9.jpg 18w\" sizes=\"(max-width: 768px) 100vw, 768px\" \/><\/figure>\n\n\n\n<figure class=\"wp-block-image size-large is-resized\"><img decoding=\"async\" src=\"https:\/\/www.tosunlux.eu\/wp-content\/uploads\/2025\/02\/2-5-1024x94.jpg\" alt=\"\" class=\"wp-image-12567\" width=\"768\" height=\"71\" srcset=\"https:\/\/www.tosunlux.eu\/wp-content\/uploads\/2025\/02\/2-5-1024x94.jpg 1024w, https:\/\/www.tosunlux.eu\/wp-content\/uploads\/2025\/02\/2-5-300x28.jpg 300w, https:\/\/www.tosunlux.eu\/wp-content\/uploads\/2025\/02\/2-5-768x71.jpg 768w, https:\/\/www.tosunlux.eu\/wp-content\/uploads\/2025\/02\/2-5-1536x142.jpg 1536w, https:\/\/www.tosunlux.eu\/wp-content\/uploads\/2025\/02\/2-5-18x2.jpg 18w, https:\/\/www.tosunlux.eu\/wp-content\/uploads\/2025\/02\/2-5.jpg 1789w\" sizes=\"(max-width: 768px) 100vw, 768px\" \/><\/figure>\n\n\n\n<p><strong>Aplicativo<\/strong><\/p>\n\n\n\n<ul class=\"wp-block-list\"><li>Inversor de onda senoidal pura<\/li><li>Prioridade de fornecimento program\u00e1vel para PV, bateria ou rede<\/li><li>Alta faixa de tens\u00e3o de entrada PV (55~450VDC)<\/li><li>Carga solar MPPT Max 60A (3,8 kW e 6,2 kW) integrada<\/li><li>Compat\u00edvel com bateria de \u00edons de l\u00edtio<\/li><li>Suporte \u00e0 comunica\u00e7\u00e3o BMS com bateria de l\u00edtio<\/li><li>Design de carga de bateria inteligente para otimizar a vida \u00fatil da bateria<\/li><li>Sobrecarga, alta temperatura, curto-circuito na sa\u00edda do inversor<\/li><li>prote\u00e7\u00e3o de circuito<\/li><li>Fun\u00e7\u00e3o de partida a frio<\/li><li>Ajuste inteligente da velocidade do ventilador<\/li><li>Kit anti-crep\u00fasculo integrado para ambientes hostis (opcional)<\/li><li>Wi-Fi e GPRS dispon\u00edveis para IOS e Android<\/li><\/ul>\n\n\n\n<p><strong>Conex\u00e3o do Sistema Solar<\/strong><\/p>\n\n\n\n<figure class=\"wp-block-image size-large is-resized\"><img decoding=\"async\" src=\"https:\/\/www.tosunlux.eu\/wp-content\/uploads\/2025\/02\/4-1024x356.jpg\" alt=\"\" class=\"wp-image-12568\" width=\"768\" height=\"267\" srcset=\"https:\/\/www.tosunlux.eu\/wp-content\/uploads\/2025\/02\/4-1024x356.jpg 1024w, https:\/\/www.tosunlux.eu\/wp-content\/uploads\/2025\/02\/4-300x104.jpg 300w, https:\/\/www.tosunlux.eu\/wp-content\/uploads\/2025\/02\/4-768x267.jpg 768w, https:\/\/www.tosunlux.eu\/wp-content\/uploads\/2025\/02\/4-1536x534.jpg 1536w, https:\/\/www.tosunlux.eu\/wp-content\/uploads\/2025\/02\/4-18x6.jpg 18w, https:\/\/www.tosunlux.eu\/wp-content\/uploads\/2025\/02\/4.jpg 1896w\" sizes=\"(max-width: 768px) 100vw, 768px\" \/><\/figure>\n\n\n<table style=\"height: 970px;\" width=\"807\">\n<tbody>\n<tr>\n<td width=\"244\">Modelo<\/td>\n<td style=\"text-align: center;\" width=\"236\">TSIF1-1800W<\/td>\n<td style=\"text-align: center;\" width=\"236\">TSIF1-3000W<\/td>\n<\/tr>\n<tr>\n<td width=\"244\">Pot\u00eancia nominal<\/td>\n<td style=\"text-align: center;\" width=\"236\">2200VA\/ 1800W<\/td>\n<td style=\"text-align: center;\" width=\"236\">3200VA\/3000W<\/td>\n<\/tr>\n<tr>\n<td width=\"244\">Est\u00e1gio<\/td>\n<td style=\"text-align: center;\" colspan=\"2\" width=\"473\">Fase \u00fanica<\/td>\n<\/tr>\n<tr>\n<td width=\"244\">Tens\u00e3o<\/td>\n<td style=\"text-align: center;\" colspan=\"2\" width=\"473\">230 VCA<\/td>\n<\/tr>\n<tr>\n<td width=\"244\">Faixa de tens\u00e3o selecion\u00e1vel<\/td>\n<td style=\"text-align: center;\" colspan=\"2\" width=\"473\">170-280VAC (para computadores pessoais)<br>90-280VAC (para eletrodom\u00e9sticos)<\/td>\n<\/tr>\n<tr>\n<td width=\"244\">Faixa de frequ\u00eancia<\/td>\n<td style=\"text-align: center;\" colspan=\"2\" width=\"473\">50Hz\/ 60Hz (detec\u00e7\u00e3o autom\u00e1tica)<\/td>\n<\/tr>\n<tr>\n<td colspan=\"3\" width=\"717\">Sa\u00edda<\/td>\n<\/tr>\n<tr>\n<td width=\"244\">Regula\u00e7\u00e3o de tens\u00e3o CA (modo Batt.)<\/td>\n<td style=\"text-align: center;\" colspan=\"2\" width=\"473\">230 VCA\u00b15%<\/td>\n<\/tr>\n<tr>\n<td width=\"244\">Pot\u00eancia de surto<\/td>\n<td style=\"text-align: center;\" width=\"236\">4400VA<\/td>\n<td style=\"text-align: center;\" width=\"236\">6400VA<\/td>\n<\/tr>\n<tr>\n<td width=\"244\">Tempo de transfer\u00eancia<\/td>\n<td style=\"text-align: center;\" colspan=\"2\" width=\"473\">10 ms (para computadores pessoais)<br>20 ms (para eletrodom\u00e9sticos)<\/td>\n<\/tr>\n<tr>\n<td width=\"244\">forma de onda<\/td>\n<td style=\"text-align: center;\" colspan=\"2\" width=\"473\">Onda senoidal pura<\/td>\n<\/tr>\n<tr>\n<td colspan=\"3\" width=\"717\">Bateria e carregador CA<\/td>\n<\/tr>\n<tr>\n<td width=\"244\">Voltagem da bateria<\/td>\n<td style=\"text-align: center;\" width=\"236\">12 VCC<\/td>\n<td style=\"text-align: center;\" width=\"236\">24 VCC<\/td>\n<\/tr>\n<tr>\n<td width=\"244\">Tens\u00e3o de carga flutuante<\/td>\n<td style=\"text-align: center;\" width=\"236\">13,5 VCC<\/td>\n<td style=\"text-align: center;\" width=\"236\">27 VCC<\/td>\n<\/tr>\n<tr>\n<td width=\"244\">Prote\u00e7\u00e3o contra sobrecarga<\/td>\n<td style=\"text-align: center;\" width=\"236\">15,5 VCC<\/td>\n<td width=\"236\">31 VCC<\/td>\n<\/tr>\n<tr>\n<td width=\"244\">Corrente de carga m\u00e1xima<\/td>\n<td style=\"text-align: center;\" colspan=\"2\" width=\"473\">60A<\/td>\n<\/tr>\n<tr>\n<td colspan=\"3\" width=\"717\">Carregador solar<\/td>\n<\/tr>\n<tr>\n<td width=\"244\">Pot\u00eancia do conjunto MAX.PV<\/td>\n<td style=\"text-align: center;\" width=\"236\">2000 W<\/td>\n<td style=\"text-align: center;\" width=\"236\">3000 W<\/td>\n<\/tr>\n<tr>\n<td width=\"244\">Faixa de tens\u00e3o MPPT<\/td>\n<td style=\"text-align: center;\" colspan=\"2\" width=\"473\">55-450 VCC<\/td>\n<\/tr>\n<tr>\n<td width=\"244\">Tens\u00e3o m\u00e1xima de circuito aberto do conjunto fotovoltaico<\/td>\n<td style=\"text-align: center;\" colspan=\"2\" width=\"473\">450 VCC<\/td>\n<\/tr>\n<tr>\n<td width=\"244\">Corrente m\u00e1xima de carga<\/td>\n<td style=\"text-align: center;\" colspan=\"2\" width=\"473\">80A<\/td>\n<\/tr>\n<tr>\n<td width=\"244\">M\u00e1xima Efici\u00eancia<\/td>\n<td style=\"text-align: center;\" colspan=\"2\" width=\"473\">98%<\/td>\n<\/tr>\n<tr>\n<td colspan=\"3\" width=\"717\">F\u00edsico<\/td>\n<\/tr>\n<tr>\n<td width=\"244\">Dimens\u00e3o.P*L*A (mm)<\/td>\n<td style=\"text-align: center;\" colspan=\"2\" width=\"473\">405*286*98mm<\/td>\n<\/tr>\n<tr>\n<td width=\"244\">Peso l\u00edquido (kgs)<\/td>\n<td style=\"text-align: center;\" width=\"236\">4,5 kg<\/td>\n<td style=\"text-align: center;\" width=\"236\">5,0 kg<\/td>\n<\/tr>\n<tr>\n<td width=\"244\">Interface de comunica\u00e7\u00e3o<\/td>\n<td style=\"text-align: center;\" colspan=\"2\" width=\"473\">RS232\/ RS485 (padr\u00e3o) Wi-Fi (opcional)<\/td>\n<\/tr>\n<tr>\n<td colspan=\"3\" width=\"717\">Ambiente operacional<\/td>\n<\/tr>\n<tr>\n<td width=\"244\">Umidade<\/td>\n<td style=\"text-align: center;\" colspan=\"2\" width=\"473\">5% a 95% Umidade relativa (sem condensa\u00e7\u00e3o)<\/td>\n<\/tr>\n<tr>\n<td width=\"244\">Temperatura de opera\u00e7\u00e3o<\/td>\n<td style=\"text-align: center;\" colspan=\"2\" width=\"473\">-10\u00b0 C a 55\u00b0 C<\/td>\n<\/tr>\n<tr>\n<td width=\"244\">Temperatura de armazenamento<\/td>\n<td style=\"text-align: center;\" colspan=\"2\" width=\"473\">-15\u00b0 C a 60\u00b0 C<\/td>\n<\/tr>\n<\/tbody>\n<\/table>","protected":false},"parent":0,"template":"","product_category":[37,218],"class_list":["post-12564","product","type-product","status-publish","hentry","product_category-new-energy-instruments","product_category-grid-solar-inverter"],"yoast_head":"<!-- This site is optimized with the Yoast SEO plugin v27.5 - https:\/\/yoast.com\/product\/yoast-seo-wordpress\/ -->\n<title>WholesaleOFF Grid Solar Inverter 1800W &amp; 3000W - TOSUNlux Official Site - Electrical Circuit Breaker Manufacturer in China Low Voltage Electrical Supplier | TOSUNlux<\/title>\n<meta name=\"description\" content=\"OFF Grid Solar Inverter 1800W &amp; 3000W Supplier - Wholesale direct from TOSUNlux, a trusted manufacturer since 1994. Get your B2B factory quote on our certified Low Voltage electrical products.\" \/>\n<meta name=\"robots\" content=\"index, follow, max-snippet:-1, max-image-preview:large, max-video-preview:-1\" \/>\n<link rel=\"canonical\" href=\"https:\/\/www.tosunlux.eu\/pt\/products\/off-grid-solar-inverter\/\" \/>\n<meta property=\"og:locale\" content=\"pt_BR\" \/>\n<meta property=\"og:type\" content=\"article\" \/>\n<meta property=\"og:title\" content=\"WholesaleOFF Grid Solar Inverter 1800W &amp; 3000W - TOSUNlux Official Site - Electrical Circuit Breaker Manufacturer in China Low Voltage Electrical Supplier | TOSUNlux\" \/>\n<meta property=\"og:description\" content=\"OFF Grid Solar Inverter 1800W &amp; 3000W Supplier - Wholesale direct from TOSUNlux, a trusted manufacturer since 1994. Get your B2B factory quote on our certified Low Voltage electrical products.\" \/>\n<meta property=\"og:url\" content=\"https:\/\/www.tosunlux.eu\/pt\/products\/off-grid-solar-inverter\/\" \/>\n<meta property=\"og:site_name\" content=\"TOSUNlux Official Site - Electrical Circuit Breaker Manufacturer in China\" \/>\n<meta property=\"article:publisher\" content=\"https:\/\/www.facebook.com\/TOSUNelectric\/\" \/>\n<meta property=\"article:modified_time\" content=\"2025-02-13T07:40:18+00:00\" \/>\n<meta property=\"og:image\" content=\"https:\/\/www.tosunlux.eu\/wp-content\/uploads\/2025\/02\/3-1-1024x495.jpg\" \/>\n<meta name=\"twitter:card\" content=\"summary_large_image\" \/>\n<meta name=\"twitter:label1\" content=\"Est. tempo de leitura\" \/>\n\t<meta name=\"twitter:data1\" content=\"2 minutos\" \/>\n<script type=\"application\/ld+json\" class=\"yoast-schema-graph\">{\"@context\":\"https:\\\/\\\/schema.org\",\"@graph\":[{\"@type\":\"WebPage\",\"@id\":\"https:\\\/\\\/www.tosunlux.eu\\\/nl\\\/products\\\/off-grid-solar-inverter\\\/\",\"url\":\"https:\\\/\\\/www.tosunlux.eu\\\/nl\\\/products\\\/off-grid-solar-inverter\\\/\",\"name\":\"WholesaleOFF Grid Solar Inverter 1800W & 3000W - TOSUNlux Official Site - Electrical Circuit Breaker Manufacturer in China Low Voltage Electrical Supplier | TOSUNlux\",\"isPartOf\":{\"@id\":\"https:\\\/\\\/www.tosunlux.eu\\\/ru\\\/#website\"},\"primaryImageOfPage\":{\"@id\":\"https:\\\/\\\/www.tosunlux.eu\\\/nl\\\/products\\\/off-grid-solar-inverter\\\/#primaryimage\"},\"image\":{\"@id\":\"https:\\\/\\\/www.tosunlux.eu\\\/nl\\\/products\\\/off-grid-solar-inverter\\\/#primaryimage\"},\"thumbnailUrl\":\"https:\\\/\\\/www.tosunlux.eu\\\/wp-content\\\/uploads\\\/2025\\\/02\\\/3-1-1024x495.jpg\",\"datePublished\":\"2025-02-13T07:15:23+00:00\",\"dateModified\":\"2025-02-13T07:40:18+00:00\",\"description\":\"OFF Grid Solar Inverter 1800W & 3000W Supplier - Wholesale direct from TOSUNlux, a trusted manufacturer since 1994. Get your B2B factory quote on our certified Low Voltage electrical products.\",\"breadcrumb\":{\"@id\":\"https:\\\/\\\/www.tosunlux.eu\\\/nl\\\/products\\\/off-grid-solar-inverter\\\/#breadcrumb\"},\"inLanguage\":\"pt-BR\",\"potentialAction\":[{\"@type\":\"ReadAction\",\"target\":[\"https:\\\/\\\/www.tosunlux.eu\\\/nl\\\/products\\\/off-grid-solar-inverter\\\/\"]}]},{\"@type\":\"ImageObject\",\"inLanguage\":\"pt-BR\",\"@id\":\"https:\\\/\\\/www.tosunlux.eu\\\/nl\\\/products\\\/off-grid-solar-inverter\\\/#primaryimage\",\"url\":\"https:\\\/\\\/www.tosunlux.eu\\\/wp-content\\\/uploads\\\/2025\\\/02\\\/3-1-1024x495.jpg\",\"contentUrl\":\"https:\\\/\\\/www.tosunlux.eu\\\/wp-content\\\/uploads\\\/2025\\\/02\\\/3-1-1024x495.jpg\"},{\"@type\":\"BreadcrumbList\",\"@id\":\"https:\\\/\\\/www.tosunlux.eu\\\/nl\\\/products\\\/off-grid-solar-inverter\\\/#breadcrumb\",\"itemListElement\":[{\"@type\":\"ListItem\",\"position\":1,\"name\":\"Home\",\"item\":\"https:\\\/\\\/www.tosunlux.eu\\\/ru\\\/\"},{\"@type\":\"ListItem\",\"position\":2,\"name\":\"Products\",\"item\":\"https:\\\/\\\/www.tosunlux.eu\\\/products\\\/\"},{\"@type\":\"ListItem\",\"position\":3,\"name\":\"OFF Grid Solar Inverter 1800W &#038; 3000W\"}]},{\"@type\":\"WebSite\",\"@id\":\"https:\\\/\\\/www.tosunlux.eu\\\/ru\\\/#website\",\"url\":\"https:\\\/\\\/www.tosunlux.eu\\\/ru\\\/\",\"name\":\"TOSUNlux Official Site - Electrical Circuit Breaker Manufacturer in China\",\"description\":\"Power Distribution System Supplier\",\"publisher\":{\"@id\":\"https:\\\/\\\/www.tosunlux.eu\\\/ru\\\/#organization\"},\"alternateName\":\"TOSUNlux\",\"potentialAction\":[{\"@type\":\"SearchAction\",\"target\":{\"@type\":\"EntryPoint\",\"urlTemplate\":\"https:\\\/\\\/www.tosunlux.eu\\\/ru\\\/?s={search_term_string}\"},\"query-input\":{\"@type\":\"PropertyValueSpecification\",\"valueRequired\":true,\"valueName\":\"search_term_string\"}}],\"inLanguage\":\"pt-BR\"},{\"@type\":\"Organization\",\"@id\":\"https:\\\/\\\/www.tosunlux.eu\\\/ru\\\/#organization\",\"name\":\"TOSUNlux\",\"url\":\"https:\\\/\\\/www.tosunlux.eu\\\/ru\\\/\",\"logo\":{\"@type\":\"ImageObject\",\"inLanguage\":\"pt-BR\",\"@id\":\"https:\\\/\\\/www.tosunlux.eu\\\/ru\\\/#\\\/schema\\\/logo\\\/image\\\/\",\"url\":\"https:\\\/\\\/www.tosunlux.eu\\\/wp-content\\\/uploads\\\/2022\\\/01\\\/LOGOSYSM.71762f1.png\",\"contentUrl\":\"https:\\\/\\\/www.tosunlux.eu\\\/wp-content\\\/uploads\\\/2022\\\/01\\\/LOGOSYSM.71762f1.png\",\"width\":153,\"height\":55,\"caption\":\"TOSUNlux\"},\"image\":{\"@id\":\"https:\\\/\\\/www.tosunlux.eu\\\/ru\\\/#\\\/schema\\\/logo\\\/image\\\/\"},\"sameAs\":[\"https:\\\/\\\/www.facebook.com\\\/TOSUNelectric\\\/\",\"https:\\\/\\\/www.linkedin.com\\\/company\\\/wenzhou-tosun-electric-co.-ltd\\\/\"]}]}<\/script>\n<!-- \/ Yoast SEO plugin. -->","yoast_head_json":{"title":"WholesaleOFF Grid Solar Inverter 1800W & 3000W - TOSUNlux Official Site - Electrical Circuit Breaker Manufacturer in China Low Voltage Electrical Supplier | TOSUNlux","description":"OFF Grid Solar Inverter 1800W & 3000W Supplier - Wholesale direct from TOSUNlux, a trusted manufacturer since 1994. Get your B2B factory quote on our certified Low Voltage electrical products.","robots":{"index":"index","follow":"follow","max-snippet":"max-snippet:-1","max-image-preview":"max-image-preview:large","max-video-preview":"max-video-preview:-1"},"canonical":"https:\/\/www.tosunlux.eu\/pt\/products\/off-grid-solar-inverter\/","og_locale":"pt_BR","og_type":"article","og_title":"WholesaleOFF Grid Solar Inverter 1800W & 3000W - TOSUNlux Official Site - Electrical Circuit Breaker Manufacturer in China Low Voltage Electrical Supplier | TOSUNlux","og_description":"OFF Grid Solar Inverter 1800W & 3000W Supplier - Wholesale direct from TOSUNlux, a trusted manufacturer since 1994. Get your B2B factory quote on our certified Low Voltage electrical products.","og_url":"https:\/\/www.tosunlux.eu\/pt\/products\/off-grid-solar-inverter\/","og_site_name":"TOSUNlux Official Site - Electrical Circuit Breaker Manufacturer in China","article_publisher":"https:\/\/www.facebook.com\/TOSUNelectric\/","article_modified_time":"2025-02-13T07:40:18+00:00","og_image":[{"url":"https:\/\/www.tosunlux.eu\/wp-content\/uploads\/2025\/02\/3-1-1024x495.jpg","type":"","width":"","height":""}],"twitter_card":"summary_large_image","twitter_misc":{"Est. tempo de leitura":"2 minutos"},"schema":{"@context":"https:\/\/schema.org","@graph":[{"@type":"WebPage","@id":"https:\/\/www.tosunlux.eu\/nl\/products\/off-grid-solar-inverter\/","url":"https:\/\/www.tosunlux.eu\/nl\/products\/off-grid-solar-inverter\/","name":"WholesaleOFF Grid Solar Inverter 1800W & 3000W - TOSUNlux Official Site - Electrical Circuit Breaker Manufacturer in China Low Voltage Electrical Supplier | TOSUNlux","isPartOf":{"@id":"https:\/\/www.tosunlux.eu\/ru\/#website"},"primaryImageOfPage":{"@id":"https:\/\/www.tosunlux.eu\/nl\/products\/off-grid-solar-inverter\/#primaryimage"},"image":{"@id":"https:\/\/www.tosunlux.eu\/nl\/products\/off-grid-solar-inverter\/#primaryimage"},"thumbnailUrl":"https:\/\/www.tosunlux.eu\/wp-content\/uploads\/2025\/02\/3-1-1024x495.jpg","datePublished":"2025-02-13T07:15:23+00:00","dateModified":"2025-02-13T07:40:18+00:00","description":"OFF Grid Solar Inverter 1800W & 3000W Supplier - Wholesale direct from TOSUNlux, a trusted manufacturer since 1994. Get your B2B factory quote on our certified Low Voltage electrical products.","breadcrumb":{"@id":"https:\/\/www.tosunlux.eu\/nl\/products\/off-grid-solar-inverter\/#breadcrumb"},"inLanguage":"pt-BR","potentialAction":[{"@type":"ReadAction","target":["https:\/\/www.tosunlux.eu\/nl\/products\/off-grid-solar-inverter\/"]}]},{"@type":"ImageObject","inLanguage":"pt-BR","@id":"https:\/\/www.tosunlux.eu\/nl\/products\/off-grid-solar-inverter\/#primaryimage","url":"https:\/\/www.tosunlux.eu\/wp-content\/uploads\/2025\/02\/3-1-1024x495.jpg","contentUrl":"https:\/\/www.tosunlux.eu\/wp-content\/uploads\/2025\/02\/3-1-1024x495.jpg"},{"@type":"BreadcrumbList","@id":"https:\/\/www.tosunlux.eu\/nl\/products\/off-grid-solar-inverter\/#breadcrumb","itemListElement":[{"@type":"ListItem","position":1,"name":"Home","item":"https:\/\/www.tosunlux.eu\/ru\/"},{"@type":"ListItem","position":2,"name":"Products","item":"https:\/\/www.tosunlux.eu\/products\/"},{"@type":"ListItem","position":3,"name":"OFF Grid Solar Inverter 1800W &#038; 3000W"}]},{"@type":"WebSite","@id":"https:\/\/www.tosunlux.eu\/ru\/#website","url":"https:\/\/www.tosunlux.eu\/ru\/","name":"Site Oficial TOSUNlux - Fabricante de Disjuntores El\u00e9tricos na China","description":"Fornecedor de sistema de distribui\u00e7\u00e3o de energia","publisher":{"@id":"https:\/\/www.tosunlux.eu\/ru\/#organization"},"alternateName":"TOSUNlux","potentialAction":[{"@type":"SearchAction","target":{"@type":"EntryPoint","urlTemplate":"https:\/\/www.tosunlux.eu\/ru\/?s={search_term_string}"},"query-input":{"@type":"PropertyValueSpecification","valueRequired":true,"valueName":"search_term_string"}}],"inLanguage":"pt-BR"},{"@type":"Organization","@id":"https:\/\/www.tosunlux.eu\/ru\/#organization","name":"TOSUNlux","url":"https:\/\/www.tosunlux.eu\/ru\/","logo":{"@type":"ImageObject","inLanguage":"pt-BR","@id":"https:\/\/www.tosunlux.eu\/ru\/#\/schema\/logo\/image\/","url":"https:\/\/www.tosunlux.eu\/wp-content\/uploads\/2022\/01\/LOGOSYSM.71762f1.png","contentUrl":"https:\/\/www.tosunlux.eu\/wp-content\/uploads\/2022\/01\/LOGOSYSM.71762f1.png","width":153,"height":55,"caption":"TOSUNlux"},"image":{"@id":"https:\/\/www.tosunlux.eu\/ru\/#\/schema\/logo\/image\/"},"sameAs":["https:\/\/www.facebook.com\/TOSUNelectric\/","https:\/\/www.linkedin.com\/company\/wenzhou-tosun-electric-co.-ltd\/"]}]}},"_links":{"self":[{"href":"https:\/\/www.tosunlux.eu\/pt\/wp-json\/wp\/v2\/product\/12564","targetHints":{"allow":["GET"]}}],"collection":[{"href":"https:\/\/www.tosunlux.eu\/pt\/wp-json\/wp\/v2\/product"}],"about":[{"href":"https:\/\/www.tosunlux.eu\/pt\/wp-json\/wp\/v2\/types\/product"}],"version-history":[{"count":2,"href":"https:\/\/www.tosunlux.eu\/pt\/wp-json\/wp\/v2\/product\/12564\/revisions"}],"predecessor-version":[{"id":12582,"href":"https:\/\/www.tosunlux.eu\/pt\/wp-json\/wp\/v2\/product\/12564\/revisions\/12582"}],"wp:attachment":[{"href":"https:\/\/www.tosunlux.eu\/pt\/wp-json\/wp\/v2\/media?parent=12564"}],"wp:term":[{"taxonomy":"product_category","embeddable":true,"href":"https:\/\/www.tosunlux.eu\/pt\/wp-json\/wp\/v2\/product_category?post=12564"}],"curies":[{"name":"wp","href":"https:\/\/api.w.org\/{rel}","templated":true}]}}