{"id":1854,"date":"2022-04-25T13:48:58","date_gmt":"2022-04-25T05:48:58","guid":{"rendered":"https:\/\/www.tosunlux.eu\/?post_type=product&#038;p=1854"},"modified":"2022-04-25T13:48:59","modified_gmt":"2022-04-25T05:48:59","slug":"voltage-regulator-tdgc2-tsgc2","status":"publish","type":"product","link":"https:\/\/www.tosunlux.eu\/pt\/products\/voltage-regulator-tdgc2-tsgc2\/","title":{"rendered":"Regulador de Tens\u00e3o TDGC2\/TSGC2"},"content":{"rendered":"<p>Aplicativo<\/p>\n\n\n\n<p>O produto \u00e9 um autotransformador especial que \u00e9 conectado de diferentes formas. Sua tens\u00e3o de sa\u00edda pode ser regulada suave e continuamente de zero ao valor m\u00e1ximo. Todos os modelos encontram aplica\u00e7\u00f5es populares em ind\u00fastrias, agricultura e pesquisas cient\u00edficas e s\u00e3o particularmente adequados para servir como instala\u00e7\u00f5es auxiliares para equipamentos como v\u00e1rias m\u00e1quinas-ferramentas, tra\u00e7adores de curvas de transistores, aparelhos de proje\u00e7\u00e3o de TV e instrumentos anal\u00edticos na ind\u00fastria de petr\u00f3leo, etc.<\/p>\n\n\n\n<p><\/p>\n\n\n\n<p>Especifica\u00e7\u00e3o<\/p>\n\n\n<table style=\"border-collapse: collapse; width: 522.77pt;\" border=\"0\" width=\"697\" cellspacing=\"0\" cellpadding=\"0\">\n<tbody>\n<tr style=\"height: 28.50pt;\">\n<td class=\"et3\" style=\"height: 28.50pt; width: 101.25pt;\" width=\"135\" height=\"38\">Modelo<\/td>\n<td class=\"et3\" style=\"width: 48.75pt;\" width=\"65\">Est\u00e1gio<\/td>\n<td class=\"et3\" style=\"width: 87.00pt;\" width=\"116\">Frequ\u00eancia (Hz)<\/td>\n<td class=\"et4\" style=\"width: 77.25pt;\" width=\"103\">Tens\u00e3o de entrada (V)<\/td>\n<td class=\"et4\" style=\"width: 77.25pt;\" width=\"103\">Tens\u00e3o de sa\u00edda (V)<\/td>\n<td class=\"et4\" style=\"width: 77.25pt;\" width=\"103\">Corrente de sa\u00edda m\u00e1x. (A)<\/td>\n<td class=\"et3\" style=\"width: 54.00pt;\" width=\"72\">Forma<\/td>\n<\/tr>\n<tr style=\"height: 16.50pt;\">\n<td class=\"et3\" style=\"height: 16.50pt;\" height=\"22\">TDGC<span class=\"font2\">2<\/span><span class=\"font1\">-0,2KVA<\/span><\/td>\n<td class=\"et3\" rowspan=\"11\">1<\/td>\n<td class=\"et3\" rowspan=\"11\">50\/60<\/td>\n<td class=\"et3\" rowspan=\"11\">110\/220<\/td>\n<td class=\"et3\" rowspan=\"11\">0-250<\/td>\n<td class=\"et3\">0.8<\/td>\n<td class=\"et3\" rowspan=\"5\">Redondo<\/td>\n<\/tr>\n<tr style=\"height: 18.75pt;\">\n<td class=\"et3\" style=\"height: 18.75pt;\" height=\"25\">TDGC<span class=\"font2\">2<\/span><span class=\"font1\">-0,25KVA<\/span><\/td>\n<td class=\"et3\">1<\/td>\n<\/tr>\n<tr style=\"height: 14.25pt;\">\n<td class=\"et3\" style=\"height: 14.25pt;\" height=\"19\">TDGC2-0,5KVA<\/td>\n<td class=\"et3\">2<\/td>\n<\/tr>\n<tr style=\"height: 14.25pt;\">\n<td class=\"et3\" style=\"height: 14.25pt;\" height=\"19\">TDGC2-1KVA<\/td>\n<td class=\"et3\">4<\/td>\n<\/tr>\n<tr style=\"height: 14.25pt;\">\n<td class=\"et3\" style=\"height: 14.25pt;\" height=\"19\">TDGC2-2KVA<\/td>\n<td class=\"et3\">8<\/td>\n<\/tr>\n<tr style=\"height: 14.25pt;\">\n<td class=\"et3\" style=\"height: 14.25pt;\" height=\"19\">TDGC2-3KVA<\/td>\n<td class=\"et3\">12<\/td>\n<td class=\"et3\">Hex\u00e1gono<\/td>\n<\/tr>\n<tr style=\"height: 14.25pt;\">\n<td class=\"et3\" style=\"height: 14.25pt;\" height=\"19\">TDGC2-5KVA<\/td>\n<td class=\"et3\">20<\/td>\n<td class=\"et3\">Redondo<\/td>\n<\/tr>\n<tr style=\"height: 16.50pt;\">\n<td class=\"et3\" style=\"height: 16.50pt;\" height=\"22\">TDGC2-10KVA<\/td>\n<td class=\"et3\">40<\/td>\n<td class=\"et3\" rowspan=\"4\">Oct\u00f3gono<\/td>\n<\/tr>\n<tr style=\"height: 14.25pt;\">\n<td class=\"et3\" style=\"height: 14.25pt;\" height=\"19\">TDGC2-15KVA<\/td>\n<td class=\"et3\">60<\/td>\n<\/tr>\n<tr style=\"height: 14.25pt;\">\n<td class=\"et3\" style=\"height: 14.25pt;\" height=\"19\">TDGC2-20KVA<\/td>\n<td class=\"et3\">80<\/td>\n<\/tr>\n<tr style=\"height: 14.25pt;\">\n<td class=\"et3\" style=\"height: 14.25pt;\" height=\"19\">TDGC2-30KVA<\/td>\n<td class=\"et3\">120<\/td>\n<\/tr>\n<tr style=\"height: 16.50pt;\">\n<td class=\"et3\" style=\"height: 16.50pt;\" height=\"22\">TSGC2-3KVA<\/td>\n<td class=\"et3\" rowspan=\"6\">3<\/td>\n<td class=\"et3\" rowspan=\"6\">50-60<\/td>\n<td class=\"et3\" rowspan=\"6\">220\/380<\/td>\n<td class=\"et3\" rowspan=\"6\">0-430<\/td>\n<td class=\"et3\">4<\/td>\n<td class=\"et3\" rowspan=\"3\">Hex\u00e1gono<\/td>\n<\/tr>\n<tr style=\"height: 14.25pt;\">\n<td class=\"et3\" style=\"height: 14.25pt;\" height=\"19\">TSGC2-6KVA<\/td>\n<td class=\"et3\">8<\/td>\n<\/tr>\n<tr style=\"height: 14.25pt;\">\n<td class=\"et3\" style=\"height: 14.25pt;\" height=\"19\">TSGC2-9KVA<\/td>\n<td class=\"et3\">12<\/td>\n<\/tr>\n<tr style=\"height: 16.50pt;\">\n<td class=\"et3\" style=\"height: 16.50pt;\" height=\"22\">TSGC2-15KVA<\/td>\n<td class=\"et3\">20<\/td>\n<td class=\"et3\" rowspan=\"3\">Oct\u00f3gono<\/td>\n<\/tr>\n<tr style=\"height: 14.25pt;\">\n<td class=\"et3\" style=\"height: 14.25pt;\" height=\"19\">TSGC2-20KVA<\/td>\n<td class=\"et3\">26<\/td>\n<\/tr>\n<tr style=\"height: 14.25pt;\">\n<td class=\"et3\" style=\"height: 14.25pt;\" height=\"19\">TSGC2-30KVA<\/td>\n<td class=\"et3\">40<\/td>\n<\/tr>\n<\/tbody>\n<\/table>","protected":false},"parent":0,"template":"","product_category":[75,122],"class_list":["post-1854","product","type-product","status-publish","hentry","product_category-instruments","product_category-voltage-stabilizer-regulator"],"yoast_head":"<!-- This site is optimized with the Yoast SEO plugin v27.4 - https:\/\/yoast.com\/product\/yoast-seo-wordpress\/ -->\n<title>WholesaleVoltage Regulator TDGC2\/TSGC2 - TOSUNlux Official Site - Electrical Circuit Breaker Manufacturer in China Low Voltage Electrical Supplier | TOSUNlux<\/title>\n<meta name=\"description\" content=\"Voltage Regulator TDGC2\/TSGC2 Supplier - Wholesale direct from TOSUNlux, a trusted manufacturer since 1994. Get your B2B factory quote on our certified Low Voltage electrical products.\" \/>\n<meta name=\"robots\" content=\"index, follow, max-snippet:-1, max-image-preview:large, max-video-preview:-1\" \/>\n<link rel=\"canonical\" href=\"https:\/\/www.tosunlux.eu\/pt\/products\/voltage-regulator-tdgc2-tsgc2\/\" \/>\n<meta property=\"og:locale\" content=\"pt_BR\" \/>\n<meta property=\"og:type\" content=\"article\" \/>\n<meta property=\"og:title\" content=\"WholesaleVoltage Regulator TDGC2\/TSGC2 - TOSUNlux Official Site - Electrical Circuit Breaker Manufacturer in China Low Voltage Electrical Supplier | TOSUNlux\" \/>\n<meta property=\"og:description\" content=\"Voltage Regulator TDGC2\/TSGC2 Supplier - Wholesale direct from TOSUNlux, a trusted manufacturer since 1994. Get your B2B factory quote on our certified Low Voltage electrical products.\" \/>\n<meta property=\"og:url\" content=\"https:\/\/www.tosunlux.eu\/pt\/products\/voltage-regulator-tdgc2-tsgc2\/\" \/>\n<meta property=\"og:site_name\" content=\"TOSUNlux Official Site - Electrical Circuit Breaker Manufacturer in China\" \/>\n<meta property=\"article:publisher\" content=\"https:\/\/www.facebook.com\/TOSUNelectric\/\" \/>\n<meta property=\"article:modified_time\" content=\"2022-04-25T05:48:59+00:00\" \/>\n<meta property=\"og:image\" content=\"https:\/\/www.tosunlux.eu\/wp-content\/uploads\/2023\/04\/DSC08160_\u526f\u672c.jpg\" \/>\n\t<meta property=\"og:image:width\" content=\"1500\" \/>\n\t<meta property=\"og:image:height\" content=\"940\" \/>\n\t<meta property=\"og:image:type\" content=\"image\/jpeg\" \/>\n<meta name=\"twitter:card\" content=\"summary_large_image\" \/>\n<meta name=\"twitter:label1\" content=\"Est. tempo de leitura\" \/>\n\t<meta name=\"twitter:data1\" content=\"1 minuto\" \/>\n<script type=\"application\/ld+json\" class=\"yoast-schema-graph\">{\"@context\":\"https:\\\/\\\/schema.org\",\"@graph\":[{\"@type\":\"WebPage\",\"@id\":\"https:\\\/\\\/www.tosunlux.eu\\\/am\\\/products\\\/voltage-regulator-tdgc2-tsgc2\\\/\",\"url\":\"https:\\\/\\\/www.tosunlux.eu\\\/am\\\/products\\\/voltage-regulator-tdgc2-tsgc2\\\/\",\"name\":\"WholesaleVoltage Regulator TDGC2\\\/TSGC2 - TOSUNlux Official Site - Electrical Circuit Breaker Manufacturer in China Low Voltage Electrical Supplier | TOSUNlux\",\"isPartOf\":{\"@id\":\"https:\\\/\\\/www.tosunlux.eu\\\/ru\\\/#website\"},\"datePublished\":\"2022-04-25T05:48:58+00:00\",\"dateModified\":\"2022-04-25T05:48:59+00:00\",\"description\":\"Voltage Regulator TDGC2\\\/TSGC2 Supplier - Wholesale direct from TOSUNlux, a trusted manufacturer since 1994. Get your B2B factory quote on our certified Low Voltage electrical products.\",\"breadcrumb\":{\"@id\":\"https:\\\/\\\/www.tosunlux.eu\\\/am\\\/products\\\/voltage-regulator-tdgc2-tsgc2\\\/#breadcrumb\"},\"inLanguage\":\"pt-BR\",\"potentialAction\":[{\"@type\":\"ReadAction\",\"target\":[\"https:\\\/\\\/www.tosunlux.eu\\\/am\\\/products\\\/voltage-regulator-tdgc2-tsgc2\\\/\"]}]},{\"@type\":\"BreadcrumbList\",\"@id\":\"https:\\\/\\\/www.tosunlux.eu\\\/am\\\/products\\\/voltage-regulator-tdgc2-tsgc2\\\/#breadcrumb\",\"itemListElement\":[{\"@type\":\"ListItem\",\"position\":1,\"name\":\"Home\",\"item\":\"https:\\\/\\\/www.tosunlux.eu\\\/ru\\\/\"},{\"@type\":\"ListItem\",\"position\":2,\"name\":\"Products\",\"item\":\"https:\\\/\\\/www.tosunlux.eu\\\/products\\\/\"},{\"@type\":\"ListItem\",\"position\":3,\"name\":\"Voltage Regulator TDGC2\\\/TSGC2\"}]},{\"@type\":\"WebSite\",\"@id\":\"https:\\\/\\\/www.tosunlux.eu\\\/ru\\\/#website\",\"url\":\"https:\\\/\\\/www.tosunlux.eu\\\/ru\\\/\",\"name\":\"TOSUNlux Official Site - Electrical Circuit Breaker Manufacturer in China\",\"description\":\"Power Distribution System Supplier\",\"publisher\":{\"@id\":\"https:\\\/\\\/www.tosunlux.eu\\\/ru\\\/#organization\"},\"alternateName\":\"TOSUNlux\",\"potentialAction\":[{\"@type\":\"SearchAction\",\"target\":{\"@type\":\"EntryPoint\",\"urlTemplate\":\"https:\\\/\\\/www.tosunlux.eu\\\/ru\\\/?s={search_term_string}\"},\"query-input\":{\"@type\":\"PropertyValueSpecification\",\"valueRequired\":true,\"valueName\":\"search_term_string\"}}],\"inLanguage\":\"pt-BR\"},{\"@type\":\"Organization\",\"@id\":\"https:\\\/\\\/www.tosunlux.eu\\\/ru\\\/#organization\",\"name\":\"TOSUNlux\",\"url\":\"https:\\\/\\\/www.tosunlux.eu\\\/ru\\\/\",\"logo\":{\"@type\":\"ImageObject\",\"inLanguage\":\"pt-BR\",\"@id\":\"https:\\\/\\\/www.tosunlux.eu\\\/ru\\\/#\\\/schema\\\/logo\\\/image\\\/\",\"url\":\"https:\\\/\\\/www.tosunlux.eu\\\/wp-content\\\/uploads\\\/2022\\\/01\\\/LOGOSYSM.71762f1.png\",\"contentUrl\":\"https:\\\/\\\/www.tosunlux.eu\\\/wp-content\\\/uploads\\\/2022\\\/01\\\/LOGOSYSM.71762f1.png\",\"width\":153,\"height\":55,\"caption\":\"TOSUNlux\"},\"image\":{\"@id\":\"https:\\\/\\\/www.tosunlux.eu\\\/ru\\\/#\\\/schema\\\/logo\\\/image\\\/\"},\"sameAs\":[\"https:\\\/\\\/www.facebook.com\\\/TOSUNelectric\\\/\",\"https:\\\/\\\/www.linkedin.com\\\/company\\\/wenzhou-tosun-electric-co.-ltd\\\/\"]}]}<\/script>\n<!-- \/ Yoast SEO plugin. -->","yoast_head_json":{"title":"Regulador de Tens\u00e3o TDGC2\/TSGC2 - Site Oficial da TOSUNlux - Fabricante de Disjuntores El\u00e9tricos na China - Fornecedor de Eletricidade de Baixa Tens\u00e3o | TOSUNlux","description":"Fornecedor de regulador de tens\u00e3o TDGC2\/TSGC2 - Venda por atacado diretamente da TOSUNlux, um fabricante confi\u00e1vel desde 1994. Obtenha seu or\u00e7amento de f\u00e1brica B2B para nossos produtos el\u00e9tricos de baixa tens\u00e3o certificados.","robots":{"index":"index","follow":"follow","max-snippet":"max-snippet:-1","max-image-preview":"max-image-preview:large","max-video-preview":"max-video-preview:-1"},"canonical":"https:\/\/www.tosunlux.eu\/pt\/products\/voltage-regulator-tdgc2-tsgc2\/","og_locale":"pt_BR","og_type":"article","og_title":"WholesaleVoltage Regulator TDGC2\/TSGC2 - TOSUNlux Official Site - Electrical Circuit Breaker Manufacturer in China Low Voltage Electrical Supplier | TOSUNlux","og_description":"Voltage Regulator TDGC2\/TSGC2 Supplier - Wholesale direct from TOSUNlux, a trusted manufacturer since 1994. Get your B2B factory quote on our certified Low Voltage electrical products.","og_url":"https:\/\/www.tosunlux.eu\/pt\/products\/voltage-regulator-tdgc2-tsgc2\/","og_site_name":"TOSUNlux Official Site - Electrical Circuit Breaker Manufacturer in China","article_publisher":"https:\/\/www.facebook.com\/TOSUNelectric\/","article_modified_time":"2022-04-25T05:48:59+00:00","og_image":[{"width":1500,"height":940,"url":"https:\/\/www.tosunlux.eu\/wp-content\/uploads\/2023\/04\/DSC08160_\u526f\u672c.jpg","type":"image\/jpeg"}],"twitter_card":"summary_large_image","twitter_misc":{"Est. tempo de leitura":"1 minuto"},"schema":{"@context":"https:\/\/schema.org","@graph":[{"@type":"WebPage","@id":"https:\/\/www.tosunlux.eu\/am\/products\/voltage-regulator-tdgc2-tsgc2\/","url":"https:\/\/www.tosunlux.eu\/am\/products\/voltage-regulator-tdgc2-tsgc2\/","name":"Regulador de Tens\u00e3o TDGC2\/TSGC2 - Site Oficial da TOSUNlux - Fabricante de Disjuntores El\u00e9tricos na China - Fornecedor de Eletricidade de Baixa Tens\u00e3o | TOSUNlux","isPartOf":{"@id":"https:\/\/www.tosunlux.eu\/ru\/#website"},"datePublished":"2022-04-25T05:48:58+00:00","dateModified":"2022-04-25T05:48:59+00:00","description":"Fornecedor de regulador de tens\u00e3o TDGC2\/TSGC2 - Venda por atacado diretamente da TOSUNlux, um fabricante confi\u00e1vel desde 1994. Obtenha seu or\u00e7amento de f\u00e1brica B2B para nossos produtos el\u00e9tricos de baixa tens\u00e3o certificados.","breadcrumb":{"@id":"https:\/\/www.tosunlux.eu\/am\/products\/voltage-regulator-tdgc2-tsgc2\/#breadcrumb"},"inLanguage":"pt-BR","potentialAction":[{"@type":"ReadAction","target":["https:\/\/www.tosunlux.eu\/am\/products\/voltage-regulator-tdgc2-tsgc2\/"]}]},{"@type":"BreadcrumbList","@id":"https:\/\/www.tosunlux.eu\/am\/products\/voltage-regulator-tdgc2-tsgc2\/#breadcrumb","itemListElement":[{"@type":"ListItem","position":1,"name":"Home","item":"https:\/\/www.tosunlux.eu\/ru\/"},{"@type":"ListItem","position":2,"name":"Products","item":"https:\/\/www.tosunlux.eu\/products\/"},{"@type":"ListItem","position":3,"name":"Voltage Regulator TDGC2\/TSGC2"}]},{"@type":"WebSite","@id":"https:\/\/www.tosunlux.eu\/ru\/#website","url":"https:\/\/www.tosunlux.eu\/ru\/","name":"Site Oficial TOSUNlux - Fabricante de Disjuntores El\u00e9tricos na China","description":"Fornecedor de sistema de distribui\u00e7\u00e3o de energia","publisher":{"@id":"https:\/\/www.tosunlux.eu\/ru\/#organization"},"alternateName":"TOSUNlux","potentialAction":[{"@type":"SearchAction","target":{"@type":"EntryPoint","urlTemplate":"https:\/\/www.tosunlux.eu\/ru\/?s={search_term_string}"},"query-input":{"@type":"PropertyValueSpecification","valueRequired":true,"valueName":"search_term_string"}}],"inLanguage":"pt-BR"},{"@type":"Organization","@id":"https:\/\/www.tosunlux.eu\/ru\/#organization","name":"TOSUNlux","url":"https:\/\/www.tosunlux.eu\/ru\/","logo":{"@type":"ImageObject","inLanguage":"pt-BR","@id":"https:\/\/www.tosunlux.eu\/ru\/#\/schema\/logo\/image\/","url":"https:\/\/www.tosunlux.eu\/wp-content\/uploads\/2022\/01\/LOGOSYSM.71762f1.png","contentUrl":"https:\/\/www.tosunlux.eu\/wp-content\/uploads\/2022\/01\/LOGOSYSM.71762f1.png","width":153,"height":55,"caption":"TOSUNlux"},"image":{"@id":"https:\/\/www.tosunlux.eu\/ru\/#\/schema\/logo\/image\/"},"sameAs":["https:\/\/www.facebook.com\/TOSUNelectric\/","https:\/\/www.linkedin.com\/company\/wenzhou-tosun-electric-co.-ltd\/"]}]}},"_links":{"self":[{"href":"https:\/\/www.tosunlux.eu\/pt\/wp-json\/wp\/v2\/product\/1854","targetHints":{"allow":["GET"]}}],"collection":[{"href":"https:\/\/www.tosunlux.eu\/pt\/wp-json\/wp\/v2\/product"}],"about":[{"href":"https:\/\/www.tosunlux.eu\/pt\/wp-json\/wp\/v2\/types\/product"}],"version-history":[{"count":0,"href":"https:\/\/www.tosunlux.eu\/pt\/wp-json\/wp\/v2\/product\/1854\/revisions"}],"wp:attachment":[{"href":"https:\/\/www.tosunlux.eu\/pt\/wp-json\/wp\/v2\/media?parent=1854"}],"wp:term":[{"taxonomy":"product_category","embeddable":true,"href":"https:\/\/www.tosunlux.eu\/pt\/wp-json\/wp\/v2\/product_category?post=1854"}],"curies":[{"name":"wp","href":"https:\/\/api.w.org\/{rel}","templated":true}]}}