{"id":1905,"date":"2022-04-25T15:27:32","date_gmt":"2022-04-25T07:27:32","guid":{"rendered":"https:\/\/www.tosunlux.eu\/?post_type=product&#038;p=1905"},"modified":"2022-04-25T15:28:08","modified_gmt":"2022-04-25T07:28:08","slug":"pushbutton-switch-pb2-bp31","status":"publish","type":"product","link":"https:\/\/www.tosunlux.eu\/pt\/products\/pushbutton-switch-pb2-bp31\/","title":{"rendered":"Interruptor de bot\u00e3o PB2-BP31"},"content":{"rendered":"<p>Cabe\u00e7a circular, com bisel de metal cromado<br>Unidades completas com conex\u00f5es de parafuso e grampo de cabo cativo<\/p>\n\n\n<table style=\"border-collapse: collapse; width: 316.52pt;\" border=\"0\" width=\"422\" cellspacing=\"0\" cellpadding=\"0\">\n<tbody>\n<tr style=\"height: 13.50pt;\">\n<td class=\"et2\" style=\"height: 13.50pt; width: 317.00pt; border-right: .5pt solid #000000;\" colspan=\"5\" width=\"422\" height=\"18\">Bot\u00f5es de press\u00e3o, 22mm<\/td>\n<\/tr>\n<tr style=\"height: 13.50pt;\">\n<td class=\"et5\" style=\"height: 13.50pt; width: 81.85pt;\" width=\"109\" height=\"18\">Descri\u00e7\u00e3o<\/td>\n<td class=\"et5\" style=\"width: 54.00pt;\" width=\"72\">Contato<\/td>\n<td class=\"et5\" style=\"width: 54.00pt;\" width=\"72\">O circuito<\/td>\n<td class=\"et5\" style=\"width: 54.00pt;\" width=\"72\">Cor<\/td>\n<td class=\"et5\" style=\"width: 73.15pt;\" width=\"97\">Modelo<\/td>\n<\/tr>\n<tr style=\"height: 13.50pt;\">\n<td class=\"et6\" style=\"height: 104.00pt; width: 81.85pt; border-bottom: .5pt solid #000000;\" rowspan=\"7\" width=\"109\" height=\"138\">Bot\u00e3o de descarga<br \/>Retorno de primavera<br \/>Com tampa \u00e0 prova de \u00e1gua<br \/>IP65<\/td>\n<td class=\"et6\" style=\"width: 54.00pt;\" rowspan=\"5\" width=\"72\">N\u00c3O<\/td>\n<td class=\"et6\" style=\"width: 54.00pt;\" rowspan=\"5\" width=\"72\"><img decoding=\"async\" class=\"alignnone  wp-image-1902\" src=\"https:\/\/www.tosunlux.eu\/wp-content\/uploads\/2022\/04\/35-35-300x240.jpg\" alt=\"\" width=\"53\" height=\"42\" srcset=\"https:\/\/www.tosunlux.eu\/wp-content\/uploads\/2022\/04\/35-35-300x240.jpg 300w, https:\/\/www.tosunlux.eu\/wp-content\/uploads\/2022\/04\/35-35-1024x820.jpg 1024w, https:\/\/www.tosunlux.eu\/wp-content\/uploads\/2022\/04\/35-35-768x615.jpg 768w, https:\/\/www.tosunlux.eu\/wp-content\/uploads\/2022\/04\/35-35-1536x1231.jpg 1536w, https:\/\/www.tosunlux.eu\/wp-content\/uploads\/2022\/04\/35-35.jpg 1600w\" sizes=\"(max-width: 53px) 100vw, 53px\" \/><\/td>\n<td class=\"et5\" style=\"width: 54.00pt;\" width=\"72\">branco<\/td>\n<td class=\"et5\" style=\"width: 73.15pt;\" width=\"97\">PB2-BP11<\/td>\n<\/tr>\n<tr style=\"height: 13.50pt;\">\n<td class=\"et5\" style=\"width: 54.00pt;\" width=\"72\">preto<\/td>\n<td class=\"et5\" style=\"width: 73.15pt;\" width=\"97\">PB2-BP21<\/td>\n<\/tr>\n<tr style=\"height: 13.50pt;\">\n<td class=\"et5\" style=\"width: 54.00pt;\" width=\"72\">verde<\/td>\n<td class=\"et5\" style=\"width: 73.15pt;\" width=\"97\">PB2-BP31<\/td>\n<\/tr>\n<tr style=\"height: 13.50pt;\">\n<td class=\"et5\" style=\"width: 54.00pt;\" width=\"72\">amarelo<\/td>\n<td class=\"et5\" style=\"width: 73.15pt;\" width=\"97\">PB2-BP51<\/td>\n<\/tr>\n<tr style=\"height: 13.50pt;\">\n<td class=\"et5\" style=\"width: 54.00pt;\" width=\"72\">azul<\/td>\n<td class=\"et5\" style=\"width: 73.15pt;\" width=\"97\">PB2-BP61<\/td>\n<\/tr>\n<tr style=\"height: 13.50pt;\">\n<td class=\"et6\" style=\"width: 54.00pt; border-bottom: .5pt solid #000000;\" rowspan=\"2\" width=\"72\">N\/C<\/td>\n<td class=\"et6\" style=\"width: 54.00pt; border-bottom: .5pt solid #000000;\" rowspan=\"2\" width=\"72\"><img decoding=\"async\" class=\"alignnone  wp-image-1896\" src=\"https:\/\/www.tosunlux.eu\/wp-content\/uploads\/2022\/04\/35-44-300x157.jpg\" alt=\"\" width=\"53\" height=\"27\" srcset=\"https:\/\/www.tosunlux.eu\/wp-content\/uploads\/2022\/04\/35-44-300x157.jpg 300w, https:\/\/www.tosunlux.eu\/wp-content\/uploads\/2022\/04\/35-44-1024x535.jpg 1024w, https:\/\/www.tosunlux.eu\/wp-content\/uploads\/2022\/04\/35-44-768x401.jpg 768w, https:\/\/www.tosunlux.eu\/wp-content\/uploads\/2022\/04\/35-44-1536x802.jpg 1536w, https:\/\/www.tosunlux.eu\/wp-content\/uploads\/2022\/04\/35-44.jpg 1599w\" sizes=\"(max-width: 53px) 100vw, 53px\" \/><\/td>\n<td class=\"et6\" style=\"width: 54.00pt; border-bottom: .5pt solid #000000;\" rowspan=\"2\" width=\"72\">vermelho<\/td>\n<td class=\"et6\" style=\"width: 73.15pt; border-bottom: .5pt solid #000000;\" rowspan=\"2\" width=\"97\">PB2-BP42<\/td>\n<\/tr>\n<\/tbody>\n<\/table>","protected":false},"parent":0,"template":"","product_category":[35,94],"class_list":["post-1905","product","type-product","status-publish","hentry","product_category-industrial-control-devices","product_category-pushbutton-switch"],"yoast_head":"<!-- This site is optimized with the Yoast SEO plugin v27.3 - https:\/\/yoast.com\/product\/yoast-seo-wordpress\/ -->\n<title>WholesalePushbutton Switch PB2-BP31 - TOSUNlux Official Site - Electrical Circuit Breaker Manufacturer in China Low Voltage Electrical Supplier | TOSUNlux<\/title>\n<meta name=\"description\" content=\"Pushbutton Switch PB2-BP31 Supplier - Wholesale direct from TOSUNlux, a trusted manufacturer since 1994. Get your B2B factory quote on our certified Low Voltage electrical products.\" \/>\n<meta name=\"robots\" content=\"index, follow, max-snippet:-1, max-image-preview:large, max-video-preview:-1\" \/>\n<link rel=\"canonical\" href=\"https:\/\/www.tosunlux.eu\/pt\/products\/pushbutton-switch-pb2-bp31\/\" \/>\n<meta property=\"og:locale\" content=\"pt_BR\" \/>\n<meta property=\"og:type\" content=\"article\" \/>\n<meta property=\"og:title\" content=\"WholesalePushbutton Switch PB2-BP31 - TOSUNlux Official Site - Electrical Circuit Breaker Manufacturer in China Low Voltage Electrical Supplier | TOSUNlux\" \/>\n<meta property=\"og:description\" content=\"Pushbutton Switch PB2-BP31 Supplier - Wholesale direct from TOSUNlux, a trusted manufacturer since 1994. Get your B2B factory quote on our certified Low Voltage electrical products.\" \/>\n<meta property=\"og:url\" content=\"https:\/\/www.tosunlux.eu\/pt\/products\/pushbutton-switch-pb2-bp31\/\" \/>\n<meta property=\"og:site_name\" content=\"TOSUNlux Official Site - Electrical Circuit Breaker Manufacturer in China\" \/>\n<meta property=\"article:publisher\" content=\"https:\/\/www.facebook.com\/TOSUNelectric\/\" \/>\n<meta property=\"article:modified_time\" content=\"2022-04-25T07:28:08+00:00\" \/>\n<meta property=\"og:image\" content=\"https:\/\/www.tosunlux.eu\/wp-content\/uploads\/2022\/04\/35-35-300x240.jpg\" \/>\n<meta name=\"twitter:card\" content=\"summary_large_image\" \/>\n<meta name=\"twitter:label1\" content=\"Est. tempo de leitura\" \/>\n\t<meta name=\"twitter:data1\" content=\"1 minuto\" \/>\n<script type=\"application\/ld+json\" class=\"yoast-schema-graph\">{\"@context\":\"https:\\\/\\\/schema.org\",\"@graph\":[{\"@type\":\"WebPage\",\"@id\":\"https:\\\/\\\/www.tosunlux.eu\\\/hy\\\/products\\\/pushbutton-switch-pb2-bp31\\\/\",\"url\":\"https:\\\/\\\/www.tosunlux.eu\\\/hy\\\/products\\\/pushbutton-switch-pb2-bp31\\\/\",\"name\":\"WholesalePushbutton Switch PB2-BP31 - TOSUNlux Official Site - Electrical Circuit Breaker Manufacturer in China Low Voltage Electrical Supplier | TOSUNlux\",\"isPartOf\":{\"@id\":\"https:\\\/\\\/www.tosunlux.eu\\\/ru\\\/#website\"},\"primaryImageOfPage\":{\"@id\":\"https:\\\/\\\/www.tosunlux.eu\\\/hy\\\/products\\\/pushbutton-switch-pb2-bp31\\\/#primaryimage\"},\"image\":{\"@id\":\"https:\\\/\\\/www.tosunlux.eu\\\/hy\\\/products\\\/pushbutton-switch-pb2-bp31\\\/#primaryimage\"},\"thumbnailUrl\":\"https:\\\/\\\/www.tosunlux.eu\\\/wp-content\\\/uploads\\\/2022\\\/04\\\/35-35-300x240.jpg\",\"datePublished\":\"2022-04-25T07:27:32+00:00\",\"dateModified\":\"2022-04-25T07:28:08+00:00\",\"description\":\"Pushbutton Switch PB2-BP31 Supplier - Wholesale direct from TOSUNlux, a trusted manufacturer since 1994. Get your B2B factory quote on our certified Low Voltage electrical products.\",\"breadcrumb\":{\"@id\":\"https:\\\/\\\/www.tosunlux.eu\\\/hy\\\/products\\\/pushbutton-switch-pb2-bp31\\\/#breadcrumb\"},\"inLanguage\":\"pt-BR\",\"potentialAction\":[{\"@type\":\"ReadAction\",\"target\":[\"https:\\\/\\\/www.tosunlux.eu\\\/hy\\\/products\\\/pushbutton-switch-pb2-bp31\\\/\"]}]},{\"@type\":\"ImageObject\",\"inLanguage\":\"pt-BR\",\"@id\":\"https:\\\/\\\/www.tosunlux.eu\\\/hy\\\/products\\\/pushbutton-switch-pb2-bp31\\\/#primaryimage\",\"url\":\"https:\\\/\\\/www.tosunlux.eu\\\/wp-content\\\/uploads\\\/2022\\\/04\\\/35-35-300x240.jpg\",\"contentUrl\":\"https:\\\/\\\/www.tosunlux.eu\\\/wp-content\\\/uploads\\\/2022\\\/04\\\/35-35-300x240.jpg\"},{\"@type\":\"BreadcrumbList\",\"@id\":\"https:\\\/\\\/www.tosunlux.eu\\\/hy\\\/products\\\/pushbutton-switch-pb2-bp31\\\/#breadcrumb\",\"itemListElement\":[{\"@type\":\"ListItem\",\"position\":1,\"name\":\"Home\",\"item\":\"https:\\\/\\\/www.tosunlux.eu\\\/ru\\\/\"},{\"@type\":\"ListItem\",\"position\":2,\"name\":\"Products\",\"item\":\"https:\\\/\\\/www.tosunlux.eu\\\/products\\\/\"},{\"@type\":\"ListItem\",\"position\":3,\"name\":\"Pushbutton Switch PB2-BP31\"}]},{\"@type\":\"WebSite\",\"@id\":\"https:\\\/\\\/www.tosunlux.eu\\\/ru\\\/#website\",\"url\":\"https:\\\/\\\/www.tosunlux.eu\\\/ru\\\/\",\"name\":\"TOSUNlux Official Site - Electrical Circuit Breaker Manufacturer in China\",\"description\":\"Power Distribution System Supplier\",\"publisher\":{\"@id\":\"https:\\\/\\\/www.tosunlux.eu\\\/ru\\\/#organization\"},\"alternateName\":\"TOSUNlux\",\"potentialAction\":[{\"@type\":\"SearchAction\",\"target\":{\"@type\":\"EntryPoint\",\"urlTemplate\":\"https:\\\/\\\/www.tosunlux.eu\\\/ru\\\/?s={search_term_string}\"},\"query-input\":{\"@type\":\"PropertyValueSpecification\",\"valueRequired\":true,\"valueName\":\"search_term_string\"}}],\"inLanguage\":\"pt-BR\"},{\"@type\":\"Organization\",\"@id\":\"https:\\\/\\\/www.tosunlux.eu\\\/ru\\\/#organization\",\"name\":\"TOSUNlux\",\"url\":\"https:\\\/\\\/www.tosunlux.eu\\\/ru\\\/\",\"logo\":{\"@type\":\"ImageObject\",\"inLanguage\":\"pt-BR\",\"@id\":\"https:\\\/\\\/www.tosunlux.eu\\\/ru\\\/#\\\/schema\\\/logo\\\/image\\\/\",\"url\":\"https:\\\/\\\/www.tosunlux.eu\\\/wp-content\\\/uploads\\\/2022\\\/01\\\/LOGOSYSM.71762f1.png\",\"contentUrl\":\"https:\\\/\\\/www.tosunlux.eu\\\/wp-content\\\/uploads\\\/2022\\\/01\\\/LOGOSYSM.71762f1.png\",\"width\":153,\"height\":55,\"caption\":\"TOSUNlux\"},\"image\":{\"@id\":\"https:\\\/\\\/www.tosunlux.eu\\\/ru\\\/#\\\/schema\\\/logo\\\/image\\\/\"},\"sameAs\":[\"https:\\\/\\\/www.facebook.com\\\/TOSUNelectric\\\/\",\"https:\\\/\\\/www.linkedin.com\\\/company\\\/wenzhou-tosun-electric-co.-ltd\\\/\"]}]}<\/script>\n<!-- \/ Yoast SEO plugin. -->","yoast_head_json":{"title":"Interruptor de bot\u00e3o de press\u00e3o PB2-BP31 - Site oficial da TOSUNlux - Fabricante de disjuntores el\u00e9tricos na China, fornecedor de energia el\u00e9trica de baixa tens\u00e3o | TOSUNlux","description":"Fornecedor de interruptor de bot\u00e3o PB2-BP31 - Venda por atacado diretamente da TOSUNlux, um fabricante confi\u00e1vel desde 1994. Obtenha seu or\u00e7amento de f\u00e1brica B2B para nossos produtos el\u00e9tricos de baixa tens\u00e3o certificados.","robots":{"index":"index","follow":"follow","max-snippet":"max-snippet:-1","max-image-preview":"max-image-preview:large","max-video-preview":"max-video-preview:-1"},"canonical":"https:\/\/www.tosunlux.eu\/pt\/products\/pushbutton-switch-pb2-bp31\/","og_locale":"pt_BR","og_type":"article","og_title":"WholesalePushbutton Switch PB2-BP31 - TOSUNlux Official Site - Electrical Circuit Breaker Manufacturer in China Low Voltage Electrical Supplier | TOSUNlux","og_description":"Pushbutton Switch PB2-BP31 Supplier - Wholesale direct from TOSUNlux, a trusted manufacturer since 1994. Get your B2B factory quote on our certified Low Voltage electrical products.","og_url":"https:\/\/www.tosunlux.eu\/pt\/products\/pushbutton-switch-pb2-bp31\/","og_site_name":"TOSUNlux Official Site - Electrical Circuit Breaker Manufacturer in China","article_publisher":"https:\/\/www.facebook.com\/TOSUNelectric\/","article_modified_time":"2022-04-25T07:28:08+00:00","og_image":[{"url":"https:\/\/www.tosunlux.eu\/wp-content\/uploads\/2022\/04\/35-35-300x240.jpg","type":"","width":"","height":""}],"twitter_card":"summary_large_image","twitter_misc":{"Est. tempo de leitura":"1 minuto"},"schema":{"@context":"https:\/\/schema.org","@graph":[{"@type":"WebPage","@id":"https:\/\/www.tosunlux.eu\/hy\/products\/pushbutton-switch-pb2-bp31\/","url":"https:\/\/www.tosunlux.eu\/hy\/products\/pushbutton-switch-pb2-bp31\/","name":"Interruptor de bot\u00e3o de press\u00e3o PB2-BP31 - Site oficial da TOSUNlux - Fabricante de disjuntores el\u00e9tricos na China, fornecedor de energia el\u00e9trica de baixa tens\u00e3o | TOSUNlux","isPartOf":{"@id":"https:\/\/www.tosunlux.eu\/ru\/#website"},"primaryImageOfPage":{"@id":"https:\/\/www.tosunlux.eu\/hy\/products\/pushbutton-switch-pb2-bp31\/#primaryimage"},"image":{"@id":"https:\/\/www.tosunlux.eu\/hy\/products\/pushbutton-switch-pb2-bp31\/#primaryimage"},"thumbnailUrl":"https:\/\/www.tosunlux.eu\/wp-content\/uploads\/2022\/04\/35-35-300x240.jpg","datePublished":"2022-04-25T07:27:32+00:00","dateModified":"2022-04-25T07:28:08+00:00","description":"Fornecedor de interruptor de bot\u00e3o PB2-BP31 - Venda por atacado diretamente da TOSUNlux, um fabricante confi\u00e1vel desde 1994. Obtenha seu or\u00e7amento de f\u00e1brica B2B para nossos produtos el\u00e9tricos de baixa tens\u00e3o certificados.","breadcrumb":{"@id":"https:\/\/www.tosunlux.eu\/hy\/products\/pushbutton-switch-pb2-bp31\/#breadcrumb"},"inLanguage":"pt-BR","potentialAction":[{"@type":"ReadAction","target":["https:\/\/www.tosunlux.eu\/hy\/products\/pushbutton-switch-pb2-bp31\/"]}]},{"@type":"ImageObject","inLanguage":"pt-BR","@id":"https:\/\/www.tosunlux.eu\/hy\/products\/pushbutton-switch-pb2-bp31\/#primaryimage","url":"https:\/\/www.tosunlux.eu\/wp-content\/uploads\/2022\/04\/35-35-300x240.jpg","contentUrl":"https:\/\/www.tosunlux.eu\/wp-content\/uploads\/2022\/04\/35-35-300x240.jpg"},{"@type":"BreadcrumbList","@id":"https:\/\/www.tosunlux.eu\/hy\/products\/pushbutton-switch-pb2-bp31\/#breadcrumb","itemListElement":[{"@type":"ListItem","position":1,"name":"Home","item":"https:\/\/www.tosunlux.eu\/ru\/"},{"@type":"ListItem","position":2,"name":"Products","item":"https:\/\/www.tosunlux.eu\/products\/"},{"@type":"ListItem","position":3,"name":"Pushbutton Switch PB2-BP31"}]},{"@type":"WebSite","@id":"https:\/\/www.tosunlux.eu\/ru\/#website","url":"https:\/\/www.tosunlux.eu\/ru\/","name":"Site Oficial TOSUNlux - Fabricante de Disjuntores El\u00e9tricos na China","description":"Fornecedor de sistema de distribui\u00e7\u00e3o de energia","publisher":{"@id":"https:\/\/www.tosunlux.eu\/ru\/#organization"},"alternateName":"TOSUNlux","potentialAction":[{"@type":"SearchAction","target":{"@type":"EntryPoint","urlTemplate":"https:\/\/www.tosunlux.eu\/ru\/?s={search_term_string}"},"query-input":{"@type":"PropertyValueSpecification","valueRequired":true,"valueName":"search_term_string"}}],"inLanguage":"pt-BR"},{"@type":"Organization","@id":"https:\/\/www.tosunlux.eu\/ru\/#organization","name":"TOSUNlux","url":"https:\/\/www.tosunlux.eu\/ru\/","logo":{"@type":"ImageObject","inLanguage":"pt-BR","@id":"https:\/\/www.tosunlux.eu\/ru\/#\/schema\/logo\/image\/","url":"https:\/\/www.tosunlux.eu\/wp-content\/uploads\/2022\/01\/LOGOSYSM.71762f1.png","contentUrl":"https:\/\/www.tosunlux.eu\/wp-content\/uploads\/2022\/01\/LOGOSYSM.71762f1.png","width":153,"height":55,"caption":"TOSUNlux"},"image":{"@id":"https:\/\/www.tosunlux.eu\/ru\/#\/schema\/logo\/image\/"},"sameAs":["https:\/\/www.facebook.com\/TOSUNelectric\/","https:\/\/www.linkedin.com\/company\/wenzhou-tosun-electric-co.-ltd\/"]}]}},"_links":{"self":[{"href":"https:\/\/www.tosunlux.eu\/pt\/wp-json\/wp\/v2\/product\/1905","targetHints":{"allow":["GET"]}}],"collection":[{"href":"https:\/\/www.tosunlux.eu\/pt\/wp-json\/wp\/v2\/product"}],"about":[{"href":"https:\/\/www.tosunlux.eu\/pt\/wp-json\/wp\/v2\/types\/product"}],"version-history":[{"count":0,"href":"https:\/\/www.tosunlux.eu\/pt\/wp-json\/wp\/v2\/product\/1905\/revisions"}],"wp:attachment":[{"href":"https:\/\/www.tosunlux.eu\/pt\/wp-json\/wp\/v2\/media?parent=1905"}],"wp:term":[{"taxonomy":"product_category","embeddable":true,"href":"https:\/\/www.tosunlux.eu\/pt\/wp-json\/wp\/v2\/product_category?post=1905"}],"curies":[{"name":"wp","href":"https:\/\/api.w.org\/{rel}","templated":true}]}}