{"id":1925,"date":"2022-04-25T16:40:46","date_gmt":"2022-04-25T08:40:46","guid":{"rendered":"https:\/\/www.tosunlux.eu\/?post_type=product&#038;p=1925"},"modified":"2022-04-25T16:40:47","modified_gmt":"2022-04-25T08:40:47","slug":"modular-switching-power-supply-dr","status":"publish","type":"product","link":"https:\/\/www.tosunlux.eu\/pt\/products\/modular-switching-power-supply-dr\/","title":{"rendered":"Fonte de alimenta\u00e7\u00e3o de comuta\u00e7\u00e3o modular DR"},"content":{"rendered":"<table style=\"border-collapse: collapse; width: 447.02pt;\" border=\"0\" width=\"596\" cellspacing=\"0\" cellpadding=\"0\">\n<tbody>\n<tr style=\"height: 14.25pt;\">\n<td class=\"et4\" style=\"height: 14.25pt; width: 447.00pt;\" colspan=\"5\" width=\"596\" height=\"19\">DR-15: 25X93X56mm<\/td>\n<\/tr>\n<tr style=\"height: 14.25pt;\">\n<td class=\"et5\" style=\"height: 14.25pt;\" height=\"19\">Modelo<\/td>\n<td class=\"et5\">Sa\u00edda<\/td>\n<td class=\"et5\">Tens\u00e3o de Toler\u00e2ncia<\/td>\n<td class=\"et5\">ondula\u00e7\u00e3o e ru\u00eddo<\/td>\n<td class=\"et5\">Efici\u00eancia<\/td>\n<\/tr>\n<tr style=\"height: 14.25pt;\">\n<td class=\"et5\" style=\"height: 14.25pt;\" height=\"19\">DR-15-5<\/td>\n<td class=\"et5\">5V, 0-2,4A<\/td>\n<td class=\"et5\">\u00b12%<\/td>\n<td class=\"et5\">80mvp-p<\/td>\n<td class=\"et6\">77%<\/td>\n<\/tr>\n<tr style=\"height: 14.25pt;\">\n<td class=\"et5\" style=\"height: 14.25pt;\" height=\"19\">DR-15-12<\/td>\n<td class=\"et5\">12V, 0-1,25A<\/td>\n<td class=\"et5\">\u00b11%<\/td>\n<td class=\"et5\">120mvp-p<\/td>\n<td class=\"et6\">84%<\/td>\n<\/tr>\n<tr style=\"height: 14.25pt;\">\n<td class=\"et5\" style=\"height: 14.25pt;\" height=\"19\">DR-15-15<\/td>\n<td class=\"et5\">15V, 0-1A<\/td>\n<td class=\"et5\">\u00b11%<\/td>\n<td class=\"et5\">120mvp-p<\/td>\n<td class=\"et7\">83.5%<\/td>\n<\/tr>\n<tr style=\"height: 14.25pt;\">\n<td class=\"et5\" style=\"height: 14.25pt;\" height=\"19\">DR-15-24<\/td>\n<td class=\"et5\">24V, 0-0,63A<\/td>\n<td class=\"et5\">\u00b11%<\/td>\n<td class=\"et5\">120mvp-p<\/td>\n<td class=\"et6\">85%<\/td>\n<\/tr>\n<\/tbody>\n<\/table>\n<table style=\"border-collapse: collapse; width: 447.02pt;\" border=\"0\" width=\"596\" cellspacing=\"0\" cellpadding=\"0\">\n<tbody>\n<tr style=\"height: 14.25pt;\">\n<td class=\"et4\" style=\"height: 14.25pt; width: 447.00pt;\" colspan=\"5\" width=\"596\" height=\"19\">DR-30: 78X93X56mm<\/td>\n<\/tr>\n<tr style=\"height: 14.25pt;\">\n<td class=\"et5\" style=\"height: 14.25pt;\" height=\"19\">Modelo<\/td>\n<td class=\"et5\">Sa\u00edda<\/td>\n<td class=\"et5\">Tens\u00e3o de Toler\u00e2ncia<\/td>\n<td class=\"et5\">ondula\u00e7\u00e3o e ru\u00eddo<\/td>\n<td class=\"et5\">Efici\u00eancia<\/td>\n<\/tr>\n<tr style=\"height: 14.25pt;\">\n<td class=\"et5\" style=\"height: 14.25pt;\" height=\"19\">DR-30-5<\/td>\n<td class=\"et5\">5V, 0-3A<\/td>\n<td class=\"et5\">\u00b12%<\/td>\n<td class=\"et5\">80mvp-p<\/td>\n<td class=\"et6\">74%<\/td>\n<\/tr>\n<tr style=\"height: 14.25pt;\">\n<td class=\"et5\" style=\"height: 14.25pt;\" height=\"19\">DR-30-12<\/td>\n<td class=\"et5\">12V, 0-2A<\/td>\n<td class=\"et5\">\u00b11%<\/td>\n<td class=\"et5\">120mvp-p<\/td>\n<td class=\"et6\">81%<\/td>\n<\/tr>\n<tr style=\"height: 14.25pt;\">\n<td class=\"et5\" style=\"height: 14.25pt;\" height=\"19\">DR-30-15<\/td>\n<td class=\"et5\">15V, 0-2A<\/td>\n<td class=\"et5\">\u00b11%<\/td>\n<td class=\"et5\">120mvp-p<\/td>\n<td class=\"et6\">82%<\/td>\n<\/tr>\n<tr style=\"height: 14.25pt;\">\n<td class=\"et5\" style=\"height: 14.25pt;\" height=\"19\">DR-30-24<\/td>\n<td class=\"et5\">24 V, 0-1,5 A<\/td>\n<td class=\"et5\">\u00b11%<\/td>\n<td class=\"et5\">150mvp-p<\/td>\n<td class=\"et6\">83%<\/td>\n<\/tr>\n<\/tbody>\n<\/table>\n<table style=\"border-collapse: collapse; width: 447.02pt;\" border=\"0\" width=\"596\" cellspacing=\"0\" cellpadding=\"0\">\n<tbody>\n<tr style=\"height: 14.25pt;\">\n<td class=\"et4\" style=\"height: 14.25pt; width: 447.00pt;\" colspan=\"5\" width=\"596\" height=\"19\">DR-45: 93X78X67mm<\/td>\n<\/tr>\n<tr style=\"height: 14.25pt;\">\n<td class=\"et5\" style=\"height: 14.25pt;\" height=\"19\">Modelo<\/td>\n<td class=\"et5\">Sa\u00edda<\/td>\n<td class=\"et5\">Tens\u00e3o de Toler\u00e2ncia<\/td>\n<td class=\"et5\">ondula\u00e7\u00e3o e ru\u00eddo<\/td>\n<td class=\"et5\">Efici\u00eancia<\/td>\n<\/tr>\n<tr style=\"height: 14.25pt;\">\n<td class=\"et5\" style=\"height: 14.25pt;\" height=\"19\">DR-45-5<\/td>\n<td class=\"et5\">5V, 0-5A<\/td>\n<td class=\"et5\">\u00b12%<\/td>\n<td class=\"et5\">100mvp-p<\/td>\n<td class=\"et6\">72%<\/td>\n<\/tr>\n<tr style=\"height: 14.25pt;\">\n<td class=\"et5\" style=\"height: 14.25pt;\" height=\"19\">DR-45-12<\/td>\n<td class=\"et5\">12V, 0-3,5A<\/td>\n<td class=\"et5\">\u00b11%<\/td>\n<td class=\"et5\">200mvp-p<\/td>\n<td class=\"et6\">77%<\/td>\n<\/tr>\n<tr style=\"height: 14.25pt;\">\n<td class=\"et5\" style=\"height: 14.25pt;\" height=\"19\">DR-45-15<\/td>\n<td class=\"et5\">15V, 0-2,8A<\/td>\n<td class=\"et5\">\u00b11%<\/td>\n<td class=\"et5\">240mvp-p<\/td>\n<td class=\"et6\">77%<\/td>\n<\/tr>\n<tr style=\"height: 14.25pt;\">\n<td class=\"et5\" style=\"height: 14.25pt;\" height=\"19\">DR-45-24<\/td>\n<td class=\"et5\">24V, 0-2A<\/td>\n<td class=\"et5\">\u00b11%<\/td>\n<td class=\"et5\">480mvp-p<\/td>\n<td class=\"et6\">80%<\/td>\n<\/tr>\n<\/tbody>\n<\/table>\n<table style=\"border-collapse: collapse; width: 447.02pt;\" border=\"0\" width=\"596\" cellspacing=\"0\" cellpadding=\"0\">\n<tbody>\n<tr style=\"height: 14.25pt;\">\n<td class=\"et4\" style=\"height: 14.25pt; width: 447.00pt;\" colspan=\"5\" width=\"596\" height=\"19\">DR-60: 78X93X56mm<\/td>\n<\/tr>\n<tr style=\"height: 14.25pt;\">\n<td class=\"et5\" style=\"height: 14.25pt;\" height=\"19\">Modelo<\/td>\n<td class=\"et5\">Sa\u00edda<\/td>\n<td class=\"et5\">Tens\u00e3o de Toler\u00e2ncia<\/td>\n<td class=\"et5\">ondula\u00e7\u00e3o e ru\u00eddo<\/td>\n<td class=\"et5\">Efici\u00eancia<\/td>\n<\/tr>\n<tr style=\"height: 14.25pt;\">\n<td class=\"et5\" style=\"height: 14.25pt;\" height=\"19\">DR-60-5<\/td>\n<td class=\"et5\">5V, 0-6,5A<\/td>\n<td class=\"et5\">\u00b12%<\/td>\n<td class=\"et5\">100mvp-p<\/td>\n<td class=\"et6\">72%<\/td>\n<\/tr>\n<tr style=\"height: 14.25pt;\">\n<td class=\"et5\" style=\"height: 14.25pt;\" height=\"19\">DR-60-12<\/td>\n<td class=\"et5\">12V, 0-3,5A<\/td>\n<td class=\"et5\">\u00b11%<\/td>\n<td class=\"et5\">200mvp-p<\/td>\n<td class=\"et6\">77%<\/td>\n<\/tr>\n<tr style=\"height: 14.25pt;\">\n<td class=\"et5\" style=\"height: 14.25pt;\" height=\"19\">DR-60-15<\/td>\n<td class=\"et5\">15V, 0-4,0A<\/td>\n<td class=\"et5\">\u00b11%<\/td>\n<td class=\"et5\">240mvp-p<\/td>\n<td class=\"et6\">77%<\/td>\n<\/tr>\n<tr style=\"height: 14.25pt;\">\n<td class=\"et5\" style=\"height: 14.25pt;\" height=\"19\">DR-60-24<\/td>\n<td class=\"et5\">24 V, 0-2,5 A<\/td>\n<td class=\"et5\">\u00b11%<\/td>\n<td class=\"et5\">480mvp-p<\/td>\n<td class=\"et6\">80%<\/td>\n<\/tr>\n<\/tbody>\n<\/table>\n<table style=\"border-collapse: collapse; width: 447.02pt;\" border=\"0\" width=\"596\" cellspacing=\"0\" cellpadding=\"0\">\n<tbody>\n<tr style=\"height: 14.25pt;\">\n<td class=\"et4\" style=\"height: 14.25pt; width: 447.00pt;\" colspan=\"5\" width=\"596\" height=\"19\">DR-75: 55,5X125,2X100mm<\/td>\n<\/tr>\n<tr style=\"height: 14.25pt;\">\n<td class=\"et5\" style=\"height: 14.25pt;\" height=\"19\">Modelo<\/td>\n<td class=\"et5\">Sa\u00edda<\/td>\n<td class=\"et5\">Tens\u00e3o de Toler\u00e2ncia<\/td>\n<td class=\"et5\">ondula\u00e7\u00e3o e ru\u00eddo<\/td>\n<td class=\"et5\">Efici\u00eancia<\/td>\n<\/tr>\n<tr style=\"height: 14.25pt;\">\n<td class=\"et5\" style=\"height: 14.25pt;\" height=\"19\">DR-75-12<\/td>\n<td class=\"et5\">12V, 0-6,3A<\/td>\n<td class=\"et5\">\u00b12%<\/td>\n<td class=\"et5\">100mvp-p<\/td>\n<td class=\"et6\">76%<\/td>\n<\/tr>\n<tr style=\"height: 14.25pt;\">\n<td class=\"et5\" style=\"height: 14.25pt;\" height=\"19\">DR-75-24<\/td>\n<td class=\"et5\">24 V, 0-3,2 A<\/td>\n<td class=\"et5\">\u00b11%<\/td>\n<td class=\"et5\">150mvp-p<\/td>\n<td class=\"et6\">80%<\/td>\n<\/tr>\n<tr style=\"height: 14.25pt;\">\n<td class=\"et5\" style=\"height: 14.25pt;\" height=\"19\">DR-75-48<\/td>\n<td class=\"et5\">48V, 0-1,6A<\/td>\n<td class=\"et5\">\u00b11%<\/td>\n<td class=\"et5\">240mvp-p<\/td>\n<td class=\"et6\">81%<\/td>\n<\/tr>\n<\/tbody>\n<\/table>\n<table style=\"border-collapse: collapse; width: 447.02pt;\" border=\"0\" width=\"596\" cellspacing=\"0\" cellpadding=\"0\">\n<tbody>\n<tr style=\"height: 14.25pt;\">\n<td class=\"et4\" style=\"height: 14.25pt; width: 447.00pt;\" colspan=\"5\" width=\"596\" height=\"19\">DR-100: 100X93X56mm<\/td>\n<\/tr>\n<tr style=\"height: 14.25pt;\">\n<td class=\"et5\" style=\"height: 14.25pt;\" height=\"19\">Modelo<\/td>\n<td class=\"et5\">Sa\u00edda<\/td>\n<td class=\"et5\">Tens\u00e3o de Toler\u00e2ncia<\/td>\n<td class=\"et5\">ondula\u00e7\u00e3o e ru\u00eddo<\/td>\n<td class=\"et5\">Efici\u00eancia<\/td>\n<\/tr>\n<tr style=\"height: 14.25pt;\">\n<td class=\"et5\" style=\"height: 14.25pt;\" height=\"19\">DR-100-12<\/td>\n<td class=\"et5\">12V, 0-7,5A<\/td>\n<td class=\"et5\">\u00b11%<\/td>\n<td class=\"et5\">120mvp-p<\/td>\n<td class=\"et6\">84%<\/td>\n<\/tr>\n<tr style=\"height: 14.25pt;\">\n<td class=\"et5\" style=\"height: 14.25pt;\" height=\"19\">DR-100-15<\/td>\n<td class=\"et5\">15V, 0-6,5A<\/td>\n<td class=\"et5\">\u00b11%<\/td>\n<td class=\"et5\">120mvp-p<\/td>\n<td class=\"et6\">85%<\/td>\n<\/tr>\n<tr style=\"height: 14.25pt;\">\n<td class=\"et5\" style=\"height: 14.25pt;\" height=\"19\">DR-100-24<\/td>\n<td class=\"et5\">24 V, 0-4,2 A<\/td>\n<td class=\"et5\">\u00b11%<\/td>\n<td class=\"et5\">150mvp-p<\/td>\n<td class=\"et6\">86%<\/td>\n<\/tr>\n<\/tbody>\n<\/table>\n<table style=\"border-collapse: collapse; width: 447.02pt;\" border=\"0\" width=\"596\" cellspacing=\"0\" cellpadding=\"0\">\n<tbody>\n<tr style=\"height: 14.25pt;\">\n<td class=\"et4\" style=\"height: 14.25pt; width: 447.00pt;\" colspan=\"5\" width=\"596\" height=\"19\">DR-120: 65,5X125,2X100mm<\/td>\n<\/tr>\n<tr style=\"height: 14.25pt;\">\n<td class=\"et5\" style=\"height: 14.25pt;\" height=\"19\">Modelo<\/td>\n<td class=\"et5\">Sa\u00edda<\/td>\n<td class=\"et5\">Tens\u00e3o de Toler\u00e2ncia<\/td>\n<td class=\"et5\">ondula\u00e7\u00e3o e ru\u00eddo<\/td>\n<td class=\"et5\">Efici\u00eancia<\/td>\n<\/tr>\n<tr style=\"height: 14.25pt;\">\n<td class=\"et5\" style=\"height: 14.25pt;\" height=\"19\">DR-120-12<\/td>\n<td class=\"et5\">12V, 0-10A<\/td>\n<td class=\"et5\">\u00b12%<\/td>\n<td class=\"et5\">80mvp-p<\/td>\n<td class=\"et6\">80%<\/td>\n<\/tr>\n<tr style=\"height: 14.25pt;\">\n<td class=\"et5\" style=\"height: 14.25pt;\" height=\"19\">DR-120-24<\/td>\n<td class=\"et5\">24V, 0-5A<\/td>\n<td class=\"et5\">\u00b11%<\/td>\n<td class=\"et5\">80mvp-p<\/td>\n<td class=\"et6\">84%<\/td>\n<\/tr>\n<tr style=\"height: 14.25pt;\">\n<td class=\"et5\" style=\"height: 14.25pt;\" height=\"19\">DR-120-48<\/td>\n<td class=\"et5\">48V, 0-2,5A<\/td>\n<td class=\"et5\">\u00b11%<\/td>\n<td class=\"et5\">100mvp-p<\/td>\n<td class=\"et6\">85%<\/td>\n<\/tr>\n<\/tbody>\n<\/table>","protected":false},"parent":0,"template":"","product_category":[75,123],"class_list":["post-1925","product","type-product","status-publish","hentry","product_category-instruments","product_category-power-supply"],"yoast_head":"<!-- This site is optimized with the Yoast SEO plugin v27.3 - https:\/\/yoast.com\/product\/yoast-seo-wordpress\/ -->\n<title>WholesaleModular Switching Power Supply DR - TOSUNlux Official Site - Electrical Circuit Breaker Manufacturer in China Low Voltage Electrical Supplier | TOSUNlux<\/title>\n<meta name=\"description\" content=\"Modular Switching Power Supply DR Supplier - Wholesale direct from TOSUNlux, a trusted manufacturer since 1994. Get your B2B factory quote on our certified Low Voltage electrical products.\" \/>\n<meta name=\"robots\" content=\"index, follow, max-snippet:-1, max-image-preview:large, max-video-preview:-1\" \/>\n<link rel=\"canonical\" href=\"https:\/\/www.tosunlux.eu\/pt\/products\/modular-switching-power-supply-dr\/\" \/>\n<meta property=\"og:locale\" content=\"pt_BR\" \/>\n<meta property=\"og:type\" content=\"article\" \/>\n<meta property=\"og:title\" content=\"WholesaleModular Switching Power Supply DR - TOSUNlux Official Site - Electrical Circuit Breaker Manufacturer in China Low Voltage Electrical Supplier | TOSUNlux\" \/>\n<meta property=\"og:description\" content=\"Modular Switching Power Supply DR Supplier - Wholesale direct from TOSUNlux, a trusted manufacturer since 1994. Get your B2B factory quote on our certified Low Voltage electrical products.\" \/>\n<meta property=\"og:url\" content=\"https:\/\/www.tosunlux.eu\/pt\/products\/modular-switching-power-supply-dr\/\" \/>\n<meta property=\"og:site_name\" content=\"TOSUNlux Official Site - Electrical Circuit Breaker Manufacturer in China\" \/>\n<meta property=\"article:publisher\" content=\"https:\/\/www.facebook.com\/TOSUNelectric\/\" \/>\n<meta property=\"article:modified_time\" content=\"2022-04-25T08:40:47+00:00\" \/>\n<meta property=\"og:image\" content=\"https:\/\/www.tosunlux.eu\/wp-content\/uploads\/2023\/04\/DSC08160_\u526f\u672c.jpg\" \/>\n\t<meta property=\"og:image:width\" content=\"1500\" \/>\n\t<meta property=\"og:image:height\" content=\"940\" \/>\n\t<meta property=\"og:image:type\" content=\"image\/jpeg\" \/>\n<meta name=\"twitter:card\" content=\"summary_large_image\" \/>\n<meta name=\"twitter:label1\" content=\"Est. tempo de leitura\" \/>\n\t<meta name=\"twitter:data1\" content=\"1 minuto\" \/>\n<script type=\"application\/ld+json\" class=\"yoast-schema-graph\">{\"@context\":\"https:\\\/\\\/schema.org\",\"@graph\":[{\"@type\":\"WebPage\",\"@id\":\"https:\\\/\\\/www.tosunlux.eu\\\/mn\\\/products\\\/modular-switching-power-supply-dr\\\/\",\"url\":\"https:\\\/\\\/www.tosunlux.eu\\\/mn\\\/products\\\/modular-switching-power-supply-dr\\\/\",\"name\":\"WholesaleModular Switching Power Supply DR - TOSUNlux Official Site - Electrical Circuit Breaker Manufacturer in China Low Voltage Electrical Supplier | TOSUNlux\",\"isPartOf\":{\"@id\":\"https:\\\/\\\/www.tosunlux.eu\\\/ru\\\/#website\"},\"datePublished\":\"2022-04-25T08:40:46+00:00\",\"dateModified\":\"2022-04-25T08:40:47+00:00\",\"description\":\"Modular Switching Power Supply DR Supplier - Wholesale direct from TOSUNlux, a trusted manufacturer since 1994. Get your B2B factory quote on our certified Low Voltage electrical products.\",\"breadcrumb\":{\"@id\":\"https:\\\/\\\/www.tosunlux.eu\\\/mn\\\/products\\\/modular-switching-power-supply-dr\\\/#breadcrumb\"},\"inLanguage\":\"pt-BR\",\"potentialAction\":[{\"@type\":\"ReadAction\",\"target\":[\"https:\\\/\\\/www.tosunlux.eu\\\/mn\\\/products\\\/modular-switching-power-supply-dr\\\/\"]}]},{\"@type\":\"BreadcrumbList\",\"@id\":\"https:\\\/\\\/www.tosunlux.eu\\\/mn\\\/products\\\/modular-switching-power-supply-dr\\\/#breadcrumb\",\"itemListElement\":[{\"@type\":\"ListItem\",\"position\":1,\"name\":\"Home\",\"item\":\"https:\\\/\\\/www.tosunlux.eu\\\/ru\\\/\"},{\"@type\":\"ListItem\",\"position\":2,\"name\":\"Products\",\"item\":\"https:\\\/\\\/www.tosunlux.eu\\\/products\\\/\"},{\"@type\":\"ListItem\",\"position\":3,\"name\":\"Modular Switching Power Supply DR\"}]},{\"@type\":\"WebSite\",\"@id\":\"https:\\\/\\\/www.tosunlux.eu\\\/ru\\\/#website\",\"url\":\"https:\\\/\\\/www.tosunlux.eu\\\/ru\\\/\",\"name\":\"TOSUNlux Official Site - Electrical Circuit Breaker Manufacturer in China\",\"description\":\"Power Distribution System Supplier\",\"publisher\":{\"@id\":\"https:\\\/\\\/www.tosunlux.eu\\\/ru\\\/#organization\"},\"alternateName\":\"TOSUNlux\",\"potentialAction\":[{\"@type\":\"SearchAction\",\"target\":{\"@type\":\"EntryPoint\",\"urlTemplate\":\"https:\\\/\\\/www.tosunlux.eu\\\/ru\\\/?s={search_term_string}\"},\"query-input\":{\"@type\":\"PropertyValueSpecification\",\"valueRequired\":true,\"valueName\":\"search_term_string\"}}],\"inLanguage\":\"pt-BR\"},{\"@type\":\"Organization\",\"@id\":\"https:\\\/\\\/www.tosunlux.eu\\\/ru\\\/#organization\",\"name\":\"TOSUNlux\",\"url\":\"https:\\\/\\\/www.tosunlux.eu\\\/ru\\\/\",\"logo\":{\"@type\":\"ImageObject\",\"inLanguage\":\"pt-BR\",\"@id\":\"https:\\\/\\\/www.tosunlux.eu\\\/ru\\\/#\\\/schema\\\/logo\\\/image\\\/\",\"url\":\"https:\\\/\\\/www.tosunlux.eu\\\/wp-content\\\/uploads\\\/2022\\\/01\\\/LOGOSYSM.71762f1.png\",\"contentUrl\":\"https:\\\/\\\/www.tosunlux.eu\\\/wp-content\\\/uploads\\\/2022\\\/01\\\/LOGOSYSM.71762f1.png\",\"width\":153,\"height\":55,\"caption\":\"TOSUNlux\"},\"image\":{\"@id\":\"https:\\\/\\\/www.tosunlux.eu\\\/ru\\\/#\\\/schema\\\/logo\\\/image\\\/\"},\"sameAs\":[\"https:\\\/\\\/www.facebook.com\\\/TOSUNelectric\\\/\",\"https:\\\/\\\/www.linkedin.com\\\/company\\\/wenzhou-tosun-electric-co.-ltd\\\/\"]}]}<\/script>\n<!-- \/ Yoast SEO plugin. -->","yoast_head_json":{"title":"WholesaleModular Switching Power Supply DR - TOSUNlux Official Site - Electrical Circuit Breaker Manufacturer in China Low Voltage Electrical Supplier | TOSUNlux","description":"Modular Switching Power Supply DR Supplier - Wholesale direct from TOSUNlux, a trusted manufacturer since 1994. Get your B2B factory quote on our certified Low Voltage electrical products.","robots":{"index":"index","follow":"follow","max-snippet":"max-snippet:-1","max-image-preview":"max-image-preview:large","max-video-preview":"max-video-preview:-1"},"canonical":"https:\/\/www.tosunlux.eu\/pt\/products\/modular-switching-power-supply-dr\/","og_locale":"pt_BR","og_type":"article","og_title":"WholesaleModular Switching Power Supply DR - TOSUNlux Official Site - Electrical Circuit Breaker Manufacturer in China Low Voltage Electrical Supplier | TOSUNlux","og_description":"Modular Switching Power Supply DR Supplier - Wholesale direct from TOSUNlux, a trusted manufacturer since 1994. Get your B2B factory quote on our certified Low Voltage electrical products.","og_url":"https:\/\/www.tosunlux.eu\/pt\/products\/modular-switching-power-supply-dr\/","og_site_name":"TOSUNlux Official Site - Electrical Circuit Breaker Manufacturer in China","article_publisher":"https:\/\/www.facebook.com\/TOSUNelectric\/","article_modified_time":"2022-04-25T08:40:47+00:00","og_image":[{"width":1500,"height":940,"url":"https:\/\/www.tosunlux.eu\/wp-content\/uploads\/2023\/04\/DSC08160_\u526f\u672c.jpg","type":"image\/jpeg"}],"twitter_card":"summary_large_image","twitter_misc":{"Est. tempo de leitura":"1 minuto"},"schema":{"@context":"https:\/\/schema.org","@graph":[{"@type":"WebPage","@id":"https:\/\/www.tosunlux.eu\/mn\/products\/modular-switching-power-supply-dr\/","url":"https:\/\/www.tosunlux.eu\/mn\/products\/modular-switching-power-supply-dr\/","name":"WholesaleModular Switching Power Supply DR - TOSUNlux Official Site - Electrical Circuit Breaker Manufacturer in China Low Voltage Electrical Supplier | TOSUNlux","isPartOf":{"@id":"https:\/\/www.tosunlux.eu\/ru\/#website"},"datePublished":"2022-04-25T08:40:46+00:00","dateModified":"2022-04-25T08:40:47+00:00","description":"Modular Switching Power Supply DR Supplier - Wholesale direct from TOSUNlux, a trusted manufacturer since 1994. Get your B2B factory quote on our certified Low Voltage electrical products.","breadcrumb":{"@id":"https:\/\/www.tosunlux.eu\/mn\/products\/modular-switching-power-supply-dr\/#breadcrumb"},"inLanguage":"pt-BR","potentialAction":[{"@type":"ReadAction","target":["https:\/\/www.tosunlux.eu\/mn\/products\/modular-switching-power-supply-dr\/"]}]},{"@type":"BreadcrumbList","@id":"https:\/\/www.tosunlux.eu\/mn\/products\/modular-switching-power-supply-dr\/#breadcrumb","itemListElement":[{"@type":"ListItem","position":1,"name":"Home","item":"https:\/\/www.tosunlux.eu\/ru\/"},{"@type":"ListItem","position":2,"name":"Products","item":"https:\/\/www.tosunlux.eu\/products\/"},{"@type":"ListItem","position":3,"name":"Modular Switching Power Supply DR"}]},{"@type":"WebSite","@id":"https:\/\/www.tosunlux.eu\/ru\/#website","url":"https:\/\/www.tosunlux.eu\/ru\/","name":"Site Oficial TOSUNlux - Fabricante de Disjuntores El\u00e9tricos na China","description":"Fornecedor de sistema de distribui\u00e7\u00e3o de energia","publisher":{"@id":"https:\/\/www.tosunlux.eu\/ru\/#organization"},"alternateName":"TOSUNlux","potentialAction":[{"@type":"SearchAction","target":{"@type":"EntryPoint","urlTemplate":"https:\/\/www.tosunlux.eu\/ru\/?s={search_term_string}"},"query-input":{"@type":"PropertyValueSpecification","valueRequired":true,"valueName":"search_term_string"}}],"inLanguage":"pt-BR"},{"@type":"Organization","@id":"https:\/\/www.tosunlux.eu\/ru\/#organization","name":"TOSUNlux","url":"https:\/\/www.tosunlux.eu\/ru\/","logo":{"@type":"ImageObject","inLanguage":"pt-BR","@id":"https:\/\/www.tosunlux.eu\/ru\/#\/schema\/logo\/image\/","url":"https:\/\/www.tosunlux.eu\/wp-content\/uploads\/2022\/01\/LOGOSYSM.71762f1.png","contentUrl":"https:\/\/www.tosunlux.eu\/wp-content\/uploads\/2022\/01\/LOGOSYSM.71762f1.png","width":153,"height":55,"caption":"TOSUNlux"},"image":{"@id":"https:\/\/www.tosunlux.eu\/ru\/#\/schema\/logo\/image\/"},"sameAs":["https:\/\/www.facebook.com\/TOSUNelectric\/","https:\/\/www.linkedin.com\/company\/wenzhou-tosun-electric-co.-ltd\/"]}]}},"_links":{"self":[{"href":"https:\/\/www.tosunlux.eu\/pt\/wp-json\/wp\/v2\/product\/1925","targetHints":{"allow":["GET"]}}],"collection":[{"href":"https:\/\/www.tosunlux.eu\/pt\/wp-json\/wp\/v2\/product"}],"about":[{"href":"https:\/\/www.tosunlux.eu\/pt\/wp-json\/wp\/v2\/types\/product"}],"version-history":[{"count":0,"href":"https:\/\/www.tosunlux.eu\/pt\/wp-json\/wp\/v2\/product\/1925\/revisions"}],"wp:attachment":[{"href":"https:\/\/www.tosunlux.eu\/pt\/wp-json\/wp\/v2\/media?parent=1925"}],"wp:term":[{"taxonomy":"product_category","embeddable":true,"href":"https:\/\/www.tosunlux.eu\/pt\/wp-json\/wp\/v2\/product_category?post=1925"}],"curies":[{"name":"wp","href":"https:\/\/api.w.org\/{rel}","templated":true}]}}