{"id":2129,"date":"2022-04-29T14:17:30","date_gmt":"2022-04-29T06:17:30","guid":{"rendered":"https:\/\/www.tosunlux.eu\/?post_type=product&#038;p=2129"},"modified":"2022-04-29T14:17:31","modified_gmt":"2022-04-29T06:17:31","slug":"pushbutton-switch-pb2-bd53","status":"publish","type":"product","link":"https:\/\/www.tosunlux.eu\/pt\/products\/pushbutton-switch-pb2-bd53\/","title":{"rendered":"Interruptor de bot\u00e3o PB2-BD53"},"content":{"rendered":"<pre class=\"wp-block-verse\">Cabe\u00e7a circular, com bisel de metal cromado Unidades completas com conex\u00f5es por parafuso e grampo de cabo cativo\n\n<\/pre>\n\n\n<table style=\"border-collapse: collapse; width: 303.02pt;\" border=\"0\" width=\"404\" cellspacing=\"0\" cellpadding=\"0\">\n<tbody>\n<tr style=\"height: 13.50pt;\">\n<td class=\"et2\" style=\"height: 13.50pt; width: 303.50pt; border-right: .5pt solid #000000;\" colspan=\"5\" width=\"404\" height=\"18\">Chave seletora<br \/><br \/><\/td>\n<\/tr>\n<tr style=\"height: 13.50pt;\">\n<td class=\"et4\" style=\"height: 13.50pt; width: 87.50pt;\" width=\"116\" height=\"18\">Descri\u00e7\u00e3o<\/td>\n<td class=\"et4\" style=\"width: 54.00pt;\" width=\"72\">Contato<\/td>\n<td class=\"et4\" style=\"width: 54.00pt;\" width=\"72\">O circuito<\/td>\n<td class=\"et4\" style=\"width: 54.00pt;\" width=\"72\">Localidade<\/td>\n<td class=\"et4\" style=\"width: 54.00pt;\" width=\"72\">Modelo<\/td>\n<\/tr>\n<tr style=\"height: 25.50pt;\">\n<td class=\"et5\" style=\"height: 78.00pt; width: 87.50pt; border-bottom: .5pt solid #000000;\" rowspan=\"4\" width=\"116\" height=\"104\">Al\u00e7a padr\u00e3o <br \/>3 posi\u00e7\u00e3o<\/td>\n<td class=\"et5\" style=\"width: 54.00pt;\" width=\"72\">N\/O+N\/O<\/td>\n<td class=\"et5\" style=\"width: 54.00pt;\" width=\"72\"><img decoding=\"async\" class=\"alignnone  wp-image-2134\" src=\"https:\/\/www.tosunlux.eu\/wp-content\/uploads\/2022\/04\/21-4-300x210.jpg\" alt=\"\" width=\"39\" height=\"27\" srcset=\"https:\/\/www.tosunlux.eu\/wp-content\/uploads\/2022\/04\/21-4-300x210.jpg 300w, https:\/\/www.tosunlux.eu\/wp-content\/uploads\/2022\/04\/21-4-1024x716.jpg 1024w, https:\/\/www.tosunlux.eu\/wp-content\/uploads\/2022\/04\/21-4-768x537.jpg 768w, https:\/\/www.tosunlux.eu\/wp-content\/uploads\/2022\/04\/21-4-1536x1074.jpg 1536w, https:\/\/www.tosunlux.eu\/wp-content\/uploads\/2022\/04\/21-4.jpg 1600w\" sizes=\"(max-width: 39px) 100vw, 39px\" \/><\/td>\n<td class=\"et5\" style=\"width: 54.00pt; border-bottom: .5pt solid #000000;\" rowspan=\"4\" width=\"72\"><img decoding=\"async\" class=\"alignnone  wp-image-2136\" src=\"https:\/\/www.tosunlux.eu\/wp-content\/uploads\/2022\/04\/53-2-2-41x300.jpg\" alt=\"\" width=\"19\" height=\"138\" \/><\/td>\n<td class=\"et5\" style=\"width: 54.00pt;\" width=\"72\">PB2-BD33<\/td>\n<\/tr>\n<tr style=\"height: 25.50pt;\">\n<td class=\"et5\" style=\"width: 54.00pt; border-bottom: .5pt solid #000000;\" rowspan=\"3\" width=\"72\">N\/O+N\/O<\/td>\n<td class=\"et7\" style=\"width: 54.00pt; border-bottom: .5pt solid #000000;\" rowspan=\"3\" width=\"72\"><img decoding=\"async\" class=\"alignnone  wp-image-2135\" src=\"https:\/\/www.tosunlux.eu\/wp-content\/uploads\/2022\/04\/21-1-1-300x160.jpg\" alt=\"\" width=\"44\" height=\"24\" srcset=\"https:\/\/www.tosunlux.eu\/wp-content\/uploads\/2022\/04\/21-1-1-300x160.jpg 300w, https:\/\/www.tosunlux.eu\/wp-content\/uploads\/2022\/04\/21-1-1-1024x547.jpg 1024w, https:\/\/www.tosunlux.eu\/wp-content\/uploads\/2022\/04\/21-1-1-768x410.jpg 768w, https:\/\/www.tosunlux.eu\/wp-content\/uploads\/2022\/04\/21-1-1-1536x820.jpg 1536w, https:\/\/www.tosunlux.eu\/wp-content\/uploads\/2022\/04\/21-1-1.jpg 1600w\" sizes=\"(max-width: 44px) 100vw, 44px\" \/><\/td>\n<td class=\"et4\" style=\"width: 54.00pt;\" width=\"72\">PB2-BD53<\/td>\n<\/tr>\n<tr style=\"height: 13.50pt;\">\n<td class=\"et4\" style=\"width: 54.00pt;\" width=\"72\">PB2-BD73<\/td>\n<\/tr>\n<tr style=\"height: 13.50pt;\">\n<td class=\"et4\" style=\"width: 54.00pt;\" width=\"72\">PB2-BD83<\/td>\n<\/tr>\n<\/tbody>\n<\/table>\n<p><!--more--><\/p>","protected":false},"parent":0,"template":"","product_category":[35,94],"class_list":["post-2129","product","type-product","status-publish","hentry","product_category-industrial-control-devices","product_category-pushbutton-switch"],"yoast_head":"<!-- This site is optimized with the Yoast SEO plugin v27.3 - https:\/\/yoast.com\/product\/yoast-seo-wordpress\/ -->\n<title>WholesalePushbutton Switch PB2-BD53 - TOSUNlux Official Site - Electrical Circuit Breaker Manufacturer in China Low Voltage Electrical Supplier | TOSUNlux<\/title>\n<meta name=\"description\" content=\"Pushbutton Switch PB2-BD53 Supplier - Wholesale direct from TOSUNlux, a trusted manufacturer since 1994. Get your B2B factory quote on our certified Low Voltage electrical products.\" \/>\n<meta name=\"robots\" content=\"index, follow, max-snippet:-1, max-image-preview:large, max-video-preview:-1\" \/>\n<link rel=\"canonical\" href=\"https:\/\/www.tosunlux.eu\/pt\/products\/pushbutton-switch-pb2-bd53\/\" \/>\n<meta property=\"og:locale\" content=\"pt_BR\" \/>\n<meta property=\"og:type\" content=\"article\" \/>\n<meta property=\"og:title\" content=\"WholesalePushbutton Switch PB2-BD53 - TOSUNlux Official Site - Electrical Circuit Breaker Manufacturer in China Low Voltage Electrical Supplier | TOSUNlux\" \/>\n<meta property=\"og:description\" content=\"Pushbutton Switch PB2-BD53 Supplier - Wholesale direct from TOSUNlux, a trusted manufacturer since 1994. Get your B2B factory quote on our certified Low Voltage electrical products.\" \/>\n<meta property=\"og:url\" content=\"https:\/\/www.tosunlux.eu\/pt\/products\/pushbutton-switch-pb2-bd53\/\" \/>\n<meta property=\"og:site_name\" content=\"TOSUNlux Official Site - Electrical Circuit Breaker Manufacturer in China\" \/>\n<meta property=\"article:publisher\" content=\"https:\/\/www.facebook.com\/TOSUNelectric\/\" \/>\n<meta property=\"article:modified_time\" content=\"2022-04-29T06:17:31+00:00\" \/>\n<meta property=\"og:image\" content=\"https:\/\/www.tosunlux.eu\/wp-content\/uploads\/2022\/04\/21-4-300x210.jpg\" \/>\n<meta name=\"twitter:card\" content=\"summary_large_image\" \/>\n<meta name=\"twitter:label1\" content=\"Est. tempo de leitura\" \/>\n\t<meta name=\"twitter:data1\" content=\"1 minuto\" \/>\n<script type=\"application\/ld+json\" class=\"yoast-schema-graph\">{\"@context\":\"https:\\\/\\\/schema.org\",\"@graph\":[{\"@type\":\"WebPage\",\"@id\":\"https:\\\/\\\/www.tosunlux.eu\\\/fr\\\/products\\\/pushbutton-switch-pb2-bd53\\\/\",\"url\":\"https:\\\/\\\/www.tosunlux.eu\\\/fr\\\/products\\\/pushbutton-switch-pb2-bd53\\\/\",\"name\":\"WholesalePushbutton Switch PB2-BD53 - TOSUNlux Official Site - Electrical Circuit Breaker Manufacturer in China Low Voltage Electrical Supplier | TOSUNlux\",\"isPartOf\":{\"@id\":\"https:\\\/\\\/www.tosunlux.eu\\\/ru\\\/#website\"},\"primaryImageOfPage\":{\"@id\":\"https:\\\/\\\/www.tosunlux.eu\\\/fr\\\/products\\\/pushbutton-switch-pb2-bd53\\\/#primaryimage\"},\"image\":{\"@id\":\"https:\\\/\\\/www.tosunlux.eu\\\/fr\\\/products\\\/pushbutton-switch-pb2-bd53\\\/#primaryimage\"},\"thumbnailUrl\":\"https:\\\/\\\/www.tosunlux.eu\\\/wp-content\\\/uploads\\\/2022\\\/04\\\/21-4-300x210.jpg\",\"datePublished\":\"2022-04-29T06:17:30+00:00\",\"dateModified\":\"2022-04-29T06:17:31+00:00\",\"description\":\"Pushbutton Switch PB2-BD53 Supplier - Wholesale direct from TOSUNlux, a trusted manufacturer since 1994. Get your B2B factory quote on our certified Low Voltage electrical products.\",\"breadcrumb\":{\"@id\":\"https:\\\/\\\/www.tosunlux.eu\\\/fr\\\/products\\\/pushbutton-switch-pb2-bd53\\\/#breadcrumb\"},\"inLanguage\":\"pt-BR\",\"potentialAction\":[{\"@type\":\"ReadAction\",\"target\":[\"https:\\\/\\\/www.tosunlux.eu\\\/fr\\\/products\\\/pushbutton-switch-pb2-bd53\\\/\"]}]},{\"@type\":\"ImageObject\",\"inLanguage\":\"pt-BR\",\"@id\":\"https:\\\/\\\/www.tosunlux.eu\\\/fr\\\/products\\\/pushbutton-switch-pb2-bd53\\\/#primaryimage\",\"url\":\"https:\\\/\\\/www.tosunlux.eu\\\/wp-content\\\/uploads\\\/2022\\\/04\\\/21-4-300x210.jpg\",\"contentUrl\":\"https:\\\/\\\/www.tosunlux.eu\\\/wp-content\\\/uploads\\\/2022\\\/04\\\/21-4-300x210.jpg\"},{\"@type\":\"BreadcrumbList\",\"@id\":\"https:\\\/\\\/www.tosunlux.eu\\\/fr\\\/products\\\/pushbutton-switch-pb2-bd53\\\/#breadcrumb\",\"itemListElement\":[{\"@type\":\"ListItem\",\"position\":1,\"name\":\"Home\",\"item\":\"https:\\\/\\\/www.tosunlux.eu\\\/ru\\\/\"},{\"@type\":\"ListItem\",\"position\":2,\"name\":\"Products\",\"item\":\"https:\\\/\\\/www.tosunlux.eu\\\/products\\\/\"},{\"@type\":\"ListItem\",\"position\":3,\"name\":\"Pushbutton Switch PB2-BD53\"}]},{\"@type\":\"WebSite\",\"@id\":\"https:\\\/\\\/www.tosunlux.eu\\\/ru\\\/#website\",\"url\":\"https:\\\/\\\/www.tosunlux.eu\\\/ru\\\/\",\"name\":\"TOSUNlux Official Site - Electrical Circuit Breaker Manufacturer in China\",\"description\":\"Power Distribution System Supplier\",\"publisher\":{\"@id\":\"https:\\\/\\\/www.tosunlux.eu\\\/ru\\\/#organization\"},\"alternateName\":\"TOSUNlux\",\"potentialAction\":[{\"@type\":\"SearchAction\",\"target\":{\"@type\":\"EntryPoint\",\"urlTemplate\":\"https:\\\/\\\/www.tosunlux.eu\\\/ru\\\/?s={search_term_string}\"},\"query-input\":{\"@type\":\"PropertyValueSpecification\",\"valueRequired\":true,\"valueName\":\"search_term_string\"}}],\"inLanguage\":\"pt-BR\"},{\"@type\":\"Organization\",\"@id\":\"https:\\\/\\\/www.tosunlux.eu\\\/ru\\\/#organization\",\"name\":\"TOSUNlux\",\"url\":\"https:\\\/\\\/www.tosunlux.eu\\\/ru\\\/\",\"logo\":{\"@type\":\"ImageObject\",\"inLanguage\":\"pt-BR\",\"@id\":\"https:\\\/\\\/www.tosunlux.eu\\\/ru\\\/#\\\/schema\\\/logo\\\/image\\\/\",\"url\":\"https:\\\/\\\/www.tosunlux.eu\\\/wp-content\\\/uploads\\\/2022\\\/01\\\/LOGOSYSM.71762f1.png\",\"contentUrl\":\"https:\\\/\\\/www.tosunlux.eu\\\/wp-content\\\/uploads\\\/2022\\\/01\\\/LOGOSYSM.71762f1.png\",\"width\":153,\"height\":55,\"caption\":\"TOSUNlux\"},\"image\":{\"@id\":\"https:\\\/\\\/www.tosunlux.eu\\\/ru\\\/#\\\/schema\\\/logo\\\/image\\\/\"},\"sameAs\":[\"https:\\\/\\\/www.facebook.com\\\/TOSUNelectric\\\/\",\"https:\\\/\\\/www.linkedin.com\\\/company\\\/wenzhou-tosun-electric-co.-ltd\\\/\"]}]}<\/script>\n<!-- \/ Yoast SEO plugin. -->","yoast_head_json":{"title":"Interruptor de bot\u00e3o de press\u00e3o PB2-BD53 - Site oficial da TOSUNlux - Fabricante de disjuntores el\u00e9tricos na China, fornecedor de energia el\u00e9trica de baixa tens\u00e3o | TOSUNlux","description":"Fornecedor de interruptor de bot\u00e3o PB2-BD53 - Venda por atacado diretamente da TOSUNlux, um fabricante confi\u00e1vel desde 1994. Obtenha seu or\u00e7amento de f\u00e1brica B2B para nossos produtos el\u00e9tricos de baixa tens\u00e3o certificados.","robots":{"index":"index","follow":"follow","max-snippet":"max-snippet:-1","max-image-preview":"max-image-preview:large","max-video-preview":"max-video-preview:-1"},"canonical":"https:\/\/www.tosunlux.eu\/pt\/products\/pushbutton-switch-pb2-bd53\/","og_locale":"pt_BR","og_type":"article","og_title":"WholesalePushbutton Switch PB2-BD53 - TOSUNlux Official Site - Electrical Circuit Breaker Manufacturer in China Low Voltage Electrical Supplier | TOSUNlux","og_description":"Pushbutton Switch PB2-BD53 Supplier - Wholesale direct from TOSUNlux, a trusted manufacturer since 1994. Get your B2B factory quote on our certified Low Voltage electrical products.","og_url":"https:\/\/www.tosunlux.eu\/pt\/products\/pushbutton-switch-pb2-bd53\/","og_site_name":"TOSUNlux Official Site - Electrical Circuit Breaker Manufacturer in China","article_publisher":"https:\/\/www.facebook.com\/TOSUNelectric\/","article_modified_time":"2022-04-29T06:17:31+00:00","og_image":[{"url":"https:\/\/www.tosunlux.eu\/wp-content\/uploads\/2022\/04\/21-4-300x210.jpg","type":"","width":"","height":""}],"twitter_card":"summary_large_image","twitter_misc":{"Est. tempo de leitura":"1 minuto"},"schema":{"@context":"https:\/\/schema.org","@graph":[{"@type":"WebPage","@id":"https:\/\/www.tosunlux.eu\/fr\/products\/pushbutton-switch-pb2-bd53\/","url":"https:\/\/www.tosunlux.eu\/fr\/products\/pushbutton-switch-pb2-bd53\/","name":"Interruptor de bot\u00e3o de press\u00e3o PB2-BD53 - Site oficial da TOSUNlux - Fabricante de disjuntores el\u00e9tricos na China, fornecedor de energia el\u00e9trica de baixa tens\u00e3o | TOSUNlux","isPartOf":{"@id":"https:\/\/www.tosunlux.eu\/ru\/#website"},"primaryImageOfPage":{"@id":"https:\/\/www.tosunlux.eu\/fr\/products\/pushbutton-switch-pb2-bd53\/#primaryimage"},"image":{"@id":"https:\/\/www.tosunlux.eu\/fr\/products\/pushbutton-switch-pb2-bd53\/#primaryimage"},"thumbnailUrl":"https:\/\/www.tosunlux.eu\/wp-content\/uploads\/2022\/04\/21-4-300x210.jpg","datePublished":"2022-04-29T06:17:30+00:00","dateModified":"2022-04-29T06:17:31+00:00","description":"Fornecedor de interruptor de bot\u00e3o PB2-BD53 - Venda por atacado diretamente da TOSUNlux, um fabricante confi\u00e1vel desde 1994. Obtenha seu or\u00e7amento de f\u00e1brica B2B para nossos produtos el\u00e9tricos de baixa tens\u00e3o certificados.","breadcrumb":{"@id":"https:\/\/www.tosunlux.eu\/fr\/products\/pushbutton-switch-pb2-bd53\/#breadcrumb"},"inLanguage":"pt-BR","potentialAction":[{"@type":"ReadAction","target":["https:\/\/www.tosunlux.eu\/fr\/products\/pushbutton-switch-pb2-bd53\/"]}]},{"@type":"ImageObject","inLanguage":"pt-BR","@id":"https:\/\/www.tosunlux.eu\/fr\/products\/pushbutton-switch-pb2-bd53\/#primaryimage","url":"https:\/\/www.tosunlux.eu\/wp-content\/uploads\/2022\/04\/21-4-300x210.jpg","contentUrl":"https:\/\/www.tosunlux.eu\/wp-content\/uploads\/2022\/04\/21-4-300x210.jpg"},{"@type":"BreadcrumbList","@id":"https:\/\/www.tosunlux.eu\/fr\/products\/pushbutton-switch-pb2-bd53\/#breadcrumb","itemListElement":[{"@type":"ListItem","position":1,"name":"Home","item":"https:\/\/www.tosunlux.eu\/ru\/"},{"@type":"ListItem","position":2,"name":"Products","item":"https:\/\/www.tosunlux.eu\/products\/"},{"@type":"ListItem","position":3,"name":"Pushbutton Switch PB2-BD53"}]},{"@type":"WebSite","@id":"https:\/\/www.tosunlux.eu\/ru\/#website","url":"https:\/\/www.tosunlux.eu\/ru\/","name":"Site Oficial TOSUNlux - Fabricante de Disjuntores El\u00e9tricos na China","description":"Fornecedor de sistema de distribui\u00e7\u00e3o de energia","publisher":{"@id":"https:\/\/www.tosunlux.eu\/ru\/#organization"},"alternateName":"TOSUNlux","potentialAction":[{"@type":"SearchAction","target":{"@type":"EntryPoint","urlTemplate":"https:\/\/www.tosunlux.eu\/ru\/?s={search_term_string}"},"query-input":{"@type":"PropertyValueSpecification","valueRequired":true,"valueName":"search_term_string"}}],"inLanguage":"pt-BR"},{"@type":"Organization","@id":"https:\/\/www.tosunlux.eu\/ru\/#organization","name":"TOSUNlux","url":"https:\/\/www.tosunlux.eu\/ru\/","logo":{"@type":"ImageObject","inLanguage":"pt-BR","@id":"https:\/\/www.tosunlux.eu\/ru\/#\/schema\/logo\/image\/","url":"https:\/\/www.tosunlux.eu\/wp-content\/uploads\/2022\/01\/LOGOSYSM.71762f1.png","contentUrl":"https:\/\/www.tosunlux.eu\/wp-content\/uploads\/2022\/01\/LOGOSYSM.71762f1.png","width":153,"height":55,"caption":"TOSUNlux"},"image":{"@id":"https:\/\/www.tosunlux.eu\/ru\/#\/schema\/logo\/image\/"},"sameAs":["https:\/\/www.facebook.com\/TOSUNelectric\/","https:\/\/www.linkedin.com\/company\/wenzhou-tosun-electric-co.-ltd\/"]}]}},"_links":{"self":[{"href":"https:\/\/www.tosunlux.eu\/pt\/wp-json\/wp\/v2\/product\/2129","targetHints":{"allow":["GET"]}}],"collection":[{"href":"https:\/\/www.tosunlux.eu\/pt\/wp-json\/wp\/v2\/product"}],"about":[{"href":"https:\/\/www.tosunlux.eu\/pt\/wp-json\/wp\/v2\/types\/product"}],"version-history":[{"count":1,"href":"https:\/\/www.tosunlux.eu\/pt\/wp-json\/wp\/v2\/product\/2129\/revisions"}],"predecessor-version":[{"id":2137,"href":"https:\/\/www.tosunlux.eu\/pt\/wp-json\/wp\/v2\/product\/2129\/revisions\/2137"}],"wp:attachment":[{"href":"https:\/\/www.tosunlux.eu\/pt\/wp-json\/wp\/v2\/media?parent=2129"}],"wp:term":[{"taxonomy":"product_category","embeddable":true,"href":"https:\/\/www.tosunlux.eu\/pt\/wp-json\/wp\/v2\/product_category?post=2129"}],"curies":[{"name":"wp","href":"https:\/\/api.w.org\/{rel}","templated":true}]}}