{"id":2139,"date":"2022-04-29T15:42:53","date_gmt":"2022-04-29T07:42:53","guid":{"rendered":"https:\/\/www.tosunlux.eu\/?post_type=product&#038;p=2139"},"modified":"2025-01-09T15:51:56","modified_gmt":"2025-01-09T07:51:56","slug":"tsw8-intelligent-circuit-breaker","status":"publish","type":"product","link":"https:\/\/www.tosunlux.eu\/pt\/products\/tsw8-intelligent-circuit-breaker\/","title":{"rendered":"Disjuntor Inteligente TSW8"},"content":{"rendered":"<figure class=\"wp-block-image size-full is-resized\"><img decoding=\"async\" src=\"https:\/\/www.tosunlux.eu\/wp-content\/uploads\/2025\/01\/\u8ba4\u8bc1-1.jpg\" alt=\"\" class=\"wp-image-12242\" width=\"81\" height=\"127\"\/><\/figure>\n\n\n\n<p><strong>Aplicativo<\/strong><\/p>\n\n\n\n<p>O disjuntor inteligente da s\u00e9rie TSW8 \u00e9 adequado para o circuito de CA 50\/60 Hz com tens\u00e3o nominal de 400 V, 690 V e corrente nominal de at\u00e9 6300 A. \u00c9 usado principalmente para distribui\u00e7\u00e3o de energia el\u00e9trica, bem como para proteger circuitos e equipamentos de fornecimento de energia contra sobrecarga, subtens\u00e3o, curto-circuito e aterramento monof\u00e1sico. Com fun\u00e7\u00f5es de prote\u00e7\u00e3o inteligentes e seletivas, o disjuntor pode melhorar a confiabilidade do fornecimento de energia e evitar falhas de energia desnecess\u00e1rias. O disjuntor \u00e9 aplicado em esta\u00e7\u00f5es de energia, f\u00e1bricas, minas (para 690 V) e edif\u00edcios altos modernos, especialmente para o sistema de distribui\u00e7\u00e3o de edif\u00edcios inteligentes. Os produtos com IEC60947-2.<\/p>\n\n\n\n<p><strong> Especifica\u00e7\u00e3o <\/strong><\/p>\n\n\n<table style=\"height: 615px;\" width=\"933\">\n<tbody>\n<tr>\n<td colspan=\"2\" width=\"215\">Modelo<\/td>\n<td style=\"text-align: center;\" width=\"94\">TSW8-1600<\/td>\n<td style=\"text-align: center;\" width=\"97\">TSW8-2000<\/td>\n<td style=\"text-align: center;\" width=\"95\">TSW8-3200<\/td>\n<td style=\"text-align: center;\" width=\"92\">TSW8-4000<\/td>\n<td style=\"text-align: center;\" width=\"93\">TSW8-6300<\/td>\n<\/tr>\n<tr>\n<td colspan=\"2\" width=\"215\">Corrente nominal do quadro em m (A)<\/td>\n<td style=\"text-align: center;\" width=\"94\">1600&nbsp;<\/td>\n<td style=\"text-align: center;\" width=\"97\">2000&nbsp;<\/td>\n<td style=\"text-align: center;\" width=\"95\">3200&nbsp;<\/td>\n<td style=\"text-align: center;\" width=\"92\">4000&nbsp;<\/td>\n<td style=\"text-align: center;\" width=\"93\">6300&nbsp;<\/td>\n<\/tr>\n<tr>\n<td colspan=\"2\" width=\"215\">N\u00famero de postes<\/td>\n<td style=\"text-align: center;\" width=\"94\">34<\/td>\n<td style=\"text-align: center;\" width=\"97\">34<\/td>\n<td style=\"text-align: center;\" width=\"95\">34<\/td>\n<td style=\"text-align: center;\" width=\"92\">34<\/td>\n<td style=\"text-align: center;\" width=\"93\">34<\/td>\n<\/tr>\n<tr>\n<td colspan=\"2\" width=\"215\">Corrente nominal em (A)<\/td>\n<td style=\"text-align: center;\" width=\"94\">&nbsp;&nbsp;&nbsp;&nbsp;&nbsp; 400 , 630 ,<br>&nbsp;&nbsp;&nbsp;&nbsp;&nbsp; 800 , 1000 ,<br>&nbsp;&nbsp;&nbsp;&nbsp;&nbsp; 1250 , 1600<\/td>\n<td style=\"text-align: center;\" width=\"97\">&nbsp;&nbsp;&nbsp;&nbsp; 630 , 800 ,<br>&nbsp;&nbsp;&nbsp;&nbsp; 1000 , 1250 ,<br>&nbsp;&nbsp;&nbsp;&nbsp; 1600 , 2000<\/td>\n<td style=\"text-align: center;\" width=\"95\">&nbsp;&nbsp;&nbsp;&nbsp; 2000 , 2500 ,<br>&nbsp;&nbsp;&nbsp;&nbsp; 2900 ,3200<\/td>\n<td style=\"text-align: center;\" width=\"92\">36,004,000<\/td>\n<td style=\"text-align: center;\" width=\"93\">&nbsp;&nbsp;&nbsp; 4000 , 5000 ,<br>&nbsp;&nbsp;&nbsp;&nbsp;&nbsp;&nbsp;&nbsp;&nbsp;&nbsp; 6300<\/td>\n<\/tr>\n<tr>\n<td rowspan=\"2\" width=\"118\">UTI (kA)<\/td>\n<td style=\"text-align: center;\" width=\"97\">400V<\/td>\n<td style=\"text-align: center;\" width=\"94\">50&nbsp;<\/td>\n<td style=\"text-align: center;\" width=\"97\">65&nbsp;<\/td>\n<td style=\"text-align: center;\" width=\"95\">80&nbsp;<\/td>\n<td style=\"text-align: center;\" width=\"92\">80&nbsp;<\/td>\n<td style=\"text-align: center;\" width=\"93\">120&nbsp;<\/td>\n<\/tr>\n<tr>\n<td style=\"text-align: center;\" width=\"97\">690V<\/td>\n<td style=\"text-align: center;\" width=\"94\">35&nbsp;<\/td>\n<td style=\"text-align: center;\" width=\"97\">50&nbsp;<\/td>\n<td style=\"text-align: center;\" width=\"95\">65&nbsp;<\/td>\n<td style=\"text-align: center;\" width=\"92\">65&nbsp;<\/td>\n<td style=\"text-align: center;\" width=\"93\">85&nbsp;<\/td>\n<\/tr>\n<tr>\n<td rowspan=\"2\" width=\"118\">ICs (kA)<\/td>\n<td style=\"text-align: center;\" width=\"97\">400V<\/td>\n<td style=\"text-align: center;\" width=\"94\">42&nbsp;<\/td>\n<td style=\"text-align: center;\" width=\"97\">50&nbsp;<\/td>\n<td style=\"text-align: center;\" width=\"95\">65&nbsp;<\/td>\n<td style=\"text-align: center;\" width=\"92\">65&nbsp;<\/td>\n<td style=\"text-align: center;\" width=\"93\">100&nbsp;<\/td>\n<\/tr>\n<tr>\n<td style=\"text-align: center;\" width=\"97\">690V<\/td>\n<td style=\"text-align: center;\" width=\"94\">35&nbsp;<\/td>\n<td style=\"text-align: center;\" width=\"97\">40&nbsp;<\/td>\n<td style=\"text-align: center;\" width=\"95\">50&nbsp;<\/td>\n<td style=\"text-align: center;\" width=\"92\">50&nbsp;<\/td>\n<td style=\"text-align: center;\" width=\"93\">75&nbsp;<\/td>\n<\/tr>\n<tr>\n<td colspan=\"2\" width=\"215\">Corrente nominal no p\u00f3lo N em (A)<\/td>\n<td style=\"text-align: center;\" width=\"94\">100% Em<\/td>\n<td style=\"text-align: center;\" width=\"97\">100% Em<\/td>\n<td style=\"text-align: center;\" width=\"95\">100% Em<\/td>\n<td style=\"text-align: center;\" width=\"92\">50% Em<\/td>\n<td style=\"text-align: center;\" width=\"93\">50% Em<\/td>\n<\/tr>\n<tr>\n<td colspan=\"2\" width=\"215\">Tempo inerente de fazer e quebrar<\/td>\n<td style=\"text-align: center;\" colspan=\"5\" width=\"474\">30ms<\/td>\n<\/tr>\n<tr>\n<td colspan=\"2\" width=\"215\">Vida El\u00e9trica (tempos)<\/td>\n<td style=\"text-align: center;\" width=\"94\">1500&nbsp;<\/td>\n<td style=\"text-align: center;\" width=\"97\">1500&nbsp;<\/td>\n<td style=\"text-align: center;\" width=\"95\">1000&nbsp;<\/td>\n<td style=\"text-align: center;\" width=\"92\">500&nbsp;<\/td>\n<td style=\"text-align: center;\" width=\"93\">500&nbsp;<\/td>\n<\/tr>\n<tr>\n<td colspan=\"2\" width=\"215\">Vida Mec\u00e2nica (tempos)<\/td>\n<td style=\"text-align: center;\" width=\"94\">5000&nbsp;<\/td>\n<td style=\"text-align: center;\" width=\"97\">5000&nbsp;<\/td>\n<td style=\"text-align: center;\" width=\"95\">4000&nbsp;<\/td>\n<td style=\"text-align: center;\" width=\"92\">2500&nbsp;<\/td>\n<td style=\"text-align: center;\" width=\"93\">2500&nbsp;<\/td>\n<\/tr>\n<tr>\n<td colspan=\"2\" width=\"215\">Modo de montagem<\/td>\n<td style=\"text-align: center;\" colspan=\"5\" width=\"474\">Tipo Fixo ou Tipo Retir\u00e1vel<\/td>\n<\/tr>\n<tr>\n<td colspan=\"2\" width=\"215\">Dist\u00e2ncia do arco (mm)<\/td>\n<td style=\"text-align: center;\" colspan=\"5\" width=\"474\">\u2013<\/td>\n<\/tr>\n<tr>\n<td colspan=\"2\" width=\"215\">Controlador Inteligente<\/td>\n<td style=\"text-align: center;\" colspan=\"5\" width=\"474\">Tipo padr\u00e3o (M), tipo de telecomunica\u00e7\u00e3o (H)<\/td>\n<\/tr>\n<\/tbody>\n<\/table>\n\n\n<p><strong>Diagrama de Estrutura de Tipo Fixo<\/strong><\/p>\n\n\n\n<figure class=\"wp-block-image size-large is-resized\"><img fetchpriority=\"high\" decoding=\"async\" src=\"https:\/\/www.tosunlux.eu\/wp-content\/uploads\/2025\/01\/1-11-1024x684.jpg\" alt=\"\" class=\"wp-image-12243\" width=\"905\" height=\"605\" srcset=\"https:\/\/www.tosunlux.eu\/wp-content\/uploads\/2025\/01\/1-11-1024x684.jpg 1024w, https:\/\/www.tosunlux.eu\/wp-content\/uploads\/2025\/01\/1-11-300x200.jpg 300w, https:\/\/www.tosunlux.eu\/wp-content\/uploads\/2025\/01\/1-11-768x513.jpg 768w, https:\/\/www.tosunlux.eu\/wp-content\/uploads\/2025\/01\/1-11-1536x1026.jpg 1536w, https:\/\/www.tosunlux.eu\/wp-content\/uploads\/2025\/01\/1-11-18x12.jpg 18w, https:\/\/www.tosunlux.eu\/wp-content\/uploads\/2025\/01\/1-11.jpg 1809w\" sizes=\"(max-width: 905px) 100vw, 905px\" \/><\/figure>\n\n\n\n<p><strong>Diagrama de Estrutura do Tipo de Gaveta<\/strong><\/p>\n\n\n\n<figure class=\"wp-block-image size-large is-resized\"><img decoding=\"async\" src=\"https:\/\/www.tosunlux.eu\/wp-content\/uploads\/2025\/01\/2-6-1024x650.jpg\" alt=\"\" class=\"wp-image-12244\" width=\"970\" height=\"616\" srcset=\"https:\/\/www.tosunlux.eu\/wp-content\/uploads\/2025\/01\/2-6-1024x650.jpg 1024w, https:\/\/www.tosunlux.eu\/wp-content\/uploads\/2025\/01\/2-6-300x191.jpg 300w, https:\/\/www.tosunlux.eu\/wp-content\/uploads\/2025\/01\/2-6-768x488.jpg 768w, https:\/\/www.tosunlux.eu\/wp-content\/uploads\/2025\/01\/2-6-1536x975.jpg 1536w, https:\/\/www.tosunlux.eu\/wp-content\/uploads\/2025\/01\/2-6-18x12.jpg 18w, https:\/\/www.tosunlux.eu\/wp-content\/uploads\/2025\/01\/2-6.jpg 1910w\" sizes=\"(max-width: 970px) 100vw, 970px\" \/><\/figure>","protected":false},"parent":0,"template":"","product_category":[24,85],"class_list":["post-2139","product","type-product","status-publish","hentry","product_category-power-distribution-system","product_category-intelligent-circuit-breaker"],"yoast_head":"<!-- This site is optimized with the Yoast SEO plugin v27.4 - https:\/\/yoast.com\/product\/yoast-seo-wordpress\/ -->\n<title>WholesaleTSW8 Intelligent Circuit Breaker - TOSUNlux Official Site - Electrical Circuit Breaker Manufacturer in China Low Voltage Electrical Supplier | TOSUNlux<\/title>\n<meta name=\"description\" content=\"TSW8 Intelligent Circuit Breaker Supplier - Wholesale direct from TOSUNlux, a trusted manufacturer since 1994. Get your B2B factory quote on our certified Low Voltage electrical products.\" \/>\n<meta name=\"robots\" content=\"index, follow, max-snippet:-1, max-image-preview:large, max-video-preview:-1\" \/>\n<link rel=\"canonical\" href=\"https:\/\/www.tosunlux.eu\/pt\/products\/tsw8-intelligent-circuit-breaker\/\" \/>\n<meta property=\"og:locale\" content=\"pt_BR\" \/>\n<meta property=\"og:type\" content=\"article\" \/>\n<meta property=\"og:title\" content=\"WholesaleTSW8 Intelligent Circuit Breaker - TOSUNlux Official Site - Electrical Circuit Breaker Manufacturer in China Low Voltage Electrical Supplier | TOSUNlux\" \/>\n<meta property=\"og:description\" content=\"TSW8 Intelligent Circuit Breaker Supplier - Wholesale direct from TOSUNlux, a trusted manufacturer since 1994. Get your B2B factory quote on our certified Low Voltage electrical products.\" \/>\n<meta property=\"og:url\" content=\"https:\/\/www.tosunlux.eu\/pt\/products\/tsw8-intelligent-circuit-breaker\/\" \/>\n<meta property=\"og:site_name\" content=\"TOSUNlux Official Site - Electrical Circuit Breaker Manufacturer in China\" \/>\n<meta property=\"article:publisher\" content=\"https:\/\/www.facebook.com\/TOSUNelectric\/\" \/>\n<meta property=\"article:modified_time\" content=\"2025-01-09T07:51:56+00:00\" \/>\n<meta property=\"og:image\" content=\"https:\/\/www.tosunlux.eu\/wp-content\/uploads\/2025\/01\/1-11-1024x684.jpg\" \/>\n<meta name=\"twitter:card\" content=\"summary_large_image\" \/>\n<meta name=\"twitter:label1\" content=\"Est. tempo de leitura\" \/>\n\t<meta name=\"twitter:data1\" content=\"2 minutos\" \/>\n<script type=\"application\/ld+json\" class=\"yoast-schema-graph\">{\"@context\":\"https:\\\/\\\/schema.org\",\"@graph\":[{\"@type\":\"WebPage\",\"@id\":\"https:\\\/\\\/www.tosunlux.eu\\\/pl\\\/products\\\/tsw8-intelligent-circuit-breaker\\\/\",\"url\":\"https:\\\/\\\/www.tosunlux.eu\\\/pl\\\/products\\\/tsw8-intelligent-circuit-breaker\\\/\",\"name\":\"WholesaleTSW8 Intelligent Circuit Breaker - TOSUNlux Official Site - Electrical Circuit Breaker Manufacturer in China Low Voltage Electrical Supplier | TOSUNlux\",\"isPartOf\":{\"@id\":\"https:\\\/\\\/www.tosunlux.eu\\\/ru\\\/#website\"},\"primaryImageOfPage\":{\"@id\":\"https:\\\/\\\/www.tosunlux.eu\\\/pl\\\/products\\\/tsw8-intelligent-circuit-breaker\\\/#primaryimage\"},\"image\":{\"@id\":\"https:\\\/\\\/www.tosunlux.eu\\\/pl\\\/products\\\/tsw8-intelligent-circuit-breaker\\\/#primaryimage\"},\"thumbnailUrl\":\"https:\\\/\\\/www.tosunlux.eu\\\/wp-content\\\/uploads\\\/2025\\\/01\\\/1-11-1024x684.jpg\",\"datePublished\":\"2022-04-29T07:42:53+00:00\",\"dateModified\":\"2025-01-09T07:51:56+00:00\",\"description\":\"TSW8 Intelligent Circuit Breaker Supplier - Wholesale direct from TOSUNlux, a trusted manufacturer since 1994. Get your B2B factory quote on our certified Low Voltage electrical products.\",\"breadcrumb\":{\"@id\":\"https:\\\/\\\/www.tosunlux.eu\\\/pl\\\/products\\\/tsw8-intelligent-circuit-breaker\\\/#breadcrumb\"},\"inLanguage\":\"pt-BR\",\"potentialAction\":[{\"@type\":\"ReadAction\",\"target\":[\"https:\\\/\\\/www.tosunlux.eu\\\/pl\\\/products\\\/tsw8-intelligent-circuit-breaker\\\/\"]}]},{\"@type\":\"ImageObject\",\"inLanguage\":\"pt-BR\",\"@id\":\"https:\\\/\\\/www.tosunlux.eu\\\/pl\\\/products\\\/tsw8-intelligent-circuit-breaker\\\/#primaryimage\",\"url\":\"https:\\\/\\\/www.tosunlux.eu\\\/wp-content\\\/uploads\\\/2025\\\/01\\\/1-11-1024x684.jpg\",\"contentUrl\":\"https:\\\/\\\/www.tosunlux.eu\\\/wp-content\\\/uploads\\\/2025\\\/01\\\/1-11-1024x684.jpg\"},{\"@type\":\"BreadcrumbList\",\"@id\":\"https:\\\/\\\/www.tosunlux.eu\\\/pl\\\/products\\\/tsw8-intelligent-circuit-breaker\\\/#breadcrumb\",\"itemListElement\":[{\"@type\":\"ListItem\",\"position\":1,\"name\":\"Home\",\"item\":\"https:\\\/\\\/www.tosunlux.eu\\\/ru\\\/\"},{\"@type\":\"ListItem\",\"position\":2,\"name\":\"Products\",\"item\":\"https:\\\/\\\/www.tosunlux.eu\\\/products\\\/\"},{\"@type\":\"ListItem\",\"position\":3,\"name\":\"TSW8 Intelligent Circuit Breaker\"}]},{\"@type\":\"WebSite\",\"@id\":\"https:\\\/\\\/www.tosunlux.eu\\\/ru\\\/#website\",\"url\":\"https:\\\/\\\/www.tosunlux.eu\\\/ru\\\/\",\"name\":\"TOSUNlux Official Site - Electrical Circuit Breaker Manufacturer in China\",\"description\":\"Power Distribution System Supplier\",\"publisher\":{\"@id\":\"https:\\\/\\\/www.tosunlux.eu\\\/ru\\\/#organization\"},\"alternateName\":\"TOSUNlux\",\"potentialAction\":[{\"@type\":\"SearchAction\",\"target\":{\"@type\":\"EntryPoint\",\"urlTemplate\":\"https:\\\/\\\/www.tosunlux.eu\\\/ru\\\/?s={search_term_string}\"},\"query-input\":{\"@type\":\"PropertyValueSpecification\",\"valueRequired\":true,\"valueName\":\"search_term_string\"}}],\"inLanguage\":\"pt-BR\"},{\"@type\":\"Organization\",\"@id\":\"https:\\\/\\\/www.tosunlux.eu\\\/ru\\\/#organization\",\"name\":\"TOSUNlux\",\"url\":\"https:\\\/\\\/www.tosunlux.eu\\\/ru\\\/\",\"logo\":{\"@type\":\"ImageObject\",\"inLanguage\":\"pt-BR\",\"@id\":\"https:\\\/\\\/www.tosunlux.eu\\\/ru\\\/#\\\/schema\\\/logo\\\/image\\\/\",\"url\":\"https:\\\/\\\/www.tosunlux.eu\\\/wp-content\\\/uploads\\\/2022\\\/01\\\/LOGOSYSM.71762f1.png\",\"contentUrl\":\"https:\\\/\\\/www.tosunlux.eu\\\/wp-content\\\/uploads\\\/2022\\\/01\\\/LOGOSYSM.71762f1.png\",\"width\":153,\"height\":55,\"caption\":\"TOSUNlux\"},\"image\":{\"@id\":\"https:\\\/\\\/www.tosunlux.eu\\\/ru\\\/#\\\/schema\\\/logo\\\/image\\\/\"},\"sameAs\":[\"https:\\\/\\\/www.facebook.com\\\/TOSUNelectric\\\/\",\"https:\\\/\\\/www.linkedin.com\\\/company\\\/wenzhou-tosun-electric-co.-ltd\\\/\"]}]}<\/script>\n<!-- \/ Yoast SEO plugin. -->","yoast_head_json":{"title":"Disjuntor Inteligente TSW8 por Atacado - Site Oficial da TOSUNlux - Fabricante de Disjuntores El\u00e9tricos na China, Fornecedor de Equipamentos El\u00e9tricos de Baixa Tens\u00e3o | TOSUNlux","description":"Fornecedor de disjuntor inteligente TSW8 - Venda por atacado diretamente da TOSUNlux, um fabricante confi\u00e1vel desde 1994. Obtenha seu or\u00e7amento de f\u00e1brica B2B para nossos produtos el\u00e9tricos de baixa tens\u00e3o certificados.","robots":{"index":"index","follow":"follow","max-snippet":"max-snippet:-1","max-image-preview":"max-image-preview:large","max-video-preview":"max-video-preview:-1"},"canonical":"https:\/\/www.tosunlux.eu\/pt\/products\/tsw8-intelligent-circuit-breaker\/","og_locale":"pt_BR","og_type":"article","og_title":"WholesaleTSW8 Intelligent Circuit Breaker - TOSUNlux Official Site - Electrical Circuit Breaker Manufacturer in China Low Voltage Electrical Supplier | TOSUNlux","og_description":"TSW8 Intelligent Circuit Breaker Supplier - Wholesale direct from TOSUNlux, a trusted manufacturer since 1994. Get your B2B factory quote on our certified Low Voltage electrical products.","og_url":"https:\/\/www.tosunlux.eu\/pt\/products\/tsw8-intelligent-circuit-breaker\/","og_site_name":"TOSUNlux Official Site - Electrical Circuit Breaker Manufacturer in China","article_publisher":"https:\/\/www.facebook.com\/TOSUNelectric\/","article_modified_time":"2025-01-09T07:51:56+00:00","og_image":[{"url":"https:\/\/www.tosunlux.eu\/wp-content\/uploads\/2025\/01\/1-11-1024x684.jpg","type":"","width":"","height":""}],"twitter_card":"summary_large_image","twitter_misc":{"Est. tempo de leitura":"2 minutos"},"schema":{"@context":"https:\/\/schema.org","@graph":[{"@type":"WebPage","@id":"https:\/\/www.tosunlux.eu\/pl\/products\/tsw8-intelligent-circuit-breaker\/","url":"https:\/\/www.tosunlux.eu\/pl\/products\/tsw8-intelligent-circuit-breaker\/","name":"Disjuntor Inteligente TSW8 por Atacado - Site Oficial da TOSUNlux - Fabricante de Disjuntores El\u00e9tricos na China, Fornecedor de Equipamentos El\u00e9tricos de Baixa Tens\u00e3o | TOSUNlux","isPartOf":{"@id":"https:\/\/www.tosunlux.eu\/ru\/#website"},"primaryImageOfPage":{"@id":"https:\/\/www.tosunlux.eu\/pl\/products\/tsw8-intelligent-circuit-breaker\/#primaryimage"},"image":{"@id":"https:\/\/www.tosunlux.eu\/pl\/products\/tsw8-intelligent-circuit-breaker\/#primaryimage"},"thumbnailUrl":"https:\/\/www.tosunlux.eu\/wp-content\/uploads\/2025\/01\/1-11-1024x684.jpg","datePublished":"2022-04-29T07:42:53+00:00","dateModified":"2025-01-09T07:51:56+00:00","description":"Fornecedor de disjuntor inteligente TSW8 - Venda por atacado diretamente da TOSUNlux, um fabricante confi\u00e1vel desde 1994. Obtenha seu or\u00e7amento de f\u00e1brica B2B para nossos produtos el\u00e9tricos de baixa tens\u00e3o certificados.","breadcrumb":{"@id":"https:\/\/www.tosunlux.eu\/pl\/products\/tsw8-intelligent-circuit-breaker\/#breadcrumb"},"inLanguage":"pt-BR","potentialAction":[{"@type":"ReadAction","target":["https:\/\/www.tosunlux.eu\/pl\/products\/tsw8-intelligent-circuit-breaker\/"]}]},{"@type":"ImageObject","inLanguage":"pt-BR","@id":"https:\/\/www.tosunlux.eu\/pl\/products\/tsw8-intelligent-circuit-breaker\/#primaryimage","url":"https:\/\/www.tosunlux.eu\/wp-content\/uploads\/2025\/01\/1-11-1024x684.jpg","contentUrl":"https:\/\/www.tosunlux.eu\/wp-content\/uploads\/2025\/01\/1-11-1024x684.jpg"},{"@type":"BreadcrumbList","@id":"https:\/\/www.tosunlux.eu\/pl\/products\/tsw8-intelligent-circuit-breaker\/#breadcrumb","itemListElement":[{"@type":"ListItem","position":1,"name":"Home","item":"https:\/\/www.tosunlux.eu\/ru\/"},{"@type":"ListItem","position":2,"name":"Products","item":"https:\/\/www.tosunlux.eu\/products\/"},{"@type":"ListItem","position":3,"name":"TSW8 Intelligent Circuit Breaker"}]},{"@type":"WebSite","@id":"https:\/\/www.tosunlux.eu\/ru\/#website","url":"https:\/\/www.tosunlux.eu\/ru\/","name":"Site Oficial TOSUNlux - Fabricante de Disjuntores El\u00e9tricos na China","description":"Fornecedor de sistema de distribui\u00e7\u00e3o de energia","publisher":{"@id":"https:\/\/www.tosunlux.eu\/ru\/#organization"},"alternateName":"TOSUNlux","potentialAction":[{"@type":"SearchAction","target":{"@type":"EntryPoint","urlTemplate":"https:\/\/www.tosunlux.eu\/ru\/?s={search_term_string}"},"query-input":{"@type":"PropertyValueSpecification","valueRequired":true,"valueName":"search_term_string"}}],"inLanguage":"pt-BR"},{"@type":"Organization","@id":"https:\/\/www.tosunlux.eu\/ru\/#organization","name":"TOSUNlux","url":"https:\/\/www.tosunlux.eu\/ru\/","logo":{"@type":"ImageObject","inLanguage":"pt-BR","@id":"https:\/\/www.tosunlux.eu\/ru\/#\/schema\/logo\/image\/","url":"https:\/\/www.tosunlux.eu\/wp-content\/uploads\/2022\/01\/LOGOSYSM.71762f1.png","contentUrl":"https:\/\/www.tosunlux.eu\/wp-content\/uploads\/2022\/01\/LOGOSYSM.71762f1.png","width":153,"height":55,"caption":"TOSUNlux"},"image":{"@id":"https:\/\/www.tosunlux.eu\/ru\/#\/schema\/logo\/image\/"},"sameAs":["https:\/\/www.facebook.com\/TOSUNelectric\/","https:\/\/www.linkedin.com\/company\/wenzhou-tosun-electric-co.-ltd\/"]}]}},"_links":{"self":[{"href":"https:\/\/www.tosunlux.eu\/pt\/wp-json\/wp\/v2\/product\/2139","targetHints":{"allow":["GET"]}}],"collection":[{"href":"https:\/\/www.tosunlux.eu\/pt\/wp-json\/wp\/v2\/product"}],"about":[{"href":"https:\/\/www.tosunlux.eu\/pt\/wp-json\/wp\/v2\/types\/product"}],"version-history":[{"count":3,"href":"https:\/\/www.tosunlux.eu\/pt\/wp-json\/wp\/v2\/product\/2139\/revisions"}],"predecessor-version":[{"id":12248,"href":"https:\/\/www.tosunlux.eu\/pt\/wp-json\/wp\/v2\/product\/2139\/revisions\/12248"}],"wp:attachment":[{"href":"https:\/\/www.tosunlux.eu\/pt\/wp-json\/wp\/v2\/media?parent=2139"}],"wp:term":[{"taxonomy":"product_category","embeddable":true,"href":"https:\/\/www.tosunlux.eu\/pt\/wp-json\/wp\/v2\/product_category?post=2139"}],"curies":[{"name":"wp","href":"https:\/\/api.w.org\/{rel}","templated":true}]}}