{"id":2215,"date":"2022-05-03T15:25:45","date_gmt":"2022-05-03T07:25:45","guid":{"rendered":"https:\/\/www.tosunlux.eu\/?post_type=product&#038;p=2215"},"modified":"2025-02-10T15:10:27","modified_gmt":"2025-02-10T07:10:27","slug":"hr17-fuse-disconnector","status":"publish","type":"product","link":"https:\/\/www.tosunlux.eu\/pt\/products\/hr17-fuse-disconnector\/","title":{"rendered":"Seccionador Fus\u00edvel HR17"},"content":{"rendered":"<p><strong>Aplicativo<\/strong><\/p>\n\n\n\n<p>O seccionador de fus\u00edvel HR17 \u00e9 aplicado ao circuito de alta corrente de curto-circuito com AC 50\/60 HZ, tens\u00e3o de at\u00e9 690V e corrente nominal de trabalho de at\u00e9 630A. Ele processa a estrutura de entrada e sa\u00edda da extremidade superior e inferior, conduz equipamentos com fio de faca e equipamentos de extin\u00e7\u00e3o de arco, e tamb\u00e9m pode ser operado com carga. \u00c9 usado como interruptor de alimenta\u00e7\u00e3o, interruptor de isolamento e interruptor de emerg\u00eancia, para proteger a corrente.<\/p>\n\n\n\n<p><\/p>\n\n\n\n<p><strong>Especifica\u00e7\u00e3o<\/strong><\/p>\n\n\n\n<p><\/p>\n\n\n<table width=\"576\">\n<tbody>\n<tr>\n<td style=\"text-align: center;\" width=\"72\">Modelo<\/td>\n<td style=\"text-align: center;\" width=\"72\">Arquivo de Corrente de Trabalho Nominal<\/td>\n<td style=\"text-align: center;\" width=\"72\">Capacidade nominal de conex\u00e3o de curto-circuito Icm<\/td>\n<td style=\"text-align: center;\" width=\"72\">Limite nominalCurto circuitoCurrent Inc<\/td>\n<td style=\"text-align: center;\" width=\"72\">Ui de Tens\u00e3o Isolada Nominal<\/td>\n<td style=\"text-align: center;\" width=\"72\">Tipo de uso<\/td>\n<td style=\"text-align: center;\" width=\"72\">N\u00famero de postes<\/td>\n<td style=\"text-align: center;\" width=\"72\">Liga\u00e7\u00e3o do Fus\u00edvel Correspondente<\/td>\n<\/tr>\n<tr>\n<td style=\"text-align: center;\" width=\"72\">HR17-160<\/td>\n<td style=\"text-align: center;\" width=\"72\">160A<\/td>\n<td style=\"text-align: center;\" width=\"72\">1600A<\/td>\n<td style=\"text-align: center;\" rowspan=\"4\" width=\"72\">50kA<\/td>\n<td style=\"text-align: center;\" rowspan=\"4\" width=\"72\">690V<\/td>\n<td style=\"text-align: center;\" rowspan=\"4\" width=\"72\">AC-23B<\/td>\n<td style=\"text-align: center;\" rowspan=\"4\" width=\"72\">3,4<\/td>\n<td style=\"text-align: center;\" width=\"72\">NT00<\/td>\n<\/tr>\n<tr>\n<td style=\"text-align: center;\" width=\"72\">HR17-250<\/td>\n<td style=\"text-align: center;\" width=\"72\">250A<\/td>\n<td style=\"text-align: center;\" width=\"72\">2500A<\/td>\n<td style=\"text-align: center;\" width=\"72\">NT1<\/td>\n<\/tr>\n<tr>\n<td style=\"text-align: center;\" width=\"72\">HR17-400<\/td>\n<td style=\"text-align: center;\" width=\"72\">400A<\/td>\n<td style=\"text-align: center;\" width=\"72\">4000A<\/td>\n<td style=\"text-align: center;\" width=\"72\">NT2<\/td>\n<\/tr>\n<tr>\n<td style=\"text-align: center;\" width=\"72\">HR17-630<\/td>\n<td style=\"text-align: center;\" width=\"72\">630A<\/td>\n<td style=\"text-align: center;\" width=\"72\">6300A<\/td>\n<td style=\"text-align: center;\" width=\"72\">NT3<\/td>\n<\/tr>\n<\/tbody>\n<\/table>\n<p><strong>Dimens\u00e3o<\/strong><\/p>\n<p>\u00a0<\/p>\n<table width=\"687\">\n<tbody>\n<tr>\n<td style=\"text-align: center;\" width=\"111\">Modelo<\/td>\n<td style=\"text-align: center;\" width=\"72\">Fus\u00edvel variado<\/td>\n<td style=\"text-align: center;\" width=\"72\">A<\/td>\n<td style=\"text-align: center;\" width=\"72\">B<\/td>\n<td style=\"text-align: center;\" width=\"72\">C<\/td>\n<td style=\"text-align: center;\" width=\"72\">D<\/td>\n<td style=\"text-align: center;\" width=\"72\">a<\/td>\n<td style=\"text-align: center;\" width=\"72\">b<\/td>\n<td style=\"text-align: center;\" width=\"72\">\u03a6 c<\/td>\n<\/tr>\n<tr>\n<td style=\"text-align: center;\" width=\"111\">HR17-160\/3P<\/td>\n<td style=\"text-align: center;\" width=\"72\">NT00<\/td>\n<td style=\"text-align: center;\" width=\"72\">106<\/td>\n<td style=\"text-align: center;\" width=\"72\">200<\/td>\n<td style=\"text-align: center;\" width=\"72\">83<\/td>\n<td style=\"text-align: center;\" width=\"72\">205<\/td>\n<td style=\"text-align: center;\" width=\"72\">66<\/td>\n<td style=\"text-align: center;\" width=\"72\">25<\/td>\n<td style=\"text-align: center;\" width=\"72\">\u03a6 7<\/td>\n<\/tr>\n<tr>\n<td style=\"text-align: center;\" width=\"111\">HR17-250\/3P<\/td>\n<td style=\"text-align: center;\" width=\"72\">NT1<\/td>\n<td style=\"text-align: center;\" width=\"72\">185<\/td>\n<td style=\"text-align: center;\" width=\"72\">247<\/td>\n<td style=\"text-align: center;\" width=\"72\">110<\/td>\n<td style=\"text-align: center;\" width=\"72\">295<\/td>\n<td style=\"text-align: center;\" width=\"72\">114<\/td>\n<td style=\"text-align: center;\" width=\"72\">50<\/td>\n<td style=\"text-align: center;\" width=\"72\">\u03a6 11<\/td>\n<\/tr>\n<tr>\n<td style=\"text-align: center;\" width=\"111\">HR17-400\/3P<\/td>\n<td style=\"text-align: center;\" width=\"72\">NT2<\/td>\n<td style=\"text-align: center;\" width=\"72\">210<\/td>\n<td style=\"text-align: center;\" width=\"72\">290<\/td>\n<td style=\"text-align: center;\" width=\"72\">125<\/td>\n<td style=\"text-align: center;\" width=\"72\">340<\/td>\n<td style=\"text-align: center;\" width=\"72\">130<\/td>\n<td style=\"text-align: center;\" width=\"72\">50<\/td>\n<td style=\"text-align: center;\" width=\"72\">\u03a6 11<\/td>\n<\/tr>\n<tr>\n<td style=\"text-align: center;\" width=\"111\">HR17-630\/3P<\/td>\n<td style=\"text-align: center;\" width=\"72\">NT3<\/td>\n<td style=\"text-align: center;\" width=\"72\">256<\/td>\n<td style=\"text-align: center;\" width=\"72\">300<\/td>\n<td style=\"text-align: center;\" width=\"72\">145<\/td>\n<td style=\"text-align: center;\" width=\"72\">360<\/td>\n<td style=\"text-align: center;\" width=\"72\">162<\/td>\n<td style=\"text-align: center;\" width=\"72\">50<\/td>\n<td style=\"text-align: center;\" width=\"72\">\u03a6 11<\/td>\n<\/tr>\n<tr>\n<td style=\"text-align: center;\" width=\"111\">HR17-160\/4P<\/td>\n<td style=\"text-align: center;\" width=\"72\">NTO0<\/td>\n<td style=\"text-align: center;\" width=\"72\">138<\/td>\n<td style=\"text-align: center;\" width=\"72\">200<\/td>\n<td style=\"text-align: center;\" width=\"72\">83<\/td>\n<td style=\"text-align: center;\" width=\"72\">205<\/td>\n<td style=\"text-align: center;\" width=\"72\">100<\/td>\n<td style=\"text-align: center;\" width=\"72\">25<\/td>\n<td style=\"text-align: center;\" width=\"72\">\u03a67<\/td>\n<\/tr>\n<tr>\n<td style=\"text-align: center;\" width=\"111\">HR17-250\/4P<\/td>\n<td style=\"text-align: center;\" width=\"72\">NT1<\/td>\n<td style=\"text-align: center;\" width=\"72\">242<\/td>\n<td style=\"text-align: center;\" width=\"72\">247<\/td>\n<td style=\"text-align: center;\" width=\"72\">110<\/td>\n<td style=\"text-align: center;\" width=\"72\">295<\/td>\n<td style=\"text-align: center;\" width=\"72\">172<\/td>\n<td style=\"text-align: center;\" width=\"72\">50<\/td>\n<td style=\"text-align: center;\" width=\"72\">\u03a6 11<\/td>\n<\/tr>\n<tr>\n<td style=\"text-align: center;\" width=\"111\">HR17-400\/4P<\/td>\n<td style=\"text-align: center;\" width=\"72\">NT2<\/td>\n<td style=\"text-align: center;\" width=\"72\">276<\/td>\n<td style=\"text-align: center;\" width=\"72\">290<\/td>\n<td style=\"text-align: center;\" width=\"72\">125<\/td>\n<td style=\"text-align: center;\" width=\"72\">340<\/td>\n<td style=\"text-align: center;\" width=\"72\">195<\/td>\n<td style=\"text-align: center;\" width=\"72\">50<\/td>\n<td style=\"text-align: center;\" width=\"72\">\u03a6 11<\/td>\n<\/tr>\n<tr>\n<td style=\"text-align: center;\" width=\"111\">HR17-630\/4P<\/td>\n<td style=\"text-align: center;\" width=\"72\">NT3<\/td>\n<td style=\"text-align: center;\" width=\"72\">340<\/td>\n<td style=\"text-align: center;\" width=\"72\">300<\/td>\n<td style=\"text-align: center;\" width=\"72\">145<\/td>\n<td style=\"text-align: center;\" width=\"72\">360<\/td>\n<td style=\"text-align: center;\" width=\"72\">243<\/td>\n<td style=\"text-align: center;\" width=\"72\">50<\/td>\n<td style=\"text-align: center;\" width=\"72\">\u03a6 11<\/td>\n<\/tr>\n<\/tbody>\n<\/table>\n\n\n<figure class=\"wp-block-image size-large is-resized\"><img fetchpriority=\"high\" decoding=\"async\" src=\"https:\/\/www.tosunlux.eu\/wp-content\/uploads\/2022\/05\/38-3-1024x520.jpg\" alt=\"\" class=\"wp-image-2216\" width=\"683\" height=\"346\" srcset=\"https:\/\/www.tosunlux.eu\/wp-content\/uploads\/2022\/05\/38-3-1024x520.jpg 1024w, https:\/\/www.tosunlux.eu\/wp-content\/uploads\/2022\/05\/38-3-300x152.jpg 300w, https:\/\/www.tosunlux.eu\/wp-content\/uploads\/2022\/05\/38-3-768x390.jpg 768w, https:\/\/www.tosunlux.eu\/wp-content\/uploads\/2022\/05\/38-3-1536x780.jpg 1536w, https:\/\/www.tosunlux.eu\/wp-content\/uploads\/2022\/05\/38-3.jpg 1600w\" sizes=\"(max-width: 683px) 100vw, 683px\" \/><\/figure>\n\n\n\n<p><\/p>","protected":false},"parent":0,"template":"","product_category":[24,88],"class_list":["post-2215","product","type-product","status-publish","hentry","product_category-power-distribution-system","product_category-fuse"],"yoast_head":"<!-- This site is optimized with the Yoast SEO plugin v27.5 - https:\/\/yoast.com\/product\/yoast-seo-wordpress\/ -->\n<title>WholesaleHR17 Fuse Disconnector - TOSUNlux Official Site - Electrical Circuit Breaker Manufacturer in China Low Voltage Electrical Supplier | TOSUNlux<\/title>\n<meta name=\"description\" content=\"HR17 Fuse Disconnector Supplier - Wholesale direct from TOSUNlux, a trusted manufacturer since 1994. Get your B2B factory quote on our certified Low Voltage electrical products.\" \/>\n<meta name=\"robots\" content=\"index, follow, max-snippet:-1, max-image-preview:large, max-video-preview:-1\" \/>\n<link rel=\"canonical\" href=\"https:\/\/www.tosunlux.eu\/pt\/products\/hr17-fuse-disconnector\/\" \/>\n<meta property=\"og:locale\" content=\"pt_BR\" \/>\n<meta property=\"og:type\" content=\"article\" \/>\n<meta property=\"og:title\" content=\"WholesaleHR17 Fuse Disconnector - TOSUNlux Official Site - Electrical Circuit Breaker Manufacturer in China Low Voltage Electrical Supplier | TOSUNlux\" \/>\n<meta property=\"og:description\" content=\"HR17 Fuse Disconnector Supplier - Wholesale direct from TOSUNlux, a trusted manufacturer since 1994. Get your B2B factory quote on our certified Low Voltage electrical products.\" \/>\n<meta property=\"og:url\" content=\"https:\/\/www.tosunlux.eu\/pt\/products\/hr17-fuse-disconnector\/\" \/>\n<meta property=\"og:site_name\" content=\"TOSUNlux Official Site - Electrical Circuit Breaker Manufacturer in China\" \/>\n<meta property=\"article:publisher\" content=\"https:\/\/www.facebook.com\/TOSUNelectric\/\" \/>\n<meta property=\"article:modified_time\" content=\"2025-02-10T07:10:27+00:00\" \/>\n<meta property=\"og:image\" content=\"https:\/\/www.tosunlux.eu\/wp-content\/uploads\/2022\/05\/38-3-1024x520.jpg\" \/>\n<meta name=\"twitter:card\" content=\"summary_large_image\" \/>\n<meta name=\"twitter:label1\" content=\"Est. tempo de leitura\" \/>\n\t<meta name=\"twitter:data1\" content=\"2 minutos\" \/>\n<script type=\"application\/ld+json\" class=\"yoast-schema-graph\">{\"@context\":\"https:\\\/\\\/schema.org\",\"@graph\":[{\"@type\":\"WebPage\",\"@id\":\"https:\\\/\\\/www.tosunlux.eu\\\/ur\\\/products\\\/hr17-fuse-disconnector\\\/\",\"url\":\"https:\\\/\\\/www.tosunlux.eu\\\/ur\\\/products\\\/hr17-fuse-disconnector\\\/\",\"name\":\"WholesaleHR17 Fuse Disconnector - TOSUNlux Official Site - Electrical Circuit Breaker Manufacturer in China Low Voltage Electrical Supplier | TOSUNlux\",\"isPartOf\":{\"@id\":\"https:\\\/\\\/www.tosunlux.eu\\\/ru\\\/#website\"},\"primaryImageOfPage\":{\"@id\":\"https:\\\/\\\/www.tosunlux.eu\\\/ur\\\/products\\\/hr17-fuse-disconnector\\\/#primaryimage\"},\"image\":{\"@id\":\"https:\\\/\\\/www.tosunlux.eu\\\/ur\\\/products\\\/hr17-fuse-disconnector\\\/#primaryimage\"},\"thumbnailUrl\":\"https:\\\/\\\/www.tosunlux.eu\\\/wp-content\\\/uploads\\\/2022\\\/05\\\/38-3-1024x520.jpg\",\"datePublished\":\"2022-05-03T07:25:45+00:00\",\"dateModified\":\"2025-02-10T07:10:27+00:00\",\"description\":\"HR17 Fuse Disconnector Supplier - Wholesale direct from TOSUNlux, a trusted manufacturer since 1994. Get your B2B factory quote on our certified Low Voltage electrical products.\",\"breadcrumb\":{\"@id\":\"https:\\\/\\\/www.tosunlux.eu\\\/ur\\\/products\\\/hr17-fuse-disconnector\\\/#breadcrumb\"},\"inLanguage\":\"pt-BR\",\"potentialAction\":[{\"@type\":\"ReadAction\",\"target\":[\"https:\\\/\\\/www.tosunlux.eu\\\/ur\\\/products\\\/hr17-fuse-disconnector\\\/\"]}]},{\"@type\":\"ImageObject\",\"inLanguage\":\"pt-BR\",\"@id\":\"https:\\\/\\\/www.tosunlux.eu\\\/ur\\\/products\\\/hr17-fuse-disconnector\\\/#primaryimage\",\"url\":\"https:\\\/\\\/www.tosunlux.eu\\\/wp-content\\\/uploads\\\/2022\\\/05\\\/38-3-1024x520.jpg\",\"contentUrl\":\"https:\\\/\\\/www.tosunlux.eu\\\/wp-content\\\/uploads\\\/2022\\\/05\\\/38-3-1024x520.jpg\"},{\"@type\":\"BreadcrumbList\",\"@id\":\"https:\\\/\\\/www.tosunlux.eu\\\/ur\\\/products\\\/hr17-fuse-disconnector\\\/#breadcrumb\",\"itemListElement\":[{\"@type\":\"ListItem\",\"position\":1,\"name\":\"Home\",\"item\":\"https:\\\/\\\/www.tosunlux.eu\\\/ru\\\/\"},{\"@type\":\"ListItem\",\"position\":2,\"name\":\"Products\",\"item\":\"https:\\\/\\\/www.tosunlux.eu\\\/products\\\/\"},{\"@type\":\"ListItem\",\"position\":3,\"name\":\"HR17 Fuse Disconnector\"}]},{\"@type\":\"WebSite\",\"@id\":\"https:\\\/\\\/www.tosunlux.eu\\\/ru\\\/#website\",\"url\":\"https:\\\/\\\/www.tosunlux.eu\\\/ru\\\/\",\"name\":\"TOSUNlux Official Site - Electrical Circuit Breaker Manufacturer in China\",\"description\":\"Power Distribution System Supplier\",\"publisher\":{\"@id\":\"https:\\\/\\\/www.tosunlux.eu\\\/ru\\\/#organization\"},\"alternateName\":\"TOSUNlux\",\"potentialAction\":[{\"@type\":\"SearchAction\",\"target\":{\"@type\":\"EntryPoint\",\"urlTemplate\":\"https:\\\/\\\/www.tosunlux.eu\\\/ru\\\/?s={search_term_string}\"},\"query-input\":{\"@type\":\"PropertyValueSpecification\",\"valueRequired\":true,\"valueName\":\"search_term_string\"}}],\"inLanguage\":\"pt-BR\"},{\"@type\":\"Organization\",\"@id\":\"https:\\\/\\\/www.tosunlux.eu\\\/ru\\\/#organization\",\"name\":\"TOSUNlux\",\"url\":\"https:\\\/\\\/www.tosunlux.eu\\\/ru\\\/\",\"logo\":{\"@type\":\"ImageObject\",\"inLanguage\":\"pt-BR\",\"@id\":\"https:\\\/\\\/www.tosunlux.eu\\\/ru\\\/#\\\/schema\\\/logo\\\/image\\\/\",\"url\":\"https:\\\/\\\/www.tosunlux.eu\\\/wp-content\\\/uploads\\\/2022\\\/01\\\/LOGOSYSM.71762f1.png\",\"contentUrl\":\"https:\\\/\\\/www.tosunlux.eu\\\/wp-content\\\/uploads\\\/2022\\\/01\\\/LOGOSYSM.71762f1.png\",\"width\":153,\"height\":55,\"caption\":\"TOSUNlux\"},\"image\":{\"@id\":\"https:\\\/\\\/www.tosunlux.eu\\\/ru\\\/#\\\/schema\\\/logo\\\/image\\\/\"},\"sameAs\":[\"https:\\\/\\\/www.facebook.com\\\/TOSUNelectric\\\/\",\"https:\\\/\\\/www.linkedin.com\\\/company\\\/wenzhou-tosun-electric-co.-ltd\\\/\"]}]}<\/script>\n<!-- \/ Yoast SEO plugin. -->","yoast_head_json":{"title":"Seccionador de fus\u00edvel WholesaleHR17 - Site oficial da TOSUNlux - Fabricante de disjuntores el\u00e9tricos na China, fornecedor de equipamentos el\u00e9tricos de baixa tens\u00e3o | TOSUNlux","description":"Fornecedor de seccionador de fus\u00edvel HR17 - Venda por atacado direto da TOSUNlux, um fabricante confi\u00e1vel desde 1994. Obtenha seu or\u00e7amento de f\u00e1brica B2B para nossos produtos el\u00e9tricos de baixa tens\u00e3o certificados.","robots":{"index":"index","follow":"follow","max-snippet":"max-snippet:-1","max-image-preview":"max-image-preview:large","max-video-preview":"max-video-preview:-1"},"canonical":"https:\/\/www.tosunlux.eu\/pt\/products\/hr17-fuse-disconnector\/","og_locale":"pt_BR","og_type":"article","og_title":"WholesaleHR17 Fuse Disconnector - TOSUNlux Official Site - Electrical Circuit Breaker Manufacturer in China Low Voltage Electrical Supplier | TOSUNlux","og_description":"HR17 Fuse Disconnector Supplier - Wholesale direct from TOSUNlux, a trusted manufacturer since 1994. Get your B2B factory quote on our certified Low Voltage electrical products.","og_url":"https:\/\/www.tosunlux.eu\/pt\/products\/hr17-fuse-disconnector\/","og_site_name":"TOSUNlux Official Site - Electrical Circuit Breaker Manufacturer in China","article_publisher":"https:\/\/www.facebook.com\/TOSUNelectric\/","article_modified_time":"2025-02-10T07:10:27+00:00","og_image":[{"url":"https:\/\/www.tosunlux.eu\/wp-content\/uploads\/2022\/05\/38-3-1024x520.jpg","type":"","width":"","height":""}],"twitter_card":"summary_large_image","twitter_misc":{"Est. tempo de leitura":"2 minutos"},"schema":{"@context":"https:\/\/schema.org","@graph":[{"@type":"WebPage","@id":"https:\/\/www.tosunlux.eu\/ur\/products\/hr17-fuse-disconnector\/","url":"https:\/\/www.tosunlux.eu\/ur\/products\/hr17-fuse-disconnector\/","name":"Seccionador de fus\u00edvel WholesaleHR17 - Site oficial da TOSUNlux - Fabricante de disjuntores el\u00e9tricos na China, fornecedor de equipamentos el\u00e9tricos de baixa tens\u00e3o | TOSUNlux","isPartOf":{"@id":"https:\/\/www.tosunlux.eu\/ru\/#website"},"primaryImageOfPage":{"@id":"https:\/\/www.tosunlux.eu\/ur\/products\/hr17-fuse-disconnector\/#primaryimage"},"image":{"@id":"https:\/\/www.tosunlux.eu\/ur\/products\/hr17-fuse-disconnector\/#primaryimage"},"thumbnailUrl":"https:\/\/www.tosunlux.eu\/wp-content\/uploads\/2022\/05\/38-3-1024x520.jpg","datePublished":"2022-05-03T07:25:45+00:00","dateModified":"2025-02-10T07:10:27+00:00","description":"Fornecedor de seccionador de fus\u00edvel HR17 - Venda por atacado direto da TOSUNlux, um fabricante confi\u00e1vel desde 1994. Obtenha seu or\u00e7amento de f\u00e1brica B2B para nossos produtos el\u00e9tricos de baixa tens\u00e3o certificados.","breadcrumb":{"@id":"https:\/\/www.tosunlux.eu\/ur\/products\/hr17-fuse-disconnector\/#breadcrumb"},"inLanguage":"pt-BR","potentialAction":[{"@type":"ReadAction","target":["https:\/\/www.tosunlux.eu\/ur\/products\/hr17-fuse-disconnector\/"]}]},{"@type":"ImageObject","inLanguage":"pt-BR","@id":"https:\/\/www.tosunlux.eu\/ur\/products\/hr17-fuse-disconnector\/#primaryimage","url":"https:\/\/www.tosunlux.eu\/wp-content\/uploads\/2022\/05\/38-3-1024x520.jpg","contentUrl":"https:\/\/www.tosunlux.eu\/wp-content\/uploads\/2022\/05\/38-3-1024x520.jpg"},{"@type":"BreadcrumbList","@id":"https:\/\/www.tosunlux.eu\/ur\/products\/hr17-fuse-disconnector\/#breadcrumb","itemListElement":[{"@type":"ListItem","position":1,"name":"Home","item":"https:\/\/www.tosunlux.eu\/ru\/"},{"@type":"ListItem","position":2,"name":"Products","item":"https:\/\/www.tosunlux.eu\/products\/"},{"@type":"ListItem","position":3,"name":"HR17 Fuse Disconnector"}]},{"@type":"WebSite","@id":"https:\/\/www.tosunlux.eu\/ru\/#website","url":"https:\/\/www.tosunlux.eu\/ru\/","name":"Site Oficial TOSUNlux - Fabricante de Disjuntores El\u00e9tricos na China","description":"Fornecedor de sistema de distribui\u00e7\u00e3o de energia","publisher":{"@id":"https:\/\/www.tosunlux.eu\/ru\/#organization"},"alternateName":"TOSUNlux","potentialAction":[{"@type":"SearchAction","target":{"@type":"EntryPoint","urlTemplate":"https:\/\/www.tosunlux.eu\/ru\/?s={search_term_string}"},"query-input":{"@type":"PropertyValueSpecification","valueRequired":true,"valueName":"search_term_string"}}],"inLanguage":"pt-BR"},{"@type":"Organization","@id":"https:\/\/www.tosunlux.eu\/ru\/#organization","name":"TOSUNlux","url":"https:\/\/www.tosunlux.eu\/ru\/","logo":{"@type":"ImageObject","inLanguage":"pt-BR","@id":"https:\/\/www.tosunlux.eu\/ru\/#\/schema\/logo\/image\/","url":"https:\/\/www.tosunlux.eu\/wp-content\/uploads\/2022\/01\/LOGOSYSM.71762f1.png","contentUrl":"https:\/\/www.tosunlux.eu\/wp-content\/uploads\/2022\/01\/LOGOSYSM.71762f1.png","width":153,"height":55,"caption":"TOSUNlux"},"image":{"@id":"https:\/\/www.tosunlux.eu\/ru\/#\/schema\/logo\/image\/"},"sameAs":["https:\/\/www.facebook.com\/TOSUNelectric\/","https:\/\/www.linkedin.com\/company\/wenzhou-tosun-electric-co.-ltd\/"]}]}},"_links":{"self":[{"href":"https:\/\/www.tosunlux.eu\/pt\/wp-json\/wp\/v2\/product\/2215","targetHints":{"allow":["GET"]}}],"collection":[{"href":"https:\/\/www.tosunlux.eu\/pt\/wp-json\/wp\/v2\/product"}],"about":[{"href":"https:\/\/www.tosunlux.eu\/pt\/wp-json\/wp\/v2\/types\/product"}],"version-history":[{"count":4,"href":"https:\/\/www.tosunlux.eu\/pt\/wp-json\/wp\/v2\/product\/2215\/revisions"}],"predecessor-version":[{"id":12533,"href":"https:\/\/www.tosunlux.eu\/pt\/wp-json\/wp\/v2\/product\/2215\/revisions\/12533"}],"wp:attachment":[{"href":"https:\/\/www.tosunlux.eu\/pt\/wp-json\/wp\/v2\/media?parent=2215"}],"wp:term":[{"taxonomy":"product_category","embeddable":true,"href":"https:\/\/www.tosunlux.eu\/pt\/wp-json\/wp\/v2\/product_category?post=2215"}],"curies":[{"name":"wp","href":"https:\/\/api.w.org\/{rel}","templated":true}]}}