{"id":2224,"date":"2022-05-03T16:28:12","date_gmt":"2022-05-03T08:28:12","guid":{"rendered":"https:\/\/www.tosunlux.eu\/?post_type=product&#038;p=2224"},"modified":"2025-02-10T14:57:02","modified_gmt":"2025-02-10T06:57:02","slug":"hgld-double-power-automatic-changeover-switch-hgld-400a-4p","status":"publish","type":"product","link":"https:\/\/www.tosunlux.eu\/pt\/products\/hgld-double-power-automatic-changeover-switch-hgld-400a-4p\/","title":{"rendered":"Chave de comuta\u00e7\u00e3o autom\u00e1tica de pot\u00eancia dupla HGLD HGLD-400A 4P"},"content":{"rendered":"<p><\/p>\n\n\n\n<p><strong>Aplicativo<\/strong><\/p>\n\n\n\n<p><\/p>\n\n\n\n<p>O interruptor de comuta\u00e7\u00e3o autom\u00e1tica de dupla pot\u00eancia da s\u00e9rie HGLD \u00e9 adequado para sistemas el\u00e9tricos com CA 50\/60 Hz, tens\u00e3o de isolamento nominal de at\u00e9 1000 V, tens\u00e3o nominal de at\u00e9 440 V, corrente de calor convencional de at\u00e9 3200 A. Os itens s\u00e3o amplamente utilizados em variedades de hospitais, edif\u00edcios, bancos, aeroportos, minas de carv\u00e3o, telecomunica\u00e7\u00f5es, rodovias, instala\u00e7\u00f5es militares etc.<\/p>\n\n\n\n<p><\/p>\n\n\n\n<p><strong>Especifica\u00e7\u00e3o<\/strong><\/p>\n\n\n<table style=\"height: 455px;\" width=\"788\">\n<tbody>\n<tr>\n<td colspan=\"2\" width=\"214\">Corrente de aquecimento nominal (A)<\/td>\n<td style=\"text-align: center;\" width=\"44\">100\u00a0<\/td>\n<td style=\"text-align: center;\" width=\"44\">160\u00a0<\/td>\n<td style=\"text-align: center;\" width=\"44\">250\u00a0<\/td>\n<td style=\"text-align: center;\" width=\"44\">400\u00a0<\/td>\n<td style=\"text-align: center;\" width=\"44\">630\u00a0<\/td>\n<td style=\"text-align: center;\" width=\"44\">1000\u00a0<\/td>\n<td style=\"text-align: center;\" width=\"44\">1250\u00a0<\/td>\n<td style=\"text-align: center;\" width=\"44\">1600\u00a0<\/td>\n<td style=\"text-align: center;\" width=\"44\">2000\u00a0<\/td>\n<td style=\"text-align: center;\" width=\"44\">2500\u00a0<\/td>\n<td style=\"text-align: center;\" width=\"44\">3200\u00a0<\/td>\n<\/tr>\n<tr>\n<td colspan=\"2\" width=\"214\">Tens\u00e3o de isolamento nominal<\/td>\n<td style=\"text-align: center;\" colspan=\"5\" width=\"222\">750V<\/td>\n<td style=\"text-align: center;\" colspan=\"6\" width=\"267\">1000V<\/td>\n<\/tr>\n<tr>\n<td colspan=\"2\" width=\"214\">Tens\u00e3o de impulso suport\u00e1vel nominal<\/td>\n<td style=\"text-align: center;\" colspan=\"5\" width=\"222\">8 kV<\/td>\n<td style=\"text-align: center;\" colspan=\"6\" width=\"267\">12kV<\/td>\n<\/tr>\n<tr>\n<td rowspan=\"3\" width=\"107\">Avaliado em funcionamento<br \/>atual (A)<\/td>\n<td style=\"text-align: center;\" width=\"107\">AC-31A<\/td>\n<td style=\"text-align: center;\" width=\"44\">100\u00a0<\/td>\n<td style=\"text-align: center;\" width=\"44\">160\u00a0<\/td>\n<td style=\"text-align: center;\" width=\"44\">250\u00a0<\/td>\n<td style=\"text-align: center;\" width=\"44\">400\u00a0<\/td>\n<td style=\"text-align: center;\" width=\"44\">630\u00a0<\/td>\n<td style=\"text-align: center;\" width=\"44\">1000\u00a0<\/td>\n<td style=\"text-align: center;\" width=\"44\">1250\u00a0<\/td>\n<td style=\"text-align: center;\" width=\"44\">1600\u00a0<\/td>\n<td style=\"text-align: center;\" width=\"44\">2000\u00a0<\/td>\n<td style=\"text-align: center;\" width=\"44\">2500\u00a0<\/td>\n<td style=\"text-align: center;\" width=\"44\">3200\u00a0<\/td>\n<\/tr>\n<tr>\n<td style=\"text-align: center;\" width=\"107\">AC-35A<\/td>\n<td style=\"text-align: center;\" width=\"44\">100\u00a0<\/td>\n<td style=\"text-align: center;\" width=\"44\">160\u00a0<\/td>\n<td style=\"text-align: center;\" width=\"44\">250\u00a0<\/td>\n<td style=\"text-align: center;\" width=\"44\">400\u00a0<\/td>\n<td style=\"text-align: center;\" width=\"44\">630\u00a0<\/td>\n<td style=\"text-align: center;\" width=\"44\">1000\u00a0<\/td>\n<td style=\"text-align: center;\" width=\"44\">1250\u00a0<\/td>\n<td style=\"text-align: center;\" width=\"44\">1600\u00a0<\/td>\n<td style=\"text-align: center;\" width=\"44\">2000\u00a0<\/td>\n<td style=\"text-align: center;\" width=\"44\">2500\u00a0<\/td>\n<td style=\"text-align: center;\" width=\"44\">3200\u00a0<\/td>\n<\/tr>\n<tr>\n<td style=\"text-align: center;\" width=\"107\">AC-33A<\/td>\n<td style=\"text-align: center;\" width=\"44\">100\u00a0<\/td>\n<td style=\"text-align: center;\" width=\"44\">160\u00a0<\/td>\n<td style=\"text-align: center;\" width=\"44\">250\u00a0<\/td>\n<td style=\"text-align: center;\" width=\"44\">400\u00a0<\/td>\n<td style=\"text-align: center;\" width=\"44\">630\u00a0<\/td>\n<td style=\"text-align: center;\" width=\"44\">1000\u00a0<\/td>\n<td style=\"text-align: center;\" width=\"44\">1250\u00a0<\/td>\n<td style=\"text-align: center;\" width=\"44\">1600\u00a0<\/td>\n<td style=\"text-align: center;\" width=\"44\">2000\u00a0<\/td>\n<td style=\"text-align: center;\" width=\"44\">2500\u00a0<\/td>\n<td style=\"text-align: center;\" width=\"44\">3200\u00a0<\/td>\n<\/tr>\n<tr>\n<td colspan=\"2\" width=\"214\">Corrente de resist\u00eancia nominal de curto prazo<\/td>\n<td style=\"text-align: center;\" width=\"44\">7 kA<\/td>\n<td style=\"text-align: center;\" colspan=\"2\" width=\"89\">9 kA<\/td>\n<td style=\"text-align: center;\" colspan=\"2\" width=\"89\">13kA<\/td>\n<td style=\"text-align: center;\" colspan=\"3\" width=\"133\">50kA<\/td>\n<td style=\"text-align: center;\" colspan=\"3\" width=\"133\">55kA<\/td>\n<\/tr>\n<tr>\n<td colspan=\"2\" width=\"214\">Corrente nominal de curto-circuito limitada<\/td>\n<td style=\"text-align: center;\" colspan=\"3\" width=\"133\">100kA<\/td>\n<td style=\"text-align: center;\" colspan=\"2\" width=\"89\">70kA<\/td>\n<td style=\"text-align: center;\" width=\"44\">100kA<\/td>\n<td style=\"text-align: center;\" colspan=\"2\" width=\"89\">120kA<\/td>\n<td style=\"text-align: center;\" colspan=\"3\" width=\"133\">80kA<\/td>\n<\/tr>\n<tr>\n<td colspan=\"2\" width=\"214\">Tens\u00e3o de alimenta\u00e7\u00e3o de controle<\/td>\n<td style=\"text-align: center;\" colspan=\"11\" width=\"489\">DC24V, 48V, 110V, CA220V<\/td>\n<\/tr>\n<tr>\n<td colspan=\"2\" width=\"214\">Tempo de convers\u00e3o (s)<\/td>\n<td style=\"text-align: center;\" width=\"44\">0.5\u00a0<\/td>\n<td style=\"text-align: center;\" width=\"44\">1\u00a0<\/td>\n<td style=\"text-align: center;\" width=\"44\">1.1\u00a0<\/td>\n<td style=\"text-align: center;\" colspan=\"2\" width=\"89\">1.2\u00a0<\/td>\n<td style=\"text-align: center;\" colspan=\"3\" width=\"133\">1.25\u00a0<\/td>\n<td style=\"text-align: center;\" colspan=\"3\" width=\"133\">2.45\u00a0<\/td>\n<\/tr>\n<\/tbody>\n<\/table>","protected":false},"parent":0,"template":"","product_category":[24,86],"class_list":["post-2224","product","type-product","status-publish","hentry","product_category-power-distribution-system","product_category-automatic-changeover-switch"],"yoast_head":"<!-- This site is optimized with the Yoast SEO plugin v27.6 - https:\/\/yoast.com\/product\/yoast-seo-wordpress\/ -->\n<title>WholesaleHGLD Double Power Automatic Changeover Switch HGLD-400A 4P - TOSUNlux Official Site - Electrical Circuit Breaker Manufacturer in China Low Voltage Electrical Supplier | TOSUNlux<\/title>\n<meta name=\"description\" content=\"HGLD Double Power Automatic Changeover Switch HGLD-400A 4P Supplier - Wholesale direct from TOSUNlux, a trusted manufacturer since 1994. Get your B2B factory quote on our certified Low Voltage electrical products.\" \/>\n<meta name=\"robots\" content=\"index, follow, max-snippet:-1, max-image-preview:large, max-video-preview:-1\" \/>\n<link rel=\"canonical\" href=\"https:\/\/www.tosunlux.eu\/pt\/products\/hgld-double-power-automatic-changeover-switch-hgld-400a-4p\/\" \/>\n<meta property=\"og:locale\" content=\"pt_BR\" \/>\n<meta property=\"og:type\" content=\"article\" \/>\n<meta property=\"og:title\" content=\"WholesaleHGLD Double Power Automatic Changeover Switch HGLD-400A 4P - TOSUNlux Official Site - Electrical Circuit Breaker Manufacturer in China Low Voltage Electrical Supplier | TOSUNlux\" \/>\n<meta property=\"og:description\" content=\"HGLD Double Power Automatic Changeover Switch HGLD-400A 4P Supplier - Wholesale direct from TOSUNlux, a trusted manufacturer since 1994. Get your B2B factory quote on our certified Low Voltage electrical products.\" \/>\n<meta property=\"og:url\" content=\"https:\/\/www.tosunlux.eu\/pt\/products\/hgld-double-power-automatic-changeover-switch-hgld-400a-4p\/\" \/>\n<meta property=\"og:site_name\" content=\"TOSUNlux Official Site - Electrical Circuit Breaker Manufacturer in China\" \/>\n<meta property=\"article:publisher\" content=\"https:\/\/www.facebook.com\/TOSUNelectric\/\" \/>\n<meta property=\"article:modified_time\" content=\"2025-02-10T06:57:02+00:00\" \/>\n<meta property=\"og:image\" content=\"https:\/\/www.tosunlux.eu\/wp-content\/uploads\/2023\/04\/DSC08160_\u526f\u672c.jpg\" \/>\n\t<meta property=\"og:image:width\" content=\"1500\" \/>\n\t<meta property=\"og:image:height\" content=\"940\" \/>\n\t<meta property=\"og:image:type\" content=\"image\/jpeg\" \/>\n<meta name=\"twitter:card\" content=\"summary_large_image\" \/>\n<meta name=\"twitter:label1\" content=\"Est. tempo de leitura\" \/>\n\t<meta name=\"twitter:data1\" content=\"1 minuto\" \/>\n<script type=\"application\/ld+json\" class=\"yoast-schema-graph\">{\"@context\":\"https:\\\/\\\/schema.org\",\"@graph\":[{\"@type\":\"WebPage\",\"@id\":\"https:\\\/\\\/www.tosunlux.eu\\\/ur\\\/products\\\/hgld-double-power-automatic-changeover-switch-hgld-400a-4p\\\/\",\"url\":\"https:\\\/\\\/www.tosunlux.eu\\\/ur\\\/products\\\/hgld-double-power-automatic-changeover-switch-hgld-400a-4p\\\/\",\"name\":\"WholesaleHGLD Double Power Automatic Changeover Switch HGLD-400A 4P - TOSUNlux Official Site - Electrical Circuit Breaker Manufacturer in China Low Voltage Electrical Supplier | TOSUNlux\",\"isPartOf\":{\"@id\":\"https:\\\/\\\/www.tosunlux.eu\\\/ru\\\/#website\"},\"datePublished\":\"2022-05-03T08:28:12+00:00\",\"dateModified\":\"2025-02-10T06:57:02+00:00\",\"description\":\"HGLD Double Power Automatic Changeover Switch HGLD-400A 4P Supplier - Wholesale direct from TOSUNlux, a trusted manufacturer since 1994. Get your B2B factory quote on our certified Low Voltage electrical products.\",\"breadcrumb\":{\"@id\":\"https:\\\/\\\/www.tosunlux.eu\\\/ur\\\/products\\\/hgld-double-power-automatic-changeover-switch-hgld-400a-4p\\\/#breadcrumb\"},\"inLanguage\":\"pt-BR\",\"potentialAction\":[{\"@type\":\"ReadAction\",\"target\":[\"https:\\\/\\\/www.tosunlux.eu\\\/ur\\\/products\\\/hgld-double-power-automatic-changeover-switch-hgld-400a-4p\\\/\"]}]},{\"@type\":\"BreadcrumbList\",\"@id\":\"https:\\\/\\\/www.tosunlux.eu\\\/ur\\\/products\\\/hgld-double-power-automatic-changeover-switch-hgld-400a-4p\\\/#breadcrumb\",\"itemListElement\":[{\"@type\":\"ListItem\",\"position\":1,\"name\":\"Home\",\"item\":\"https:\\\/\\\/www.tosunlux.eu\\\/ru\\\/\"},{\"@type\":\"ListItem\",\"position\":2,\"name\":\"Products\",\"item\":\"https:\\\/\\\/www.tosunlux.eu\\\/products\\\/\"},{\"@type\":\"ListItem\",\"position\":3,\"name\":\"HGLD Double Power Automatic Changeover Switch HGLD-400A 4P\"}]},{\"@type\":\"WebSite\",\"@id\":\"https:\\\/\\\/www.tosunlux.eu\\\/ru\\\/#website\",\"url\":\"https:\\\/\\\/www.tosunlux.eu\\\/ru\\\/\",\"name\":\"TOSUNlux Official Site - Electrical Circuit Breaker Manufacturer in China\",\"description\":\"Power Distribution System Supplier\",\"publisher\":{\"@id\":\"https:\\\/\\\/www.tosunlux.eu\\\/ru\\\/#organization\"},\"alternateName\":\"TOSUNlux\",\"potentialAction\":[{\"@type\":\"SearchAction\",\"target\":{\"@type\":\"EntryPoint\",\"urlTemplate\":\"https:\\\/\\\/www.tosunlux.eu\\\/ru\\\/?s={search_term_string}\"},\"query-input\":{\"@type\":\"PropertyValueSpecification\",\"valueRequired\":true,\"valueName\":\"search_term_string\"}}],\"inLanguage\":\"pt-BR\"},{\"@type\":\"Organization\",\"@id\":\"https:\\\/\\\/www.tosunlux.eu\\\/ru\\\/#organization\",\"name\":\"TOSUNlux\",\"url\":\"https:\\\/\\\/www.tosunlux.eu\\\/ru\\\/\",\"logo\":{\"@type\":\"ImageObject\",\"inLanguage\":\"pt-BR\",\"@id\":\"https:\\\/\\\/www.tosunlux.eu\\\/ru\\\/#\\\/schema\\\/logo\\\/image\\\/\",\"url\":\"https:\\\/\\\/www.tosunlux.eu\\\/wp-content\\\/uploads\\\/2022\\\/01\\\/LOGOSYSM.71762f1.png\",\"contentUrl\":\"https:\\\/\\\/www.tosunlux.eu\\\/wp-content\\\/uploads\\\/2022\\\/01\\\/LOGOSYSM.71762f1.png\",\"width\":153,\"height\":55,\"caption\":\"TOSUNlux\"},\"image\":{\"@id\":\"https:\\\/\\\/www.tosunlux.eu\\\/ru\\\/#\\\/schema\\\/logo\\\/image\\\/\"},\"sameAs\":[\"https:\\\/\\\/www.facebook.com\\\/TOSUNelectric\\\/\",\"https:\\\/\\\/www.linkedin.com\\\/company\\\/wenzhou-tosun-electric-co.-ltd\\\/\"]}]}<\/script>\n<!-- \/ Yoast SEO plugin. -->","yoast_head_json":{"title":"Interruptor de comuta\u00e7\u00e3o autom\u00e1tico de dupla pot\u00eancia WholesaleHGLD HGLD-400A 4P - Site oficial da TOSUNlux - Fabricante de disjuntores el\u00e9tricos na China, fornecedor de equipamentos el\u00e9tricos de baixa tens\u00e3o | TOSUNlux","description":"Interruptor de comuta\u00e7\u00e3o autom\u00e1tico de dupla pot\u00eancia HGLD HGLD-400A 4P Fornecedor - Venda por atacado direto da TOSUNlux, um fabricante confi\u00e1vel desde 1994. Obtenha seu or\u00e7amento de f\u00e1brica B2B para nossos produtos el\u00e9tricos de baixa tens\u00e3o certificados.","robots":{"index":"index","follow":"follow","max-snippet":"max-snippet:-1","max-image-preview":"max-image-preview:large","max-video-preview":"max-video-preview:-1"},"canonical":"https:\/\/www.tosunlux.eu\/pt\/products\/hgld-double-power-automatic-changeover-switch-hgld-400a-4p\/","og_locale":"pt_BR","og_type":"article","og_title":"WholesaleHGLD Double Power Automatic Changeover Switch HGLD-400A 4P - TOSUNlux Official Site - Electrical Circuit Breaker Manufacturer in China Low Voltage Electrical Supplier | TOSUNlux","og_description":"HGLD Double Power Automatic Changeover Switch HGLD-400A 4P Supplier - Wholesale direct from TOSUNlux, a trusted manufacturer since 1994. Get your B2B factory quote on our certified Low Voltage electrical products.","og_url":"https:\/\/www.tosunlux.eu\/pt\/products\/hgld-double-power-automatic-changeover-switch-hgld-400a-4p\/","og_site_name":"TOSUNlux Official Site - Electrical Circuit Breaker Manufacturer in China","article_publisher":"https:\/\/www.facebook.com\/TOSUNelectric\/","article_modified_time":"2025-02-10T06:57:02+00:00","og_image":[{"width":1500,"height":940,"url":"https:\/\/www.tosunlux.eu\/wp-content\/uploads\/2023\/04\/DSC08160_\u526f\u672c.jpg","type":"image\/jpeg"}],"twitter_card":"summary_large_image","twitter_misc":{"Est. tempo de leitura":"1 minuto"},"schema":{"@context":"https:\/\/schema.org","@graph":[{"@type":"WebPage","@id":"https:\/\/www.tosunlux.eu\/ur\/products\/hgld-double-power-automatic-changeover-switch-hgld-400a-4p\/","url":"https:\/\/www.tosunlux.eu\/ur\/products\/hgld-double-power-automatic-changeover-switch-hgld-400a-4p\/","name":"Interruptor de comuta\u00e7\u00e3o autom\u00e1tico de dupla pot\u00eancia WholesaleHGLD HGLD-400A 4P - Site oficial da TOSUNlux - Fabricante de disjuntores el\u00e9tricos na China, fornecedor de equipamentos el\u00e9tricos de baixa tens\u00e3o | TOSUNlux","isPartOf":{"@id":"https:\/\/www.tosunlux.eu\/ru\/#website"},"datePublished":"2022-05-03T08:28:12+00:00","dateModified":"2025-02-10T06:57:02+00:00","description":"Interruptor de comuta\u00e7\u00e3o autom\u00e1tico de dupla pot\u00eancia HGLD HGLD-400A 4P Fornecedor - Venda por atacado direto da TOSUNlux, um fabricante confi\u00e1vel desde 1994. Obtenha seu or\u00e7amento de f\u00e1brica B2B para nossos produtos el\u00e9tricos de baixa tens\u00e3o certificados.","breadcrumb":{"@id":"https:\/\/www.tosunlux.eu\/ur\/products\/hgld-double-power-automatic-changeover-switch-hgld-400a-4p\/#breadcrumb"},"inLanguage":"pt-BR","potentialAction":[{"@type":"ReadAction","target":["https:\/\/www.tosunlux.eu\/ur\/products\/hgld-double-power-automatic-changeover-switch-hgld-400a-4p\/"]}]},{"@type":"BreadcrumbList","@id":"https:\/\/www.tosunlux.eu\/ur\/products\/hgld-double-power-automatic-changeover-switch-hgld-400a-4p\/#breadcrumb","itemListElement":[{"@type":"ListItem","position":1,"name":"Home","item":"https:\/\/www.tosunlux.eu\/ru\/"},{"@type":"ListItem","position":2,"name":"Products","item":"https:\/\/www.tosunlux.eu\/products\/"},{"@type":"ListItem","position":3,"name":"HGLD Double Power Automatic Changeover Switch HGLD-400A 4P"}]},{"@type":"WebSite","@id":"https:\/\/www.tosunlux.eu\/ru\/#website","url":"https:\/\/www.tosunlux.eu\/ru\/","name":"Site Oficial TOSUNlux - Fabricante de Disjuntores El\u00e9tricos na China","description":"Fornecedor de sistema de distribui\u00e7\u00e3o de energia","publisher":{"@id":"https:\/\/www.tosunlux.eu\/ru\/#organization"},"alternateName":"TOSUNlux","potentialAction":[{"@type":"SearchAction","target":{"@type":"EntryPoint","urlTemplate":"https:\/\/www.tosunlux.eu\/ru\/?s={search_term_string}"},"query-input":{"@type":"PropertyValueSpecification","valueRequired":true,"valueName":"search_term_string"}}],"inLanguage":"pt-BR"},{"@type":"Organization","@id":"https:\/\/www.tosunlux.eu\/ru\/#organization","name":"TOSUNlux","url":"https:\/\/www.tosunlux.eu\/ru\/","logo":{"@type":"ImageObject","inLanguage":"pt-BR","@id":"https:\/\/www.tosunlux.eu\/ru\/#\/schema\/logo\/image\/","url":"https:\/\/www.tosunlux.eu\/wp-content\/uploads\/2022\/01\/LOGOSYSM.71762f1.png","contentUrl":"https:\/\/www.tosunlux.eu\/wp-content\/uploads\/2022\/01\/LOGOSYSM.71762f1.png","width":153,"height":55,"caption":"TOSUNlux"},"image":{"@id":"https:\/\/www.tosunlux.eu\/ru\/#\/schema\/logo\/image\/"},"sameAs":["https:\/\/www.facebook.com\/TOSUNelectric\/","https:\/\/www.linkedin.com\/company\/wenzhou-tosun-electric-co.-ltd\/"]}]}},"_links":{"self":[{"href":"https:\/\/www.tosunlux.eu\/pt\/wp-json\/wp\/v2\/product\/2224","targetHints":{"allow":["GET"]}}],"collection":[{"href":"https:\/\/www.tosunlux.eu\/pt\/wp-json\/wp\/v2\/product"}],"about":[{"href":"https:\/\/www.tosunlux.eu\/pt\/wp-json\/wp\/v2\/types\/product"}],"version-history":[{"count":2,"href":"https:\/\/www.tosunlux.eu\/pt\/wp-json\/wp\/v2\/product\/2224\/revisions"}],"predecessor-version":[{"id":12528,"href":"https:\/\/www.tosunlux.eu\/pt\/wp-json\/wp\/v2\/product\/2224\/revisions\/12528"}],"wp:attachment":[{"href":"https:\/\/www.tosunlux.eu\/pt\/wp-json\/wp\/v2\/media?parent=2224"}],"wp:term":[{"taxonomy":"product_category","embeddable":true,"href":"https:\/\/www.tosunlux.eu\/pt\/wp-json\/wp\/v2\/product_category?post=2224"}],"curies":[{"name":"wp","href":"https:\/\/api.w.org\/{rel}","templated":true}]}}