{"id":2285,"date":"2022-05-05T16:49:21","date_gmt":"2022-05-05T08:49:21","guid":{"rendered":"https:\/\/www.tosunlux.eu\/?post_type=product&#038;p=2285"},"modified":"2023-03-16T11:15:48","modified_gmt":"2023-03-16T03:15:48","slug":"solar-pv-cable-single-core","status":"publish","type":"product","link":"https:\/\/www.tosunlux.eu\/pt\/products\/solar-pv-cable-single-core\/","title":{"rendered":"Cabo solar fotovoltaico de n\u00facleo \u00fanico"},"content":{"rendered":"<figure class=\"wp-block-image size-large is-resized\"><img fetchpriority=\"high\" decoding=\"async\" src=\"https:\/\/www.tosunlux.eu\/wp-content\/uploads\/2022\/05\/1-7-1024x177.jpg\" alt=\"\" class=\"wp-image-2288\" width=\"844\" height=\"145\" srcset=\"https:\/\/www.tosunlux.eu\/wp-content\/uploads\/2022\/05\/1-7-1024x177.jpg 1024w, https:\/\/www.tosunlux.eu\/wp-content\/uploads\/2022\/05\/1-7-300x52.jpg 300w, https:\/\/www.tosunlux.eu\/wp-content\/uploads\/2022\/05\/1-7-768x133.jpg 768w, https:\/\/www.tosunlux.eu\/wp-content\/uploads\/2022\/05\/1-7-1536x265.jpg 1536w, https:\/\/www.tosunlux.eu\/wp-content\/uploads\/2022\/05\/1-7.jpg 1939w\" sizes=\"(max-width: 844px) 100vw, 844px\" \/><\/figure>\n\n\n\n<p><strong>Especifica\u00e7\u00e3o<\/strong><\/p>\n\n\n<table width=\"962\">\n<tbody>\n<tr>\n<td width=\"151\">Constru\u00e7\u00e3o (mm2)<\/td>\n<td style=\"text-align: center;\" width=\"207\">\u00a0 \u00a0Constru\u00e7\u00e3o do condutor (nxm)<\/td>\n<td style=\"text-align: center;\" width=\"151\">Di\u00e2metro Externo do Condutor (mm)<\/td>\n<td style=\"text-align: center;\" width=\"151\">Di\u00e2metro Externo do Cabo (mm)<\/td>\n<td style=\"text-align: center;\" width=\"151\">Resist\u00eancia m\u00e1x.<br \/>\u03a9\/km<\/td>\n<td style=\"text-align: center;\" width=\"151\">Carga atual<br \/>Capacidade a 60\u00b0C<br \/>(A)<\/td>\n<\/tr>\n<tr>\n<td style=\"text-align: center;\" width=\"151\">1\u00d71,5<\/td>\n<td style=\"text-align: center;\" width=\"207\">26\u00d70,25<\/td>\n<td style=\"text-align: center;\" width=\"151\">1.5<\/td>\n<td style=\"text-align: center;\" width=\"151\">4.8<\/td>\n<td style=\"text-align: center;\" width=\"151\">13.70\u00a0<\/td>\n<td style=\"text-align: center;\" width=\"151\">30<\/td>\n<\/tr>\n<tr>\n<td style=\"text-align: center;\" width=\"151\">1\u00d72,5<\/td>\n<td style=\"text-align: center;\" width=\"207\">43\u00d70,25<\/td>\n<td style=\"text-align: center;\" width=\"151\">1.95<\/td>\n<td style=\"text-align: center;\" width=\"151\">5.4<\/td>\n<td style=\"text-align: center;\" width=\"151\">8.21\u00a0<\/td>\n<td style=\"text-align: center;\" width=\"151\">41<\/td>\n<\/tr>\n<tr>\n<td style=\"text-align: center;\" width=\"151\">1\u00d74<\/td>\n<td style=\"text-align: center;\" width=\"207\">56\u00d70,3<\/td>\n<td style=\"text-align: center;\" width=\"151\">2.5<\/td>\n<td style=\"text-align: center;\" width=\"151\">6.0\u00a0<\/td>\n<td style=\"text-align: center;\" width=\"151\">5.09\u00a0<\/td>\n<td style=\"text-align: center;\" width=\"151\">55<\/td>\n<\/tr>\n<tr>\n<td style=\"text-align: center;\" width=\"151\">1\u00d76<\/td>\n<td style=\"text-align: center;\" width=\"207\">84\u00d70,3<\/td>\n<td style=\"text-align: center;\" width=\"151\">3<\/td>\n<td style=\"text-align: center;\" width=\"151\">7.0\u00a0<\/td>\n<td style=\"text-align: center;\" width=\"151\">3.39\u00a0<\/td>\n<td style=\"text-align: center;\" width=\"151\">70<\/td>\n<\/tr>\n<tr>\n<td style=\"text-align: center;\" width=\"151\">1\u00d710<\/td>\n<td style=\"text-align: center;\" width=\"207\">142\u00d70,3<\/td>\n<td style=\"text-align: center;\" width=\"151\">4<\/td>\n<td style=\"text-align: center;\" width=\"151\">7.8<\/td>\n<td style=\"text-align: center;\" width=\"151\">1.95\u00a0<\/td>\n<td style=\"text-align: center;\" width=\"151\">98<\/td>\n<\/tr>\n<tr>\n<td style=\"text-align: center;\" width=\"151\">1\u00d716<\/td>\n<td style=\"text-align: center;\" width=\"207\">228\u00d70,3<\/td>\n<td style=\"text-align: center;\" width=\"151\">5.6\u00a0<\/td>\n<td style=\"text-align: center;\" width=\"151\">9.0<\/td>\n<td style=\"text-align: center;\" width=\"151\">1.24\u00a0<\/td>\n<td style=\"text-align: center;\" width=\"151\">132<\/td>\n<\/tr>\n<tr>\n<td style=\"text-align: center;\" width=\"151\">1\u00d725<\/td>\n<td style=\"text-align: center;\" width=\"207\">361\u00d70,3<\/td>\n<td style=\"text-align: center;\" width=\"151\">6.7<\/td>\n<td style=\"text-align: center;\" width=\"151\">10.6<\/td>\n<td style=\"text-align: center;\" width=\"151\">0.795<\/td>\n<td style=\"text-align: center;\" width=\"151\">176<\/td>\n<\/tr>\n<tr>\n<td style=\"text-align: center;\" width=\"151\">1\u00d735<\/td>\n<td style=\"text-align: center;\" width=\"207\">274\u00d70,3<\/td>\n<td style=\"text-align: center;\" width=\"151\">8.4<\/td>\n<td style=\"text-align: center;\" width=\"151\">12.2<\/td>\n<td style=\"text-align: center;\" width=\"151\">0.565<\/td>\n<td style=\"text-align: center;\" width=\"151\">218<\/td>\n<\/tr>\n<\/tbody>\n<\/table>\n\n\n<p> <\/p>\n\n\n<table style=\"height: 328px;\" width=\"695\">\n<tbody>\n<tr>\n<td style=\"text-align: center;\" width=\"365\">Voltagem nominal<\/td>\n<td style=\"text-align: center;\" width=\"282\">CC: 1,8KV CA: 0,6\/1,0KV<\/td>\n<\/tr>\n<tr>\n<td style=\"text-align: center;\" width=\"365\">Teste de tens\u00e3o no cabo conclu\u00eddo<\/td>\n<td style=\"text-align: center;\" width=\"282\">CA: 6,5KV CC: 15KV,5MIN<\/td>\n<\/tr>\n<tr>\n<td style=\"text-align: center;\" width=\"365\">Temperatura ambiente<\/td>\n<td style=\"text-align: center;\" width=\"282\">-40\u00b0C~+90\u00b0C<\/td>\n<\/tr>\n<tr>\n<td style=\"text-align: center;\" width=\"365\">m\u00e1x. Temperatura no condutor<\/td>\n<td style=\"text-align: center;\" width=\"282\">+120\u00b0C<\/td>\n<\/tr>\n<tr>\n<td style=\"text-align: center;\" width=\"365\">Vida de servi\u00e7o<\/td>\n<td style=\"text-align: center;\" width=\"282\">&gt;25 anos (-40\u00b0C~+90\u00b0C)<\/td>\n<\/tr>\n<tr>\n<td style=\"text-align: center;\" width=\"365\">Consulte curto cirauit permite que a temperatura<\/td>\n<td style=\"text-align: center;\" width=\"282\">200\u00b0C, 5s<\/td>\n<\/tr>\n<tr>\n<td style=\"text-align: center;\" width=\"365\">Raio de curvatura<\/td>\n<td style=\"text-align: center;\" width=\"282\">\u22654x\u00f8(D&lt;8mm), \u22656x\u00f8(D\u22658mm)<\/td>\n<\/tr>\n<tr>\n<td style=\"text-align: center;\" width=\"365\">Resist\u00eancia contra solu\u00e7\u00e3o \u00e1cida e alcalina<\/td>\n<td style=\"text-align: center;\" width=\"282\">EN60811-2-1<\/td>\n<\/tr>\n<tr>\n<td style=\"text-align: center;\" width=\"365\">Teste de dobra a frio<\/td>\n<td style=\"text-align: center;\" width=\"282\">EN60811-1-4<\/td>\n<\/tr>\n<tr>\n<td style=\"text-align: center;\" width=\"365\">Intemp\u00e9ries\/resist\u00eancia a UV<\/td>\n<td style=\"text-align: center;\" width=\"282\">HD605\/A1<\/td>\n<\/tr>\n<tr>\n<td style=\"text-align: center;\" width=\"365\">Resist\u00eancia de zona 0 no cabo completo<\/td>\n<td style=\"text-align: center;\" width=\"282\">\n<p>IEC50396<\/p>\n<\/td>\n<\/tr>\n<tr>\n<td style=\"text-align: center;\" width=\"365\">Teste sob condi\u00e7\u00f5es de inc\u00eandio<\/td>\n<td style=\"text-align: center;\" width=\"282\">\n<p>IEC60332-1-2<\/p>\n<\/td>\n<\/tr>\n<\/tbody>\n<\/table>","protected":false},"parent":0,"template":"","product_category":[37,119],"class_list":["post-2285","product","type-product","status-publish","hentry","product_category-new-energy-instruments","product_category-solar-pv-connector-pv-cable"],"yoast_head":"<!-- This site is optimized with the Yoast SEO plugin v27.5 - https:\/\/yoast.com\/product\/yoast-seo-wordpress\/ -->\n<title>WholesaleSolar PV Cable Single Core - TOSUNlux Official Site - Electrical Circuit Breaker Manufacturer in China Low Voltage Electrical Supplier | TOSUNlux<\/title>\n<meta name=\"description\" content=\"Solar PV Cable Single Core Supplier - Wholesale direct from TOSUNlux, a trusted manufacturer since 1994. Get your B2B factory quote on our certified Low Voltage electrical products.\" \/>\n<meta name=\"robots\" content=\"index, follow, max-snippet:-1, max-image-preview:large, max-video-preview:-1\" \/>\n<link rel=\"canonical\" href=\"https:\/\/www.tosunlux.eu\/pt\/products\/solar-pv-cable-single-core\/\" \/>\n<meta property=\"og:locale\" content=\"pt_BR\" \/>\n<meta property=\"og:type\" content=\"article\" \/>\n<meta property=\"og:title\" content=\"WholesaleSolar PV Cable Single Core - TOSUNlux Official Site - Electrical Circuit Breaker Manufacturer in China Low Voltage Electrical Supplier | TOSUNlux\" \/>\n<meta property=\"og:description\" content=\"Solar PV Cable Single Core Supplier - Wholesale direct from TOSUNlux, a trusted manufacturer since 1994. Get your B2B factory quote on our certified Low Voltage electrical products.\" \/>\n<meta property=\"og:url\" content=\"https:\/\/www.tosunlux.eu\/pt\/products\/solar-pv-cable-single-core\/\" \/>\n<meta property=\"og:site_name\" content=\"TOSUNlux Official Site - Electrical Circuit Breaker Manufacturer in China\" \/>\n<meta property=\"article:publisher\" content=\"https:\/\/www.facebook.com\/TOSUNelectric\/\" \/>\n<meta property=\"article:modified_time\" content=\"2023-03-16T03:15:48+00:00\" \/>\n<meta property=\"og:image\" content=\"https:\/\/www.tosunlux.eu\/wp-content\/uploads\/2022\/05\/1-7-1024x177.jpg\" \/>\n<meta name=\"twitter:card\" content=\"summary_large_image\" \/>\n<meta name=\"twitter:label1\" content=\"Est. tempo de leitura\" \/>\n\t<meta name=\"twitter:data1\" content=\"1 minuto\" \/>\n<script type=\"application\/ld+json\" class=\"yoast-schema-graph\">{\"@context\":\"https:\\\/\\\/schema.org\",\"@graph\":[{\"@type\":\"WebPage\",\"@id\":\"https:\\\/\\\/www.tosunlux.eu\\\/ru\\\/products\\\/solar-pv-cable-single-core\\\/\",\"url\":\"https:\\\/\\\/www.tosunlux.eu\\\/ru\\\/products\\\/solar-pv-cable-single-core\\\/\",\"name\":\"WholesaleSolar PV Cable Single Core - TOSUNlux Official Site - Electrical Circuit Breaker Manufacturer in China Low Voltage Electrical Supplier | TOSUNlux\",\"isPartOf\":{\"@id\":\"https:\\\/\\\/www.tosunlux.eu\\\/ru\\\/#website\"},\"primaryImageOfPage\":{\"@id\":\"https:\\\/\\\/www.tosunlux.eu\\\/ru\\\/products\\\/solar-pv-cable-single-core\\\/#primaryimage\"},\"image\":{\"@id\":\"https:\\\/\\\/www.tosunlux.eu\\\/ru\\\/products\\\/solar-pv-cable-single-core\\\/#primaryimage\"},\"thumbnailUrl\":\"https:\\\/\\\/www.tosunlux.eu\\\/wp-content\\\/uploads\\\/2022\\\/05\\\/1-7-1024x177.jpg\",\"datePublished\":\"2022-05-05T08:49:21+00:00\",\"dateModified\":\"2023-03-16T03:15:48+00:00\",\"description\":\"Solar PV Cable Single Core Supplier - Wholesale direct from TOSUNlux, a trusted manufacturer since 1994. Get your B2B factory quote on our certified Low Voltage electrical products.\",\"breadcrumb\":{\"@id\":\"https:\\\/\\\/www.tosunlux.eu\\\/ru\\\/products\\\/solar-pv-cable-single-core\\\/#breadcrumb\"},\"inLanguage\":\"pt-BR\",\"potentialAction\":[{\"@type\":\"ReadAction\",\"target\":[\"https:\\\/\\\/www.tosunlux.eu\\\/ru\\\/products\\\/solar-pv-cable-single-core\\\/\"]}]},{\"@type\":\"ImageObject\",\"inLanguage\":\"pt-BR\",\"@id\":\"https:\\\/\\\/www.tosunlux.eu\\\/ru\\\/products\\\/solar-pv-cable-single-core\\\/#primaryimage\",\"url\":\"https:\\\/\\\/www.tosunlux.eu\\\/wp-content\\\/uploads\\\/2022\\\/05\\\/1-7-1024x177.jpg\",\"contentUrl\":\"https:\\\/\\\/www.tosunlux.eu\\\/wp-content\\\/uploads\\\/2022\\\/05\\\/1-7-1024x177.jpg\"},{\"@type\":\"BreadcrumbList\",\"@id\":\"https:\\\/\\\/www.tosunlux.eu\\\/ru\\\/products\\\/solar-pv-cable-single-core\\\/#breadcrumb\",\"itemListElement\":[{\"@type\":\"ListItem\",\"position\":1,\"name\":\"Home\",\"item\":\"https:\\\/\\\/www.tosunlux.eu\\\/ru\\\/\"},{\"@type\":\"ListItem\",\"position\":2,\"name\":\"Products\",\"item\":\"https:\\\/\\\/www.tosunlux.eu\\\/products\\\/\"},{\"@type\":\"ListItem\",\"position\":3,\"name\":\"Solar PV Cable Single Core\"}]},{\"@type\":\"WebSite\",\"@id\":\"https:\\\/\\\/www.tosunlux.eu\\\/ru\\\/#website\",\"url\":\"https:\\\/\\\/www.tosunlux.eu\\\/ru\\\/\",\"name\":\"TOSUNlux Official Site - Electrical Circuit Breaker Manufacturer in China\",\"description\":\"Power Distribution System Supplier\",\"publisher\":{\"@id\":\"https:\\\/\\\/www.tosunlux.eu\\\/ru\\\/#organization\"},\"alternateName\":\"TOSUNlux\",\"potentialAction\":[{\"@type\":\"SearchAction\",\"target\":{\"@type\":\"EntryPoint\",\"urlTemplate\":\"https:\\\/\\\/www.tosunlux.eu\\\/ru\\\/?s={search_term_string}\"},\"query-input\":{\"@type\":\"PropertyValueSpecification\",\"valueRequired\":true,\"valueName\":\"search_term_string\"}}],\"inLanguage\":\"pt-BR\"},{\"@type\":\"Organization\",\"@id\":\"https:\\\/\\\/www.tosunlux.eu\\\/ru\\\/#organization\",\"name\":\"TOSUNlux\",\"url\":\"https:\\\/\\\/www.tosunlux.eu\\\/ru\\\/\",\"logo\":{\"@type\":\"ImageObject\",\"inLanguage\":\"pt-BR\",\"@id\":\"https:\\\/\\\/www.tosunlux.eu\\\/ru\\\/#\\\/schema\\\/logo\\\/image\\\/\",\"url\":\"https:\\\/\\\/www.tosunlux.eu\\\/wp-content\\\/uploads\\\/2022\\\/01\\\/LOGOSYSM.71762f1.png\",\"contentUrl\":\"https:\\\/\\\/www.tosunlux.eu\\\/wp-content\\\/uploads\\\/2022\\\/01\\\/LOGOSYSM.71762f1.png\",\"width\":153,\"height\":55,\"caption\":\"TOSUNlux\"},\"image\":{\"@id\":\"https:\\\/\\\/www.tosunlux.eu\\\/ru\\\/#\\\/schema\\\/logo\\\/image\\\/\"},\"sameAs\":[\"https:\\\/\\\/www.facebook.com\\\/TOSUNelectric\\\/\",\"https:\\\/\\\/www.linkedin.com\\\/company\\\/wenzhou-tosun-electric-co.-ltd\\\/\"]}]}<\/script>\n<!-- \/ Yoast SEO plugin. -->","yoast_head_json":{"title":"Cabo fotovoltaico de n\u00facleo \u00fanico no atacado - Site oficial da TOSUNlux - Fabricante de disjuntores el\u00e9tricos na China, fornecedor de energia el\u00e9trica de baixa tens\u00e3o | TOSUNlux","description":"Fornecedor de cabo solar fotovoltaico de n\u00facleo \u00fanico - Venda por atacado diretamente da TOSUNlux, um fabricante confi\u00e1vel desde 1994. Obtenha seu or\u00e7amento de f\u00e1brica B2B para nossos produtos el\u00e9tricos de baixa tens\u00e3o certificados.","robots":{"index":"index","follow":"follow","max-snippet":"max-snippet:-1","max-image-preview":"max-image-preview:large","max-video-preview":"max-video-preview:-1"},"canonical":"https:\/\/www.tosunlux.eu\/pt\/products\/solar-pv-cable-single-core\/","og_locale":"pt_BR","og_type":"article","og_title":"WholesaleSolar PV Cable Single Core - TOSUNlux Official Site - Electrical Circuit Breaker Manufacturer in China Low Voltage Electrical Supplier | TOSUNlux","og_description":"Solar PV Cable Single Core Supplier - Wholesale direct from TOSUNlux, a trusted manufacturer since 1994. Get your B2B factory quote on our certified Low Voltage electrical products.","og_url":"https:\/\/www.tosunlux.eu\/pt\/products\/solar-pv-cable-single-core\/","og_site_name":"TOSUNlux Official Site - Electrical Circuit Breaker Manufacturer in China","article_publisher":"https:\/\/www.facebook.com\/TOSUNelectric\/","article_modified_time":"2023-03-16T03:15:48+00:00","og_image":[{"url":"https:\/\/www.tosunlux.eu\/wp-content\/uploads\/2022\/05\/1-7-1024x177.jpg","type":"","width":"","height":""}],"twitter_card":"summary_large_image","twitter_misc":{"Est. tempo de leitura":"1 minuto"},"schema":{"@context":"https:\/\/schema.org","@graph":[{"@type":"WebPage","@id":"https:\/\/www.tosunlux.eu\/ru\/products\/solar-pv-cable-single-core\/","url":"https:\/\/www.tosunlux.eu\/ru\/products\/solar-pv-cable-single-core\/","name":"Cabo fotovoltaico de n\u00facleo \u00fanico no atacado - Site oficial da TOSUNlux - Fabricante de disjuntores el\u00e9tricos na China, fornecedor de energia el\u00e9trica de baixa tens\u00e3o | TOSUNlux","isPartOf":{"@id":"https:\/\/www.tosunlux.eu\/ru\/#website"},"primaryImageOfPage":{"@id":"https:\/\/www.tosunlux.eu\/ru\/products\/solar-pv-cable-single-core\/#primaryimage"},"image":{"@id":"https:\/\/www.tosunlux.eu\/ru\/products\/solar-pv-cable-single-core\/#primaryimage"},"thumbnailUrl":"https:\/\/www.tosunlux.eu\/wp-content\/uploads\/2022\/05\/1-7-1024x177.jpg","datePublished":"2022-05-05T08:49:21+00:00","dateModified":"2023-03-16T03:15:48+00:00","description":"Fornecedor de cabo solar fotovoltaico de n\u00facleo \u00fanico - Venda por atacado diretamente da TOSUNlux, um fabricante confi\u00e1vel desde 1994. Obtenha seu or\u00e7amento de f\u00e1brica B2B para nossos produtos el\u00e9tricos de baixa tens\u00e3o certificados.","breadcrumb":{"@id":"https:\/\/www.tosunlux.eu\/ru\/products\/solar-pv-cable-single-core\/#breadcrumb"},"inLanguage":"pt-BR","potentialAction":[{"@type":"ReadAction","target":["https:\/\/www.tosunlux.eu\/ru\/products\/solar-pv-cable-single-core\/"]}]},{"@type":"ImageObject","inLanguage":"pt-BR","@id":"https:\/\/www.tosunlux.eu\/ru\/products\/solar-pv-cable-single-core\/#primaryimage","url":"https:\/\/www.tosunlux.eu\/wp-content\/uploads\/2022\/05\/1-7-1024x177.jpg","contentUrl":"https:\/\/www.tosunlux.eu\/wp-content\/uploads\/2022\/05\/1-7-1024x177.jpg"},{"@type":"BreadcrumbList","@id":"https:\/\/www.tosunlux.eu\/ru\/products\/solar-pv-cable-single-core\/#breadcrumb","itemListElement":[{"@type":"ListItem","position":1,"name":"Home","item":"https:\/\/www.tosunlux.eu\/ru\/"},{"@type":"ListItem","position":2,"name":"Products","item":"https:\/\/www.tosunlux.eu\/products\/"},{"@type":"ListItem","position":3,"name":"Solar PV Cable Single Core"}]},{"@type":"WebSite","@id":"https:\/\/www.tosunlux.eu\/ru\/#website","url":"https:\/\/www.tosunlux.eu\/ru\/","name":"Site Oficial TOSUNlux - Fabricante de Disjuntores El\u00e9tricos na China","description":"Fornecedor de sistema de distribui\u00e7\u00e3o de energia","publisher":{"@id":"https:\/\/www.tosunlux.eu\/ru\/#organization"},"alternateName":"TOSUNlux","potentialAction":[{"@type":"SearchAction","target":{"@type":"EntryPoint","urlTemplate":"https:\/\/www.tosunlux.eu\/ru\/?s={search_term_string}"},"query-input":{"@type":"PropertyValueSpecification","valueRequired":true,"valueName":"search_term_string"}}],"inLanguage":"pt-BR"},{"@type":"Organization","@id":"https:\/\/www.tosunlux.eu\/ru\/#organization","name":"TOSUNlux","url":"https:\/\/www.tosunlux.eu\/ru\/","logo":{"@type":"ImageObject","inLanguage":"pt-BR","@id":"https:\/\/www.tosunlux.eu\/ru\/#\/schema\/logo\/image\/","url":"https:\/\/www.tosunlux.eu\/wp-content\/uploads\/2022\/01\/LOGOSYSM.71762f1.png","contentUrl":"https:\/\/www.tosunlux.eu\/wp-content\/uploads\/2022\/01\/LOGOSYSM.71762f1.png","width":153,"height":55,"caption":"TOSUNlux"},"image":{"@id":"https:\/\/www.tosunlux.eu\/ru\/#\/schema\/logo\/image\/"},"sameAs":["https:\/\/www.facebook.com\/TOSUNelectric\/","https:\/\/www.linkedin.com\/company\/wenzhou-tosun-electric-co.-ltd\/"]}]}},"_links":{"self":[{"href":"https:\/\/www.tosunlux.eu\/pt\/wp-json\/wp\/v2\/product\/2285","targetHints":{"allow":["GET"]}}],"collection":[{"href":"https:\/\/www.tosunlux.eu\/pt\/wp-json\/wp\/v2\/product"}],"about":[{"href":"https:\/\/www.tosunlux.eu\/pt\/wp-json\/wp\/v2\/types\/product"}],"version-history":[{"count":0,"href":"https:\/\/www.tosunlux.eu\/pt\/wp-json\/wp\/v2\/product\/2285\/revisions"}],"wp:attachment":[{"href":"https:\/\/www.tosunlux.eu\/pt\/wp-json\/wp\/v2\/media?parent=2285"}],"wp:term":[{"taxonomy":"product_category","embeddable":true,"href":"https:\/\/www.tosunlux.eu\/pt\/wp-json\/wp\/v2\/product_category?post=2285"}],"curies":[{"name":"wp","href":"https:\/\/api.w.org\/{rel}","templated":true}]}}