{"id":2290,"date":"2022-05-05T17:08:45","date_gmt":"2022-05-05T09:08:45","guid":{"rendered":"https:\/\/www.tosunlux.eu\/?post_type=product&#038;p=2290"},"modified":"2024-03-28T16:08:17","modified_gmt":"2024-03-28T08:08:17","slug":"inverter","status":"publish","type":"product","link":"https:\/\/www.tosunlux.eu\/pt\/products\/inverter\/","title":{"rendered":"Inversor"},"content":{"rendered":"<p><strong>Soquete Dispon\u00edvel<\/strong><\/p>\n\n\n\n<figure class=\"wp-block-image size-large is-resized\"><img fetchpriority=\"high\" decoding=\"async\" src=\"https:\/\/www.tosunlux.eu\/wp-content\/uploads\/2022\/05\/1-8-1024x122.jpg\" alt=\"\" class=\"wp-image-2294\" width=\"884\" height=\"105\" srcset=\"https:\/\/www.tosunlux.eu\/wp-content\/uploads\/2022\/05\/1-8-1024x122.jpg 1024w, https:\/\/www.tosunlux.eu\/wp-content\/uploads\/2022\/05\/1-8-300x36.jpg 300w, https:\/\/www.tosunlux.eu\/wp-content\/uploads\/2022\/05\/1-8-768x91.jpg 768w, https:\/\/www.tosunlux.eu\/wp-content\/uploads\/2022\/05\/1-8-1536x183.jpg 1536w, https:\/\/www.tosunlux.eu\/wp-content\/uploads\/2022\/05\/1-8.jpg 2011w\" sizes=\"(max-width: 884px) 100vw, 884px\" \/><\/figure>\n\n\n\n<p><strong>Aplicativo<\/strong><\/p>\n\n\n\n<p>Sa\u00edda de onda senoidal pura ou sa\u00edda de onda modificada<\/p>\n\n\n\n<p>Baixo ru\u00eddo de trabalho, alta efici\u00eancia.<\/p>\n\n\n\n<p>Pequeno, leve e art\u00edstico, beneficiou-se com a ado\u00e7\u00e3o da tecnologia SMD.<\/p>\n\n\n\n<p>Apresenta alta confiabilidade e baixa taxa de falhas usando a avan\u00e7ada tecnologia de controle intelectual de chip \u00fanico de CPU dupla.<\/p>\n\n\n\n<p>O ventilador de resfriamento \u00e9 controlado intelectualmente e seu status de trabalho \u00e9 controlado pela CPU, o que aumenta principalmente sua vida \u00fatil e ajuda a economizar o consumo de energia, melhorar a efici\u00eancia do trabalho e diminuir o ru\u00eddo de trabalho.<\/p>\n\n\n\n<p>Com prote\u00e7\u00e3o completa: prote\u00e7\u00e3o contra sobrecarga, prote\u00e7\u00e3o interna contra superaquecimento, prote\u00e7\u00e3o contra curto-circuito de sa\u00edda, prote\u00e7\u00e3o contra subtens\u00e3o de entrada, prote\u00e7\u00e3o contra sobretens\u00e3o de entrada, etc., melhorando consideravelmente a confiabilidade dos produtos.<\/p>\n\n\n\n<p><strong>Especifica\u00e7\u00e3o<\/strong><\/p>\n\n\n<table style=\"border-collapse: collapse; width: 849px; height: 364px;\" border=\"0\" width=\"876\" cellspacing=\"0\" cellpadding=\"0\">\n<tbody>\n<tr style=\"height: 27.75pt;\">\n<td class=\"et3\" style=\"height: 112.5pt; width: 107.25pt; text-align: center;\" rowspan=\"4\" width=\"143\" height=\"150\">Entrada<\/td>\n<td class=\"et3\" style=\"width: 201pt; text-align: center;\" width=\"268\">Tens\u00e3o CC nominal<\/td>\n<td class=\"et3\" style=\"width: 348.75pt; text-align: center;\" width=\"465\">12V ou 24V ou 48V<\/td>\n<\/tr>\n<tr style=\"height: 28.50pt;\">\n<td class=\"et3\" style=\"width: 201pt; text-align: center;\" width=\"268\">Alcance de voltagem<\/td>\n<td class=\"et3\" style=\"width: 348.75pt; text-align: center;\" width=\"465\">10-16VDC ou 20-33VDC ou 40-63VDC<\/td>\n<\/tr>\n<tr style=\"height: 27.75pt;\">\n<td class=\"et3\" style=\"width: 201pt; text-align: center;\" width=\"268\">Efici\u00eancia<\/td>\n<td class=\"et3\" style=\"width: 348.75pt; text-align: center;\" width=\"465\">&gt;90%<\/td>\n<\/tr>\n<tr style=\"height: 28.50pt;\">\n<td class=\"et3\" style=\"width: 201pt; text-align: center;\" width=\"268\">conex\u00e3o DC<\/td>\n<td class=\"et3\" style=\"width: 348.75pt; text-align: center;\" width=\"465\">Cabos com clipes ou adaptador para carro<\/td>\n<\/tr>\n<tr style=\"height: 27.75pt;\">\n<td class=\"et3\" style=\"height: 110.25pt; width: 107.25pt; text-align: center;\" rowspan=\"4\" width=\"143\" height=\"147\">Sa\u00edda<\/td>\n<td class=\"et3\" style=\"width: 201pt; text-align: center;\" width=\"268\">Tens\u00e3o AC<\/td>\n<td class=\"et3\" style=\"width: 348.75pt; text-align: center;\" width=\"465\">100\/110\/120 VAC ou 220\/230\/240 VAC<\/td>\n<\/tr>\n<tr style=\"height: 26.25pt;\">\n<td class=\"et3\" style=\"width: 201pt; text-align: center;\" width=\"268\">forma de onda<\/td>\n<td class=\"et3\" style=\"width: 348.75pt; text-align: center;\" width=\"465\">Onda senoidal pura\/onda modificada<\/td>\n<\/tr>\n<tr style=\"height: 28.50pt;\">\n<td class=\"et3\" style=\"width: 201pt; text-align: center;\" width=\"268\">Frequ\u00eancia<\/td>\n<td class=\"et3\" style=\"width: 348.75pt; text-align: center;\" width=\"465\">50 Hz ou 60 Hz<\/td>\n<\/tr>\n<tr style=\"height: 27.75pt;\">\n<td class=\"et3\" style=\"width: 201pt; text-align: center;\" width=\"268\">regula\u00e7\u00e3o AC<\/td>\n<td class=\"et4\" style=\"width: 348.75pt; text-align: center;\" width=\"465\">3%<\/td>\n<\/tr>\n<tr style=\"height: 28.50pt;\">\n<td class=\"et3\" style=\"height: 55.5pt; width: 107.25pt; text-align: center;\" rowspan=\"2\" width=\"143\" height=\"74\">Prote\u00e7\u00e3o<\/td>\n<td class=\"et3\" style=\"width: 201pt; text-align: center;\" width=\"268\">Alarme de baixa tens\u00e3o<\/td>\n<td class=\"et3\" style=\"width: 348.75pt; text-align: center;\" width=\"465\">10,5DC\u00b10,5V ou 21DC\u00b11Vou42VDC\u00b11Vou100vDC\u00b11V<\/td>\n<\/tr>\n<tr style=\"height: 27.00pt;\">\n<td class=\"et3\" style=\"width: 201pt; text-align: center;\" width=\"268\">Desligamento de baixa tens\u00e3o<\/td>\n<td class=\"et3\" style=\"width: 348.75pt; text-align: center;\" width=\"465\">10DC\u00b10,5V ou 20DC\u00b11Vou 40VDC\u00b11V ou 96VDC\u00b15V<\/td>\n<\/tr>\n<\/tbody>\n<\/table>\n\n\n<p> <\/p>\n\n\n\n<p><strong>Onda senoidal pura<\/strong><\/p>\n\n\n<table style=\"border-collapse: collapse; width: 1195px; height: 205px;\" border=\"0\" width=\"1316\" cellspacing=\"0\" cellpadding=\"0\">\n<tbody>\n<tr style=\"height: 30.00pt;\">\n<td class=\"et3\" style=\"height: 30.00pt; width: 183.75pt;\" colspan=\"2\" width=\"245\" height=\"40\">Modelo<\/td>\n<td class=\"et4\" style=\"width: 89.25pt; text-align: center;\" width=\"119\">TZ-300S<\/td>\n<td class=\"et4\" style=\"width: 89.25pt; text-align: center;\" width=\"119\">TZ-500S<\/td>\n<td class=\"et4\" style=\"width: 89.25pt; text-align: center;\" width=\"119\">TZ-600S<\/td>\n<td class=\"et4\" style=\"width: 89.25pt; text-align: center;\" width=\"119\">TZ-1000S<\/td>\n<td class=\"et4\" style=\"width: 89.25pt; text-align: center;\" width=\"119\">TZ-1500S<\/td>\n<td class=\"et4\" style=\"width: 89.25pt; text-align: center;\" width=\"119\">TZ-2000S<\/td>\n<td class=\"et4\" style=\"width: 89.25pt; text-align: center;\" width=\"119\">TZ-3000S<\/td>\n<td class=\"et4\" style=\"width: 89.25pt; text-align: center;\" width=\"119\">TZ-4000S<\/td>\n<td class=\"et4\" style=\"width: 89.25pt; text-align: center;\" width=\"119\">TZ-5000S<\/td>\n<\/tr>\n<tr style=\"height: 30.00pt;\">\n<td class=\"et5\" style=\"height: 30pt; width: 78.75pt; text-align: left;\" width=\"105\" height=\"40\">entrada<\/td>\n<td class=\"et5\" style=\"width: 105pt; text-align: left;\" width=\"140\">Corrente em marcha lenta<\/td>\n<td class=\"et6\" style=\"width: 89.25pt; text-align: center;\" width=\"119\">&lt; 0,7A<\/td>\n<td class=\"et6\" style=\"width: 178.5pt; text-align: center;\" colspan=\"2\" width=\"238\">&lt; 0,5A<\/td>\n<td class=\"et6\" style=\"width: 89.25pt; text-align: center;\" width=\"119\">&lt; 0,8A<\/td>\n<td class=\"et6\" style=\"width: 89.25pt; text-align: center;\" width=\"119\">&lt; 0,8A<\/td>\n<td class=\"et6\" style=\"width: 89.25pt; text-align: center;\" width=\"119\">&lt; 1,1A<\/td>\n<td class=\"et6\" style=\"width: 267.75pt; text-align: center;\" colspan=\"3\" width=\"357\">&lt; 2,5A<\/td>\n<\/tr>\n<tr style=\"height: 30.00pt;\">\n<td class=\"et5\" style=\"height: 60.00pt; width: 78.75pt;\" rowspan=\"2\" width=\"105\" height=\"80\">Sa\u00edda<\/td>\n<td class=\"et5\" style=\"width: 105pt; text-align: left;\" width=\"140\">Pot\u00eancia cont\u00ednua<\/td>\n<td class=\"et6\" style=\"width: 89.25pt; text-align: center;\" width=\"119\">300VA<\/td>\n<td class=\"et6\" style=\"width: 89.25pt; text-align: center;\" width=\"119\">500VA<\/td>\n<td class=\"et6\" style=\"width: 89.25pt; text-align: center;\" width=\"119\">600VA<\/td>\n<td class=\"et6\" style=\"width: 89.25pt; text-align: center;\" width=\"119\">1000VA<\/td>\n<td class=\"et6\" style=\"width: 89.25pt; text-align: center;\" width=\"119\">1500VA<\/td>\n<td class=\"et6\" style=\"width: 89.25pt; text-align: center;\" width=\"119\">2000VA<\/td>\n<td class=\"et6\" style=\"width: 89.25pt; text-align: center;\" width=\"119\">3000VA<\/td>\n<td class=\"et6\" style=\"width: 89.25pt; text-align: center;\" width=\"119\">4000VA<\/td>\n<td class=\"et6\" style=\"width: 89.25pt; text-align: center;\" width=\"119\">5000VA<\/td>\n<\/tr>\n<tr style=\"height: 30.00pt;\">\n<td class=\"et5\" style=\"width: 105pt; text-align: left;\" width=\"140\">Surto de energia<\/td>\n<td class=\"et6\" style=\"width: 89.25pt; text-align: center;\" width=\"119\">600VA<\/td>\n<td class=\"et6\" style=\"width: 89.25pt; text-align: center;\" width=\"119\">1000VA<\/td>\n<td class=\"et6\" style=\"width: 89.25pt; text-align: center;\" width=\"119\">1200VA<\/td>\n<td class=\"et6\" style=\"width: 89.25pt; text-align: center;\" width=\"119\">2000VA<\/td>\n<td class=\"et6\" style=\"width: 89.25pt; text-align: center;\" width=\"119\">3000VA<\/td>\n<td class=\"et6\" style=\"width: 89.25pt; text-align: center;\" width=\"119\">4000VA<\/td>\n<td class=\"et6\" style=\"width: 89.25pt; text-align: center;\" width=\"119\">6000vVA<\/td>\n<td class=\"et6\" style=\"width: 89.25pt; text-align: center;\" width=\"119\">8000VA<\/td>\n<td class=\"et6\" style=\"width: 89.25pt; text-align: center;\" width=\"119\">10000VA<\/td>\n<\/tr>\n<tr style=\"height: 30.00pt;\">\n<td class=\"et5\" style=\"height: 30pt; width: 183.75pt; text-align: left;\" colspan=\"2\" width=\"245\" height=\"40\">&nbsp;<\/td>\n<td class=\"et6\" style=\"width: 89.25pt; text-align: center;\" width=\"119\">&nbsp;<\/td>\n<td class=\"et6\" style=\"width: 178.5pt; text-align: center;\" colspan=\"2\" width=\"238\">&nbsp;<\/td>\n<td class=\"et6\" style=\"width: 89.25pt; text-align: center;\" width=\"119\">&nbsp;<\/td>\n<td class=\"et6\" style=\"width: 89.25pt; text-align: center;\" width=\"119\">&nbsp;<\/td>\n<td class=\"et6\" style=\"width: 89.25pt; text-align: center;\" width=\"119\">&nbsp;<\/td>\n<td class=\"et6\" style=\"width: 89.25pt; text-align: center;\" width=\"119\">&nbsp;<\/td>\n<td class=\"et6\" style=\"width: 89.25pt; text-align: center;\" width=\"119\">&nbsp;<\/td>\n<td class=\"et6\" style=\"width: 89.25pt; text-align: center;\" width=\"119\">&nbsp;<\/td>\n<\/tr>\n<\/tbody>\n<\/table>\n\n\n<p> <\/p>\n\n\n\n<p><strong>onda modificada<\/strong><\/p>\n\n\n<table style=\"border-collapse: collapse; width: 897.77pt;\" border=\"0\" width=\"1197\" cellspacing=\"0\" cellpadding=\"0\">\n<tbody>\n<tr style=\"height: 30.00pt;\">\n<td class=\"et3\" style=\"height: 30.00pt; width: 183.75pt;\" colspan=\"2\" width=\"245\" height=\"40\">Modelo<\/td>\n<td class=\"et3\" style=\"width: 89.25pt; text-align: center;\" width=\"119\">TZ-300M<\/td>\n<td class=\"et3\" style=\"width: 89.25pt; text-align: center;\" width=\"119\">TZ-500M<\/td>\n<td class=\"et3\" style=\"width: 89.25pt; text-align: center;\" width=\"119\">TZ-600M<\/td>\n<td class=\"et3\" style=\"width: 89.25pt; text-align: center;\" width=\"119\">TZ-1000M<\/td>\n<td class=\"et3\" style=\"width: 89.25pt; text-align: center;\" width=\"119\">TZ-1500M<\/td>\n<td class=\"et3\" style=\"width: 89.25pt; text-align: center;\" width=\"119\">TZ-2000M<\/td>\n<td class=\"et6\" style=\"width: 89.25pt; text-align: center;\" width=\"119\">TZ-3000M<\/td>\n<td class=\"et6\" style=\"width: 89.25pt; text-align: center;\" width=\"119\">TZ-4000M<\/td>\n<\/tr>\n<tr style=\"height: 30.00pt;\">\n<td class=\"et4\" style=\"height: 30.00pt; width: 78.75pt;\" width=\"105\" height=\"40\">Entrada<\/td>\n<td class=\"et4\" style=\"width: 105.00pt;\" width=\"140\">Corrente em marcha lenta<\/td>\n<td class=\"et4\" style=\"width: 89.25pt; text-align: center;\" width=\"119\">&lt; 0,7A<\/td>\n<td class=\"et5\" style=\"width: 178.5pt; text-align: center;\" colspan=\"2\" width=\"238\">&lt; 0,5A<\/td>\n<td class=\"et4\" style=\"width: 89.25pt; text-align: center;\" width=\"119\">&lt; 0,8A<\/td>\n<td class=\"et4\" style=\"width: 89.25pt; text-align: center;\" width=\"119\">&lt; 0,8A<\/td>\n<td class=\"et4\" style=\"width: 89.25pt; text-align: center;\" width=\"119\">&lt; 1,1A<\/td>\n<td class=\"et5\" style=\"width: 178.5pt; text-align: center;\" colspan=\"2\" width=\"238\">&lt; 2,5A<\/td>\n<\/tr>\n<tr style=\"height: 30.00pt;\">\n<td class=\"et4\" style=\"height: 60.00pt; width: 78.75pt;\" rowspan=\"2\" width=\"105\" height=\"80\">Sa\u00edda<\/td>\n<td class=\"et4\" style=\"width: 105.00pt;\" width=\"140\">Pot\u00eancia cont\u00ednua<\/td>\n<td class=\"et4\" style=\"width: 89.25pt; text-align: center;\" width=\"119\">300VA<\/td>\n<td class=\"et4\" style=\"width: 89.25pt; text-align: center;\" width=\"119\">500VA<\/td>\n<td class=\"et4\" style=\"width: 89.25pt; text-align: center;\" width=\"119\">600VA<\/td>\n<td class=\"et4\" style=\"width: 89.25pt; text-align: center;\" width=\"119\">1000VA<\/td>\n<td class=\"et4\" style=\"width: 89.25pt; text-align: center;\" width=\"119\">1500VA<\/td>\n<td class=\"et4\" style=\"width: 89.25pt; text-align: center;\" width=\"119\">2000VA<\/td>\n<td class=\"et4\" style=\"width: 89.25pt; text-align: center;\" width=\"119\">3000VA<\/td>\n<td class=\"et4\" style=\"width: 89.25pt; text-align: center;\" width=\"119\">4000VA<\/td>\n<\/tr>\n<tr style=\"height: 30.00pt;\">\n<td class=\"et4\" style=\"width: 105pt; text-align: left;\" width=\"140\">Surto de energia<\/td>\n<td class=\"et4\" style=\"width: 89.25pt; text-align: center;\" width=\"119\">600VA<\/td>\n<td class=\"et4\" style=\"width: 89.25pt; text-align: center;\" width=\"119\">1000VA<\/td>\n<td class=\"et4\" style=\"width: 89.25pt; text-align: center;\" width=\"119\">1200VA<\/td>\n<td class=\"et4\" style=\"width: 89.25pt; text-align: center;\" width=\"119\">2000VA<\/td>\n<td class=\"et4\" style=\"width: 89.25pt; text-align: center;\" width=\"119\">3000VA<\/td>\n<td class=\"et4\" style=\"width: 89.25pt; text-align: center;\" width=\"119\">4000VA<\/td>\n<td class=\"et4\" style=\"width: 89.25pt; text-align: center;\" width=\"119\">6000VA<\/td>\n<td class=\"et4\" style=\"width: 89.25pt; text-align: center;\" width=\"119\">8000VA<\/td>\n<\/tr>\n<tr style=\"height: 30.00pt;\">\n<td class=\"et4\" style=\"height: 30pt; width: 183.75pt; text-align: left;\" colspan=\"2\" width=\"245\" height=\"40\">&nbsp;<\/td>\n<td class=\"et4\" style=\"width: 89.25pt; text-align: center;\" width=\"119\">&nbsp;<\/td>\n<td class=\"et4\" style=\"width: 178.5pt; text-align: center;\" colspan=\"2\" width=\"238\">&nbsp;<\/td>\n<td class=\"et4\" style=\"width: 89.25pt; text-align: center;\" width=\"119\">&nbsp;<\/td>\n<td class=\"et4\" style=\"width: 89.25pt; text-align: center;\" width=\"119\">&nbsp;<\/td>\n<td class=\"et4\" style=\"width: 89.25pt; text-align: center;\" width=\"119\">&nbsp;<\/td>\n<td class=\"et4\" style=\"width: 89.25pt; text-align: center;\" width=\"119\">&nbsp;<\/td>\n<td class=\"et4\" style=\"width: 89.25pt; text-align: center;\" width=\"119\">&nbsp;<\/td>\n<\/tr>\n<\/tbody>\n<\/table>","protected":false},"parent":0,"template":"","product_category":[37,120],"class_list":["post-2290","product","type-product","status-publish","hentry","product_category-new-energy-instruments","product_category-inverter"],"yoast_head":"<!-- This site is optimized with the Yoast SEO plugin v27.5 - https:\/\/yoast.com\/product\/yoast-seo-wordpress\/ -->\n<title>WholesaleInverter - TOSUNlux Official Site - Electrical Circuit Breaker Manufacturer in China Low Voltage Electrical Supplier | TOSUNlux<\/title>\n<meta name=\"description\" content=\"Inverter Supplier - Wholesale direct from TOSUNlux, a trusted manufacturer since 1994. Get your B2B factory quote on our certified Low Voltage electrical products.\" \/>\n<meta name=\"robots\" content=\"index, follow, max-snippet:-1, max-image-preview:large, max-video-preview:-1\" \/>\n<link rel=\"canonical\" href=\"https:\/\/www.tosunlux.eu\/pt\/products\/inverter\/\" \/>\n<meta property=\"og:locale\" content=\"pt_BR\" \/>\n<meta property=\"og:type\" content=\"article\" \/>\n<meta property=\"og:title\" content=\"WholesaleInverter - TOSUNlux Official Site - Electrical Circuit Breaker Manufacturer in China Low Voltage Electrical Supplier | TOSUNlux\" \/>\n<meta property=\"og:description\" content=\"Inverter Supplier - Wholesale direct from TOSUNlux, a trusted manufacturer since 1994. Get your B2B factory quote on our certified Low Voltage electrical products.\" \/>\n<meta property=\"og:url\" content=\"https:\/\/www.tosunlux.eu\/pt\/products\/inverter\/\" \/>\n<meta property=\"og:site_name\" content=\"TOSUNlux Official Site - Electrical Circuit Breaker Manufacturer in China\" \/>\n<meta property=\"article:publisher\" content=\"https:\/\/www.facebook.com\/TOSUNelectric\/\" \/>\n<meta property=\"article:modified_time\" content=\"2024-03-28T08:08:17+00:00\" \/>\n<meta property=\"og:image\" content=\"https:\/\/www.tosunlux.eu\/wp-content\/uploads\/2022\/05\/1-8-1024x122.jpg\" \/>\n<meta name=\"twitter:card\" content=\"summary_large_image\" \/>\n<meta name=\"twitter:label1\" content=\"Est. tempo de leitura\" \/>\n\t<meta name=\"twitter:data1\" content=\"2 minutos\" \/>\n<script type=\"application\/ld+json\" class=\"yoast-schema-graph\">{\"@context\":\"https:\\\/\\\/schema.org\",\"@graph\":[{\"@type\":\"WebPage\",\"@id\":\"https:\\\/\\\/www.tosunlux.eu\\\/pl\\\/products\\\/inverter\\\/\",\"url\":\"https:\\\/\\\/www.tosunlux.eu\\\/pl\\\/products\\\/inverter\\\/\",\"name\":\"WholesaleInverter - TOSUNlux Official Site - Electrical Circuit Breaker Manufacturer in China Low Voltage Electrical Supplier | TOSUNlux\",\"isPartOf\":{\"@id\":\"https:\\\/\\\/www.tosunlux.eu\\\/ru\\\/#website\"},\"primaryImageOfPage\":{\"@id\":\"https:\\\/\\\/www.tosunlux.eu\\\/pl\\\/products\\\/inverter\\\/#primaryimage\"},\"image\":{\"@id\":\"https:\\\/\\\/www.tosunlux.eu\\\/pl\\\/products\\\/inverter\\\/#primaryimage\"},\"thumbnailUrl\":\"https:\\\/\\\/www.tosunlux.eu\\\/wp-content\\\/uploads\\\/2022\\\/05\\\/1-8-1024x122.jpg\",\"datePublished\":\"2022-05-05T09:08:45+00:00\",\"dateModified\":\"2024-03-28T08:08:17+00:00\",\"description\":\"Inverter Supplier - Wholesale direct from TOSUNlux, a trusted manufacturer since 1994. Get your B2B factory quote on our certified Low Voltage electrical products.\",\"breadcrumb\":{\"@id\":\"https:\\\/\\\/www.tosunlux.eu\\\/pl\\\/products\\\/inverter\\\/#breadcrumb\"},\"inLanguage\":\"pt-BR\",\"potentialAction\":[{\"@type\":\"ReadAction\",\"target\":[\"https:\\\/\\\/www.tosunlux.eu\\\/pl\\\/products\\\/inverter\\\/\"]}]},{\"@type\":\"ImageObject\",\"inLanguage\":\"pt-BR\",\"@id\":\"https:\\\/\\\/www.tosunlux.eu\\\/pl\\\/products\\\/inverter\\\/#primaryimage\",\"url\":\"https:\\\/\\\/www.tosunlux.eu\\\/wp-content\\\/uploads\\\/2022\\\/05\\\/1-8-1024x122.jpg\",\"contentUrl\":\"https:\\\/\\\/www.tosunlux.eu\\\/wp-content\\\/uploads\\\/2022\\\/05\\\/1-8-1024x122.jpg\"},{\"@type\":\"BreadcrumbList\",\"@id\":\"https:\\\/\\\/www.tosunlux.eu\\\/pl\\\/products\\\/inverter\\\/#breadcrumb\",\"itemListElement\":[{\"@type\":\"ListItem\",\"position\":1,\"name\":\"Home\",\"item\":\"https:\\\/\\\/www.tosunlux.eu\\\/ru\\\/\"},{\"@type\":\"ListItem\",\"position\":2,\"name\":\"Products\",\"item\":\"https:\\\/\\\/www.tosunlux.eu\\\/products\\\/\"},{\"@type\":\"ListItem\",\"position\":3,\"name\":\"Inverter\"}]},{\"@type\":\"WebSite\",\"@id\":\"https:\\\/\\\/www.tosunlux.eu\\\/ru\\\/#website\",\"url\":\"https:\\\/\\\/www.tosunlux.eu\\\/ru\\\/\",\"name\":\"TOSUNlux Official Site - Electrical Circuit Breaker Manufacturer in China\",\"description\":\"Power Distribution System Supplier\",\"publisher\":{\"@id\":\"https:\\\/\\\/www.tosunlux.eu\\\/ru\\\/#organization\"},\"alternateName\":\"TOSUNlux\",\"potentialAction\":[{\"@type\":\"SearchAction\",\"target\":{\"@type\":\"EntryPoint\",\"urlTemplate\":\"https:\\\/\\\/www.tosunlux.eu\\\/ru\\\/?s={search_term_string}\"},\"query-input\":{\"@type\":\"PropertyValueSpecification\",\"valueRequired\":true,\"valueName\":\"search_term_string\"}}],\"inLanguage\":\"pt-BR\"},{\"@type\":\"Organization\",\"@id\":\"https:\\\/\\\/www.tosunlux.eu\\\/ru\\\/#organization\",\"name\":\"TOSUNlux\",\"url\":\"https:\\\/\\\/www.tosunlux.eu\\\/ru\\\/\",\"logo\":{\"@type\":\"ImageObject\",\"inLanguage\":\"pt-BR\",\"@id\":\"https:\\\/\\\/www.tosunlux.eu\\\/ru\\\/#\\\/schema\\\/logo\\\/image\\\/\",\"url\":\"https:\\\/\\\/www.tosunlux.eu\\\/wp-content\\\/uploads\\\/2022\\\/01\\\/LOGOSYSM.71762f1.png\",\"contentUrl\":\"https:\\\/\\\/www.tosunlux.eu\\\/wp-content\\\/uploads\\\/2022\\\/01\\\/LOGOSYSM.71762f1.png\",\"width\":153,\"height\":55,\"caption\":\"TOSUNlux\"},\"image\":{\"@id\":\"https:\\\/\\\/www.tosunlux.eu\\\/ru\\\/#\\\/schema\\\/logo\\\/image\\\/\"},\"sameAs\":[\"https:\\\/\\\/www.facebook.com\\\/TOSUNelectric\\\/\",\"https:\\\/\\\/www.linkedin.com\\\/company\\\/wenzhou-tosun-electric-co.-ltd\\\/\"]}]}<\/script>\n<!-- \/ Yoast SEO plugin. -->","yoast_head_json":{"title":"WholesaleInverter - TOSUNlux Official Site - Electrical Circuit Breaker Manufacturer in China Low Voltage Electrical Supplier | TOSUNlux","description":"Inverter Supplier - Wholesale direct from TOSUNlux, a trusted manufacturer since 1994. Get your B2B factory quote on our certified Low Voltage electrical products.","robots":{"index":"index","follow":"follow","max-snippet":"max-snippet:-1","max-image-preview":"max-image-preview:large","max-video-preview":"max-video-preview:-1"},"canonical":"https:\/\/www.tosunlux.eu\/pt\/products\/inverter\/","og_locale":"pt_BR","og_type":"article","og_title":"WholesaleInverter - TOSUNlux Official Site - Electrical Circuit Breaker Manufacturer in China Low Voltage Electrical Supplier | TOSUNlux","og_description":"Inverter Supplier - Wholesale direct from TOSUNlux, a trusted manufacturer since 1994. Get your B2B factory quote on our certified Low Voltage electrical products.","og_url":"https:\/\/www.tosunlux.eu\/pt\/products\/inverter\/","og_site_name":"TOSUNlux Official Site - Electrical Circuit Breaker Manufacturer in China","article_publisher":"https:\/\/www.facebook.com\/TOSUNelectric\/","article_modified_time":"2024-03-28T08:08:17+00:00","og_image":[{"url":"https:\/\/www.tosunlux.eu\/wp-content\/uploads\/2022\/05\/1-8-1024x122.jpg","type":"","width":"","height":""}],"twitter_card":"summary_large_image","twitter_misc":{"Est. tempo de leitura":"2 minutos"},"schema":{"@context":"https:\/\/schema.org","@graph":[{"@type":"WebPage","@id":"https:\/\/www.tosunlux.eu\/pl\/products\/inverter\/","url":"https:\/\/www.tosunlux.eu\/pl\/products\/inverter\/","name":"WholesaleInverter - TOSUNlux Official Site - Electrical Circuit Breaker Manufacturer in China Low Voltage Electrical Supplier | TOSUNlux","isPartOf":{"@id":"https:\/\/www.tosunlux.eu\/ru\/#website"},"primaryImageOfPage":{"@id":"https:\/\/www.tosunlux.eu\/pl\/products\/inverter\/#primaryimage"},"image":{"@id":"https:\/\/www.tosunlux.eu\/pl\/products\/inverter\/#primaryimage"},"thumbnailUrl":"https:\/\/www.tosunlux.eu\/wp-content\/uploads\/2022\/05\/1-8-1024x122.jpg","datePublished":"2022-05-05T09:08:45+00:00","dateModified":"2024-03-28T08:08:17+00:00","description":"Inverter Supplier - Wholesale direct from TOSUNlux, a trusted manufacturer since 1994. Get your B2B factory quote on our certified Low Voltage electrical products.","breadcrumb":{"@id":"https:\/\/www.tosunlux.eu\/pl\/products\/inverter\/#breadcrumb"},"inLanguage":"pt-BR","potentialAction":[{"@type":"ReadAction","target":["https:\/\/www.tosunlux.eu\/pl\/products\/inverter\/"]}]},{"@type":"ImageObject","inLanguage":"pt-BR","@id":"https:\/\/www.tosunlux.eu\/pl\/products\/inverter\/#primaryimage","url":"https:\/\/www.tosunlux.eu\/wp-content\/uploads\/2022\/05\/1-8-1024x122.jpg","contentUrl":"https:\/\/www.tosunlux.eu\/wp-content\/uploads\/2022\/05\/1-8-1024x122.jpg"},{"@type":"BreadcrumbList","@id":"https:\/\/www.tosunlux.eu\/pl\/products\/inverter\/#breadcrumb","itemListElement":[{"@type":"ListItem","position":1,"name":"Home","item":"https:\/\/www.tosunlux.eu\/ru\/"},{"@type":"ListItem","position":2,"name":"Products","item":"https:\/\/www.tosunlux.eu\/products\/"},{"@type":"ListItem","position":3,"name":"Inverter"}]},{"@type":"WebSite","@id":"https:\/\/www.tosunlux.eu\/ru\/#website","url":"https:\/\/www.tosunlux.eu\/ru\/","name":"Site Oficial TOSUNlux - Fabricante de Disjuntores El\u00e9tricos na China","description":"Fornecedor de sistema de distribui\u00e7\u00e3o de energia","publisher":{"@id":"https:\/\/www.tosunlux.eu\/ru\/#organization"},"alternateName":"TOSUNlux","potentialAction":[{"@type":"SearchAction","target":{"@type":"EntryPoint","urlTemplate":"https:\/\/www.tosunlux.eu\/ru\/?s={search_term_string}"},"query-input":{"@type":"PropertyValueSpecification","valueRequired":true,"valueName":"search_term_string"}}],"inLanguage":"pt-BR"},{"@type":"Organization","@id":"https:\/\/www.tosunlux.eu\/ru\/#organization","name":"TOSUNlux","url":"https:\/\/www.tosunlux.eu\/ru\/","logo":{"@type":"ImageObject","inLanguage":"pt-BR","@id":"https:\/\/www.tosunlux.eu\/ru\/#\/schema\/logo\/image\/","url":"https:\/\/www.tosunlux.eu\/wp-content\/uploads\/2022\/01\/LOGOSYSM.71762f1.png","contentUrl":"https:\/\/www.tosunlux.eu\/wp-content\/uploads\/2022\/01\/LOGOSYSM.71762f1.png","width":153,"height":55,"caption":"TOSUNlux"},"image":{"@id":"https:\/\/www.tosunlux.eu\/ru\/#\/schema\/logo\/image\/"},"sameAs":["https:\/\/www.facebook.com\/TOSUNelectric\/","https:\/\/www.linkedin.com\/company\/wenzhou-tosun-electric-co.-ltd\/"]}]}},"_links":{"self":[{"href":"https:\/\/www.tosunlux.eu\/pt\/wp-json\/wp\/v2\/product\/2290","targetHints":{"allow":["GET"]}}],"collection":[{"href":"https:\/\/www.tosunlux.eu\/pt\/wp-json\/wp\/v2\/product"}],"about":[{"href":"https:\/\/www.tosunlux.eu\/pt\/wp-json\/wp\/v2\/types\/product"}],"version-history":[{"count":1,"href":"https:\/\/www.tosunlux.eu\/pt\/wp-json\/wp\/v2\/product\/2290\/revisions"}],"predecessor-version":[{"id":9914,"href":"https:\/\/www.tosunlux.eu\/pt\/wp-json\/wp\/v2\/product\/2290\/revisions\/9914"}],"wp:attachment":[{"href":"https:\/\/www.tosunlux.eu\/pt\/wp-json\/wp\/v2\/media?parent=2290"}],"wp:term":[{"taxonomy":"product_category","embeddable":true,"href":"https:\/\/www.tosunlux.eu\/pt\/wp-json\/wp\/v2\/product_category?post=2290"}],"curies":[{"name":"wp","href":"https:\/\/api.w.org\/{rel}","templated":true}]}}