{"id":2318,"date":"2022-05-06T14:26:36","date_gmt":"2022-05-06T06:26:36","guid":{"rendered":"https:\/\/www.tosunlux.eu\/?post_type=product&#038;p=2318"},"modified":"2022-05-06T14:31:16","modified_gmt":"2022-05-06T06:31:16","slug":"sr-fully-removable-panel-board","status":"publish","type":"product","link":"https:\/\/www.tosunlux.eu\/pt\/products\/sr-fully-removable-panel-board\/","title":{"rendered":"Placa de painel totalmente remov\u00edvel SR"},"content":{"rendered":"<p><strong>Aplicativo<\/strong><\/p>\n\n\n\n<p>A Placa de Painel Totalmente Remov\u00edvel SR \u00e9 fabricada em chapa de a\u00e7o, projetada para ser montada com diversos componentes el\u00e9tricos.&nbsp;<\/p>\n\n\n\n<p><strong>Especifica\u00e7\u00e3o<\/strong><\/p>\n\n\n<table border=\"0\" width=\"775\" cellspacing=\"0\" cellpadding=\"0\">\n<tbody>\n<tr class=\"firstRow\">\n<td colspan=\"3\" align=\"center\" valign=\"middle\" height=\"19\">Dimens\u00e3o externa (mm)<\/td>\n<\/tr>\n<tr>\n<td align=\"center\" valign=\"middle\" width=\"247\" height=\"19\">Altura<\/td>\n<td align=\"center\" valign=\"middle\" width=\"259\" height=\"19\">Largura<\/td>\n<td align=\"center\" valign=\"middle\" width=\"268\" height=\"19\">Profundidade<\/td>\n<\/tr>\n<tr>\n<td align=\"center\" valign=\"middle\" width=\"247\" height=\"19\">1600<\/td>\n<td align=\"center\" valign=\"middle\" width=\"259\" height=\"19\">600<\/td>\n<td align=\"center\" valign=\"middle\" width=\"268\" height=\"19\">400<\/td>\n<\/tr>\n<tr>\n<td align=\"center\" valign=\"middle\" width=\"247\" height=\"19\">1600<\/td>\n<td align=\"center\" valign=\"middle\" width=\"259\" height=\"19\">800<\/td>\n<td align=\"center\" valign=\"middle\" width=\"268\" height=\"19\">500<\/td>\n<\/tr>\n<tr>\n<td align=\"center\" valign=\"middle\" width=\"247\" height=\"19\">1600<\/td>\n<td align=\"center\" valign=\"middle\" width=\"259\" height=\"19\">800<\/td>\n<td align=\"center\" valign=\"middle\" width=\"268\" height=\"19\">600<\/td>\n<\/tr>\n<tr>\n<td align=\"center\" valign=\"middle\" width=\"247\" height=\"19\">1800<\/td>\n<td align=\"center\" valign=\"middle\" width=\"259\" height=\"19\">600<\/td>\n<td align=\"center\" valign=\"middle\" width=\"268\" height=\"19\">400<\/td>\n<\/tr>\n<tr>\n<td align=\"center\" valign=\"middle\" width=\"247\" height=\"19\">1800<\/td>\n<td align=\"center\" valign=\"middle\" width=\"259\" height=\"19\">600<\/td>\n<td align=\"center\" valign=\"middle\" width=\"268\" height=\"19\">500<\/td>\n<\/tr>\n<tr>\n<td align=\"center\" valign=\"middle\" width=\"247\" height=\"19\">1800<\/td>\n<td align=\"center\" valign=\"middle\" width=\"259\" height=\"19\">800<\/td>\n<td align=\"center\" valign=\"middle\" width=\"268\" height=\"19\">400<\/td>\n<\/tr>\n<tr>\n<td align=\"center\" valign=\"middle\" width=\"247\" height=\"19\">1800<\/td>\n<td align=\"center\" valign=\"middle\" width=\"259\" height=\"19\">800<\/td>\n<td align=\"center\" valign=\"middle\" width=\"268\" height=\"19\">500<\/td>\n<\/tr>\n<tr>\n<td align=\"center\" valign=\"middle\" width=\"247\" height=\"19\">1800<\/td>\n<td align=\"center\" valign=\"middle\" width=\"259\" height=\"19\">800<\/td>\n<td align=\"center\" valign=\"middle\" width=\"268\" height=\"19\">600<\/td>\n<\/tr>\n<tr>\n<td align=\"center\" valign=\"middle\" width=\"247\" height=\"19\">1800<\/td>\n<td align=\"center\" valign=\"middle\" width=\"259\" height=\"19\">1000<\/td>\n<td align=\"center\" valign=\"middle\" width=\"268\" height=\"19\">400<\/td>\n<\/tr>\n<tr>\n<td align=\"center\" valign=\"middle\" width=\"247\" height=\"19\">1800<\/td>\n<td align=\"center\" valign=\"middle\" width=\"259\" height=\"19\">1000<\/td>\n<td align=\"center\" valign=\"middle\" width=\"268\" height=\"19\">500<\/td>\n<\/tr>\n<tr>\n<td align=\"center\" valign=\"middle\" width=\"247\" height=\"19\">1800<\/td>\n<td align=\"center\" valign=\"middle\" width=\"259\" height=\"19\">1200<\/td>\n<td align=\"center\" valign=\"middle\" width=\"268\" height=\"19\">400<\/td>\n<\/tr>\n<tr>\n<td align=\"center\" valign=\"middle\" width=\"247\" height=\"19\">1800<\/td>\n<td align=\"center\" valign=\"middle\" width=\"259\" height=\"19\">1200<\/td>\n<td align=\"center\" valign=\"middle\" width=\"268\" height=\"19\">500<\/td>\n<\/tr>\n<tr>\n<td align=\"center\" valign=\"middle\" width=\"247\" height=\"19\">1800<\/td>\n<td align=\"center\" valign=\"middle\" width=\"259\" height=\"19\">1200<\/td>\n<td align=\"center\" valign=\"middle\" width=\"268\" height=\"19\">600<\/td>\n<\/tr>\n<tr>\n<td align=\"center\" valign=\"middle\" width=\"247\" height=\"19\">2000<\/td>\n<td align=\"center\" valign=\"middle\" width=\"259\" height=\"19\">600<\/td>\n<td align=\"center\" valign=\"middle\" width=\"268\" height=\"19\">400<\/td>\n<\/tr>\n<tr>\n<td align=\"center\" valign=\"middle\" width=\"247\" height=\"19\">2000<\/td>\n<td align=\"center\" valign=\"middle\" width=\"259\" height=\"19\">600<\/td>\n<td align=\"center\" valign=\"middle\" width=\"268\" height=\"19\">500<\/td>\n<\/tr>\n<tr>\n<td align=\"center\" valign=\"middle\" width=\"247\" height=\"19\">2000<\/td>\n<td align=\"center\" valign=\"middle\" width=\"259\" height=\"19\">800<\/td>\n<td align=\"center\" valign=\"middle\" width=\"268\" height=\"19\">400<\/td>\n<\/tr>\n<tr>\n<td align=\"center\" valign=\"middle\" width=\"247\" height=\"19\">2000<\/td>\n<td align=\"center\" valign=\"middle\" width=\"259\" height=\"19\">800<\/td>\n<td align=\"center\" valign=\"middle\" width=\"268\" height=\"19\">500<\/td>\n<\/tr>\n<tr>\n<td align=\"center\" valign=\"middle\" width=\"247\" height=\"19\">2000<\/td>\n<td align=\"center\" valign=\"middle\" width=\"259\" height=\"19\">800<\/td>\n<td align=\"center\" valign=\"middle\" width=\"268\" height=\"19\">600<\/td>\n<\/tr>\n<tr>\n<td align=\"center\" valign=\"middle\" width=\"247\" height=\"19\">2000<\/td>\n<td align=\"center\" valign=\"middle\" width=\"259\" height=\"19\">1000<\/td>\n<td align=\"center\" valign=\"middle\" width=\"268\" height=\"19\">400<\/td>\n<\/tr>\n<tr>\n<td align=\"center\" valign=\"middle\" width=\"247\" height=\"19\">2000<\/td>\n<td align=\"center\" valign=\"middle\" width=\"259\" height=\"19\">1000<\/td>\n<td align=\"center\" valign=\"middle\" width=\"268\" height=\"19\">500<\/td>\n<\/tr>\n<tr>\n<td align=\"center\" valign=\"middle\" width=\"247\" height=\"19\">2000<\/td>\n<td align=\"center\" valign=\"middle\" width=\"259\" height=\"19\">1000<\/td>\n<td align=\"center\" valign=\"middle\" width=\"268\" height=\"19\">600<\/td>\n<\/tr>\n<tr>\n<td align=\"center\" valign=\"middle\" width=\"247\" height=\"19\">2000<\/td>\n<td align=\"center\" valign=\"middle\" width=\"259\" height=\"19\">1000<\/td>\n<td align=\"center\" valign=\"middle\" width=\"268\" height=\"19\">800<\/td>\n<\/tr>\n<tr>\n<td align=\"center\" valign=\"middle\" width=\"247\" height=\"19\">2000<\/td>\n<td align=\"center\" valign=\"middle\" width=\"259\" height=\"19\">1200<\/td>\n<td align=\"center\" valign=\"middle\" width=\"268\" height=\"19\">400<\/td>\n<\/tr>\n<tr>\n<td align=\"center\" valign=\"middle\" width=\"247\" height=\"19\">2000<\/td>\n<td align=\"center\" valign=\"middle\" width=\"259\" height=\"19\">1200<\/td>\n<td align=\"center\" valign=\"middle\" width=\"268\" height=\"19\">500<\/td>\n<\/tr>\n<tr>\n<td align=\"center\" valign=\"middle\" width=\"247\" height=\"19\">2000<\/td>\n<td align=\"center\" valign=\"middle\" width=\"259\" height=\"19\">1200<\/td>\n<td align=\"center\" valign=\"middle\" width=\"268\" height=\"19\">600<\/td>\n<\/tr>\n<tr>\n<td align=\"center\" valign=\"middle\" width=\"247\" height=\"19\">2000<\/td>\n<td align=\"center\" valign=\"middle\" width=\"259\" height=\"19\">1200<\/td>\n<td align=\"center\" valign=\"middle\" width=\"268\" height=\"19\">800<\/td>\n<\/tr>\n<tr>\n<td align=\"center\" valign=\"middle\" width=\"247\" height=\"19\">2200<\/td>\n<td align=\"center\" valign=\"middle\" width=\"259\" height=\"19\">1000<\/td>\n<td align=\"center\" valign=\"middle\" width=\"268\" height=\"19\">600<\/td>\n<\/tr>\n<tr>\n<td align=\"center\" valign=\"middle\" width=\"247\" height=\"19\">2200<\/td>\n<td align=\"center\" valign=\"middle\" width=\"259\" height=\"19\">1000<\/td>\n<td align=\"center\" valign=\"middle\" width=\"268\" height=\"19\">800<\/td>\n<\/tr>\n<tr>\n<td align=\"center\" valign=\"middle\" width=\"247\" height=\"19\">2200<\/td>\n<td align=\"center\" valign=\"middle\" width=\"259\" height=\"19\">1200<\/td>\n<td align=\"center\" valign=\"middle\" width=\"268\" height=\"19\">600<\/td>\n<\/tr>\n<tr>\n<td align=\"center\" valign=\"middle\" width=\"247\" height=\"19\">2200<\/td>\n<td align=\"center\" valign=\"middle\" width=\"259\" height=\"19\">1200<\/td>\n<td align=\"center\" valign=\"middle\" width=\"undefined\" height=\"19\">800<\/td>\n<\/tr>\n<\/tbody>\n<\/table>","protected":false},"parent":0,"template":"","product_category":[36,102],"class_list":["post-2318","product","type-product","status-publish","hentry","product_category-electrical-accessories","product_category-panel-board-junction-box"],"yoast_head":"<!-- This site is optimized with the Yoast SEO plugin v27.4 - https:\/\/yoast.com\/product\/yoast-seo-wordpress\/ -->\n<title>WholesaleSR Fully Removable Panel Board - TOSUNlux Official Site - Electrical Circuit Breaker Manufacturer in China Low Voltage Electrical Supplier | TOSUNlux<\/title>\n<meta name=\"description\" content=\"SR Fully Removable Panel Board Supplier - Wholesale direct from TOSUNlux, a trusted manufacturer since 1994. Get your B2B factory quote on our certified Low Voltage electrical products.\" \/>\n<meta name=\"robots\" content=\"index, follow, max-snippet:-1, max-image-preview:large, max-video-preview:-1\" \/>\n<link rel=\"canonical\" href=\"https:\/\/www.tosunlux.eu\/pt\/products\/sr-fully-removable-panel-board\/\" \/>\n<meta property=\"og:locale\" content=\"pt_BR\" \/>\n<meta property=\"og:type\" content=\"article\" \/>\n<meta property=\"og:title\" content=\"WholesaleSR Fully Removable Panel Board - TOSUNlux Official Site - Electrical Circuit Breaker Manufacturer in China Low Voltage Electrical Supplier | TOSUNlux\" \/>\n<meta property=\"og:description\" content=\"SR Fully Removable Panel Board Supplier - Wholesale direct from TOSUNlux, a trusted manufacturer since 1994. Get your B2B factory quote on our certified Low Voltage electrical products.\" \/>\n<meta property=\"og:url\" content=\"https:\/\/www.tosunlux.eu\/pt\/products\/sr-fully-removable-panel-board\/\" \/>\n<meta property=\"og:site_name\" content=\"TOSUNlux Official Site - Electrical Circuit Breaker Manufacturer in China\" \/>\n<meta property=\"article:publisher\" content=\"https:\/\/www.facebook.com\/TOSUNelectric\/\" \/>\n<meta property=\"article:modified_time\" content=\"2022-05-06T06:31:16+00:00\" \/>\n<meta property=\"og:image\" content=\"https:\/\/www.tosunlux.eu\/wp-content\/uploads\/2023\/04\/DSC08160_\u526f\u672c.jpg\" \/>\n\t<meta property=\"og:image:width\" content=\"1500\" \/>\n\t<meta property=\"og:image:height\" content=\"940\" \/>\n\t<meta property=\"og:image:type\" content=\"image\/jpeg\" \/>\n<meta name=\"twitter:card\" content=\"summary_large_image\" \/>\n<meta name=\"twitter:label1\" content=\"Est. tempo de leitura\" \/>\n\t<meta name=\"twitter:data1\" content=\"1 minuto\" \/>\n<script type=\"application\/ld+json\" class=\"yoast-schema-graph\">{\"@context\":\"https:\\\/\\\/schema.org\",\"@graph\":[{\"@type\":\"WebPage\",\"@id\":\"https:\\\/\\\/www.tosunlux.eu\\\/products\\\/sr-fully-removable-panel-board\\\/\",\"url\":\"https:\\\/\\\/www.tosunlux.eu\\\/products\\\/sr-fully-removable-panel-board\\\/\",\"name\":\"WholesaleSR Fully Removable Panel Board - TOSUNlux Official Site - Electrical Circuit Breaker Manufacturer in China Low Voltage Electrical Supplier | TOSUNlux\",\"isPartOf\":{\"@id\":\"https:\\\/\\\/www.tosunlux.eu\\\/ru\\\/#website\"},\"datePublished\":\"2022-05-06T06:26:36+00:00\",\"dateModified\":\"2022-05-06T06:31:16+00:00\",\"description\":\"SR Fully Removable Panel Board Supplier - Wholesale direct from TOSUNlux, a trusted manufacturer since 1994. Get your B2B factory quote on our certified Low Voltage electrical products.\",\"breadcrumb\":{\"@id\":\"https:\\\/\\\/www.tosunlux.eu\\\/products\\\/sr-fully-removable-panel-board\\\/#breadcrumb\"},\"inLanguage\":\"pt-BR\",\"potentialAction\":[{\"@type\":\"ReadAction\",\"target\":[\"https:\\\/\\\/www.tosunlux.eu\\\/products\\\/sr-fully-removable-panel-board\\\/\"]}]},{\"@type\":\"BreadcrumbList\",\"@id\":\"https:\\\/\\\/www.tosunlux.eu\\\/products\\\/sr-fully-removable-panel-board\\\/#breadcrumb\",\"itemListElement\":[{\"@type\":\"ListItem\",\"position\":1,\"name\":\"Home\",\"item\":\"https:\\\/\\\/www.tosunlux.eu\\\/ru\\\/\"},{\"@type\":\"ListItem\",\"position\":2,\"name\":\"Products\",\"item\":\"https:\\\/\\\/www.tosunlux.eu\\\/products\\\/\"},{\"@type\":\"ListItem\",\"position\":3,\"name\":\"SR Fully Removable Panel Board\"}]},{\"@type\":\"WebSite\",\"@id\":\"https:\\\/\\\/www.tosunlux.eu\\\/ru\\\/#website\",\"url\":\"https:\\\/\\\/www.tosunlux.eu\\\/ru\\\/\",\"name\":\"TOSUNlux Official Site - Electrical Circuit Breaker Manufacturer in China\",\"description\":\"Power Distribution System Supplier\",\"publisher\":{\"@id\":\"https:\\\/\\\/www.tosunlux.eu\\\/ru\\\/#organization\"},\"alternateName\":\"TOSUNlux\",\"potentialAction\":[{\"@type\":\"SearchAction\",\"target\":{\"@type\":\"EntryPoint\",\"urlTemplate\":\"https:\\\/\\\/www.tosunlux.eu\\\/ru\\\/?s={search_term_string}\"},\"query-input\":{\"@type\":\"PropertyValueSpecification\",\"valueRequired\":true,\"valueName\":\"search_term_string\"}}],\"inLanguage\":\"pt-BR\"},{\"@type\":\"Organization\",\"@id\":\"https:\\\/\\\/www.tosunlux.eu\\\/ru\\\/#organization\",\"name\":\"TOSUNlux\",\"url\":\"https:\\\/\\\/www.tosunlux.eu\\\/ru\\\/\",\"logo\":{\"@type\":\"ImageObject\",\"inLanguage\":\"pt-BR\",\"@id\":\"https:\\\/\\\/www.tosunlux.eu\\\/ru\\\/#\\\/schema\\\/logo\\\/image\\\/\",\"url\":\"https:\\\/\\\/www.tosunlux.eu\\\/wp-content\\\/uploads\\\/2022\\\/01\\\/LOGOSYSM.71762f1.png\",\"contentUrl\":\"https:\\\/\\\/www.tosunlux.eu\\\/wp-content\\\/uploads\\\/2022\\\/01\\\/LOGOSYSM.71762f1.png\",\"width\":153,\"height\":55,\"caption\":\"TOSUNlux\"},\"image\":{\"@id\":\"https:\\\/\\\/www.tosunlux.eu\\\/ru\\\/#\\\/schema\\\/logo\\\/image\\\/\"},\"sameAs\":[\"https:\\\/\\\/www.facebook.com\\\/TOSUNelectric\\\/\",\"https:\\\/\\\/www.linkedin.com\\\/company\\\/wenzhou-tosun-electric-co.-ltd\\\/\"]}]}<\/script>\n<!-- \/ Yoast SEO plugin. -->","yoast_head_json":{"title":"WholesaleSR Fully Removable Panel Board - TOSUNlux Official Site - Electrical Circuit Breaker Manufacturer in China Low Voltage Electrical Supplier | TOSUNlux","description":"SR Fully Removable Panel Board Supplier - Wholesale direct from TOSUNlux, a trusted manufacturer since 1994. Get your B2B factory quote on our certified Low Voltage electrical products.","robots":{"index":"index","follow":"follow","max-snippet":"max-snippet:-1","max-image-preview":"max-image-preview:large","max-video-preview":"max-video-preview:-1"},"canonical":"https:\/\/www.tosunlux.eu\/pt\/products\/sr-fully-removable-panel-board\/","og_locale":"pt_BR","og_type":"article","og_title":"WholesaleSR Fully Removable Panel Board - TOSUNlux Official Site - Electrical Circuit Breaker Manufacturer in China Low Voltage Electrical Supplier | TOSUNlux","og_description":"SR Fully Removable Panel Board Supplier - Wholesale direct from TOSUNlux, a trusted manufacturer since 1994. Get your B2B factory quote on our certified Low Voltage electrical products.","og_url":"https:\/\/www.tosunlux.eu\/pt\/products\/sr-fully-removable-panel-board\/","og_site_name":"TOSUNlux Official Site - Electrical Circuit Breaker Manufacturer in China","article_publisher":"https:\/\/www.facebook.com\/TOSUNelectric\/","article_modified_time":"2022-05-06T06:31:16+00:00","og_image":[{"width":1500,"height":940,"url":"https:\/\/www.tosunlux.eu\/wp-content\/uploads\/2023\/04\/DSC08160_\u526f\u672c.jpg","type":"image\/jpeg"}],"twitter_card":"summary_large_image","twitter_misc":{"Est. tempo de leitura":"1 minuto"},"schema":{"@context":"https:\/\/schema.org","@graph":[{"@type":"WebPage","@id":"https:\/\/www.tosunlux.eu\/products\/sr-fully-removable-panel-board\/","url":"https:\/\/www.tosunlux.eu\/products\/sr-fully-removable-panel-board\/","name":"WholesaleSR Fully Removable Panel Board - TOSUNlux Official Site - Electrical Circuit Breaker Manufacturer in China Low Voltage Electrical Supplier | TOSUNlux","isPartOf":{"@id":"https:\/\/www.tosunlux.eu\/ru\/#website"},"datePublished":"2022-05-06T06:26:36+00:00","dateModified":"2022-05-06T06:31:16+00:00","description":"SR Fully Removable Panel Board Supplier - Wholesale direct from TOSUNlux, a trusted manufacturer since 1994. Get your B2B factory quote on our certified Low Voltage electrical products.","breadcrumb":{"@id":"https:\/\/www.tosunlux.eu\/products\/sr-fully-removable-panel-board\/#breadcrumb"},"inLanguage":"pt-BR","potentialAction":[{"@type":"ReadAction","target":["https:\/\/www.tosunlux.eu\/products\/sr-fully-removable-panel-board\/"]}]},{"@type":"BreadcrumbList","@id":"https:\/\/www.tosunlux.eu\/products\/sr-fully-removable-panel-board\/#breadcrumb","itemListElement":[{"@type":"ListItem","position":1,"name":"Home","item":"https:\/\/www.tosunlux.eu\/ru\/"},{"@type":"ListItem","position":2,"name":"Products","item":"https:\/\/www.tosunlux.eu\/products\/"},{"@type":"ListItem","position":3,"name":"SR Fully Removable Panel Board"}]},{"@type":"WebSite","@id":"https:\/\/www.tosunlux.eu\/ru\/#website","url":"https:\/\/www.tosunlux.eu\/ru\/","name":"Site Oficial TOSUNlux - Fabricante de Disjuntores El\u00e9tricos na China","description":"Fornecedor de sistema de distribui\u00e7\u00e3o de energia","publisher":{"@id":"https:\/\/www.tosunlux.eu\/ru\/#organization"},"alternateName":"TOSUNlux","potentialAction":[{"@type":"SearchAction","target":{"@type":"EntryPoint","urlTemplate":"https:\/\/www.tosunlux.eu\/ru\/?s={search_term_string}"},"query-input":{"@type":"PropertyValueSpecification","valueRequired":true,"valueName":"search_term_string"}}],"inLanguage":"pt-BR"},{"@type":"Organization","@id":"https:\/\/www.tosunlux.eu\/ru\/#organization","name":"TOSUNlux","url":"https:\/\/www.tosunlux.eu\/ru\/","logo":{"@type":"ImageObject","inLanguage":"pt-BR","@id":"https:\/\/www.tosunlux.eu\/ru\/#\/schema\/logo\/image\/","url":"https:\/\/www.tosunlux.eu\/wp-content\/uploads\/2022\/01\/LOGOSYSM.71762f1.png","contentUrl":"https:\/\/www.tosunlux.eu\/wp-content\/uploads\/2022\/01\/LOGOSYSM.71762f1.png","width":153,"height":55,"caption":"TOSUNlux"},"image":{"@id":"https:\/\/www.tosunlux.eu\/ru\/#\/schema\/logo\/image\/"},"sameAs":["https:\/\/www.facebook.com\/TOSUNelectric\/","https:\/\/www.linkedin.com\/company\/wenzhou-tosun-electric-co.-ltd\/"]}]}},"_links":{"self":[{"href":"https:\/\/www.tosunlux.eu\/pt\/wp-json\/wp\/v2\/product\/2318","targetHints":{"allow":["GET"]}}],"collection":[{"href":"https:\/\/www.tosunlux.eu\/pt\/wp-json\/wp\/v2\/product"}],"about":[{"href":"https:\/\/www.tosunlux.eu\/pt\/wp-json\/wp\/v2\/types\/product"}],"version-history":[{"count":0,"href":"https:\/\/www.tosunlux.eu\/pt\/wp-json\/wp\/v2\/product\/2318\/revisions"}],"wp:attachment":[{"href":"https:\/\/www.tosunlux.eu\/pt\/wp-json\/wp\/v2\/media?parent=2318"}],"wp:term":[{"taxonomy":"product_category","embeddable":true,"href":"https:\/\/www.tosunlux.eu\/pt\/wp-json\/wp\/v2\/product_category?post=2318"}],"curies":[{"name":"wp","href":"https:\/\/api.w.org\/{rel}","templated":true}]}}