{"id":2459,"date":"2022-05-10T17:08:24","date_gmt":"2022-05-10T09:08:24","guid":{"rendered":"https:\/\/www.tosunlux.eu\/?post_type=product&#038;p=2459"},"modified":"2022-05-12T15:04:09","modified_gmt":"2022-05-12T07:04:09","slug":"tsd1-hpk-recessed-mount-distribution-box","status":"publish","type":"product","link":"https:\/\/www.tosunlux.eu\/pt\/products\/tsd1-hpk-recessed-mount-distribution-box\/","title":{"rendered":"Placa de distribui\u00e7\u00e3o de montagem embutida TSD1-HPK"},"content":{"rendered":"<p><strong>embutido<\/strong> <strong>Montar caixa de distribui\u00e7\u00e3o<\/strong><\/p>\n\n\n\n<p>A caixa de distribui\u00e7\u00e3o da s\u00e9rie TSD1-HPK foi projetada para distribui\u00e7\u00e3o segura e confi\u00e1vel e controle de energia el\u00e9trica como equipamento de entrada de servi\u00e7o em instala\u00e7\u00f5es residenciais, comerciais e industriais leves. Eles est\u00e3o dispon\u00edveis em designs de trilho Din para aplica\u00e7\u00f5es internas.<\/p>\n\n\n\n<p><strong>Janela: branca e transparente<\/strong><\/p>\n\n\n<table class=\"table\" border=\"0\" width=\"100%\" cellspacing=\"0\" cellpadding=\"0\">\n<tbody>\n<tr class=\"firstRow\">\n<td align=\"center\" valign=\"middle\">Modelo<\/td>\n<td align=\"center\" valign=\"middle\">L(mm)<\/td>\n<td align=\"center\" valign=\"middle\">W(mm)<\/td>\n<td align=\"center\" valign=\"middle\">Hum)<\/td>\n<\/tr>\n<tr>\n<td align=\"center\" valign=\"middle\">TSD1-HPK 2 vias<\/td>\n<td align=\"center\" valign=\"middle\">66<\/td>\n<td align=\"center\" valign=\"middle\">137<\/td>\n<td align=\"center\" valign=\"middle\">85<\/td>\n<\/tr>\n<tr>\n<td align=\"center\" valign=\"middle\">TSD1-HPK 4 vias<\/td>\n<td align=\"center\" valign=\"middle\">136<\/td>\n<td align=\"center\" valign=\"middle\">222<\/td>\n<td align=\"center\" valign=\"middle\">92<\/td>\n<\/tr>\n<tr>\n<td align=\"center\" valign=\"middle\">TSD1-HPK 6 vias<\/td>\n<td align=\"center\" valign=\"middle\">172<\/td>\n<td align=\"center\" valign=\"middle\">222<\/td>\n<td align=\"center\" valign=\"middle\">92<\/td>\n<\/tr>\n<tr>\n<td align=\"center\" valign=\"middle\">TSD1-HPK 8 vias<\/td>\n<td align=\"center\" valign=\"middle\">208<\/td>\n<td align=\"center\" valign=\"middle\">222<\/td>\n<td align=\"center\" valign=\"middle\">92<\/td>\n<\/tr>\n<tr>\n<td align=\"center\" valign=\"middle\">TSD1-HPK 10 vias<\/td>\n<td align=\"center\" valign=\"middle\">240<\/td>\n<td align=\"center\" valign=\"middle\">222<\/td>\n<td align=\"center\" valign=\"middle\">92<\/td>\n<\/tr>\n<tr>\n<td align=\"center\" valign=\"middle\">TSD1-HPK 12 vias<\/td>\n<td align=\"center\" valign=\"middle\">280<\/td>\n<td align=\"center\" valign=\"middle\">222<\/td>\n<td align=\"center\" valign=\"middle\">92<\/td>\n<\/tr>\n<tr>\n<td align=\"center\" valign=\"middle\">TSD1-HPK 15 vias<\/td>\n<td align=\"center\" valign=\"middle\">335<\/td>\n<td align=\"center\" valign=\"middle\">222<\/td>\n<td align=\"center\" valign=\"middle\">92<\/td>\n<\/tr>\n<tr>\n<td align=\"center\" valign=\"middle\">TSD1-HPK 18 vias<\/td>\n<td align=\"center\" valign=\"middle\">398<\/td>\n<td align=\"center\" valign=\"middle\">252<\/td>\n<td align=\"center\" valign=\"middle\">100<\/td>\n<\/tr>\n<tr>\n<td align=\"center\" valign=\"middle\">TSD1-HPK 24 vias<\/td>\n<td align=\"center\" valign=\"middle\">300<\/td>\n<td align=\"center\" valign=\"middle\">345<\/td>\n<td align=\"center\" valign=\"middle\">100<\/td>\n<\/tr>\n<tr>\n<td align=\"center\" valign=\"middle\">TSD1-HPK 36 vias<\/td>\n<td align=\"center\" valign=\"middle\">300<\/td>\n<td align=\"center\" valign=\"middle\">482<\/td>\n<td align=\"center\" valign=\"middle\">100<\/td>\n<\/tr>\n<tr>\n<td align=\"center\" valign=\"middle\">TSD1-HPK 45 vias<\/td>\n<td align=\"center\" valign=\"middle\">360<\/td>\n<td align=\"center\" valign=\"middle\">500<\/td>\n<td align=\"center\" valign=\"middle\">100<\/td>\n<\/tr>\n<\/tbody>\n<\/table>\n\n\n<p><\/p>","protected":false},"parent":0,"template":"","product_category":[36,102],"class_list":["post-2459","product","type-product","status-publish","hentry","product_category-electrical-accessories","product_category-panel-board-junction-box"],"yoast_head":"<!-- This site is optimized with the Yoast SEO plugin v27.4 - https:\/\/yoast.com\/product\/yoast-seo-wordpress\/ -->\n<title>WholesaleTSD1-HPK Recessed Mount Distribution Board - TOSUNlux Official Site - Electrical Circuit Breaker Manufacturer in China Low Voltage Electrical Supplier | TOSUNlux<\/title>\n<meta name=\"description\" content=\"TSD1-HPK Recessed Mount Distribution Board Supplier - Wholesale direct from TOSUNlux, a trusted manufacturer since 1994. Get your B2B factory quote on our certified Low Voltage electrical products.\" \/>\n<meta name=\"robots\" content=\"index, follow, max-snippet:-1, max-image-preview:large, max-video-preview:-1\" \/>\n<link rel=\"canonical\" href=\"https:\/\/www.tosunlux.eu\/pt\/products\/tsd1-hpk-recessed-mount-distribution-box\/\" \/>\n<meta property=\"og:locale\" content=\"pt_BR\" \/>\n<meta property=\"og:type\" content=\"article\" \/>\n<meta property=\"og:title\" content=\"WholesaleTSD1-HPK Recessed Mount Distribution Board - TOSUNlux Official Site - Electrical Circuit Breaker Manufacturer in China Low Voltage Electrical Supplier | TOSUNlux\" \/>\n<meta property=\"og:description\" content=\"TSD1-HPK Recessed Mount Distribution Board Supplier - Wholesale direct from TOSUNlux, a trusted manufacturer since 1994. Get your B2B factory quote on our certified Low Voltage electrical products.\" \/>\n<meta property=\"og:url\" content=\"https:\/\/www.tosunlux.eu\/pt\/products\/tsd1-hpk-recessed-mount-distribution-box\/\" \/>\n<meta property=\"og:site_name\" content=\"TOSUNlux Official Site - Electrical Circuit Breaker Manufacturer in China\" \/>\n<meta property=\"article:publisher\" content=\"https:\/\/www.facebook.com\/TOSUNelectric\/\" \/>\n<meta property=\"article:modified_time\" content=\"2022-05-12T07:04:09+00:00\" \/>\n<meta property=\"og:image\" content=\"https:\/\/www.tosunlux.eu\/wp-content\/uploads\/2023\/04\/DSC08160_\u526f\u672c.jpg\" \/>\n\t<meta property=\"og:image:width\" content=\"1500\" \/>\n\t<meta property=\"og:image:height\" content=\"940\" \/>\n\t<meta property=\"og:image:type\" content=\"image\/jpeg\" \/>\n<meta name=\"twitter:card\" content=\"summary_large_image\" \/>\n<meta name=\"twitter:label1\" content=\"Est. tempo de leitura\" \/>\n\t<meta name=\"twitter:data1\" content=\"1 minuto\" \/>\n<script type=\"application\/ld+json\" class=\"yoast-schema-graph\">{\"@context\":\"https:\\\/\\\/schema.org\",\"@graph\":[{\"@type\":\"WebPage\",\"@id\":\"https:\\\/\\\/www.tosunlux.eu\\\/pl\\\/products\\\/tsd1-hpk-recessed-mount-distribution-box\\\/\",\"url\":\"https:\\\/\\\/www.tosunlux.eu\\\/pl\\\/products\\\/tsd1-hpk-recessed-mount-distribution-box\\\/\",\"name\":\"WholesaleTSD1-HPK Recessed Mount Distribution Board - TOSUNlux Official Site - Electrical Circuit Breaker Manufacturer in China Low Voltage Electrical Supplier | TOSUNlux\",\"isPartOf\":{\"@id\":\"https:\\\/\\\/www.tosunlux.eu\\\/ru\\\/#website\"},\"datePublished\":\"2022-05-10T09:08:24+00:00\",\"dateModified\":\"2022-05-12T07:04:09+00:00\",\"description\":\"TSD1-HPK Recessed Mount Distribution Board Supplier - Wholesale direct from TOSUNlux, a trusted manufacturer since 1994. Get your B2B factory quote on our certified Low Voltage electrical products.\",\"breadcrumb\":{\"@id\":\"https:\\\/\\\/www.tosunlux.eu\\\/pl\\\/products\\\/tsd1-hpk-recessed-mount-distribution-box\\\/#breadcrumb\"},\"inLanguage\":\"pt-BR\",\"potentialAction\":[{\"@type\":\"ReadAction\",\"target\":[\"https:\\\/\\\/www.tosunlux.eu\\\/pl\\\/products\\\/tsd1-hpk-recessed-mount-distribution-box\\\/\"]}]},{\"@type\":\"BreadcrumbList\",\"@id\":\"https:\\\/\\\/www.tosunlux.eu\\\/pl\\\/products\\\/tsd1-hpk-recessed-mount-distribution-box\\\/#breadcrumb\",\"itemListElement\":[{\"@type\":\"ListItem\",\"position\":1,\"name\":\"Home\",\"item\":\"https:\\\/\\\/www.tosunlux.eu\\\/ru\\\/\"},{\"@type\":\"ListItem\",\"position\":2,\"name\":\"Products\",\"item\":\"https:\\\/\\\/www.tosunlux.eu\\\/products\\\/\"},{\"@type\":\"ListItem\",\"position\":3,\"name\":\"TSD1-HPK Recessed Mount Distribution Board\"}]},{\"@type\":\"WebSite\",\"@id\":\"https:\\\/\\\/www.tosunlux.eu\\\/ru\\\/#website\",\"url\":\"https:\\\/\\\/www.tosunlux.eu\\\/ru\\\/\",\"name\":\"TOSUNlux Official Site - Electrical Circuit Breaker Manufacturer in China\",\"description\":\"Power Distribution System Supplier\",\"publisher\":{\"@id\":\"https:\\\/\\\/www.tosunlux.eu\\\/ru\\\/#organization\"},\"alternateName\":\"TOSUNlux\",\"potentialAction\":[{\"@type\":\"SearchAction\",\"target\":{\"@type\":\"EntryPoint\",\"urlTemplate\":\"https:\\\/\\\/www.tosunlux.eu\\\/ru\\\/?s={search_term_string}\"},\"query-input\":{\"@type\":\"PropertyValueSpecification\",\"valueRequired\":true,\"valueName\":\"search_term_string\"}}],\"inLanguage\":\"pt-BR\"},{\"@type\":\"Organization\",\"@id\":\"https:\\\/\\\/www.tosunlux.eu\\\/ru\\\/#organization\",\"name\":\"TOSUNlux\",\"url\":\"https:\\\/\\\/www.tosunlux.eu\\\/ru\\\/\",\"logo\":{\"@type\":\"ImageObject\",\"inLanguage\":\"pt-BR\",\"@id\":\"https:\\\/\\\/www.tosunlux.eu\\\/ru\\\/#\\\/schema\\\/logo\\\/image\\\/\",\"url\":\"https:\\\/\\\/www.tosunlux.eu\\\/wp-content\\\/uploads\\\/2022\\\/01\\\/LOGOSYSM.71762f1.png\",\"contentUrl\":\"https:\\\/\\\/www.tosunlux.eu\\\/wp-content\\\/uploads\\\/2022\\\/01\\\/LOGOSYSM.71762f1.png\",\"width\":153,\"height\":55,\"caption\":\"TOSUNlux\"},\"image\":{\"@id\":\"https:\\\/\\\/www.tosunlux.eu\\\/ru\\\/#\\\/schema\\\/logo\\\/image\\\/\"},\"sameAs\":[\"https:\\\/\\\/www.facebook.com\\\/TOSUNelectric\\\/\",\"https:\\\/\\\/www.linkedin.com\\\/company\\\/wenzhou-tosun-electric-co.-ltd\\\/\"]}]}<\/script>\n<!-- \/ Yoast SEO plugin. -->","yoast_head_json":{"title":"WholesaleTSD1-HPK Recessed Mount Distribution Board - TOSUNlux Official Site - Electrical Circuit Breaker Manufacturer in China Low Voltage Electrical Supplier | TOSUNlux","description":"TSD1-HPK Recessed Mount Distribution Board Supplier - Wholesale direct from TOSUNlux, a trusted manufacturer since 1994. Get your B2B factory quote on our certified Low Voltage electrical products.","robots":{"index":"index","follow":"follow","max-snippet":"max-snippet:-1","max-image-preview":"max-image-preview:large","max-video-preview":"max-video-preview:-1"},"canonical":"https:\/\/www.tosunlux.eu\/pt\/products\/tsd1-hpk-recessed-mount-distribution-box\/","og_locale":"pt_BR","og_type":"article","og_title":"WholesaleTSD1-HPK Recessed Mount Distribution Board - TOSUNlux Official Site - Electrical Circuit Breaker Manufacturer in China Low Voltage Electrical Supplier | TOSUNlux","og_description":"TSD1-HPK Recessed Mount Distribution Board Supplier - Wholesale direct from TOSUNlux, a trusted manufacturer since 1994. Get your B2B factory quote on our certified Low Voltage electrical products.","og_url":"https:\/\/www.tosunlux.eu\/pt\/products\/tsd1-hpk-recessed-mount-distribution-box\/","og_site_name":"TOSUNlux Official Site - Electrical Circuit Breaker Manufacturer in China","article_publisher":"https:\/\/www.facebook.com\/TOSUNelectric\/","article_modified_time":"2022-05-12T07:04:09+00:00","og_image":[{"width":1500,"height":940,"url":"https:\/\/www.tosunlux.eu\/wp-content\/uploads\/2023\/04\/DSC08160_\u526f\u672c.jpg","type":"image\/jpeg"}],"twitter_card":"summary_large_image","twitter_misc":{"Est. tempo de leitura":"1 minuto"},"schema":{"@context":"https:\/\/schema.org","@graph":[{"@type":"WebPage","@id":"https:\/\/www.tosunlux.eu\/pl\/products\/tsd1-hpk-recessed-mount-distribution-box\/","url":"https:\/\/www.tosunlux.eu\/pl\/products\/tsd1-hpk-recessed-mount-distribution-box\/","name":"WholesaleTSD1-HPK Recessed Mount Distribution Board - TOSUNlux Official Site - Electrical Circuit Breaker Manufacturer in China Low Voltage Electrical Supplier | TOSUNlux","isPartOf":{"@id":"https:\/\/www.tosunlux.eu\/ru\/#website"},"datePublished":"2022-05-10T09:08:24+00:00","dateModified":"2022-05-12T07:04:09+00:00","description":"TSD1-HPK Recessed Mount Distribution Board Supplier - Wholesale direct from TOSUNlux, a trusted manufacturer since 1994. Get your B2B factory quote on our certified Low Voltage electrical products.","breadcrumb":{"@id":"https:\/\/www.tosunlux.eu\/pl\/products\/tsd1-hpk-recessed-mount-distribution-box\/#breadcrumb"},"inLanguage":"pt-BR","potentialAction":[{"@type":"ReadAction","target":["https:\/\/www.tosunlux.eu\/pl\/products\/tsd1-hpk-recessed-mount-distribution-box\/"]}]},{"@type":"BreadcrumbList","@id":"https:\/\/www.tosunlux.eu\/pl\/products\/tsd1-hpk-recessed-mount-distribution-box\/#breadcrumb","itemListElement":[{"@type":"ListItem","position":1,"name":"Home","item":"https:\/\/www.tosunlux.eu\/ru\/"},{"@type":"ListItem","position":2,"name":"Products","item":"https:\/\/www.tosunlux.eu\/products\/"},{"@type":"ListItem","position":3,"name":"TSD1-HPK Recessed Mount Distribution Board"}]},{"@type":"WebSite","@id":"https:\/\/www.tosunlux.eu\/ru\/#website","url":"https:\/\/www.tosunlux.eu\/ru\/","name":"Site Oficial TOSUNlux - Fabricante de Disjuntores El\u00e9tricos na China","description":"Fornecedor de sistema de distribui\u00e7\u00e3o de energia","publisher":{"@id":"https:\/\/www.tosunlux.eu\/ru\/#organization"},"alternateName":"TOSUNlux","potentialAction":[{"@type":"SearchAction","target":{"@type":"EntryPoint","urlTemplate":"https:\/\/www.tosunlux.eu\/ru\/?s={search_term_string}"},"query-input":{"@type":"PropertyValueSpecification","valueRequired":true,"valueName":"search_term_string"}}],"inLanguage":"pt-BR"},{"@type":"Organization","@id":"https:\/\/www.tosunlux.eu\/ru\/#organization","name":"TOSUNlux","url":"https:\/\/www.tosunlux.eu\/ru\/","logo":{"@type":"ImageObject","inLanguage":"pt-BR","@id":"https:\/\/www.tosunlux.eu\/ru\/#\/schema\/logo\/image\/","url":"https:\/\/www.tosunlux.eu\/wp-content\/uploads\/2022\/01\/LOGOSYSM.71762f1.png","contentUrl":"https:\/\/www.tosunlux.eu\/wp-content\/uploads\/2022\/01\/LOGOSYSM.71762f1.png","width":153,"height":55,"caption":"TOSUNlux"},"image":{"@id":"https:\/\/www.tosunlux.eu\/ru\/#\/schema\/logo\/image\/"},"sameAs":["https:\/\/www.facebook.com\/TOSUNelectric\/","https:\/\/www.linkedin.com\/company\/wenzhou-tosun-electric-co.-ltd\/"]}]}},"_links":{"self":[{"href":"https:\/\/www.tosunlux.eu\/pt\/wp-json\/wp\/v2\/product\/2459","targetHints":{"allow":["GET"]}}],"collection":[{"href":"https:\/\/www.tosunlux.eu\/pt\/wp-json\/wp\/v2\/product"}],"about":[{"href":"https:\/\/www.tosunlux.eu\/pt\/wp-json\/wp\/v2\/types\/product"}],"version-history":[{"count":0,"href":"https:\/\/www.tosunlux.eu\/pt\/wp-json\/wp\/v2\/product\/2459\/revisions"}],"wp:attachment":[{"href":"https:\/\/www.tosunlux.eu\/pt\/wp-json\/wp\/v2\/media?parent=2459"}],"wp:term":[{"taxonomy":"product_category","embeddable":true,"href":"https:\/\/www.tosunlux.eu\/pt\/wp-json\/wp\/v2\/product_category?post=2459"}],"curies":[{"name":"wp","href":"https:\/\/api.w.org\/{rel}","templated":true}]}}