{"id":2512,"date":"2022-05-11T13:35:30","date_gmt":"2022-05-11T05:35:30","guid":{"rendered":"https:\/\/www.tosunlux.eu\/?post_type=product&#038;p=2512"},"modified":"2022-05-11T13:35:59","modified_gmt":"2022-05-11T05:35:59","slug":"spiral-fuse-link-r021-24","status":"publish","type":"product","link":"https:\/\/www.tosunlux.eu\/pt\/products\/spiral-fuse-link-r021-24\/","title":{"rendered":"Liga\u00e7\u00e3o Fus\u00edvel em Espiral R021-24"},"content":{"rendered":"<pre class=\"wp-block-verse\"><strong>Especifica\u00e7\u00e3o<\/strong>\n\n<\/pre>\n\n\n<table style=\"border-collapse: collapse; width: 682.52pt;\" border=\"0\" width=\"910\" cellspacing=\"0\" cellpadding=\"0\">\n<tbody>\n<tr style=\"height: 25.50pt;\">\n<td class=\"et2\" style=\"height: 25.50pt; width: 171.40pt;\" colspan=\"2\" width=\"228\" height=\"34\">Modelo<\/td>\n<td class=\"et2\" style=\"width: 85.50pt;\" rowspan=\"2\" width=\"114\">Tamanho<\/td>\n<td class=\"et2\" style=\"width: 84.75pt;\" rowspan=\"2\" width=\"113\">Corrente nominal (A)<\/td>\n<td class=\"et2\" style=\"width: 340.95pt;\" colspan=\"4\" width=\"454\">Dimens\u00e3o<\/td>\n<\/tr>\n<tr style=\"height: 26.25pt;\">\n<td class=\"et2\" style=\"height: 26.25pt; width: 86.25pt;\" width=\"115\" height=\"35\">gG<\/td>\n<td class=\"et2\" style=\"width: 85.15pt;\" width=\"113\">aR<\/td>\n<td class=\"et2\" style=\"width: 85.50pt;\" width=\"114\">\u00d8A<\/td>\n<td class=\"et2\" style=\"width: 85.50pt;\" width=\"114\">\u00d8C<\/td>\n<td class=\"et2\" style=\"width: 84.90pt;\" width=\"113\">\u00d8D<\/td>\n<td class=\"et2\" style=\"width: 85.05pt;\" width=\"113\">\u00d8L<\/td>\n<\/tr>\n<tr style=\"height: 25.50pt;\">\n<td class=\"et2\" style=\"height: 155.25pt; width: 86.25pt;\" rowspan=\"6\" width=\"115\" height=\"207\">RO21<\/td>\n<td class=\"et2\" style=\"width: 85.15pt;\" rowspan=\"6\" width=\"113\">RS21<\/td>\n<td class=\"et2\" style=\"width: 85.50pt;\" rowspan=\"6\" width=\"114\">DI<\/td>\n<td class=\"et2\" style=\"width: 84.75pt;\" width=\"113\">2,4,6<\/td>\n<td class=\"et2\" style=\"width: 85.50pt;\" width=\"114\">6<\/td>\n<td class=\"et2\" style=\"width: 85.50pt;\" width=\"114\">22<\/td>\n<td class=\"et2\" style=\"width: 84.90pt;\" width=\"113\">13<\/td>\n<td class=\"et2\" style=\"width: 85.05pt;\" width=\"113\">50<\/td>\n<\/tr>\n<tr style=\"height: 25.50pt;\">\n<td class=\"et2\" style=\"width: 84.75pt;\" width=\"113\">8,10<\/td>\n<td class=\"et2\" style=\"width: 85.50pt;\" width=\"114\">8<\/td>\n<td class=\"et2\" style=\"width: 85.50pt;\" width=\"114\">22<\/td>\n<td class=\"et2\" style=\"width: 84.90pt;\" width=\"113\">13<\/td>\n<td class=\"et2\" style=\"width: 85.05pt;\" width=\"113\">50<\/td>\n<\/tr>\n<tr style=\"height: 26.25pt;\">\n<td class=\"et2\" style=\"width: 84.75pt;\" width=\"113\">13<\/td>\n<td class=\"et2\" style=\"width: 85.50pt;\" width=\"114\">8<\/td>\n<td class=\"et2\" style=\"width: 85.50pt;\" width=\"114\">22<\/td>\n<td class=\"et2\" style=\"width: 84.90pt;\" width=\"113\">13<\/td>\n<td class=\"et2\" style=\"width: 85.05pt;\" width=\"113\">50<\/td>\n<\/tr>\n<tr style=\"height: 25.50pt;\">\n<td class=\"et2\" style=\"width: 84.75pt;\" width=\"113\">16<\/td>\n<td class=\"et2\" style=\"width: 85.50pt;\" width=\"114\">10<\/td>\n<td class=\"et2\" style=\"width: 85.50pt;\" width=\"114\">22<\/td>\n<td class=\"et2\" style=\"width: 84.90pt;\" width=\"113\">13<\/td>\n<td class=\"et2\" style=\"width: 85.05pt;\" width=\"113\">50<\/td>\n<\/tr>\n<tr style=\"height: 27.00pt;\">\n<td class=\"et2\" style=\"width: 84.75pt;\" width=\"113\">20<\/td>\n<td class=\"et2\" style=\"width: 85.50pt;\" width=\"114\">12<\/td>\n<td class=\"et2\" style=\"width: 85.50pt;\" width=\"114\">22<\/td>\n<td class=\"et2\" style=\"width: 84.90pt;\" width=\"113\">13<\/td>\n<td class=\"et2\" style=\"width: 85.05pt;\" width=\"113\">50<\/td>\n<\/tr>\n<tr style=\"height: 25.50pt;\">\n<td class=\"et2\" style=\"width: 84.75pt;\" width=\"113\">25<\/td>\n<td class=\"et2\" style=\"width: 85.50pt;\" width=\"114\">14<\/td>\n<td class=\"et2\" style=\"width: 85.50pt;\" width=\"114\">22<\/td>\n<td class=\"et2\" style=\"width: 84.90pt;\" width=\"113\">13<\/td>\n<td class=\"et2\" style=\"width: 85.05pt;\" width=\"113\">50<\/td>\n<\/tr>\n<tr style=\"height: 24.75pt;\">\n<td class=\"et2\" style=\"height: 77.25pt; width: 86.25pt;\" rowspan=\"3\" width=\"115\" height=\"103\">RO22<\/td>\n<td class=\"et2\" style=\"width: 85.15pt;\" rowspan=\"3\" width=\"113\">RS22<\/td>\n<td class=\"et2\" style=\"width: 85.50pt;\" rowspan=\"3\" width=\"114\">III<\/td>\n<td class=\"et2\" style=\"width: 84.75pt;\" width=\"113\">30,35,40<\/td>\n<td class=\"et2\" style=\"width: 85.50pt;\" width=\"114\">16<\/td>\n<td class=\"et2\" style=\"width: 85.50pt;\" width=\"114\">27<\/td>\n<td class=\"et2\" style=\"width: 84.90pt;\" width=\"113\">20<\/td>\n<td class=\"et2\" style=\"width: 85.05pt;\" width=\"113\">50<\/td>\n<\/tr>\n<tr style=\"height: 27.00pt;\">\n<td class=\"et2\" style=\"width: 84.75pt;\" width=\"113\">50<\/td>\n<td class=\"et2\" style=\"width: 85.50pt;\" width=\"114\">18<\/td>\n<td class=\"et2\" style=\"width: 85.50pt;\" width=\"114\">27<\/td>\n<td class=\"et2\" style=\"width: 84.90pt;\" width=\"113\">20<\/td>\n<td class=\"et2\" style=\"width: 85.05pt;\" width=\"113\">50<\/td>\n<\/tr>\n<tr style=\"height: 25.50pt;\">\n<td class=\"et2\" style=\"width: 84.75pt;\" width=\"113\">63<\/td>\n<td class=\"et2\" style=\"width: 85.50pt;\" width=\"114\">20<\/td>\n<td class=\"et2\" style=\"width: 85.50pt;\" width=\"114\">27<\/td>\n<td class=\"et2\" style=\"width: 84.90pt;\" width=\"113\">20<\/td>\n<td class=\"et2\" style=\"width: 85.05pt;\" width=\"113\">50<\/td>\n<\/tr>\n<tr style=\"height: 26.25pt;\">\n<td class=\"et2\" style=\"height: 208.50pt; width: 86.25pt;\" rowspan=\"8\" width=\"115\" height=\"278\">RO23<\/td>\n<td class=\"et2\" style=\"width: 85.15pt;\" rowspan=\"8\" width=\"113\">RS23<\/td>\n<td class=\"et2\" style=\"width: 85.50pt;\" rowspan=\"8\" width=\"114\">DIV<\/td>\n<td class=\"et2\" style=\"width: 84.75pt;\" width=\"113\">2,4,6<\/td>\n<td class=\"et2\" style=\"width: 85.50pt;\" width=\"114\">6<\/td>\n<td class=\"et2\" style=\"width: 85.50pt;\" width=\"114\">27<\/td>\n<td class=\"et2\" style=\"width: 84.90pt;\" width=\"113\">20<\/td>\n<td class=\"et2\" style=\"width: 85.05pt;\" width=\"113\">70<\/td>\n<\/tr>\n<tr style=\"height: 25.50pt;\">\n<td class=\"et2\" style=\"width: 84.75pt;\" width=\"113\">8,10<\/td>\n<td class=\"et2\" style=\"width: 85.50pt;\" width=\"114\">8<\/td>\n<td class=\"et2\" style=\"width: 85.50pt;\" width=\"114\">27<\/td>\n<td class=\"et2\" style=\"width: 84.90pt;\" width=\"113\">20<\/td>\n<td class=\"et2\" style=\"width: 85.05pt;\" width=\"113\">70<\/td>\n<\/tr>\n<tr style=\"height: 27.00pt;\">\n<td class=\"et2\" style=\"width: 84.75pt;\" width=\"113\">16<\/td>\n<td class=\"et2\" style=\"width: 85.50pt;\" width=\"114\">10<\/td>\n<td class=\"et2\" style=\"width: 85.50pt;\" width=\"114\">27<\/td>\n<td class=\"et2\" style=\"width: 84.90pt;\" width=\"113\">20<\/td>\n<td class=\"et2\" style=\"width: 85.05pt;\" width=\"113\">70<\/td>\n<\/tr>\n<tr style=\"height: 25.50pt;\">\n<td class=\"et2\" style=\"width: 84.75pt;\" width=\"113\">20<\/td>\n<td class=\"et2\" style=\"width: 85.50pt;\" width=\"114\">12<\/td>\n<td class=\"et2\" style=\"width: 85.50pt;\" width=\"114\">27<\/td>\n<td class=\"et2\" style=\"width: 84.90pt;\" width=\"113\">20<\/td>\n<td class=\"et2\" style=\"width: 85.05pt;\" width=\"113\">70<\/td>\n<\/tr>\n<tr style=\"height: 25.50pt;\">\n<td class=\"et2\" style=\"width: 84.75pt;\" width=\"113\">25<\/td>\n<td class=\"et2\" style=\"width: 85.50pt;\" width=\"114\">14<\/td>\n<td class=\"et2\" style=\"width: 85.50pt;\" width=\"114\">27<\/td>\n<td class=\"et2\" style=\"width: 84.90pt;\" width=\"113\">20<\/td>\n<td class=\"et2\" style=\"width: 85.05pt;\" width=\"113\">70<\/td>\n<\/tr>\n<tr style=\"height: 26.25pt;\">\n<td class=\"et2\" style=\"width: 84.75pt;\" width=\"113\">35<\/td>\n<td class=\"et2\" style=\"width: 85.50pt;\" width=\"114\">16<\/td>\n<td class=\"et2\" style=\"width: 85.50pt;\" width=\"114\">27<\/td>\n<td class=\"et2\" style=\"width: 84.90pt;\" width=\"113\">20<\/td>\n<td class=\"et2\" style=\"width: 85.05pt;\" width=\"113\">70<\/td>\n<\/tr>\n<tr style=\"height: 25.50pt;\">\n<td class=\"et2\" style=\"width: 84.75pt;\" width=\"113\">50<\/td>\n<td class=\"et2\" style=\"width: 85.50pt;\" width=\"114\">18<\/td>\n<td class=\"et2\" style=\"width: 85.50pt;\" width=\"114\">27<\/td>\n<td class=\"et2\" style=\"width: 84.90pt;\" width=\"113\">20<\/td>\n<td class=\"et2\" style=\"width: 85.05pt;\" width=\"113\">70<\/td>\n<\/tr>\n<tr style=\"height: 27.00pt;\">\n<td class=\"et2\" style=\"width: 84.75pt;\" width=\"113\">63<\/td>\n<td class=\"et2\" style=\"width: 85.50pt;\" width=\"114\">20<\/td>\n<td class=\"et2\" style=\"width: 85.50pt;\" width=\"114\">27<\/td>\n<td class=\"et2\" style=\"width: 84.90pt;\" width=\"113\">20<\/td>\n<td class=\"et2\" style=\"width: 85.05pt;\" width=\"113\">70<\/td>\n<\/tr>\n<tr style=\"height: 24.75pt;\">\n<td class=\"et2\" style=\"height: 102.00pt; width: 86.25pt;\" rowspan=\"4\" width=\"115\" height=\"136\">RO24<\/td>\n<td class=\"et2\" style=\"width: 85.15pt;\" rowspan=\"4\" width=\"113\">RS24<\/td>\n<td class=\"et2\" style=\"width: 85.50pt;\" rowspan=\"4\" width=\"114\">DI<\/td>\n<td class=\"et2\" style=\"width: 84.75pt;\" width=\"113\">2,4,6<\/td>\n<td class=\"et2\" style=\"width: 85.50pt;\" width=\"114\">6<\/td>\n<td class=\"et2\" style=\"width: 85.50pt;\" width=\"114\">12.5<\/td>\n<td class=\"et2\" style=\"width: 84.90pt;\" width=\"113\">11.3<\/td>\n<td class=\"et2\" style=\"width: 85.05pt;\" width=\"113\">50<\/td>\n<\/tr>\n<tr style=\"height: 25.50pt;\">\n<td class=\"et2\" style=\"width: 84.75pt;\" width=\"113\">10<\/td>\n<td class=\"et2\" style=\"width: 85.50pt;\" width=\"114\">8<\/td>\n<td class=\"et2\" style=\"width: 85.50pt;\" width=\"114\">12.5<\/td>\n<td class=\"et2\" style=\"width: 84.90pt;\" width=\"113\">11.3<\/td>\n<td class=\"et2\" style=\"width: 85.05pt;\" width=\"113\">50<\/td>\n<\/tr>\n<tr style=\"height: 27.00pt;\">\n<td class=\"et2\" style=\"width: 84.75pt;\" width=\"113\">16<\/td>\n<td class=\"et2\" style=\"width: 85.50pt;\" width=\"114\">10<\/td>\n<td class=\"et2\" style=\"width: 85.50pt;\" width=\"114\">12.5<\/td>\n<td class=\"et2\" style=\"width: 84.90pt;\" width=\"113\">11.3<\/td>\n<td class=\"et2\" style=\"width: 85.05pt;\" width=\"113\">50<\/td>\n<\/tr>\n<tr style=\"height: 24.75pt;\">\n<td class=\"et2\" style=\"width: 84.75pt;\" width=\"113\">20,25<\/td>\n<td class=\"et2\" style=\"width: 85.50pt;\" width=\"114\">12<\/td>\n<td class=\"et2\" style=\"width: 85.50pt;\" width=\"114\">12.5<\/td>\n<td class=\"et2\" style=\"width: 84.90pt;\" width=\"113\">11.3<\/td>\n<td class=\"et2\" style=\"width: 85.05pt;\" width=\"113\">50<\/td>\n<\/tr>\n<\/tbody>\n<\/table>\n\n\n<p><\/p>\n\n\n\n<p><\/p>\n\n\n\n<pre class=\"wp-block-verse\"><strong>Dimens\u00e3o<\/strong>\n\n\n\n<\/pre>\n\n\n\n<figure class=\"wp-block-image size-large is-resized\"><img fetchpriority=\"high\" decoding=\"async\" src=\"https:\/\/www.tosunlux.eu\/wp-content\/uploads\/2022\/05\/48-11-1-1024x618.jpg\" alt=\"\" class=\"wp-image-2516\" width=\"600\" height=\"361\" srcset=\"https:\/\/www.tosunlux.eu\/wp-content\/uploads\/2022\/05\/48-11-1-1024x618.jpg 1024w, https:\/\/www.tosunlux.eu\/wp-content\/uploads\/2022\/05\/48-11-1-300x181.jpg 300w, https:\/\/www.tosunlux.eu\/wp-content\/uploads\/2022\/05\/48-11-1-1536x927.jpg 1536w, https:\/\/www.tosunlux.eu\/wp-content\/uploads\/2022\/05\/48-11-1.jpg 1600w\" sizes=\"(max-width: 600px) 100vw, 600px\" \/><\/figure>","protected":false},"parent":0,"template":"","product_category":[24,88],"class_list":["post-2512","product","type-product","status-publish","hentry","product_category-power-distribution-system","product_category-fuse"],"yoast_head":"<!-- This site is optimized with the Yoast SEO plugin v27.4 - https:\/\/yoast.com\/product\/yoast-seo-wordpress\/ -->\n<title>WholesaleSpiral Fuse Link R021-24 - TOSUNlux Official Site - Electrical Circuit Breaker Manufacturer in China Low Voltage Electrical Supplier | TOSUNlux<\/title>\n<meta name=\"description\" content=\"Spiral Fuse Link R021-24 Supplier - Wholesale direct from TOSUNlux, a trusted manufacturer since 1994. Get your B2B factory quote on our certified Low Voltage electrical products.\" \/>\n<meta name=\"robots\" content=\"index, follow, max-snippet:-1, max-image-preview:large, max-video-preview:-1\" \/>\n<link rel=\"canonical\" href=\"https:\/\/www.tosunlux.eu\/pt\/products\/spiral-fuse-link-r021-24\/\" \/>\n<meta property=\"og:locale\" content=\"pt_BR\" \/>\n<meta property=\"og:type\" content=\"article\" \/>\n<meta property=\"og:title\" content=\"WholesaleSpiral Fuse Link R021-24 - TOSUNlux Official Site - Electrical Circuit Breaker Manufacturer in China Low Voltage Electrical Supplier | TOSUNlux\" \/>\n<meta property=\"og:description\" content=\"Spiral Fuse Link R021-24 Supplier - Wholesale direct from TOSUNlux, a trusted manufacturer since 1994. Get your B2B factory quote on our certified Low Voltage electrical products.\" \/>\n<meta property=\"og:url\" content=\"https:\/\/www.tosunlux.eu\/pt\/products\/spiral-fuse-link-r021-24\/\" \/>\n<meta property=\"og:site_name\" content=\"TOSUNlux Official Site - Electrical Circuit Breaker Manufacturer in China\" \/>\n<meta property=\"article:publisher\" content=\"https:\/\/www.facebook.com\/TOSUNelectric\/\" \/>\n<meta property=\"article:modified_time\" content=\"2022-05-11T05:35:59+00:00\" \/>\n<meta property=\"og:image\" content=\"https:\/\/www.tosunlux.eu\/wp-content\/uploads\/2022\/05\/48-11-1-1024x618.jpg\" \/>\n<meta name=\"twitter:card\" content=\"summary_large_image\" \/>\n<meta name=\"twitter:label1\" content=\"Est. tempo de leitura\" \/>\n\t<meta name=\"twitter:data1\" content=\"1 minuto\" \/>\n<script type=\"application\/ld+json\" class=\"yoast-schema-graph\">{\"@context\":\"https:\\\/\\\/schema.org\",\"@graph\":[{\"@type\":\"WebPage\",\"@id\":\"https:\\\/\\\/www.tosunlux.eu\\\/es\\\/products\\\/spiral-fuse-link-r021-24\\\/\",\"url\":\"https:\\\/\\\/www.tosunlux.eu\\\/es\\\/products\\\/spiral-fuse-link-r021-24\\\/\",\"name\":\"WholesaleSpiral Fuse Link R021-24 - TOSUNlux Official Site - Electrical Circuit Breaker Manufacturer in China Low Voltage Electrical Supplier | TOSUNlux\",\"isPartOf\":{\"@id\":\"https:\\\/\\\/www.tosunlux.eu\\\/ru\\\/#website\"},\"primaryImageOfPage\":{\"@id\":\"https:\\\/\\\/www.tosunlux.eu\\\/es\\\/products\\\/spiral-fuse-link-r021-24\\\/#primaryimage\"},\"image\":{\"@id\":\"https:\\\/\\\/www.tosunlux.eu\\\/es\\\/products\\\/spiral-fuse-link-r021-24\\\/#primaryimage\"},\"thumbnailUrl\":\"https:\\\/\\\/www.tosunlux.eu\\\/wp-content\\\/uploads\\\/2022\\\/05\\\/48-11-1-1024x618.jpg\",\"datePublished\":\"2022-05-11T05:35:30+00:00\",\"dateModified\":\"2022-05-11T05:35:59+00:00\",\"description\":\"Spiral Fuse Link R021-24 Supplier - Wholesale direct from TOSUNlux, a trusted manufacturer since 1994. Get your B2B factory quote on our certified Low Voltage electrical products.\",\"breadcrumb\":{\"@id\":\"https:\\\/\\\/www.tosunlux.eu\\\/es\\\/products\\\/spiral-fuse-link-r021-24\\\/#breadcrumb\"},\"inLanguage\":\"pt-BR\",\"potentialAction\":[{\"@type\":\"ReadAction\",\"target\":[\"https:\\\/\\\/www.tosunlux.eu\\\/es\\\/products\\\/spiral-fuse-link-r021-24\\\/\"]}]},{\"@type\":\"ImageObject\",\"inLanguage\":\"pt-BR\",\"@id\":\"https:\\\/\\\/www.tosunlux.eu\\\/es\\\/products\\\/spiral-fuse-link-r021-24\\\/#primaryimage\",\"url\":\"https:\\\/\\\/www.tosunlux.eu\\\/wp-content\\\/uploads\\\/2022\\\/05\\\/48-11-1-1024x618.jpg\",\"contentUrl\":\"https:\\\/\\\/www.tosunlux.eu\\\/wp-content\\\/uploads\\\/2022\\\/05\\\/48-11-1-1024x618.jpg\"},{\"@type\":\"BreadcrumbList\",\"@id\":\"https:\\\/\\\/www.tosunlux.eu\\\/es\\\/products\\\/spiral-fuse-link-r021-24\\\/#breadcrumb\",\"itemListElement\":[{\"@type\":\"ListItem\",\"position\":1,\"name\":\"Home\",\"item\":\"https:\\\/\\\/www.tosunlux.eu\\\/ru\\\/\"},{\"@type\":\"ListItem\",\"position\":2,\"name\":\"Products\",\"item\":\"https:\\\/\\\/www.tosunlux.eu\\\/products\\\/\"},{\"@type\":\"ListItem\",\"position\":3,\"name\":\"Spiral Fuse Link R021-24\"}]},{\"@type\":\"WebSite\",\"@id\":\"https:\\\/\\\/www.tosunlux.eu\\\/ru\\\/#website\",\"url\":\"https:\\\/\\\/www.tosunlux.eu\\\/ru\\\/\",\"name\":\"TOSUNlux Official Site - Electrical Circuit Breaker Manufacturer in China\",\"description\":\"Power Distribution System Supplier\",\"publisher\":{\"@id\":\"https:\\\/\\\/www.tosunlux.eu\\\/ru\\\/#organization\"},\"alternateName\":\"TOSUNlux\",\"potentialAction\":[{\"@type\":\"SearchAction\",\"target\":{\"@type\":\"EntryPoint\",\"urlTemplate\":\"https:\\\/\\\/www.tosunlux.eu\\\/ru\\\/?s={search_term_string}\"},\"query-input\":{\"@type\":\"PropertyValueSpecification\",\"valueRequired\":true,\"valueName\":\"search_term_string\"}}],\"inLanguage\":\"pt-BR\"},{\"@type\":\"Organization\",\"@id\":\"https:\\\/\\\/www.tosunlux.eu\\\/ru\\\/#organization\",\"name\":\"TOSUNlux\",\"url\":\"https:\\\/\\\/www.tosunlux.eu\\\/ru\\\/\",\"logo\":{\"@type\":\"ImageObject\",\"inLanguage\":\"pt-BR\",\"@id\":\"https:\\\/\\\/www.tosunlux.eu\\\/ru\\\/#\\\/schema\\\/logo\\\/image\\\/\",\"url\":\"https:\\\/\\\/www.tosunlux.eu\\\/wp-content\\\/uploads\\\/2022\\\/01\\\/LOGOSYSM.71762f1.png\",\"contentUrl\":\"https:\\\/\\\/www.tosunlux.eu\\\/wp-content\\\/uploads\\\/2022\\\/01\\\/LOGOSYSM.71762f1.png\",\"width\":153,\"height\":55,\"caption\":\"TOSUNlux\"},\"image\":{\"@id\":\"https:\\\/\\\/www.tosunlux.eu\\\/ru\\\/#\\\/schema\\\/logo\\\/image\\\/\"},\"sameAs\":[\"https:\\\/\\\/www.facebook.com\\\/TOSUNelectric\\\/\",\"https:\\\/\\\/www.linkedin.com\\\/company\\\/wenzhou-tosun-electric-co.-ltd\\\/\"]}]}<\/script>\n<!-- \/ Yoast SEO plugin. -->","yoast_head_json":{"title":"WholesaleSpiral Fuse Link R021-24 - TOSUNlux Official Site - Electrical Circuit Breaker Manufacturer in China Low Voltage Electrical Supplier | TOSUNlux","description":"Spiral Fuse Link R021-24 Supplier - Wholesale direct from TOSUNlux, a trusted manufacturer since 1994. Get your B2B factory quote on our certified Low Voltage electrical products.","robots":{"index":"index","follow":"follow","max-snippet":"max-snippet:-1","max-image-preview":"max-image-preview:large","max-video-preview":"max-video-preview:-1"},"canonical":"https:\/\/www.tosunlux.eu\/pt\/products\/spiral-fuse-link-r021-24\/","og_locale":"pt_BR","og_type":"article","og_title":"WholesaleSpiral Fuse Link R021-24 - TOSUNlux Official Site - Electrical Circuit Breaker Manufacturer in China Low Voltage Electrical Supplier | TOSUNlux","og_description":"Spiral Fuse Link R021-24 Supplier - Wholesale direct from TOSUNlux, a trusted manufacturer since 1994. Get your B2B factory quote on our certified Low Voltage electrical products.","og_url":"https:\/\/www.tosunlux.eu\/pt\/products\/spiral-fuse-link-r021-24\/","og_site_name":"TOSUNlux Official Site - Electrical Circuit Breaker Manufacturer in China","article_publisher":"https:\/\/www.facebook.com\/TOSUNelectric\/","article_modified_time":"2022-05-11T05:35:59+00:00","og_image":[{"url":"https:\/\/www.tosunlux.eu\/wp-content\/uploads\/2022\/05\/48-11-1-1024x618.jpg","type":"","width":"","height":""}],"twitter_card":"summary_large_image","twitter_misc":{"Est. tempo de leitura":"1 minuto"},"schema":{"@context":"https:\/\/schema.org","@graph":[{"@type":"WebPage","@id":"https:\/\/www.tosunlux.eu\/es\/products\/spiral-fuse-link-r021-24\/","url":"https:\/\/www.tosunlux.eu\/es\/products\/spiral-fuse-link-r021-24\/","name":"WholesaleSpiral Fuse Link R021-24 - TOSUNlux Official Site - Electrical Circuit Breaker Manufacturer in China Low Voltage Electrical Supplier | TOSUNlux","isPartOf":{"@id":"https:\/\/www.tosunlux.eu\/ru\/#website"},"primaryImageOfPage":{"@id":"https:\/\/www.tosunlux.eu\/es\/products\/spiral-fuse-link-r021-24\/#primaryimage"},"image":{"@id":"https:\/\/www.tosunlux.eu\/es\/products\/spiral-fuse-link-r021-24\/#primaryimage"},"thumbnailUrl":"https:\/\/www.tosunlux.eu\/wp-content\/uploads\/2022\/05\/48-11-1-1024x618.jpg","datePublished":"2022-05-11T05:35:30+00:00","dateModified":"2022-05-11T05:35:59+00:00","description":"Spiral Fuse Link R021-24 Supplier - Wholesale direct from TOSUNlux, a trusted manufacturer since 1994. Get your B2B factory quote on our certified Low Voltage electrical products.","breadcrumb":{"@id":"https:\/\/www.tosunlux.eu\/es\/products\/spiral-fuse-link-r021-24\/#breadcrumb"},"inLanguage":"pt-BR","potentialAction":[{"@type":"ReadAction","target":["https:\/\/www.tosunlux.eu\/es\/products\/spiral-fuse-link-r021-24\/"]}]},{"@type":"ImageObject","inLanguage":"pt-BR","@id":"https:\/\/www.tosunlux.eu\/es\/products\/spiral-fuse-link-r021-24\/#primaryimage","url":"https:\/\/www.tosunlux.eu\/wp-content\/uploads\/2022\/05\/48-11-1-1024x618.jpg","contentUrl":"https:\/\/www.tosunlux.eu\/wp-content\/uploads\/2022\/05\/48-11-1-1024x618.jpg"},{"@type":"BreadcrumbList","@id":"https:\/\/www.tosunlux.eu\/es\/products\/spiral-fuse-link-r021-24\/#breadcrumb","itemListElement":[{"@type":"ListItem","position":1,"name":"Home","item":"https:\/\/www.tosunlux.eu\/ru\/"},{"@type":"ListItem","position":2,"name":"Products","item":"https:\/\/www.tosunlux.eu\/products\/"},{"@type":"ListItem","position":3,"name":"Spiral Fuse Link R021-24"}]},{"@type":"WebSite","@id":"https:\/\/www.tosunlux.eu\/ru\/#website","url":"https:\/\/www.tosunlux.eu\/ru\/","name":"Site Oficial TOSUNlux - Fabricante de Disjuntores El\u00e9tricos na China","description":"Fornecedor de sistema de distribui\u00e7\u00e3o de energia","publisher":{"@id":"https:\/\/www.tosunlux.eu\/ru\/#organization"},"alternateName":"TOSUNlux","potentialAction":[{"@type":"SearchAction","target":{"@type":"EntryPoint","urlTemplate":"https:\/\/www.tosunlux.eu\/ru\/?s={search_term_string}"},"query-input":{"@type":"PropertyValueSpecification","valueRequired":true,"valueName":"search_term_string"}}],"inLanguage":"pt-BR"},{"@type":"Organization","@id":"https:\/\/www.tosunlux.eu\/ru\/#organization","name":"TOSUNlux","url":"https:\/\/www.tosunlux.eu\/ru\/","logo":{"@type":"ImageObject","inLanguage":"pt-BR","@id":"https:\/\/www.tosunlux.eu\/ru\/#\/schema\/logo\/image\/","url":"https:\/\/www.tosunlux.eu\/wp-content\/uploads\/2022\/01\/LOGOSYSM.71762f1.png","contentUrl":"https:\/\/www.tosunlux.eu\/wp-content\/uploads\/2022\/01\/LOGOSYSM.71762f1.png","width":153,"height":55,"caption":"TOSUNlux"},"image":{"@id":"https:\/\/www.tosunlux.eu\/ru\/#\/schema\/logo\/image\/"},"sameAs":["https:\/\/www.facebook.com\/TOSUNelectric\/","https:\/\/www.linkedin.com\/company\/wenzhou-tosun-electric-co.-ltd\/"]}]}},"_links":{"self":[{"href":"https:\/\/www.tosunlux.eu\/pt\/wp-json\/wp\/v2\/product\/2512","targetHints":{"allow":["GET"]}}],"collection":[{"href":"https:\/\/www.tosunlux.eu\/pt\/wp-json\/wp\/v2\/product"}],"about":[{"href":"https:\/\/www.tosunlux.eu\/pt\/wp-json\/wp\/v2\/types\/product"}],"version-history":[{"count":0,"href":"https:\/\/www.tosunlux.eu\/pt\/wp-json\/wp\/v2\/product\/2512\/revisions"}],"wp:attachment":[{"href":"https:\/\/www.tosunlux.eu\/pt\/wp-json\/wp\/v2\/media?parent=2512"}],"wp:term":[{"taxonomy":"product_category","embeddable":true,"href":"https:\/\/www.tosunlux.eu\/pt\/wp-json\/wp\/v2\/product_category?post=2512"}],"curies":[{"name":"wp","href":"https:\/\/api.w.org\/{rel}","templated":true}]}}