{"id":2517,"date":"2022-05-11T13:39:34","date_gmt":"2022-05-11T05:39:34","guid":{"rendered":"https:\/\/www.tosunlux.eu\/?post_type=product&#038;p=2517"},"modified":"2022-05-11T13:39:58","modified_gmt":"2022-05-11T05:39:58","slug":"spiral-fuse-link-ro26","status":"publish","type":"product","link":"https:\/\/www.tosunlux.eu\/pt\/products\/spiral-fuse-link-ro26\/","title":{"rendered":"Liga\u00e7\u00e3o Fus\u00edvel em Espiral RO26"},"content":{"rendered":"<p><strong>Especifica\u00e7\u00e3o<\/strong><\/p>\n\n\n\n<p><\/p>\n\n\n<table style=\"border-collapse: collapse; width: 686.27pt;\" border=\"0\" width=\"915\" cellspacing=\"0\" cellpadding=\"0\">\n<tbody>\n<tr style=\"height: 25.50pt;\">\n<td class=\"et2\" style=\"height: 25.50pt; width: 152.25pt;\" colspan=\"2\" width=\"203\" height=\"34\">Modelo<\/td>\n<td class=\"et2\" style=\"width: 75.75pt;\" rowspan=\"2\" width=\"101\">Tamanho<\/td>\n<td class=\"et2\" style=\"width: 75.75pt;\" rowspan=\"2\" width=\"101\"><span class=\"font1\">avaliado <\/span><span class=\"font1\">Atual<\/span><span class=\"font2\">(A)<\/span><\/td>\n<td class=\"et2\" style=\"width: 382.65pt;\" colspan=\"5\" width=\"510\">Dimens\u00e3o<\/td>\n<\/tr>\n<tr style=\"height: 27.00pt;\">\n<td class=\"et2\" style=\"height: 27.00pt; width: 76.50pt;\" width=\"102\" height=\"36\">gG<\/td>\n<td class=\"et2\" style=\"width: 75.75pt;\" width=\"101\">aR<\/td>\n<td class=\"et2\" style=\"width: 76.05pt;\" width=\"101\">\u00d8A<\/td>\n<td class=\"et2\" style=\"width: 76.05pt;\" width=\"101\">\u00d8C<\/td>\n<td class=\"et2\" style=\"width: 76.50pt;\" width=\"102\">\u00d8D<\/td>\n<td class=\"et2\" style=\"width: 76.05pt;\" width=\"101\">\u00d8L<\/td>\n<td class=\"et2\" style=\"width: 78.00pt;\" width=\"104\">eu<\/td>\n<\/tr>\n<tr style=\"height: 26.25pt;\">\n<td class=\"et2\" style=\"height: 258.75pt; width: 76.50pt;\" rowspan=\"10\" width=\"102\" height=\"345\">RO26<\/td>\n<td class=\"et2\" style=\"width: 75.75pt;\" rowspan=\"10\" width=\"101\">RS26<\/td>\n<td class=\"et2\" style=\"width: 75.75pt;\" rowspan=\"3\" width=\"101\">D01<\/td>\n<td class=\"et2\" style=\"width: 75.75pt;\" width=\"101\">2,4,6<\/td>\n<td class=\"et2\" style=\"width: 76.05pt;\" width=\"101\">5<\/td>\n<td class=\"et2\" style=\"width: 76.05pt;\" width=\"101\">7.3<\/td>\n<td class=\"et2\" style=\"width: 76.50pt;\" width=\"102\">10.6<\/td>\n<td class=\"et2\" style=\"width: 76.05pt;\" width=\"101\">10<\/td>\n<td class=\"et2\" style=\"width: 78.00pt;\" width=\"104\">36<\/td>\n<\/tr>\n<tr style=\"height: 25.50pt;\">\n<td class=\"et2\" style=\"width: 75.75pt;\" width=\"101\">10<\/td>\n<td class=\"et2\" style=\"width: 76.05pt;\" width=\"101\">5<\/td>\n<td class=\"et2\" style=\"width: 76.05pt;\" width=\"101\">8.5<\/td>\n<td class=\"et2\" style=\"width: 76.50pt;\" width=\"102\">10.6<\/td>\n<td class=\"et2\" style=\"width: 76.05pt;\" width=\"101\">10<\/td>\n<td class=\"et2\" style=\"width: 78.00pt;\" width=\"104\">36<\/td>\n<\/tr>\n<tr style=\"height: 25.50pt;\">\n<td class=\"et2\" style=\"width: 75.75pt;\" width=\"101\">16<\/td>\n<td class=\"et2\" style=\"width: 76.05pt;\" width=\"101\">5<\/td>\n<td class=\"et2\" style=\"width: 76.05pt;\" width=\"101\">9.7<\/td>\n<td class=\"et2\" style=\"width: 76.50pt;\" width=\"102\">10.6<\/td>\n<td class=\"et2\" style=\"width: 76.05pt;\" width=\"101\">10<\/td>\n<td class=\"et2\" style=\"width: 78.00pt;\" width=\"104\">36<\/td>\n<\/tr>\n<tr style=\"height: 25.50pt;\">\n<td class=\"et2\" style=\"width: 75.75pt;\" rowspan=\"5\" width=\"101\">D02<\/td>\n<td class=\"et2\" style=\"width: 75.75pt;\" width=\"101\">20<\/td>\n<td class=\"et2\" style=\"width: 76.05pt;\" width=\"101\">8.5<\/td>\n<td class=\"et2\" style=\"width: 76.05pt;\" width=\"101\">11<\/td>\n<td class=\"et2\" style=\"width: 76.50pt;\" width=\"102\">15<\/td>\n<td class=\"et2\" style=\"width: 76.05pt;\" width=\"101\">14<\/td>\n<td class=\"et2\" style=\"width: 78.00pt;\" width=\"104\">36<\/td>\n<\/tr>\n<tr style=\"height: 27.00pt;\">\n<td class=\"et2\" style=\"width: 75.75pt;\" width=\"101\">25<\/td>\n<td class=\"et2\" style=\"width: 76.05pt;\" width=\"101\">8.5<\/td>\n<td class=\"et2\" style=\"width: 76.05pt;\" width=\"101\">12<\/td>\n<td class=\"et2\" style=\"width: 76.50pt;\" width=\"102\">15<\/td>\n<td class=\"et2\" style=\"width: 76.05pt;\" width=\"101\">14<\/td>\n<td class=\"et2\" style=\"width: 78.00pt;\" width=\"104\">36<\/td>\n<\/tr>\n<tr style=\"height: 25.50pt;\">\n<td class=\"et2\" style=\"width: 75.75pt;\" width=\"101\">35<\/td>\n<td class=\"et2\" style=\"width: 76.05pt;\" width=\"101\">8.5<\/td>\n<td class=\"et2\" style=\"width: 76.05pt;\" width=\"101\">13.3<\/td>\n<td class=\"et2\" style=\"width: 76.50pt;\" width=\"102\">15<\/td>\n<td class=\"et2\" style=\"width: 76.05pt;\" width=\"101\">14<\/td>\n<td class=\"et2\" style=\"width: 78.00pt;\" width=\"104\">36<\/td>\n<\/tr>\n<tr style=\"height: 25.50pt;\">\n<td class=\"et2\" style=\"width: 75.75pt;\" width=\"101\">50<\/td>\n<td class=\"et2\" style=\"width: 76.05pt;\" width=\"101\">8.5<\/td>\n<td class=\"et2\" style=\"width: 76.05pt;\" width=\"101\">14.5<\/td>\n<td class=\"et2\" style=\"width: 76.50pt;\" width=\"102\">15<\/td>\n<td class=\"et2\" style=\"width: 76.05pt;\" width=\"101\">14<\/td>\n<td class=\"et2\" style=\"width: 78.00pt;\" width=\"104\">36<\/td>\n<\/tr>\n<tr style=\"height: 25.50pt;\">\n<td class=\"et2\" style=\"width: 75.75pt;\" width=\"101\">63<\/td>\n<td class=\"et2\" style=\"width: 76.05pt;\" width=\"101\">8.5<\/td>\n<td class=\"et2\" style=\"width: 76.05pt;\" width=\"101\">16<\/td>\n<td class=\"et2\" style=\"width: 76.50pt;\" width=\"102\">15<\/td>\n<td class=\"et2\" style=\"width: 76.05pt;\" width=\"101\">14<\/td>\n<td class=\"et2\" style=\"width: 78.00pt;\" width=\"104\">36<\/td>\n<\/tr>\n<tr style=\"height: 26.25pt;\">\n<td class=\"et2\" style=\"width: 75.75pt;\" rowspan=\"2\" width=\"101\">D03<\/td>\n<td class=\"et2\" style=\"width: 75.75pt;\" width=\"101\">80<\/td>\n<td class=\"et2\" style=\"width: 76.05pt;\" width=\"101\">17<\/td>\n<td class=\"et2\" style=\"width: 76.05pt;\" width=\"101\">22<\/td>\n<td class=\"et2\" style=\"width: 76.50pt;\" width=\"102\">22<\/td>\n<td class=\"et2\" style=\"width: 76.05pt;\" width=\"101\">21<\/td>\n<td class=\"et2\" style=\"width: 78.00pt;\" width=\"104\">43<\/td>\n<\/tr>\n<tr style=\"height: 26.25pt;\">\n<td class=\"et2\" style=\"width: 75.75pt;\" width=\"101\">100<\/td>\n<td class=\"et2\" style=\"width: 76.05pt;\" width=\"101\">17<\/td>\n<td class=\"et2\" style=\"width: 76.05pt;\" width=\"101\">25<\/td>\n<td class=\"et2\" style=\"width: 76.50pt;\" width=\"102\">22<\/td>\n<td class=\"et2\" style=\"width: 76.05pt;\" width=\"101\">21<\/td>\n<td class=\"et2\" style=\"width: 78.00pt;\" width=\"104\">43<\/td>\n<\/tr>\n<\/tbody>\n<\/table>\n\n\n<p><\/p>\n\n\n\n<pre class=\"wp-block-verse\"><strong>Dimens\u00e3o<\/strong>\n\n\n\n<\/pre>\n\n\n\n<figure class=\"wp-block-image size-large is-resized\"><img fetchpriority=\"high\" decoding=\"async\" src=\"https:\/\/www.tosunlux.eu\/wp-content\/uploads\/2022\/05\/48-22-1024x618.jpg\" alt=\"\" class=\"wp-image-2519\" width=\"549\" height=\"330\" srcset=\"https:\/\/www.tosunlux.eu\/wp-content\/uploads\/2022\/05\/48-22-1024x618.jpg 1024w, https:\/\/www.tosunlux.eu\/wp-content\/uploads\/2022\/05\/48-22-300x181.jpg 300w, https:\/\/www.tosunlux.eu\/wp-content\/uploads\/2022\/05\/48-22-1536x927.jpg 1536w, https:\/\/www.tosunlux.eu\/wp-content\/uploads\/2022\/05\/48-22.jpg 1600w\" sizes=\"(max-width: 549px) 100vw, 549px\" \/><\/figure>\n\n\n\n<p><\/p>","protected":false},"parent":0,"template":"","product_category":[24,88],"class_list":["post-2517","product","type-product","status-publish","hentry","product_category-power-distribution-system","product_category-fuse"],"yoast_head":"<!-- This site is optimized with the Yoast SEO plugin v27.3 - https:\/\/yoast.com\/product\/yoast-seo-wordpress\/ -->\n<title>WholesaleSpiral Fuse Link RO26 - TOSUNlux Official Site - Electrical Circuit Breaker Manufacturer in China Low Voltage Electrical Supplier | TOSUNlux<\/title>\n<meta name=\"description\" content=\"Spiral Fuse Link RO26 Supplier - Wholesale direct from TOSUNlux, a trusted manufacturer since 1994. Get your B2B factory quote on our certified Low Voltage electrical products.\" \/>\n<meta name=\"robots\" content=\"index, follow, max-snippet:-1, max-image-preview:large, max-video-preview:-1\" \/>\n<link rel=\"canonical\" href=\"https:\/\/www.tosunlux.eu\/pt\/products\/spiral-fuse-link-ro26\/\" \/>\n<meta property=\"og:locale\" content=\"pt_BR\" \/>\n<meta property=\"og:type\" content=\"article\" \/>\n<meta property=\"og:title\" content=\"WholesaleSpiral Fuse Link RO26 - TOSUNlux Official Site - Electrical Circuit Breaker Manufacturer in China Low Voltage Electrical Supplier | TOSUNlux\" \/>\n<meta property=\"og:description\" content=\"Spiral Fuse Link RO26 Supplier - Wholesale direct from TOSUNlux, a trusted manufacturer since 1994. Get your B2B factory quote on our certified Low Voltage electrical products.\" \/>\n<meta property=\"og:url\" content=\"https:\/\/www.tosunlux.eu\/pt\/products\/spiral-fuse-link-ro26\/\" \/>\n<meta property=\"og:site_name\" content=\"TOSUNlux Official Site - Electrical Circuit Breaker Manufacturer in China\" \/>\n<meta property=\"article:publisher\" content=\"https:\/\/www.facebook.com\/TOSUNelectric\/\" \/>\n<meta property=\"article:modified_time\" content=\"2022-05-11T05:39:58+00:00\" \/>\n<meta property=\"og:image\" content=\"https:\/\/www.tosunlux.eu\/wp-content\/uploads\/2022\/05\/48-22-1024x618.jpg\" \/>\n<meta name=\"twitter:card\" content=\"summary_large_image\" \/>\n<meta name=\"twitter:label1\" content=\"Est. tempo de leitura\" \/>\n\t<meta name=\"twitter:data1\" content=\"1 minuto\" \/>\n<script type=\"application\/ld+json\" class=\"yoast-schema-graph\">{\"@context\":\"https:\\\/\\\/schema.org\",\"@graph\":[{\"@type\":\"WebPage\",\"@id\":\"https:\\\/\\\/www.tosunlux.eu\\\/es\\\/products\\\/spiral-fuse-link-ro26\\\/\",\"url\":\"https:\\\/\\\/www.tosunlux.eu\\\/es\\\/products\\\/spiral-fuse-link-ro26\\\/\",\"name\":\"WholesaleSpiral Fuse Link RO26 - TOSUNlux Official Site - Electrical Circuit Breaker Manufacturer in China Low Voltage Electrical Supplier | TOSUNlux\",\"isPartOf\":{\"@id\":\"https:\\\/\\\/www.tosunlux.eu\\\/ru\\\/#website\"},\"primaryImageOfPage\":{\"@id\":\"https:\\\/\\\/www.tosunlux.eu\\\/es\\\/products\\\/spiral-fuse-link-ro26\\\/#primaryimage\"},\"image\":{\"@id\":\"https:\\\/\\\/www.tosunlux.eu\\\/es\\\/products\\\/spiral-fuse-link-ro26\\\/#primaryimage\"},\"thumbnailUrl\":\"https:\\\/\\\/www.tosunlux.eu\\\/wp-content\\\/uploads\\\/2022\\\/05\\\/48-22-1024x618.jpg\",\"datePublished\":\"2022-05-11T05:39:34+00:00\",\"dateModified\":\"2022-05-11T05:39:58+00:00\",\"description\":\"Spiral Fuse Link RO26 Supplier - Wholesale direct from TOSUNlux, a trusted manufacturer since 1994. Get your B2B factory quote on our certified Low Voltage electrical products.\",\"breadcrumb\":{\"@id\":\"https:\\\/\\\/www.tosunlux.eu\\\/es\\\/products\\\/spiral-fuse-link-ro26\\\/#breadcrumb\"},\"inLanguage\":\"pt-BR\",\"potentialAction\":[{\"@type\":\"ReadAction\",\"target\":[\"https:\\\/\\\/www.tosunlux.eu\\\/es\\\/products\\\/spiral-fuse-link-ro26\\\/\"]}]},{\"@type\":\"ImageObject\",\"inLanguage\":\"pt-BR\",\"@id\":\"https:\\\/\\\/www.tosunlux.eu\\\/es\\\/products\\\/spiral-fuse-link-ro26\\\/#primaryimage\",\"url\":\"https:\\\/\\\/www.tosunlux.eu\\\/wp-content\\\/uploads\\\/2022\\\/05\\\/48-22-1024x618.jpg\",\"contentUrl\":\"https:\\\/\\\/www.tosunlux.eu\\\/wp-content\\\/uploads\\\/2022\\\/05\\\/48-22-1024x618.jpg\"},{\"@type\":\"BreadcrumbList\",\"@id\":\"https:\\\/\\\/www.tosunlux.eu\\\/es\\\/products\\\/spiral-fuse-link-ro26\\\/#breadcrumb\",\"itemListElement\":[{\"@type\":\"ListItem\",\"position\":1,\"name\":\"Home\",\"item\":\"https:\\\/\\\/www.tosunlux.eu\\\/ru\\\/\"},{\"@type\":\"ListItem\",\"position\":2,\"name\":\"Products\",\"item\":\"https:\\\/\\\/www.tosunlux.eu\\\/products\\\/\"},{\"@type\":\"ListItem\",\"position\":3,\"name\":\"Spiral Fuse Link RO26\"}]},{\"@type\":\"WebSite\",\"@id\":\"https:\\\/\\\/www.tosunlux.eu\\\/ru\\\/#website\",\"url\":\"https:\\\/\\\/www.tosunlux.eu\\\/ru\\\/\",\"name\":\"TOSUNlux Official Site - Electrical Circuit Breaker Manufacturer in China\",\"description\":\"Power Distribution System Supplier\",\"publisher\":{\"@id\":\"https:\\\/\\\/www.tosunlux.eu\\\/ru\\\/#organization\"},\"alternateName\":\"TOSUNlux\",\"potentialAction\":[{\"@type\":\"SearchAction\",\"target\":{\"@type\":\"EntryPoint\",\"urlTemplate\":\"https:\\\/\\\/www.tosunlux.eu\\\/ru\\\/?s={search_term_string}\"},\"query-input\":{\"@type\":\"PropertyValueSpecification\",\"valueRequired\":true,\"valueName\":\"search_term_string\"}}],\"inLanguage\":\"pt-BR\"},{\"@type\":\"Organization\",\"@id\":\"https:\\\/\\\/www.tosunlux.eu\\\/ru\\\/#organization\",\"name\":\"TOSUNlux\",\"url\":\"https:\\\/\\\/www.tosunlux.eu\\\/ru\\\/\",\"logo\":{\"@type\":\"ImageObject\",\"inLanguage\":\"pt-BR\",\"@id\":\"https:\\\/\\\/www.tosunlux.eu\\\/ru\\\/#\\\/schema\\\/logo\\\/image\\\/\",\"url\":\"https:\\\/\\\/www.tosunlux.eu\\\/wp-content\\\/uploads\\\/2022\\\/01\\\/LOGOSYSM.71762f1.png\",\"contentUrl\":\"https:\\\/\\\/www.tosunlux.eu\\\/wp-content\\\/uploads\\\/2022\\\/01\\\/LOGOSYSM.71762f1.png\",\"width\":153,\"height\":55,\"caption\":\"TOSUNlux\"},\"image\":{\"@id\":\"https:\\\/\\\/www.tosunlux.eu\\\/ru\\\/#\\\/schema\\\/logo\\\/image\\\/\"},\"sameAs\":[\"https:\\\/\\\/www.facebook.com\\\/TOSUNelectric\\\/\",\"https:\\\/\\\/www.linkedin.com\\\/company\\\/wenzhou-tosun-electric-co.-ltd\\\/\"]}]}<\/script>\n<!-- \/ Yoast SEO plugin. -->","yoast_head_json":{"title":"WholesaleSpiral Fuse Link RO26 - TOSUNlux Official Site - Electrical Circuit Breaker Manufacturer in China Low Voltage Electrical Supplier | TOSUNlux","description":"Spiral Fuse Link RO26 Supplier - Wholesale direct from TOSUNlux, a trusted manufacturer since 1994. Get your B2B factory quote on our certified Low Voltage electrical products.","robots":{"index":"index","follow":"follow","max-snippet":"max-snippet:-1","max-image-preview":"max-image-preview:large","max-video-preview":"max-video-preview:-1"},"canonical":"https:\/\/www.tosunlux.eu\/pt\/products\/spiral-fuse-link-ro26\/","og_locale":"pt_BR","og_type":"article","og_title":"WholesaleSpiral Fuse Link RO26 - TOSUNlux Official Site - Electrical Circuit Breaker Manufacturer in China Low Voltage Electrical Supplier | TOSUNlux","og_description":"Spiral Fuse Link RO26 Supplier - Wholesale direct from TOSUNlux, a trusted manufacturer since 1994. Get your B2B factory quote on our certified Low Voltage electrical products.","og_url":"https:\/\/www.tosunlux.eu\/pt\/products\/spiral-fuse-link-ro26\/","og_site_name":"TOSUNlux Official Site - Electrical Circuit Breaker Manufacturer in China","article_publisher":"https:\/\/www.facebook.com\/TOSUNelectric\/","article_modified_time":"2022-05-11T05:39:58+00:00","og_image":[{"url":"https:\/\/www.tosunlux.eu\/wp-content\/uploads\/2022\/05\/48-22-1024x618.jpg","type":"","width":"","height":""}],"twitter_card":"summary_large_image","twitter_misc":{"Est. tempo de leitura":"1 minuto"},"schema":{"@context":"https:\/\/schema.org","@graph":[{"@type":"WebPage","@id":"https:\/\/www.tosunlux.eu\/es\/products\/spiral-fuse-link-ro26\/","url":"https:\/\/www.tosunlux.eu\/es\/products\/spiral-fuse-link-ro26\/","name":"WholesaleSpiral Fuse Link RO26 - TOSUNlux Official Site - Electrical Circuit Breaker Manufacturer in China Low Voltage Electrical Supplier | TOSUNlux","isPartOf":{"@id":"https:\/\/www.tosunlux.eu\/ru\/#website"},"primaryImageOfPage":{"@id":"https:\/\/www.tosunlux.eu\/es\/products\/spiral-fuse-link-ro26\/#primaryimage"},"image":{"@id":"https:\/\/www.tosunlux.eu\/es\/products\/spiral-fuse-link-ro26\/#primaryimage"},"thumbnailUrl":"https:\/\/www.tosunlux.eu\/wp-content\/uploads\/2022\/05\/48-22-1024x618.jpg","datePublished":"2022-05-11T05:39:34+00:00","dateModified":"2022-05-11T05:39:58+00:00","description":"Spiral Fuse Link RO26 Supplier - Wholesale direct from TOSUNlux, a trusted manufacturer since 1994. Get your B2B factory quote on our certified Low Voltage electrical products.","breadcrumb":{"@id":"https:\/\/www.tosunlux.eu\/es\/products\/spiral-fuse-link-ro26\/#breadcrumb"},"inLanguage":"pt-BR","potentialAction":[{"@type":"ReadAction","target":["https:\/\/www.tosunlux.eu\/es\/products\/spiral-fuse-link-ro26\/"]}]},{"@type":"ImageObject","inLanguage":"pt-BR","@id":"https:\/\/www.tosunlux.eu\/es\/products\/spiral-fuse-link-ro26\/#primaryimage","url":"https:\/\/www.tosunlux.eu\/wp-content\/uploads\/2022\/05\/48-22-1024x618.jpg","contentUrl":"https:\/\/www.tosunlux.eu\/wp-content\/uploads\/2022\/05\/48-22-1024x618.jpg"},{"@type":"BreadcrumbList","@id":"https:\/\/www.tosunlux.eu\/es\/products\/spiral-fuse-link-ro26\/#breadcrumb","itemListElement":[{"@type":"ListItem","position":1,"name":"Home","item":"https:\/\/www.tosunlux.eu\/ru\/"},{"@type":"ListItem","position":2,"name":"Products","item":"https:\/\/www.tosunlux.eu\/products\/"},{"@type":"ListItem","position":3,"name":"Spiral Fuse Link RO26"}]},{"@type":"WebSite","@id":"https:\/\/www.tosunlux.eu\/ru\/#website","url":"https:\/\/www.tosunlux.eu\/ru\/","name":"Site Oficial TOSUNlux - Fabricante de Disjuntores El\u00e9tricos na China","description":"Fornecedor de sistema de distribui\u00e7\u00e3o de energia","publisher":{"@id":"https:\/\/www.tosunlux.eu\/ru\/#organization"},"alternateName":"TOSUNlux","potentialAction":[{"@type":"SearchAction","target":{"@type":"EntryPoint","urlTemplate":"https:\/\/www.tosunlux.eu\/ru\/?s={search_term_string}"},"query-input":{"@type":"PropertyValueSpecification","valueRequired":true,"valueName":"search_term_string"}}],"inLanguage":"pt-BR"},{"@type":"Organization","@id":"https:\/\/www.tosunlux.eu\/ru\/#organization","name":"TOSUNlux","url":"https:\/\/www.tosunlux.eu\/ru\/","logo":{"@type":"ImageObject","inLanguage":"pt-BR","@id":"https:\/\/www.tosunlux.eu\/ru\/#\/schema\/logo\/image\/","url":"https:\/\/www.tosunlux.eu\/wp-content\/uploads\/2022\/01\/LOGOSYSM.71762f1.png","contentUrl":"https:\/\/www.tosunlux.eu\/wp-content\/uploads\/2022\/01\/LOGOSYSM.71762f1.png","width":153,"height":55,"caption":"TOSUNlux"},"image":{"@id":"https:\/\/www.tosunlux.eu\/ru\/#\/schema\/logo\/image\/"},"sameAs":["https:\/\/www.facebook.com\/TOSUNelectric\/","https:\/\/www.linkedin.com\/company\/wenzhou-tosun-electric-co.-ltd\/"]}]}},"_links":{"self":[{"href":"https:\/\/www.tosunlux.eu\/pt\/wp-json\/wp\/v2\/product\/2517","targetHints":{"allow":["GET"]}}],"collection":[{"href":"https:\/\/www.tosunlux.eu\/pt\/wp-json\/wp\/v2\/product"}],"about":[{"href":"https:\/\/www.tosunlux.eu\/pt\/wp-json\/wp\/v2\/types\/product"}],"version-history":[{"count":0,"href":"https:\/\/www.tosunlux.eu\/pt\/wp-json\/wp\/v2\/product\/2517\/revisions"}],"wp:attachment":[{"href":"https:\/\/www.tosunlux.eu\/pt\/wp-json\/wp\/v2\/media?parent=2517"}],"wp:term":[{"taxonomy":"product_category","embeddable":true,"href":"https:\/\/www.tosunlux.eu\/pt\/wp-json\/wp\/v2\/product_category?post=2517"}],"curies":[{"name":"wp","href":"https:\/\/api.w.org\/{rel}","templated":true}]}}