{"id":2577,"date":"2022-05-12T14:45:26","date_gmt":"2022-05-12T06:45:26","guid":{"rendered":"https:\/\/www.tosunlux.eu\/?post_type=product&#038;p=2577"},"modified":"2023-09-13T09:25:04","modified_gmt":"2023-09-13T01:25:04","slug":"tsc7-d-ac-contactor","status":"publish","type":"product","link":"https:\/\/www.tosunlux.eu\/pt\/products\/tsc7-d-ac-contactor\/","title":{"rendered":"Contator CA TSC7-D"},"content":{"rendered":"<pre class=\"wp-block-verse\"><strong>Aplicativo<\/strong>\n\n\nO contator CA da s\u00e9rie TSC7 \u00e9 adequado para uso em circuitos at\u00e9 a tens\u00e3o nominal de 660 V CA 50 Hz ou 60 Hz, corrente nominal de at\u00e9 38 A, para abertura, interrup\u00e7\u00e3o, partida frequente e controle do motor CA. Combinado com o bloco de contato auxiliar, temporizador de atraso e dispositivo de intertravamento da m\u00e1quina, etc., torna-se o contator de atraso, contator de intertravamento mec\u00e2nico, partida estrela-tri\u00e2ngulo. Com o rel\u00e9 t\u00e9rmico, ele \u00e9 combinado no acionador eletromagn\u00e9tico. Os produtos est\u00e3o em conformidade com IEC60947-4.\n\n\n<strong>Especifica\u00e7\u00e3o<\/strong>\n\n\n<\/pre>\n\n\n<table style=\"border-collapse: collapse; width: 722px; height: 411px;\" border=\"0\" width=\"756\" cellspacing=\"0\" cellpadding=\"0\">\n<tbody>\n<tr style=\"height: 12.75pt;\">\n<td style=\"height: 12.75pt; width: 189pt; text-align: center;\" colspan=\"4\" width=\"252\" height=\"17\">Modelo<\/td>\n<td style=\"width: 47.25pt; text-align: center;\" width=\"63\">09<\/td>\n<td style=\"width: 47.25pt; text-align: center;\" width=\"63\">12<\/td>\n<td style=\"width: 47.25pt; text-align: center;\" width=\"63\">16<\/td>\n<td style=\"width: 47.25pt; text-align: center;\" width=\"63\">18<\/td>\n<td style=\"width: 47.25pt; text-align: center;\" width=\"63\">22<\/td>\n<td style=\"width: 47.25pt; text-align: center;\" width=\"63\">25<\/td>\n<td style=\"width: 47.25pt; text-align: center;\" width=\"63\">32<\/td>\n<td style=\"width: 47.25pt; text-align: center;\" width=\"63\">38<\/td>\n<\/tr>\n<tr style=\"height: 12.75pt;\">\n<td style=\"height: 51pt; text-align: center;\" rowspan=\"4\" height=\"68\">Corrente nominal de trabalho (A)<\/td>\n<td style=\"text-align: center;\" colspan=\"2\" rowspan=\"2\">400(380)V<\/td>\n<td style=\"text-align: center;\">AC-3<\/td>\n<td style=\"text-align: center;\">9<\/td>\n<td style=\"text-align: center;\">12<\/td>\n<td style=\"text-align: center;\">16<\/td>\n<td style=\"text-align: center;\">16<\/td>\n<td style=\"text-align: center;\">22<\/td>\n<td style=\"text-align: center;\">25<\/td>\n<td style=\"text-align: center;\">32<\/td>\n<td style=\"text-align: center;\">38<\/td>\n<\/tr>\n<tr style=\"height: 12.75pt;\">\n<td style=\"text-align: center;\">AC-4<\/td>\n<td style=\"text-align: center;\">3.5<\/td>\n<td style=\"text-align: center;\">5<\/td>\n<td style=\"text-align: center;\">6.5<\/td>\n<td style=\"text-align: center;\">7.7<\/td>\n<td style=\"text-align: center;\">8<\/td>\n<td style=\"text-align: center;\">8.5<\/td>\n<td style=\"text-align: center;\">12<\/td>\n<td style=\"text-align: center;\">12<\/td>\n<\/tr>\n<tr style=\"height: 12.75pt;\">\n<td style=\"text-align: center;\" colspan=\"2\" rowspan=\"2\">690(660)V<\/td>\n<td style=\"text-align: center;\">AC-3<\/td>\n<td style=\"text-align: center;\">6.6<\/td>\n<td style=\"text-align: center;\">8.9<\/td>\n<td style=\"text-align: center;\">11<\/td>\n<td style=\"text-align: center;\">18<\/td>\n<td style=\"text-align: center;\">16<\/td>\n<td style=\"text-align: center;\">34<\/td>\n<td style=\"text-align: center;\">39<\/td>\n<td style=\"text-align: center;\">39<\/td>\n<\/tr>\n<tr style=\"height: 12.75pt;\">\n<td style=\"text-align: center;\">AC-4<\/td>\n<td style=\"text-align: center;\">1.5<\/td>\n<td style=\"text-align: center;\">2<\/td>\n<td style=\"text-align: center;\">3<\/td>\n<td style=\"text-align: center;\">4.4<\/td>\n<td style=\"text-align: center;\">4<\/td>\n<td style=\"text-align: center;\">9<\/td>\n<td style=\"text-align: center;\">12<\/td>\n<td style=\"text-align: center;\">12<\/td>\n<\/tr>\n<tr style=\"height: 12.75pt;\">\n<td style=\"height: 12.75pt; text-align: center;\" height=\"17\">Ratedhea<\/td>\n<td style=\"text-align: center;\" colspan=\"2\">tcorrente(A)<\/td>\n<td style=\"text-align: center;\">\u00a0<\/td>\n<td style=\"text-align: center;\">20<\/td>\n<td style=\"text-align: center;\">20<\/td>\n<td style=\"text-align: center;\">25<\/td>\n<td style=\"text-align: center;\">40<\/td>\n<td style=\"text-align: center;\">40<\/td>\n<td style=\"text-align: center;\">60<\/td>\n<td style=\"text-align: center;\">80<\/td>\n<td style=\"text-align: center;\">80<\/td>\n<\/tr>\n<tr style=\"height: 12.75pt;\">\n<td style=\"height: 38.25pt; text-align: center;\" colspan=\"2\" rowspan=\"3\" height=\"51\">Capacidade AC3 do motor de gaiola de esquilo fase3 AC3 (KW)<\/td>\n<td style=\"text-align: center;\" colspan=\"2\">230(220)V<\/td>\n<td style=\"text-align: center;\">2.2<\/td>\n<td style=\"text-align: center;\">3<\/td>\n<td style=\"text-align: center;\">4<\/td>\n<td style=\"text-align: center;\">5<\/td>\n<td style=\"text-align: center;\">5.5<\/td>\n<td style=\"text-align: center;\">11<\/td>\n<td style=\"text-align: center;\">15<\/td>\n<td style=\"text-align: center;\">15<\/td>\n<\/tr>\n<tr style=\"height: 12.75pt;\">\n<td style=\"text-align: center;\" colspan=\"2\">400(380)V<\/td>\n<td style=\"text-align: center;\">4<\/td>\n<td style=\"text-align: center;\">5.5<\/td>\n<td style=\"text-align: center;\">6.5<\/td>\n<td style=\"text-align: center;\">11<\/td>\n<td style=\"text-align: center;\">10<\/td>\n<td style=\"text-align: center;\">18.5<\/td>\n<td style=\"text-align: center;\">22<\/td>\n<td style=\"text-align: center;\">22<\/td>\n<\/tr>\n<tr style=\"height: 12.75pt;\">\n<td style=\"text-align: center;\" colspan=\"2\">690(660)V<\/td>\n<td style=\"text-align: center;\">5.5<\/td>\n<td style=\"text-align: center;\">7.5<\/td>\n<td style=\"text-align: center;\">10<\/td>\n<td style=\"text-align: center;\">15<\/td>\n<td style=\"text-align: center;\">18.5<\/td>\n<td style=\"text-align: center;\">30<\/td>\n<td style=\"text-align: center;\">37<\/td>\n<td style=\"text-align: center;\">37<\/td>\n<\/tr>\n<tr style=\"height: 12.75pt;\">\n<td class=\"et3\" style=\"height: 12.75pt; width: 94.5pt; text-align: center;\" colspan=\"2\" width=\"126\" height=\"17\">Vida mec\u00e2nica x100000<\/td>\n<td style=\"text-align: center;\" colspan=\"2\">\u00a0<\/td>\n<td style=\"text-align: center;\">1200<\/td>\n<td style=\"text-align: center;\">1200<\/td>\n<td style=\"text-align: center;\">1200<\/td>\n<td style=\"text-align: center;\">1200<\/td>\n<td style=\"text-align: center;\">1200<\/td>\n<td style=\"text-align: center;\">600<\/td>\n<td style=\"text-align: center;\">600<\/td>\n<td style=\"text-align: center;\">600<\/td>\n<\/tr>\n<tr style=\"height: 12.75pt;\">\n<td style=\"height: 25.5pt; text-align: center;\" colspan=\"2\" rowspan=\"2\" height=\"34\">Vida el\u00e9trica x100000<\/td>\n<td style=\"text-align: center;\" colspan=\"2\">AC-3<\/td>\n<td style=\"text-align: center;\">100<\/td>\n<td style=\"text-align: center;\">100<\/td>\n<td style=\"text-align: center;\">100<\/td>\n<td style=\"text-align: center;\">100<\/td>\n<td style=\"text-align: center;\">80<\/td>\n<td style=\"text-align: center;\">80<\/td>\n<td style=\"text-align: center;\">60<\/td>\n<td style=\"text-align: center;\">60<\/td>\n<\/tr>\n<tr style=\"height: 12.75pt;\">\n<td style=\"text-align: center;\" colspan=\"2\">AC-4<\/td>\n<td style=\"text-align: center;\">20<\/td>\n<td style=\"text-align: center;\">20<\/td>\n<td style=\"text-align: center;\">20<\/td>\n<td style=\"text-align: center;\">20<\/td>\n<td style=\"text-align: center;\">20<\/td>\n<td style=\"text-align: center;\">15<\/td>\n<td style=\"text-align: center;\">15<\/td>\n<td style=\"text-align: center;\">15<\/td>\n<\/tr>\n<tr style=\"height: 12.75pt;\">\n<td style=\"height: 12.75pt; text-align: center;\" colspan=\"4\" height=\"17\">N\u00famero dos contatos<\/td>\n<td class=\"et4\" style=\"text-align: center;\" colspan=\"8\">3P+NO+NC<\/td>\n<\/tr>\n<\/tbody>\n<\/table>\n<p>\u00a0<\/p>\n<p><strong>Dimens\u00e3o<\/strong><\/p>\n<p>\u00a0<\/p>\n\n\n<figure class=\"wp-block-image size-full is-resized\"><img fetchpriority=\"high\" decoding=\"async\" src=\"https:\/\/www.tosunlux.eu\/wp-content\/uploads\/2022\/05\/QQ\u622a\u56fe20220512144254.png\" alt=\"\" class=\"wp-image-2584\" width=\"577\" height=\"274\" srcset=\"https:\/\/www.tosunlux.eu\/wp-content\/uploads\/2022\/05\/QQ\u622a\u56fe20220512144254.png 733w, https:\/\/www.tosunlux.eu\/wp-content\/uploads\/2022\/05\/QQ\u622a\u56fe20220512144254-300x142.png 300w\" sizes=\"(max-width: 577px) 100vw, 577px\" \/><\/figure>\n\n\n\n<p><\/p>\n\n\n\n<p><\/p>\n\n\n\n<figure class=\"wp-block-image size-full\"><img decoding=\"async\" width=\"609\" height=\"75\" src=\"https:\/\/www.tosunlux.eu\/wp-content\/uploads\/2022\/05\/QQ\u622a\u56fe20220512144332.png\" alt=\"\" class=\"wp-image-2586\" srcset=\"https:\/\/www.tosunlux.eu\/wp-content\/uploads\/2022\/05\/QQ\u622a\u56fe20220512144332.png 609w, https:\/\/www.tosunlux.eu\/wp-content\/uploads\/2022\/05\/QQ\u622a\u56fe20220512144332-300x37.png 300w\" sizes=\"(max-width: 609px) 100vw, 609px\" \/><\/figure>","protected":false},"parent":0,"template":"","product_category":[35,89],"class_list":["post-2577","product","type-product","status-publish","hentry","product_category-industrial-control-devices","product_category-ac-contactor-accessory"],"yoast_head":"<!-- This site is optimized with the Yoast SEO plugin v27.3 - https:\/\/yoast.com\/product\/yoast-seo-wordpress\/ -->\n<title>WholesaleTSC7-D AC Contactor - TOSUNlux Official Site - Electrical Circuit Breaker Manufacturer in China Low Voltage Electrical Supplier | TOSUNlux<\/title>\n<meta name=\"description\" content=\"TSC7-D AC Contactor Supplier - Wholesale direct from TOSUNlux, a trusted manufacturer since 1994. Get your B2B factory quote on our certified Low Voltage electrical products.\" \/>\n<meta name=\"robots\" content=\"index, follow, max-snippet:-1, max-image-preview:large, max-video-preview:-1\" \/>\n<link rel=\"canonical\" href=\"https:\/\/www.tosunlux.eu\/pt\/products\/tsc7-d-ac-contactor\/\" \/>\n<meta property=\"og:locale\" content=\"pt_BR\" \/>\n<meta property=\"og:type\" content=\"article\" \/>\n<meta property=\"og:title\" content=\"WholesaleTSC7-D AC Contactor - TOSUNlux Official Site - Electrical Circuit Breaker Manufacturer in China Low Voltage Electrical Supplier | TOSUNlux\" \/>\n<meta property=\"og:description\" content=\"TSC7-D AC Contactor Supplier - Wholesale direct from TOSUNlux, a trusted manufacturer since 1994. Get your B2B factory quote on our certified Low Voltage electrical products.\" \/>\n<meta property=\"og:url\" content=\"https:\/\/www.tosunlux.eu\/pt\/products\/tsc7-d-ac-contactor\/\" \/>\n<meta property=\"og:site_name\" content=\"TOSUNlux Official Site - Electrical Circuit Breaker Manufacturer in China\" \/>\n<meta property=\"article:publisher\" content=\"https:\/\/www.facebook.com\/TOSUNelectric\/\" \/>\n<meta property=\"article:modified_time\" content=\"2023-09-13T01:25:04+00:00\" \/>\n<meta property=\"og:image\" content=\"https:\/\/www.tosunlux.eu\/wp-content\/uploads\/2023\/04\/DSC08160_\u526f\u672c.jpg\" \/>\n\t<meta property=\"og:image:width\" content=\"1500\" \/>\n\t<meta property=\"og:image:height\" content=\"940\" \/>\n\t<meta property=\"og:image:type\" content=\"image\/jpeg\" \/>\n<meta name=\"twitter:card\" content=\"summary_large_image\" \/>\n<meta name=\"twitter:label1\" content=\"Est. tempo de leitura\" \/>\n\t<meta name=\"twitter:data1\" content=\"2 minutos\" \/>\n<script type=\"application\/ld+json\" class=\"yoast-schema-graph\">{\"@context\":\"https:\\\/\\\/schema.org\",\"@graph\":[{\"@type\":\"WebPage\",\"@id\":\"https:\\\/\\\/www.tosunlux.eu\\\/tr\\\/products\\\/tsc7-d-ac-contactor\\\/\",\"url\":\"https:\\\/\\\/www.tosunlux.eu\\\/tr\\\/products\\\/tsc7-d-ac-contactor\\\/\",\"name\":\"WholesaleTSC7-D AC Contactor - TOSUNlux Official Site - Electrical Circuit Breaker Manufacturer in China Low Voltage Electrical Supplier | TOSUNlux\",\"isPartOf\":{\"@id\":\"https:\\\/\\\/www.tosunlux.eu\\\/ru\\\/#website\"},\"datePublished\":\"2022-05-12T06:45:26+00:00\",\"dateModified\":\"2023-09-13T01:25:04+00:00\",\"description\":\"TSC7-D AC Contactor Supplier - Wholesale direct from TOSUNlux, a trusted manufacturer since 1994. Get your B2B factory quote on our certified Low Voltage electrical products.\",\"breadcrumb\":{\"@id\":\"https:\\\/\\\/www.tosunlux.eu\\\/tr\\\/products\\\/tsc7-d-ac-contactor\\\/#breadcrumb\"},\"inLanguage\":\"pt-BR\",\"potentialAction\":[{\"@type\":\"ReadAction\",\"target\":[\"https:\\\/\\\/www.tosunlux.eu\\\/tr\\\/products\\\/tsc7-d-ac-contactor\\\/\"]}]},{\"@type\":\"BreadcrumbList\",\"@id\":\"https:\\\/\\\/www.tosunlux.eu\\\/tr\\\/products\\\/tsc7-d-ac-contactor\\\/#breadcrumb\",\"itemListElement\":[{\"@type\":\"ListItem\",\"position\":1,\"name\":\"Home\",\"item\":\"https:\\\/\\\/www.tosunlux.eu\\\/ru\\\/\"},{\"@type\":\"ListItem\",\"position\":2,\"name\":\"Products\",\"item\":\"https:\\\/\\\/www.tosunlux.eu\\\/products\\\/\"},{\"@type\":\"ListItem\",\"position\":3,\"name\":\"TSC7-D AC Contactor\"}]},{\"@type\":\"WebSite\",\"@id\":\"https:\\\/\\\/www.tosunlux.eu\\\/ru\\\/#website\",\"url\":\"https:\\\/\\\/www.tosunlux.eu\\\/ru\\\/\",\"name\":\"TOSUNlux Official Site - Electrical Circuit Breaker Manufacturer in China\",\"description\":\"Power Distribution System Supplier\",\"publisher\":{\"@id\":\"https:\\\/\\\/www.tosunlux.eu\\\/ru\\\/#organization\"},\"alternateName\":\"TOSUNlux\",\"potentialAction\":[{\"@type\":\"SearchAction\",\"target\":{\"@type\":\"EntryPoint\",\"urlTemplate\":\"https:\\\/\\\/www.tosunlux.eu\\\/ru\\\/?s={search_term_string}\"},\"query-input\":{\"@type\":\"PropertyValueSpecification\",\"valueRequired\":true,\"valueName\":\"search_term_string\"}}],\"inLanguage\":\"pt-BR\"},{\"@type\":\"Organization\",\"@id\":\"https:\\\/\\\/www.tosunlux.eu\\\/ru\\\/#organization\",\"name\":\"TOSUNlux\",\"url\":\"https:\\\/\\\/www.tosunlux.eu\\\/ru\\\/\",\"logo\":{\"@type\":\"ImageObject\",\"inLanguage\":\"pt-BR\",\"@id\":\"https:\\\/\\\/www.tosunlux.eu\\\/ru\\\/#\\\/schema\\\/logo\\\/image\\\/\",\"url\":\"https:\\\/\\\/www.tosunlux.eu\\\/wp-content\\\/uploads\\\/2022\\\/01\\\/LOGOSYSM.71762f1.png\",\"contentUrl\":\"https:\\\/\\\/www.tosunlux.eu\\\/wp-content\\\/uploads\\\/2022\\\/01\\\/LOGOSYSM.71762f1.png\",\"width\":153,\"height\":55,\"caption\":\"TOSUNlux\"},\"image\":{\"@id\":\"https:\\\/\\\/www.tosunlux.eu\\\/ru\\\/#\\\/schema\\\/logo\\\/image\\\/\"},\"sameAs\":[\"https:\\\/\\\/www.facebook.com\\\/TOSUNelectric\\\/\",\"https:\\\/\\\/www.linkedin.com\\\/company\\\/wenzhou-tosun-electric-co.-ltd\\\/\"]}]}<\/script>\n<!-- \/ Yoast SEO plugin. -->","yoast_head_json":{"title":"Contator CA TSC7-D por atacado - Site oficial da TOSUNlux - Fabricante de disjuntores el\u00e9tricos na China, fornecedor de energia el\u00e9trica de baixa tens\u00e3o | TOSUNlux","description":"Fornecedor de contator CA TSC7-D - Venda por atacado direto da TOSUNlux, um fabricante confi\u00e1vel desde 1994. Obtenha seu or\u00e7amento de f\u00e1brica B2B para nossos produtos el\u00e9tricos de baixa tens\u00e3o certificados.","robots":{"index":"index","follow":"follow","max-snippet":"max-snippet:-1","max-image-preview":"max-image-preview:large","max-video-preview":"max-video-preview:-1"},"canonical":"https:\/\/www.tosunlux.eu\/pt\/products\/tsc7-d-ac-contactor\/","og_locale":"pt_BR","og_type":"article","og_title":"WholesaleTSC7-D AC Contactor - TOSUNlux Official Site - Electrical Circuit Breaker Manufacturer in China Low Voltage Electrical Supplier | TOSUNlux","og_description":"TSC7-D AC Contactor Supplier - Wholesale direct from TOSUNlux, a trusted manufacturer since 1994. Get your B2B factory quote on our certified Low Voltage electrical products.","og_url":"https:\/\/www.tosunlux.eu\/pt\/products\/tsc7-d-ac-contactor\/","og_site_name":"TOSUNlux Official Site - Electrical Circuit Breaker Manufacturer in China","article_publisher":"https:\/\/www.facebook.com\/TOSUNelectric\/","article_modified_time":"2023-09-13T01:25:04+00:00","og_image":[{"width":1500,"height":940,"url":"https:\/\/www.tosunlux.eu\/wp-content\/uploads\/2023\/04\/DSC08160_\u526f\u672c.jpg","type":"image\/jpeg"}],"twitter_card":"summary_large_image","twitter_misc":{"Est. tempo de leitura":"2 minutos"},"schema":{"@context":"https:\/\/schema.org","@graph":[{"@type":"WebPage","@id":"https:\/\/www.tosunlux.eu\/tr\/products\/tsc7-d-ac-contactor\/","url":"https:\/\/www.tosunlux.eu\/tr\/products\/tsc7-d-ac-contactor\/","name":"Contator CA TSC7-D por atacado - Site oficial da TOSUNlux - Fabricante de disjuntores el\u00e9tricos na China, fornecedor de energia el\u00e9trica de baixa tens\u00e3o | TOSUNlux","isPartOf":{"@id":"https:\/\/www.tosunlux.eu\/ru\/#website"},"datePublished":"2022-05-12T06:45:26+00:00","dateModified":"2023-09-13T01:25:04+00:00","description":"Fornecedor de contator CA TSC7-D - Venda por atacado direto da TOSUNlux, um fabricante confi\u00e1vel desde 1994. Obtenha seu or\u00e7amento de f\u00e1brica B2B para nossos produtos el\u00e9tricos de baixa tens\u00e3o certificados.","breadcrumb":{"@id":"https:\/\/www.tosunlux.eu\/tr\/products\/tsc7-d-ac-contactor\/#breadcrumb"},"inLanguage":"pt-BR","potentialAction":[{"@type":"ReadAction","target":["https:\/\/www.tosunlux.eu\/tr\/products\/tsc7-d-ac-contactor\/"]}]},{"@type":"BreadcrumbList","@id":"https:\/\/www.tosunlux.eu\/tr\/products\/tsc7-d-ac-contactor\/#breadcrumb","itemListElement":[{"@type":"ListItem","position":1,"name":"Home","item":"https:\/\/www.tosunlux.eu\/ru\/"},{"@type":"ListItem","position":2,"name":"Products","item":"https:\/\/www.tosunlux.eu\/products\/"},{"@type":"ListItem","position":3,"name":"TSC7-D AC Contactor"}]},{"@type":"WebSite","@id":"https:\/\/www.tosunlux.eu\/ru\/#website","url":"https:\/\/www.tosunlux.eu\/ru\/","name":"Site Oficial TOSUNlux - Fabricante de Disjuntores El\u00e9tricos na China","description":"Fornecedor de sistema de distribui\u00e7\u00e3o de energia","publisher":{"@id":"https:\/\/www.tosunlux.eu\/ru\/#organization"},"alternateName":"TOSUNlux","potentialAction":[{"@type":"SearchAction","target":{"@type":"EntryPoint","urlTemplate":"https:\/\/www.tosunlux.eu\/ru\/?s={search_term_string}"},"query-input":{"@type":"PropertyValueSpecification","valueRequired":true,"valueName":"search_term_string"}}],"inLanguage":"pt-BR"},{"@type":"Organization","@id":"https:\/\/www.tosunlux.eu\/ru\/#organization","name":"TOSUNlux","url":"https:\/\/www.tosunlux.eu\/ru\/","logo":{"@type":"ImageObject","inLanguage":"pt-BR","@id":"https:\/\/www.tosunlux.eu\/ru\/#\/schema\/logo\/image\/","url":"https:\/\/www.tosunlux.eu\/wp-content\/uploads\/2022\/01\/LOGOSYSM.71762f1.png","contentUrl":"https:\/\/www.tosunlux.eu\/wp-content\/uploads\/2022\/01\/LOGOSYSM.71762f1.png","width":153,"height":55,"caption":"TOSUNlux"},"image":{"@id":"https:\/\/www.tosunlux.eu\/ru\/#\/schema\/logo\/image\/"},"sameAs":["https:\/\/www.facebook.com\/TOSUNelectric\/","https:\/\/www.linkedin.com\/company\/wenzhou-tosun-electric-co.-ltd\/"]}]}},"_links":{"self":[{"href":"https:\/\/www.tosunlux.eu\/pt\/wp-json\/wp\/v2\/product\/2577","targetHints":{"allow":["GET"]}}],"collection":[{"href":"https:\/\/www.tosunlux.eu\/pt\/wp-json\/wp\/v2\/product"}],"about":[{"href":"https:\/\/www.tosunlux.eu\/pt\/wp-json\/wp\/v2\/types\/product"}],"version-history":[{"count":2,"href":"https:\/\/www.tosunlux.eu\/pt\/wp-json\/wp\/v2\/product\/2577\/revisions"}],"predecessor-version":[{"id":8081,"href":"https:\/\/www.tosunlux.eu\/pt\/wp-json\/wp\/v2\/product\/2577\/revisions\/8081"}],"wp:attachment":[{"href":"https:\/\/www.tosunlux.eu\/pt\/wp-json\/wp\/v2\/media?parent=2577"}],"wp:term":[{"taxonomy":"product_category","embeddable":true,"href":"https:\/\/www.tosunlux.eu\/pt\/wp-json\/wp\/v2\/product_category?post=2577"}],"curies":[{"name":"wp","href":"https:\/\/api.w.org\/{rel}","templated":true}]}}