{"id":2591,"date":"2022-05-12T14:56:24","date_gmt":"2022-05-12T06:56:24","guid":{"rendered":"https:\/\/www.tosunlux.eu\/?post_type=product&#038;p=2591"},"modified":"2023-09-14T15:45:55","modified_gmt":"2023-09-14T07:45:55","slug":"sc1-f630-ac-contactor","status":"publish","type":"product","link":"https:\/\/www.tosunlux.eu\/pt\/products\/sc1-f630-ac-contactor\/","title":{"rendered":"Contator CA TSC1-F630"},"content":{"rendered":"<pre class=\"wp-block-verse\"><strong>Aplicativo<\/strong>\n\n\nO contator CA da s\u00e9rie TSC1-F \u00e9 aplic\u00e1vel aos circuitos at\u00e9 a tens\u00e3o nominal 1000V CA 50Hz ou 60Hz, corrente nominal de 115A a 800A, para circuito de interrup\u00e7\u00e3o de longa dist\u00e2ncia e partida ou controle frequente do motor. Tamb\u00e9m pode ser utilizado para o controle de circuitos de distribui\u00e7\u00e3o de corrente nominal de 200A a 1600A.\n\n\n<strong>Especifica\u00e7\u00e3o<\/strong>\n\n\n<\/pre>\n\n\n<table style=\"border-collapse: collapse; width: 713px; height: 257px;\" border=\"0\" width=\"630\" cellspacing=\"0\" cellpadding=\"0\">\n<tbody>\n<tr style=\"height: 12.75pt;\">\n<td style=\"height: 12.75pt; width: 94.5pt; text-align: center;\" colspan=\"2\" width=\"126\" height=\"17\">Modelo<\/td>\n<td style=\"width: 47.25pt; text-align: center;\" width=\"63\">TSC1-F400<\/td>\n<td style=\"width: 94.5pt; text-align: center;\" colspan=\"2\" width=\"126\">TSC1-F500<\/td>\n<td style=\"width: 94.5pt; text-align: center;\" colspan=\"2\" width=\"126\">TSC1-F630<\/td>\n<td style=\"width: 94.5pt; text-align: center;\" colspan=\"2\" width=\"126\">TSC1-F780<\/td>\n<td style=\"width: 47.25pt; text-align: center;\" width=\"63\">TSC1-F800<\/td>\n<\/tr>\n<tr style=\"height: 12.75pt;\">\n<td style=\"height: 12.75pt; text-align: center;\" height=\"17\">opera\u00e7\u00e3o nominal<\/td>\n<td style=\"text-align: center;\">AC-3<\/td>\n<td style=\"text-align: center;\">400<\/td>\n<td style=\"text-align: center;\" colspan=\"2\">500<\/td>\n<td style=\"text-align: center;\" colspan=\"2\">630<\/td>\n<td style=\"text-align: center;\" colspan=\"2\">780<\/td>\n<td style=\"text-align: center;\">800<\/td>\n<\/tr>\n<tr style=\"height: 12.75pt;\">\n<td style=\"height: 12.75pt; text-align: center;\" height=\"17\">corrente(A)<\/td>\n<td style=\"text-align: center;\">AC-1<\/td>\n<td style=\"text-align: center;\">500<\/td>\n<td style=\"text-align: center;\" colspan=\"2\">700<\/td>\n<td style=\"text-align: center;\" colspan=\"2\">1000<\/td>\n<td style=\"text-align: center;\" colspan=\"2\">1600<\/td>\n<td style=\"text-align: center;\">1000<\/td>\n<\/tr>\n<tr style=\"height: 12.75pt;\">\n<td style=\"height: 89.25pt; text-align: center;\" rowspan=\"7\" height=\"119\">Classifica\u00e7\u00f5es de pot\u00eancia padr\u00e3o de motores trif\u00e1sicos AC-3 (KW)<\/td>\n<td style=\"text-align: center;\">220\/230V<\/td>\n<td style=\"text-align: center;\">110<\/td>\n<td style=\"text-align: center;\" colspan=\"2\">147<\/td>\n<td style=\"text-align: center;\" colspan=\"2\">200<\/td>\n<td style=\"text-align: center;\" colspan=\"2\">220<\/td>\n<td style=\"text-align: center;\">220<\/td>\n<\/tr>\n<tr style=\"height: 12.75pt;\">\n<td style=\"text-align: center;\">380\/400V<\/td>\n<td style=\"text-align: center;\">200<\/td>\n<td style=\"text-align: center;\" colspan=\"2\">250<\/td>\n<td style=\"text-align: center;\" colspan=\"2\">335<\/td>\n<td style=\"text-align: center;\" colspan=\"2\">400<\/td>\n<td style=\"text-align: center;\">400<\/td>\n<\/tr>\n<tr style=\"height: 12.75pt;\">\n<td style=\"text-align: center;\">415V<\/td>\n<td style=\"text-align: center;\">200<\/td>\n<td style=\"text-align: center;\" colspan=\"2\">280<\/td>\n<td style=\"text-align: center;\" colspan=\"2\">375<\/td>\n<td style=\"text-align: center;\" colspan=\"2\">425<\/td>\n<td style=\"text-align: center;\">420<\/td>\n<\/tr>\n<tr style=\"height: 12.75pt;\">\n<td style=\"text-align: center;\">440V<\/td>\n<td style=\"text-align: center;\">250<\/td>\n<td style=\"text-align: center;\" colspan=\"2\">295<\/td>\n<td style=\"text-align: center;\" colspan=\"2\">400<\/td>\n<td style=\"text-align: center;\" colspan=\"2\">425<\/td>\n<td style=\"text-align: center;\">420<\/td>\n<\/tr>\n<tr style=\"height: 12.75pt;\">\n<td style=\"text-align: center;\">500V<\/td>\n<td style=\"text-align: center;\">257<\/td>\n<td style=\"text-align: center;\" colspan=\"2\">355<\/td>\n<td style=\"text-align: center;\" colspan=\"2\">400<\/td>\n<td style=\"text-align: center;\" colspan=\"2\">450<\/td>\n<td style=\"text-align: center;\">430<\/td>\n<\/tr>\n<tr style=\"height: 12.75pt;\">\n<td style=\"text-align: center;\">660\/690V<\/td>\n<td style=\"text-align: center;\">280<\/td>\n<td style=\"text-align: center;\" colspan=\"2\">335<\/td>\n<td style=\"text-align: center;\" colspan=\"2\">450<\/td>\n<td style=\"text-align: center;\" colspan=\"2\">475<\/td>\n<td style=\"text-align: center;\">470<\/td>\n<\/tr>\n<tr style=\"height: 12.75pt;\">\n<td style=\"text-align: center;\">1000V<\/td>\n<td style=\"text-align: center;\">185<\/td>\n<td style=\"text-align: center;\" colspan=\"2\">335<\/td>\n<td style=\"text-align: center;\" colspan=\"2\">450<\/td>\n<td style=\"text-align: center;\" colspan=\"2\">450<\/td>\n<td style=\"text-align: center;\">450<\/td>\n<\/tr>\n<\/tbody>\n<\/table>\n\n\n<p>Est\u00e3o dispon\u00edveis 3 p\u00f3los e 4 p\u00f3los.<\/p>","protected":false},"parent":0,"template":"","product_category":[35,89],"class_list":["post-2591","product","type-product","status-publish","hentry","product_category-industrial-control-devices","product_category-ac-contactor-accessory"],"yoast_head":"<!-- This site is optimized with the Yoast SEO plugin v27.5 - https:\/\/yoast.com\/product\/yoast-seo-wordpress\/ -->\n<title>WholesaleTSC1-F630 AC Contactor - TOSUNlux Official Site - Electrical Circuit Breaker Manufacturer in China Low Voltage Electrical Supplier | TOSUNlux<\/title>\n<meta name=\"description\" content=\"TSC1-F630 AC Contactor Supplier - Wholesale direct from TOSUNlux, a trusted manufacturer since 1994. Get your B2B factory quote on our certified Low Voltage electrical products.\" \/>\n<meta name=\"robots\" content=\"index, follow, max-snippet:-1, max-image-preview:large, max-video-preview:-1\" \/>\n<link rel=\"canonical\" href=\"https:\/\/www.tosunlux.eu\/pt\/products\/sc1-f630-ac-contactor\/\" \/>\n<meta property=\"og:locale\" content=\"pt_BR\" \/>\n<meta property=\"og:type\" content=\"article\" \/>\n<meta property=\"og:title\" content=\"WholesaleTSC1-F630 AC Contactor - TOSUNlux Official Site - Electrical Circuit Breaker Manufacturer in China Low Voltage Electrical Supplier | TOSUNlux\" \/>\n<meta property=\"og:description\" content=\"TSC1-F630 AC Contactor Supplier - Wholesale direct from TOSUNlux, a trusted manufacturer since 1994. Get your B2B factory quote on our certified Low Voltage electrical products.\" \/>\n<meta property=\"og:url\" content=\"https:\/\/www.tosunlux.eu\/pt\/products\/sc1-f630-ac-contactor\/\" \/>\n<meta property=\"og:site_name\" content=\"TOSUNlux Official Site - Electrical Circuit Breaker Manufacturer in China\" \/>\n<meta property=\"article:publisher\" content=\"https:\/\/www.facebook.com\/TOSUNelectric\/\" \/>\n<meta property=\"article:modified_time\" content=\"2023-09-14T07:45:55+00:00\" \/>\n<meta property=\"og:image\" content=\"https:\/\/www.tosunlux.eu\/wp-content\/uploads\/2023\/04\/DSC08160_\u526f\u672c.jpg\" \/>\n\t<meta property=\"og:image:width\" content=\"1500\" \/>\n\t<meta property=\"og:image:height\" content=\"940\" \/>\n\t<meta property=\"og:image:type\" content=\"image\/jpeg\" \/>\n<meta name=\"twitter:card\" content=\"summary_large_image\" \/>\n<meta name=\"twitter:label1\" content=\"Est. tempo de leitura\" \/>\n\t<meta name=\"twitter:data1\" content=\"1 minuto\" \/>\n<script type=\"application\/ld+json\" class=\"yoast-schema-graph\">{\"@context\":\"https:\\\/\\\/schema.org\",\"@graph\":[{\"@type\":\"WebPage\",\"@id\":\"https:\\\/\\\/www.tosunlux.eu\\\/id\\\/products\\\/sc1-f630-ac-contactor\\\/\",\"url\":\"https:\\\/\\\/www.tosunlux.eu\\\/id\\\/products\\\/sc1-f630-ac-contactor\\\/\",\"name\":\"WholesaleTSC1-F630 AC Contactor - TOSUNlux Official Site - Electrical Circuit Breaker Manufacturer in China Low Voltage Electrical Supplier | TOSUNlux\",\"isPartOf\":{\"@id\":\"https:\\\/\\\/www.tosunlux.eu\\\/ru\\\/#website\"},\"datePublished\":\"2022-05-12T06:56:24+00:00\",\"dateModified\":\"2023-09-14T07:45:55+00:00\",\"description\":\"TSC1-F630 AC Contactor Supplier - Wholesale direct from TOSUNlux, a trusted manufacturer since 1994. Get your B2B factory quote on our certified Low Voltage electrical products.\",\"breadcrumb\":{\"@id\":\"https:\\\/\\\/www.tosunlux.eu\\\/id\\\/products\\\/sc1-f630-ac-contactor\\\/#breadcrumb\"},\"inLanguage\":\"pt-BR\",\"potentialAction\":[{\"@type\":\"ReadAction\",\"target\":[\"https:\\\/\\\/www.tosunlux.eu\\\/id\\\/products\\\/sc1-f630-ac-contactor\\\/\"]}]},{\"@type\":\"BreadcrumbList\",\"@id\":\"https:\\\/\\\/www.tosunlux.eu\\\/id\\\/products\\\/sc1-f630-ac-contactor\\\/#breadcrumb\",\"itemListElement\":[{\"@type\":\"ListItem\",\"position\":1,\"name\":\"Home\",\"item\":\"https:\\\/\\\/www.tosunlux.eu\\\/ru\\\/\"},{\"@type\":\"ListItem\",\"position\":2,\"name\":\"Products\",\"item\":\"https:\\\/\\\/www.tosunlux.eu\\\/products\\\/\"},{\"@type\":\"ListItem\",\"position\":3,\"name\":\"TSC1-F630 AC Contactor\"}]},{\"@type\":\"WebSite\",\"@id\":\"https:\\\/\\\/www.tosunlux.eu\\\/ru\\\/#website\",\"url\":\"https:\\\/\\\/www.tosunlux.eu\\\/ru\\\/\",\"name\":\"TOSUNlux Official Site - Electrical Circuit Breaker Manufacturer in China\",\"description\":\"Power Distribution System Supplier\",\"publisher\":{\"@id\":\"https:\\\/\\\/www.tosunlux.eu\\\/ru\\\/#organization\"},\"alternateName\":\"TOSUNlux\",\"potentialAction\":[{\"@type\":\"SearchAction\",\"target\":{\"@type\":\"EntryPoint\",\"urlTemplate\":\"https:\\\/\\\/www.tosunlux.eu\\\/ru\\\/?s={search_term_string}\"},\"query-input\":{\"@type\":\"PropertyValueSpecification\",\"valueRequired\":true,\"valueName\":\"search_term_string\"}}],\"inLanguage\":\"pt-BR\"},{\"@type\":\"Organization\",\"@id\":\"https:\\\/\\\/www.tosunlux.eu\\\/ru\\\/#organization\",\"name\":\"TOSUNlux\",\"url\":\"https:\\\/\\\/www.tosunlux.eu\\\/ru\\\/\",\"logo\":{\"@type\":\"ImageObject\",\"inLanguage\":\"pt-BR\",\"@id\":\"https:\\\/\\\/www.tosunlux.eu\\\/ru\\\/#\\\/schema\\\/logo\\\/image\\\/\",\"url\":\"https:\\\/\\\/www.tosunlux.eu\\\/wp-content\\\/uploads\\\/2022\\\/01\\\/LOGOSYSM.71762f1.png\",\"contentUrl\":\"https:\\\/\\\/www.tosunlux.eu\\\/wp-content\\\/uploads\\\/2022\\\/01\\\/LOGOSYSM.71762f1.png\",\"width\":153,\"height\":55,\"caption\":\"TOSUNlux\"},\"image\":{\"@id\":\"https:\\\/\\\/www.tosunlux.eu\\\/ru\\\/#\\\/schema\\\/logo\\\/image\\\/\"},\"sameAs\":[\"https:\\\/\\\/www.facebook.com\\\/TOSUNelectric\\\/\",\"https:\\\/\\\/www.linkedin.com\\\/company\\\/wenzhou-tosun-electric-co.-ltd\\\/\"]}]}<\/script>\n<!-- \/ Yoast SEO plugin. -->","yoast_head_json":{"title":"WholesaleTSC1-F630 AC Contactor - TOSUNlux Official Site - Electrical Circuit Breaker Manufacturer in China Low Voltage Electrical Supplier | TOSUNlux","description":"TSC1-F630 AC Contactor Supplier - Wholesale direct from TOSUNlux, a trusted manufacturer since 1994. Get your B2B factory quote on our certified Low Voltage electrical products.","robots":{"index":"index","follow":"follow","max-snippet":"max-snippet:-1","max-image-preview":"max-image-preview:large","max-video-preview":"max-video-preview:-1"},"canonical":"https:\/\/www.tosunlux.eu\/pt\/products\/sc1-f630-ac-contactor\/","og_locale":"pt_BR","og_type":"article","og_title":"WholesaleTSC1-F630 AC Contactor - TOSUNlux Official Site - Electrical Circuit Breaker Manufacturer in China Low Voltage Electrical Supplier | TOSUNlux","og_description":"TSC1-F630 AC Contactor Supplier - Wholesale direct from TOSUNlux, a trusted manufacturer since 1994. Get your B2B factory quote on our certified Low Voltage electrical products.","og_url":"https:\/\/www.tosunlux.eu\/pt\/products\/sc1-f630-ac-contactor\/","og_site_name":"TOSUNlux Official Site - Electrical Circuit Breaker Manufacturer in China","article_publisher":"https:\/\/www.facebook.com\/TOSUNelectric\/","article_modified_time":"2023-09-14T07:45:55+00:00","og_image":[{"width":1500,"height":940,"url":"https:\/\/www.tosunlux.eu\/wp-content\/uploads\/2023\/04\/DSC08160_\u526f\u672c.jpg","type":"image\/jpeg"}],"twitter_card":"summary_large_image","twitter_misc":{"Est. tempo de leitura":"1 minuto"},"schema":{"@context":"https:\/\/schema.org","@graph":[{"@type":"WebPage","@id":"https:\/\/www.tosunlux.eu\/id\/products\/sc1-f630-ac-contactor\/","url":"https:\/\/www.tosunlux.eu\/id\/products\/sc1-f630-ac-contactor\/","name":"WholesaleTSC1-F630 AC Contactor - TOSUNlux Official Site - Electrical Circuit Breaker Manufacturer in China Low Voltage Electrical Supplier | TOSUNlux","isPartOf":{"@id":"https:\/\/www.tosunlux.eu\/ru\/#website"},"datePublished":"2022-05-12T06:56:24+00:00","dateModified":"2023-09-14T07:45:55+00:00","description":"TSC1-F630 AC Contactor Supplier - Wholesale direct from TOSUNlux, a trusted manufacturer since 1994. Get your B2B factory quote on our certified Low Voltage electrical products.","breadcrumb":{"@id":"https:\/\/www.tosunlux.eu\/id\/products\/sc1-f630-ac-contactor\/#breadcrumb"},"inLanguage":"pt-BR","potentialAction":[{"@type":"ReadAction","target":["https:\/\/www.tosunlux.eu\/id\/products\/sc1-f630-ac-contactor\/"]}]},{"@type":"BreadcrumbList","@id":"https:\/\/www.tosunlux.eu\/id\/products\/sc1-f630-ac-contactor\/#breadcrumb","itemListElement":[{"@type":"ListItem","position":1,"name":"Home","item":"https:\/\/www.tosunlux.eu\/ru\/"},{"@type":"ListItem","position":2,"name":"Products","item":"https:\/\/www.tosunlux.eu\/products\/"},{"@type":"ListItem","position":3,"name":"TSC1-F630 AC Contactor"}]},{"@type":"WebSite","@id":"https:\/\/www.tosunlux.eu\/ru\/#website","url":"https:\/\/www.tosunlux.eu\/ru\/","name":"Site Oficial TOSUNlux - Fabricante de Disjuntores El\u00e9tricos na China","description":"Fornecedor de sistema de distribui\u00e7\u00e3o de energia","publisher":{"@id":"https:\/\/www.tosunlux.eu\/ru\/#organization"},"alternateName":"TOSUNlux","potentialAction":[{"@type":"SearchAction","target":{"@type":"EntryPoint","urlTemplate":"https:\/\/www.tosunlux.eu\/ru\/?s={search_term_string}"},"query-input":{"@type":"PropertyValueSpecification","valueRequired":true,"valueName":"search_term_string"}}],"inLanguage":"pt-BR"},{"@type":"Organization","@id":"https:\/\/www.tosunlux.eu\/ru\/#organization","name":"TOSUNlux","url":"https:\/\/www.tosunlux.eu\/ru\/","logo":{"@type":"ImageObject","inLanguage":"pt-BR","@id":"https:\/\/www.tosunlux.eu\/ru\/#\/schema\/logo\/image\/","url":"https:\/\/www.tosunlux.eu\/wp-content\/uploads\/2022\/01\/LOGOSYSM.71762f1.png","contentUrl":"https:\/\/www.tosunlux.eu\/wp-content\/uploads\/2022\/01\/LOGOSYSM.71762f1.png","width":153,"height":55,"caption":"TOSUNlux"},"image":{"@id":"https:\/\/www.tosunlux.eu\/ru\/#\/schema\/logo\/image\/"},"sameAs":["https:\/\/www.facebook.com\/TOSUNelectric\/","https:\/\/www.linkedin.com\/company\/wenzhou-tosun-electric-co.-ltd\/"]}]}},"_links":{"self":[{"href":"https:\/\/www.tosunlux.eu\/pt\/wp-json\/wp\/v2\/product\/2591","targetHints":{"allow":["GET"]}}],"collection":[{"href":"https:\/\/www.tosunlux.eu\/pt\/wp-json\/wp\/v2\/product"}],"about":[{"href":"https:\/\/www.tosunlux.eu\/pt\/wp-json\/wp\/v2\/types\/product"}],"version-history":[{"count":1,"href":"https:\/\/www.tosunlux.eu\/pt\/wp-json\/wp\/v2\/product\/2591\/revisions"}],"predecessor-version":[{"id":8088,"href":"https:\/\/www.tosunlux.eu\/pt\/wp-json\/wp\/v2\/product\/2591\/revisions\/8088"}],"wp:attachment":[{"href":"https:\/\/www.tosunlux.eu\/pt\/wp-json\/wp\/v2\/media?parent=2591"}],"wp:term":[{"taxonomy":"product_category","embeddable":true,"href":"https:\/\/www.tosunlux.eu\/pt\/wp-json\/wp\/v2\/product_category?post=2591"}],"curies":[{"name":"wp","href":"https:\/\/api.w.org\/{rel}","templated":true}]}}