{"id":2732,"date":"2022-05-13T17:23:39","date_gmt":"2022-05-13T09:23:39","guid":{"rendered":"https:\/\/www.tosunlux.eu\/?post_type=product&#038;p=2732"},"modified":"2022-05-13T18:01:49","modified_gmt":"2022-05-13T10:01:49","slug":"tsn2-63l-residual-current-operated-circuit-breaker-rcbo","status":"publish","type":"product","link":"https:\/\/www.tosunlux.eu\/pt\/products\/tsn2-63l-residual-current-operated-circuit-breaker-rcbo\/","title":{"rendered":"TSN2-63L Disjuntor Operado por Corrente Residual (RCBO)"},"content":{"rendered":"<p><strong>Aplicativo<\/strong><\/p>\n\n\n\n<p>TSN2-63L RCBO \u00e9 usado no circuito monof\u00e1sico de AC 50\/60Hz, tens\u00e3o nominal 240V, como prote\u00e7\u00e3o contra choque de el\u00e9trons. Pode proteger o circuito de sobrecarga e curto-circuito. Este produto tem vantagens de pequeno volume, alta capacidade de interrup\u00e7\u00e3o, corta o fio ao vivo e zero ao mesmo tempo. Ele tamb\u00e9m protege a pessoa contra choque el\u00e9trico quando o fio energizado \u00e9 conectado do lado oposto. Os produtos cumprem com os padr\u00f5es de IEC61009.<\/p>\n\n\n\n<p>Ambos os RCCBs e RCBOs s\u00e3o divididos em tipos dependendo das fun\u00e7\u00f5es operacionais:<br>Tipo AC: Para o qual o disparo \u00e9 garantido para correntes alternadas senoidais residuais. Se de repente aplicado ou subindo lentamente aconteceu.<br>Tipo A: Para o qual o trip \u00e9 garantido para correntes alternadas senoidais residuais e correntes cont\u00ednuas pulsantes residuais. Se de repente aplicado ou subindo lentamente aconteceu.<\/p>\n\n\n\n<p><strong>Especifica\u00e7\u00e3o<\/strong><\/p>\n\n\n<table style=\"border-collapse: collapse; width: 546.02pt;\" border=\"0\" width=\"728\" cellspacing=\"0\" cellpadding=\"0\">\n<tbody>\n<tr style=\"height: 34.00pt;\">\n<td class=\"et2\" style=\"height: 34.00pt; width: 279.75pt;\" width=\"373\" height=\"45\">Modelo<\/td>\n<td class=\"et3\" style=\"width: 266.85pt;\" width=\"355\">TSN2-63L<\/td>\n<\/tr>\n<tr style=\"height: 34.00pt;\">\n<td class=\"et2\" style=\"height: 34.00pt; width: 279.75pt;\" width=\"373\" height=\"45\">N\u00famero de postes<\/td>\n<td class=\"et3\" style=\"width: 266.85pt;\" width=\"355\">1 P+N<\/td>\n<\/tr>\n<tr style=\"height: 33.00pt;\">\n<td class=\"et2\" style=\"height: 33.00pt; width: 279.75pt;\" width=\"373\" height=\"44\">Corrente nominal (A)<\/td>\n<td class=\"et3\" style=\"width: 266.85pt;\" width=\"355\">6,10,16,20,25,32,40, 50,63<\/td>\n<\/tr>\n<tr style=\"height: 33.00pt;\">\n<td class=\"et2\" style=\"height: 33.00pt; width: 279.75pt;\" width=\"373\" height=\"44\">Corrente operacional residual nominal (I\u25b3n)(mA)<\/td>\n<td class=\"et3\" style=\"width: 266.85pt;\" width=\"355\">30<\/td>\n<\/tr>\n<tr style=\"height: 34.00pt;\">\n<td class=\"et2\" style=\"height: 34.00pt; width: 279.75pt;\" width=\"373\" height=\"45\">Corrente residual nominal de n\u00e3o opera\u00e7\u00e3o (l\u25b3no)(mA)<\/td>\n<td class=\"et3\" style=\"width: 266.85pt;\" width=\"355\">15<\/td>\n<\/tr>\n<tr style=\"height: 33.00pt;\">\n<td class=\"et2\" style=\"height: 33.00pt; width: 279.75pt;\" width=\"373\" height=\"44\">Tipo<\/td>\n<td class=\"et3\" style=\"width: 266.85pt;\" width=\"355\">CA <img decoding=\"async\" class=\"alignnone size-full wp-image-2733\" src=\"https:\/\/www.tosunlux.eu\/wp-content\/uploads\/2022\/05\/AC.jpg\" alt=\"\" width=\"48\" height=\"21\" \/>, A <img decoding=\"async\" class=\"alignnone size-full wp-image-2734\" src=\"https:\/\/www.tosunlux.eu\/wp-content\/uploads\/2022\/05\/A.jpg\" alt=\"\" width=\"48\" height=\"21\" \/><\/td>\n<\/tr>\n<tr style=\"height: 34.00pt;\">\n<td class=\"et2\" style=\"height: 34.00pt; width: 279.75pt;\" width=\"373\" height=\"45\">Tens\u00e3o nominal (V)<\/td>\n<td class=\"et3\" style=\"width: 266.85pt;\" width=\"355\">240<\/td>\n<\/tr>\n<tr style=\"height: 32.00pt;\">\n<td class=\"et2\" style=\"height: 32.00pt; width: 279.75pt;\" width=\"373\" height=\"42\">Corrente Residual Off-time (S)<\/td>\n<td class=\"et3\" style=\"width: 266.85pt;\" width=\"355\">\u22640,1<\/td>\n<\/tr>\n<tr style=\"height: 34.00pt;\">\n<td class=\"et2\" style=\"height: 34.00pt; width: 279.75pt;\" width=\"373\" height=\"45\">Capacidade de curto-circuito (Icu) (A)<\/td>\n<td class=\"et3\" style=\"width: 266.85pt;\" width=\"355\">6000<\/td>\n<\/tr>\n<tr style=\"height: 33.00pt;\">\n<td class=\"et2\" style=\"height: 33.00pt; width: 279.75pt;\" width=\"373\" height=\"44\">Caracter\u00edstica<\/td>\n<td class=\"et3\" style=\"width: 266.85pt;\" width=\"355\">B, C<\/td>\n<\/tr>\n<tr style=\"height: 34.00pt;\">\n<td class=\"et2\" style=\"height: 34.00pt; width: 279.75pt;\" width=\"373\" height=\"45\">Grau de prote\u00e7\u00e3o<\/td>\n<td class=\"et3\" style=\"width: 266.85pt;\" width=\"355\">IP20<\/td>\n<\/tr>\n<tr style=\"height: 26.00pt;\">\n<td class=\"et2\" style=\"height: 26.00pt; width: 279.75pt;\" width=\"373\" height=\"34\">Fia\u00e7\u00e3o Superior<\/td>\n<td class=\"et3\" style=\"width: 266.85pt;\" width=\"355\"><img decoding=\"async\" class=\"alignnone  wp-image-2735\" src=\"https:\/\/www.tosunlux.eu\/wp-content\/uploads\/2022\/05\/1-16.jpg\" alt=\"\" width=\"55\" height=\"57\" \/> 1-25mm\u00b2\u00a0 <img loading=\"lazy\" decoding=\"async\" class=\"alignnone  wp-image-2747\" src=\"https:\/\/www.tosunlux.eu\/wp-content\/uploads\/2022\/05\/\u6c47\u6d41\u6392-3.jpg\" alt=\"\" width=\"175\" height=\"22\" \/><\/td>\n<\/tr>\n<\/tbody>\n<\/table>\n\n\n<p><strong>Dimens\u00f5es<\/strong><\/p>\n\n\n\n<figure class=\"wp-block-image size-full\"><img loading=\"lazy\" decoding=\"async\" width=\"936\" height=\"500\" src=\"https:\/\/www.tosunlux.eu\/wp-content\/uploads\/2022\/05\/\u5c3a\u5bf8-1.jpg\" alt=\"\" class=\"wp-image-2737\" srcset=\"https:\/\/www.tosunlux.eu\/wp-content\/uploads\/2022\/05\/\u5c3a\u5bf8-1.jpg 936w, https:\/\/www.tosunlux.eu\/wp-content\/uploads\/2022\/05\/\u5c3a\u5bf8-1-300x160.jpg 300w, https:\/\/www.tosunlux.eu\/wp-content\/uploads\/2022\/05\/\u5c3a\u5bf8-1-768x410.jpg 768w\" sizes=\"(max-width: 936px) 100vw, 936px\" \/><\/figure>","protected":false},"parent":0,"template":"","product_category":[78],"class_list":["post-2732","product","type-product","status-publish","hentry","product_category-rcbo"],"yoast_head":"<!-- This site is optimized with the Yoast SEO plugin v27.4 - https:\/\/yoast.com\/product\/yoast-seo-wordpress\/ -->\n<title>WholesaleTSN2-63L Residual Current Operated Circuit Breaker (RCBO) - TOSUNlux Official Site - Electrical Circuit Breaker Manufacturer in China Low Voltage Electrical Supplier | TOSUNlux<\/title>\n<meta name=\"description\" content=\"TSN2-63L Residual Current Operated Circuit Breaker (RCBO) Supplier - Wholesale direct from TOSUNlux, a trusted manufacturer since 1994. Get your B2B factory quote on our certified Low Voltage electrical products.\" \/>\n<meta name=\"robots\" content=\"index, follow, max-snippet:-1, max-image-preview:large, max-video-preview:-1\" \/>\n<link rel=\"canonical\" href=\"https:\/\/www.tosunlux.eu\/pt\/products\/tsn2-63l-residual-current-operated-circuit-breaker-rcbo\/\" \/>\n<meta property=\"og:locale\" content=\"pt_BR\" \/>\n<meta property=\"og:type\" content=\"article\" \/>\n<meta property=\"og:title\" content=\"WholesaleTSN2-63L Residual Current Operated Circuit Breaker (RCBO) - TOSUNlux Official Site - Electrical Circuit Breaker Manufacturer in China Low Voltage Electrical Supplier | TOSUNlux\" \/>\n<meta property=\"og:description\" content=\"TSN2-63L Residual Current Operated Circuit Breaker (RCBO) Supplier - Wholesale direct from TOSUNlux, a trusted manufacturer since 1994. Get your B2B factory quote on our certified Low Voltage electrical products.\" \/>\n<meta property=\"og:url\" content=\"https:\/\/www.tosunlux.eu\/pt\/products\/tsn2-63l-residual-current-operated-circuit-breaker-rcbo\/\" \/>\n<meta property=\"og:site_name\" content=\"TOSUNlux Official Site - Electrical Circuit Breaker Manufacturer in China\" \/>\n<meta property=\"article:publisher\" content=\"https:\/\/www.facebook.com\/TOSUNelectric\/\" \/>\n<meta property=\"article:modified_time\" content=\"2022-05-13T10:01:49+00:00\" \/>\n<meta property=\"og:image\" content=\"https:\/\/www.tosunlux.eu\/wp-content\/uploads\/2022\/05\/AC.jpg\" \/>\n<meta name=\"twitter:card\" content=\"summary_large_image\" \/>\n<meta name=\"twitter:label1\" content=\"Est. tempo de leitura\" \/>\n\t<meta name=\"twitter:data1\" content=\"2 minutos\" \/>\n<script type=\"application\/ld+json\" class=\"yoast-schema-graph\">{\"@context\":\"https:\\\/\\\/schema.org\",\"@graph\":[{\"@type\":\"WebPage\",\"@id\":\"https:\\\/\\\/www.tosunlux.eu\\\/products\\\/tsn2-63l-residual-current-operated-circuit-breaker-rcbo\\\/\",\"url\":\"https:\\\/\\\/www.tosunlux.eu\\\/products\\\/tsn2-63l-residual-current-operated-circuit-breaker-rcbo\\\/\",\"name\":\"WholesaleTSN2-63L Residual Current Operated Circuit Breaker (RCBO) - TOSUNlux Official Site - Electrical Circuit Breaker Manufacturer in China Low Voltage Electrical Supplier | TOSUNlux\",\"isPartOf\":{\"@id\":\"https:\\\/\\\/www.tosunlux.eu\\\/ru\\\/#website\"},\"primaryImageOfPage\":{\"@id\":\"https:\\\/\\\/www.tosunlux.eu\\\/products\\\/tsn2-63l-residual-current-operated-circuit-breaker-rcbo\\\/#primaryimage\"},\"image\":{\"@id\":\"https:\\\/\\\/www.tosunlux.eu\\\/products\\\/tsn2-63l-residual-current-operated-circuit-breaker-rcbo\\\/#primaryimage\"},\"thumbnailUrl\":\"https:\\\/\\\/www.tosunlux.eu\\\/wp-content\\\/uploads\\\/2022\\\/05\\\/AC.jpg\",\"datePublished\":\"2022-05-13T09:23:39+00:00\",\"dateModified\":\"2022-05-13T10:01:49+00:00\",\"description\":\"TSN2-63L Residual Current Operated Circuit Breaker (RCBO) Supplier - Wholesale direct from TOSUNlux, a trusted manufacturer since 1994. Get your B2B factory quote on our certified Low Voltage electrical products.\",\"breadcrumb\":{\"@id\":\"https:\\\/\\\/www.tosunlux.eu\\\/products\\\/tsn2-63l-residual-current-operated-circuit-breaker-rcbo\\\/#breadcrumb\"},\"inLanguage\":\"pt-BR\",\"potentialAction\":[{\"@type\":\"ReadAction\",\"target\":[\"https:\\\/\\\/www.tosunlux.eu\\\/products\\\/tsn2-63l-residual-current-operated-circuit-breaker-rcbo\\\/\"]}]},{\"@type\":\"ImageObject\",\"inLanguage\":\"pt-BR\",\"@id\":\"https:\\\/\\\/www.tosunlux.eu\\\/products\\\/tsn2-63l-residual-current-operated-circuit-breaker-rcbo\\\/#primaryimage\",\"url\":\"https:\\\/\\\/www.tosunlux.eu\\\/wp-content\\\/uploads\\\/2022\\\/05\\\/AC.jpg\",\"contentUrl\":\"https:\\\/\\\/www.tosunlux.eu\\\/wp-content\\\/uploads\\\/2022\\\/05\\\/AC.jpg\"},{\"@type\":\"BreadcrumbList\",\"@id\":\"https:\\\/\\\/www.tosunlux.eu\\\/products\\\/tsn2-63l-residual-current-operated-circuit-breaker-rcbo\\\/#breadcrumb\",\"itemListElement\":[{\"@type\":\"ListItem\",\"position\":1,\"name\":\"Home\",\"item\":\"https:\\\/\\\/www.tosunlux.eu\\\/ru\\\/\"},{\"@type\":\"ListItem\",\"position\":2,\"name\":\"Products\",\"item\":\"https:\\\/\\\/www.tosunlux.eu\\\/products\\\/\"},{\"@type\":\"ListItem\",\"position\":3,\"name\":\"TSN2-63L Residual Current Operated Circuit Breaker (RCBO)\"}]},{\"@type\":\"WebSite\",\"@id\":\"https:\\\/\\\/www.tosunlux.eu\\\/ru\\\/#website\",\"url\":\"https:\\\/\\\/www.tosunlux.eu\\\/ru\\\/\",\"name\":\"TOSUNlux Official Site - Electrical Circuit Breaker Manufacturer in China\",\"description\":\"Power Distribution System Supplier\",\"publisher\":{\"@id\":\"https:\\\/\\\/www.tosunlux.eu\\\/ru\\\/#organization\"},\"alternateName\":\"TOSUNlux\",\"potentialAction\":[{\"@type\":\"SearchAction\",\"target\":{\"@type\":\"EntryPoint\",\"urlTemplate\":\"https:\\\/\\\/www.tosunlux.eu\\\/ru\\\/?s={search_term_string}\"},\"query-input\":{\"@type\":\"PropertyValueSpecification\",\"valueRequired\":true,\"valueName\":\"search_term_string\"}}],\"inLanguage\":\"pt-BR\"},{\"@type\":\"Organization\",\"@id\":\"https:\\\/\\\/www.tosunlux.eu\\\/ru\\\/#organization\",\"name\":\"TOSUNlux\",\"url\":\"https:\\\/\\\/www.tosunlux.eu\\\/ru\\\/\",\"logo\":{\"@type\":\"ImageObject\",\"inLanguage\":\"pt-BR\",\"@id\":\"https:\\\/\\\/www.tosunlux.eu\\\/ru\\\/#\\\/schema\\\/logo\\\/image\\\/\",\"url\":\"https:\\\/\\\/www.tosunlux.eu\\\/wp-content\\\/uploads\\\/2022\\\/01\\\/LOGOSYSM.71762f1.png\",\"contentUrl\":\"https:\\\/\\\/www.tosunlux.eu\\\/wp-content\\\/uploads\\\/2022\\\/01\\\/LOGOSYSM.71762f1.png\",\"width\":153,\"height\":55,\"caption\":\"TOSUNlux\"},\"image\":{\"@id\":\"https:\\\/\\\/www.tosunlux.eu\\\/ru\\\/#\\\/schema\\\/logo\\\/image\\\/\"},\"sameAs\":[\"https:\\\/\\\/www.facebook.com\\\/TOSUNelectric\\\/\",\"https:\\\/\\\/www.linkedin.com\\\/company\\\/wenzhou-tosun-electric-co.-ltd\\\/\"]}]}<\/script>\n<!-- \/ Yoast SEO plugin. -->","yoast_head_json":{"title":"WholesaleTSN2-63L Residual Current Operated Circuit Breaker (RCBO) - TOSUNlux Official Site - Electrical Circuit Breaker Manufacturer in China Low Voltage Electrical Supplier | TOSUNlux","description":"TSN2-63L Residual Current Operated Circuit Breaker (RCBO) Supplier - Wholesale direct from TOSUNlux, a trusted manufacturer since 1994. Get your B2B factory quote on our certified Low Voltage electrical products.","robots":{"index":"index","follow":"follow","max-snippet":"max-snippet:-1","max-image-preview":"max-image-preview:large","max-video-preview":"max-video-preview:-1"},"canonical":"https:\/\/www.tosunlux.eu\/pt\/products\/tsn2-63l-residual-current-operated-circuit-breaker-rcbo\/","og_locale":"pt_BR","og_type":"article","og_title":"WholesaleTSN2-63L Residual Current Operated Circuit Breaker (RCBO) - TOSUNlux Official Site - Electrical Circuit Breaker Manufacturer in China Low Voltage Electrical Supplier | TOSUNlux","og_description":"TSN2-63L Residual Current Operated Circuit Breaker (RCBO) Supplier - Wholesale direct from TOSUNlux, a trusted manufacturer since 1994. Get your B2B factory quote on our certified Low Voltage electrical products.","og_url":"https:\/\/www.tosunlux.eu\/pt\/products\/tsn2-63l-residual-current-operated-circuit-breaker-rcbo\/","og_site_name":"TOSUNlux Official Site - Electrical Circuit Breaker Manufacturer in China","article_publisher":"https:\/\/www.facebook.com\/TOSUNelectric\/","article_modified_time":"2022-05-13T10:01:49+00:00","og_image":[{"url":"https:\/\/www.tosunlux.eu\/wp-content\/uploads\/2022\/05\/AC.jpg","type":"","width":"","height":""}],"twitter_card":"summary_large_image","twitter_misc":{"Est. tempo de leitura":"2 minutos"},"schema":{"@context":"https:\/\/schema.org","@graph":[{"@type":"WebPage","@id":"https:\/\/www.tosunlux.eu\/products\/tsn2-63l-residual-current-operated-circuit-breaker-rcbo\/","url":"https:\/\/www.tosunlux.eu\/products\/tsn2-63l-residual-current-operated-circuit-breaker-rcbo\/","name":"WholesaleTSN2-63L Residual Current Operated Circuit Breaker (RCBO) - TOSUNlux Official Site - Electrical Circuit Breaker Manufacturer in China Low Voltage Electrical Supplier | TOSUNlux","isPartOf":{"@id":"https:\/\/www.tosunlux.eu\/ru\/#website"},"primaryImageOfPage":{"@id":"https:\/\/www.tosunlux.eu\/products\/tsn2-63l-residual-current-operated-circuit-breaker-rcbo\/#primaryimage"},"image":{"@id":"https:\/\/www.tosunlux.eu\/products\/tsn2-63l-residual-current-operated-circuit-breaker-rcbo\/#primaryimage"},"thumbnailUrl":"https:\/\/www.tosunlux.eu\/wp-content\/uploads\/2022\/05\/AC.jpg","datePublished":"2022-05-13T09:23:39+00:00","dateModified":"2022-05-13T10:01:49+00:00","description":"TSN2-63L Residual Current Operated Circuit Breaker (RCBO) Supplier - Wholesale direct from TOSUNlux, a trusted manufacturer since 1994. Get your B2B factory quote on our certified Low Voltage electrical products.","breadcrumb":{"@id":"https:\/\/www.tosunlux.eu\/products\/tsn2-63l-residual-current-operated-circuit-breaker-rcbo\/#breadcrumb"},"inLanguage":"pt-BR","potentialAction":[{"@type":"ReadAction","target":["https:\/\/www.tosunlux.eu\/products\/tsn2-63l-residual-current-operated-circuit-breaker-rcbo\/"]}]},{"@type":"ImageObject","inLanguage":"pt-BR","@id":"https:\/\/www.tosunlux.eu\/products\/tsn2-63l-residual-current-operated-circuit-breaker-rcbo\/#primaryimage","url":"https:\/\/www.tosunlux.eu\/wp-content\/uploads\/2022\/05\/AC.jpg","contentUrl":"https:\/\/www.tosunlux.eu\/wp-content\/uploads\/2022\/05\/AC.jpg"},{"@type":"BreadcrumbList","@id":"https:\/\/www.tosunlux.eu\/products\/tsn2-63l-residual-current-operated-circuit-breaker-rcbo\/#breadcrumb","itemListElement":[{"@type":"ListItem","position":1,"name":"Home","item":"https:\/\/www.tosunlux.eu\/ru\/"},{"@type":"ListItem","position":2,"name":"Products","item":"https:\/\/www.tosunlux.eu\/products\/"},{"@type":"ListItem","position":3,"name":"TSN2-63L Residual Current Operated Circuit Breaker (RCBO)"}]},{"@type":"WebSite","@id":"https:\/\/www.tosunlux.eu\/ru\/#website","url":"https:\/\/www.tosunlux.eu\/ru\/","name":"Site Oficial TOSUNlux - Fabricante de Disjuntores El\u00e9tricos na China","description":"Fornecedor de sistema de distribui\u00e7\u00e3o de energia","publisher":{"@id":"https:\/\/www.tosunlux.eu\/ru\/#organization"},"alternateName":"TOSUNlux","potentialAction":[{"@type":"SearchAction","target":{"@type":"EntryPoint","urlTemplate":"https:\/\/www.tosunlux.eu\/ru\/?s={search_term_string}"},"query-input":{"@type":"PropertyValueSpecification","valueRequired":true,"valueName":"search_term_string"}}],"inLanguage":"pt-BR"},{"@type":"Organization","@id":"https:\/\/www.tosunlux.eu\/ru\/#organization","name":"TOSUNlux","url":"https:\/\/www.tosunlux.eu\/ru\/","logo":{"@type":"ImageObject","inLanguage":"pt-BR","@id":"https:\/\/www.tosunlux.eu\/ru\/#\/schema\/logo\/image\/","url":"https:\/\/www.tosunlux.eu\/wp-content\/uploads\/2022\/01\/LOGOSYSM.71762f1.png","contentUrl":"https:\/\/www.tosunlux.eu\/wp-content\/uploads\/2022\/01\/LOGOSYSM.71762f1.png","width":153,"height":55,"caption":"TOSUNlux"},"image":{"@id":"https:\/\/www.tosunlux.eu\/ru\/#\/schema\/logo\/image\/"},"sameAs":["https:\/\/www.facebook.com\/TOSUNelectric\/","https:\/\/www.linkedin.com\/company\/wenzhou-tosun-electric-co.-ltd\/"]}]}},"_links":{"self":[{"href":"https:\/\/www.tosunlux.eu\/pt\/wp-json\/wp\/v2\/product\/2732","targetHints":{"allow":["GET"]}}],"collection":[{"href":"https:\/\/www.tosunlux.eu\/pt\/wp-json\/wp\/v2\/product"}],"about":[{"href":"https:\/\/www.tosunlux.eu\/pt\/wp-json\/wp\/v2\/types\/product"}],"version-history":[{"count":0,"href":"https:\/\/www.tosunlux.eu\/pt\/wp-json\/wp\/v2\/product\/2732\/revisions"}],"wp:attachment":[{"href":"https:\/\/www.tosunlux.eu\/pt\/wp-json\/wp\/v2\/media?parent=2732"}],"wp:term":[{"taxonomy":"product_category","embeddable":true,"href":"https:\/\/www.tosunlux.eu\/pt\/wp-json\/wp\/v2\/product_category?post=2732"}],"curies":[{"name":"wp","href":"https:\/\/api.w.org\/{rel}","templated":true}]}}