{"id":3068,"date":"2022-05-16T17:28:26","date_gmt":"2022-05-16T09:28:26","guid":{"rendered":"https:\/\/www.tosunlux.eu\/?post_type=product&#038;p=3068"},"modified":"2022-05-16T17:28:41","modified_gmt":"2022-05-16T09:28:41","slug":"thermohygrostat","status":"publish","type":"product","link":"https:\/\/www.tosunlux.eu\/pt\/products\/thermohygrostat\/","title":{"rendered":"Termohigrostato"},"content":{"rendered":"<p>A<strong>aplica\u00e7\u00e3o<\/strong><\/p>\n\n\n\n<p>KTSMF012: controlador de umidade + controlador de temperatura (refrigera\u00e7\u00e3o)<\/p>\n\n\n\n<p>KTOMF012: controlador de umidade + controlador de temperatura (aquecimento)<\/p>\n\n\n\n<p>Controle de umidade: Se a umidade relativa ultrapassar o valor definido no dial de umidade, o circuito el\u00e9trico \u00e9 cortado.<br>A diferen\u00e7a de retorno \u00e9 5-10%RH.<\/p>\n\n\n\n<p>Controle de temperatura: Se a temperatura ambiente subir acima do valor definido no dial de temperatura, o circuito el\u00e9trico \u00e9 cortado, uma toler\u00e2ncia de 1-3 \u2103 \u00e9 permitida.<\/p>\n\n\n\n<p><strong>Especifica\u00e7\u00e3o<\/strong><\/p>\n\n\n<table style=\"border-collapse: collapse; width: 483.77pt;\" border=\"0\" width=\"645\" cellspacing=\"0\" cellpadding=\"0\">\n<tbody>\n<tr style=\"height: 20.00pt;\">\n<td class=\"et2\" style=\"height: 20.00pt; width: 232.70pt;\" width=\"310\" height=\"26\">Poder<\/td>\n<td class=\"et2\" style=\"width: 251.70pt;\" width=\"335\">AC220V<\/td>\n<\/tr>\n<tr style=\"height: 19.00pt;\">\n<td class=\"et2\" style=\"height: 19.00pt; width: 232.70pt;\" width=\"310\" height=\"25\">Atual<\/td>\n<td class=\"et2\" style=\"width: 251.70pt;\" width=\"335\">Max 46mA<\/td>\n<\/tr>\n<tr style=\"height: 37.00pt;\">\n<td class=\"et2\" style=\"height: 37.00pt; width: 232.70pt;\" width=\"310\" height=\"49\">Condi\u00e7\u00f5es de funcionamento<\/td>\n<td class=\"et2\" style=\"width: 251.70pt;\" width=\"335\">Temperatura: -10 a 50\u2103; Umidade: 40-90% RH<\/td>\n<\/tr>\n<tr style=\"height: 38.00pt;\">\n<td class=\"et2\" style=\"height: 38.00pt; width: 232.70pt;\" width=\"310\" height=\"50\">Condi\u00e7\u00f5es de armazenamento<\/td>\n<td class=\"et2\" style=\"width: 251.70pt;\" width=\"335\">Temperatura: -20 a 60 \u2103; Umidade: 20-90% RH<\/td>\n<\/tr>\n<tr style=\"height: 22.00pt;\">\n<td class=\"et2\" style=\"height: 22.00pt; width: 232.70pt;\" width=\"310\" height=\"29\">Sensor de umidade<\/td>\n<td class=\"et2\" style=\"width: 251.70pt;\" width=\"335\">resist\u00eancia \u00e0 umidade do pol\u00edmero<\/td>\n<\/tr>\n<tr style=\"height: 24.00pt;\">\n<td class=\"et2\" style=\"height: 24.00pt; width: 232.70pt;\" width=\"310\" height=\"32\">Diferen\u00e7a de comuta\u00e7\u00e3o de umidade<\/td>\n<td class=\"et2\" style=\"width: 251.70pt;\" width=\"335\">4 % RH (toler\u00e2ncia \u00b13%)<\/td>\n<\/tr>\n<tr style=\"height: 21.00pt;\">\n<td class=\"et2\" style=\"height: 21.00pt; width: 232.70pt;\" width=\"310\" height=\"28\">Diferen\u00e7a de comuta\u00e7\u00e3o de temperatura<\/td>\n<td class=\"et2\" style=\"width: 251.70pt;\" width=\"335\">7k (\u00b14k de toler\u00e2ncia)<\/td>\n<\/tr>\n<tr style=\"height: 20.00pt;\">\n<td class=\"et2\" style=\"height: 20.00pt; width: 232.70pt;\" width=\"310\" height=\"26\">Elemento do sensor de temperatura<\/td>\n<td class=\"et2\" style=\"width: 251.70pt;\" width=\"335\">Sensor bimet\u00e1lico<\/td>\n<\/tr>\n<tr style=\"height: 20.00pt;\">\n<td class=\"et2\" style=\"height: 20.00pt; width: 232.70pt;\" width=\"310\" height=\"26\">Faixa de umidade relativa<\/td>\n<td class=\"et2\" style=\"width: 251.70pt;\" width=\"335\">35%-95%RH<\/td>\n<\/tr>\n<tr style=\"height: 21.00pt;\">\n<td class=\"et2\" style=\"height: 21.00pt; width: 232.70pt;\" width=\"310\" height=\"28\">Modo de contato de controle de temperatura<\/td>\n<td class=\"et2\" style=\"width: 251.70pt;\" width=\"335\">Ponto de contato tipo passo<\/td>\n<\/tr>\n<tr style=\"height: 20.00pt;\">\n<td class=\"et2\" style=\"height: 20.00pt; width: 232.70pt;\" width=\"310\" height=\"26\">Modo de contato de controle de umidade<\/td>\n<td class=\"et2\" style=\"width: 251.70pt;\" width=\"335\">Interruptor de mudan\u00e7a<\/td>\n<\/tr>\n<tr style=\"height: 23.00pt;\">\n<td class=\"et2\" style=\"height: 23.00pt; width: 232.70pt;\" width=\"310\" height=\"30\">Vida de servi\u00e7o<\/td>\n<td class=\"et2\" style=\"width: 251.70pt;\" width=\"335\">750.000 ciclos<\/td>\n<\/tr>\n<tr style=\"height: 20.00pt;\">\n<td class=\"et2\" style=\"height: 20.00pt; width: 232.70pt;\" width=\"310\" height=\"26\">Capacidade m\u00ednima de comuta\u00e7\u00e3o<\/td>\n<td class=\"et2\" style=\"width: 251.70pt;\" width=\"335\">20VAC\/DC 100mA<\/td>\n<\/tr>\n<tr style=\"height: 25.00pt;\">\n<td class=\"et2\" style=\"height: 25.00pt; width: 232.70pt;\" width=\"310\" height=\"33\">m\u00e1x. Capacidade de comuta\u00e7\u00e3o<\/td>\n<td class=\"et2\" style=\"width: 251.70pt;\" width=\"335\">250VAC\/DC 5(1)A DC30W<\/td>\n<\/tr>\n<tr style=\"height: 54.00pt;\">\n<td class=\"et2\" style=\"height: 54.00pt; width: 232.70pt;\" width=\"310\" height=\"72\">Conex\u00e3o<\/td>\n<td class=\"et2\" style=\"width: 251.70pt;\" width=\"335\">Terminal de 5 polos, torque de aperto 0,5 Nm M\u00e1ximo para fio s\u00f3lido 2,5 mm\u00b2 e fio tran\u00e7ado (com fio e virola) 1,5 mm\u00b2<\/td>\n<\/tr>\n<tr style=\"height: 21.00pt;\">\n<td class=\"et2\" style=\"height: 21.00pt; width: 232.70pt;\" width=\"310\" height=\"28\">Instala\u00e7\u00e3o<\/td>\n<td class=\"et2\" style=\"width: 251.70pt;\" width=\"335\">Trilho Din 35mm<\/td>\n<\/tr>\n<tr style=\"height: 22.00pt;\">\n<td class=\"et2\" style=\"height: 22.00pt; width: 232.70pt;\" width=\"310\" height=\"29\">Dimens\u00e3o<\/td>\n<td class=\"et2\" style=\"width: 251.70pt;\" width=\"335\">70x63x40mm<\/td>\n<\/tr>\n<tr style=\"height: 22.00pt;\">\n<td class=\"et2\" style=\"height: 22.00pt; width: 232.70pt;\" width=\"310\" height=\"29\">Posi\u00e7\u00e3o de encaixe<\/td>\n<td class=\"et2\" style=\"width: 251.70pt;\" width=\"335\">Tampo do arm\u00e1rio<\/td>\n<\/tr>\n<tr style=\"height: 20.00pt;\">\n<td class=\"et2\" style=\"height: 20.00pt; width: 232.70pt;\" width=\"310\" height=\"26\">Aula de prote\u00e7\u00e3o<\/td>\n<td class=\"et2\" style=\"width: 251.70pt;\" width=\"335\">IP20<\/td>\n<\/tr>\n<\/tbody>\n<\/table>","protected":false},"parent":0,"template":"","product_category":[36,103],"class_list":["post-3068","product","type-product","status-publish","hentry","product_category-electrical-accessories","product_category-ventilation-heating"],"yoast_head":"<!-- This site is optimized with the Yoast SEO plugin v27.5 - https:\/\/yoast.com\/product\/yoast-seo-wordpress\/ -->\n<title>WholesaleThermohygrostat - TOSUNlux Official Site - Electrical Circuit Breaker Manufacturer in China Low Voltage Electrical Supplier | TOSUNlux<\/title>\n<meta name=\"description\" content=\"Thermohygrostat Supplier - Wholesale direct from TOSUNlux, a trusted manufacturer since 1994. Get your B2B factory quote on our certified Low Voltage electrical products.\" \/>\n<meta name=\"robots\" content=\"index, follow, max-snippet:-1, max-image-preview:large, max-video-preview:-1\" \/>\n<link rel=\"canonical\" href=\"https:\/\/www.tosunlux.eu\/pt\/products\/thermohygrostat\/\" \/>\n<meta property=\"og:locale\" content=\"pt_BR\" \/>\n<meta property=\"og:type\" content=\"article\" \/>\n<meta property=\"og:title\" content=\"WholesaleThermohygrostat - TOSUNlux Official Site - Electrical Circuit Breaker Manufacturer in China Low Voltage Electrical Supplier | TOSUNlux\" \/>\n<meta property=\"og:description\" content=\"Thermohygrostat Supplier - Wholesale direct from TOSUNlux, a trusted manufacturer since 1994. Get your B2B factory quote on our certified Low Voltage electrical products.\" \/>\n<meta property=\"og:url\" content=\"https:\/\/www.tosunlux.eu\/pt\/products\/thermohygrostat\/\" \/>\n<meta property=\"og:site_name\" content=\"TOSUNlux Official Site - Electrical Circuit Breaker Manufacturer in China\" \/>\n<meta property=\"article:publisher\" content=\"https:\/\/www.facebook.com\/TOSUNelectric\/\" \/>\n<meta property=\"article:modified_time\" content=\"2022-05-16T09:28:41+00:00\" \/>\n<meta property=\"og:image\" content=\"https:\/\/www.tosunlux.eu\/wp-content\/uploads\/2023\/04\/DSC08160_\u526f\u672c.jpg\" \/>\n\t<meta property=\"og:image:width\" content=\"1500\" \/>\n\t<meta property=\"og:image:height\" content=\"940\" \/>\n\t<meta property=\"og:image:type\" content=\"image\/jpeg\" \/>\n<meta name=\"twitter:card\" content=\"summary_large_image\" \/>\n<meta name=\"twitter:label1\" content=\"Est. tempo de leitura\" \/>\n\t<meta name=\"twitter:data1\" content=\"1 minuto\" \/>\n<script type=\"application\/ld+json\" class=\"yoast-schema-graph\">{\"@context\":\"https:\\\/\\\/schema.org\",\"@graph\":[{\"@type\":\"WebPage\",\"@id\":\"https:\\\/\\\/www.tosunlux.eu\\\/products\\\/thermohygrostat\\\/\",\"url\":\"https:\\\/\\\/www.tosunlux.eu\\\/products\\\/thermohygrostat\\\/\",\"name\":\"WholesaleThermohygrostat - TOSUNlux Official Site - Electrical Circuit Breaker Manufacturer in China Low Voltage Electrical Supplier | TOSUNlux\",\"isPartOf\":{\"@id\":\"https:\\\/\\\/www.tosunlux.eu\\\/ru\\\/#website\"},\"datePublished\":\"2022-05-16T09:28:26+00:00\",\"dateModified\":\"2022-05-16T09:28:41+00:00\",\"description\":\"Thermohygrostat Supplier - Wholesale direct from TOSUNlux, a trusted manufacturer since 1994. Get your B2B factory quote on our certified Low Voltage electrical products.\",\"breadcrumb\":{\"@id\":\"https:\\\/\\\/www.tosunlux.eu\\\/products\\\/thermohygrostat\\\/#breadcrumb\"},\"inLanguage\":\"pt-BR\",\"potentialAction\":[{\"@type\":\"ReadAction\",\"target\":[\"https:\\\/\\\/www.tosunlux.eu\\\/products\\\/thermohygrostat\\\/\"]}]},{\"@type\":\"BreadcrumbList\",\"@id\":\"https:\\\/\\\/www.tosunlux.eu\\\/products\\\/thermohygrostat\\\/#breadcrumb\",\"itemListElement\":[{\"@type\":\"ListItem\",\"position\":1,\"name\":\"Home\",\"item\":\"https:\\\/\\\/www.tosunlux.eu\\\/ru\\\/\"},{\"@type\":\"ListItem\",\"position\":2,\"name\":\"Products\",\"item\":\"https:\\\/\\\/www.tosunlux.eu\\\/products\\\/\"},{\"@type\":\"ListItem\",\"position\":3,\"name\":\"Thermohygrostat\"}]},{\"@type\":\"WebSite\",\"@id\":\"https:\\\/\\\/www.tosunlux.eu\\\/ru\\\/#website\",\"url\":\"https:\\\/\\\/www.tosunlux.eu\\\/ru\\\/\",\"name\":\"TOSUNlux Official Site - Electrical Circuit Breaker Manufacturer in China\",\"description\":\"Power Distribution System Supplier\",\"publisher\":{\"@id\":\"https:\\\/\\\/www.tosunlux.eu\\\/ru\\\/#organization\"},\"alternateName\":\"TOSUNlux\",\"potentialAction\":[{\"@type\":\"SearchAction\",\"target\":{\"@type\":\"EntryPoint\",\"urlTemplate\":\"https:\\\/\\\/www.tosunlux.eu\\\/ru\\\/?s={search_term_string}\"},\"query-input\":{\"@type\":\"PropertyValueSpecification\",\"valueRequired\":true,\"valueName\":\"search_term_string\"}}],\"inLanguage\":\"pt-BR\"},{\"@type\":\"Organization\",\"@id\":\"https:\\\/\\\/www.tosunlux.eu\\\/ru\\\/#organization\",\"name\":\"TOSUNlux\",\"url\":\"https:\\\/\\\/www.tosunlux.eu\\\/ru\\\/\",\"logo\":{\"@type\":\"ImageObject\",\"inLanguage\":\"pt-BR\",\"@id\":\"https:\\\/\\\/www.tosunlux.eu\\\/ru\\\/#\\\/schema\\\/logo\\\/image\\\/\",\"url\":\"https:\\\/\\\/www.tosunlux.eu\\\/wp-content\\\/uploads\\\/2022\\\/01\\\/LOGOSYSM.71762f1.png\",\"contentUrl\":\"https:\\\/\\\/www.tosunlux.eu\\\/wp-content\\\/uploads\\\/2022\\\/01\\\/LOGOSYSM.71762f1.png\",\"width\":153,\"height\":55,\"caption\":\"TOSUNlux\"},\"image\":{\"@id\":\"https:\\\/\\\/www.tosunlux.eu\\\/ru\\\/#\\\/schema\\\/logo\\\/image\\\/\"},\"sameAs\":[\"https:\\\/\\\/www.facebook.com\\\/TOSUNelectric\\\/\",\"https:\\\/\\\/www.linkedin.com\\\/company\\\/wenzhou-tosun-electric-co.-ltd\\\/\"]}]}<\/script>\n<!-- \/ Yoast SEO plugin. -->","yoast_head_json":{"title":"WholesaleThermohygrostat - Site Oficial da TOSUNlux - Fabricante de Disjuntores El\u00e9tricos na China - Fornecedor de Eletricidade de Baixa Tens\u00e3o | TOSUNlux","description":"Fornecedor de termohigrostato - Venda por atacado diretamente da TOSUNlux, um fabricante confi\u00e1vel desde 1994. Obtenha seu or\u00e7amento de f\u00e1brica B2B para nossos produtos el\u00e9tricos de baixa tens\u00e3o certificados.","robots":{"index":"index","follow":"follow","max-snippet":"max-snippet:-1","max-image-preview":"max-image-preview:large","max-video-preview":"max-video-preview:-1"},"canonical":"https:\/\/www.tosunlux.eu\/pt\/products\/thermohygrostat\/","og_locale":"pt_BR","og_type":"article","og_title":"WholesaleThermohygrostat - TOSUNlux Official Site - Electrical Circuit Breaker Manufacturer in China Low Voltage Electrical Supplier | TOSUNlux","og_description":"Thermohygrostat Supplier - Wholesale direct from TOSUNlux, a trusted manufacturer since 1994. Get your B2B factory quote on our certified Low Voltage electrical products.","og_url":"https:\/\/www.tosunlux.eu\/pt\/products\/thermohygrostat\/","og_site_name":"TOSUNlux Official Site - Electrical Circuit Breaker Manufacturer in China","article_publisher":"https:\/\/www.facebook.com\/TOSUNelectric\/","article_modified_time":"2022-05-16T09:28:41+00:00","og_image":[{"width":1500,"height":940,"url":"https:\/\/www.tosunlux.eu\/wp-content\/uploads\/2023\/04\/DSC08160_\u526f\u672c.jpg","type":"image\/jpeg"}],"twitter_card":"summary_large_image","twitter_misc":{"Est. tempo de leitura":"1 minuto"},"schema":{"@context":"https:\/\/schema.org","@graph":[{"@type":"WebPage","@id":"https:\/\/www.tosunlux.eu\/products\/thermohygrostat\/","url":"https:\/\/www.tosunlux.eu\/products\/thermohygrostat\/","name":"WholesaleThermohygrostat - Site Oficial da TOSUNlux - Fabricante de Disjuntores El\u00e9tricos na China - Fornecedor de Eletricidade de Baixa Tens\u00e3o | TOSUNlux","isPartOf":{"@id":"https:\/\/www.tosunlux.eu\/ru\/#website"},"datePublished":"2022-05-16T09:28:26+00:00","dateModified":"2022-05-16T09:28:41+00:00","description":"Fornecedor de termohigrostato - Venda por atacado diretamente da TOSUNlux, um fabricante confi\u00e1vel desde 1994. Obtenha seu or\u00e7amento de f\u00e1brica B2B para nossos produtos el\u00e9tricos de baixa tens\u00e3o certificados.","breadcrumb":{"@id":"https:\/\/www.tosunlux.eu\/products\/thermohygrostat\/#breadcrumb"},"inLanguage":"pt-BR","potentialAction":[{"@type":"ReadAction","target":["https:\/\/www.tosunlux.eu\/products\/thermohygrostat\/"]}]},{"@type":"BreadcrumbList","@id":"https:\/\/www.tosunlux.eu\/products\/thermohygrostat\/#breadcrumb","itemListElement":[{"@type":"ListItem","position":1,"name":"Home","item":"https:\/\/www.tosunlux.eu\/ru\/"},{"@type":"ListItem","position":2,"name":"Products","item":"https:\/\/www.tosunlux.eu\/products\/"},{"@type":"ListItem","position":3,"name":"Thermohygrostat"}]},{"@type":"WebSite","@id":"https:\/\/www.tosunlux.eu\/ru\/#website","url":"https:\/\/www.tosunlux.eu\/ru\/","name":"Site Oficial TOSUNlux - Fabricante de Disjuntores El\u00e9tricos na China","description":"Fornecedor de sistema de distribui\u00e7\u00e3o de energia","publisher":{"@id":"https:\/\/www.tosunlux.eu\/ru\/#organization"},"alternateName":"TOSUNlux","potentialAction":[{"@type":"SearchAction","target":{"@type":"EntryPoint","urlTemplate":"https:\/\/www.tosunlux.eu\/ru\/?s={search_term_string}"},"query-input":{"@type":"PropertyValueSpecification","valueRequired":true,"valueName":"search_term_string"}}],"inLanguage":"pt-BR"},{"@type":"Organization","@id":"https:\/\/www.tosunlux.eu\/ru\/#organization","name":"TOSUNlux","url":"https:\/\/www.tosunlux.eu\/ru\/","logo":{"@type":"ImageObject","inLanguage":"pt-BR","@id":"https:\/\/www.tosunlux.eu\/ru\/#\/schema\/logo\/image\/","url":"https:\/\/www.tosunlux.eu\/wp-content\/uploads\/2022\/01\/LOGOSYSM.71762f1.png","contentUrl":"https:\/\/www.tosunlux.eu\/wp-content\/uploads\/2022\/01\/LOGOSYSM.71762f1.png","width":153,"height":55,"caption":"TOSUNlux"},"image":{"@id":"https:\/\/www.tosunlux.eu\/ru\/#\/schema\/logo\/image\/"},"sameAs":["https:\/\/www.facebook.com\/TOSUNelectric\/","https:\/\/www.linkedin.com\/company\/wenzhou-tosun-electric-co.-ltd\/"]}]}},"_links":{"self":[{"href":"https:\/\/www.tosunlux.eu\/pt\/wp-json\/wp\/v2\/product\/3068","targetHints":{"allow":["GET"]}}],"collection":[{"href":"https:\/\/www.tosunlux.eu\/pt\/wp-json\/wp\/v2\/product"}],"about":[{"href":"https:\/\/www.tosunlux.eu\/pt\/wp-json\/wp\/v2\/types\/product"}],"version-history":[{"count":0,"href":"https:\/\/www.tosunlux.eu\/pt\/wp-json\/wp\/v2\/product\/3068\/revisions"}],"wp:attachment":[{"href":"https:\/\/www.tosunlux.eu\/pt\/wp-json\/wp\/v2\/media?parent=3068"}],"wp:term":[{"taxonomy":"product_category","embeddable":true,"href":"https:\/\/www.tosunlux.eu\/pt\/wp-json\/wp\/v2\/product_category?post=3068"}],"curies":[{"name":"wp","href":"https:\/\/api.w.org\/{rel}","templated":true}]}}