{"id":3475,"date":"2022-06-07T17:15:57","date_gmt":"2022-06-07T09:15:57","guid":{"rendered":"https:\/\/www.tosunlux.eu\/?post_type=product&#038;p=3475"},"modified":"2022-06-08T10:39:10","modified_gmt":"2022-06-08T02:39:10","slug":"pv-combiner-box","status":"publish","type":"product","link":"https:\/\/www.tosunlux.eu\/pt\/products\/pv-combiner-box\/","title":{"rendered":"Caixa combinadora fotovoltaica"},"content":{"rendered":"<p><strong>Descri\u00e7\u00e3o<\/strong><\/p>\n\n\n\n<div class=\"wp-block-group\"><div class=\"wp-block-group__inner-container is-layout-flow wp-block-group-is-layout-flow\">\n<ul class=\"wp-block-list\"><li>Alta confiabilidade<\/li><\/ul>\n\n\n\n<p>  Com dispositivo de prote\u00e7\u00e3o contra surtos DC<\/p>\n\n\n\n<p>Com Fus\u00edvel DC<\/p>\n\n\n\n<p>  Com disjuntor CC ou chave de isolamento de carga CC.<\/p>\n<\/div><\/div>\n\n\n\n<ul class=\"wp-block-list\"><li>forte adaptabilidade<\/li><\/ul>\n\n\n\n<p>            Design IP65, imperme\u00e1vel, anti poeira e anti ultravioleta.<\/p>\n\n\n\n<p>           Teste rigoroso para alta e baixa temperatura, amplamente utilizado.<\/p>\n\n\n\n<p>           A instala\u00e7\u00e3o simples, a fia\u00e7\u00e3o do sistema simplificada, a fia\u00e7\u00e3o conveniente.<\/p>\n\n\n\n<p>           O corpo da caixa \u00e9 feito de a\u00e7o laminado a frio e outros materiais met\u00e1licos.<\/p>\n\n\n\n<p class=\"has-text-align-left\">           Configura\u00e7\u00e3o flex\u00edvel<\/p>\n\n\n\n<ul class=\"wp-block-list\"><li>Usado para m\u00f3dulos solares de sil\u00edcio de cristal \u00fanico, m\u00f3dulos solares de sil\u00edcio policristalino, m\u00f3dulos solares de filme fino. A classifica\u00e7\u00e3o atual do fus\u00edvel fotovoltaico, disjuntor, chave de isolamento de carga \u00e9 modificada<\/li><\/ul>\n\n\n<p><strong>Especifica\u00e7\u00e3o<\/strong><\/p>\n<table width=\"1364\">\n<tbody>\n<tr>\n<td style=\"text-align: center;\" colspan=\"3\" width=\"361\">Modelo<\/td>\n<td style=\"text-align: center;\" width=\"125\">\u00a0\u00a0\u00a0\u00a0\u00a0 TS-PV01<\/td>\n<td style=\"text-align: center;\" width=\"124\">\u00a0\u00a0\u00a0\u00a0\u00a0 TS-PV02<\/td>\n<td style=\"text-align: center;\" width=\"125\">\u00a0\u00a0\u00a0\u00a0\u00a0 TS-PV03<\/td>\n<td style=\"text-align: center;\" width=\"128\">TS-PV06<\/td>\n<td style=\"text-align: center;\" width=\"125\">TS-PV08<\/td>\n<td style=\"text-align: center;\" width=\"125\">TS-PV10<\/td>\n<td width=\"124\">TS-PV12<\/td>\n<td width=\"122\">TS-PV16<\/td>\n<\/tr>\n<tr>\n<td style=\"text-align: center;\" colspan=\"11\" width=\"1364\">Par\u00e2metro el\u00e9trico<\/td>\n<\/tr>\n<tr>\n<td style=\"text-align: center;\" colspan=\"3\" width=\"361\">Tens\u00e3o CC m\u00e1xima do sistema<\/td>\n<td style=\"text-align: center;\" colspan=\"3\" width=\"376\">550\/1000V<\/td>\n<td style=\"text-align: center;\" colspan=\"5\" width=\"626\">1000V<\/td>\n<\/tr>\n<tr>\n<td style=\"text-align: center;\" colspan=\"3\" width=\"361\">Corrente m\u00e1xima de entrada para cada string<\/td>\n<td style=\"text-align: center;\" colspan=\"8\" width=\"1003\">15A<\/td>\n<\/tr>\n<tr>\n<td style=\"text-align: center;\" colspan=\"3\" width=\"361\">Strings de entrada m\u00e1ximas<\/td>\n<td style=\"text-align: center;\" width=\"125\">1<\/td>\n<td style=\"text-align: center;\" width=\"124\">2<\/td>\n<td style=\"text-align: center;\" width=\"125\">4<\/td>\n<td style=\"text-align: center;\" width=\"128\">6<\/td>\n<td style=\"text-align: center;\">8<\/td>\n<td style=\"text-align: center;\">10<\/td>\n<td style=\"text-align: center;\">12<\/td>\n<td style=\"text-align: center;\">16<\/td>\n<\/tr>\n<tr>\n<td style=\"text-align: center;\" colspan=\"3\" width=\"361\">Corrente m\u00e1xima do interruptor de sa\u00edda<\/td>\n<td style=\"text-align: center;\" width=\"125\">16A\/20A<\/td>\n<td style=\"text-align: center;\" width=\"124\">20A\/32A<\/td>\n<td style=\"text-align: center;\" width=\"125\">50A\/63A<\/td>\n<td style=\"text-align: center;\" width=\"128\">100A<\/td>\n<td style=\"text-align: center;\">\u00a0\u00a0\u00a0\u00a0\u00a0\u00a0\u00a0\u00a0\u00a0\u00a0\u00a0\u00a0 125A<\/td>\n<td style=\"text-align: center;\">\u00a0\u00a0\u00a0\u00a0\u00a0\u00a0\u00a0\u00a0\u00a0\u00a0\u00a0\u00a0\u00a0 160A<\/td>\n<td style=\"text-align: center;\">\u00a0\u00a0\u00a0\u00a0\u00a0\u00a0\u00a0\u00a0\u00a0\u00a0\u00a0\u00a0 160A<\/td>\n<td style=\"text-align: center;\">\u00a0\u00a0\u00a0\u00a0\u00a0\u00a0\u00a0\u00a0\u00a0\u00a0\u00a0\u00a0\u00a0 200A<\/td>\n<\/tr>\n<tr>\n<td style=\"text-align: center;\" colspan=\"11\" width=\"1364\">Prote\u00e7\u00e3o contra raios<\/td>\n<\/tr>\n<tr>\n<td style=\"text-align: center;\" colspan=\"3\" width=\"361\">Categoria de teste<\/td>\n<td style=\"text-align: center;\" colspan=\"8\" width=\"1003\">prote\u00e7\u00e3o de grau II<\/td>\n<\/tr>\n<tr>\n<td style=\"text-align: center;\" colspan=\"3\" width=\"361\">Corrente de descarga nominal<\/td>\n<td style=\"text-align: center;\" colspan=\"8\" width=\"1003\">20KA<\/td>\n<\/tr>\n<tr>\n<td style=\"text-align: center;\" colspan=\"3\" width=\"361\">Corrente m\u00e1xima de descarga<\/td>\n<td style=\"text-align: center;\" colspan=\"8\" width=\"1003\">40KA<\/td>\n<\/tr>\n<tr>\n<td style=\"text-align: center;\" colspan=\"3\" width=\"361\">N\u00edvel de prote\u00e7\u00e3o de tens\u00e3o<\/td>\n<td style=\"text-align: center;\" colspan=\"3\" width=\"376\">2,8KV\/3,8KV<\/td>\n<td style=\"text-align: center;\" colspan=\"5\" width=\"626\">3,8KV<\/td>\n<\/tr>\n<tr>\n<td style=\"text-align: center;\" colspan=\"3\" width=\"361\">Tens\u00e3o m\u00e1xima de opera\u00e7\u00e3o cont\u00ednua Uc<\/td>\n<td style=\"text-align: center;\" colspan=\"3\" width=\"376\">630KV\/1050KV<\/td>\n<td style=\"text-align: center;\" colspan=\"5\" width=\"626\">1050 KV<\/td>\n<\/tr>\n<tr>\n<td style=\"text-align: center;\" colspan=\"3\" width=\"361\">p\u00f3los<\/td>\n<td style=\"text-align: center;\" colspan=\"3\" width=\"376\">2P\/3P<\/td>\n<td style=\"text-align: center;\" colspan=\"5\" width=\"626\">3P<\/td>\n<\/tr>\n<tr>\n<td style=\"text-align: center;\" colspan=\"3\" width=\"361\">Caracter\u00edstica da estrutura<\/td>\n<td style=\"text-align: center;\" colspan=\"8\" width=\"1003\">M\u00f3dulo plug-push<\/td>\n<\/tr>\n<tr>\n<td style=\"text-align: center;\" colspan=\"11\" width=\"1364\">Sistema<\/td>\n<\/tr>\n<tr>\n<td style=\"text-align: center;\" colspan=\"3\" width=\"361\">Grau de prote\u00e7\u00e3o<\/td>\n<td style=\"text-align: center;\" colspan=\"8\" width=\"1003\">IP65<\/td>\n<\/tr>\n<tr>\n<td style=\"text-align: center;\" colspan=\"3\" width=\"361\">Dispositivo de sa\u00edda<\/td>\n<td style=\"text-align: center;\" colspan=\"4\" width=\"504\">Disjuntor CC (padr\u00e3o)\/disjuntor de isolamento CC (opcional)<\/td>\n<td style=\"text-align: center;\" colspan=\"4\">Disjuntor CC<\/td>\n<\/tr>\n<tr>\n<td style=\"text-align: center;\" colspan=\"3\" width=\"361\">Conectores \u00e0 prova d&#039;\u00e1gua<\/td>\n<td style=\"text-align: center;\" colspan=\"8\" width=\"1003\">Padr\u00e3o<\/td>\n<\/tr>\n<tr>\n<td style=\"text-align: center;\" colspan=\"3\" width=\"361\">Fus\u00edvel CC fotovoltaico<\/td>\n<td style=\"text-align: center;\" colspan=\"8\" width=\"1003\">Padr\u00e3o<\/td>\n<\/tr>\n<tr>\n<td style=\"text-align: center;\" colspan=\"3\" width=\"361\">protetor contra surtos fotovoltaicos<\/td>\n<td style=\"text-align: center;\" colspan=\"8\" width=\"1003\">Padr\u00e3o<\/td>\n<\/tr>\n<tr>\n<td style=\"text-align: center;\" colspan=\"3\" width=\"361\">Diodo de preven\u00e7\u00e3o<\/td>\n<td style=\"text-align: center;\" colspan=\"4\" width=\"504\">\u2014<\/td>\n<td style=\"text-align: center;\" colspan=\"4\">Opcional<\/td>\n<\/tr>\n<tr>\n<td style=\"text-align: center;\" colspan=\"3\" width=\"361\">Material da caixa<\/td>\n<td style=\"text-align: center;\" colspan=\"4\" width=\"504\">ABS+PC<\/td>\n<td style=\"text-align: center;\" colspan=\"4\">Metal<\/td>\n<\/tr>\n<tr>\n<td style=\"text-align: center;\" colspan=\"3\" width=\"361\">M\u00e9todo de instala\u00e7\u00e3o<\/td>\n<td style=\"text-align: center;\" colspan=\"8\" width=\"1003\">Tipo de montagem na parede<\/td>\n<\/tr>\n<tr>\n<td style=\"text-align: center;\" colspan=\"3\" width=\"361\">Temperatura de opera\u00e7\u00e3o<\/td>\n<td style=\"text-align: center;\" colspan=\"8\" width=\"1003\">-25\u00b0C~+55\u00b0C<\/td>\n<\/tr>\n<tr>\n<td style=\"text-align: center;\" colspan=\"3\" width=\"361\">Eleva\u00e7\u00e3o da temperatura<\/td>\n<td style=\"text-align: center;\" colspan=\"8\" width=\"1003\">2000M<\/td>\n<\/tr>\n<tr>\n<td style=\"text-align: center;\" colspan=\"3\" width=\"361\">Umidade relativa permitida<\/td>\n<td style=\"text-align: center;\" colspan=\"8\" width=\"1003\">0-95%, sem condensa\u00e7\u00e3o<\/td>\n<\/tr>\n<\/tbody>\n<\/table>","protected":false},"parent":0,"template":"","product_category":[116],"class_list":["post-3475","product","type-product","status-publish","hentry","product_category-solar-combiner-box"],"yoast_head":"<!-- This site is optimized with the Yoast SEO plugin v27.6 - https:\/\/yoast.com\/product\/yoast-seo-wordpress\/ -->\n<title>WholesalePV Combiner Box - TOSUNlux Official Site - Electrical Circuit Breaker Manufacturer in China Low Voltage Electrical Supplier | TOSUNlux<\/title>\n<meta name=\"description\" content=\"PV Combiner Box Supplier - Wholesale direct from TOSUNlux, a trusted manufacturer since 1994. Get your B2B factory quote on our certified Low Voltage electrical products.\" \/>\n<meta name=\"robots\" content=\"index, follow, max-snippet:-1, max-image-preview:large, max-video-preview:-1\" \/>\n<link rel=\"canonical\" href=\"https:\/\/www.tosunlux.eu\/pt\/products\/pv-combiner-box\/\" \/>\n<meta property=\"og:locale\" content=\"pt_BR\" \/>\n<meta property=\"og:type\" content=\"article\" \/>\n<meta property=\"og:title\" content=\"WholesalePV Combiner Box - TOSUNlux Official Site - Electrical Circuit Breaker Manufacturer in China Low Voltage Electrical Supplier | TOSUNlux\" \/>\n<meta property=\"og:description\" content=\"PV Combiner Box Supplier - Wholesale direct from TOSUNlux, a trusted manufacturer since 1994. Get your B2B factory quote on our certified Low Voltage electrical products.\" \/>\n<meta property=\"og:url\" content=\"https:\/\/www.tosunlux.eu\/pt\/products\/pv-combiner-box\/\" \/>\n<meta property=\"og:site_name\" content=\"TOSUNlux Official Site - Electrical Circuit Breaker Manufacturer in China\" \/>\n<meta property=\"article:publisher\" content=\"https:\/\/www.facebook.com\/TOSUNelectric\/\" \/>\n<meta property=\"article:modified_time\" content=\"2022-06-08T02:39:10+00:00\" \/>\n<meta property=\"og:image\" content=\"https:\/\/www.tosunlux.eu\/wp-content\/uploads\/2023\/04\/DSC08160_\u526f\u672c.jpg\" \/>\n\t<meta property=\"og:image:width\" content=\"1500\" \/>\n\t<meta property=\"og:image:height\" content=\"940\" \/>\n\t<meta property=\"og:image:type\" content=\"image\/jpeg\" \/>\n<meta name=\"twitter:card\" content=\"summary_large_image\" \/>\n<meta name=\"twitter:label1\" content=\"Est. tempo de leitura\" \/>\n\t<meta name=\"twitter:data1\" content=\"1 minuto\" \/>\n<script type=\"application\/ld+json\" class=\"yoast-schema-graph\">{\"@context\":\"https:\\\/\\\/schema.org\",\"@graph\":[{\"@type\":\"WebPage\",\"@id\":\"https:\\\/\\\/www.tosunlux.eu\\\/ur\\\/products\\\/pv-combiner-box\\\/\",\"url\":\"https:\\\/\\\/www.tosunlux.eu\\\/ur\\\/products\\\/pv-combiner-box\\\/\",\"name\":\"WholesalePV Combiner Box - TOSUNlux Official Site - Electrical Circuit Breaker Manufacturer in China Low Voltage Electrical Supplier | TOSUNlux\",\"isPartOf\":{\"@id\":\"https:\\\/\\\/www.tosunlux.eu\\\/ru\\\/#website\"},\"datePublished\":\"2022-06-07T09:15:57+00:00\",\"dateModified\":\"2022-06-08T02:39:10+00:00\",\"description\":\"PV Combiner Box Supplier - Wholesale direct from TOSUNlux, a trusted manufacturer since 1994. Get your B2B factory quote on our certified Low Voltage electrical products.\",\"breadcrumb\":{\"@id\":\"https:\\\/\\\/www.tosunlux.eu\\\/ur\\\/products\\\/pv-combiner-box\\\/#breadcrumb\"},\"inLanguage\":\"pt-BR\",\"potentialAction\":[{\"@type\":\"ReadAction\",\"target\":[\"https:\\\/\\\/www.tosunlux.eu\\\/ur\\\/products\\\/pv-combiner-box\\\/\"]}]},{\"@type\":\"BreadcrumbList\",\"@id\":\"https:\\\/\\\/www.tosunlux.eu\\\/ur\\\/products\\\/pv-combiner-box\\\/#breadcrumb\",\"itemListElement\":[{\"@type\":\"ListItem\",\"position\":1,\"name\":\"Home\",\"item\":\"https:\\\/\\\/www.tosunlux.eu\\\/ru\\\/\"},{\"@type\":\"ListItem\",\"position\":2,\"name\":\"Products\",\"item\":\"https:\\\/\\\/www.tosunlux.eu\\\/products\\\/\"},{\"@type\":\"ListItem\",\"position\":3,\"name\":\"PV Combiner Box\"}]},{\"@type\":\"WebSite\",\"@id\":\"https:\\\/\\\/www.tosunlux.eu\\\/ru\\\/#website\",\"url\":\"https:\\\/\\\/www.tosunlux.eu\\\/ru\\\/\",\"name\":\"TOSUNlux Official Site - Electrical Circuit Breaker Manufacturer in China\",\"description\":\"Power Distribution System Supplier\",\"publisher\":{\"@id\":\"https:\\\/\\\/www.tosunlux.eu\\\/ru\\\/#organization\"},\"alternateName\":\"TOSUNlux\",\"potentialAction\":[{\"@type\":\"SearchAction\",\"target\":{\"@type\":\"EntryPoint\",\"urlTemplate\":\"https:\\\/\\\/www.tosunlux.eu\\\/ru\\\/?s={search_term_string}\"},\"query-input\":{\"@type\":\"PropertyValueSpecification\",\"valueRequired\":true,\"valueName\":\"search_term_string\"}}],\"inLanguage\":\"pt-BR\"},{\"@type\":\"Organization\",\"@id\":\"https:\\\/\\\/www.tosunlux.eu\\\/ru\\\/#organization\",\"name\":\"TOSUNlux\",\"url\":\"https:\\\/\\\/www.tosunlux.eu\\\/ru\\\/\",\"logo\":{\"@type\":\"ImageObject\",\"inLanguage\":\"pt-BR\",\"@id\":\"https:\\\/\\\/www.tosunlux.eu\\\/ru\\\/#\\\/schema\\\/logo\\\/image\\\/\",\"url\":\"https:\\\/\\\/www.tosunlux.eu\\\/wp-content\\\/uploads\\\/2022\\\/01\\\/LOGOSYSM.71762f1.png\",\"contentUrl\":\"https:\\\/\\\/www.tosunlux.eu\\\/wp-content\\\/uploads\\\/2022\\\/01\\\/LOGOSYSM.71762f1.png\",\"width\":153,\"height\":55,\"caption\":\"TOSUNlux\"},\"image\":{\"@id\":\"https:\\\/\\\/www.tosunlux.eu\\\/ru\\\/#\\\/schema\\\/logo\\\/image\\\/\"},\"sameAs\":[\"https:\\\/\\\/www.facebook.com\\\/TOSUNelectric\\\/\",\"https:\\\/\\\/www.linkedin.com\\\/company\\\/wenzhou-tosun-electric-co.-ltd\\\/\"]}]}<\/script>\n<!-- \/ Yoast SEO plugin. -->","yoast_head_json":{"title":"WholesalePV Combiner Box - TOSUNlux Official Site - Electrical Circuit Breaker Manufacturer in China Low Voltage Electrical Supplier | TOSUNlux","description":"PV Combiner Box Supplier - Wholesale direct from TOSUNlux, a trusted manufacturer since 1994. Get your B2B factory quote on our certified Low Voltage electrical products.","robots":{"index":"index","follow":"follow","max-snippet":"max-snippet:-1","max-image-preview":"max-image-preview:large","max-video-preview":"max-video-preview:-1"},"canonical":"https:\/\/www.tosunlux.eu\/pt\/products\/pv-combiner-box\/","og_locale":"pt_BR","og_type":"article","og_title":"WholesalePV Combiner Box - TOSUNlux Official Site - Electrical Circuit Breaker Manufacturer in China Low Voltage Electrical Supplier | TOSUNlux","og_description":"PV Combiner Box Supplier - Wholesale direct from TOSUNlux, a trusted manufacturer since 1994. Get your B2B factory quote on our certified Low Voltage electrical products.","og_url":"https:\/\/www.tosunlux.eu\/pt\/products\/pv-combiner-box\/","og_site_name":"TOSUNlux Official Site - Electrical Circuit Breaker Manufacturer in China","article_publisher":"https:\/\/www.facebook.com\/TOSUNelectric\/","article_modified_time":"2022-06-08T02:39:10+00:00","og_image":[{"width":1500,"height":940,"url":"https:\/\/www.tosunlux.eu\/wp-content\/uploads\/2023\/04\/DSC08160_\u526f\u672c.jpg","type":"image\/jpeg"}],"twitter_card":"summary_large_image","twitter_misc":{"Est. tempo de leitura":"1 minuto"},"schema":{"@context":"https:\/\/schema.org","@graph":[{"@type":"WebPage","@id":"https:\/\/www.tosunlux.eu\/ur\/products\/pv-combiner-box\/","url":"https:\/\/www.tosunlux.eu\/ur\/products\/pv-combiner-box\/","name":"WholesalePV Combiner Box - TOSUNlux Official Site - Electrical Circuit Breaker Manufacturer in China Low Voltage Electrical Supplier | TOSUNlux","isPartOf":{"@id":"https:\/\/www.tosunlux.eu\/ru\/#website"},"datePublished":"2022-06-07T09:15:57+00:00","dateModified":"2022-06-08T02:39:10+00:00","description":"PV Combiner Box Supplier - Wholesale direct from TOSUNlux, a trusted manufacturer since 1994. Get your B2B factory quote on our certified Low Voltage electrical products.","breadcrumb":{"@id":"https:\/\/www.tosunlux.eu\/ur\/products\/pv-combiner-box\/#breadcrumb"},"inLanguage":"pt-BR","potentialAction":[{"@type":"ReadAction","target":["https:\/\/www.tosunlux.eu\/ur\/products\/pv-combiner-box\/"]}]},{"@type":"BreadcrumbList","@id":"https:\/\/www.tosunlux.eu\/ur\/products\/pv-combiner-box\/#breadcrumb","itemListElement":[{"@type":"ListItem","position":1,"name":"Home","item":"https:\/\/www.tosunlux.eu\/ru\/"},{"@type":"ListItem","position":2,"name":"Products","item":"https:\/\/www.tosunlux.eu\/products\/"},{"@type":"ListItem","position":3,"name":"PV Combiner Box"}]},{"@type":"WebSite","@id":"https:\/\/www.tosunlux.eu\/ru\/#website","url":"https:\/\/www.tosunlux.eu\/ru\/","name":"Site Oficial TOSUNlux - Fabricante de Disjuntores El\u00e9tricos na China","description":"Fornecedor de sistema de distribui\u00e7\u00e3o de energia","publisher":{"@id":"https:\/\/www.tosunlux.eu\/ru\/#organization"},"alternateName":"TOSUNlux","potentialAction":[{"@type":"SearchAction","target":{"@type":"EntryPoint","urlTemplate":"https:\/\/www.tosunlux.eu\/ru\/?s={search_term_string}"},"query-input":{"@type":"PropertyValueSpecification","valueRequired":true,"valueName":"search_term_string"}}],"inLanguage":"pt-BR"},{"@type":"Organization","@id":"https:\/\/www.tosunlux.eu\/ru\/#organization","name":"TOSUNlux","url":"https:\/\/www.tosunlux.eu\/ru\/","logo":{"@type":"ImageObject","inLanguage":"pt-BR","@id":"https:\/\/www.tosunlux.eu\/ru\/#\/schema\/logo\/image\/","url":"https:\/\/www.tosunlux.eu\/wp-content\/uploads\/2022\/01\/LOGOSYSM.71762f1.png","contentUrl":"https:\/\/www.tosunlux.eu\/wp-content\/uploads\/2022\/01\/LOGOSYSM.71762f1.png","width":153,"height":55,"caption":"TOSUNlux"},"image":{"@id":"https:\/\/www.tosunlux.eu\/ru\/#\/schema\/logo\/image\/"},"sameAs":["https:\/\/www.facebook.com\/TOSUNelectric\/","https:\/\/www.linkedin.com\/company\/wenzhou-tosun-electric-co.-ltd\/"]}]}},"_links":{"self":[{"href":"https:\/\/www.tosunlux.eu\/pt\/wp-json\/wp\/v2\/product\/3475","targetHints":{"allow":["GET"]}}],"collection":[{"href":"https:\/\/www.tosunlux.eu\/pt\/wp-json\/wp\/v2\/product"}],"about":[{"href":"https:\/\/www.tosunlux.eu\/pt\/wp-json\/wp\/v2\/types\/product"}],"version-history":[{"count":1,"href":"https:\/\/www.tosunlux.eu\/pt\/wp-json\/wp\/v2\/product\/3475\/revisions"}],"predecessor-version":[{"id":10966,"href":"https:\/\/www.tosunlux.eu\/pt\/wp-json\/wp\/v2\/product\/3475\/revisions\/10966"}],"wp:attachment":[{"href":"https:\/\/www.tosunlux.eu\/pt\/wp-json\/wp\/v2\/media?parent=3475"}],"wp:term":[{"taxonomy":"product_category","embeddable":true,"href":"https:\/\/www.tosunlux.eu\/pt\/wp-json\/wp\/v2\/product_category?post=3475"}],"curies":[{"name":"wp","href":"https:\/\/api.w.org\/{rel}","templated":true}]}}