{"id":3485,"date":"2022-06-08T09:46:27","date_gmt":"2022-06-08T01:46:27","guid":{"rendered":"https:\/\/www.tosunlux.eu\/?post_type=product&#038;p=3485"},"modified":"2022-07-11T11:09:54","modified_gmt":"2022-07-11T03:09:54","slug":"tcp-motor-run-capacitor","status":"publish","type":"product","link":"https:\/\/www.tosunlux.eu\/pt\/products\/tcp-motor-run-capacitor\/","title":{"rendered":"Capacitor de funcionamento do motor TCP"},"content":{"rendered":"<p><strong>Aplicativo<\/strong><\/p>\n\n\n\n<p>\u00b7Adequado para partida e opera\u00e7\u00e3o de eletromotor monof\u00e1sico 50\/60Hz AC.<\/p>\n\n\n\n<p>\u00b7 Amplamente utilizado como capacitor de inicializa\u00e7\u00e3o e opera\u00e7\u00e3o para micro bomba de \u00e1gua, m\u00e1quina de limpeza, m\u00e1quina de lavar e outros eletrodom\u00e9sticos monof\u00e1sicos.<\/p>\n\n\n\n<p>\u00b7Use concha de pl\u00e1stico redonda e tampa selada com isolamento para veda\u00e7\u00e3o, tampa de pl\u00e1stico para veda\u00e7\u00e3o ou resina para veda\u00e7\u00e3o.<\/p>\n\n\n\n<p>\u00b7Fundo plano ou fundo com parafuso M8*12.<\/p>\n\n\n\n<p>\u00b7Lug, fio ou terminal de cabo.<\/p>\n\n\n\n<p>\u00b7Pl\u00e1stico, ABS ou PC.<\/p>\n\n\n\n<p><\/p>\n\n\n\n<p><strong>Caracter\u00edsticas<\/strong><\/p>\n\n\n\n<p>\u00b7Estrutura de enrolamento n\u00e3o indutivo de membrana met\u00e1lica de polipropileno.<\/p>\n\n\n\n<p>\u00b7Tamanho pequeno, peso leve, longa vida \u00fatil e excelente desempenho de autocura.<\/p>\n\n\n\n<p>\u00b7 Alta resist\u00eancia de isolamento, pequeno aumento de temperatura interna e excelente estabilidade de capacit\u00e2ncia.<\/p>\n\n\n\n<p>\u00b7 N\u00e3o t\u00f3xico e sem vazamentos, favor\u00e1vel para a prote\u00e7\u00e3o ambiental.<\/p>\n\n\n\n\n\n<p><strong>Especifica\u00e7\u00e3o<\/strong><\/p>\n\n\n<table style=\"border-collapse: collapse; width: 399.02pt;\" border=\"0\" width=\"532\" cellspacing=\"0\" cellpadding=\"0\">\n<tbody>\n<tr style=\"height: 69.00pt;\">\n<td class=\"et2\" style=\"height: 69.00pt; width: 172.50pt;\" width=\"230\" height=\"92\">Capacidade (uf)<\/td>\n<td class=\"et2\" style=\"width: 226.50pt;\" width=\"302\">2,3,4,5,6,7,8,9,10,12,14,16,18,20,25,<br>30,35,40,45,50,55,60,70,80,90,100<\/td>\n<\/tr>\n<tr style=\"height: 30.00pt;\">\n<td class=\"et2\" style=\"height: 30.00pt; width: 172.50pt;\" width=\"230\" height=\"40\">Tens\u00e3o nominal<\/td>\n<td class=\"et2\" style=\"width: 226.50pt;\" width=\"302\">250VAC 450VAC<\/td>\n<\/tr>\n<tr style=\"height: 31.00pt;\">\n<td class=\"et2\" style=\"height: 31.00pt; width: 172.50pt;\" width=\"230\" height=\"41\">toler\u00e2ncia de capacit\u00e2ncia<\/td>\n<td class=\"et2\" style=\"width: 226.50pt;\" width=\"302\">\u00b15%, \u00b110%<\/td>\n<\/tr>\n<tr style=\"height: 35.00pt;\">\n<td class=\"et2\" style=\"height: 35.00pt; width: 172.50pt;\" width=\"230\" height=\"46\">Fator de dissipa\u00e7\u00e3o<\/td>\n<td class=\"et2\" style=\"width: 226.50pt;\" width=\"302\">Tan\u22640,002 (a 100 Hz e 20 \u2103)<\/td>\n<\/tr>\n<tr style=\"height: 47.00pt;\">\n<td class=\"et2\" style=\"height: 47.00pt; width: 172.50pt;\" width=\"230\" height=\"62\">Tens\u00e3o suport\u00e1vel<\/td>\n<td class=\"et2\" style=\"width: 226.50pt;\" width=\"302\">Entre os eletrodos: 2.0Un 2s Entre o eletrodo e a carca\u00e7a: 2000VAC 2S<\/td>\n<\/tr>\n<tr style=\"height: 43.00pt;\">\n<td class=\"et2\" style=\"height: 43.00pt; width: 172.50pt;\" width=\"230\" height=\"57\">Resist\u00eancia de isolamento<\/td>\n<td class=\"et2\" style=\"width: 226.50pt;\" width=\"302\">TT\u22653000M\u03a9.uf (20&#039;C,100VDC) <br>TT\u2265 2000M\u03a9.uf(20C,100VDC)<\/td>\n<\/tr>\n<tr style=\"height: 33.00pt;\">\n<td class=\"et2\" style=\"height: 33.00pt; width: 172.50pt;\" width=\"230\" height=\"44\">Temperatura de opera\u00e7\u00e3o<\/td>\n<td class=\"et2\" style=\"width: 226.50pt;\" width=\"302\">-25\u2103\uff5e+70\u2103<\/td>\n<\/tr>\n<\/tbody>\n<\/table>\n<p><strong>Dimens\u00e3o<\/strong><\/p>\n<p>TCP-1 tipo de 4 pinos<\/p>\n<p><\/p>\n<table style=\"border-collapse: collapse; width: 494.27pt;\" border=\"0\" width=\"659\" cellspacing=\"0\" cellpadding=\"0\">\n<tbody>\n<tr style=\"height: 36.00pt;\">\n<td class=\"et2\" style=\"height: 36.00pt; width: 81.05pt;\" width=\"108\" height=\"48\">Capacidade<\/td>\n<td class=\"et2\" style=\"width: 83.90pt;\" width=\"111\">DxH para (450V)<\/td>\n<td class=\"et2\" style=\"width: 82.95pt;\" width=\"110\">DxH para (250V)<\/td>\n<td class=\"et2\" style=\"width: 82.95pt;\" width=\"110\">Capacidade<\/td>\n<td class=\"et2\" style=\"width: 82.95pt;\" width=\"110\">DxH para (450V)<\/td>\n<td class=\"et2\" style=\"width: 81.05pt;\" width=\"108\">DxH para (250V)<\/td>\n<\/tr>\n<tr style=\"height: 19.00pt;\">\n<td class=\"et2\" style=\"height: 19.00pt; width: 81.05pt;\" width=\"108\" height=\"25\">2-6uf<\/td>\n<td class=\"et2\" style=\"width: 83.90pt;\" width=\"111\">30&#215;60<\/td>\n<td class=\"et2\" style=\"width: 82.95pt;\" width=\"110\">30&#215;60<\/td>\n<td class=\"et2\" style=\"width: 82.95pt;\" width=\"110\">35-40uf<\/td>\n<td class=\"et2\" style=\"width: 82.95pt;\" width=\"110\">45&#215;93<\/td>\n<td class=\"et2\" style=\"width: 81.05pt;\" width=\"108\">40&#215;70<\/td>\n<\/tr>\n<tr style=\"height: 19.00pt;\">\n<td class=\"et2\" style=\"height: 19.00pt; width: 81.05pt;\" width=\"108\" height=\"25\">7-10uf<\/td>\n<td class=\"et2\" style=\"width: 83.90pt;\" width=\"111\">35&#215;60<\/td>\n<td class=\"et2\" style=\"width: 82.95pt;\" width=\"110\">30&#215;60<\/td>\n<td class=\"et2\" style=\"width: 82.95pt;\" width=\"110\">45-50uf<\/td>\n<td class=\"et2\" style=\"width: 82.95pt;\" width=\"110\">50&#215;92<\/td>\n<td class=\"et2\" style=\"width: 81.05pt;\" width=\"108\">45&#215;70<\/td>\n<\/tr>\n<tr style=\"height: 20.00pt;\">\n<td class=\"et2\" style=\"height: 20.00pt; width: 81.05pt;\" width=\"108\" height=\"26\">12uf<\/td>\n<td class=\"et2\" style=\"width: 83.90pt;\" width=\"111\">35&#215;70<\/td>\n<td class=\"et2\" style=\"width: 82.95pt;\" width=\"110\">30&#215;60<\/td>\n<td class=\"et2\" style=\"width: 82.95pt;\" width=\"110\">55uf<\/td>\n<td class=\"et2\" style=\"width: 82.95pt;\" width=\"110\">50&#215;92<\/td>\n<td class=\"et2\" style=\"width: 81.05pt;\" width=\"108\">45&#215;93<\/td>\n<\/tr>\n<tr style=\"height: 19.00pt;\">\n<td class=\"et2\" style=\"height: 19.00pt; width: 81.05pt;\" width=\"108\" height=\"25\">14-18uf<\/td>\n<td class=\"et2\" style=\"width: 83.90pt;\" width=\"111\">40&#215;70<\/td>\n<td class=\"et2\" style=\"width: 82.95pt;\" width=\"110\">35&#215;60<\/td>\n<td class=\"et2\" style=\"width: 82.95pt;\" width=\"110\">60uf<\/td>\n<td class=\"et2\" style=\"width: 82.95pt;\" width=\"110\">50&#215;100<\/td>\n<td class=\"et2\" style=\"width: 81.05pt;\" width=\"108\">45&#215;93<\/td>\n<\/tr>\n<tr style=\"height: 19.00pt;\">\n<td class=\"et2\" style=\"height: 19.00pt; width: 81.05pt;\" width=\"108\" height=\"25\">20-25uf<\/td>\n<td class=\"et2\" style=\"width: 83.90pt;\" width=\"111\">45&#215;70<\/td>\n<td class=\"et2\" style=\"width: 82.95pt;\" width=\"110\">35&#215;70<\/td>\n<td class=\"et2\" style=\"width: 82.95pt;\" width=\"110\">70-80uf<\/td>\n<td class=\"et2\" style=\"width: 82.95pt;\" width=\"110\">50&#215;120<\/td>\n<td class=\"et2\" style=\"width: 81.05pt;\" width=\"108\">50&#215;92<\/td>\n<\/tr>\n<tr style=\"height: 22.00pt;\">\n<td class=\"et2\" style=\"height: 22.00pt; width: 81.05pt;\" width=\"108\" height=\"29\">30uf<\/td>\n<td class=\"et2\" style=\"width: 83.90pt;\" width=\"111\">45&#215;70<\/td>\n<td class=\"et2\" style=\"width: 82.95pt;\" width=\"110\">40&#215;70<\/td>\n<td class=\"et2\" style=\"width: 82.95pt;\" width=\"110\">90-100uf<\/td>\n<td class=\"et2\" style=\"width: 82.95pt;\" width=\"110\">50&#215;120<\/td>\n<td class=\"et2\" style=\"width: 81.05pt;\" width=\"108\">50&#215;100<\/td>\n<\/tr>\n<\/tbody>\n<\/table>\n<p>TCP-1 4 pinos com parafuso<\/p>\n<p><\/p>\n<table style=\"border-collapse: collapse; width: 494.27pt;\" border=\"0\" width=\"659\" cellspacing=\"0\" cellpadding=\"0\">\n<tbody>\n<tr style=\"height: 35.00pt;\">\n<td class=\"et2\" style=\"height: 35.00pt; width: 81.05pt;\" width=\"108\" height=\"46\">Capacidade<\/td>\n<td class=\"et2\" style=\"width: 83.90pt;\" width=\"111\">DxH para (450V)<\/td>\n<td class=\"et2\" style=\"width: 82.95pt;\" width=\"110\">DxH para (250V)<\/td>\n<td class=\"et2\" style=\"width: 82.95pt;\" width=\"110\">Capacidade<\/td>\n<td class=\"et2\" style=\"width: 82.95pt;\" width=\"110\">DxH para (450V)<\/td>\n<td class=\"et2\" style=\"width: 81.05pt;\" width=\"108\">DxH para (250V)<\/td>\n<\/tr>\n<tr style=\"height: 20.00pt;\">\n<td class=\"et2\" style=\"height: 20.00pt; width: 81.05pt;\" width=\"108\" height=\"26\">2-6uf<\/td>\n<td class=\"et2\" style=\"width: 83.90pt;\" width=\"111\">30&#215;57<\/td>\n<td class=\"et2\" style=\"width: 82.95pt;\" width=\"110\">30&#215;57<\/td>\n<td class=\"et2\" style=\"width: 82.95pt;\" width=\"110\">35-40uf<\/td>\n<td class=\"et2\" style=\"width: 82.95pt;\" width=\"110\">45&#215;95<\/td>\n<td class=\"et2\" style=\"width: 81.05pt;\" width=\"108\">40&#215;70<\/td>\n<\/tr>\n<tr style=\"height: 20.00pt;\">\n<td class=\"et2\" style=\"height: 20.00pt; width: 81.05pt;\" width=\"108\" height=\"26\">7-10uf<\/td>\n<td class=\"et2\" style=\"width: 83.90pt;\" width=\"111\">35&#215;65<\/td>\n<td class=\"et2\" style=\"width: 82.95pt;\" width=\"110\">30&#215;57<\/td>\n<td class=\"et2\" style=\"width: 82.95pt;\" width=\"110\">45-60uf<\/td>\n<td class=\"et2\" style=\"width: 82.95pt;\" width=\"110\">50&#215;106<\/td>\n<td class=\"et2\" style=\"width: 81.05pt;\" width=\"108\">45&#215;95<\/td>\n<\/tr>\n<tr style=\"height: 20.00pt;\">\n<td class=\"et2\" style=\"height: 20.00pt; width: 81.05pt;\" width=\"108\" height=\"26\">12uf<\/td>\n<td class=\"et2\" style=\"width: 83.90pt;\" width=\"111\">35&#215;65<\/td>\n<td class=\"et2\" style=\"width: 82.95pt;\" width=\"110\">35&#215;65<\/td>\n<td class=\"et2\" style=\"width: 82.95pt;\" width=\"110\">70uf<\/td>\n<td class=\"et2\" style=\"width: 82.95pt;\" width=\"110\">50&#215;116<\/td>\n<td class=\"et2\" style=\"width: 81.05pt;\" width=\"108\">50&#215;106<\/td>\n<\/tr>\n<tr style=\"height: 20.00pt;\">\n<td class=\"et2\" style=\"height: 20.00pt; width: 81.05pt;\" width=\"108\" height=\"26\">14-20uf<\/td>\n<td class=\"et2\" style=\"width: 83.90pt;\" width=\"111\">40&#215;70<\/td>\n<td class=\"et2\" style=\"width: 82.95pt;\" width=\"110\">35&#215;65<\/td>\n<td class=\"et2\" style=\"width: 82.95pt;\" width=\"110\">80-100uf<\/td>\n<td class=\"et2\" style=\"width: 82.95pt;\" width=\"110\">55&#215;120<\/td>\n<td class=\"et2\" style=\"width: 81.05pt;\" width=\"108\">50&#215;106<\/td>\n<\/tr>\n<tr style=\"height: 20.00pt;\">\n<td class=\"et2\" style=\"height: 20.00pt; width: 81.05pt;\" width=\"108\" height=\"26\">25-30uf<\/td>\n<td class=\"et2\" style=\"width: 83.90pt;\" width=\"111\">40&#215;95<\/td>\n<td class=\"et2\" style=\"width: 82.95pt;\" width=\"110\">40&#215;70<\/td>\n<td class=\"et2\" style=\"width: 82.95pt;\" width=\"110\">\u4e00<\/td>\n<td class=\"et2\" style=\"width: 82.95pt;\" width=\"110\">\u4e00<\/td>\n<td class=\"et2\" style=\"width: 81.05pt;\" width=\"108\">\u4e00<\/td>\n<\/tr>\n<\/tbody>\n<\/table>","protected":false},"parent":0,"template":"","product_category":[114],"class_list":["post-3485","product","type-product","status-publish","hentry","product_category-capacitor"],"yoast_head":"<!-- This site is optimized with the Yoast SEO plugin v27.5 - https:\/\/yoast.com\/product\/yoast-seo-wordpress\/ -->\n<title>WholesaleTCP Motor Run Capacitor - TOSUNlux Official Site - Electrical Circuit Breaker Manufacturer in China Low Voltage Electrical Supplier | TOSUNlux<\/title>\n<meta name=\"description\" content=\"TCP Motor Run Capacitor Supplier - Wholesale direct from TOSUNlux, a trusted manufacturer since 1994. Get your B2B factory quote on our certified Low Voltage electrical products.\" \/>\n<meta name=\"robots\" content=\"index, follow, max-snippet:-1, max-image-preview:large, max-video-preview:-1\" \/>\n<link rel=\"canonical\" href=\"https:\/\/www.tosunlux.eu\/pt\/products\/tcp-motor-run-capacitor\/\" \/>\n<meta property=\"og:locale\" content=\"pt_BR\" \/>\n<meta property=\"og:type\" content=\"article\" \/>\n<meta property=\"og:title\" content=\"WholesaleTCP Motor Run Capacitor - TOSUNlux Official Site - Electrical Circuit Breaker Manufacturer in China Low Voltage Electrical Supplier | TOSUNlux\" \/>\n<meta property=\"og:description\" content=\"TCP Motor Run Capacitor Supplier - Wholesale direct from TOSUNlux, a trusted manufacturer since 1994. Get your B2B factory quote on our certified Low Voltage electrical products.\" \/>\n<meta property=\"og:url\" content=\"https:\/\/www.tosunlux.eu\/pt\/products\/tcp-motor-run-capacitor\/\" \/>\n<meta property=\"og:site_name\" content=\"TOSUNlux Official Site - Electrical Circuit Breaker Manufacturer in China\" \/>\n<meta property=\"article:publisher\" content=\"https:\/\/www.facebook.com\/TOSUNelectric\/\" \/>\n<meta property=\"article:modified_time\" content=\"2022-07-11T03:09:54+00:00\" \/>\n<meta property=\"og:image\" content=\"https:\/\/www.tosunlux.eu\/wp-content\/uploads\/2023\/04\/DSC08160_\u526f\u672c.jpg\" \/>\n\t<meta property=\"og:image:width\" content=\"1500\" \/>\n\t<meta property=\"og:image:height\" content=\"940\" \/>\n\t<meta property=\"og:image:type\" content=\"image\/jpeg\" \/>\n<meta name=\"twitter:card\" content=\"summary_large_image\" \/>\n<meta name=\"twitter:label1\" content=\"Est. tempo de leitura\" \/>\n\t<meta name=\"twitter:data1\" content=\"2 minutos\" \/>\n<script type=\"application\/ld+json\" class=\"yoast-schema-graph\">{\"@context\":\"https:\\\/\\\/schema.org\",\"@graph\":[{\"@type\":\"WebPage\",\"@id\":\"https:\\\/\\\/www.tosunlux.eu\\\/sq\\\/products\\\/tcp-motor-run-capacitor\\\/\",\"url\":\"https:\\\/\\\/www.tosunlux.eu\\\/sq\\\/products\\\/tcp-motor-run-capacitor\\\/\",\"name\":\"WholesaleTCP Motor Run Capacitor - TOSUNlux Official Site - Electrical Circuit Breaker Manufacturer in China Low Voltage Electrical Supplier | TOSUNlux\",\"isPartOf\":{\"@id\":\"https:\\\/\\\/www.tosunlux.eu\\\/ru\\\/#website\"},\"datePublished\":\"2022-06-08T01:46:27+00:00\",\"dateModified\":\"2022-07-11T03:09:54+00:00\",\"description\":\"TCP Motor Run Capacitor Supplier - Wholesale direct from TOSUNlux, a trusted manufacturer since 1994. Get your B2B factory quote on our certified Low Voltage electrical products.\",\"breadcrumb\":{\"@id\":\"https:\\\/\\\/www.tosunlux.eu\\\/sq\\\/products\\\/tcp-motor-run-capacitor\\\/#breadcrumb\"},\"inLanguage\":\"pt-BR\",\"potentialAction\":[{\"@type\":\"ReadAction\",\"target\":[\"https:\\\/\\\/www.tosunlux.eu\\\/sq\\\/products\\\/tcp-motor-run-capacitor\\\/\"]}]},{\"@type\":\"BreadcrumbList\",\"@id\":\"https:\\\/\\\/www.tosunlux.eu\\\/sq\\\/products\\\/tcp-motor-run-capacitor\\\/#breadcrumb\",\"itemListElement\":[{\"@type\":\"ListItem\",\"position\":1,\"name\":\"Home\",\"item\":\"https:\\\/\\\/www.tosunlux.eu\\\/ru\\\/\"},{\"@type\":\"ListItem\",\"position\":2,\"name\":\"Products\",\"item\":\"https:\\\/\\\/www.tosunlux.eu\\\/products\\\/\"},{\"@type\":\"ListItem\",\"position\":3,\"name\":\"TCP Motor Run Capacitor\"}]},{\"@type\":\"WebSite\",\"@id\":\"https:\\\/\\\/www.tosunlux.eu\\\/ru\\\/#website\",\"url\":\"https:\\\/\\\/www.tosunlux.eu\\\/ru\\\/\",\"name\":\"TOSUNlux Official Site - Electrical Circuit Breaker Manufacturer in China\",\"description\":\"Power Distribution System Supplier\",\"publisher\":{\"@id\":\"https:\\\/\\\/www.tosunlux.eu\\\/ru\\\/#organization\"},\"alternateName\":\"TOSUNlux\",\"potentialAction\":[{\"@type\":\"SearchAction\",\"target\":{\"@type\":\"EntryPoint\",\"urlTemplate\":\"https:\\\/\\\/www.tosunlux.eu\\\/ru\\\/?s={search_term_string}\"},\"query-input\":{\"@type\":\"PropertyValueSpecification\",\"valueRequired\":true,\"valueName\":\"search_term_string\"}}],\"inLanguage\":\"pt-BR\"},{\"@type\":\"Organization\",\"@id\":\"https:\\\/\\\/www.tosunlux.eu\\\/ru\\\/#organization\",\"name\":\"TOSUNlux\",\"url\":\"https:\\\/\\\/www.tosunlux.eu\\\/ru\\\/\",\"logo\":{\"@type\":\"ImageObject\",\"inLanguage\":\"pt-BR\",\"@id\":\"https:\\\/\\\/www.tosunlux.eu\\\/ru\\\/#\\\/schema\\\/logo\\\/image\\\/\",\"url\":\"https:\\\/\\\/www.tosunlux.eu\\\/wp-content\\\/uploads\\\/2022\\\/01\\\/LOGOSYSM.71762f1.png\",\"contentUrl\":\"https:\\\/\\\/www.tosunlux.eu\\\/wp-content\\\/uploads\\\/2022\\\/01\\\/LOGOSYSM.71762f1.png\",\"width\":153,\"height\":55,\"caption\":\"TOSUNlux\"},\"image\":{\"@id\":\"https:\\\/\\\/www.tosunlux.eu\\\/ru\\\/#\\\/schema\\\/logo\\\/image\\\/\"},\"sameAs\":[\"https:\\\/\\\/www.facebook.com\\\/TOSUNelectric\\\/\",\"https:\\\/\\\/www.linkedin.com\\\/company\\\/wenzhou-tosun-electric-co.-ltd\\\/\"]}]}<\/script>\n<!-- \/ Yoast SEO plugin. -->","yoast_head_json":{"title":"Capacitor de Motor TCP Wholesale - Site Oficial da TOSUNlux - Fabricante de Disjuntores El\u00e9tricos na China, Fornecedor de Eletricidade de Baixa Tens\u00e3o | TOSUNlux","description":"Fornecedor de capacitores de funcionamento de motor TCP - Venda por atacado diretamente da TOSUNlux, um fabricante confi\u00e1vel desde 1994. Obtenha seu or\u00e7amento de f\u00e1brica B2B para nossos produtos el\u00e9tricos de baixa tens\u00e3o certificados.","robots":{"index":"index","follow":"follow","max-snippet":"max-snippet:-1","max-image-preview":"max-image-preview:large","max-video-preview":"max-video-preview:-1"},"canonical":"https:\/\/www.tosunlux.eu\/pt\/products\/tcp-motor-run-capacitor\/","og_locale":"pt_BR","og_type":"article","og_title":"WholesaleTCP Motor Run Capacitor - TOSUNlux Official Site - Electrical Circuit Breaker Manufacturer in China Low Voltage Electrical Supplier | TOSUNlux","og_description":"TCP Motor Run Capacitor Supplier - Wholesale direct from TOSUNlux, a trusted manufacturer since 1994. Get your B2B factory quote on our certified Low Voltage electrical products.","og_url":"https:\/\/www.tosunlux.eu\/pt\/products\/tcp-motor-run-capacitor\/","og_site_name":"TOSUNlux Official Site - Electrical Circuit Breaker Manufacturer in China","article_publisher":"https:\/\/www.facebook.com\/TOSUNelectric\/","article_modified_time":"2022-07-11T03:09:54+00:00","og_image":[{"width":1500,"height":940,"url":"https:\/\/www.tosunlux.eu\/wp-content\/uploads\/2023\/04\/DSC08160_\u526f\u672c.jpg","type":"image\/jpeg"}],"twitter_card":"summary_large_image","twitter_misc":{"Est. tempo de leitura":"2 minutos"},"schema":{"@context":"https:\/\/schema.org","@graph":[{"@type":"WebPage","@id":"https:\/\/www.tosunlux.eu\/sq\/products\/tcp-motor-run-capacitor\/","url":"https:\/\/www.tosunlux.eu\/sq\/products\/tcp-motor-run-capacitor\/","name":"Capacitor de Motor TCP Wholesale - Site Oficial da TOSUNlux - Fabricante de Disjuntores El\u00e9tricos na China, Fornecedor de Eletricidade de Baixa Tens\u00e3o | TOSUNlux","isPartOf":{"@id":"https:\/\/www.tosunlux.eu\/ru\/#website"},"datePublished":"2022-06-08T01:46:27+00:00","dateModified":"2022-07-11T03:09:54+00:00","description":"Fornecedor de capacitores de funcionamento de motor TCP - Venda por atacado diretamente da TOSUNlux, um fabricante confi\u00e1vel desde 1994. Obtenha seu or\u00e7amento de f\u00e1brica B2B para nossos produtos el\u00e9tricos de baixa tens\u00e3o certificados.","breadcrumb":{"@id":"https:\/\/www.tosunlux.eu\/sq\/products\/tcp-motor-run-capacitor\/#breadcrumb"},"inLanguage":"pt-BR","potentialAction":[{"@type":"ReadAction","target":["https:\/\/www.tosunlux.eu\/sq\/products\/tcp-motor-run-capacitor\/"]}]},{"@type":"BreadcrumbList","@id":"https:\/\/www.tosunlux.eu\/sq\/products\/tcp-motor-run-capacitor\/#breadcrumb","itemListElement":[{"@type":"ListItem","position":1,"name":"Home","item":"https:\/\/www.tosunlux.eu\/ru\/"},{"@type":"ListItem","position":2,"name":"Products","item":"https:\/\/www.tosunlux.eu\/products\/"},{"@type":"ListItem","position":3,"name":"TCP Motor Run Capacitor"}]},{"@type":"WebSite","@id":"https:\/\/www.tosunlux.eu\/ru\/#website","url":"https:\/\/www.tosunlux.eu\/ru\/","name":"Site Oficial TOSUNlux - Fabricante de Disjuntores El\u00e9tricos na China","description":"Fornecedor de sistema de distribui\u00e7\u00e3o de energia","publisher":{"@id":"https:\/\/www.tosunlux.eu\/ru\/#organization"},"alternateName":"TOSUNlux","potentialAction":[{"@type":"SearchAction","target":{"@type":"EntryPoint","urlTemplate":"https:\/\/www.tosunlux.eu\/ru\/?s={search_term_string}"},"query-input":{"@type":"PropertyValueSpecification","valueRequired":true,"valueName":"search_term_string"}}],"inLanguage":"pt-BR"},{"@type":"Organization","@id":"https:\/\/www.tosunlux.eu\/ru\/#organization","name":"TOSUNlux","url":"https:\/\/www.tosunlux.eu\/ru\/","logo":{"@type":"ImageObject","inLanguage":"pt-BR","@id":"https:\/\/www.tosunlux.eu\/ru\/#\/schema\/logo\/image\/","url":"https:\/\/www.tosunlux.eu\/wp-content\/uploads\/2022\/01\/LOGOSYSM.71762f1.png","contentUrl":"https:\/\/www.tosunlux.eu\/wp-content\/uploads\/2022\/01\/LOGOSYSM.71762f1.png","width":153,"height":55,"caption":"TOSUNlux"},"image":{"@id":"https:\/\/www.tosunlux.eu\/ru\/#\/schema\/logo\/image\/"},"sameAs":["https:\/\/www.facebook.com\/TOSUNelectric\/","https:\/\/www.linkedin.com\/company\/wenzhou-tosun-electric-co.-ltd\/"]}]}},"_links":{"self":[{"href":"https:\/\/www.tosunlux.eu\/pt\/wp-json\/wp\/v2\/product\/3485","targetHints":{"allow":["GET"]}}],"collection":[{"href":"https:\/\/www.tosunlux.eu\/pt\/wp-json\/wp\/v2\/product"}],"about":[{"href":"https:\/\/www.tosunlux.eu\/pt\/wp-json\/wp\/v2\/types\/product"}],"version-history":[{"count":0,"href":"https:\/\/www.tosunlux.eu\/pt\/wp-json\/wp\/v2\/product\/3485\/revisions"}],"wp:attachment":[{"href":"https:\/\/www.tosunlux.eu\/pt\/wp-json\/wp\/v2\/media?parent=3485"}],"wp:term":[{"taxonomy":"product_category","embeddable":true,"href":"https:\/\/www.tosunlux.eu\/pt\/wp-json\/wp\/v2\/product_category?post=3485"}],"curies":[{"name":"wp","href":"https:\/\/api.w.org\/{rel}","templated":true}]}}