{"id":3739,"date":"2022-06-13T10:13:44","date_gmt":"2022-06-13T02:13:44","guid":{"rendered":"https:\/\/www.tosunlux.eu\/?post_type=product&#038;p=3739"},"modified":"2022-06-17T13:38:23","modified_gmt":"2022-06-17T05:38:23","slug":"buzzer","status":"publish","type":"product","link":"https:\/\/www.tosunlux.eu\/pt\/products\/buzzer\/","title":{"rendered":"Campainha FM-1"},"content":{"rendered":"<p><strong>Especifica\u00e7\u00e3o<\/strong><\/p>\n\n\n\n<div class=\"wp-block-image\"><figure class=\"aligncenter size-large is-resized\"><img fetchpriority=\"high\" decoding=\"async\" src=\"https:\/\/www.tosunlux.eu\/wp-content\/uploads\/2022\/06\/FM-1-2-1024x1024.jpg\" alt=\"\" class=\"wp-image-3747\" width=\"554\" height=\"554\" srcset=\"https:\/\/www.tosunlux.eu\/wp-content\/uploads\/2022\/06\/FM-1-2-1024x1024.jpg 1024w, https:\/\/www.tosunlux.eu\/wp-content\/uploads\/2022\/06\/FM-1-2-300x300.jpg 300w, https:\/\/www.tosunlux.eu\/wp-content\/uploads\/2022\/06\/FM-1-2-150x150.jpg 150w, https:\/\/www.tosunlux.eu\/wp-content\/uploads\/2022\/06\/FM-1-2-768x768.jpg 768w, https:\/\/www.tosunlux.eu\/wp-content\/uploads\/2022\/06\/FM-1-2-1536x1536.jpg 1536w, https:\/\/www.tosunlux.eu\/wp-content\/uploads\/2022\/06\/FM-1-2.jpg 1600w\" sizes=\"(max-width: 554px) 100vw, 554px\" \/><\/figure><\/div>\n\n\n\n<figure class=\"wp-block-gallery columns-2 is-cropped wp-block-gallery-1 is-layout-flex wp-block-gallery-is-layout-flex\"><ul class=\"blocks-gallery-grid\"><li class=\"blocks-gallery-item\"><figure><img decoding=\"async\" width=\"1024\" height=\"1024\" src=\"https:\/\/www.tosunlux.eu\/wp-content\/uploads\/2022\/06\/FM-1\u7ebf\u56fe1-2-1024x1024.jpg\" alt=\"\" data-id=\"3748\" data-full-url=\"https:\/\/www.tosunlux.eu\/wp-content\/uploads\/2022\/06\/FM-1\u7ebf\u56fe1-2.jpg\" data-link=\"https:\/\/www.tosunlux.eu\/?attachment_id=3748\" class=\"wp-image-3748\" srcset=\"https:\/\/www.tosunlux.eu\/wp-content\/uploads\/2022\/06\/FM-1\u7ebf\u56fe1-2-1024x1024.jpg 1024w, https:\/\/www.tosunlux.eu\/wp-content\/uploads\/2022\/06\/FM-1\u7ebf\u56fe1-2-300x300.jpg 300w, https:\/\/www.tosunlux.eu\/wp-content\/uploads\/2022\/06\/FM-1\u7ebf\u56fe1-2-150x150.jpg 150w, https:\/\/www.tosunlux.eu\/wp-content\/uploads\/2022\/06\/FM-1\u7ebf\u56fe1-2-768x768.jpg 768w, https:\/\/www.tosunlux.eu\/wp-content\/uploads\/2022\/06\/FM-1\u7ebf\u56fe1-2-1536x1536.jpg 1536w, https:\/\/www.tosunlux.eu\/wp-content\/uploads\/2022\/06\/FM-1\u7ebf\u56fe1-2.jpg 1600w\" sizes=\"(max-width: 1024px) 100vw, 1024px\" \/><\/figure><\/li><li class=\"blocks-gallery-item\"><figure><img decoding=\"async\" width=\"1024\" height=\"1024\" src=\"https:\/\/www.tosunlux.eu\/wp-content\/uploads\/2022\/06\/FM-1\u7ebf\u56fe2-2-1024x1024.jpg\" alt=\"\" data-id=\"3749\" data-full-url=\"https:\/\/www.tosunlux.eu\/wp-content\/uploads\/2022\/06\/FM-1\u7ebf\u56fe2-2.jpg\" data-link=\"https:\/\/www.tosunlux.eu\/?attachment_id=3749\" class=\"wp-image-3749\" srcset=\"https:\/\/www.tosunlux.eu\/wp-content\/uploads\/2022\/06\/FM-1\u7ebf\u56fe2-2-1024x1024.jpg 1024w, https:\/\/www.tosunlux.eu\/wp-content\/uploads\/2022\/06\/FM-1\u7ebf\u56fe2-2-300x300.jpg 300w, https:\/\/www.tosunlux.eu\/wp-content\/uploads\/2022\/06\/FM-1\u7ebf\u56fe2-2-150x150.jpg 150w, https:\/\/www.tosunlux.eu\/wp-content\/uploads\/2022\/06\/FM-1\u7ebf\u56fe2-2-768x768.jpg 768w, https:\/\/www.tosunlux.eu\/wp-content\/uploads\/2022\/06\/FM-1\u7ebf\u56fe2-2-1536x1536.jpg 1536w, https:\/\/www.tosunlux.eu\/wp-content\/uploads\/2022\/06\/FM-1\u7ebf\u56fe2-2.jpg 1600w\" sizes=\"(max-width: 1024px) 100vw, 1024px\" \/><\/figure><\/li><\/ul><\/figure>\n\n\n\n<p><\/p>","protected":false},"parent":0,"template":"","product_category":[36,113],"class_list":["post-3739","product","type-product","status-publish","hentry","product_category-electrical-accessories","product_category-buzzer-bell-alarm-light"],"yoast_head":"<!-- This site is optimized with the Yoast SEO plugin v27.3 - https:\/\/yoast.com\/product\/yoast-seo-wordpress\/ -->\n<title>WholesaleFM-1 Buzzer - TOSUNlux Official Site - Electrical Circuit Breaker Manufacturer in China Low Voltage Electrical Supplier | TOSUNlux<\/title>\n<meta name=\"description\" content=\"FM-1 Buzzer Supplier - Wholesale direct from TOSUNlux, a trusted manufacturer since 1994. Get your B2B factory quote on our certified Low Voltage electrical products.\" \/>\n<meta name=\"robots\" content=\"index, follow, max-snippet:-1, max-image-preview:large, max-video-preview:-1\" \/>\n<link rel=\"canonical\" href=\"https:\/\/www.tosunlux.eu\/pt\/products\/buzzer\/\" \/>\n<meta property=\"og:locale\" content=\"pt_BR\" \/>\n<meta property=\"og:type\" content=\"article\" \/>\n<meta property=\"og:title\" content=\"WholesaleFM-1 Buzzer - TOSUNlux Official Site - Electrical Circuit Breaker Manufacturer in China Low Voltage Electrical Supplier | TOSUNlux\" \/>\n<meta property=\"og:description\" content=\"FM-1 Buzzer Supplier - Wholesale direct from TOSUNlux, a trusted manufacturer since 1994. Get your B2B factory quote on our certified Low Voltage electrical products.\" \/>\n<meta property=\"og:url\" content=\"https:\/\/www.tosunlux.eu\/pt\/products\/buzzer\/\" \/>\n<meta property=\"og:site_name\" content=\"TOSUNlux Official Site - Electrical Circuit Breaker Manufacturer in China\" \/>\n<meta property=\"article:publisher\" content=\"https:\/\/www.facebook.com\/TOSUNelectric\/\" \/>\n<meta property=\"article:modified_time\" content=\"2022-06-17T05:38:23+00:00\" \/>\n<meta property=\"og:image\" content=\"https:\/\/www.tosunlux.eu\/wp-content\/uploads\/2022\/06\/FM-1-2-1024x1024.jpg\" \/>\n<meta name=\"twitter:card\" content=\"summary_large_image\" \/>\n<meta name=\"twitter:label1\" content=\"Est. tempo de leitura\" \/>\n\t<meta name=\"twitter:data1\" content=\"1 minuto\" \/>\n<script type=\"application\/ld+json\" class=\"yoast-schema-graph\">{\"@context\":\"https:\\\/\\\/schema.org\",\"@graph\":[{\"@type\":\"WebPage\",\"@id\":\"https:\\\/\\\/www.tosunlux.eu\\\/es\\\/products\\\/buzzer\\\/\",\"url\":\"https:\\\/\\\/www.tosunlux.eu\\\/es\\\/products\\\/buzzer\\\/\",\"name\":\"WholesaleFM-1 Buzzer - TOSUNlux Official Site - Electrical Circuit Breaker Manufacturer in China Low Voltage Electrical Supplier | TOSUNlux\",\"isPartOf\":{\"@id\":\"https:\\\/\\\/www.tosunlux.eu\\\/ru\\\/#website\"},\"primaryImageOfPage\":{\"@id\":\"https:\\\/\\\/www.tosunlux.eu\\\/es\\\/products\\\/buzzer\\\/#primaryimage\"},\"image\":{\"@id\":\"https:\\\/\\\/www.tosunlux.eu\\\/es\\\/products\\\/buzzer\\\/#primaryimage\"},\"thumbnailUrl\":\"https:\\\/\\\/www.tosunlux.eu\\\/wp-content\\\/uploads\\\/2022\\\/06\\\/FM-1-2-1024x1024.jpg\",\"datePublished\":\"2022-06-13T02:13:44+00:00\",\"dateModified\":\"2022-06-17T05:38:23+00:00\",\"description\":\"FM-1 Buzzer Supplier - Wholesale direct from TOSUNlux, a trusted manufacturer since 1994. Get your B2B factory quote on our certified Low Voltage electrical products.\",\"breadcrumb\":{\"@id\":\"https:\\\/\\\/www.tosunlux.eu\\\/es\\\/products\\\/buzzer\\\/#breadcrumb\"},\"inLanguage\":\"pt-BR\",\"potentialAction\":[{\"@type\":\"ReadAction\",\"target\":[\"https:\\\/\\\/www.tosunlux.eu\\\/es\\\/products\\\/buzzer\\\/\"]}]},{\"@type\":\"ImageObject\",\"inLanguage\":\"pt-BR\",\"@id\":\"https:\\\/\\\/www.tosunlux.eu\\\/es\\\/products\\\/buzzer\\\/#primaryimage\",\"url\":\"https:\\\/\\\/www.tosunlux.eu\\\/wp-content\\\/uploads\\\/2022\\\/06\\\/FM-1-2-1024x1024.jpg\",\"contentUrl\":\"https:\\\/\\\/www.tosunlux.eu\\\/wp-content\\\/uploads\\\/2022\\\/06\\\/FM-1-2-1024x1024.jpg\"},{\"@type\":\"BreadcrumbList\",\"@id\":\"https:\\\/\\\/www.tosunlux.eu\\\/es\\\/products\\\/buzzer\\\/#breadcrumb\",\"itemListElement\":[{\"@type\":\"ListItem\",\"position\":1,\"name\":\"Home\",\"item\":\"https:\\\/\\\/www.tosunlux.eu\\\/ru\\\/\"},{\"@type\":\"ListItem\",\"position\":2,\"name\":\"Products\",\"item\":\"https:\\\/\\\/www.tosunlux.eu\\\/products\\\/\"},{\"@type\":\"ListItem\",\"position\":3,\"name\":\"FM-1 Buzzer\"}]},{\"@type\":\"WebSite\",\"@id\":\"https:\\\/\\\/www.tosunlux.eu\\\/ru\\\/#website\",\"url\":\"https:\\\/\\\/www.tosunlux.eu\\\/ru\\\/\",\"name\":\"TOSUNlux Official Site - Electrical Circuit Breaker Manufacturer in China\",\"description\":\"Power Distribution System Supplier\",\"publisher\":{\"@id\":\"https:\\\/\\\/www.tosunlux.eu\\\/ru\\\/#organization\"},\"alternateName\":\"TOSUNlux\",\"potentialAction\":[{\"@type\":\"SearchAction\",\"target\":{\"@type\":\"EntryPoint\",\"urlTemplate\":\"https:\\\/\\\/www.tosunlux.eu\\\/ru\\\/?s={search_term_string}\"},\"query-input\":{\"@type\":\"PropertyValueSpecification\",\"valueRequired\":true,\"valueName\":\"search_term_string\"}}],\"inLanguage\":\"pt-BR\"},{\"@type\":\"Organization\",\"@id\":\"https:\\\/\\\/www.tosunlux.eu\\\/ru\\\/#organization\",\"name\":\"TOSUNlux\",\"url\":\"https:\\\/\\\/www.tosunlux.eu\\\/ru\\\/\",\"logo\":{\"@type\":\"ImageObject\",\"inLanguage\":\"pt-BR\",\"@id\":\"https:\\\/\\\/www.tosunlux.eu\\\/ru\\\/#\\\/schema\\\/logo\\\/image\\\/\",\"url\":\"https:\\\/\\\/www.tosunlux.eu\\\/wp-content\\\/uploads\\\/2022\\\/01\\\/LOGOSYSM.71762f1.png\",\"contentUrl\":\"https:\\\/\\\/www.tosunlux.eu\\\/wp-content\\\/uploads\\\/2022\\\/01\\\/LOGOSYSM.71762f1.png\",\"width\":153,\"height\":55,\"caption\":\"TOSUNlux\"},\"image\":{\"@id\":\"https:\\\/\\\/www.tosunlux.eu\\\/ru\\\/#\\\/schema\\\/logo\\\/image\\\/\"},\"sameAs\":[\"https:\\\/\\\/www.facebook.com\\\/TOSUNelectric\\\/\",\"https:\\\/\\\/www.linkedin.com\\\/company\\\/wenzhou-tosun-electric-co.-ltd\\\/\"]}]}<\/script>\n<!-- \/ Yoast SEO plugin. -->","yoast_head_json":{"title":"WholesaleFM-1 Buzzer - TOSUNlux Official Site - Electrical Circuit Breaker Manufacturer in China Low Voltage Electrical Supplier | TOSUNlux","description":"FM-1 Buzzer Supplier - Wholesale direct from TOSUNlux, a trusted manufacturer since 1994. Get your B2B factory quote on our certified Low Voltage electrical products.","robots":{"index":"index","follow":"follow","max-snippet":"max-snippet:-1","max-image-preview":"max-image-preview:large","max-video-preview":"max-video-preview:-1"},"canonical":"https:\/\/www.tosunlux.eu\/pt\/products\/buzzer\/","og_locale":"pt_BR","og_type":"article","og_title":"WholesaleFM-1 Buzzer - TOSUNlux Official Site - Electrical Circuit Breaker Manufacturer in China Low Voltage Electrical Supplier | TOSUNlux","og_description":"FM-1 Buzzer Supplier - Wholesale direct from TOSUNlux, a trusted manufacturer since 1994. Get your B2B factory quote on our certified Low Voltage electrical products.","og_url":"https:\/\/www.tosunlux.eu\/pt\/products\/buzzer\/","og_site_name":"TOSUNlux Official Site - Electrical Circuit Breaker Manufacturer in China","article_publisher":"https:\/\/www.facebook.com\/TOSUNelectric\/","article_modified_time":"2022-06-17T05:38:23+00:00","og_image":[{"url":"https:\/\/www.tosunlux.eu\/wp-content\/uploads\/2022\/06\/FM-1-2-1024x1024.jpg","type":"","width":"","height":""}],"twitter_card":"summary_large_image","twitter_misc":{"Est. tempo de leitura":"1 minuto"},"schema":{"@context":"https:\/\/schema.org","@graph":[{"@type":"WebPage","@id":"https:\/\/www.tosunlux.eu\/es\/products\/buzzer\/","url":"https:\/\/www.tosunlux.eu\/es\/products\/buzzer\/","name":"WholesaleFM-1 Buzzer - TOSUNlux Official Site - Electrical Circuit Breaker Manufacturer in China Low Voltage Electrical Supplier | TOSUNlux","isPartOf":{"@id":"https:\/\/www.tosunlux.eu\/ru\/#website"},"primaryImageOfPage":{"@id":"https:\/\/www.tosunlux.eu\/es\/products\/buzzer\/#primaryimage"},"image":{"@id":"https:\/\/www.tosunlux.eu\/es\/products\/buzzer\/#primaryimage"},"thumbnailUrl":"https:\/\/www.tosunlux.eu\/wp-content\/uploads\/2022\/06\/FM-1-2-1024x1024.jpg","datePublished":"2022-06-13T02:13:44+00:00","dateModified":"2022-06-17T05:38:23+00:00","description":"FM-1 Buzzer Supplier - Wholesale direct from TOSUNlux, a trusted manufacturer since 1994. Get your B2B factory quote on our certified Low Voltage electrical products.","breadcrumb":{"@id":"https:\/\/www.tosunlux.eu\/es\/products\/buzzer\/#breadcrumb"},"inLanguage":"pt-BR","potentialAction":[{"@type":"ReadAction","target":["https:\/\/www.tosunlux.eu\/es\/products\/buzzer\/"]}]},{"@type":"ImageObject","inLanguage":"pt-BR","@id":"https:\/\/www.tosunlux.eu\/es\/products\/buzzer\/#primaryimage","url":"https:\/\/www.tosunlux.eu\/wp-content\/uploads\/2022\/06\/FM-1-2-1024x1024.jpg","contentUrl":"https:\/\/www.tosunlux.eu\/wp-content\/uploads\/2022\/06\/FM-1-2-1024x1024.jpg"},{"@type":"BreadcrumbList","@id":"https:\/\/www.tosunlux.eu\/es\/products\/buzzer\/#breadcrumb","itemListElement":[{"@type":"ListItem","position":1,"name":"Home","item":"https:\/\/www.tosunlux.eu\/ru\/"},{"@type":"ListItem","position":2,"name":"Products","item":"https:\/\/www.tosunlux.eu\/products\/"},{"@type":"ListItem","position":3,"name":"FM-1 Buzzer"}]},{"@type":"WebSite","@id":"https:\/\/www.tosunlux.eu\/ru\/#website","url":"https:\/\/www.tosunlux.eu\/ru\/","name":"Site Oficial TOSUNlux - Fabricante de Disjuntores El\u00e9tricos na China","description":"Fornecedor de sistema de distribui\u00e7\u00e3o de energia","publisher":{"@id":"https:\/\/www.tosunlux.eu\/ru\/#organization"},"alternateName":"TOSUNlux","potentialAction":[{"@type":"SearchAction","target":{"@type":"EntryPoint","urlTemplate":"https:\/\/www.tosunlux.eu\/ru\/?s={search_term_string}"},"query-input":{"@type":"PropertyValueSpecification","valueRequired":true,"valueName":"search_term_string"}}],"inLanguage":"pt-BR"},{"@type":"Organization","@id":"https:\/\/www.tosunlux.eu\/ru\/#organization","name":"TOSUNlux","url":"https:\/\/www.tosunlux.eu\/ru\/","logo":{"@type":"ImageObject","inLanguage":"pt-BR","@id":"https:\/\/www.tosunlux.eu\/ru\/#\/schema\/logo\/image\/","url":"https:\/\/www.tosunlux.eu\/wp-content\/uploads\/2022\/01\/LOGOSYSM.71762f1.png","contentUrl":"https:\/\/www.tosunlux.eu\/wp-content\/uploads\/2022\/01\/LOGOSYSM.71762f1.png","width":153,"height":55,"caption":"TOSUNlux"},"image":{"@id":"https:\/\/www.tosunlux.eu\/ru\/#\/schema\/logo\/image\/"},"sameAs":["https:\/\/www.facebook.com\/TOSUNelectric\/","https:\/\/www.linkedin.com\/company\/wenzhou-tosun-electric-co.-ltd\/"]}]}},"_links":{"self":[{"href":"https:\/\/www.tosunlux.eu\/pt\/wp-json\/wp\/v2\/product\/3739","targetHints":{"allow":["GET"]}}],"collection":[{"href":"https:\/\/www.tosunlux.eu\/pt\/wp-json\/wp\/v2\/product"}],"about":[{"href":"https:\/\/www.tosunlux.eu\/pt\/wp-json\/wp\/v2\/types\/product"}],"version-history":[{"count":0,"href":"https:\/\/www.tosunlux.eu\/pt\/wp-json\/wp\/v2\/product\/3739\/revisions"}],"wp:attachment":[{"href":"https:\/\/www.tosunlux.eu\/pt\/wp-json\/wp\/v2\/media?parent=3739"}],"wp:term":[{"taxonomy":"product_category","embeddable":true,"href":"https:\/\/www.tosunlux.eu\/pt\/wp-json\/wp\/v2\/product_category?post=3739"}],"curies":[{"name":"wp","href":"https:\/\/api.w.org\/{rel}","templated":true}]}}