{"id":4664,"date":"2022-07-18T13:04:09","date_gmt":"2022-07-18T05:04:09","guid":{"rendered":"https:\/\/www.tosunlux.eu\/?post_type=product&#038;p=4664"},"modified":"2023-06-08T11:11:16","modified_gmt":"2023-06-08T03:11:16","slug":"ttd-terminal-block","status":"publish","type":"product","link":"https:\/\/www.tosunlux.eu\/pt\/products\/ttd-terminal-block\/","title":{"rendered":"Bloco Terminal TTD"},"content":{"rendered":"<figure class=\"wp-block-image size-large\"><img fetchpriority=\"high\" decoding=\"async\" width=\"1024\" height=\"397\" src=\"https:\/\/www.tosunlux.eu\/wp-content\/uploads\/2022\/07\/\u603b1-1024x397.jpg\" alt=\"\" class=\"wp-image-4665\" srcset=\"https:\/\/www.tosunlux.eu\/wp-content\/uploads\/2022\/07\/\u603b1-1024x397.jpg 1024w, https:\/\/www.tosunlux.eu\/wp-content\/uploads\/2022\/07\/\u603b1-300x116.jpg 300w, https:\/\/www.tosunlux.eu\/wp-content\/uploads\/2022\/07\/\u603b1-768x298.jpg 768w, https:\/\/www.tosunlux.eu\/wp-content\/uploads\/2022\/07\/\u603b1-1536x596.jpg 1536w, https:\/\/www.tosunlux.eu\/wp-content\/uploads\/2022\/07\/\u603b1.jpg 1937w\" sizes=\"(max-width: 1024px) 100vw, 1024px\" \/><\/figure>\n\n\n\n<p><\/p>\n\n\n<p><\/p>\n<p><strong>Especifica\u00e7\u00e3o<\/strong><\/p>\n<table style=\"border-collapse: collapse; width: 799.52pt;\" border=\"0\" width=\"1066\" cellspacing=\"0\" cellpadding=\"0\">\n<tbody>\n<tr style=\"height: 42.10pt;\">\n<td class=\"et2\" style=\"height: 42.1pt; width: 105.4pt; text-align: center;\" width=\"140\" height=\"56\">Modelo<\/td>\n<td class=\"et2\" style=\"width: 90.95pt; text-align: center;\" width=\"121\">Quantidade de Furo<\/td>\n<td class=\"et2\" style=\"width: 108.85pt; text-align: center;\" width=\"145\">Corrente Nominal<\/td>\n<td class=\"et2\" style=\"width: 98.5pt; text-align: center;\" width=\"131\">m\u00e1x. Se\u00e7\u00e3o<\/td>\n<td class=\"et2\" style=\"width: 225.1pt; text-align: center;\" width=\"300\">Dimens\u00e3o L x A x L<\/td>\n<td class=\"et2\" style=\"width: 170.75pt; text-align: center;\" width=\"227\">Di\u00e2metro das Conex\u00f5es por Barramento<\/td>\n<\/tr>\n<tr style=\"height: 18.85pt;\">\n<td class=\"et2\" style=\"height: 18.85pt; width: 105.4pt; text-align: center;\" width=\"140\" height=\"25\">TTD-1<\/td>\n<td class=\"et2\" style=\"width: 90.95pt; text-align: center;\" width=\"121\">2\u00d77<\/td>\n<td class=\"et2\" style=\"width: 108.85pt; text-align: center;\" width=\"145\">100A<\/td>\n<td class=\"et2\" style=\"width: 98.5pt; text-align: center;\" width=\"131\">35mm\u00b2<\/td>\n<td class=\"et2\" style=\"width: 225.1pt; text-align: center;\" width=\"300\">67x45x50<\/td>\n<td class=\"et2\" style=\"width: 170.75pt; text-align: center;\" width=\"227\">5\/5.3,2\/7.5<\/td>\n<\/tr>\n<tr style=\"height: 19.60pt;\">\n<td class=\"et2\" style=\"height: 19.6pt; width: 105.4pt; text-align: center;\" width=\"140\" height=\"26\">TTD-2<\/td>\n<td class=\"et2\" style=\"width: 90.95pt; text-align: center;\" width=\"121\">2\u00d711<\/td>\n<td class=\"et2\" style=\"width: 108.85pt; text-align: center;\" width=\"145\">125A<\/td>\n<td class=\"et2\" style=\"width: 98.5pt; text-align: center;\" width=\"131\">35mm\u00b2<\/td>\n<td class=\"et2\" style=\"width: 225.1pt; text-align: center;\" width=\"300\">100x45x50<\/td>\n<td class=\"et2\" style=\"width: 170.75pt; text-align: center;\" width=\"227\">7\/5.3, 4\/7.5,<\/td>\n<\/tr>\n<tr style=\"height: 20.30pt;\">\n<td class=\"et2\" style=\"height: 20.3pt; width: 105.4pt; text-align: center;\" width=\"140\" height=\"27\">TTD-3<\/td>\n<td class=\"et2\" style=\"width: 90.95pt; text-align: center;\" width=\"121\">2\u00d715<\/td>\n<td class=\"et2\" style=\"width: 108.85pt; text-align: center;\" width=\"145\">125A<\/td>\n<td class=\"et2\" style=\"width: 98.5pt; text-align: center;\" width=\"131\">35mm\u00b2<\/td>\n<td class=\"et2\" style=\"width: 225.1pt; text-align: center;\" width=\"300\">134x45x50<\/td>\n<td class=\"et2\" style=\"width: 170.75pt; text-align: center;\" width=\"227\">11\/5.3,2\/7.5, 2\/8.5<\/td>\n<\/tr>\n<tr style=\"height: 19.60pt;\">\n<td class=\"et2\" style=\"height: 19.6pt; width: 105.4pt; text-align: center;\" width=\"140\" height=\"26\">TTD-4<\/td>\n<td class=\"et2\" style=\"width: 90.95pt; text-align: center;\" width=\"121\">4\u00d77<\/td>\n<td class=\"et2\" style=\"width: 108.85pt; text-align: center;\" width=\"145\">100A<\/td>\n<td class=\"et2\" style=\"width: 98.5pt; text-align: center;\" width=\"131\">35mm\u00b2<\/td>\n<td class=\"et2\" style=\"width: 225.1pt; text-align: center;\" width=\"300\">67x85x50<\/td>\n<td class=\"et2\" style=\"width: 170.75pt; text-align: center;\" width=\"227\">5\/5.3,2\/7.5<\/td>\n<\/tr>\n<tr style=\"height: 20.30pt;\">\n<td class=\"et2\" style=\"height: 20.3pt; width: 105.4pt; text-align: center;\" width=\"140\" height=\"27\">TTD-5<\/td>\n<td class=\"et2\" style=\"width: 90.95pt; text-align: center;\" width=\"121\">4\u00d711<\/td>\n<td class=\"et2\" style=\"width: 108.85pt; text-align: center;\" width=\"145\">125A<\/td>\n<td class=\"et2\" style=\"width: 98.5pt; text-align: center;\" width=\"131\">35mm\u00b2<\/td>\n<td class=\"et2\" style=\"width: 225.1pt; text-align: center;\" width=\"300\">100x90x50<\/td>\n<td class=\"et2\" style=\"width: 170.75pt; text-align: center;\" width=\"227\">7\/5.3, 4\/7.5<\/td>\n<\/tr>\n<tr style=\"height: 19.60pt;\">\n<td class=\"et2\" style=\"height: 19.6pt; width: 105.4pt; text-align: center;\" width=\"140\" height=\"26\">TTD-6<\/td>\n<td class=\"et2\" style=\"width: 90.95pt; text-align: center;\" width=\"121\">4\u00d715<\/td>\n<td class=\"et2\" style=\"width: 108.85pt; text-align: center;\" width=\"145\">125A<\/td>\n<td class=\"et2\" style=\"width: 98.5pt; text-align: center;\" width=\"131\">35mm\u00b2<\/td>\n<td class=\"et2\" style=\"width: 225.1pt; text-align: center;\" width=\"300\">134x90x50<\/td>\n<td class=\"et2\" style=\"width: 170.75pt; text-align: center;\" width=\"227\">11\/5.3,2\/7.5, 2\/8.5<\/td>\n<\/tr>\n<tr style=\"height: 20.30pt;\">\n<td class=\"et2\" style=\"height: 20.3pt; width: 105.4pt; text-align: center;\" width=\"140\" height=\"27\">TTD-7<\/td>\n<td class=\"et2\" style=\"width: 90.95pt; text-align: center;\" width=\"121\">4\u00d713<\/td>\n<td class=\"et2\" style=\"width: 108.85pt; text-align: center;\" width=\"145\">160A<\/td>\n<td class=\"et2\" style=\"width: 98.5pt; text-align: center;\" width=\"131\">50mm\u00b2<\/td>\n<td class=\"et2\" style=\"width: 225.1pt; text-align: center;\" width=\"300\">180x138x73<\/td>\n<td class=\"et2\" style=\"width: 170.75pt; text-align: center;\" width=\"227\">8\/7 4\/9 1\/12<\/td>\n<\/tr>\n<tr style=\"height: 19.60pt;\">\n<td class=\"et2\" style=\"height: 19.6pt; width: 105.4pt; text-align: center;\" width=\"140\" height=\"26\">TTD-8<\/td>\n<td class=\"et2\" style=\"width: 90.95pt; text-align: center;\" width=\"121\">4\u00d711<\/td>\n<td class=\"et2\" style=\"width: 108.85pt; text-align: center;\" width=\"145\">200A<\/td>\n<td class=\"et2\" style=\"width: 98.5pt; text-align: center;\" width=\"131\">75mm\u00b2<\/td>\n<td class=\"et2\" style=\"width: 225.1pt; text-align: center;\" width=\"300\">270x130x75<\/td>\n<td class=\"et2\" style=\"width: 170.75pt; text-align: center;\" width=\"227\">10\/M6,1\/M8<\/td>\n<\/tr>\n<tr style=\"height: 19.60pt;\">\n<td class=\"et2\" style=\"height: 19.6pt; width: 105.4pt; text-align: center;\" width=\"140\" height=\"26\">TTD-9<\/td>\n<td class=\"et2\" style=\"width: 90.95pt; text-align: center;\" width=\"121\">4\u00d711<\/td>\n<td class=\"et2\" style=\"width: 108.85pt; text-align: center;\" width=\"145\">250A<\/td>\n<td class=\"et2\" style=\"width: 98.5pt; text-align: center;\" width=\"131\">100mm\u00b2<\/td>\n<td class=\"et2\" style=\"width: 225.1pt; text-align: center;\" width=\"300\">270x130x75<\/td>\n<td class=\"et2\" style=\"width: 170.75pt; text-align: center;\" width=\"227\">10\/M6, 1\/M10<\/td>\n<\/tr>\n<tr style=\"height: 19.60pt;\">\n<td class=\"et2\" style=\"height: 19.6pt; width: 105.4pt; text-align: center;\" width=\"140\" height=\"26\">TTD-10<\/td>\n<td class=\"et2\" style=\"width: 90.95pt; text-align: center;\" width=\"121\">4\u00d710<\/td>\n<td class=\"et2\" style=\"width: 108.85pt; text-align: center;\" width=\"145\">400A<\/td>\n<td class=\"et2\" style=\"width: 98.5pt; text-align: center;\" width=\"131\">180mm\u00b2<\/td>\n<td class=\"et2\" style=\"width: 225.1pt; text-align: center;\" width=\"300\">270x130x75<\/td>\n<td class=\"et2\" style=\"width: 170.75pt; text-align: center;\" width=\"227\">9\/M6, 1\/M10<\/td>\n<\/tr>\n<\/tbody>\n<\/table>\n\n\n<p><\/p>","protected":false},"parent":0,"template":"","product_category":[36,105],"class_list":["post-4664","product","type-product","status-publish","hentry","product_category-electrical-accessories","product_category-terminal-block"],"yoast_head":"<!-- This site is optimized with the Yoast SEO plugin v27.4 - https:\/\/yoast.com\/product\/yoast-seo-wordpress\/ -->\n<title>WholesaleTTD Terminal Block - TOSUNlux Official Site - Electrical Circuit Breaker Manufacturer in China Low Voltage Electrical Supplier | TOSUNlux<\/title>\n<meta name=\"description\" content=\"TTD Terminal Block Supplier - Wholesale direct from TOSUNlux, a trusted manufacturer since 1994. Get your B2B factory quote on our certified Low Voltage electrical products.\" \/>\n<meta name=\"robots\" content=\"index, follow, max-snippet:-1, max-image-preview:large, max-video-preview:-1\" \/>\n<link rel=\"canonical\" href=\"https:\/\/www.tosunlux.eu\/pt\/products\/ttd-terminal-block\/\" \/>\n<meta property=\"og:locale\" content=\"pt_BR\" \/>\n<meta property=\"og:type\" content=\"article\" \/>\n<meta property=\"og:title\" content=\"WholesaleTTD Terminal Block - TOSUNlux Official Site - Electrical Circuit Breaker Manufacturer in China Low Voltage Electrical Supplier | TOSUNlux\" \/>\n<meta property=\"og:description\" content=\"TTD Terminal Block Supplier - Wholesale direct from TOSUNlux, a trusted manufacturer since 1994. Get your B2B factory quote on our certified Low Voltage electrical products.\" \/>\n<meta property=\"og:url\" content=\"https:\/\/www.tosunlux.eu\/pt\/products\/ttd-terminal-block\/\" \/>\n<meta property=\"og:site_name\" content=\"TOSUNlux Official Site - Electrical Circuit Breaker Manufacturer in China\" \/>\n<meta property=\"article:publisher\" content=\"https:\/\/www.facebook.com\/TOSUNelectric\/\" \/>\n<meta property=\"article:modified_time\" content=\"2023-06-08T03:11:16+00:00\" \/>\n<meta property=\"og:image\" content=\"https:\/\/www.tosunlux.eu\/wp-content\/uploads\/2023\/04\/DSC08160_\u526f\u672c.jpg\" \/>\n\t<meta property=\"og:image:width\" content=\"1500\" \/>\n\t<meta property=\"og:image:height\" content=\"940\" \/>\n\t<meta property=\"og:image:type\" content=\"image\/jpeg\" \/>\n<meta name=\"twitter:card\" content=\"summary_large_image\" \/>\n<meta name=\"twitter:label1\" content=\"Est. tempo de leitura\" \/>\n\t<meta name=\"twitter:data1\" content=\"1 minuto\" \/>\n<script type=\"application\/ld+json\" class=\"yoast-schema-graph\">{\"@context\":\"https:\\\/\\\/schema.org\",\"@graph\":[{\"@type\":\"WebPage\",\"@id\":\"https:\\\/\\\/www.tosunlux.eu\\\/fr\\\/products\\\/ttd-terminal-block\\\/\",\"url\":\"https:\\\/\\\/www.tosunlux.eu\\\/fr\\\/products\\\/ttd-terminal-block\\\/\",\"name\":\"WholesaleTTD Terminal Block - TOSUNlux Official Site - Electrical Circuit Breaker Manufacturer in China Low Voltage Electrical Supplier | TOSUNlux\",\"isPartOf\":{\"@id\":\"https:\\\/\\\/www.tosunlux.eu\\\/ru\\\/#website\"},\"datePublished\":\"2022-07-18T05:04:09+00:00\",\"dateModified\":\"2023-06-08T03:11:16+00:00\",\"description\":\"TTD Terminal Block Supplier - Wholesale direct from TOSUNlux, a trusted manufacturer since 1994. Get your B2B factory quote on our certified Low Voltage electrical products.\",\"breadcrumb\":{\"@id\":\"https:\\\/\\\/www.tosunlux.eu\\\/fr\\\/products\\\/ttd-terminal-block\\\/#breadcrumb\"},\"inLanguage\":\"pt-BR\",\"potentialAction\":[{\"@type\":\"ReadAction\",\"target\":[\"https:\\\/\\\/www.tosunlux.eu\\\/fr\\\/products\\\/ttd-terminal-block\\\/\"]}]},{\"@type\":\"BreadcrumbList\",\"@id\":\"https:\\\/\\\/www.tosunlux.eu\\\/fr\\\/products\\\/ttd-terminal-block\\\/#breadcrumb\",\"itemListElement\":[{\"@type\":\"ListItem\",\"position\":1,\"name\":\"Home\",\"item\":\"https:\\\/\\\/www.tosunlux.eu\\\/ru\\\/\"},{\"@type\":\"ListItem\",\"position\":2,\"name\":\"Products\",\"item\":\"https:\\\/\\\/www.tosunlux.eu\\\/products\\\/\"},{\"@type\":\"ListItem\",\"position\":3,\"name\":\"TTD Terminal Block\"}]},{\"@type\":\"WebSite\",\"@id\":\"https:\\\/\\\/www.tosunlux.eu\\\/ru\\\/#website\",\"url\":\"https:\\\/\\\/www.tosunlux.eu\\\/ru\\\/\",\"name\":\"TOSUNlux Official Site - Electrical Circuit Breaker Manufacturer in China\",\"description\":\"Power Distribution System Supplier\",\"publisher\":{\"@id\":\"https:\\\/\\\/www.tosunlux.eu\\\/ru\\\/#organization\"},\"alternateName\":\"TOSUNlux\",\"potentialAction\":[{\"@type\":\"SearchAction\",\"target\":{\"@type\":\"EntryPoint\",\"urlTemplate\":\"https:\\\/\\\/www.tosunlux.eu\\\/ru\\\/?s={search_term_string}\"},\"query-input\":{\"@type\":\"PropertyValueSpecification\",\"valueRequired\":true,\"valueName\":\"search_term_string\"}}],\"inLanguage\":\"pt-BR\"},{\"@type\":\"Organization\",\"@id\":\"https:\\\/\\\/www.tosunlux.eu\\\/ru\\\/#organization\",\"name\":\"TOSUNlux\",\"url\":\"https:\\\/\\\/www.tosunlux.eu\\\/ru\\\/\",\"logo\":{\"@type\":\"ImageObject\",\"inLanguage\":\"pt-BR\",\"@id\":\"https:\\\/\\\/www.tosunlux.eu\\\/ru\\\/#\\\/schema\\\/logo\\\/image\\\/\",\"url\":\"https:\\\/\\\/www.tosunlux.eu\\\/wp-content\\\/uploads\\\/2022\\\/01\\\/LOGOSYSM.71762f1.png\",\"contentUrl\":\"https:\\\/\\\/www.tosunlux.eu\\\/wp-content\\\/uploads\\\/2022\\\/01\\\/LOGOSYSM.71762f1.png\",\"width\":153,\"height\":55,\"caption\":\"TOSUNlux\"},\"image\":{\"@id\":\"https:\\\/\\\/www.tosunlux.eu\\\/ru\\\/#\\\/schema\\\/logo\\\/image\\\/\"},\"sameAs\":[\"https:\\\/\\\/www.facebook.com\\\/TOSUNelectric\\\/\",\"https:\\\/\\\/www.linkedin.com\\\/company\\\/wenzhou-tosun-electric-co.-ltd\\\/\"]}]}<\/script>\n<!-- \/ Yoast SEO plugin. -->","yoast_head_json":{"title":"Bloco de terminais TTD por atacado - Site oficial da TOSUNlux - Fabricante de disjuntores el\u00e9tricos na China - Fornecedor de equipamentos el\u00e9tricos de baixa tens\u00e3o | TOSUNlux","description":"Fornecedor de blocos de terminais TTD - Venda por atacado direto da TOSUNlux, fabricante de confian\u00e7a desde 1994. Solicite seu or\u00e7amento de f\u00e1brica B2B para nossos produtos el\u00e9tricos de baixa tens\u00e3o certificados.","robots":{"index":"index","follow":"follow","max-snippet":"max-snippet:-1","max-image-preview":"max-image-preview:large","max-video-preview":"max-video-preview:-1"},"canonical":"https:\/\/www.tosunlux.eu\/pt\/products\/ttd-terminal-block\/","og_locale":"pt_BR","og_type":"article","og_title":"WholesaleTTD Terminal Block - TOSUNlux Official Site - Electrical Circuit Breaker Manufacturer in China Low Voltage Electrical Supplier | TOSUNlux","og_description":"TTD Terminal Block Supplier - Wholesale direct from TOSUNlux, a trusted manufacturer since 1994. Get your B2B factory quote on our certified Low Voltage electrical products.","og_url":"https:\/\/www.tosunlux.eu\/pt\/products\/ttd-terminal-block\/","og_site_name":"TOSUNlux Official Site - Electrical Circuit Breaker Manufacturer in China","article_publisher":"https:\/\/www.facebook.com\/TOSUNelectric\/","article_modified_time":"2023-06-08T03:11:16+00:00","og_image":[{"width":1500,"height":940,"url":"https:\/\/www.tosunlux.eu\/wp-content\/uploads\/2023\/04\/DSC08160_\u526f\u672c.jpg","type":"image\/jpeg"}],"twitter_card":"summary_large_image","twitter_misc":{"Est. tempo de leitura":"1 minuto"},"schema":{"@context":"https:\/\/schema.org","@graph":[{"@type":"WebPage","@id":"https:\/\/www.tosunlux.eu\/fr\/products\/ttd-terminal-block\/","url":"https:\/\/www.tosunlux.eu\/fr\/products\/ttd-terminal-block\/","name":"Bloco de terminais TTD por atacado - Site oficial da TOSUNlux - Fabricante de disjuntores el\u00e9tricos na China - Fornecedor de equipamentos el\u00e9tricos de baixa tens\u00e3o | TOSUNlux","isPartOf":{"@id":"https:\/\/www.tosunlux.eu\/ru\/#website"},"datePublished":"2022-07-18T05:04:09+00:00","dateModified":"2023-06-08T03:11:16+00:00","description":"Fornecedor de blocos de terminais TTD - Venda por atacado direto da TOSUNlux, fabricante de confian\u00e7a desde 1994. Solicite seu or\u00e7amento de f\u00e1brica B2B para nossos produtos el\u00e9tricos de baixa tens\u00e3o certificados.","breadcrumb":{"@id":"https:\/\/www.tosunlux.eu\/fr\/products\/ttd-terminal-block\/#breadcrumb"},"inLanguage":"pt-BR","potentialAction":[{"@type":"ReadAction","target":["https:\/\/www.tosunlux.eu\/fr\/products\/ttd-terminal-block\/"]}]},{"@type":"BreadcrumbList","@id":"https:\/\/www.tosunlux.eu\/fr\/products\/ttd-terminal-block\/#breadcrumb","itemListElement":[{"@type":"ListItem","position":1,"name":"Home","item":"https:\/\/www.tosunlux.eu\/ru\/"},{"@type":"ListItem","position":2,"name":"Products","item":"https:\/\/www.tosunlux.eu\/products\/"},{"@type":"ListItem","position":3,"name":"TTD Terminal Block"}]},{"@type":"WebSite","@id":"https:\/\/www.tosunlux.eu\/ru\/#website","url":"https:\/\/www.tosunlux.eu\/ru\/","name":"Site Oficial TOSUNlux - Fabricante de Disjuntores El\u00e9tricos na China","description":"Fornecedor de sistema de distribui\u00e7\u00e3o de energia","publisher":{"@id":"https:\/\/www.tosunlux.eu\/ru\/#organization"},"alternateName":"TOSUNlux","potentialAction":[{"@type":"SearchAction","target":{"@type":"EntryPoint","urlTemplate":"https:\/\/www.tosunlux.eu\/ru\/?s={search_term_string}"},"query-input":{"@type":"PropertyValueSpecification","valueRequired":true,"valueName":"search_term_string"}}],"inLanguage":"pt-BR"},{"@type":"Organization","@id":"https:\/\/www.tosunlux.eu\/ru\/#organization","name":"TOSUNlux","url":"https:\/\/www.tosunlux.eu\/ru\/","logo":{"@type":"ImageObject","inLanguage":"pt-BR","@id":"https:\/\/www.tosunlux.eu\/ru\/#\/schema\/logo\/image\/","url":"https:\/\/www.tosunlux.eu\/wp-content\/uploads\/2022\/01\/LOGOSYSM.71762f1.png","contentUrl":"https:\/\/www.tosunlux.eu\/wp-content\/uploads\/2022\/01\/LOGOSYSM.71762f1.png","width":153,"height":55,"caption":"TOSUNlux"},"image":{"@id":"https:\/\/www.tosunlux.eu\/ru\/#\/schema\/logo\/image\/"},"sameAs":["https:\/\/www.facebook.com\/TOSUNelectric\/","https:\/\/www.linkedin.com\/company\/wenzhou-tosun-electric-co.-ltd\/"]}]}},"_links":{"self":[{"href":"https:\/\/www.tosunlux.eu\/pt\/wp-json\/wp\/v2\/product\/4664","targetHints":{"allow":["GET"]}}],"collection":[{"href":"https:\/\/www.tosunlux.eu\/pt\/wp-json\/wp\/v2\/product"}],"about":[{"href":"https:\/\/www.tosunlux.eu\/pt\/wp-json\/wp\/v2\/types\/product"}],"version-history":[{"count":1,"href":"https:\/\/www.tosunlux.eu\/pt\/wp-json\/wp\/v2\/product\/4664\/revisions"}],"predecessor-version":[{"id":7070,"href":"https:\/\/www.tosunlux.eu\/pt\/wp-json\/wp\/v2\/product\/4664\/revisions\/7070"}],"wp:attachment":[{"href":"https:\/\/www.tosunlux.eu\/pt\/wp-json\/wp\/v2\/media?parent=4664"}],"wp:term":[{"taxonomy":"product_category","embeddable":true,"href":"https:\/\/www.tosunlux.eu\/pt\/wp-json\/wp\/v2\/product_category?post=4664"}],"curies":[{"name":"wp","href":"https:\/\/api.w.org\/{rel}","templated":true}]}}