{"id":7165,"date":"2023-06-10T13:43:41","date_gmt":"2023-06-10T05:43:41","guid":{"rendered":"https:\/\/www.tosunlux.eu\/?post_type=product&#038;p=7165"},"modified":"2023-06-10T13:43:42","modified_gmt":"2023-06-10T05:43:42","slug":"multi-function-socket-ip-67-12213-p","status":"publish","type":"product","link":"https:\/\/www.tosunlux.eu\/pt\/products\/multi-function-socket-ip-67-12213-p\/","title":{"rendered":"Soquete Multifuncional IP 67 12213 P"},"content":{"rendered":"<figure class=\"wp-block-image size-large is-resized\"><img fetchpriority=\"high\" decoding=\"async\" src=\"https:\/\/www.tosunlux.eu\/wp-content\/uploads\/2023\/06\/12213P-1-971x1024.jpg\" alt=\"\" class=\"wp-image-7167\" width=\"486\" height=\"512\" srcset=\"https:\/\/www.tosunlux.eu\/wp-content\/uploads\/2023\/06\/12213P-1-971x1024.jpg 971w, https:\/\/www.tosunlux.eu\/wp-content\/uploads\/2023\/06\/12213P-1-285x300.jpg 285w, https:\/\/www.tosunlux.eu\/wp-content\/uploads\/2023\/06\/12213P-1-768x810.jpg 768w, https:\/\/www.tosunlux.eu\/wp-content\/uploads\/2023\/06\/12213P-1-1457x1536.jpg 1457w, https:\/\/www.tosunlux.eu\/wp-content\/uploads\/2023\/06\/12213P-1-11x12.jpg 11w, https:\/\/www.tosunlux.eu\/wp-content\/uploads\/2023\/06\/12213P-1.jpg 1600w\" sizes=\"(max-width: 486px) 100vw, 486px\" \/><\/figure>\n\n\n<table style=\"border-collapse: collapse; width: 816.77pt;\" border=\"0\" width=\"1089\" cellspacing=\"0\" cellpadding=\"0\">\n<tbody>\n<tr style=\"height: 18.90pt;\">\n<td class=\"et2\" style=\"height: 37.8pt; width: 119pt; text-align: center;\" rowspan=\"2\" width=\"158\" height=\"50\">Modelo<\/td>\n<td class=\"et2\" style=\"width: 68.65pt; text-align: center;\" rowspan=\"2\" width=\"91\">Corrente (A)<\/td>\n<td class=\"et2\" style=\"width: 67.7pt; text-align: center;\" rowspan=\"2\" width=\"90\">p\u00f3los<\/td>\n<td class=\"et2\" style=\"width: 156.75pt; text-align: center;\" rowspan=\"2\" width=\"209\">Tens\u00e3o nominal<\/td>\n<td class=\"et2\" style=\"width: 404.7pt; text-align: center;\" colspan=\"6\" width=\"539\">Tamanho<\/td>\n<\/tr>\n<tr style=\"height: 18.90pt;\">\n<td class=\"et2\" style=\"width: 67.2pt; text-align: center;\" width=\"89\">a<\/td>\n<td class=\"et2\" style=\"width: 67.7pt; text-align: center;\" width=\"90\">b<\/td>\n<td class=\"et2\" style=\"width: 67.2pt; text-align: center;\" width=\"89\">C<\/td>\n<td class=\"et2\" style=\"width: 67.7pt; text-align: center;\" width=\"90\">d<\/td>\n<td class=\"et2\" style=\"width: 67.2pt; text-align: center;\" width=\"89\">e<\/td>\n<td class=\"et2\" style=\"width: 67.7pt; text-align: center;\" width=\"90\">f<\/td>\n<\/tr>\n<tr style=\"height: 21.95pt;\">\n<td class=\"et2\" style=\"height: 21.95pt; width: 119pt; text-align: center;\" width=\"158\" height=\"29\">12213P<\/td>\n<td class=\"et2\" style=\"width: 68.65pt; text-align: center;\" rowspan=\"3\" width=\"91\">16<\/td>\n<td class=\"et2\" style=\"width: 67.7pt; text-align: center;\" width=\"90\">3<\/td>\n<td class=\"et2\" style=\"width: 156.75pt; text-align: center;\" width=\"209\">220~240V 50\/60Hz<\/td>\n<td class=\"et2\" style=\"width: 67.2pt; text-align: center;\" width=\"89\">219.7<\/td>\n<td class=\"et2\" style=\"width: 67.7pt; text-align: center;\" width=\"90\">105.4<\/td>\n<td class=\"et2\" style=\"width: 67.2pt; text-align: center;\" width=\"89\">90\u00b0<\/td>\n<td class=\"et2\" style=\"width: 67.7pt; text-align: center;\" width=\"90\">46.8<\/td>\n<td class=\"et2\" style=\"width: 67.2pt; text-align: center;\" width=\"89\">79.2<\/td>\n<td class=\"et2\" style=\"width: 67.7pt; text-align: center;\" width=\"90\">79.2<\/td>\n<\/tr>\n<tr style=\"height: 21.95pt;\">\n<td class=\"et2\" style=\"height: 21.95pt; width: 119pt; text-align: center;\" width=\"158\" height=\"29\">12214P<\/td>\n<td class=\"et2\" style=\"width: 67.7pt; text-align: center;\" width=\"90\">4<\/td>\n<td class=\"et2\" style=\"width: 156.75pt; text-align: center;\" width=\"209\">380-415V 50\/60HZ<\/td>\n<td class=\"et2\" style=\"width: 67.2pt; text-align: center;\" width=\"89\">227.3<\/td>\n<td class=\"et2\" style=\"width: 67.7pt; text-align: center;\" width=\"90\">103.4<\/td>\n<td class=\"et2\" style=\"width: 67.2pt; text-align: center;\" width=\"89\">90\u00b0<\/td>\n<td class=\"et2\" style=\"width: 67.7pt; text-align: center;\" width=\"90\">53.4<\/td>\n<td class=\"et2\" style=\"width: 67.2pt; text-align: center;\" width=\"89\">85<\/td>\n<td class=\"et2\" style=\"width: 67.7pt; text-align: center;\" width=\"90\">85<\/td>\n<\/tr>\n<tr style=\"height: 23.00pt;\">\n<td class=\"et2\" style=\"height: 23pt; width: 119pt; text-align: center;\" width=\"158\" height=\"30\">12215P<\/td>\n<td class=\"et2\" style=\"width: 67.7pt; text-align: center;\" width=\"90\">5<\/td>\n<td class=\"et2\" style=\"width: 156.75pt; text-align: center;\" width=\"209\">380-415V 50\/60HZ<\/td>\n<td class=\"et2\" style=\"width: 67.2pt; text-align: center;\" width=\"89\">233.3<\/td>\n<td class=\"et2\" style=\"width: 67.7pt; text-align: center;\" width=\"90\">102.2<\/td>\n<td class=\"et2\" style=\"width: 67.2pt; text-align: center;\" width=\"89\">90\u00b0<\/td>\n<td class=\"et2\" style=\"width: 67.7pt; text-align: center;\" width=\"90\">60.5<\/td>\n<td class=\"et2\" style=\"width: 67.2pt; text-align: center;\" width=\"89\">90.3<\/td>\n<td class=\"et2\" style=\"width: 67.7pt; text-align: center;\" width=\"90\">90.3<\/td>\n<\/tr>\n<tr style=\"height: 21.95pt;\">\n<td class=\"et2\" style=\"height: 21.95pt; width: 119pt; text-align: center;\" width=\"158\" height=\"29\">12223P<\/td>\n<td class=\"et2\" style=\"width: 68.65pt; text-align: center;\" rowspan=\"3\" width=\"91\">32<\/td>\n<td class=\"et2\" style=\"width: 67.7pt; text-align: center;\" width=\"90\">3<\/td>\n<td class=\"et2\" style=\"width: 156.75pt; text-align: center;\" width=\"209\">220~240V 50\/60Hz<\/td>\n<td class=\"et2\" style=\"width: 67.2pt; text-align: center;\" width=\"89\">249.8<\/td>\n<td class=\"et2\" style=\"width: 67.7pt; text-align: center;\" width=\"90\">124.3<\/td>\n<td class=\"et2\" style=\"width: 67.2pt; text-align: center;\" width=\"89\">90\u00b0<\/td>\n<td class=\"et2\" style=\"width: 67.7pt; text-align: center;\" width=\"90\">63<\/td>\n<td class=\"et2\" style=\"width: 67.2pt; text-align: center;\" width=\"89\">96.5<\/td>\n<td class=\"et2\" style=\"width: 67.7pt; text-align: center;\" width=\"90\">96.5<\/td>\n<\/tr>\n<tr style=\"height: 22.45pt;\">\n<td class=\"et2\" style=\"height: 22.45pt; width: 119pt; text-align: center;\" width=\"158\" height=\"29\">12224P<\/td>\n<td class=\"et2\" style=\"width: 67.7pt; text-align: center;\" width=\"90\">4<\/td>\n<td class=\"et2\" style=\"width: 156.75pt; text-align: center;\" width=\"209\">380-415V 50\/60HZ<\/td>\n<td class=\"et2\" style=\"width: 67.2pt; text-align: center;\" width=\"89\">249.8<\/td>\n<td class=\"et2\" style=\"width: 67.7pt; text-align: center;\" width=\"90\">124.3<\/td>\n<td class=\"et2\" style=\"width: 67.2pt; text-align: center;\" width=\"89\">90\u00b0<\/td>\n<td class=\"et2\" style=\"width: 67.7pt; text-align: center;\" width=\"90\">63<\/td>\n<td class=\"et2\" style=\"width: 67.2pt; text-align: center;\" width=\"89\">96.5<\/td>\n<td class=\"et2\" style=\"width: 67.7pt; text-align: center;\" width=\"90\">96.5<\/td>\n<\/tr>\n<tr style=\"height: 23.00pt;\">\n<td class=\"et2\" style=\"height: 23pt; width: 119pt; text-align: center;\" width=\"158\" height=\"30\">12225P<\/td>\n<td class=\"et2\" style=\"width: 67.7pt; text-align: center;\" width=\"90\">5<\/td>\n<td class=\"et2\" style=\"width: 156.75pt; text-align: center;\" width=\"209\">380-415V 50\/60HZ<\/td>\n<td class=\"et2\" style=\"width: 67.2pt; text-align: center;\" width=\"89\">301.9<\/td>\n<td class=\"et2\" style=\"width: 67.7pt; text-align: center;\" width=\"90\">141<\/td>\n<td class=\"et2\" style=\"width: 67.2pt; text-align: center;\" width=\"89\">90\u00b0<\/td>\n<td class=\"et2\" style=\"width: 67.7pt; text-align: center;\" width=\"90\">69.5<\/td>\n<td class=\"et2\" style=\"width: 67.2pt; text-align: center;\" width=\"89\">108.5<\/td>\n<td class=\"et2\" style=\"width: 67.7pt; text-align: center;\" width=\"90\">108.5<\/td>\n<\/tr>\n<\/tbody>\n<\/table>","protected":false},"parent":0,"template":"","product_category":[36,107],"class_list":["post-7165","product","type-product","status-publish","hentry","product_category-electrical-accessories","product_category-industrial-plug-socket"],"yoast_head":"<!-- This site is optimized with the Yoast SEO plugin v27.3 - https:\/\/yoast.com\/product\/yoast-seo-wordpress\/ -->\n<title>WholesaleMulti-Function Socket IP 67 12213 P - TOSUNlux Official Site - Electrical Circuit Breaker Manufacturer in China Low Voltage Electrical Supplier | TOSUNlux<\/title>\n<meta name=\"description\" content=\"Multi-Function Socket IP 67 12213 P Supplier - Wholesale direct from TOSUNlux, a trusted manufacturer since 1994. Get your B2B factory quote on our certified Low Voltage electrical products.\" \/>\n<meta name=\"robots\" content=\"index, follow, max-snippet:-1, max-image-preview:large, max-video-preview:-1\" \/>\n<link rel=\"canonical\" href=\"https:\/\/www.tosunlux.eu\/pt\/products\/multi-function-socket-ip-67-12213-p\/\" \/>\n<meta property=\"og:locale\" content=\"pt_BR\" \/>\n<meta property=\"og:type\" content=\"article\" \/>\n<meta property=\"og:title\" content=\"WholesaleMulti-Function Socket IP 67 12213 P - TOSUNlux Official Site - Electrical Circuit Breaker Manufacturer in China Low Voltage Electrical Supplier | TOSUNlux\" \/>\n<meta property=\"og:description\" content=\"Multi-Function Socket IP 67 12213 P Supplier - Wholesale direct from TOSUNlux, a trusted manufacturer since 1994. Get your B2B factory quote on our certified Low Voltage electrical products.\" \/>\n<meta property=\"og:url\" content=\"https:\/\/www.tosunlux.eu\/pt\/products\/multi-function-socket-ip-67-12213-p\/\" \/>\n<meta property=\"og:site_name\" content=\"TOSUNlux Official Site - Electrical Circuit Breaker Manufacturer in China\" \/>\n<meta property=\"article:publisher\" content=\"https:\/\/www.facebook.com\/TOSUNelectric\/\" \/>\n<meta property=\"article:modified_time\" content=\"2023-06-10T05:43:42+00:00\" \/>\n<meta property=\"og:image\" content=\"https:\/\/www.tosunlux.eu\/wp-content\/uploads\/2023\/06\/12213P-1-971x1024.jpg\" \/>\n<meta name=\"twitter:card\" content=\"summary_large_image\" \/>\n<meta name=\"twitter:label1\" content=\"Est. tempo de leitura\" \/>\n\t<meta name=\"twitter:data1\" content=\"1 minuto\" \/>\n<script type=\"application\/ld+json\" class=\"yoast-schema-graph\">{\"@context\":\"https:\\\/\\\/schema.org\",\"@graph\":[{\"@type\":\"WebPage\",\"@id\":\"https:\\\/\\\/www.tosunlux.eu\\\/it\\\/products\\\/multi-function-socket-ip-67-12213-p\\\/\",\"url\":\"https:\\\/\\\/www.tosunlux.eu\\\/it\\\/products\\\/multi-function-socket-ip-67-12213-p\\\/\",\"name\":\"WholesaleMulti-Function Socket IP 67 12213 P - TOSUNlux Official Site - Electrical Circuit Breaker Manufacturer in China Low Voltage Electrical Supplier | TOSUNlux\",\"isPartOf\":{\"@id\":\"https:\\\/\\\/www.tosunlux.eu\\\/ru\\\/#website\"},\"primaryImageOfPage\":{\"@id\":\"https:\\\/\\\/www.tosunlux.eu\\\/it\\\/products\\\/multi-function-socket-ip-67-12213-p\\\/#primaryimage\"},\"image\":{\"@id\":\"https:\\\/\\\/www.tosunlux.eu\\\/it\\\/products\\\/multi-function-socket-ip-67-12213-p\\\/#primaryimage\"},\"thumbnailUrl\":\"https:\\\/\\\/www.tosunlux.eu\\\/wp-content\\\/uploads\\\/2023\\\/06\\\/12213P-1-971x1024.jpg\",\"datePublished\":\"2023-06-10T05:43:41+00:00\",\"dateModified\":\"2023-06-10T05:43:42+00:00\",\"description\":\"Multi-Function Socket IP 67 12213 P Supplier - Wholesale direct from TOSUNlux, a trusted manufacturer since 1994. Get your B2B factory quote on our certified Low Voltage electrical products.\",\"breadcrumb\":{\"@id\":\"https:\\\/\\\/www.tosunlux.eu\\\/it\\\/products\\\/multi-function-socket-ip-67-12213-p\\\/#breadcrumb\"},\"inLanguage\":\"pt-BR\",\"potentialAction\":[{\"@type\":\"ReadAction\",\"target\":[\"https:\\\/\\\/www.tosunlux.eu\\\/it\\\/products\\\/multi-function-socket-ip-67-12213-p\\\/\"]}]},{\"@type\":\"ImageObject\",\"inLanguage\":\"pt-BR\",\"@id\":\"https:\\\/\\\/www.tosunlux.eu\\\/it\\\/products\\\/multi-function-socket-ip-67-12213-p\\\/#primaryimage\",\"url\":\"https:\\\/\\\/www.tosunlux.eu\\\/wp-content\\\/uploads\\\/2023\\\/06\\\/12213P-1-971x1024.jpg\",\"contentUrl\":\"https:\\\/\\\/www.tosunlux.eu\\\/wp-content\\\/uploads\\\/2023\\\/06\\\/12213P-1-971x1024.jpg\"},{\"@type\":\"BreadcrumbList\",\"@id\":\"https:\\\/\\\/www.tosunlux.eu\\\/it\\\/products\\\/multi-function-socket-ip-67-12213-p\\\/#breadcrumb\",\"itemListElement\":[{\"@type\":\"ListItem\",\"position\":1,\"name\":\"Home\",\"item\":\"https:\\\/\\\/www.tosunlux.eu\\\/ru\\\/\"},{\"@type\":\"ListItem\",\"position\":2,\"name\":\"Products\",\"item\":\"https:\\\/\\\/www.tosunlux.eu\\\/products\\\/\"},{\"@type\":\"ListItem\",\"position\":3,\"name\":\"Multi-Function Socket IP 67 12213 P\"}]},{\"@type\":\"WebSite\",\"@id\":\"https:\\\/\\\/www.tosunlux.eu\\\/ru\\\/#website\",\"url\":\"https:\\\/\\\/www.tosunlux.eu\\\/ru\\\/\",\"name\":\"TOSUNlux Official Site - Electrical Circuit Breaker Manufacturer in China\",\"description\":\"Power Distribution System Supplier\",\"publisher\":{\"@id\":\"https:\\\/\\\/www.tosunlux.eu\\\/ru\\\/#organization\"},\"alternateName\":\"TOSUNlux\",\"potentialAction\":[{\"@type\":\"SearchAction\",\"target\":{\"@type\":\"EntryPoint\",\"urlTemplate\":\"https:\\\/\\\/www.tosunlux.eu\\\/ru\\\/?s={search_term_string}\"},\"query-input\":{\"@type\":\"PropertyValueSpecification\",\"valueRequired\":true,\"valueName\":\"search_term_string\"}}],\"inLanguage\":\"pt-BR\"},{\"@type\":\"Organization\",\"@id\":\"https:\\\/\\\/www.tosunlux.eu\\\/ru\\\/#organization\",\"name\":\"TOSUNlux\",\"url\":\"https:\\\/\\\/www.tosunlux.eu\\\/ru\\\/\",\"logo\":{\"@type\":\"ImageObject\",\"inLanguage\":\"pt-BR\",\"@id\":\"https:\\\/\\\/www.tosunlux.eu\\\/ru\\\/#\\\/schema\\\/logo\\\/image\\\/\",\"url\":\"https:\\\/\\\/www.tosunlux.eu\\\/wp-content\\\/uploads\\\/2022\\\/01\\\/LOGOSYSM.71762f1.png\",\"contentUrl\":\"https:\\\/\\\/www.tosunlux.eu\\\/wp-content\\\/uploads\\\/2022\\\/01\\\/LOGOSYSM.71762f1.png\",\"width\":153,\"height\":55,\"caption\":\"TOSUNlux\"},\"image\":{\"@id\":\"https:\\\/\\\/www.tosunlux.eu\\\/ru\\\/#\\\/schema\\\/logo\\\/image\\\/\"},\"sameAs\":[\"https:\\\/\\\/www.facebook.com\\\/TOSUNelectric\\\/\",\"https:\\\/\\\/www.linkedin.com\\\/company\\\/wenzhou-tosun-electric-co.-ltd\\\/\"]}]}<\/script>\n<!-- \/ Yoast SEO plugin. -->","yoast_head_json":{"title":"Soquete multifuncional IP 67 12213 P - Site oficial da TOSUNlux - Fabricante de disjuntores el\u00e9tricos na China, fornecedor de energia el\u00e9trica de baixa tens\u00e3o | TOSUNlux","description":"Fornecedor de soquete multifuncional IP 67 12213 P - Venda por atacado diretamente da TOSUNlux, um fabricante confi\u00e1vel desde 1994. Obtenha seu or\u00e7amento de f\u00e1brica B2B para nossos produtos el\u00e9tricos de baixa tens\u00e3o certificados.","robots":{"index":"index","follow":"follow","max-snippet":"max-snippet:-1","max-image-preview":"max-image-preview:large","max-video-preview":"max-video-preview:-1"},"canonical":"https:\/\/www.tosunlux.eu\/pt\/products\/multi-function-socket-ip-67-12213-p\/","og_locale":"pt_BR","og_type":"article","og_title":"WholesaleMulti-Function Socket IP 67 12213 P - TOSUNlux Official Site - Electrical Circuit Breaker Manufacturer in China Low Voltage Electrical Supplier | TOSUNlux","og_description":"Multi-Function Socket IP 67 12213 P Supplier - Wholesale direct from TOSUNlux, a trusted manufacturer since 1994. Get your B2B factory quote on our certified Low Voltage electrical products.","og_url":"https:\/\/www.tosunlux.eu\/pt\/products\/multi-function-socket-ip-67-12213-p\/","og_site_name":"TOSUNlux Official Site - Electrical Circuit Breaker Manufacturer in China","article_publisher":"https:\/\/www.facebook.com\/TOSUNelectric\/","article_modified_time":"2023-06-10T05:43:42+00:00","og_image":[{"url":"https:\/\/www.tosunlux.eu\/wp-content\/uploads\/2023\/06\/12213P-1-971x1024.jpg","type":"","width":"","height":""}],"twitter_card":"summary_large_image","twitter_misc":{"Est. tempo de leitura":"1 minuto"},"schema":{"@context":"https:\/\/schema.org","@graph":[{"@type":"WebPage","@id":"https:\/\/www.tosunlux.eu\/it\/products\/multi-function-socket-ip-67-12213-p\/","url":"https:\/\/www.tosunlux.eu\/it\/products\/multi-function-socket-ip-67-12213-p\/","name":"Soquete multifuncional IP 67 12213 P - Site oficial da TOSUNlux - Fabricante de disjuntores el\u00e9tricos na China, fornecedor de energia el\u00e9trica de baixa tens\u00e3o | TOSUNlux","isPartOf":{"@id":"https:\/\/www.tosunlux.eu\/ru\/#website"},"primaryImageOfPage":{"@id":"https:\/\/www.tosunlux.eu\/it\/products\/multi-function-socket-ip-67-12213-p\/#primaryimage"},"image":{"@id":"https:\/\/www.tosunlux.eu\/it\/products\/multi-function-socket-ip-67-12213-p\/#primaryimage"},"thumbnailUrl":"https:\/\/www.tosunlux.eu\/wp-content\/uploads\/2023\/06\/12213P-1-971x1024.jpg","datePublished":"2023-06-10T05:43:41+00:00","dateModified":"2023-06-10T05:43:42+00:00","description":"Fornecedor de soquete multifuncional IP 67 12213 P - Venda por atacado diretamente da TOSUNlux, um fabricante confi\u00e1vel desde 1994. Obtenha seu or\u00e7amento de f\u00e1brica B2B para nossos produtos el\u00e9tricos de baixa tens\u00e3o certificados.","breadcrumb":{"@id":"https:\/\/www.tosunlux.eu\/it\/products\/multi-function-socket-ip-67-12213-p\/#breadcrumb"},"inLanguage":"pt-BR","potentialAction":[{"@type":"ReadAction","target":["https:\/\/www.tosunlux.eu\/it\/products\/multi-function-socket-ip-67-12213-p\/"]}]},{"@type":"ImageObject","inLanguage":"pt-BR","@id":"https:\/\/www.tosunlux.eu\/it\/products\/multi-function-socket-ip-67-12213-p\/#primaryimage","url":"https:\/\/www.tosunlux.eu\/wp-content\/uploads\/2023\/06\/12213P-1-971x1024.jpg","contentUrl":"https:\/\/www.tosunlux.eu\/wp-content\/uploads\/2023\/06\/12213P-1-971x1024.jpg"},{"@type":"BreadcrumbList","@id":"https:\/\/www.tosunlux.eu\/it\/products\/multi-function-socket-ip-67-12213-p\/#breadcrumb","itemListElement":[{"@type":"ListItem","position":1,"name":"Home","item":"https:\/\/www.tosunlux.eu\/ru\/"},{"@type":"ListItem","position":2,"name":"Products","item":"https:\/\/www.tosunlux.eu\/products\/"},{"@type":"ListItem","position":3,"name":"Multi-Function Socket IP 67 12213 P"}]},{"@type":"WebSite","@id":"https:\/\/www.tosunlux.eu\/ru\/#website","url":"https:\/\/www.tosunlux.eu\/ru\/","name":"Site Oficial TOSUNlux - Fabricante de Disjuntores El\u00e9tricos na China","description":"Fornecedor de sistema de distribui\u00e7\u00e3o de energia","publisher":{"@id":"https:\/\/www.tosunlux.eu\/ru\/#organization"},"alternateName":"TOSUNlux","potentialAction":[{"@type":"SearchAction","target":{"@type":"EntryPoint","urlTemplate":"https:\/\/www.tosunlux.eu\/ru\/?s={search_term_string}"},"query-input":{"@type":"PropertyValueSpecification","valueRequired":true,"valueName":"search_term_string"}}],"inLanguage":"pt-BR"},{"@type":"Organization","@id":"https:\/\/www.tosunlux.eu\/ru\/#organization","name":"TOSUNlux","url":"https:\/\/www.tosunlux.eu\/ru\/","logo":{"@type":"ImageObject","inLanguage":"pt-BR","@id":"https:\/\/www.tosunlux.eu\/ru\/#\/schema\/logo\/image\/","url":"https:\/\/www.tosunlux.eu\/wp-content\/uploads\/2022\/01\/LOGOSYSM.71762f1.png","contentUrl":"https:\/\/www.tosunlux.eu\/wp-content\/uploads\/2022\/01\/LOGOSYSM.71762f1.png","width":153,"height":55,"caption":"TOSUNlux"},"image":{"@id":"https:\/\/www.tosunlux.eu\/ru\/#\/schema\/logo\/image\/"},"sameAs":["https:\/\/www.facebook.com\/TOSUNelectric\/","https:\/\/www.linkedin.com\/company\/wenzhou-tosun-electric-co.-ltd\/"]}]}},"_links":{"self":[{"href":"https:\/\/www.tosunlux.eu\/pt\/wp-json\/wp\/v2\/product\/7165","targetHints":{"allow":["GET"]}}],"collection":[{"href":"https:\/\/www.tosunlux.eu\/pt\/wp-json\/wp\/v2\/product"}],"about":[{"href":"https:\/\/www.tosunlux.eu\/pt\/wp-json\/wp\/v2\/types\/product"}],"version-history":[{"count":1,"href":"https:\/\/www.tosunlux.eu\/pt\/wp-json\/wp\/v2\/product\/7165\/revisions"}],"predecessor-version":[{"id":7168,"href":"https:\/\/www.tosunlux.eu\/pt\/wp-json\/wp\/v2\/product\/7165\/revisions\/7168"}],"wp:attachment":[{"href":"https:\/\/www.tosunlux.eu\/pt\/wp-json\/wp\/v2\/media?parent=7165"}],"wp:term":[{"taxonomy":"product_category","embeddable":true,"href":"https:\/\/www.tosunlux.eu\/pt\/wp-json\/wp\/v2\/product_category?post=7165"}],"curies":[{"name":"wp","href":"https:\/\/api.w.org\/{rel}","templated":true}]}}