{"id":8154,"date":"2023-09-23T16:02:48","date_gmt":"2023-09-23T08:02:48","guid":{"rendered":"https:\/\/www.tosunlux.eu\/?post_type=product&#038;p=8154"},"modified":"2023-09-23T16:32:55","modified_gmt":"2023-09-23T08:32:55","slug":"timer-thc-812","status":"publish","type":"product","link":"https:\/\/www.tosunlux.eu\/pt\/products\/timer-thc-812\/","title":{"rendered":"Temporizador THC-812"},"content":{"rendered":"<p><\/p>\n<h4>Especifica\u00e7\u00e3o<\/h4>\n<table style=\"height: 561px;\" width=\"633\">\n<tbody>\n<tr>\n<td style=\"text-align: center;\" width=\"125\">Modelo<\/td>\n<td style=\"text-align: center;\" width=\"349\">THC-812 16A<\/td>\n<\/tr>\n<tr>\n<td style=\"text-align: center;\" width=\"125\">Intervalo de tempo completo<\/td>\n<td style=\"text-align: center;\" width=\"349\">Troca aleat\u00f3ria 24h\/7 dias, programa de f\u00e9rias<\/td>\n<\/tr>\n<tr>\n<td style=\"text-align: center;\" width=\"125\">Tens\u00e3o nominal<\/td>\n<td style=\"text-align: center;\" width=\"349\">CA 220 V 50\/60 Hz 85%~110%<\/td>\n<\/tr>\n<tr>\n<td style=\"text-align: center;\" width=\"125\">Capacidade de contato<\/td>\n<td style=\"text-align: center;\" width=\"349\">16(10)A, 250VCA<\/td>\n<\/tr>\n<tr>\n<td style=\"text-align: center;\" width=\"125\">Formul\u00e1rio de Contato<\/td>\n<td style=\"text-align: center;\" width=\"349\">2 interruptor de comuta\u00e7\u00e3o<\/td>\n<\/tr>\n<tr>\n<td style=\"text-align: center;\" width=\"125\">Precis\u00e3o<\/td>\n<td style=\"text-align: center;\" width=\"349\">1s\/d<\/td>\n<\/tr>\n<tr>\n<td style=\"text-align: center;\" width=\"125\">Mostrar<\/td>\n<td style=\"text-align: center;\" width=\"349\">LCD<\/td>\n<\/tr>\n<tr>\n<td style=\"text-align: center;\" width=\"125\">Montagem<\/td>\n<td style=\"text-align: center;\" width=\"349\">Trilho DIN<\/td>\n<\/tr>\n<tr>\n<td style=\"text-align: center;\" width=\"125\">Unidade de configura\u00e7\u00e3o m\u00ednima<\/td>\n<td style=\"text-align: center;\" width=\"349\">1 minuto<\/td>\n<\/tr>\n<tr>\n<td style=\"text-align: center;\" width=\"125\">Program\u00e1vel<\/td>\n<td style=\"text-align: center;\" width=\"349\">96 programas<\/td>\n<\/tr>\n<tr>\n<td style=\"text-align: center;\" width=\"125\">Bateria de armazenamento<\/td>\n<td style=\"text-align: center;\" width=\"349\">3 anos<\/td>\n<\/tr>\n<tr>\n<td style=\"text-align: center;\" width=\"125\">Pot\u00eancia consumida<\/td>\n<td style=\"text-align: center;\" width=\"349\">4VA<\/td>\n<\/tr>\n<tr>\n<td style=\"text-align: center;\" width=\"125\">Vida El\u00e9trica<\/td>\n<td style=\"text-align: center;\" width=\"349\">105 vezes<\/td>\n<\/tr>\n<tr>\n<td style=\"text-align: center;\" width=\"125\">Vida Mec\u00e2nica<\/td>\n<td style=\"text-align: center;\" width=\"349\">107 vezes<\/td>\n<\/tr>\n<tr>\n<td style=\"text-align: center;\" width=\"125\">Temperatura de opera\u00e7\u00e3o<\/td>\n<td style=\"text-align: center;\" width=\"349\">-10~+50\u00b0C<\/td>\n<\/tr>\n<\/tbody>\n<\/table>\n<h3>&nbsp;<\/h3>\n<h4><strong>Dimens\u00e3o<\/strong><\/h4>\n<p><\/p>\n\n\n<figure class=\"wp-block-image size-full\"><img fetchpriority=\"high\" decoding=\"async\" width=\"696\" height=\"359\" src=\"https:\/\/www.tosunlux.eu\/wp-content\/uploads\/2023\/09\/Industrial-Control-1.jpg\" alt=\"\" class=\"wp-image-8156\" srcset=\"https:\/\/www.tosunlux.eu\/wp-content\/uploads\/2023\/09\/Industrial-Control-1.jpg 696w, https:\/\/www.tosunlux.eu\/wp-content\/uploads\/2023\/09\/Industrial-Control-1-300x155.jpg 300w, https:\/\/www.tosunlux.eu\/wp-content\/uploads\/2023\/09\/Industrial-Control-1-18x9.jpg 18w\" sizes=\"(max-width: 696px) 100vw, 696px\" \/><\/figure>","protected":false},"parent":0,"template":"","product_category":[35,92],"class_list":["post-8154","product","type-product","status-publish","hentry","product_category-industrial-control-devices","product_category-timer-relay"],"yoast_head":"<!-- This site is optimized with the Yoast SEO plugin v27.3 - https:\/\/yoast.com\/product\/yoast-seo-wordpress\/ -->\n<title>WholesaleTimer THC-812 - TOSUNlux Official Site - Electrical Circuit Breaker Manufacturer in China Low Voltage Electrical Supplier | TOSUNlux<\/title>\n<meta name=\"description\" content=\"Timer THC-812 Supplier - Wholesale direct from TOSUNlux, a trusted manufacturer since 1994. Get your B2B factory quote on our certified Low Voltage electrical products.\" \/>\n<meta name=\"robots\" content=\"index, follow, max-snippet:-1, max-image-preview:large, max-video-preview:-1\" \/>\n<link rel=\"canonical\" href=\"https:\/\/www.tosunlux.eu\/pt\/products\/timer-thc-812\/\" \/>\n<meta property=\"og:locale\" content=\"pt_BR\" \/>\n<meta property=\"og:type\" content=\"article\" \/>\n<meta property=\"og:title\" content=\"WholesaleTimer THC-812 - TOSUNlux Official Site - Electrical Circuit Breaker Manufacturer in China Low Voltage Electrical Supplier | TOSUNlux\" \/>\n<meta property=\"og:description\" content=\"Timer THC-812 Supplier - Wholesale direct from TOSUNlux, a trusted manufacturer since 1994. Get your B2B factory quote on our certified Low Voltage electrical products.\" \/>\n<meta property=\"og:url\" content=\"https:\/\/www.tosunlux.eu\/pt\/products\/timer-thc-812\/\" \/>\n<meta property=\"og:site_name\" content=\"TOSUNlux Official Site - Electrical Circuit Breaker Manufacturer in China\" \/>\n<meta property=\"article:publisher\" content=\"https:\/\/www.facebook.com\/TOSUNelectric\/\" \/>\n<meta property=\"article:modified_time\" content=\"2023-09-23T08:32:55+00:00\" \/>\n<meta property=\"og:image\" content=\"https:\/\/www.tosunlux.eu\/wp-content\/uploads\/2023\/09\/Industrial-Control-1.jpg\" \/>\n<meta name=\"twitter:card\" content=\"summary_large_image\" \/>\n<meta name=\"twitter:label1\" content=\"Est. tempo de leitura\" \/>\n\t<meta name=\"twitter:data1\" content=\"1 minuto\" \/>\n<script type=\"application\/ld+json\" class=\"yoast-schema-graph\">{\"@context\":\"https:\\\/\\\/schema.org\",\"@graph\":[{\"@type\":\"WebPage\",\"@id\":\"https:\\\/\\\/www.tosunlux.eu\\\/th\\\/products\\\/timer-thc-812\\\/\",\"url\":\"https:\\\/\\\/www.tosunlux.eu\\\/th\\\/products\\\/timer-thc-812\\\/\",\"name\":\"WholesaleTimer THC-812 - TOSUNlux Official Site - Electrical Circuit Breaker Manufacturer in China Low Voltage Electrical Supplier | TOSUNlux\",\"isPartOf\":{\"@id\":\"https:\\\/\\\/www.tosunlux.eu\\\/ru\\\/#website\"},\"primaryImageOfPage\":{\"@id\":\"https:\\\/\\\/www.tosunlux.eu\\\/th\\\/products\\\/timer-thc-812\\\/#primaryimage\"},\"image\":{\"@id\":\"https:\\\/\\\/www.tosunlux.eu\\\/th\\\/products\\\/timer-thc-812\\\/#primaryimage\"},\"thumbnailUrl\":\"https:\\\/\\\/www.tosunlux.eu\\\/wp-content\\\/uploads\\\/2023\\\/09\\\/Industrial-Control-1.jpg\",\"datePublished\":\"2023-09-23T08:02:48+00:00\",\"dateModified\":\"2023-09-23T08:32:55+00:00\",\"description\":\"Timer THC-812 Supplier - Wholesale direct from TOSUNlux, a trusted manufacturer since 1994. Get your B2B factory quote on our certified Low Voltage electrical products.\",\"breadcrumb\":{\"@id\":\"https:\\\/\\\/www.tosunlux.eu\\\/th\\\/products\\\/timer-thc-812\\\/#breadcrumb\"},\"inLanguage\":\"pt-BR\",\"potentialAction\":[{\"@type\":\"ReadAction\",\"target\":[\"https:\\\/\\\/www.tosunlux.eu\\\/th\\\/products\\\/timer-thc-812\\\/\"]}]},{\"@type\":\"ImageObject\",\"inLanguage\":\"pt-BR\",\"@id\":\"https:\\\/\\\/www.tosunlux.eu\\\/th\\\/products\\\/timer-thc-812\\\/#primaryimage\",\"url\":\"https:\\\/\\\/www.tosunlux.eu\\\/wp-content\\\/uploads\\\/2023\\\/09\\\/Industrial-Control-1.jpg\",\"contentUrl\":\"https:\\\/\\\/www.tosunlux.eu\\\/wp-content\\\/uploads\\\/2023\\\/09\\\/Industrial-Control-1.jpg\"},{\"@type\":\"BreadcrumbList\",\"@id\":\"https:\\\/\\\/www.tosunlux.eu\\\/th\\\/products\\\/timer-thc-812\\\/#breadcrumb\",\"itemListElement\":[{\"@type\":\"ListItem\",\"position\":1,\"name\":\"Home\",\"item\":\"https:\\\/\\\/www.tosunlux.eu\\\/ru\\\/\"},{\"@type\":\"ListItem\",\"position\":2,\"name\":\"Products\",\"item\":\"https:\\\/\\\/www.tosunlux.eu\\\/products\\\/\"},{\"@type\":\"ListItem\",\"position\":3,\"name\":\"Timer THC-812\"}]},{\"@type\":\"WebSite\",\"@id\":\"https:\\\/\\\/www.tosunlux.eu\\\/ru\\\/#website\",\"url\":\"https:\\\/\\\/www.tosunlux.eu\\\/ru\\\/\",\"name\":\"TOSUNlux Official Site - Electrical Circuit Breaker Manufacturer in China\",\"description\":\"Power Distribution System Supplier\",\"publisher\":{\"@id\":\"https:\\\/\\\/www.tosunlux.eu\\\/ru\\\/#organization\"},\"alternateName\":\"TOSUNlux\",\"potentialAction\":[{\"@type\":\"SearchAction\",\"target\":{\"@type\":\"EntryPoint\",\"urlTemplate\":\"https:\\\/\\\/www.tosunlux.eu\\\/ru\\\/?s={search_term_string}\"},\"query-input\":{\"@type\":\"PropertyValueSpecification\",\"valueRequired\":true,\"valueName\":\"search_term_string\"}}],\"inLanguage\":\"pt-BR\"},{\"@type\":\"Organization\",\"@id\":\"https:\\\/\\\/www.tosunlux.eu\\\/ru\\\/#organization\",\"name\":\"TOSUNlux\",\"url\":\"https:\\\/\\\/www.tosunlux.eu\\\/ru\\\/\",\"logo\":{\"@type\":\"ImageObject\",\"inLanguage\":\"pt-BR\",\"@id\":\"https:\\\/\\\/www.tosunlux.eu\\\/ru\\\/#\\\/schema\\\/logo\\\/image\\\/\",\"url\":\"https:\\\/\\\/www.tosunlux.eu\\\/wp-content\\\/uploads\\\/2022\\\/01\\\/LOGOSYSM.71762f1.png\",\"contentUrl\":\"https:\\\/\\\/www.tosunlux.eu\\\/wp-content\\\/uploads\\\/2022\\\/01\\\/LOGOSYSM.71762f1.png\",\"width\":153,\"height\":55,\"caption\":\"TOSUNlux\"},\"image\":{\"@id\":\"https:\\\/\\\/www.tosunlux.eu\\\/ru\\\/#\\\/schema\\\/logo\\\/image\\\/\"},\"sameAs\":[\"https:\\\/\\\/www.facebook.com\\\/TOSUNelectric\\\/\",\"https:\\\/\\\/www.linkedin.com\\\/company\\\/wenzhou-tosun-electric-co.-ltd\\\/\"]}]}<\/script>\n<!-- \/ Yoast SEO plugin. -->","yoast_head_json":{"title":"WholesaleTimer THC-812 - Site Oficial da TOSUNlux - Fabricante de Disjuntores El\u00e9tricos na China - Fornecedor de Eletricidade de Baixa Tens\u00e3o | TOSUNlux","description":"Fornecedor de temporizador THC-812 - Venda por atacado diretamente da TOSUNlux, um fabricante confi\u00e1vel desde 1994. Obtenha seu or\u00e7amento de f\u00e1brica B2B para nossos produtos el\u00e9tricos de baixa tens\u00e3o certificados.","robots":{"index":"index","follow":"follow","max-snippet":"max-snippet:-1","max-image-preview":"max-image-preview:large","max-video-preview":"max-video-preview:-1"},"canonical":"https:\/\/www.tosunlux.eu\/pt\/products\/timer-thc-812\/","og_locale":"pt_BR","og_type":"article","og_title":"WholesaleTimer THC-812 - TOSUNlux Official Site - Electrical Circuit Breaker Manufacturer in China Low Voltage Electrical Supplier | TOSUNlux","og_description":"Timer THC-812 Supplier - Wholesale direct from TOSUNlux, a trusted manufacturer since 1994. Get your B2B factory quote on our certified Low Voltage electrical products.","og_url":"https:\/\/www.tosunlux.eu\/pt\/products\/timer-thc-812\/","og_site_name":"TOSUNlux Official Site - Electrical Circuit Breaker Manufacturer in China","article_publisher":"https:\/\/www.facebook.com\/TOSUNelectric\/","article_modified_time":"2023-09-23T08:32:55+00:00","og_image":[{"url":"https:\/\/www.tosunlux.eu\/wp-content\/uploads\/2023\/09\/Industrial-Control-1.jpg","type":"","width":"","height":""}],"twitter_card":"summary_large_image","twitter_misc":{"Est. tempo de leitura":"1 minuto"},"schema":{"@context":"https:\/\/schema.org","@graph":[{"@type":"WebPage","@id":"https:\/\/www.tosunlux.eu\/th\/products\/timer-thc-812\/","url":"https:\/\/www.tosunlux.eu\/th\/products\/timer-thc-812\/","name":"WholesaleTimer THC-812 - Site Oficial da TOSUNlux - Fabricante de Disjuntores El\u00e9tricos na China - Fornecedor de Eletricidade de Baixa Tens\u00e3o | TOSUNlux","isPartOf":{"@id":"https:\/\/www.tosunlux.eu\/ru\/#website"},"primaryImageOfPage":{"@id":"https:\/\/www.tosunlux.eu\/th\/products\/timer-thc-812\/#primaryimage"},"image":{"@id":"https:\/\/www.tosunlux.eu\/th\/products\/timer-thc-812\/#primaryimage"},"thumbnailUrl":"https:\/\/www.tosunlux.eu\/wp-content\/uploads\/2023\/09\/Industrial-Control-1.jpg","datePublished":"2023-09-23T08:02:48+00:00","dateModified":"2023-09-23T08:32:55+00:00","description":"Fornecedor de temporizador THC-812 - Venda por atacado diretamente da TOSUNlux, um fabricante confi\u00e1vel desde 1994. Obtenha seu or\u00e7amento de f\u00e1brica B2B para nossos produtos el\u00e9tricos de baixa tens\u00e3o certificados.","breadcrumb":{"@id":"https:\/\/www.tosunlux.eu\/th\/products\/timer-thc-812\/#breadcrumb"},"inLanguage":"pt-BR","potentialAction":[{"@type":"ReadAction","target":["https:\/\/www.tosunlux.eu\/th\/products\/timer-thc-812\/"]}]},{"@type":"ImageObject","inLanguage":"pt-BR","@id":"https:\/\/www.tosunlux.eu\/th\/products\/timer-thc-812\/#primaryimage","url":"https:\/\/www.tosunlux.eu\/wp-content\/uploads\/2023\/09\/Industrial-Control-1.jpg","contentUrl":"https:\/\/www.tosunlux.eu\/wp-content\/uploads\/2023\/09\/Industrial-Control-1.jpg"},{"@type":"BreadcrumbList","@id":"https:\/\/www.tosunlux.eu\/th\/products\/timer-thc-812\/#breadcrumb","itemListElement":[{"@type":"ListItem","position":1,"name":"Home","item":"https:\/\/www.tosunlux.eu\/ru\/"},{"@type":"ListItem","position":2,"name":"Products","item":"https:\/\/www.tosunlux.eu\/products\/"},{"@type":"ListItem","position":3,"name":"Timer THC-812"}]},{"@type":"WebSite","@id":"https:\/\/www.tosunlux.eu\/ru\/#website","url":"https:\/\/www.tosunlux.eu\/ru\/","name":"Site Oficial TOSUNlux - Fabricante de Disjuntores El\u00e9tricos na China","description":"Fornecedor de sistema de distribui\u00e7\u00e3o de energia","publisher":{"@id":"https:\/\/www.tosunlux.eu\/ru\/#organization"},"alternateName":"TOSUNlux","potentialAction":[{"@type":"SearchAction","target":{"@type":"EntryPoint","urlTemplate":"https:\/\/www.tosunlux.eu\/ru\/?s={search_term_string}"},"query-input":{"@type":"PropertyValueSpecification","valueRequired":true,"valueName":"search_term_string"}}],"inLanguage":"pt-BR"},{"@type":"Organization","@id":"https:\/\/www.tosunlux.eu\/ru\/#organization","name":"TOSUNlux","url":"https:\/\/www.tosunlux.eu\/ru\/","logo":{"@type":"ImageObject","inLanguage":"pt-BR","@id":"https:\/\/www.tosunlux.eu\/ru\/#\/schema\/logo\/image\/","url":"https:\/\/www.tosunlux.eu\/wp-content\/uploads\/2022\/01\/LOGOSYSM.71762f1.png","contentUrl":"https:\/\/www.tosunlux.eu\/wp-content\/uploads\/2022\/01\/LOGOSYSM.71762f1.png","width":153,"height":55,"caption":"TOSUNlux"},"image":{"@id":"https:\/\/www.tosunlux.eu\/ru\/#\/schema\/logo\/image\/"},"sameAs":["https:\/\/www.facebook.com\/TOSUNelectric\/","https:\/\/www.linkedin.com\/company\/wenzhou-tosun-electric-co.-ltd\/"]}]}},"_links":{"self":[{"href":"https:\/\/www.tosunlux.eu\/pt\/wp-json\/wp\/v2\/product\/8154","targetHints":{"allow":["GET"]}}],"collection":[{"href":"https:\/\/www.tosunlux.eu\/pt\/wp-json\/wp\/v2\/product"}],"about":[{"href":"https:\/\/www.tosunlux.eu\/pt\/wp-json\/wp\/v2\/types\/product"}],"version-history":[{"count":4,"href":"https:\/\/www.tosunlux.eu\/pt\/wp-json\/wp\/v2\/product\/8154\/revisions"}],"predecessor-version":[{"id":8178,"href":"https:\/\/www.tosunlux.eu\/pt\/wp-json\/wp\/v2\/product\/8154\/revisions\/8178"}],"wp:attachment":[{"href":"https:\/\/www.tosunlux.eu\/pt\/wp-json\/wp\/v2\/media?parent=8154"}],"wp:term":[{"taxonomy":"product_category","embeddable":true,"href":"https:\/\/www.tosunlux.eu\/pt\/wp-json\/wp\/v2\/product_category?post=8154"}],"curies":[{"name":"wp","href":"https:\/\/api.w.org\/{rel}","templated":true}]}}