{"id":10210,"date":"2024-05-27T16:18:26","date_gmt":"2024-05-27T08:18:26","guid":{"rendered":"https:\/\/www.tosunlux.eu\/?post_type=product&#038;p=10210"},"modified":"2024-11-11T10:24:19","modified_gmt":"2024-11-11T02:24:19","slug":"modular-smart-energy-meter","status":"publish","type":"product","link":"https:\/\/www.tosunlux.eu\/sq\/products\/modular-smart-energy-meter\/","title":{"rendered":"Mat\u00ebs i zgjuar modular i energjis\u00eb"},"content":{"rendered":"<p><strong>Aplikimi<\/strong><\/p>\n\n\n\n<p>Mat\u00ebsi i zgjuar modular i energjis\u00eb TDP8-63 \u00ebsht\u00eb nj\u00eb lloj mat\u00ebsi dhe mbrojt\u00ebsi m\u00eb i fundit i energjis\u00eb sht\u00ebpiake. Produkti zakonisht instalohet n\u00eb sht\u00ebpi me qira p\u00ebr t\u00eb matur konsumin e energjis\u00eb. Administrator\u00ebt mund t\u00eb monitorojn\u00eb konsumin e energjis\u00eb n\u00eb APP dhe t\u00eb kontrollojn\u00eb qarkun e atyre sht\u00ebpive nga distanca kur \u00ebsht\u00eb e nevojshme. N\u00eb t\u00eb nj\u00ebjt\u00ebn koh\u00eb, produkti ka shum\u00eb lloje funksionesh mbrojt\u00ebse. Mund t\u00eb shk\u00ebput\u00eb qarkun n\u00eb koh\u00eb p\u00ebr t\u00eb mbrojtur pajisjet elektrike kur n\u00eb qark ndodh mbi rrym\u00eb, mbitension, n\u00ebn tension ose rrym\u00eb e mbetur. P\u00ebrdoruesit mund t\u00eb rregullojn\u00eb parametrat p\u00ebr t&#039;u kontrolluar vet\u00eb n\u00eb p\u00ebrputhje me rrethanat. Produkti mund t\u00eb caktohet gjithashtu si koh\u00ebmat\u00ebs orar ose koh\u00ebmat\u00ebs i ciklit.<\/p>\n\n\n\n<p><strong>Specifikimi<\/strong><\/p>\n\n\n\n<figure class=\"wp-block-table\"><table><tbody><tr><td>Tensioni i vler\u00ebsuar<\/td><td>220 VAC<\/td><\/tr><tr><td>Gama e tensionit t\u00eb funksionimit<\/td><td>85-300 VAC<\/td><\/tr><tr><td>Gama e matjes s\u00eb energjis\u00eb<\/td><td>0-99999,9 kwh<\/td><\/tr><tr><td>Mbi vler\u00ebn aktuale t\u00eb nd\u00ebrprerjes<\/td><td>1-63A<\/td><\/tr><tr><td>Vlera e nd\u00ebrprerjes s\u00eb mbitensionit<\/td><td>110-300 V (e rregullueshme)<\/td><\/tr><tr><td>N\u00ebn vler\u00ebn e nd\u00ebrprerjes s\u00eb tensionit<\/td><td>85-220 V (e rregullueshme)<\/td><\/tr><tr><td>Ndjeshm\u00ebria ndaj rrjedhjeve t\u00eb Tok\u00ebs<\/td><td>10mA-300mA (Ky funksion mund t\u00eb fiket)<\/td><\/tr><tr><td>Gabim i ndjeshm\u00ebris\u00eb s\u00eb rrjedhjes s\u00eb tok\u00ebs<\/td><td>2%<\/td><\/tr><tr><td>\uff1eU dhe \uff1cU Vonesa n\u00eb Koh\u00ebn e Udh\u00ebtimit<\/td><td>1-30<\/td><\/tr><tr><td>Vonesa kohore e rivendosjes\/nisjes<\/td><td>1s-500s (e rregullueshme) (Vlera e parazgjedhur: 5s)<\/td><\/tr><tr><td>Gabim n\u00eb matjen e tensionit<\/td><td>1%<\/td><\/tr><tr><td>Tensioni i vler\u00ebsuar i izolimit<\/td><td>400 VAC<\/td><\/tr><tr><td>Lart\u00ebsia mbidetare<\/td><td>\u22642000 m<\/td><\/tr><tr><td>Temperatura e Ambientit<\/td><td>-30\u00b0C -70\u00b0C<\/td><\/tr><\/tbody><\/table><\/figure>\n\n\n\n<p><strong>Dimensionet<\/strong><\/p>\n\n\n\n<figure class=\"wp-block-image size-full\"><img fetchpriority=\"high\" decoding=\"async\" width=\"874\" height=\"363\" src=\"https:\/\/www.tosunlux.eu\/wp-content\/uploads\/2024\/05\/1-2.jpg\" alt=\"\" class=\"wp-image-10211\" srcset=\"https:\/\/www.tosunlux.eu\/wp-content\/uploads\/2024\/05\/1-2.jpg 874w, https:\/\/www.tosunlux.eu\/wp-content\/uploads\/2024\/05\/1-2-300x125.jpg 300w, https:\/\/www.tosunlux.eu\/wp-content\/uploads\/2024\/05\/1-2-768x319.jpg 768w, https:\/\/www.tosunlux.eu\/wp-content\/uploads\/2024\/05\/1-2-18x7.jpg 18w\" sizes=\"(max-width: 874px) 100vw, 874px\" \/><\/figure>","protected":false},"parent":0,"template":"","product_category":[75,207],"class_list":["post-10210","product","type-product","status-publish","hentry","product_category-instruments","product_category-modular-smart-energy-meter"],"yoast_head":"<!-- This site is optimized with the Yoast SEO plugin v27.5 - https:\/\/yoast.com\/product\/yoast-seo-wordpress\/ -->\n<title>WholesaleModular Smart Energy Meter - TOSUNlux Official Site - Electrical Circuit Breaker Manufacturer in China Low Voltage Electrical Supplier | TOSUNlux<\/title>\n<meta name=\"description\" content=\"Modular Smart Energy Meter Supplier - Wholesale direct from TOSUNlux, a trusted manufacturer since 1994. Get your B2B factory quote on our certified Low Voltage electrical products.\" \/>\n<meta name=\"robots\" content=\"index, follow, max-snippet:-1, max-image-preview:large, max-video-preview:-1\" \/>\n<link rel=\"canonical\" href=\"https:\/\/www.tosunlux.eu\/sq\/products\/modular-smart-energy-meter\/\" \/>\n<meta property=\"og:locale\" content=\"sq_AL\" \/>\n<meta property=\"og:type\" content=\"article\" \/>\n<meta property=\"og:title\" content=\"WholesaleModular Smart Energy Meter - TOSUNlux Official Site - Electrical Circuit Breaker Manufacturer in China Low Voltage Electrical Supplier | TOSUNlux\" \/>\n<meta property=\"og:description\" content=\"Modular Smart Energy Meter Supplier - Wholesale direct from TOSUNlux, a trusted manufacturer since 1994. Get your B2B factory quote on our certified Low Voltage electrical products.\" \/>\n<meta property=\"og:url\" content=\"https:\/\/www.tosunlux.eu\/sq\/products\/modular-smart-energy-meter\/\" \/>\n<meta property=\"og:site_name\" content=\"TOSUNlux Official Site - Electrical Circuit Breaker Manufacturer in China\" \/>\n<meta property=\"article:publisher\" content=\"https:\/\/www.facebook.com\/TOSUNelectric\/\" \/>\n<meta property=\"article:modified_time\" content=\"2024-11-11T02:24:19+00:00\" \/>\n<meta property=\"og:image\" content=\"https:\/\/www.tosunlux.eu\/wp-content\/uploads\/2024\/05\/1-2.jpg\" \/>\n<meta name=\"twitter:card\" content=\"summary_large_image\" \/>\n<meta name=\"twitter:label1\" content=\"Est. reading time\" \/>\n\t<meta name=\"twitter:data1\" content=\"2 minuta\" \/>\n<script type=\"application\/ld+json\" class=\"yoast-schema-graph\">{\"@context\":\"https:\\\/\\\/schema.org\",\"@graph\":[{\"@type\":\"WebPage\",\"@id\":\"https:\\\/\\\/www.tosunlux.eu\\\/hi\\\/products\\\/modular-smart-energy-meter\\\/\",\"url\":\"https:\\\/\\\/www.tosunlux.eu\\\/hi\\\/products\\\/modular-smart-energy-meter\\\/\",\"name\":\"WholesaleModular Smart Energy Meter - TOSUNlux Official Site - Electrical Circuit Breaker Manufacturer in China Low Voltage Electrical Supplier | TOSUNlux\",\"isPartOf\":{\"@id\":\"https:\\\/\\\/www.tosunlux.eu\\\/ru\\\/#website\"},\"primaryImageOfPage\":{\"@id\":\"https:\\\/\\\/www.tosunlux.eu\\\/hi\\\/products\\\/modular-smart-energy-meter\\\/#primaryimage\"},\"image\":{\"@id\":\"https:\\\/\\\/www.tosunlux.eu\\\/hi\\\/products\\\/modular-smart-energy-meter\\\/#primaryimage\"},\"thumbnailUrl\":\"https:\\\/\\\/www.tosunlux.eu\\\/wp-content\\\/uploads\\\/2024\\\/05\\\/1-2.jpg\",\"datePublished\":\"2024-05-27T08:18:26+00:00\",\"dateModified\":\"2024-11-11T02:24:19+00:00\",\"description\":\"Modular Smart Energy Meter Supplier - Wholesale direct from TOSUNlux, a trusted manufacturer since 1994. Get your B2B factory quote on our certified Low Voltage electrical products.\",\"breadcrumb\":{\"@id\":\"https:\\\/\\\/www.tosunlux.eu\\\/hi\\\/products\\\/modular-smart-energy-meter\\\/#breadcrumb\"},\"inLanguage\":\"sq\",\"potentialAction\":[{\"@type\":\"ReadAction\",\"target\":[\"https:\\\/\\\/www.tosunlux.eu\\\/hi\\\/products\\\/modular-smart-energy-meter\\\/\"]}]},{\"@type\":\"ImageObject\",\"inLanguage\":\"sq\",\"@id\":\"https:\\\/\\\/www.tosunlux.eu\\\/hi\\\/products\\\/modular-smart-energy-meter\\\/#primaryimage\",\"url\":\"https:\\\/\\\/www.tosunlux.eu\\\/wp-content\\\/uploads\\\/2024\\\/05\\\/1-2.jpg\",\"contentUrl\":\"https:\\\/\\\/www.tosunlux.eu\\\/wp-content\\\/uploads\\\/2024\\\/05\\\/1-2.jpg\"},{\"@type\":\"BreadcrumbList\",\"@id\":\"https:\\\/\\\/www.tosunlux.eu\\\/hi\\\/products\\\/modular-smart-energy-meter\\\/#breadcrumb\",\"itemListElement\":[{\"@type\":\"ListItem\",\"position\":1,\"name\":\"Home\",\"item\":\"https:\\\/\\\/www.tosunlux.eu\\\/ru\\\/\"},{\"@type\":\"ListItem\",\"position\":2,\"name\":\"Products\",\"item\":\"https:\\\/\\\/www.tosunlux.eu\\\/products\\\/\"},{\"@type\":\"ListItem\",\"position\":3,\"name\":\"Modular Smart Energy Meter\"}]},{\"@type\":\"WebSite\",\"@id\":\"https:\\\/\\\/www.tosunlux.eu\\\/ru\\\/#website\",\"url\":\"https:\\\/\\\/www.tosunlux.eu\\\/ru\\\/\",\"name\":\"TOSUNlux Official Site - Electrical Circuit Breaker Manufacturer in China\",\"description\":\"Power Distribution System Supplier\",\"publisher\":{\"@id\":\"https:\\\/\\\/www.tosunlux.eu\\\/ru\\\/#organization\"},\"alternateName\":\"TOSUNlux\",\"potentialAction\":[{\"@type\":\"SearchAction\",\"target\":{\"@type\":\"EntryPoint\",\"urlTemplate\":\"https:\\\/\\\/www.tosunlux.eu\\\/ru\\\/?s={search_term_string}\"},\"query-input\":{\"@type\":\"PropertyValueSpecification\",\"valueRequired\":true,\"valueName\":\"search_term_string\"}}],\"inLanguage\":\"sq\"},{\"@type\":\"Organization\",\"@id\":\"https:\\\/\\\/www.tosunlux.eu\\\/ru\\\/#organization\",\"name\":\"TOSUNlux\",\"url\":\"https:\\\/\\\/www.tosunlux.eu\\\/ru\\\/\",\"logo\":{\"@type\":\"ImageObject\",\"inLanguage\":\"sq\",\"@id\":\"https:\\\/\\\/www.tosunlux.eu\\\/ru\\\/#\\\/schema\\\/logo\\\/image\\\/\",\"url\":\"https:\\\/\\\/www.tosunlux.eu\\\/wp-content\\\/uploads\\\/2022\\\/01\\\/LOGOSYSM.71762f1.png\",\"contentUrl\":\"https:\\\/\\\/www.tosunlux.eu\\\/wp-content\\\/uploads\\\/2022\\\/01\\\/LOGOSYSM.71762f1.png\",\"width\":153,\"height\":55,\"caption\":\"TOSUNlux\"},\"image\":{\"@id\":\"https:\\\/\\\/www.tosunlux.eu\\\/ru\\\/#\\\/schema\\\/logo\\\/image\\\/\"},\"sameAs\":[\"https:\\\/\\\/www.facebook.com\\\/TOSUNelectric\\\/\",\"https:\\\/\\\/www.linkedin.com\\\/company\\\/wenzhou-tosun-electric-co.-ltd\\\/\"]}]}<\/script>\n<!-- \/ Yoast SEO plugin. -->","yoast_head_json":{"title":"WholesaleModular Smart Energy Meter - TOSUNlux Official Site - Electrical Circuit Breaker Manufacturer in China Low Voltage Electrical Supplier | TOSUNlux","description":"Modular Smart Energy Meter Supplier - Wholesale direct from TOSUNlux, a trusted manufacturer since 1994. Get your B2B factory quote on our certified Low Voltage electrical products.","robots":{"index":"index","follow":"follow","max-snippet":"max-snippet:-1","max-image-preview":"max-image-preview:large","max-video-preview":"max-video-preview:-1"},"canonical":"https:\/\/www.tosunlux.eu\/sq\/products\/modular-smart-energy-meter\/","og_locale":"sq_AL","og_type":"article","og_title":"WholesaleModular Smart Energy Meter - TOSUNlux Official Site - Electrical Circuit Breaker Manufacturer in China Low Voltage Electrical Supplier | TOSUNlux","og_description":"Modular Smart Energy Meter Supplier - Wholesale direct from TOSUNlux, a trusted manufacturer since 1994. Get your B2B factory quote on our certified Low Voltage electrical products.","og_url":"https:\/\/www.tosunlux.eu\/sq\/products\/modular-smart-energy-meter\/","og_site_name":"TOSUNlux Official Site - Electrical Circuit Breaker Manufacturer in China","article_publisher":"https:\/\/www.facebook.com\/TOSUNelectric\/","article_modified_time":"2024-11-11T02:24:19+00:00","og_image":[{"url":"https:\/\/www.tosunlux.eu\/wp-content\/uploads\/2024\/05\/1-2.jpg","type":"","width":"","height":""}],"twitter_card":"summary_large_image","twitter_misc":{"Est. reading time":"2 minuta"},"schema":{"@context":"https:\/\/schema.org","@graph":[{"@type":"WebPage","@id":"https:\/\/www.tosunlux.eu\/hi\/products\/modular-smart-energy-meter\/","url":"https:\/\/www.tosunlux.eu\/hi\/products\/modular-smart-energy-meter\/","name":"WholesaleModular Smart Energy Meter - TOSUNlux Official Site - Electrical Circuit Breaker Manufacturer in China Low Voltage Electrical Supplier | TOSUNlux","isPartOf":{"@id":"https:\/\/www.tosunlux.eu\/ru\/#website"},"primaryImageOfPage":{"@id":"https:\/\/www.tosunlux.eu\/hi\/products\/modular-smart-energy-meter\/#primaryimage"},"image":{"@id":"https:\/\/www.tosunlux.eu\/hi\/products\/modular-smart-energy-meter\/#primaryimage"},"thumbnailUrl":"https:\/\/www.tosunlux.eu\/wp-content\/uploads\/2024\/05\/1-2.jpg","datePublished":"2024-05-27T08:18:26+00:00","dateModified":"2024-11-11T02:24:19+00:00","description":"Modular Smart Energy Meter Supplier - Wholesale direct from TOSUNlux, a trusted manufacturer since 1994. Get your B2B factory quote on our certified Low Voltage electrical products.","breadcrumb":{"@id":"https:\/\/www.tosunlux.eu\/hi\/products\/modular-smart-energy-meter\/#breadcrumb"},"inLanguage":"sq","potentialAction":[{"@type":"ReadAction","target":["https:\/\/www.tosunlux.eu\/hi\/products\/modular-smart-energy-meter\/"]}]},{"@type":"ImageObject","inLanguage":"sq","@id":"https:\/\/www.tosunlux.eu\/hi\/products\/modular-smart-energy-meter\/#primaryimage","url":"https:\/\/www.tosunlux.eu\/wp-content\/uploads\/2024\/05\/1-2.jpg","contentUrl":"https:\/\/www.tosunlux.eu\/wp-content\/uploads\/2024\/05\/1-2.jpg"},{"@type":"BreadcrumbList","@id":"https:\/\/www.tosunlux.eu\/hi\/products\/modular-smart-energy-meter\/#breadcrumb","itemListElement":[{"@type":"ListItem","position":1,"name":"Home","item":"https:\/\/www.tosunlux.eu\/ru\/"},{"@type":"ListItem","position":2,"name":"Products","item":"https:\/\/www.tosunlux.eu\/products\/"},{"@type":"ListItem","position":3,"name":"Modular Smart Energy Meter"}]},{"@type":"WebSite","@id":"https:\/\/www.tosunlux.eu\/ru\/#website","url":"https:\/\/www.tosunlux.eu\/ru\/","name":"Faqja zyrtare e TOSUNlux - Prodhuesi i nd\u00ebrprer\u00ebsve t\u00eb qarkut elektrik n\u00eb Kin\u00eb","description":"Furnizuesi i Sistemit t\u00eb Shp\u00ebrndarjes s\u00eb Energjis\u00eb","publisher":{"@id":"https:\/\/www.tosunlux.eu\/ru\/#organization"},"alternateName":"TOSUNlux","potentialAction":[{"@type":"SearchAction","target":{"@type":"EntryPoint","urlTemplate":"https:\/\/www.tosunlux.eu\/ru\/?s={search_term_string}"},"query-input":{"@type":"PropertyValueSpecification","valueRequired":true,"valueName":"search_term_string"}}],"inLanguage":"sq"},{"@type":"Organization","@id":"https:\/\/www.tosunlux.eu\/ru\/#organization","name":"TOSUNlux","url":"https:\/\/www.tosunlux.eu\/ru\/","logo":{"@type":"ImageObject","inLanguage":"sq","@id":"https:\/\/www.tosunlux.eu\/ru\/#\/schema\/logo\/image\/","url":"https:\/\/www.tosunlux.eu\/wp-content\/uploads\/2022\/01\/LOGOSYSM.71762f1.png","contentUrl":"https:\/\/www.tosunlux.eu\/wp-content\/uploads\/2022\/01\/LOGOSYSM.71762f1.png","width":153,"height":55,"caption":"TOSUNlux"},"image":{"@id":"https:\/\/www.tosunlux.eu\/ru\/#\/schema\/logo\/image\/"},"sameAs":["https:\/\/www.facebook.com\/TOSUNelectric\/","https:\/\/www.linkedin.com\/company\/wenzhou-tosun-electric-co.-ltd\/"]}]}},"_links":{"self":[{"href":"https:\/\/www.tosunlux.eu\/sq\/wp-json\/wp\/v2\/product\/10210","targetHints":{"allow":["GET"]}}],"collection":[{"href":"https:\/\/www.tosunlux.eu\/sq\/wp-json\/wp\/v2\/product"}],"about":[{"href":"https:\/\/www.tosunlux.eu\/sq\/wp-json\/wp\/v2\/types\/product"}],"version-history":[{"count":1,"href":"https:\/\/www.tosunlux.eu\/sq\/wp-json\/wp\/v2\/product\/10210\/revisions"}],"predecessor-version":[{"id":10215,"href":"https:\/\/www.tosunlux.eu\/sq\/wp-json\/wp\/v2\/product\/10210\/revisions\/10215"}],"wp:attachment":[{"href":"https:\/\/www.tosunlux.eu\/sq\/wp-json\/wp\/v2\/media?parent=10210"}],"wp:term":[{"taxonomy":"product_category","embeddable":true,"href":"https:\/\/www.tosunlux.eu\/sq\/wp-json\/wp\/v2\/product_category?post=10210"}],"curies":[{"name":"wp","href":"https:\/\/api.w.org\/{rel}","templated":true}]}}