{"id":10975,"date":"2024-07-15T11:24:09","date_gmt":"2024-07-15T03:24:09","guid":{"rendered":"https:\/\/www.tosunlux.eu\/?post_type=product&#038;p=10975"},"modified":"2024-07-15T11:24:11","modified_gmt":"2024-07-15T03:24:11","slug":"modular-digital-voltage-current-protector-2","status":"publish","type":"product","link":"https:\/\/www.tosunlux.eu\/sq\/products\/modular-digital-voltage-current-protector-2\/","title":{"rendered":"Mbrojt\u00ebs modular i tensionit dhe rrym\u00ebs dixhitale"},"content":{"rendered":"<p><strong>Aplikimi<\/strong><\/p>\n\n\n\n<p>Mbrojt\u00ebsi modular i tensionit dhe rrym\u00ebs dixhitale TDP4 mund t\u00eb shk\u00ebput\u00eb qarkun p\u00ebr t\u00eb mbrojtur automatikisht pajisjet n\u00eb rast se ndodh nj\u00eb situat\u00eb jonormale me furnizimin me energji elektrike. Kur furnizimi me energji rikuperohet, mbrojt\u00ebsi ndizet automatikisht n\u00eb qark pas 1-2 minutash vones\u00eb. Treguesit n\u00eb panel tregojn\u00eb gjendjen e pun\u00ebs s\u00eb mbrojt\u00ebsit.<\/p>\n\n\n\n<p><strong>Specifikimi<\/strong><\/p>\n\n\n<table style=\"border-collapse: collapse; width: 531.77pt;\" border=\"0\" width=\"709\" cellspacing=\"0\" cellpadding=\"0\">\n<tbody>\n<tr style=\"height: 15.00pt;\">\n<td class=\"et2\" style=\"height: 15.00pt; width: 198.00pt;\" width=\"264\" height=\"20\"><span class=\"font3\">Model<\/span><\/td>\n<td class=\"et3\" style=\"width: 168pt; text-align: center;\" width=\"224\"><span class=\"font4\">TDP4-1<\/span><\/td>\n<td class=\"et4\" style=\"width: 166pt; text-align: center;\" width=\"221\"><span class=\"font4\">TDP4-3<\/span><\/td>\n<\/tr>\n<tr style=\"height: 13.75pt;\">\n<td class=\"et2\" style=\"height: 13.75pt; width: 198.00pt;\" width=\"264\" height=\"18\"><span class=\"font3\">Tensioni i vler\u00ebsuar i pun\u00ebs<\/span><\/td>\n<td class=\"et5\" style=\"width: 168pt; text-align: center;\" width=\"224\"><span class=\"font3\">220 V<\/span><\/td>\n<td class=\"et6\" style=\"width: 166pt; text-align: center;\" width=\"221\"><span class=\"font3\">380 V<\/span><\/td>\n<\/tr>\n<tr style=\"height: 13.75pt;\">\n<td class=\"et2\" style=\"height: 13.75pt; width: 198.00pt;\" width=\"264\" height=\"18\"><span class=\"font3\">Gama e tensionit t\u00eb funksionimit<\/span><\/td>\n<td class=\"et5\" style=\"width: 168pt; text-align: center;\" width=\"224\"><span class=\"font3\">AC80V-400V (nj\u00ebfazor)<\/span><\/td>\n<td class=\"et6\" style=\"width: 166pt; text-align: center;\" width=\"221\"><span class=\"font3\">140-650 V<\/span><\/td>\n<\/tr>\n<tr style=\"height: 13.75pt;\">\n<td class=\"et2\" style=\"height: 13.75pt; width: 198.00pt;\" width=\"264\" height=\"18\"><span class=\"font3\">Frekuenca e vler\u00ebsuar<\/span><\/td>\n<td class=\"et6\" style=\"width: 334pt; text-align: center;\" colspan=\"2\" width=\"445\"><span class=\"font3\">50\/60 Hz<\/span><\/td>\n<\/tr>\n<tr style=\"height: 13.75pt;\">\n<td class=\"et2\" style=\"height: 13.75pt; width: 198.00pt;\" width=\"264\" height=\"18\"><span class=\"font3\">Rryma e vler\u00ebsuar e pun\u00ebs<\/span><\/td>\n<td class=\"et6\" style=\"width: 334pt; text-align: center;\" colspan=\"2\" width=\"445\"><span class=\"font3\">32A\/40A\/63A\/80A<\/span><\/td>\n<\/tr>\n<tr style=\"height: 13.75pt;\">\n<td class=\"et2\" style=\"height: 13.75pt; width: 198.00pt;\" width=\"264\" height=\"18\"><span class=\"font3\">Vlera e mbrojtjes nga mbitensioni<\/span><\/td>\n<td class=\"et6\" style=\"width: 334pt; text-align: center;\" colspan=\"2\" width=\"445\"><span class=\"font3\">AC230V-AC300V<\/span><\/td>\n<\/tr>\n<tr style=\"height: 13.75pt;\">\n<td class=\"et2\" style=\"height: 13.75pt; width: 198.00pt;\" width=\"264\" height=\"18\"><span class=\"font3\">Vlera e mbrojtjes n\u00ebn tension<\/span><\/td>\n<td class=\"et6\" style=\"width: 334pt; text-align: center;\" colspan=\"2\" width=\"445\"><span class=\"font3\">AC120V-AC210V<\/span><\/td>\n<\/tr>\n<tr style=\"height: 13.75pt;\">\n<td class=\"et2\" style=\"height: 13.75pt; width: 198.00pt;\" width=\"264\" height=\"18\"><span class=\"font3\">Koha e fikjes s\u00eb tensionit<\/span><\/td>\n<td class=\"et6\" style=\"width: 334pt; text-align: center;\" colspan=\"2\" width=\"445\"><span class=\"font3\">0.4 s<\/span><\/td>\n<\/tr>\n<tr style=\"height: 11.75pt;\">\n<td class=\"et2\" style=\"height: 11.75pt; width: 198.00pt;\" width=\"264\" height=\"15\"><span class=\"font3\">Vlera e mbrojtjes nga mbirryma<\/span><\/td>\n<td class=\"et6\" style=\"width: 334pt; text-align: center;\" colspan=\"2\" width=\"445\"><span class=\"font3\">1-32A\/1-40A\/1-63A\/1-80A<\/span><\/td>\n<\/tr>\n<tr style=\"height: 12.00pt;\">\n<td class=\"et2\" style=\"height: 12.00pt; width: 198.00pt;\" width=\"264\" height=\"16\"><span class=\"font3\">Koha e fikjes s\u00eb mbirrym\u00ebs<\/span><\/td>\n<td class=\"et6\" style=\"width: 334pt; text-align: center;\" colspan=\"2\" width=\"445\"><span class=\"font3\">1-60<\/span><\/td>\n<\/tr>\n<tr style=\"height: 14.00pt;\">\n<td class=\"et2\" style=\"height: 14.00pt; width: 198.00pt;\" width=\"264\" height=\"18\"><span class=\"font3\">Koha e rikuperimit (Koha e vones\u00ebs s\u00eb fillimit)<\/span><\/td>\n<td class=\"et6\" style=\"width: 334pt; text-align: center;\" colspan=\"2\" width=\"445\"><span class=\"font3\">10-999\/80<\/span><\/td>\n<\/tr>\n<tr style=\"height: 13.50pt;\">\n<td class=\"et2\" style=\"height: 13.50pt; width: 198.00pt;\" width=\"264\" height=\"18\"><span class=\"font3\">Konsumi vetanak i energjis\u00eb<\/span><\/td>\n<td class=\"et6\" style=\"width: 334pt; text-align: center;\" colspan=\"2\" width=\"445\"><span class=\"font3\">\u22641,5 W<\/span><\/td>\n<\/tr>\n<tr style=\"height: 12.00pt;\">\n<td class=\"et2\" style=\"height: 12.00pt; width: 198.00pt;\" width=\"264\" height=\"16\"><span class=\"font3\">Jeta mekanike e motorit<\/span><\/td>\n<td class=\"et6\" style=\"width: 334pt; text-align: center;\" colspan=\"2\" width=\"445\"><span class=\"font3\">\u2265 100,000 her\u00eb<\/span><\/td>\n<\/tr>\n<tr style=\"height: 13.75pt;\">\n<td class=\"et2\" style=\"height: 13.75pt; width: 198.00pt;\" width=\"264\" height=\"18\"><span class=\"font3\">Lag\u00ebshtia relative<\/span><\/td>\n<td class=\"et6\" style=\"width: 334pt; text-align: center;\" colspan=\"2\" width=\"445\"><span class=\"font3\">45-90%RH<\/span><\/td>\n<\/tr>\n<tr style=\"height: 11.75pt;\">\n<td class=\"et2\" style=\"height: 11.75pt; width: 198.00pt;\" width=\"264\" height=\"15\"><span class=\"font3\">Temperatura<\/span><\/td>\n<td class=\"et6\" style=\"width: 334pt; text-align: center;\" colspan=\"2\" width=\"445\"><span class=\"font3\">40\u00baC<\/span><\/td>\n<\/tr>\n<tr style=\"height: 11.75pt;\">\n<td class=\"et2\" style=\"height: 11.75pt; width: 198.00pt;\" width=\"264\" height=\"15\"><span class=\"font3\">Lart\u00ebsia mbidetare<\/span><\/td>\n<td class=\"et6\" style=\"width: 334pt; text-align: center;\" colspan=\"2\" width=\"445\"><span class=\"font3\">\u22642000 M<\/span><\/td>\n<\/tr>\n<\/tbody>\n<\/table>\n<p>\u00a0<\/p>\n\n\n<p><strong>Dimensionet<\/strong><\/p>\n\n\n\n<figure class=\"wp-block-image size-large\"><img fetchpriority=\"high\" decoding=\"async\" width=\"1024\" height=\"230\" src=\"https:\/\/www.tosunlux.eu\/wp-content\/uploads\/2024\/07\/1-1024x230.jpg\" alt=\"\" class=\"wp-image-10976\" srcset=\"https:\/\/www.tosunlux.eu\/wp-content\/uploads\/2024\/07\/1-1024x230.jpg 1024w, https:\/\/www.tosunlux.eu\/wp-content\/uploads\/2024\/07\/1-300x67.jpg 300w, https:\/\/www.tosunlux.eu\/wp-content\/uploads\/2024\/07\/1-768x172.jpg 768w, https:\/\/www.tosunlux.eu\/wp-content\/uploads\/2024\/07\/1-1536x345.jpg 1536w, https:\/\/www.tosunlux.eu\/wp-content\/uploads\/2024\/07\/1-18x4.jpg 18w, https:\/\/www.tosunlux.eu\/wp-content\/uploads\/2024\/07\/1.jpg 1938w\" sizes=\"(max-width: 1024px) 100vw, 1024px\" \/><\/figure>","protected":false},"parent":0,"template":"","product_category":[24,82],"class_list":["post-10975","product","type-product","status-publish","hentry","product_category-power-distribution-system","product_category-voltage-protector"],"yoast_head":"<!-- This site is optimized with the Yoast SEO plugin v27.4 - https:\/\/yoast.com\/product\/yoast-seo-wordpress\/ -->\n<title>WholesaleModular Digital Voltage &amp; Current Protector - TOSUNlux Official Site - Electrical Circuit Breaker Manufacturer in China Low Voltage Electrical Supplier | TOSUNlux<\/title>\n<meta name=\"description\" content=\"Modular Digital Voltage &amp; Current Protector Supplier - Wholesale direct from TOSUNlux, a trusted manufacturer since 1994. Get your B2B factory quote on our certified Low Voltage electrical products.\" \/>\n<meta name=\"robots\" content=\"index, follow, max-snippet:-1, max-image-preview:large, max-video-preview:-1\" \/>\n<link rel=\"canonical\" href=\"https:\/\/www.tosunlux.eu\/sq\/products\/modular-digital-voltage-current-protector-2\/\" \/>\n<meta property=\"og:locale\" content=\"sq_AL\" \/>\n<meta property=\"og:type\" content=\"article\" \/>\n<meta property=\"og:title\" content=\"WholesaleModular Digital Voltage &amp; Current Protector - TOSUNlux Official Site - Electrical Circuit Breaker Manufacturer in China Low Voltage Electrical Supplier | TOSUNlux\" \/>\n<meta property=\"og:description\" content=\"Modular Digital Voltage &amp; Current Protector Supplier - Wholesale direct from TOSUNlux, a trusted manufacturer since 1994. Get your B2B factory quote on our certified Low Voltage electrical products.\" \/>\n<meta property=\"og:url\" content=\"https:\/\/www.tosunlux.eu\/sq\/products\/modular-digital-voltage-current-protector-2\/\" \/>\n<meta property=\"og:site_name\" content=\"TOSUNlux Official Site - Electrical Circuit Breaker Manufacturer in China\" \/>\n<meta property=\"article:publisher\" content=\"https:\/\/www.facebook.com\/TOSUNelectric\/\" \/>\n<meta property=\"article:modified_time\" content=\"2024-07-15T03:24:11+00:00\" \/>\n<meta property=\"og:image\" content=\"https:\/\/www.tosunlux.eu\/wp-content\/uploads\/2024\/07\/1-1024x230.jpg\" \/>\n<meta name=\"twitter:card\" content=\"summary_large_image\" \/>\n<meta name=\"twitter:label1\" content=\"Est. reading time\" \/>\n\t<meta name=\"twitter:data1\" content=\"1 minut\u00eb\" \/>\n<script type=\"application\/ld+json\" class=\"yoast-schema-graph\">{\"@context\":\"https:\\\/\\\/schema.org\",\"@graph\":[{\"@type\":\"WebPage\",\"@id\":\"https:\\\/\\\/www.tosunlux.eu\\\/ar\\\/products\\\/modular-digital-voltage-current-protector-2\\\/\",\"url\":\"https:\\\/\\\/www.tosunlux.eu\\\/ar\\\/products\\\/modular-digital-voltage-current-protector-2\\\/\",\"name\":\"WholesaleModular Digital Voltage & Current Protector - TOSUNlux Official Site - Electrical Circuit Breaker Manufacturer in China Low Voltage Electrical Supplier | TOSUNlux\",\"isPartOf\":{\"@id\":\"https:\\\/\\\/www.tosunlux.eu\\\/ru\\\/#website\"},\"primaryImageOfPage\":{\"@id\":\"https:\\\/\\\/www.tosunlux.eu\\\/ar\\\/products\\\/modular-digital-voltage-current-protector-2\\\/#primaryimage\"},\"image\":{\"@id\":\"https:\\\/\\\/www.tosunlux.eu\\\/ar\\\/products\\\/modular-digital-voltage-current-protector-2\\\/#primaryimage\"},\"thumbnailUrl\":\"https:\\\/\\\/www.tosunlux.eu\\\/wp-content\\\/uploads\\\/2024\\\/07\\\/1-1024x230.jpg\",\"datePublished\":\"2024-07-15T03:24:09+00:00\",\"dateModified\":\"2024-07-15T03:24:11+00:00\",\"description\":\"Modular Digital Voltage & Current Protector Supplier - Wholesale direct from TOSUNlux, a trusted manufacturer since 1994. Get your B2B factory quote on our certified Low Voltage electrical products.\",\"breadcrumb\":{\"@id\":\"https:\\\/\\\/www.tosunlux.eu\\\/ar\\\/products\\\/modular-digital-voltage-current-protector-2\\\/#breadcrumb\"},\"inLanguage\":\"sq\",\"potentialAction\":[{\"@type\":\"ReadAction\",\"target\":[\"https:\\\/\\\/www.tosunlux.eu\\\/ar\\\/products\\\/modular-digital-voltage-current-protector-2\\\/\"]}]},{\"@type\":\"ImageObject\",\"inLanguage\":\"sq\",\"@id\":\"https:\\\/\\\/www.tosunlux.eu\\\/ar\\\/products\\\/modular-digital-voltage-current-protector-2\\\/#primaryimage\",\"url\":\"https:\\\/\\\/www.tosunlux.eu\\\/wp-content\\\/uploads\\\/2024\\\/07\\\/1-1024x230.jpg\",\"contentUrl\":\"https:\\\/\\\/www.tosunlux.eu\\\/wp-content\\\/uploads\\\/2024\\\/07\\\/1-1024x230.jpg\"},{\"@type\":\"BreadcrumbList\",\"@id\":\"https:\\\/\\\/www.tosunlux.eu\\\/ar\\\/products\\\/modular-digital-voltage-current-protector-2\\\/#breadcrumb\",\"itemListElement\":[{\"@type\":\"ListItem\",\"position\":1,\"name\":\"Home\",\"item\":\"https:\\\/\\\/www.tosunlux.eu\\\/ru\\\/\"},{\"@type\":\"ListItem\",\"position\":2,\"name\":\"Products\",\"item\":\"https:\\\/\\\/www.tosunlux.eu\\\/products\\\/\"},{\"@type\":\"ListItem\",\"position\":3,\"name\":\"Modular Digital Voltage &#038; Current Protector\"}]},{\"@type\":\"WebSite\",\"@id\":\"https:\\\/\\\/www.tosunlux.eu\\\/ru\\\/#website\",\"url\":\"https:\\\/\\\/www.tosunlux.eu\\\/ru\\\/\",\"name\":\"TOSUNlux Official Site - Electrical Circuit Breaker Manufacturer in China\",\"description\":\"Power Distribution System Supplier\",\"publisher\":{\"@id\":\"https:\\\/\\\/www.tosunlux.eu\\\/ru\\\/#organization\"},\"alternateName\":\"TOSUNlux\",\"potentialAction\":[{\"@type\":\"SearchAction\",\"target\":{\"@type\":\"EntryPoint\",\"urlTemplate\":\"https:\\\/\\\/www.tosunlux.eu\\\/ru\\\/?s={search_term_string}\"},\"query-input\":{\"@type\":\"PropertyValueSpecification\",\"valueRequired\":true,\"valueName\":\"search_term_string\"}}],\"inLanguage\":\"sq\"},{\"@type\":\"Organization\",\"@id\":\"https:\\\/\\\/www.tosunlux.eu\\\/ru\\\/#organization\",\"name\":\"TOSUNlux\",\"url\":\"https:\\\/\\\/www.tosunlux.eu\\\/ru\\\/\",\"logo\":{\"@type\":\"ImageObject\",\"inLanguage\":\"sq\",\"@id\":\"https:\\\/\\\/www.tosunlux.eu\\\/ru\\\/#\\\/schema\\\/logo\\\/image\\\/\",\"url\":\"https:\\\/\\\/www.tosunlux.eu\\\/wp-content\\\/uploads\\\/2022\\\/01\\\/LOGOSYSM.71762f1.png\",\"contentUrl\":\"https:\\\/\\\/www.tosunlux.eu\\\/wp-content\\\/uploads\\\/2022\\\/01\\\/LOGOSYSM.71762f1.png\",\"width\":153,\"height\":55,\"caption\":\"TOSUNlux\"},\"image\":{\"@id\":\"https:\\\/\\\/www.tosunlux.eu\\\/ru\\\/#\\\/schema\\\/logo\\\/image\\\/\"},\"sameAs\":[\"https:\\\/\\\/www.facebook.com\\\/TOSUNelectric\\\/\",\"https:\\\/\\\/www.linkedin.com\\\/company\\\/wenzhou-tosun-electric-co.-ltd\\\/\"]}]}<\/script>\n<!-- \/ Yoast SEO plugin. -->","yoast_head_json":{"title":"Mbrojt\u00ebs Modular Dixhital i Tensionit dhe Rrym\u00ebs me Shumic\u00eb - Faqja Zyrtare e TOSUNlux - Prodhues i Nd\u00ebrprer\u00ebsve t\u00eb Qarkut Elektrik n\u00eb Kin\u00eb, Furnizues i Energjis\u00eb Elektrike me Tension t\u00eb Ul\u00ebt | TOSUNlux","description":"Furnizues i Mbrojt\u00ebsve Modular\u00eb Dixhital\u00eb t\u00eb Tensionit dhe Rrym\u00ebs - Shitje me shumic\u00eb direkt nga TOSUNlux, nj\u00eb prodhues i besuar q\u00eb nga viti 1994. Merrni ofert\u00ebn tuaj B2B t\u00eb fabrik\u00ebs p\u00ebr produktet tona t\u00eb certifikuara elektrike me Tension t\u00eb Ul\u00ebt.","robots":{"index":"index","follow":"follow","max-snippet":"max-snippet:-1","max-image-preview":"max-image-preview:large","max-video-preview":"max-video-preview:-1"},"canonical":"https:\/\/www.tosunlux.eu\/sq\/products\/modular-digital-voltage-current-protector-2\/","og_locale":"sq_AL","og_type":"article","og_title":"WholesaleModular Digital Voltage & Current Protector - TOSUNlux Official Site - Electrical Circuit Breaker Manufacturer in China Low Voltage Electrical Supplier | TOSUNlux","og_description":"Modular Digital Voltage & Current Protector Supplier - Wholesale direct from TOSUNlux, a trusted manufacturer since 1994. Get your B2B factory quote on our certified Low Voltage electrical products.","og_url":"https:\/\/www.tosunlux.eu\/sq\/products\/modular-digital-voltage-current-protector-2\/","og_site_name":"TOSUNlux Official Site - Electrical Circuit Breaker Manufacturer in China","article_publisher":"https:\/\/www.facebook.com\/TOSUNelectric\/","article_modified_time":"2024-07-15T03:24:11+00:00","og_image":[{"url":"https:\/\/www.tosunlux.eu\/wp-content\/uploads\/2024\/07\/1-1024x230.jpg","type":"","width":"","height":""}],"twitter_card":"summary_large_image","twitter_misc":{"Est. reading time":"1 minut\u00eb"},"schema":{"@context":"https:\/\/schema.org","@graph":[{"@type":"WebPage","@id":"https:\/\/www.tosunlux.eu\/ar\/products\/modular-digital-voltage-current-protector-2\/","url":"https:\/\/www.tosunlux.eu\/ar\/products\/modular-digital-voltage-current-protector-2\/","name":"Mbrojt\u00ebs Modular Dixhital i Tensionit dhe Rrym\u00ebs me Shumic\u00eb - Faqja Zyrtare e TOSUNlux - Prodhues i Nd\u00ebrprer\u00ebsve t\u00eb Qarkut Elektrik n\u00eb Kin\u00eb, Furnizues i Energjis\u00eb Elektrike me Tension t\u00eb Ul\u00ebt | TOSUNlux","isPartOf":{"@id":"https:\/\/www.tosunlux.eu\/ru\/#website"},"primaryImageOfPage":{"@id":"https:\/\/www.tosunlux.eu\/ar\/products\/modular-digital-voltage-current-protector-2\/#primaryimage"},"image":{"@id":"https:\/\/www.tosunlux.eu\/ar\/products\/modular-digital-voltage-current-protector-2\/#primaryimage"},"thumbnailUrl":"https:\/\/www.tosunlux.eu\/wp-content\/uploads\/2024\/07\/1-1024x230.jpg","datePublished":"2024-07-15T03:24:09+00:00","dateModified":"2024-07-15T03:24:11+00:00","description":"Furnizues i Mbrojt\u00ebsve Modular\u00eb Dixhital\u00eb t\u00eb Tensionit dhe Rrym\u00ebs - Shitje me shumic\u00eb direkt nga TOSUNlux, nj\u00eb prodhues i besuar q\u00eb nga viti 1994. Merrni ofert\u00ebn tuaj B2B t\u00eb fabrik\u00ebs p\u00ebr produktet tona t\u00eb certifikuara elektrike me Tension t\u00eb Ul\u00ebt.","breadcrumb":{"@id":"https:\/\/www.tosunlux.eu\/ar\/products\/modular-digital-voltage-current-protector-2\/#breadcrumb"},"inLanguage":"sq","potentialAction":[{"@type":"ReadAction","target":["https:\/\/www.tosunlux.eu\/ar\/products\/modular-digital-voltage-current-protector-2\/"]}]},{"@type":"ImageObject","inLanguage":"sq","@id":"https:\/\/www.tosunlux.eu\/ar\/products\/modular-digital-voltage-current-protector-2\/#primaryimage","url":"https:\/\/www.tosunlux.eu\/wp-content\/uploads\/2024\/07\/1-1024x230.jpg","contentUrl":"https:\/\/www.tosunlux.eu\/wp-content\/uploads\/2024\/07\/1-1024x230.jpg"},{"@type":"BreadcrumbList","@id":"https:\/\/www.tosunlux.eu\/ar\/products\/modular-digital-voltage-current-protector-2\/#breadcrumb","itemListElement":[{"@type":"ListItem","position":1,"name":"Home","item":"https:\/\/www.tosunlux.eu\/ru\/"},{"@type":"ListItem","position":2,"name":"Products","item":"https:\/\/www.tosunlux.eu\/products\/"},{"@type":"ListItem","position":3,"name":"Modular Digital Voltage &#038; Current Protector"}]},{"@type":"WebSite","@id":"https:\/\/www.tosunlux.eu\/ru\/#website","url":"https:\/\/www.tosunlux.eu\/ru\/","name":"Faqja zyrtare e TOSUNlux - Prodhuesi i nd\u00ebrprer\u00ebsve t\u00eb qarkut elektrik n\u00eb Kin\u00eb","description":"Furnizuesi i Sistemit t\u00eb Shp\u00ebrndarjes s\u00eb Energjis\u00eb","publisher":{"@id":"https:\/\/www.tosunlux.eu\/ru\/#organization"},"alternateName":"TOSUNlux","potentialAction":[{"@type":"SearchAction","target":{"@type":"EntryPoint","urlTemplate":"https:\/\/www.tosunlux.eu\/ru\/?s={search_term_string}"},"query-input":{"@type":"PropertyValueSpecification","valueRequired":true,"valueName":"search_term_string"}}],"inLanguage":"sq"},{"@type":"Organization","@id":"https:\/\/www.tosunlux.eu\/ru\/#organization","name":"TOSUNlux","url":"https:\/\/www.tosunlux.eu\/ru\/","logo":{"@type":"ImageObject","inLanguage":"sq","@id":"https:\/\/www.tosunlux.eu\/ru\/#\/schema\/logo\/image\/","url":"https:\/\/www.tosunlux.eu\/wp-content\/uploads\/2022\/01\/LOGOSYSM.71762f1.png","contentUrl":"https:\/\/www.tosunlux.eu\/wp-content\/uploads\/2022\/01\/LOGOSYSM.71762f1.png","width":153,"height":55,"caption":"TOSUNlux"},"image":{"@id":"https:\/\/www.tosunlux.eu\/ru\/#\/schema\/logo\/image\/"},"sameAs":["https:\/\/www.facebook.com\/TOSUNelectric\/","https:\/\/www.linkedin.com\/company\/wenzhou-tosun-electric-co.-ltd\/"]}]}},"_links":{"self":[{"href":"https:\/\/www.tosunlux.eu\/sq\/wp-json\/wp\/v2\/product\/10975","targetHints":{"allow":["GET"]}}],"collection":[{"href":"https:\/\/www.tosunlux.eu\/sq\/wp-json\/wp\/v2\/product"}],"about":[{"href":"https:\/\/www.tosunlux.eu\/sq\/wp-json\/wp\/v2\/types\/product"}],"version-history":[{"count":2,"href":"https:\/\/www.tosunlux.eu\/sq\/wp-json\/wp\/v2\/product\/10975\/revisions"}],"predecessor-version":[{"id":12185,"href":"https:\/\/www.tosunlux.eu\/sq\/wp-json\/wp\/v2\/product\/10975\/revisions\/12185"}],"wp:attachment":[{"href":"https:\/\/www.tosunlux.eu\/sq\/wp-json\/wp\/v2\/media?parent=10975"}],"wp:term":[{"taxonomy":"product_category","embeddable":true,"href":"https:\/\/www.tosunlux.eu\/sq\/wp-json\/wp\/v2\/product_category?post=10975"}],"curies":[{"name":"wp","href":"https:\/\/api.w.org\/{rel}","templated":true}]}}