{"id":1139,"date":"2022-04-14T17:29:49","date_gmt":"2022-04-14T09:29:49","guid":{"rendered":"https:\/\/www.tosunlux.eu\/?post_type=product&#038;p=1139"},"modified":"2023-09-13T11:16:47","modified_gmt":"2023-09-13T03:16:47","slug":"level-control-relay-trl8","status":"publish","type":"product","link":"https:\/\/www.tosunlux.eu\/sq\/products\/level-control-relay-trl8\/","title":{"rendered":"Rele e kontrollit t\u00eb nivelit TRL8"},"content":{"rendered":"<pre class=\"wp-block-verse\"><strong>Aplikacionet<\/strong>\n\nProjektuar p\u00ebr monitorimin e nivelit n\u00eb puse, pellgje, rezervuar\u00eb, rezervuar\u00eb ......\n\n<strong>Ve\u00e7ori<\/strong>\n\nN\u00eb nj\u00eb pajisje mund t\u00eb zgjidhni konfigurimet e m\u00ebposhtme: modaliteti i kontrollit me 2 nivele 1 modaliteti i kontrollit t\u00eb nivelit Zgjedhja e funksionit PUMP UP , PUMP DOWM. Ndjeshm\u00ebria e rregullueshme nga nj\u00eb potenciomet\u00ebr (5-100k\u03a9) Tensioni i furnizimit AC\/DC 24-240V i ndar\u00eb galvanikisht Statusi i stafet\u00ebs tregohet me LED. 1-MODUL , montim DIN.\n\n<strong>Parametrat Teknik\u00eb<\/strong>\n\n\n<\/pre>\n\n\n<table style=\"height: 894px;\" width=\"581\">\n<tbody>\n<tr>\n<td style=\"text-align: center;\" width=\"196\">Model<\/td>\n<td style=\"text-align: center;\" width=\"128\">TRL8-01<\/td>\n<td style=\"text-align: center;\" width=\"171\">TRL8-02<\/td>\n<\/tr>\n<tr>\n<td style=\"text-align: center;\" width=\"196\">Funksioni<\/td>\n<td style=\"text-align: center;\" width=\"128\">M\u00ebnyra e kontrollit me 2 nivele<\/td>\n<td style=\"text-align: center;\" width=\"171\">M\u00ebnyra e kontrollit me 2 ose 1 nivele<\/td>\n<\/tr>\n<tr>\n<td style=\"text-align: center;\" width=\"196\">Terminalet e furnizimit<\/td>\n<td style=\"text-align: center;\" colspan=\"2\" width=\"299\">A1-A2<\/td>\n<\/tr>\n<tr>\n<td style=\"text-align: center;\" width=\"196\">Gama e tensionit<\/td>\n<td style=\"text-align: center;\" colspan=\"2\" width=\"299\">AC\/DC 12-240V (50-60Hz)<\/td>\n<\/tr>\n<tr>\n<td style=\"text-align: center;\" width=\"196\">Input<\/td>\n<td style=\"text-align: center;\" colspan=\"2\" width=\"299\">max.2VA<\/td>\n<\/tr>\n<tr>\n<td style=\"text-align: center;\" width=\"196\">Toleranca e tensionit t\u00eb furnizimit<\/td>\n<td style=\"text-align: center;\" colspan=\"2\" width=\"299\">-15%;+10%<\/td>\n<\/tr>\n<tr>\n<td style=\"text-align: center;\" width=\"196\">Ndjeshm\u00ebria (rezistenca e hyrjes)<\/td>\n<td style=\"text-align: center;\" colspan=\"2\" width=\"299\">E rregullueshme n\u00eb intervalin 5 k\u03a9-100 k\u03a9<\/td>\n<\/tr>\n<tr>\n<td style=\"text-align: center;\" width=\"196\">Tensioni n\u00eb elektroda<\/td>\n<td style=\"text-align: center;\" colspan=\"2\" width=\"299\">max.AC 5V<\/td>\n<\/tr>\n<tr>\n<td style=\"text-align: center;\" width=\"196\">Rryma n\u00eb sond\u00eb<\/td>\n<td style=\"text-align: center;\" colspan=\"2\" width=\"299\">AC&lt;0.1mA<\/td>\n<\/tr>\n<tr>\n<td style=\"text-align: center;\" width=\"196\">P\u00ebrgjigja n\u00eb koh\u00eb<\/td>\n<td style=\"text-align: center;\" colspan=\"2\" width=\"299\">maksimumi 400 ms<\/td>\n<\/tr>\n<tr>\n<td style=\"text-align: center;\" width=\"196\">Gjat\u00ebsia maksimale e kapacitetit<\/td>\n<td style=\"text-align: center;\" colspan=\"2\" width=\"299\">800 m (ndjeshm\u00ebria 25 k\u03a9), 200 m (ndjeshm\u00ebria 100 k\u03a9)<\/td>\n<\/tr>\n<tr>\n<td style=\"text-align: center;\" width=\"196\">Kapaciteti maksimal i kabllit t\u00eb sond\u00ebs<\/td>\n<td style=\"text-align: center;\" colspan=\"2\" width=\"299\">400 nF (ndjeshm\u00ebria 25 k\u03a9), 100 nF (ndjeshm\u00ebri 100 k\u03a9)<\/td>\n<\/tr>\n<tr>\n<td style=\"text-align: center;\" width=\"196\">Vonesa kohore (t)<\/td>\n<td style=\"text-align: center;\" colspan=\"2\" width=\"299\">E rregullueshme, 0.1-10s<\/td>\n<\/tr>\n<tr>\n<td style=\"text-align: center;\" width=\"196\">Sakt\u00ebsia n\u00eb vendosje (mekanike)<\/td>\n<td style=\"text-align: center;\" colspan=\"2\" width=\"299\">\u00b110%<\/td>\n<\/tr>\n<tr>\n<td style=\"text-align: center;\" width=\"196\">Koeficienti i temperatur\u00ebs<\/td>\n<td style=\"text-align: center;\" colspan=\"2\" width=\"299\">0,05%\/\u00b0C,at=20\u2103(0,05%\u00b0F,at=68\u00b0F)<\/td>\n<\/tr>\n<tr>\n<td style=\"text-align: center;\" width=\"196\">Prodhimi\u00a0<\/td>\n<td style=\"text-align: center;\" colspan=\"2\" width=\"299\">1XSPDT<\/td>\n<\/tr>\n<tr>\n<td style=\"text-align: center;\" width=\"196\">Vler\u00ebsimi aktual<\/td>\n<td style=\"text-align: center;\" colspan=\"2\" width=\"299\">10A\/AC1<\/td>\n<\/tr>\n<tr>\n<td style=\"text-align: center;\" width=\"196\">Tensioni i komutimit<\/td>\n<td style=\"text-align: center;\" colspan=\"2\" width=\"299\">250VAC\/24VDC<\/td>\n<\/tr>\n<tr>\n<td style=\"text-align: center;\" width=\"196\">Min.kapaciteti i thyerjes DC<\/td>\n<td style=\"text-align: center;\" colspan=\"2\" width=\"299\">500 mW<\/td>\n<\/tr>\n<tr>\n<td style=\"text-align: center;\" width=\"196\">Treguesi i daljes<\/td>\n<td style=\"text-align: center;\" colspan=\"2\" width=\"299\">LED i kuq<\/td>\n<\/tr>\n<tr>\n<td style=\"text-align: center;\" width=\"196\">Jeta mekanike<\/td>\n<td style=\"text-align: center;\" colspan=\"2\" width=\"299\">1&#215;10000000<\/td>\n<\/tr>\n<tr>\n<td style=\"text-align: center;\" width=\"196\">Jeta elektrike (AC1)<\/td>\n<td style=\"text-align: center;\" colspan=\"2\" width=\"299\">1&#215;100000<\/td>\n<\/tr>\n<tr>\n<td style=\"text-align: center;\" width=\"196\">Rivendosja e koh\u00ebs<\/td>\n<td style=\"text-align: center;\" colspan=\"2\" width=\"299\">maksimumi 200 ms<\/td>\n<\/tr>\n<tr>\n<td style=\"text-align: center;\" width=\"196\">Temperatura e funksionimit<\/td>\n<td style=\"text-align: center;\" colspan=\"2\" width=\"299\">-20\u00b0\u2103 deri +55\u00b0C (-4\u00b0F deri n\u00eb 131\u00b0F)<\/td>\n<\/tr>\n<tr>\n<td style=\"text-align: center;\" width=\"196\">Temperatura e ruajtjes<\/td>\n<td style=\"text-align: center;\" colspan=\"2\" width=\"299\">\u00a0-35\u00b0C deri +75\u2103(-22\u00b0\u2109 deri n\u00eb 158\u00b0\u2109)<\/td>\n<\/tr>\n<tr>\n<td style=\"text-align: center;\" width=\"196\">Standardet<\/td>\n<td style=\"text-align: center;\" colspan=\"2\" width=\"299\">EN 60255-1<\/td>\n<\/tr>\n<\/tbody>\n<\/table>\n<p>Dimensioni<\/p>\n<p>\u00a0<\/p>\n\n\n<figure class=\"wp-block-image size-large is-resized\"><img fetchpriority=\"high\" decoding=\"async\" src=\"https:\/\/www.tosunlux.eu\/wp-content\/uploads\/2022\/04\/DIMENSION-S2-1-1024x488.jpg\" alt=\"\" class=\"wp-image-1140\" width=\"575\" height=\"274\" srcset=\"https:\/\/www.tosunlux.eu\/wp-content\/uploads\/2022\/04\/DIMENSION-S2-1-1024x488.jpg 1024w, https:\/\/www.tosunlux.eu\/wp-content\/uploads\/2022\/04\/DIMENSION-S2-1-300x143.jpg 300w, https:\/\/www.tosunlux.eu\/wp-content\/uploads\/2022\/04\/DIMENSION-S2-1-768x366.jpg 768w, https:\/\/www.tosunlux.eu\/wp-content\/uploads\/2022\/04\/DIMENSION-S2-1-1536x732.jpg 1536w, https:\/\/www.tosunlux.eu\/wp-content\/uploads\/2022\/04\/DIMENSION-S2-1.jpg 1600w\" sizes=\"(max-width: 575px) 100vw, 575px\" \/><\/figure>","protected":false},"parent":0,"template":"","product_category":[35,92],"class_list":["post-1139","product","type-product","status-publish","hentry","product_category-industrial-control-devices","product_category-timer-relay"],"yoast_head":"<!-- This site is optimized with the Yoast SEO plugin v27.5 - https:\/\/yoast.com\/product\/yoast-seo-wordpress\/ -->\n<title>WholesaleLevel Control Relay TRL8 - TOSUNlux Official Site - Electrical Circuit Breaker Manufacturer in China Low Voltage Electrical Supplier | TOSUNlux<\/title>\n<meta name=\"description\" content=\"Level Control Relay TRL8 Supplier - Wholesale direct from TOSUNlux, a trusted manufacturer since 1994. Get your B2B factory quote on our certified Low Voltage electrical products.\" \/>\n<meta name=\"robots\" content=\"index, follow, max-snippet:-1, max-image-preview:large, max-video-preview:-1\" \/>\n<link rel=\"canonical\" href=\"https:\/\/www.tosunlux.eu\/sq\/products\/level-control-relay-trl8\/\" \/>\n<meta property=\"og:locale\" content=\"sq_AL\" \/>\n<meta property=\"og:type\" content=\"article\" \/>\n<meta property=\"og:title\" content=\"WholesaleLevel Control Relay TRL8 - TOSUNlux Official Site - Electrical Circuit Breaker Manufacturer in China Low Voltage Electrical Supplier | TOSUNlux\" \/>\n<meta property=\"og:description\" content=\"Level Control Relay TRL8 Supplier - Wholesale direct from TOSUNlux, a trusted manufacturer since 1994. Get your B2B factory quote on our certified Low Voltage electrical products.\" \/>\n<meta property=\"og:url\" content=\"https:\/\/www.tosunlux.eu\/sq\/products\/level-control-relay-trl8\/\" \/>\n<meta property=\"og:site_name\" content=\"TOSUNlux Official Site - Electrical Circuit Breaker Manufacturer in China\" \/>\n<meta property=\"article:publisher\" content=\"https:\/\/www.facebook.com\/TOSUNelectric\/\" \/>\n<meta property=\"article:modified_time\" content=\"2023-09-13T03:16:47+00:00\" \/>\n<meta property=\"og:image\" content=\"https:\/\/www.tosunlux.eu\/wp-content\/uploads\/2022\/04\/DIMENSION-S2-1-1024x488.jpg\" \/>\n<meta name=\"twitter:card\" content=\"summary_large_image\" \/>\n<meta name=\"twitter:label1\" content=\"Est. reading time\" \/>\n\t<meta name=\"twitter:data1\" content=\"1 minut\u00eb\" \/>\n<script type=\"application\/ld+json\" class=\"yoast-schema-graph\">{\"@context\":\"https:\\\/\\\/schema.org\",\"@graph\":[{\"@type\":\"WebPage\",\"@id\":\"https:\\\/\\\/www.tosunlux.eu\\\/products\\\/level-control-relay-trl8\\\/\",\"url\":\"https:\\\/\\\/www.tosunlux.eu\\\/products\\\/level-control-relay-trl8\\\/\",\"name\":\"WholesaleLevel Control Relay TRL8 - TOSUNlux Official Site - Electrical Circuit Breaker Manufacturer in China Low Voltage Electrical Supplier | TOSUNlux\",\"isPartOf\":{\"@id\":\"https:\\\/\\\/www.tosunlux.eu\\\/ru\\\/#website\"},\"primaryImageOfPage\":{\"@id\":\"https:\\\/\\\/www.tosunlux.eu\\\/products\\\/level-control-relay-trl8\\\/#primaryimage\"},\"image\":{\"@id\":\"https:\\\/\\\/www.tosunlux.eu\\\/products\\\/level-control-relay-trl8\\\/#primaryimage\"},\"thumbnailUrl\":\"https:\\\/\\\/www.tosunlux.eu\\\/wp-content\\\/uploads\\\/2022\\\/04\\\/DIMENSION-S2-1-1024x488.jpg\",\"datePublished\":\"2022-04-14T09:29:49+00:00\",\"dateModified\":\"2023-09-13T03:16:47+00:00\",\"description\":\"Level Control Relay TRL8 Supplier - Wholesale direct from TOSUNlux, a trusted manufacturer since 1994. Get your B2B factory quote on our certified Low Voltage electrical products.\",\"breadcrumb\":{\"@id\":\"https:\\\/\\\/www.tosunlux.eu\\\/products\\\/level-control-relay-trl8\\\/#breadcrumb\"},\"inLanguage\":\"sq\",\"potentialAction\":[{\"@type\":\"ReadAction\",\"target\":[\"https:\\\/\\\/www.tosunlux.eu\\\/products\\\/level-control-relay-trl8\\\/\"]}]},{\"@type\":\"ImageObject\",\"inLanguage\":\"sq\",\"@id\":\"https:\\\/\\\/www.tosunlux.eu\\\/products\\\/level-control-relay-trl8\\\/#primaryimage\",\"url\":\"https:\\\/\\\/www.tosunlux.eu\\\/wp-content\\\/uploads\\\/2022\\\/04\\\/DIMENSION-S2-1-1024x488.jpg\",\"contentUrl\":\"https:\\\/\\\/www.tosunlux.eu\\\/wp-content\\\/uploads\\\/2022\\\/04\\\/DIMENSION-S2-1-1024x488.jpg\"},{\"@type\":\"BreadcrumbList\",\"@id\":\"https:\\\/\\\/www.tosunlux.eu\\\/products\\\/level-control-relay-trl8\\\/#breadcrumb\",\"itemListElement\":[{\"@type\":\"ListItem\",\"position\":1,\"name\":\"Home\",\"item\":\"https:\\\/\\\/www.tosunlux.eu\\\/ru\\\/\"},{\"@type\":\"ListItem\",\"position\":2,\"name\":\"Products\",\"item\":\"https:\\\/\\\/www.tosunlux.eu\\\/products\\\/\"},{\"@type\":\"ListItem\",\"position\":3,\"name\":\"Level Control Relay TRL8\"}]},{\"@type\":\"WebSite\",\"@id\":\"https:\\\/\\\/www.tosunlux.eu\\\/ru\\\/#website\",\"url\":\"https:\\\/\\\/www.tosunlux.eu\\\/ru\\\/\",\"name\":\"TOSUNlux Official Site - Electrical Circuit Breaker Manufacturer in China\",\"description\":\"Power Distribution System Supplier\",\"publisher\":{\"@id\":\"https:\\\/\\\/www.tosunlux.eu\\\/ru\\\/#organization\"},\"alternateName\":\"TOSUNlux\",\"potentialAction\":[{\"@type\":\"SearchAction\",\"target\":{\"@type\":\"EntryPoint\",\"urlTemplate\":\"https:\\\/\\\/www.tosunlux.eu\\\/ru\\\/?s={search_term_string}\"},\"query-input\":{\"@type\":\"PropertyValueSpecification\",\"valueRequired\":true,\"valueName\":\"search_term_string\"}}],\"inLanguage\":\"sq\"},{\"@type\":\"Organization\",\"@id\":\"https:\\\/\\\/www.tosunlux.eu\\\/ru\\\/#organization\",\"name\":\"TOSUNlux\",\"url\":\"https:\\\/\\\/www.tosunlux.eu\\\/ru\\\/\",\"logo\":{\"@type\":\"ImageObject\",\"inLanguage\":\"sq\",\"@id\":\"https:\\\/\\\/www.tosunlux.eu\\\/ru\\\/#\\\/schema\\\/logo\\\/image\\\/\",\"url\":\"https:\\\/\\\/www.tosunlux.eu\\\/wp-content\\\/uploads\\\/2022\\\/01\\\/LOGOSYSM.71762f1.png\",\"contentUrl\":\"https:\\\/\\\/www.tosunlux.eu\\\/wp-content\\\/uploads\\\/2022\\\/01\\\/LOGOSYSM.71762f1.png\",\"width\":153,\"height\":55,\"caption\":\"TOSUNlux\"},\"image\":{\"@id\":\"https:\\\/\\\/www.tosunlux.eu\\\/ru\\\/#\\\/schema\\\/logo\\\/image\\\/\"},\"sameAs\":[\"https:\\\/\\\/www.facebook.com\\\/TOSUNelectric\\\/\",\"https:\\\/\\\/www.linkedin.com\\\/company\\\/wenzhou-tosun-electric-co.-ltd\\\/\"]}]}<\/script>\n<!-- \/ Yoast SEO plugin. -->","yoast_head_json":{"title":"WholesaleLevel Control Relay TRL8 - TOSUNlux Official Site - Electrical Circuit Breaker Manufacturer in China Low Voltage Electrical Supplier | TOSUNlux","description":"Level Control Relay TRL8 Supplier - Wholesale direct from TOSUNlux, a trusted manufacturer since 1994. Get your B2B factory quote on our certified Low Voltage electrical products.","robots":{"index":"index","follow":"follow","max-snippet":"max-snippet:-1","max-image-preview":"max-image-preview:large","max-video-preview":"max-video-preview:-1"},"canonical":"https:\/\/www.tosunlux.eu\/sq\/products\/level-control-relay-trl8\/","og_locale":"sq_AL","og_type":"article","og_title":"WholesaleLevel Control Relay TRL8 - TOSUNlux Official Site - Electrical Circuit Breaker Manufacturer in China Low Voltage Electrical Supplier | TOSUNlux","og_description":"Level Control Relay TRL8 Supplier - Wholesale direct from TOSUNlux, a trusted manufacturer since 1994. Get your B2B factory quote on our certified Low Voltage electrical products.","og_url":"https:\/\/www.tosunlux.eu\/sq\/products\/level-control-relay-trl8\/","og_site_name":"TOSUNlux Official Site - Electrical Circuit Breaker Manufacturer in China","article_publisher":"https:\/\/www.facebook.com\/TOSUNelectric\/","article_modified_time":"2023-09-13T03:16:47+00:00","og_image":[{"url":"https:\/\/www.tosunlux.eu\/wp-content\/uploads\/2022\/04\/DIMENSION-S2-1-1024x488.jpg","type":"","width":"","height":""}],"twitter_card":"summary_large_image","twitter_misc":{"Est. reading time":"1 minut\u00eb"},"schema":{"@context":"https:\/\/schema.org","@graph":[{"@type":"WebPage","@id":"https:\/\/www.tosunlux.eu\/products\/level-control-relay-trl8\/","url":"https:\/\/www.tosunlux.eu\/products\/level-control-relay-trl8\/","name":"WholesaleLevel Control Relay TRL8 - TOSUNlux Official Site - Electrical Circuit Breaker Manufacturer in China Low Voltage Electrical Supplier | TOSUNlux","isPartOf":{"@id":"https:\/\/www.tosunlux.eu\/ru\/#website"},"primaryImageOfPage":{"@id":"https:\/\/www.tosunlux.eu\/products\/level-control-relay-trl8\/#primaryimage"},"image":{"@id":"https:\/\/www.tosunlux.eu\/products\/level-control-relay-trl8\/#primaryimage"},"thumbnailUrl":"https:\/\/www.tosunlux.eu\/wp-content\/uploads\/2022\/04\/DIMENSION-S2-1-1024x488.jpg","datePublished":"2022-04-14T09:29:49+00:00","dateModified":"2023-09-13T03:16:47+00:00","description":"Level Control Relay TRL8 Supplier - Wholesale direct from TOSUNlux, a trusted manufacturer since 1994. Get your B2B factory quote on our certified Low Voltage electrical products.","breadcrumb":{"@id":"https:\/\/www.tosunlux.eu\/products\/level-control-relay-trl8\/#breadcrumb"},"inLanguage":"sq","potentialAction":[{"@type":"ReadAction","target":["https:\/\/www.tosunlux.eu\/products\/level-control-relay-trl8\/"]}]},{"@type":"ImageObject","inLanguage":"sq","@id":"https:\/\/www.tosunlux.eu\/products\/level-control-relay-trl8\/#primaryimage","url":"https:\/\/www.tosunlux.eu\/wp-content\/uploads\/2022\/04\/DIMENSION-S2-1-1024x488.jpg","contentUrl":"https:\/\/www.tosunlux.eu\/wp-content\/uploads\/2022\/04\/DIMENSION-S2-1-1024x488.jpg"},{"@type":"BreadcrumbList","@id":"https:\/\/www.tosunlux.eu\/products\/level-control-relay-trl8\/#breadcrumb","itemListElement":[{"@type":"ListItem","position":1,"name":"Home","item":"https:\/\/www.tosunlux.eu\/ru\/"},{"@type":"ListItem","position":2,"name":"Products","item":"https:\/\/www.tosunlux.eu\/products\/"},{"@type":"ListItem","position":3,"name":"Level Control Relay TRL8"}]},{"@type":"WebSite","@id":"https:\/\/www.tosunlux.eu\/ru\/#website","url":"https:\/\/www.tosunlux.eu\/ru\/","name":"Faqja zyrtare e TOSUNlux - Prodhuesi i nd\u00ebrprer\u00ebsve t\u00eb qarkut elektrik n\u00eb Kin\u00eb","description":"Furnizuesi i Sistemit t\u00eb Shp\u00ebrndarjes s\u00eb Energjis\u00eb","publisher":{"@id":"https:\/\/www.tosunlux.eu\/ru\/#organization"},"alternateName":"TOSUNlux","potentialAction":[{"@type":"SearchAction","target":{"@type":"EntryPoint","urlTemplate":"https:\/\/www.tosunlux.eu\/ru\/?s={search_term_string}"},"query-input":{"@type":"PropertyValueSpecification","valueRequired":true,"valueName":"search_term_string"}}],"inLanguage":"sq"},{"@type":"Organization","@id":"https:\/\/www.tosunlux.eu\/ru\/#organization","name":"TOSUNlux","url":"https:\/\/www.tosunlux.eu\/ru\/","logo":{"@type":"ImageObject","inLanguage":"sq","@id":"https:\/\/www.tosunlux.eu\/ru\/#\/schema\/logo\/image\/","url":"https:\/\/www.tosunlux.eu\/wp-content\/uploads\/2022\/01\/LOGOSYSM.71762f1.png","contentUrl":"https:\/\/www.tosunlux.eu\/wp-content\/uploads\/2022\/01\/LOGOSYSM.71762f1.png","width":153,"height":55,"caption":"TOSUNlux"},"image":{"@id":"https:\/\/www.tosunlux.eu\/ru\/#\/schema\/logo\/image\/"},"sameAs":["https:\/\/www.facebook.com\/TOSUNelectric\/","https:\/\/www.linkedin.com\/company\/wenzhou-tosun-electric-co.-ltd\/"]}]}},"_links":{"self":[{"href":"https:\/\/www.tosunlux.eu\/sq\/wp-json\/wp\/v2\/product\/1139","targetHints":{"allow":["GET"]}}],"collection":[{"href":"https:\/\/www.tosunlux.eu\/sq\/wp-json\/wp\/v2\/product"}],"about":[{"href":"https:\/\/www.tosunlux.eu\/sq\/wp-json\/wp\/v2\/types\/product"}],"version-history":[{"count":1,"href":"https:\/\/www.tosunlux.eu\/sq\/wp-json\/wp\/v2\/product\/1139\/revisions"}],"predecessor-version":[{"id":8040,"href":"https:\/\/www.tosunlux.eu\/sq\/wp-json\/wp\/v2\/product\/1139\/revisions\/8040"}],"wp:attachment":[{"href":"https:\/\/www.tosunlux.eu\/sq\/wp-json\/wp\/v2\/media?parent=1139"}],"wp:term":[{"taxonomy":"product_category","embeddable":true,"href":"https:\/\/www.tosunlux.eu\/sq\/wp-json\/wp\/v2\/product_category?post=1139"}],"curies":[{"name":"wp","href":"https:\/\/api.w.org\/{rel}","templated":true}]}}