{"id":1154,"date":"2022-04-15T13:54:21","date_gmt":"2022-04-15T05:54:21","guid":{"rendered":"https:\/\/www.tosunlux.eu\/?post_type=product&#038;p=1154"},"modified":"2022-04-19T13:34:57","modified_gmt":"2022-04-19T05:34:57","slug":"dual-function-time-relay-trt8-ec","status":"publish","type":"product","link":"https:\/\/www.tosunlux.eu\/sq\/products\/dual-function-time-relay-trt8-ec\/","title":{"rendered":"Rele kohore me funksion t\u00eb dyfisht\u00eb TRT8-EC"},"content":{"rendered":"<pre class=\"wp-block-verse\"><strong>Aplikacionet<\/strong>\n\nReleja e koh\u00ebs me funksion t\u00eb dyfisht\u00eb mund t\u00eb p\u00ebrdoret p\u00ebr pajisjet industriale, kontrollin e ndri\u00e7imit, kontrollin e elementit t\u00eb ngrohjes, kontrollin e motorit dhe ventilatorit, me dy m\u00ebnyra vonese, dhe diapazoni i vones\u00ebs mbulon 0,1 sekonda deri n\u00eb 10 dit\u00eb.\n\n<\/pre>\n\n\n\n<pre class=\"wp-block-verse\"><strong>Ve\u00e7ori<\/strong>\n\nMund t\u00eb vendosen dy m\u00ebnyra t\u00eb vones\u00ebs. Mb\u00ebshtet AC230V, AC\/DC24V dy lloje t\u00eb tensionit t\u00eb pun\u00ebs. Gama e vones\u00ebs ultra e gjer\u00eb, mund t\u00eb vendoset 0,1 sekonda - 10 dit\u00eb. Gjendja e pun\u00ebs s\u00eb stafet\u00ebs tregohet nga treguesi LED. Madh\u00ebsi jasht\u00ebzakonisht e vog\u00ebl, vet\u00ebm 18 mm gjer\u00ebsi, instalim hekurudhor 35 mm.\n\n<strong>Parametrat Teknik\u00eb<\/strong>\n\n<\/pre>\n\n\n\n<figure class=\"wp-block-table\"><table><tbody><tr><td>Model<\/td><td>TRT8-EC<\/td><\/tr><tr><td>Funksioni<\/td><td>Vones\u00eb ON, Vonesa joaktive<\/td><\/tr><tr><td>Terminalet e furnizimit<\/td><td>A1-A2(AC230V),A1-A3(AC\/DC24V)<\/td><\/tr><tr><td>Gama e tensionit<\/td><td>AC 230V (50-60Hz),AC\/DC24V<\/td><\/tr><tr><td>Fuqia e futur<\/td><td>AC max.6VA\/1.3W<\/td><\/tr><tr><td>Toleranca e tensionit t\u00eb furnizimit<\/td><td>-15%;+10%<\/td><\/tr><tr><td>Treguesi i furnizimit<\/td><td>LED jeshile<\/td><\/tr><tr><td>Gama kohore<\/td><td>0.1-10 dit\u00eb<\/td><\/tr><tr><td>P\u00ebrcaktimi i koh\u00ebs<\/td><td>potenmeter<\/td><\/tr><tr><td>Devijimi i koh\u00ebs<\/td><td>\u226410%<\/td><\/tr><tr><td>P\u00ebrs\u00ebritni sakt\u00ebsin\u00eb<\/td><td>Stabiliteti i vler\u00ebs s\u00eb vendosur me 0,2%<\/td><\/tr><tr><td>Koeficienti i temperatur\u00ebs<\/td><td>0,05%\/C,at=20\u2103(0,05%\u00b0F,at=68\u00b0F)<\/td><\/tr><tr><td>Prodhimi<\/td><td>1xSPDT<\/td><\/tr><tr><td>Vler\u00ebsimi aktual<\/td><td>1x10A (AC1)<\/td><\/tr><tr><td>Tensioni i komutimit<\/td><td>250VAC\/24VDC<\/td><\/tr><tr><td>Min.kapaciteti i thyerjes DC<\/td><td>500 mW<\/td><\/tr><tr><td>Treguesi i daljes<\/td><td>LED i kuq<\/td><\/tr><tr><td>Jeta mekanike<\/td><td>1&#215;10000000<\/td><\/tr><tr><td>Jeta elektrike (AC1)<\/td><td>1&#215;100000<\/td><\/tr><tr><td>Rivendosja e koh\u00ebs<\/td><td>maksimumi 200 ms<\/td><\/tr><tr><td>Temperatura e funksionimit<\/td><td>&nbsp;-20\u2103 deri +55\u2103 (-4\u2109 deri n\u00eb 131\u2109)<\/td><\/tr><tr><td>Temperatura e ruajtjes<\/td><td>&nbsp;-35\u00b0\u2103 deri +75\u00b0C (-22\u2109 deri n\u00eb 158\u2109)<\/td><\/tr><\/tbody><\/table><\/figure>\n\n\n\n<p><\/p>\n\n\n<p><strong>Dimensioni<\/strong><\/p>\n\n\n<figure class=\"wp-block-image size-large is-resized\"><img fetchpriority=\"high\" decoding=\"async\" src=\"https:\/\/www.tosunlux.eu\/wp-content\/uploads\/2022\/04\/DIMENSION-S2-2-1024x513.jpg\" alt=\"\" class=\"wp-image-1158\" width=\"554\" height=\"276\" srcset=\"https:\/\/www.tosunlux.eu\/wp-content\/uploads\/2022\/04\/DIMENSION-S2-2-300x150.jpg 300w, https:\/\/www.tosunlux.eu\/wp-content\/uploads\/2022\/04\/DIMENSION-S2-2-1536x769.jpg 1536w\" sizes=\"(max-width: 554px) 100vw, 554px\" \/><\/figure>\n\n\n\n<p><\/p>","protected":false},"parent":0,"template":"","product_category":[35,92],"class_list":["post-1154","product","type-product","status-publish","hentry","product_category-industrial-control-devices","product_category-timer-relay"],"yoast_head":"<!-- This site is optimized with the Yoast SEO plugin v27.5 - https:\/\/yoast.com\/product\/yoast-seo-wordpress\/ -->\n<title>WholesaleDual Function Time Relay TRT8-EC - TOSUNlux Official Site - Electrical Circuit Breaker Manufacturer in China Low Voltage Electrical Supplier | TOSUNlux<\/title>\n<meta name=\"description\" content=\"Dual Function Time Relay TRT8-EC Supplier - Wholesale direct from TOSUNlux, a trusted manufacturer since 1994. Get your B2B factory quote on our certified Low Voltage electrical products.\" \/>\n<meta name=\"robots\" content=\"index, follow, max-snippet:-1, max-image-preview:large, max-video-preview:-1\" \/>\n<link rel=\"canonical\" href=\"https:\/\/www.tosunlux.eu\/sq\/products\/dual-function-time-relay-trt8-ec\/\" \/>\n<meta property=\"og:locale\" content=\"sq_AL\" \/>\n<meta property=\"og:type\" content=\"article\" \/>\n<meta property=\"og:title\" content=\"WholesaleDual Function Time Relay TRT8-EC - TOSUNlux Official Site - Electrical Circuit Breaker Manufacturer in China Low Voltage Electrical Supplier | TOSUNlux\" \/>\n<meta property=\"og:description\" content=\"Dual Function Time Relay TRT8-EC Supplier - Wholesale direct from TOSUNlux, a trusted manufacturer since 1994. Get your B2B factory quote on our certified Low Voltage electrical products.\" \/>\n<meta property=\"og:url\" content=\"https:\/\/www.tosunlux.eu\/sq\/products\/dual-function-time-relay-trt8-ec\/\" \/>\n<meta property=\"og:site_name\" content=\"TOSUNlux Official Site - Electrical Circuit Breaker Manufacturer in China\" \/>\n<meta property=\"article:publisher\" content=\"https:\/\/www.facebook.com\/TOSUNelectric\/\" \/>\n<meta property=\"article:modified_time\" content=\"2022-04-19T05:34:57+00:00\" \/>\n<meta property=\"og:image\" content=\"https:\/\/www.tosunlux.eu\/wp-content\/uploads\/2022\/04\/DIMENSION-S2-2-1024x513.jpg\" \/>\n<meta name=\"twitter:card\" content=\"summary_large_image\" \/>\n<meta name=\"twitter:label1\" content=\"Est. reading time\" \/>\n\t<meta name=\"twitter:data1\" content=\"1 minut\u00eb\" \/>\n<script type=\"application\/ld+json\" class=\"yoast-schema-graph\">{\"@context\":\"https:\\\/\\\/schema.org\",\"@graph\":[{\"@type\":\"WebPage\",\"@id\":\"https:\\\/\\\/www.tosunlux.eu\\\/ar\\\/products\\\/dual-function-time-relay-trt8-ec\\\/\",\"url\":\"https:\\\/\\\/www.tosunlux.eu\\\/ar\\\/products\\\/dual-function-time-relay-trt8-ec\\\/\",\"name\":\"WholesaleDual Function Time Relay TRT8-EC - TOSUNlux Official Site - Electrical Circuit Breaker Manufacturer in China Low Voltage Electrical Supplier | TOSUNlux\",\"isPartOf\":{\"@id\":\"https:\\\/\\\/www.tosunlux.eu\\\/ru\\\/#website\"},\"primaryImageOfPage\":{\"@id\":\"https:\\\/\\\/www.tosunlux.eu\\\/ar\\\/products\\\/dual-function-time-relay-trt8-ec\\\/#primaryimage\"},\"image\":{\"@id\":\"https:\\\/\\\/www.tosunlux.eu\\\/ar\\\/products\\\/dual-function-time-relay-trt8-ec\\\/#primaryimage\"},\"thumbnailUrl\":\"https:\\\/\\\/www.tosunlux.eu\\\/wp-content\\\/uploads\\\/2022\\\/04\\\/DIMENSION-S2-2-1024x513.jpg\",\"datePublished\":\"2022-04-15T05:54:21+00:00\",\"dateModified\":\"2022-04-19T05:34:57+00:00\",\"description\":\"Dual Function Time Relay TRT8-EC Supplier - Wholesale direct from TOSUNlux, a trusted manufacturer since 1994. Get your B2B factory quote on our certified Low Voltage electrical products.\",\"breadcrumb\":{\"@id\":\"https:\\\/\\\/www.tosunlux.eu\\\/ar\\\/products\\\/dual-function-time-relay-trt8-ec\\\/#breadcrumb\"},\"inLanguage\":\"sq\",\"potentialAction\":[{\"@type\":\"ReadAction\",\"target\":[\"https:\\\/\\\/www.tosunlux.eu\\\/ar\\\/products\\\/dual-function-time-relay-trt8-ec\\\/\"]}]},{\"@type\":\"ImageObject\",\"inLanguage\":\"sq\",\"@id\":\"https:\\\/\\\/www.tosunlux.eu\\\/ar\\\/products\\\/dual-function-time-relay-trt8-ec\\\/#primaryimage\",\"url\":\"https:\\\/\\\/www.tosunlux.eu\\\/wp-content\\\/uploads\\\/2022\\\/04\\\/DIMENSION-S2-2-1024x513.jpg\",\"contentUrl\":\"https:\\\/\\\/www.tosunlux.eu\\\/wp-content\\\/uploads\\\/2022\\\/04\\\/DIMENSION-S2-2-1024x513.jpg\"},{\"@type\":\"BreadcrumbList\",\"@id\":\"https:\\\/\\\/www.tosunlux.eu\\\/ar\\\/products\\\/dual-function-time-relay-trt8-ec\\\/#breadcrumb\",\"itemListElement\":[{\"@type\":\"ListItem\",\"position\":1,\"name\":\"Home\",\"item\":\"https:\\\/\\\/www.tosunlux.eu\\\/ru\\\/\"},{\"@type\":\"ListItem\",\"position\":2,\"name\":\"Products\",\"item\":\"https:\\\/\\\/www.tosunlux.eu\\\/products\\\/\"},{\"@type\":\"ListItem\",\"position\":3,\"name\":\"Dual Function Time Relay TRT8-EC\"}]},{\"@type\":\"WebSite\",\"@id\":\"https:\\\/\\\/www.tosunlux.eu\\\/ru\\\/#website\",\"url\":\"https:\\\/\\\/www.tosunlux.eu\\\/ru\\\/\",\"name\":\"TOSUNlux Official Site - Electrical Circuit Breaker Manufacturer in China\",\"description\":\"Power Distribution System Supplier\",\"publisher\":{\"@id\":\"https:\\\/\\\/www.tosunlux.eu\\\/ru\\\/#organization\"},\"alternateName\":\"TOSUNlux\",\"potentialAction\":[{\"@type\":\"SearchAction\",\"target\":{\"@type\":\"EntryPoint\",\"urlTemplate\":\"https:\\\/\\\/www.tosunlux.eu\\\/ru\\\/?s={search_term_string}\"},\"query-input\":{\"@type\":\"PropertyValueSpecification\",\"valueRequired\":true,\"valueName\":\"search_term_string\"}}],\"inLanguage\":\"sq\"},{\"@type\":\"Organization\",\"@id\":\"https:\\\/\\\/www.tosunlux.eu\\\/ru\\\/#organization\",\"name\":\"TOSUNlux\",\"url\":\"https:\\\/\\\/www.tosunlux.eu\\\/ru\\\/\",\"logo\":{\"@type\":\"ImageObject\",\"inLanguage\":\"sq\",\"@id\":\"https:\\\/\\\/www.tosunlux.eu\\\/ru\\\/#\\\/schema\\\/logo\\\/image\\\/\",\"url\":\"https:\\\/\\\/www.tosunlux.eu\\\/wp-content\\\/uploads\\\/2022\\\/01\\\/LOGOSYSM.71762f1.png\",\"contentUrl\":\"https:\\\/\\\/www.tosunlux.eu\\\/wp-content\\\/uploads\\\/2022\\\/01\\\/LOGOSYSM.71762f1.png\",\"width\":153,\"height\":55,\"caption\":\"TOSUNlux\"},\"image\":{\"@id\":\"https:\\\/\\\/www.tosunlux.eu\\\/ru\\\/#\\\/schema\\\/logo\\\/image\\\/\"},\"sameAs\":[\"https:\\\/\\\/www.facebook.com\\\/TOSUNelectric\\\/\",\"https:\\\/\\\/www.linkedin.com\\\/company\\\/wenzhou-tosun-electric-co.-ltd\\\/\"]}]}<\/script>\n<!-- \/ Yoast SEO plugin. -->","yoast_head_json":{"title":"WholesaleDual Function Time Relay TRT8-EC - TOSUNlux Official Site - Electrical Circuit Breaker Manufacturer in China Low Voltage Electrical Supplier | TOSUNlux","description":"Dual Function Time Relay TRT8-EC Supplier - Wholesale direct from TOSUNlux, a trusted manufacturer since 1994. Get your B2B factory quote on our certified Low Voltage electrical products.","robots":{"index":"index","follow":"follow","max-snippet":"max-snippet:-1","max-image-preview":"max-image-preview:large","max-video-preview":"max-video-preview:-1"},"canonical":"https:\/\/www.tosunlux.eu\/sq\/products\/dual-function-time-relay-trt8-ec\/","og_locale":"sq_AL","og_type":"article","og_title":"WholesaleDual Function Time Relay TRT8-EC - TOSUNlux Official Site - Electrical Circuit Breaker Manufacturer in China Low Voltage Electrical Supplier | TOSUNlux","og_description":"Dual Function Time Relay TRT8-EC Supplier - Wholesale direct from TOSUNlux, a trusted manufacturer since 1994. Get your B2B factory quote on our certified Low Voltage electrical products.","og_url":"https:\/\/www.tosunlux.eu\/sq\/products\/dual-function-time-relay-trt8-ec\/","og_site_name":"TOSUNlux Official Site - Electrical Circuit Breaker Manufacturer in China","article_publisher":"https:\/\/www.facebook.com\/TOSUNelectric\/","article_modified_time":"2022-04-19T05:34:57+00:00","og_image":[{"url":"https:\/\/www.tosunlux.eu\/wp-content\/uploads\/2022\/04\/DIMENSION-S2-2-1024x513.jpg","type":"","width":"","height":""}],"twitter_card":"summary_large_image","twitter_misc":{"Est. reading time":"1 minut\u00eb"},"schema":{"@context":"https:\/\/schema.org","@graph":[{"@type":"WebPage","@id":"https:\/\/www.tosunlux.eu\/ar\/products\/dual-function-time-relay-trt8-ec\/","url":"https:\/\/www.tosunlux.eu\/ar\/products\/dual-function-time-relay-trt8-ec\/","name":"WholesaleDual Function Time Relay TRT8-EC - TOSUNlux Official Site - Electrical Circuit Breaker Manufacturer in China Low Voltage Electrical Supplier | TOSUNlux","isPartOf":{"@id":"https:\/\/www.tosunlux.eu\/ru\/#website"},"primaryImageOfPage":{"@id":"https:\/\/www.tosunlux.eu\/ar\/products\/dual-function-time-relay-trt8-ec\/#primaryimage"},"image":{"@id":"https:\/\/www.tosunlux.eu\/ar\/products\/dual-function-time-relay-trt8-ec\/#primaryimage"},"thumbnailUrl":"https:\/\/www.tosunlux.eu\/wp-content\/uploads\/2022\/04\/DIMENSION-S2-2-1024x513.jpg","datePublished":"2022-04-15T05:54:21+00:00","dateModified":"2022-04-19T05:34:57+00:00","description":"Dual Function Time Relay TRT8-EC Supplier - Wholesale direct from TOSUNlux, a trusted manufacturer since 1994. Get your B2B factory quote on our certified Low Voltage electrical products.","breadcrumb":{"@id":"https:\/\/www.tosunlux.eu\/ar\/products\/dual-function-time-relay-trt8-ec\/#breadcrumb"},"inLanguage":"sq","potentialAction":[{"@type":"ReadAction","target":["https:\/\/www.tosunlux.eu\/ar\/products\/dual-function-time-relay-trt8-ec\/"]}]},{"@type":"ImageObject","inLanguage":"sq","@id":"https:\/\/www.tosunlux.eu\/ar\/products\/dual-function-time-relay-trt8-ec\/#primaryimage","url":"https:\/\/www.tosunlux.eu\/wp-content\/uploads\/2022\/04\/DIMENSION-S2-2-1024x513.jpg","contentUrl":"https:\/\/www.tosunlux.eu\/wp-content\/uploads\/2022\/04\/DIMENSION-S2-2-1024x513.jpg"},{"@type":"BreadcrumbList","@id":"https:\/\/www.tosunlux.eu\/ar\/products\/dual-function-time-relay-trt8-ec\/#breadcrumb","itemListElement":[{"@type":"ListItem","position":1,"name":"Home","item":"https:\/\/www.tosunlux.eu\/ru\/"},{"@type":"ListItem","position":2,"name":"Products","item":"https:\/\/www.tosunlux.eu\/products\/"},{"@type":"ListItem","position":3,"name":"Dual Function Time Relay TRT8-EC"}]},{"@type":"WebSite","@id":"https:\/\/www.tosunlux.eu\/ru\/#website","url":"https:\/\/www.tosunlux.eu\/ru\/","name":"Faqja zyrtare e TOSUNlux - Prodhuesi i nd\u00ebrprer\u00ebsve t\u00eb qarkut elektrik n\u00eb Kin\u00eb","description":"Furnizuesi i Sistemit t\u00eb Shp\u00ebrndarjes s\u00eb Energjis\u00eb","publisher":{"@id":"https:\/\/www.tosunlux.eu\/ru\/#organization"},"alternateName":"TOSUNlux","potentialAction":[{"@type":"SearchAction","target":{"@type":"EntryPoint","urlTemplate":"https:\/\/www.tosunlux.eu\/ru\/?s={search_term_string}"},"query-input":{"@type":"PropertyValueSpecification","valueRequired":true,"valueName":"search_term_string"}}],"inLanguage":"sq"},{"@type":"Organization","@id":"https:\/\/www.tosunlux.eu\/ru\/#organization","name":"TOSUNlux","url":"https:\/\/www.tosunlux.eu\/ru\/","logo":{"@type":"ImageObject","inLanguage":"sq","@id":"https:\/\/www.tosunlux.eu\/ru\/#\/schema\/logo\/image\/","url":"https:\/\/www.tosunlux.eu\/wp-content\/uploads\/2022\/01\/LOGOSYSM.71762f1.png","contentUrl":"https:\/\/www.tosunlux.eu\/wp-content\/uploads\/2022\/01\/LOGOSYSM.71762f1.png","width":153,"height":55,"caption":"TOSUNlux"},"image":{"@id":"https:\/\/www.tosunlux.eu\/ru\/#\/schema\/logo\/image\/"},"sameAs":["https:\/\/www.facebook.com\/TOSUNelectric\/","https:\/\/www.linkedin.com\/company\/wenzhou-tosun-electric-co.-ltd\/"]}]}},"_links":{"self":[{"href":"https:\/\/www.tosunlux.eu\/sq\/wp-json\/wp\/v2\/product\/1154","targetHints":{"allow":["GET"]}}],"collection":[{"href":"https:\/\/www.tosunlux.eu\/sq\/wp-json\/wp\/v2\/product"}],"about":[{"href":"https:\/\/www.tosunlux.eu\/sq\/wp-json\/wp\/v2\/types\/product"}],"version-history":[{"count":1,"href":"https:\/\/www.tosunlux.eu\/sq\/wp-json\/wp\/v2\/product\/1154\/revisions"}],"predecessor-version":[{"id":8044,"href":"https:\/\/www.tosunlux.eu\/sq\/wp-json\/wp\/v2\/product\/1154\/revisions\/8044"}],"wp:attachment":[{"href":"https:\/\/www.tosunlux.eu\/sq\/wp-json\/wp\/v2\/media?parent=1154"}],"wp:term":[{"taxonomy":"product_category","embeddable":true,"href":"https:\/\/www.tosunlux.eu\/sq\/wp-json\/wp\/v2\/product_category?post=1154"}],"curies":[{"name":"wp","href":"https:\/\/api.w.org\/{rel}","templated":true}]}}