{"id":1159,"date":"2022-04-15T14:20:18","date_gmt":"2022-04-15T06:20:18","guid":{"rendered":"https:\/\/www.tosunlux.eu\/?post_type=product&#038;p=1159"},"modified":"2023-09-13T11:25:11","modified_gmt":"2023-09-13T03:25:11","slug":"digital-display-time-relay-trt8","status":"publish","type":"product","link":"https:\/\/www.tosunlux.eu\/sq\/products\/digital-display-time-relay-trt8\/","title":{"rendered":"Rele Koha e Ekranit Dixhital TRT8"},"content":{"rendered":"<pre class=\"wp-block-verse\"><strong>Aplikacionet<\/strong>\n\nReleja kohore shum\u00eb funksionale mund t\u00eb p\u00ebrdoret p\u00ebr pajisjet industriale, kontrollin e ndri\u00e7imit, kontrollin e elementit t\u00eb ngrohjes, motorin, kontrollin e ventilatorit. Me 20 m\u00ebnyra vonese, diapazoni i vones\u00ebs mbulon 0,1 sekonda deri n\u00eb 99 dit\u00eb.\n\n<strong>Ve\u00e7ori<\/strong>\n\n20 modalitete vonese: 5 modalitete vonese t\u00eb kontrolluara nga furnizimi me energji elektrike 13 m\u00ebnyra vonese t\u00eb kontrolluara nga sinjali ON, Modaliteti OFF Statusi i stafet\u00ebs tregohet me LED. 1-MODUL, montim n\u00eb shina DIN.\n\n<strong>Parametrat Teknik\u00eb<\/strong>\n<\/pre>\n\n\n<table style=\"height: 858px;\" width=\"595\">\n<tbody>\n<tr>\n<td style=\"text-align: center;\" colspan=\"2\" width=\"176\">Model<\/td>\n<td style=\"text-align: center;\" width=\"130\">TRT8-X1<\/td>\n<td style=\"text-align: center;\" width=\"150\">TRT8-X2<\/td>\n<\/tr>\n<tr>\n<td style=\"text-align: center;\" colspan=\"2\" width=\"176\">Funksioni<\/td>\n<td style=\"text-align: center;\" colspan=\"2\" width=\"280\">20 funksione<\/td>\n<\/tr>\n<tr>\n<td style=\"text-align: center;\" width=\"104\">Terminalet e furnizimit<\/td>\n<td style=\"text-align: center;\" rowspan=\"2\" width=\"72\">W240<\/td>\n<td style=\"text-align: center;\" colspan=\"2\" width=\"280\">A1-A2<\/td>\n<\/tr>\n<tr>\n<td style=\"text-align: center;\" width=\"104\">Gama e tensionit<\/td>\n<td style=\"text-align: center;\" colspan=\"2\" width=\"280\">AC\/DC12-240V (50-60Hz)<\/td>\n<\/tr>\n<tr>\n<td style=\"text-align: center;\" width=\"104\">Barr\u00eb<\/td>\n<td style=\"text-align: center;\" rowspan=\"2\" width=\"72\">A230<\/td>\n<td style=\"text-align: center;\" colspan=\"2\" width=\"280\">AC 0,09-3VA\/DC 0,05-1,7W<\/td>\n<\/tr>\n<tr>\n<td style=\"text-align: center;\" width=\"104\">Gama e tensionit<\/td>\n<td style=\"text-align: center;\" colspan=\"2\" width=\"280\">AC 230 V (50-60 Hz)<\/td>\n<\/tr>\n<tr>\n<td style=\"text-align: center;\" colspan=\"2\" width=\"176\">Fuqia hyr\u00ebse<\/td>\n<td style=\"text-align: center;\" width=\"130\">AC max.6VA\/1.3W<\/td>\n<td style=\"text-align: center;\" width=\"150\">AC max.6VA\/1.9W<\/td>\n<\/tr>\n<tr>\n<td style=\"text-align: center;\" colspan=\"2\" width=\"176\">Toleranca e tensionit t\u00eb furnizimit<\/td>\n<td style=\"text-align: center;\" colspan=\"2\" width=\"280\">-15%;+10%<\/td>\n<\/tr>\n<tr>\n<td style=\"text-align: center;\" colspan=\"2\" width=\"176\">Treguesi i furnizimit<\/td>\n<td style=\"text-align: center;\" colspan=\"2\" width=\"280\">LED jeshile<\/td>\n<\/tr>\n<tr>\n<td style=\"text-align: center;\" colspan=\"2\" width=\"176\">Gama kohore<\/td>\n<td style=\"text-align: center;\" colspan=\"2\" width=\"280\">0,1s-99dit\u00eb.ON.OFF<\/td>\n<\/tr>\n<tr>\n<td style=\"text-align: center;\" colspan=\"2\" width=\"176\">P\u00ebrcaktimi i koh\u00ebs<\/td>\n<td style=\"text-align: center;\" colspan=\"2\" width=\"280\">Cil\u00ebsimi i \u00e7el\u00ebsit<\/td>\n<\/tr>\n<tr>\n<td style=\"text-align: center;\" colspan=\"2\" width=\"176\">Devijimi i koh\u00ebs<\/td>\n<td style=\"text-align: center;\" colspan=\"2\" width=\"280\">\u22641%<\/td>\n<\/tr>\n<tr>\n<td style=\"text-align: center;\" colspan=\"2\" width=\"176\">P\u00ebrs\u00ebritni sakt\u00ebsin\u00eb<\/td>\n<td style=\"text-align: center;\" colspan=\"2\" width=\"280\">Stabiliteti i vler\u00ebs s\u00eb vendosur me 0,2%<\/td>\n<\/tr>\n<tr>\n<td style=\"text-align: center;\" colspan=\"2\" width=\"176\">Temperatura oceficient<\/td>\n<td style=\"text-align: center;\" colspan=\"2\" width=\"280\">0,05%\/C,at=20\u2103(0,05%\u00b0F,at=68\u00b0F)<\/td>\n<\/tr>\n<tr>\n<td style=\"text-align: center;\" colspan=\"2\" width=\"176\">Prodhimi<\/td>\n<td style=\"text-align: center;\" width=\"130\">1xSPDT<\/td>\n<td style=\"text-align: center;\" width=\"150\">2xSPDT<\/td>\n<\/tr>\n<tr>\n<td style=\"text-align: center;\" colspan=\"2\" width=\"176\">Vler\u00ebsimi aktual<\/td>\n<td style=\"text-align: center;\" width=\"130\">1x16A (AC1)<\/td>\n<td style=\"text-align: center;\" width=\"150\">2x16A (AC1)<\/td>\n<\/tr>\n<tr>\n<td style=\"text-align: center;\" colspan=\"2\" width=\"176\">Tensioni i komutimit<\/td>\n<td style=\"text-align: center;\" colspan=\"2\" width=\"280\">250VAC\/24VDC<\/td>\n<\/tr>\n<tr>\n<td style=\"text-align: center;\" colspan=\"2\" width=\"176\">Min.kapaciteti i thyerjes DC<\/td>\n<td style=\"text-align: center;\" colspan=\"2\" width=\"280\">500 mW<\/td>\n<\/tr>\n<tr>\n<td style=\"text-align: center;\" colspan=\"2\" width=\"176\">Treguesi i daljes<\/td>\n<td style=\"text-align: center;\" colspan=\"2\" width=\"280\">LED i kuq<\/td>\n<\/tr>\n<tr>\n<td style=\"text-align: center;\" colspan=\"2\" width=\"176\">Jeta mekanike<\/td>\n<td style=\"text-align: center;\" colspan=\"2\" width=\"280\">1&#215;10000000<\/td>\n<\/tr>\n<tr>\n<td style=\"text-align: center;\" colspan=\"2\" width=\"176\">Jeta elektrike (AC1)<\/td>\n<td style=\"text-align: center;\" colspan=\"2\" width=\"280\">1&#215;100000<\/td>\n<\/tr>\n<tr>\n<td style=\"text-align: center;\" colspan=\"2\" width=\"176\">Rivendosja e koh\u00ebs<\/td>\n<td style=\"text-align: center;\" colspan=\"2\" width=\"280\">maksimumi 200 ms<\/td>\n<\/tr>\n<tr>\n<td style=\"text-align: center;\" colspan=\"2\" width=\"176\">Temperatura e funksionimit<\/td>\n<td style=\"text-align: center;\" colspan=\"2\" width=\"280\">\u00a0-20\u2103 deri +55\u2103 (-4\u2109 deri n\u00eb 131\u2109)<\/td>\n<\/tr>\n<tr>\n<td style=\"text-align: center;\" colspan=\"2\" width=\"176\">Temperatura e ruajtjes<\/td>\n<td style=\"text-align: center;\" colspan=\"2\" width=\"280\">\u00a0-35\u00b0\u2103 deri +75\u00b0C (-22\u2109 deri n\u00eb 158\u2109)<\/td>\n<\/tr>\n<\/tbody>\n<\/table>\n<p><strong>Dimensioni<\/strong><\/p>\n<p>\u00a0<\/p>\n\n\n<figure class=\"wp-block-image size-large is-resized\"><img fetchpriority=\"high\" decoding=\"async\" src=\"https:\/\/www.tosunlux.eu\/wp-content\/uploads\/2022\/04\/DIMENSION-S2-4-1024x443.jpg\" alt=\"\" class=\"wp-image-1165\" width=\"506\" height=\"219\" srcset=\"https:\/\/www.tosunlux.eu\/wp-content\/uploads\/2022\/04\/DIMENSION-S2-4-1024x443.jpg 1024w, https:\/\/www.tosunlux.eu\/wp-content\/uploads\/2022\/04\/DIMENSION-S2-4-300x130.jpg 300w, https:\/\/www.tosunlux.eu\/wp-content\/uploads\/2022\/04\/DIMENSION-S2-4-768x332.jpg 768w, https:\/\/www.tosunlux.eu\/wp-content\/uploads\/2022\/04\/DIMENSION-S2-4-1536x665.jpg 1536w, https:\/\/www.tosunlux.eu\/wp-content\/uploads\/2022\/04\/DIMENSION-S2-4.jpg 1599w\" sizes=\"(max-width: 506px) 100vw, 506px\" \/><\/figure>","protected":false},"parent":0,"template":"","product_category":[35,92],"class_list":["post-1159","product","type-product","status-publish","hentry","product_category-industrial-control-devices","product_category-timer-relay"],"yoast_head":"<!-- This site is optimized with the Yoast SEO plugin v27.5 - https:\/\/yoast.com\/product\/yoast-seo-wordpress\/ -->\n<title>WholesaleDigital Display Time Relay TRT8 - TOSUNlux Official Site - Electrical Circuit Breaker Manufacturer in China Low Voltage Electrical Supplier | TOSUNlux<\/title>\n<meta name=\"description\" content=\"Digital Display Time Relay TRT8 Supplier - Wholesale direct from TOSUNlux, a trusted manufacturer since 1994. Get your B2B factory quote on our certified Low Voltage electrical products.\" \/>\n<meta name=\"robots\" content=\"index, follow, max-snippet:-1, max-image-preview:large, max-video-preview:-1\" \/>\n<link rel=\"canonical\" href=\"https:\/\/www.tosunlux.eu\/sq\/products\/digital-display-time-relay-trt8\/\" \/>\n<meta property=\"og:locale\" content=\"sq_AL\" \/>\n<meta property=\"og:type\" content=\"article\" \/>\n<meta property=\"og:title\" content=\"WholesaleDigital Display Time Relay TRT8 - TOSUNlux Official Site - Electrical Circuit Breaker Manufacturer in China Low Voltage Electrical Supplier | TOSUNlux\" \/>\n<meta property=\"og:description\" content=\"Digital Display Time Relay TRT8 Supplier - Wholesale direct from TOSUNlux, a trusted manufacturer since 1994. Get your B2B factory quote on our certified Low Voltage electrical products.\" \/>\n<meta property=\"og:url\" content=\"https:\/\/www.tosunlux.eu\/sq\/products\/digital-display-time-relay-trt8\/\" \/>\n<meta property=\"og:site_name\" content=\"TOSUNlux Official Site - Electrical Circuit Breaker Manufacturer in China\" \/>\n<meta property=\"article:publisher\" content=\"https:\/\/www.facebook.com\/TOSUNelectric\/\" \/>\n<meta property=\"article:modified_time\" content=\"2023-09-13T03:25:11+00:00\" \/>\n<meta property=\"og:image\" content=\"https:\/\/www.tosunlux.eu\/wp-content\/uploads\/2022\/04\/DIMENSION-S2-4-1024x443.jpg\" \/>\n<meta name=\"twitter:card\" content=\"summary_large_image\" \/>\n<meta name=\"twitter:label1\" content=\"Est. reading time\" \/>\n\t<meta name=\"twitter:data1\" content=\"1 minut\u00eb\" \/>\n<script type=\"application\/ld+json\" class=\"yoast-schema-graph\">{\"@context\":\"https:\\\/\\\/schema.org\",\"@graph\":[{\"@type\":\"WebPage\",\"@id\":\"https:\\\/\\\/www.tosunlux.eu\\\/pl\\\/products\\\/digital-display-time-relay-trt8\\\/\",\"url\":\"https:\\\/\\\/www.tosunlux.eu\\\/pl\\\/products\\\/digital-display-time-relay-trt8\\\/\",\"name\":\"WholesaleDigital Display Time Relay TRT8 - TOSUNlux Official Site - Electrical Circuit Breaker Manufacturer in China Low Voltage Electrical Supplier | TOSUNlux\",\"isPartOf\":{\"@id\":\"https:\\\/\\\/www.tosunlux.eu\\\/ru\\\/#website\"},\"primaryImageOfPage\":{\"@id\":\"https:\\\/\\\/www.tosunlux.eu\\\/pl\\\/products\\\/digital-display-time-relay-trt8\\\/#primaryimage\"},\"image\":{\"@id\":\"https:\\\/\\\/www.tosunlux.eu\\\/pl\\\/products\\\/digital-display-time-relay-trt8\\\/#primaryimage\"},\"thumbnailUrl\":\"https:\\\/\\\/www.tosunlux.eu\\\/wp-content\\\/uploads\\\/2022\\\/04\\\/DIMENSION-S2-4-1024x443.jpg\",\"datePublished\":\"2022-04-15T06:20:18+00:00\",\"dateModified\":\"2023-09-13T03:25:11+00:00\",\"description\":\"Digital Display Time Relay TRT8 Supplier - Wholesale direct from TOSUNlux, a trusted manufacturer since 1994. Get your B2B factory quote on our certified Low Voltage electrical products.\",\"breadcrumb\":{\"@id\":\"https:\\\/\\\/www.tosunlux.eu\\\/pl\\\/products\\\/digital-display-time-relay-trt8\\\/#breadcrumb\"},\"inLanguage\":\"sq\",\"potentialAction\":[{\"@type\":\"ReadAction\",\"target\":[\"https:\\\/\\\/www.tosunlux.eu\\\/pl\\\/products\\\/digital-display-time-relay-trt8\\\/\"]}]},{\"@type\":\"ImageObject\",\"inLanguage\":\"sq\",\"@id\":\"https:\\\/\\\/www.tosunlux.eu\\\/pl\\\/products\\\/digital-display-time-relay-trt8\\\/#primaryimage\",\"url\":\"https:\\\/\\\/www.tosunlux.eu\\\/wp-content\\\/uploads\\\/2022\\\/04\\\/DIMENSION-S2-4-1024x443.jpg\",\"contentUrl\":\"https:\\\/\\\/www.tosunlux.eu\\\/wp-content\\\/uploads\\\/2022\\\/04\\\/DIMENSION-S2-4-1024x443.jpg\"},{\"@type\":\"BreadcrumbList\",\"@id\":\"https:\\\/\\\/www.tosunlux.eu\\\/pl\\\/products\\\/digital-display-time-relay-trt8\\\/#breadcrumb\",\"itemListElement\":[{\"@type\":\"ListItem\",\"position\":1,\"name\":\"Home\",\"item\":\"https:\\\/\\\/www.tosunlux.eu\\\/ru\\\/\"},{\"@type\":\"ListItem\",\"position\":2,\"name\":\"Products\",\"item\":\"https:\\\/\\\/www.tosunlux.eu\\\/products\\\/\"},{\"@type\":\"ListItem\",\"position\":3,\"name\":\"Digital Display Time Relay TRT8\"}]},{\"@type\":\"WebSite\",\"@id\":\"https:\\\/\\\/www.tosunlux.eu\\\/ru\\\/#website\",\"url\":\"https:\\\/\\\/www.tosunlux.eu\\\/ru\\\/\",\"name\":\"TOSUNlux Official Site - Electrical Circuit Breaker Manufacturer in China\",\"description\":\"Power Distribution System Supplier\",\"publisher\":{\"@id\":\"https:\\\/\\\/www.tosunlux.eu\\\/ru\\\/#organization\"},\"alternateName\":\"TOSUNlux\",\"potentialAction\":[{\"@type\":\"SearchAction\",\"target\":{\"@type\":\"EntryPoint\",\"urlTemplate\":\"https:\\\/\\\/www.tosunlux.eu\\\/ru\\\/?s={search_term_string}\"},\"query-input\":{\"@type\":\"PropertyValueSpecification\",\"valueRequired\":true,\"valueName\":\"search_term_string\"}}],\"inLanguage\":\"sq\"},{\"@type\":\"Organization\",\"@id\":\"https:\\\/\\\/www.tosunlux.eu\\\/ru\\\/#organization\",\"name\":\"TOSUNlux\",\"url\":\"https:\\\/\\\/www.tosunlux.eu\\\/ru\\\/\",\"logo\":{\"@type\":\"ImageObject\",\"inLanguage\":\"sq\",\"@id\":\"https:\\\/\\\/www.tosunlux.eu\\\/ru\\\/#\\\/schema\\\/logo\\\/image\\\/\",\"url\":\"https:\\\/\\\/www.tosunlux.eu\\\/wp-content\\\/uploads\\\/2022\\\/01\\\/LOGOSYSM.71762f1.png\",\"contentUrl\":\"https:\\\/\\\/www.tosunlux.eu\\\/wp-content\\\/uploads\\\/2022\\\/01\\\/LOGOSYSM.71762f1.png\",\"width\":153,\"height\":55,\"caption\":\"TOSUNlux\"},\"image\":{\"@id\":\"https:\\\/\\\/www.tosunlux.eu\\\/ru\\\/#\\\/schema\\\/logo\\\/image\\\/\"},\"sameAs\":[\"https:\\\/\\\/www.facebook.com\\\/TOSUNelectric\\\/\",\"https:\\\/\\\/www.linkedin.com\\\/company\\\/wenzhou-tosun-electric-co.-ltd\\\/\"]}]}<\/script>\n<!-- \/ Yoast SEO plugin. -->","yoast_head_json":{"title":"WholesaleDigital Display Time Relay TRT8 - TOSUNlux Official Site - Electrical Circuit Breaker Manufacturer in China Low Voltage Electrical Supplier | TOSUNlux","description":"Digital Display Time Relay TRT8 Supplier - Wholesale direct from TOSUNlux, a trusted manufacturer since 1994. Get your B2B factory quote on our certified Low Voltage electrical products.","robots":{"index":"index","follow":"follow","max-snippet":"max-snippet:-1","max-image-preview":"max-image-preview:large","max-video-preview":"max-video-preview:-1"},"canonical":"https:\/\/www.tosunlux.eu\/sq\/products\/digital-display-time-relay-trt8\/","og_locale":"sq_AL","og_type":"article","og_title":"WholesaleDigital Display Time Relay TRT8 - TOSUNlux Official Site - Electrical Circuit Breaker Manufacturer in China Low Voltage Electrical Supplier | TOSUNlux","og_description":"Digital Display Time Relay TRT8 Supplier - Wholesale direct from TOSUNlux, a trusted manufacturer since 1994. Get your B2B factory quote on our certified Low Voltage electrical products.","og_url":"https:\/\/www.tosunlux.eu\/sq\/products\/digital-display-time-relay-trt8\/","og_site_name":"TOSUNlux Official Site - Electrical Circuit Breaker Manufacturer in China","article_publisher":"https:\/\/www.facebook.com\/TOSUNelectric\/","article_modified_time":"2023-09-13T03:25:11+00:00","og_image":[{"url":"https:\/\/www.tosunlux.eu\/wp-content\/uploads\/2022\/04\/DIMENSION-S2-4-1024x443.jpg","type":"","width":"","height":""}],"twitter_card":"summary_large_image","twitter_misc":{"Est. reading time":"1 minut\u00eb"},"schema":{"@context":"https:\/\/schema.org","@graph":[{"@type":"WebPage","@id":"https:\/\/www.tosunlux.eu\/pl\/products\/digital-display-time-relay-trt8\/","url":"https:\/\/www.tosunlux.eu\/pl\/products\/digital-display-time-relay-trt8\/","name":"WholesaleDigital Display Time Relay TRT8 - TOSUNlux Official Site - Electrical Circuit Breaker Manufacturer in China Low Voltage Electrical Supplier | TOSUNlux","isPartOf":{"@id":"https:\/\/www.tosunlux.eu\/ru\/#website"},"primaryImageOfPage":{"@id":"https:\/\/www.tosunlux.eu\/pl\/products\/digital-display-time-relay-trt8\/#primaryimage"},"image":{"@id":"https:\/\/www.tosunlux.eu\/pl\/products\/digital-display-time-relay-trt8\/#primaryimage"},"thumbnailUrl":"https:\/\/www.tosunlux.eu\/wp-content\/uploads\/2022\/04\/DIMENSION-S2-4-1024x443.jpg","datePublished":"2022-04-15T06:20:18+00:00","dateModified":"2023-09-13T03:25:11+00:00","description":"Digital Display Time Relay TRT8 Supplier - Wholesale direct from TOSUNlux, a trusted manufacturer since 1994. Get your B2B factory quote on our certified Low Voltage electrical products.","breadcrumb":{"@id":"https:\/\/www.tosunlux.eu\/pl\/products\/digital-display-time-relay-trt8\/#breadcrumb"},"inLanguage":"sq","potentialAction":[{"@type":"ReadAction","target":["https:\/\/www.tosunlux.eu\/pl\/products\/digital-display-time-relay-trt8\/"]}]},{"@type":"ImageObject","inLanguage":"sq","@id":"https:\/\/www.tosunlux.eu\/pl\/products\/digital-display-time-relay-trt8\/#primaryimage","url":"https:\/\/www.tosunlux.eu\/wp-content\/uploads\/2022\/04\/DIMENSION-S2-4-1024x443.jpg","contentUrl":"https:\/\/www.tosunlux.eu\/wp-content\/uploads\/2022\/04\/DIMENSION-S2-4-1024x443.jpg"},{"@type":"BreadcrumbList","@id":"https:\/\/www.tosunlux.eu\/pl\/products\/digital-display-time-relay-trt8\/#breadcrumb","itemListElement":[{"@type":"ListItem","position":1,"name":"Home","item":"https:\/\/www.tosunlux.eu\/ru\/"},{"@type":"ListItem","position":2,"name":"Products","item":"https:\/\/www.tosunlux.eu\/products\/"},{"@type":"ListItem","position":3,"name":"Digital Display Time Relay TRT8"}]},{"@type":"WebSite","@id":"https:\/\/www.tosunlux.eu\/ru\/#website","url":"https:\/\/www.tosunlux.eu\/ru\/","name":"Faqja zyrtare e TOSUNlux - Prodhuesi i nd\u00ebrprer\u00ebsve t\u00eb qarkut elektrik n\u00eb Kin\u00eb","description":"Furnizuesi i Sistemit t\u00eb Shp\u00ebrndarjes s\u00eb Energjis\u00eb","publisher":{"@id":"https:\/\/www.tosunlux.eu\/ru\/#organization"},"alternateName":"TOSUNlux","potentialAction":[{"@type":"SearchAction","target":{"@type":"EntryPoint","urlTemplate":"https:\/\/www.tosunlux.eu\/ru\/?s={search_term_string}"},"query-input":{"@type":"PropertyValueSpecification","valueRequired":true,"valueName":"search_term_string"}}],"inLanguage":"sq"},{"@type":"Organization","@id":"https:\/\/www.tosunlux.eu\/ru\/#organization","name":"TOSUNlux","url":"https:\/\/www.tosunlux.eu\/ru\/","logo":{"@type":"ImageObject","inLanguage":"sq","@id":"https:\/\/www.tosunlux.eu\/ru\/#\/schema\/logo\/image\/","url":"https:\/\/www.tosunlux.eu\/wp-content\/uploads\/2022\/01\/LOGOSYSM.71762f1.png","contentUrl":"https:\/\/www.tosunlux.eu\/wp-content\/uploads\/2022\/01\/LOGOSYSM.71762f1.png","width":153,"height":55,"caption":"TOSUNlux"},"image":{"@id":"https:\/\/www.tosunlux.eu\/ru\/#\/schema\/logo\/image\/"},"sameAs":["https:\/\/www.facebook.com\/TOSUNelectric\/","https:\/\/www.linkedin.com\/company\/wenzhou-tosun-electric-co.-ltd\/"]}]}},"_links":{"self":[{"href":"https:\/\/www.tosunlux.eu\/sq\/wp-json\/wp\/v2\/product\/1159","targetHints":{"allow":["GET"]}}],"collection":[{"href":"https:\/\/www.tosunlux.eu\/sq\/wp-json\/wp\/v2\/product"}],"about":[{"href":"https:\/\/www.tosunlux.eu\/sq\/wp-json\/wp\/v2\/types\/product"}],"version-history":[{"count":1,"href":"https:\/\/www.tosunlux.eu\/sq\/wp-json\/wp\/v2\/product\/1159\/revisions"}],"predecessor-version":[{"id":8046,"href":"https:\/\/www.tosunlux.eu\/sq\/wp-json\/wp\/v2\/product\/1159\/revisions\/8046"}],"wp:attachment":[{"href":"https:\/\/www.tosunlux.eu\/sq\/wp-json\/wp\/v2\/media?parent=1159"}],"wp:term":[{"taxonomy":"product_category","embeddable":true,"href":"https:\/\/www.tosunlux.eu\/sq\/wp-json\/wp\/v2\/product_category?post=1159"}],"curies":[{"name":"wp","href":"https:\/\/api.w.org\/{rel}","templated":true}]}}