{"id":12169,"date":"2025-01-02T13:44:41","date_gmt":"2025-01-02T05:44:41","guid":{"rendered":"https:\/\/www.tosunlux.eu\/?post_type=product&#038;p=12169"},"modified":"2025-01-02T13:46:58","modified_gmt":"2025-01-02T05:46:58","slug":"tsaf1-arc-fault-detection-device","status":"publish","type":"product","link":"https:\/\/www.tosunlux.eu\/sq\/products\/tsaf1-arc-fault-detection-device\/","title":{"rendered":"Pajisja p\u00ebr zbulimin e defekteve me hark TSAF1"},"content":{"rendered":"<p><strong>Aplikimi<\/strong><\/p>\n\n\n\n<p>AFDD-t\u00eb zbulojn\u00eb dhe shk\u00ebputin automatikisht defektet e harkut q\u00eb ndodhin n\u00eb kabllot e d\u00ebmtuara ose t\u00eb grimcuara,<br>p\u00ebrfundimet e lira dhe instalimet e vjetruara ku performanca e izolimit degradon me kalimin e koh\u00ebs.\u00a0<br>Mund t\u00eb siguroj\u00eb mbrojtje mbi rrym\u00ebn, mbrojtje nga qarku i shkurt\u00ebr, mbrojtje nga rryma e mbetur dhe harku\u00a0<br>gjithashtu mbrojtja nga defektet. Produktet p\u00ebrputhen me IEC62606 dhe IEC61009-1.<\/p>\n\n\n\n<p><\/p>\n\n\n\n<p><strong>Specifikimi<\/strong><\/p>\n\n\n<table style=\"height: 882px;\" width=\"849\">\n<tbody>\n<tr>\n<td width=\"190\">Model<\/td>\n<td style=\"text-align: center;\" width=\"149\">TSAF1-40<\/td>\n<td style=\"text-align: center;\" width=\"149\">TSAF1-63<\/td>\n<\/tr>\n<tr>\n<td width=\"190\">Rryma e vler\u00ebsuar<\/td>\n<td style=\"text-align: center;\" width=\"149\">6A, 10A, 16A, 20A,<br \/>25A, 32A, 40A<\/td>\n<td style=\"text-align: center;\" width=\"149\">6A, 10A, 16A, 20A, 25A,<br \/>32A, 40A, 50A, 63A<\/td>\n<\/tr>\n<tr>\n<td width=\"190\">Lloji i rrjetit<\/td>\n<td style=\"text-align: center;\" colspan=\"2\" width=\"298\">AC ~ \/A ~<\/td>\n<\/tr>\n<tr>\n<td width=\"190\">Tensioni i vler\u00ebsuar<\/td>\n<td style=\"text-align: center;\" colspan=\"2\" width=\"298\">230\/240V~<\/td>\n<\/tr>\n<tr>\n<td width=\"190\">Tensioni maksimal i funksionimit<\/td>\n<td style=\"text-align: center;\" colspan=\"2\" width=\"298\">1.1 Un<\/td>\n<\/tr>\n<tr>\n<td width=\"190\">Tensioni Minimal i Pun\u00ebs<\/td>\n<td style=\"text-align: center;\" colspan=\"2\" width=\"298\">180 V<\/td>\n<\/tr>\n<tr>\n<td width=\"190\">Kodi i kurb\u00ebs<\/td>\n<td style=\"text-align: center;\" colspan=\"2\" width=\"298\">B, C<\/td>\n<\/tr>\n<tr>\n<td width=\"190\">Kapaciteti i vler\u00ebsuar i mbetur i prodhimit dhe thyerjes (I\u25b3m)<\/td>\n<td style=\"text-align: center;\" colspan=\"2\" width=\"298\">3000A<\/td>\n<\/tr>\n<tr>\n<td width=\"190\">Rryma operative e mbetur e vler\u00ebsuar (I\u25b3n)<\/td>\n<td style=\"text-align: center;\" colspan=\"2\" width=\"298\">30 mA, 100 mA, 300 mA<\/td>\n<\/tr>\n<tr>\n<td width=\"190\">Kapaciteti i vler\u00ebsuar i qarkut t\u00eb shkurt\u00ebr (Icn)<\/td>\n<td style=\"text-align: center;\" colspan=\"2\" width=\"298\">6000A<\/td>\n<\/tr>\n<tr>\n<td width=\"190\">Mjetet e testit AFDD<\/td>\n<td style=\"text-align: center;\" colspan=\"2\" width=\"298\">Funksioni i testimit automatik sipas IEC 62606<\/td>\n<\/tr>\n<tr>\n<td width=\"190\">Klasifikimi sipas IEC 62606<\/td>\n<td style=\"text-align: center;\" colspan=\"2\" width=\"298\">4.1.2 \u2013 Nj\u00ebsia AFDD e integruar n\u00eb nj\u00eb pajisje mbrojt\u00ebse<\/td>\n<\/tr>\n<tr>\n<td width=\"190\">Temperatura e funksionimit t\u00eb ambientit<\/td>\n<td style=\"text-align: center;\" colspan=\"2\" width=\"298\">-25\u00b0C ~ 40\u00b0C<\/td>\n<\/tr>\n<tr>\n<td width=\"190\">Indikacion i gatishm\u00ebris\u00eb AFDD<\/td>\n<td style=\"text-align: center;\" colspan=\"2\" width=\"298\">Tregues i vet\u00ebm LED<\/td>\n<\/tr>\n<tr>\n<td width=\"190\">Funksioni i mbitensionit<\/td>\n<td style=\"text-align: center;\" colspan=\"2\" width=\"298\">Gjendja e mbitensionit prej 270 Vrms deri n\u00eb 300 Vrms p\u00ebr 10 sekonda do t\u00eb b\u00ebj\u00eb q\u00eb pajisja t\u00eb fiket.<br \/>Treguesi LED i daljes s\u00eb mbitensionit do t\u00eb sigurohet n\u00eb rimbushjen e produktit.<\/td>\n<\/tr>\n<tr>\n<td width=\"190\">Intervali i Vet\u00eb Testimit<\/td>\n<td style=\"text-align: center;\" colspan=\"2\" width=\"298\">1 or\u00eb<\/td>\n<\/tr>\n<\/tbody>\n<\/table>\n<p>\u00a0<\/p>\n\n\n<p><strong>Dimensionet<\/strong><\/p>\n\n\n\n<figure class=\"wp-block-image size-large is-resized\"><img fetchpriority=\"high\" decoding=\"async\" src=\"https:\/\/www.tosunlux.eu\/wp-content\/uploads\/2025\/01\/1-5-1024x441.jpg\" alt=\"\" class=\"wp-image-12170\" width=\"663\" height=\"286\" srcset=\"https:\/\/www.tosunlux.eu\/wp-content\/uploads\/2025\/01\/1-5-1024x441.jpg 1024w, https:\/\/www.tosunlux.eu\/wp-content\/uploads\/2025\/01\/1-5-300x129.jpg 300w, https:\/\/www.tosunlux.eu\/wp-content\/uploads\/2025\/01\/1-5-768x331.jpg 768w, https:\/\/www.tosunlux.eu\/wp-content\/uploads\/2025\/01\/1-5-18x8.jpg 18w, https:\/\/www.tosunlux.eu\/wp-content\/uploads\/2025\/01\/1-5.jpg 1422w\" sizes=\"(max-width: 663px) 100vw, 663px\" \/><\/figure>","protected":false},"parent":0,"template":"","product_category":[24,78],"class_list":["post-12169","product","type-product","status-publish","hentry","product_category-power-distribution-system","product_category-rcbo"],"yoast_head":"<!-- This site is optimized with the Yoast SEO plugin v27.4 - https:\/\/yoast.com\/product\/yoast-seo-wordpress\/ -->\n<title>WholesaleTSAF1 Arc Fault Detection Device - TOSUNlux Official Site - Electrical Circuit Breaker Manufacturer in China Low Voltage Electrical Supplier | TOSUNlux<\/title>\n<meta name=\"description\" content=\"TSAF1 Arc Fault Detection Device Supplier - Wholesale direct from TOSUNlux, a trusted manufacturer since 1994. Get your B2B factory quote on our certified Low Voltage electrical products.\" \/>\n<meta name=\"robots\" content=\"index, follow, max-snippet:-1, max-image-preview:large, max-video-preview:-1\" \/>\n<link rel=\"canonical\" href=\"https:\/\/www.tosunlux.eu\/sq\/products\/tsaf1-arc-fault-detection-device\/\" \/>\n<meta property=\"og:locale\" content=\"sq_AL\" \/>\n<meta property=\"og:type\" content=\"article\" \/>\n<meta property=\"og:title\" content=\"WholesaleTSAF1 Arc Fault Detection Device - TOSUNlux Official Site - Electrical Circuit Breaker Manufacturer in China Low Voltage Electrical Supplier | TOSUNlux\" \/>\n<meta property=\"og:description\" content=\"TSAF1 Arc Fault Detection Device Supplier - Wholesale direct from TOSUNlux, a trusted manufacturer since 1994. Get your B2B factory quote on our certified Low Voltage electrical products.\" \/>\n<meta property=\"og:url\" content=\"https:\/\/www.tosunlux.eu\/sq\/products\/tsaf1-arc-fault-detection-device\/\" \/>\n<meta property=\"og:site_name\" content=\"TOSUNlux Official Site - Electrical Circuit Breaker Manufacturer in China\" \/>\n<meta property=\"article:publisher\" content=\"https:\/\/www.facebook.com\/TOSUNelectric\/\" \/>\n<meta property=\"article:modified_time\" content=\"2025-01-02T05:46:58+00:00\" \/>\n<meta property=\"og:image\" content=\"https:\/\/www.tosunlux.eu\/wp-content\/uploads\/2025\/01\/1-5-1024x441.jpg\" \/>\n<meta name=\"twitter:card\" content=\"summary_large_image\" \/>\n<meta name=\"twitter:label1\" content=\"Est. reading time\" \/>\n\t<meta name=\"twitter:data1\" content=\"2 minuta\" \/>\n<script type=\"application\/ld+json\" class=\"yoast-schema-graph\">{\"@context\":\"https:\\\/\\\/schema.org\",\"@graph\":[{\"@type\":\"WebPage\",\"@id\":\"https:\\\/\\\/www.tosunlux.eu\\\/products\\\/tsaf1-arc-fault-detection-device\\\/\",\"url\":\"https:\\\/\\\/www.tosunlux.eu\\\/products\\\/tsaf1-arc-fault-detection-device\\\/\",\"name\":\"WholesaleTSAF1 Arc Fault Detection Device - TOSUNlux Official Site - Electrical Circuit Breaker Manufacturer in China Low Voltage Electrical Supplier | TOSUNlux\",\"isPartOf\":{\"@id\":\"https:\\\/\\\/www.tosunlux.eu\\\/ru\\\/#website\"},\"primaryImageOfPage\":{\"@id\":\"https:\\\/\\\/www.tosunlux.eu\\\/products\\\/tsaf1-arc-fault-detection-device\\\/#primaryimage\"},\"image\":{\"@id\":\"https:\\\/\\\/www.tosunlux.eu\\\/products\\\/tsaf1-arc-fault-detection-device\\\/#primaryimage\"},\"thumbnailUrl\":\"https:\\\/\\\/www.tosunlux.eu\\\/wp-content\\\/uploads\\\/2025\\\/01\\\/1-5-1024x441.jpg\",\"datePublished\":\"2025-01-02T05:44:41+00:00\",\"dateModified\":\"2025-01-02T05:46:58+00:00\",\"description\":\"TSAF1 Arc Fault Detection Device Supplier - Wholesale direct from TOSUNlux, a trusted manufacturer since 1994. Get your B2B factory quote on our certified Low Voltage electrical products.\",\"breadcrumb\":{\"@id\":\"https:\\\/\\\/www.tosunlux.eu\\\/products\\\/tsaf1-arc-fault-detection-device\\\/#breadcrumb\"},\"inLanguage\":\"sq\",\"potentialAction\":[{\"@type\":\"ReadAction\",\"target\":[\"https:\\\/\\\/www.tosunlux.eu\\\/products\\\/tsaf1-arc-fault-detection-device\\\/\"]}]},{\"@type\":\"ImageObject\",\"inLanguage\":\"sq\",\"@id\":\"https:\\\/\\\/www.tosunlux.eu\\\/products\\\/tsaf1-arc-fault-detection-device\\\/#primaryimage\",\"url\":\"https:\\\/\\\/www.tosunlux.eu\\\/wp-content\\\/uploads\\\/2025\\\/01\\\/1-5-1024x441.jpg\",\"contentUrl\":\"https:\\\/\\\/www.tosunlux.eu\\\/wp-content\\\/uploads\\\/2025\\\/01\\\/1-5-1024x441.jpg\"},{\"@type\":\"BreadcrumbList\",\"@id\":\"https:\\\/\\\/www.tosunlux.eu\\\/products\\\/tsaf1-arc-fault-detection-device\\\/#breadcrumb\",\"itemListElement\":[{\"@type\":\"ListItem\",\"position\":1,\"name\":\"Home\",\"item\":\"https:\\\/\\\/www.tosunlux.eu\\\/ru\\\/\"},{\"@type\":\"ListItem\",\"position\":2,\"name\":\"Products\",\"item\":\"https:\\\/\\\/www.tosunlux.eu\\\/products\\\/\"},{\"@type\":\"ListItem\",\"position\":3,\"name\":\"TSAF1 Arc Fault Detection Device\"}]},{\"@type\":\"WebSite\",\"@id\":\"https:\\\/\\\/www.tosunlux.eu\\\/ru\\\/#website\",\"url\":\"https:\\\/\\\/www.tosunlux.eu\\\/ru\\\/\",\"name\":\"TOSUNlux Official Site - Electrical Circuit Breaker Manufacturer in China\",\"description\":\"Power Distribution System Supplier\",\"publisher\":{\"@id\":\"https:\\\/\\\/www.tosunlux.eu\\\/ru\\\/#organization\"},\"alternateName\":\"TOSUNlux\",\"potentialAction\":[{\"@type\":\"SearchAction\",\"target\":{\"@type\":\"EntryPoint\",\"urlTemplate\":\"https:\\\/\\\/www.tosunlux.eu\\\/ru\\\/?s={search_term_string}\"},\"query-input\":{\"@type\":\"PropertyValueSpecification\",\"valueRequired\":true,\"valueName\":\"search_term_string\"}}],\"inLanguage\":\"sq\"},{\"@type\":\"Organization\",\"@id\":\"https:\\\/\\\/www.tosunlux.eu\\\/ru\\\/#organization\",\"name\":\"TOSUNlux\",\"url\":\"https:\\\/\\\/www.tosunlux.eu\\\/ru\\\/\",\"logo\":{\"@type\":\"ImageObject\",\"inLanguage\":\"sq\",\"@id\":\"https:\\\/\\\/www.tosunlux.eu\\\/ru\\\/#\\\/schema\\\/logo\\\/image\\\/\",\"url\":\"https:\\\/\\\/www.tosunlux.eu\\\/wp-content\\\/uploads\\\/2022\\\/01\\\/LOGOSYSM.71762f1.png\",\"contentUrl\":\"https:\\\/\\\/www.tosunlux.eu\\\/wp-content\\\/uploads\\\/2022\\\/01\\\/LOGOSYSM.71762f1.png\",\"width\":153,\"height\":55,\"caption\":\"TOSUNlux\"},\"image\":{\"@id\":\"https:\\\/\\\/www.tosunlux.eu\\\/ru\\\/#\\\/schema\\\/logo\\\/image\\\/\"},\"sameAs\":[\"https:\\\/\\\/www.facebook.com\\\/TOSUNelectric\\\/\",\"https:\\\/\\\/www.linkedin.com\\\/company\\\/wenzhou-tosun-electric-co.-ltd\\\/\"]}]}<\/script>\n<!-- \/ Yoast SEO plugin. -->","yoast_head_json":{"title":"Pajisje me shumic\u00eb p\u00ebr zbulimin e defekteve t\u00eb harkut TSAF1 - Faqja zyrtare e TOSUNlux - Prodhues i nd\u00ebrprer\u00ebsve elektrik\u00eb n\u00eb Kin\u00eb, furnizues elektrik me tension t\u00eb ul\u00ebt | TOSUNlux","description":"Furnizues i Pajisjeve t\u00eb Zbulimit t\u00eb Defekteve t\u00eb Harkut TSAF1 - Shitje me shumic\u00eb direkt nga TOSUNlux, nj\u00eb prodhues i besuar q\u00eb nga viti 1994. Merrni ofert\u00ebn tuaj B2B t\u00eb fabrik\u00ebs p\u00ebr produktet tona t\u00eb certifikuara elektrike me tension t\u00eb ul\u00ebt.","robots":{"index":"index","follow":"follow","max-snippet":"max-snippet:-1","max-image-preview":"max-image-preview:large","max-video-preview":"max-video-preview:-1"},"canonical":"https:\/\/www.tosunlux.eu\/sq\/products\/tsaf1-arc-fault-detection-device\/","og_locale":"sq_AL","og_type":"article","og_title":"WholesaleTSAF1 Arc Fault Detection Device - TOSUNlux Official Site - Electrical Circuit Breaker Manufacturer in China Low Voltage Electrical Supplier | TOSUNlux","og_description":"TSAF1 Arc Fault Detection Device Supplier - Wholesale direct from TOSUNlux, a trusted manufacturer since 1994. Get your B2B factory quote on our certified Low Voltage electrical products.","og_url":"https:\/\/www.tosunlux.eu\/sq\/products\/tsaf1-arc-fault-detection-device\/","og_site_name":"TOSUNlux Official Site - Electrical Circuit Breaker Manufacturer in China","article_publisher":"https:\/\/www.facebook.com\/TOSUNelectric\/","article_modified_time":"2025-01-02T05:46:58+00:00","og_image":[{"url":"https:\/\/www.tosunlux.eu\/wp-content\/uploads\/2025\/01\/1-5-1024x441.jpg","type":"","width":"","height":""}],"twitter_card":"summary_large_image","twitter_misc":{"Est. reading time":"2 minuta"},"schema":{"@context":"https:\/\/schema.org","@graph":[{"@type":"WebPage","@id":"https:\/\/www.tosunlux.eu\/products\/tsaf1-arc-fault-detection-device\/","url":"https:\/\/www.tosunlux.eu\/products\/tsaf1-arc-fault-detection-device\/","name":"Pajisje me shumic\u00eb p\u00ebr zbulimin e defekteve t\u00eb harkut TSAF1 - Faqja zyrtare e TOSUNlux - Prodhues i nd\u00ebrprer\u00ebsve elektrik\u00eb n\u00eb Kin\u00eb, furnizues elektrik me tension t\u00eb ul\u00ebt | TOSUNlux","isPartOf":{"@id":"https:\/\/www.tosunlux.eu\/ru\/#website"},"primaryImageOfPage":{"@id":"https:\/\/www.tosunlux.eu\/products\/tsaf1-arc-fault-detection-device\/#primaryimage"},"image":{"@id":"https:\/\/www.tosunlux.eu\/products\/tsaf1-arc-fault-detection-device\/#primaryimage"},"thumbnailUrl":"https:\/\/www.tosunlux.eu\/wp-content\/uploads\/2025\/01\/1-5-1024x441.jpg","datePublished":"2025-01-02T05:44:41+00:00","dateModified":"2025-01-02T05:46:58+00:00","description":"Furnizues i Pajisjeve t\u00eb Zbulimit t\u00eb Defekteve t\u00eb Harkut TSAF1 - Shitje me shumic\u00eb direkt nga TOSUNlux, nj\u00eb prodhues i besuar q\u00eb nga viti 1994. Merrni ofert\u00ebn tuaj B2B t\u00eb fabrik\u00ebs p\u00ebr produktet tona t\u00eb certifikuara elektrike me tension t\u00eb ul\u00ebt.","breadcrumb":{"@id":"https:\/\/www.tosunlux.eu\/products\/tsaf1-arc-fault-detection-device\/#breadcrumb"},"inLanguage":"sq","potentialAction":[{"@type":"ReadAction","target":["https:\/\/www.tosunlux.eu\/products\/tsaf1-arc-fault-detection-device\/"]}]},{"@type":"ImageObject","inLanguage":"sq","@id":"https:\/\/www.tosunlux.eu\/products\/tsaf1-arc-fault-detection-device\/#primaryimage","url":"https:\/\/www.tosunlux.eu\/wp-content\/uploads\/2025\/01\/1-5-1024x441.jpg","contentUrl":"https:\/\/www.tosunlux.eu\/wp-content\/uploads\/2025\/01\/1-5-1024x441.jpg"},{"@type":"BreadcrumbList","@id":"https:\/\/www.tosunlux.eu\/products\/tsaf1-arc-fault-detection-device\/#breadcrumb","itemListElement":[{"@type":"ListItem","position":1,"name":"Home","item":"https:\/\/www.tosunlux.eu\/ru\/"},{"@type":"ListItem","position":2,"name":"Products","item":"https:\/\/www.tosunlux.eu\/products\/"},{"@type":"ListItem","position":3,"name":"TSAF1 Arc Fault Detection Device"}]},{"@type":"WebSite","@id":"https:\/\/www.tosunlux.eu\/ru\/#website","url":"https:\/\/www.tosunlux.eu\/ru\/","name":"Faqja zyrtare e TOSUNlux - Prodhuesi i nd\u00ebrprer\u00ebsve t\u00eb qarkut elektrik n\u00eb Kin\u00eb","description":"Furnizuesi i Sistemit t\u00eb Shp\u00ebrndarjes s\u00eb Energjis\u00eb","publisher":{"@id":"https:\/\/www.tosunlux.eu\/ru\/#organization"},"alternateName":"TOSUNlux","potentialAction":[{"@type":"SearchAction","target":{"@type":"EntryPoint","urlTemplate":"https:\/\/www.tosunlux.eu\/ru\/?s={search_term_string}"},"query-input":{"@type":"PropertyValueSpecification","valueRequired":true,"valueName":"search_term_string"}}],"inLanguage":"sq"},{"@type":"Organization","@id":"https:\/\/www.tosunlux.eu\/ru\/#organization","name":"TOSUNlux","url":"https:\/\/www.tosunlux.eu\/ru\/","logo":{"@type":"ImageObject","inLanguage":"sq","@id":"https:\/\/www.tosunlux.eu\/ru\/#\/schema\/logo\/image\/","url":"https:\/\/www.tosunlux.eu\/wp-content\/uploads\/2022\/01\/LOGOSYSM.71762f1.png","contentUrl":"https:\/\/www.tosunlux.eu\/wp-content\/uploads\/2022\/01\/LOGOSYSM.71762f1.png","width":153,"height":55,"caption":"TOSUNlux"},"image":{"@id":"https:\/\/www.tosunlux.eu\/ru\/#\/schema\/logo\/image\/"},"sameAs":["https:\/\/www.facebook.com\/TOSUNelectric\/","https:\/\/www.linkedin.com\/company\/wenzhou-tosun-electric-co.-ltd\/"]}]}},"_links":{"self":[{"href":"https:\/\/www.tosunlux.eu\/sq\/wp-json\/wp\/v2\/product\/12169","targetHints":{"allow":["GET"]}}],"collection":[{"href":"https:\/\/www.tosunlux.eu\/sq\/wp-json\/wp\/v2\/product"}],"about":[{"href":"https:\/\/www.tosunlux.eu\/sq\/wp-json\/wp\/v2\/types\/product"}],"version-history":[{"count":2,"href":"https:\/\/www.tosunlux.eu\/sq\/wp-json\/wp\/v2\/product\/12169\/revisions"}],"predecessor-version":[{"id":12174,"href":"https:\/\/www.tosunlux.eu\/sq\/wp-json\/wp\/v2\/product\/12169\/revisions\/12174"}],"wp:attachment":[{"href":"https:\/\/www.tosunlux.eu\/sq\/wp-json\/wp\/v2\/media?parent=12169"}],"wp:term":[{"taxonomy":"product_category","embeddable":true,"href":"https:\/\/www.tosunlux.eu\/sq\/wp-json\/wp\/v2\/product_category?post=12169"}],"curies":[{"name":"wp","href":"https:\/\/api.w.org\/{rel}","templated":true}]}}