{"id":12495,"date":"2025-02-10T13:08:17","date_gmt":"2025-02-10T05:08:17","guid":{"rendered":"https:\/\/www.tosunlux.eu\/?post_type=product&#038;p=12495"},"modified":"2025-02-10T13:27:47","modified_gmt":"2025-02-10T05:27:47","slug":"dual-power-automatic-changeover-switch","status":"publish","type":"product","link":"https:\/\/www.tosunlux.eu\/sq\/products\/dual-power-automatic-changeover-switch\/","title":{"rendered":"TSMQ7 Nd\u00ebrrimi automatik i fuqis\u00eb s\u00eb dyfisht\u00eb"},"content":{"rendered":"<p><strong>Aplikimi<\/strong><\/p>\n\n\n\n<p>\u00c7el\u00ebsi i nd\u00ebrrimit automatik me fuqi t\u00eb dyfisht\u00eb TSMQ7-XFZ \u00ebsht\u00eb i p\u00ebrshtatsh\u00ebm p\u00ebr sistemin e furnizimit me energji me qark t\u00eb dyfisht\u00eb me 50\/60Hz, tension t\u00eb vler\u00ebsuar pune deri n\u00eb 400V dhe rrym\u00eb nominale deri n\u00eb 63A. Nd\u00ebrrimi automatik i rrym\u00ebs midis energjis\u00eb elektrike dhe energjis\u00eb n\u00eb gatishm\u00ebri siguron besueshm\u00ebrin\u00eb e furnizimit me energji elektrike. Produkti p\u00ebrdoret gjer\u00ebsisht n\u00eb nd\u00ebrtesat e larta, qendrat tregtare, kontrollin e zjarrit, tifoz\u00ebt e eliminimit t\u00eb tymit, ashensor\u00ebt, pompat e jet\u00ebs, ndri\u00e7imin e emergjenc\u00ebs, sistemin fotovoltaik etj.<\/p>\n\n\n\n<p><strong>Specifikimi<\/strong><\/p>\n\n\n<table style=\"height: 387px;\" width=\"833\">\n<tbody>\n<tr>\n<td width=\"228\">Kategoria e produktit<\/td>\n<td style=\"text-align: center;\" width=\"457\">Nd\u00ebrrimi automatik i klas\u00ebs CB<\/td>\n<\/tr>\n<tr>\n<td width=\"228\">Numri i polak\u00ebve<\/td>\n<td style=\"text-align: center;\" width=\"457\">2P, 3P, 4P<\/td>\n<\/tr>\n<tr>\n<td width=\"228\">Rryma e vler\u00ebsuar<\/td>\n<td style=\"text-align: center;\" width=\"457\">10A, 16A, 20A, 25A, 32A, 40A, 50A, 63A<\/td>\n<\/tr>\n<tr>\n<td width=\"228\">Tensioni i vler\u00ebsuar i pun\u00ebs<\/td>\n<td style=\"text-align: center;\" width=\"457\">230\/400V<\/td>\n<\/tr>\n<tr>\n<td width=\"228\">Tensioni i vler\u00ebsuar i izolimit<\/td>\n<td style=\"text-align: center;\" width=\"457\">690 V<\/td>\n<\/tr>\n<tr>\n<td width=\"228\">Tensioni i vler\u00ebsuar i rezistenc\u00ebs s\u00eb impulsit<\/td>\n<td style=\"text-align: center;\" width=\"457\">4 kV<\/td>\n<\/tr>\n<tr>\n<td width=\"228\">Kapaciteti i vler\u00ebsuar i nd\u00ebrprerjes s\u00eb qarkut t\u00eb shkurt\u00ebr<\/td>\n<td style=\"text-align: center;\" width=\"457\">5 kA<\/td>\n<\/tr>\n<tr>\n<td width=\"228\">Kapaciteti i vler\u00ebsuar me koh\u00eb t\u00eb shkurt\u00ebr<\/td>\n<td style=\"text-align: center;\" width=\"457\">7,65 kA<\/td>\n<\/tr>\n<tr>\n<td width=\"228\">Jeta mekanike (her\u00eb)<\/td>\n<td style=\"text-align: center;\" width=\"457\">4500&nbsp;<\/td>\n<\/tr>\n<tr>\n<td width=\"228\">Jeta elektrike (her\u00eb)<\/td>\n<td style=\"text-align: center;\" width=\"457\">1500&nbsp;<\/td>\n<\/tr>\n<tr>\n<td width=\"228\">Temperatura e pun\u00ebs<\/td>\n<td style=\"text-align: center;\" width=\"457\">-5\u2103 deri n\u00eb +40\u2103<\/td>\n<\/tr>\n<\/tbody>\n<\/table>\n\n\n<p><strong>Dimensionet<\/strong><\/p>\n\n\n<table style=\"height: 124px;\" width=\"836\">\n<tbody>\n<tr>\n<td style=\"text-align: center;\" width=\"141\">Model<\/td>\n<td style=\"text-align: center;\" width=\"89\">W<\/td>\n<td style=\"text-align: center;\" width=\"89\">W1<\/td>\n<td style=\"text-align: center;\" width=\"89\">L<\/td>\n<td style=\"text-align: center;\" width=\"89\">L1<\/td>\n<td style=\"text-align: center;\" width=\"89\">H<\/td>\n<td style=\"text-align: center;\" width=\"90\">H1<\/td>\n<\/tr>\n<tr>\n<td style=\"text-align: center;\" width=\"141\">TSMQ7-XFZ\/2P<\/td>\n<td style=\"text-align: center;\" width=\"89\">155&nbsp;<\/td>\n<td style=\"text-align: center;\" width=\"89\">128&nbsp;<\/td>\n<td style=\"text-align: center;\" width=\"89\">135&nbsp;<\/td>\n<td style=\"text-align: center;\" width=\"89\">123&nbsp;<\/td>\n<td style=\"text-align: center;\" width=\"89\">110&nbsp;<\/td>\n<td style=\"text-align: center;\" width=\"90\">98&nbsp;<\/td>\n<\/tr>\n<tr>\n<td style=\"text-align: center;\" width=\"141\">TSMQ7-XFZ\/3P<\/td>\n<td style=\"text-align: center;\" width=\"89\">191&nbsp;<\/td>\n<td style=\"text-align: center;\" width=\"89\">164&nbsp;<\/td>\n<td style=\"text-align: center;\" width=\"89\">135&nbsp;<\/td>\n<td style=\"text-align: center;\" width=\"89\">123&nbsp;<\/td>\n<td style=\"text-align: center;\" width=\"89\">110&nbsp;<\/td>\n<td style=\"text-align: center;\" width=\"90\">98&nbsp;<\/td>\n<\/tr>\n<tr>\n<td style=\"text-align: center;\" width=\"141\">TSMQ7-XFZ\/4P<\/td>\n<td style=\"text-align: center;\" width=\"89\">227&nbsp;<\/td>\n<td style=\"text-align: center;\" width=\"89\">200&nbsp;<\/td>\n<td style=\"text-align: center;\" width=\"89\">135&nbsp;<\/td>\n<td style=\"text-align: center;\" width=\"89\">123&nbsp;<\/td>\n<td style=\"text-align: center;\" width=\"89\">110&nbsp;<\/td>\n<td style=\"text-align: center;\" width=\"90\">98&nbsp;<\/td>\n<\/tr>\n<\/tbody>\n<\/table>\n\n\n<figure class=\"wp-block-image size-full is-resized\"><img fetchpriority=\"high\" decoding=\"async\" src=\"https:\/\/www.tosunlux.eu\/wp-content\/uploads\/2025\/02\/power-distribution-2-\u65b0.jpg\" alt=\"\" class=\"wp-image-12496\" width=\"798\" height=\"403\" srcset=\"https:\/\/www.tosunlux.eu\/wp-content\/uploads\/2025\/02\/power-distribution-2-\u65b0.jpg 967w, https:\/\/www.tosunlux.eu\/wp-content\/uploads\/2025\/02\/power-distribution-2-\u65b0-300x151.jpg 300w, https:\/\/www.tosunlux.eu\/wp-content\/uploads\/2025\/02\/power-distribution-2-\u65b0-768x388.jpg 768w, https:\/\/www.tosunlux.eu\/wp-content\/uploads\/2025\/02\/power-distribution-2-\u65b0-18x9.jpg 18w\" sizes=\"(max-width: 798px) 100vw, 798px\" \/><\/figure>","protected":false},"parent":0,"template":"","product_category":[24,86],"class_list":["post-12495","product","type-product","status-publish","hentry","product_category-power-distribution-system","product_category-automatic-changeover-switch"],"yoast_head":"<!-- This site is optimized with the Yoast SEO plugin v27.6 - https:\/\/yoast.com\/product\/yoast-seo-wordpress\/ -->\n<title>WholesaleTSMQ7 Dual Power Automatic Changeover Switch - TOSUNlux Official Site - Electrical Circuit Breaker Manufacturer in China Low Voltage Electrical Supplier | TOSUNlux<\/title>\n<meta name=\"description\" content=\"TSMQ7 Dual Power Automatic Changeover Switch Supplier - Wholesale direct from TOSUNlux, a trusted manufacturer since 1994. Get your B2B factory quote on our certified Low Voltage electrical products.\" \/>\n<meta name=\"robots\" content=\"index, follow, max-snippet:-1, max-image-preview:large, max-video-preview:-1\" \/>\n<link rel=\"canonical\" href=\"https:\/\/www.tosunlux.eu\/sq\/products\/dual-power-automatic-changeover-switch\/\" \/>\n<meta property=\"og:locale\" content=\"sq_AL\" \/>\n<meta property=\"og:type\" content=\"article\" \/>\n<meta property=\"og:title\" content=\"WholesaleTSMQ7 Dual Power Automatic Changeover Switch - TOSUNlux Official Site - Electrical Circuit Breaker Manufacturer in China Low Voltage Electrical Supplier | TOSUNlux\" \/>\n<meta property=\"og:description\" content=\"TSMQ7 Dual Power Automatic Changeover Switch Supplier - Wholesale direct from TOSUNlux, a trusted manufacturer since 1994. Get your B2B factory quote on our certified Low Voltage electrical products.\" \/>\n<meta property=\"og:url\" content=\"https:\/\/www.tosunlux.eu\/sq\/products\/dual-power-automatic-changeover-switch\/\" \/>\n<meta property=\"og:site_name\" content=\"TOSUNlux Official Site - Electrical Circuit Breaker Manufacturer in China\" \/>\n<meta property=\"article:publisher\" content=\"https:\/\/www.facebook.com\/TOSUNelectric\/\" \/>\n<meta property=\"article:modified_time\" content=\"2025-02-10T05:27:47+00:00\" \/>\n<meta property=\"og:image\" content=\"https:\/\/www.tosunlux.eu\/wp-content\/uploads\/2023\/04\/DSC08160_\u526f\u672c.jpg\" \/>\n\t<meta property=\"og:image:width\" content=\"1500\" \/>\n\t<meta property=\"og:image:height\" content=\"940\" \/>\n\t<meta property=\"og:image:type\" content=\"image\/jpeg\" \/>\n<meta name=\"twitter:card\" content=\"summary_large_image\" \/>\n<meta name=\"twitter:label1\" content=\"Est. reading time\" \/>\n\t<meta name=\"twitter:data1\" content=\"1 minut\u00eb\" \/>\n<script type=\"application\/ld+json\" class=\"yoast-schema-graph\">{\"@context\":\"https:\\\/\\\/schema.org\",\"@graph\":[{\"@type\":\"WebPage\",\"@id\":\"https:\\\/\\\/www.tosunlux.eu\\\/es\\\/products\\\/dual-power-automatic-changeover-switch\\\/\",\"url\":\"https:\\\/\\\/www.tosunlux.eu\\\/es\\\/products\\\/dual-power-automatic-changeover-switch\\\/\",\"name\":\"WholesaleTSMQ7 Dual Power Automatic Changeover Switch - TOSUNlux Official Site - Electrical Circuit Breaker Manufacturer in China Low Voltage Electrical Supplier | TOSUNlux\",\"isPartOf\":{\"@id\":\"https:\\\/\\\/www.tosunlux.eu\\\/ru\\\/#website\"},\"datePublished\":\"2025-02-10T05:08:17+00:00\",\"dateModified\":\"2025-02-10T05:27:47+00:00\",\"description\":\"TSMQ7 Dual Power Automatic Changeover Switch Supplier - Wholesale direct from TOSUNlux, a trusted manufacturer since 1994. Get your B2B factory quote on our certified Low Voltage electrical products.\",\"breadcrumb\":{\"@id\":\"https:\\\/\\\/www.tosunlux.eu\\\/es\\\/products\\\/dual-power-automatic-changeover-switch\\\/#breadcrumb\"},\"inLanguage\":\"sq\",\"potentialAction\":[{\"@type\":\"ReadAction\",\"target\":[\"https:\\\/\\\/www.tosunlux.eu\\\/es\\\/products\\\/dual-power-automatic-changeover-switch\\\/\"]}]},{\"@type\":\"BreadcrumbList\",\"@id\":\"https:\\\/\\\/www.tosunlux.eu\\\/es\\\/products\\\/dual-power-automatic-changeover-switch\\\/#breadcrumb\",\"itemListElement\":[{\"@type\":\"ListItem\",\"position\":1,\"name\":\"Home\",\"item\":\"https:\\\/\\\/www.tosunlux.eu\\\/ru\\\/\"},{\"@type\":\"ListItem\",\"position\":2,\"name\":\"Products\",\"item\":\"https:\\\/\\\/www.tosunlux.eu\\\/products\\\/\"},{\"@type\":\"ListItem\",\"position\":3,\"name\":\"TSMQ7 Dual Power Automatic Changeover Switch\"}]},{\"@type\":\"WebSite\",\"@id\":\"https:\\\/\\\/www.tosunlux.eu\\\/ru\\\/#website\",\"url\":\"https:\\\/\\\/www.tosunlux.eu\\\/ru\\\/\",\"name\":\"TOSUNlux Official Site - Electrical Circuit Breaker Manufacturer in China\",\"description\":\"Power Distribution System Supplier\",\"publisher\":{\"@id\":\"https:\\\/\\\/www.tosunlux.eu\\\/ru\\\/#organization\"},\"alternateName\":\"TOSUNlux\",\"potentialAction\":[{\"@type\":\"SearchAction\",\"target\":{\"@type\":\"EntryPoint\",\"urlTemplate\":\"https:\\\/\\\/www.tosunlux.eu\\\/ru\\\/?s={search_term_string}\"},\"query-input\":{\"@type\":\"PropertyValueSpecification\",\"valueRequired\":true,\"valueName\":\"search_term_string\"}}],\"inLanguage\":\"sq\"},{\"@type\":\"Organization\",\"@id\":\"https:\\\/\\\/www.tosunlux.eu\\\/ru\\\/#organization\",\"name\":\"TOSUNlux\",\"url\":\"https:\\\/\\\/www.tosunlux.eu\\\/ru\\\/\",\"logo\":{\"@type\":\"ImageObject\",\"inLanguage\":\"sq\",\"@id\":\"https:\\\/\\\/www.tosunlux.eu\\\/ru\\\/#\\\/schema\\\/logo\\\/image\\\/\",\"url\":\"https:\\\/\\\/www.tosunlux.eu\\\/wp-content\\\/uploads\\\/2022\\\/01\\\/LOGOSYSM.71762f1.png\",\"contentUrl\":\"https:\\\/\\\/www.tosunlux.eu\\\/wp-content\\\/uploads\\\/2022\\\/01\\\/LOGOSYSM.71762f1.png\",\"width\":153,\"height\":55,\"caption\":\"TOSUNlux\"},\"image\":{\"@id\":\"https:\\\/\\\/www.tosunlux.eu\\\/ru\\\/#\\\/schema\\\/logo\\\/image\\\/\"},\"sameAs\":[\"https:\\\/\\\/www.facebook.com\\\/TOSUNelectric\\\/\",\"https:\\\/\\\/www.linkedin.com\\\/company\\\/wenzhou-tosun-electric-co.-ltd\\\/\"]}]}<\/script>\n<!-- \/ Yoast SEO plugin. -->","yoast_head_json":{"title":"Nd\u00ebrprer\u00ebs Automatik i Nd\u00ebrrimit me Fuqi t\u00eb Dyfisht\u00eb TSMQ7 me Shumic\u00eb - Faqja Zyrtare e TOSUNlux - Prodhues i Nd\u00ebrprer\u00ebsve t\u00eb Qarkut Elektrike n\u00eb Kin\u00eb, Furnizues i Energjis\u00eb Elektrike me Tension t\u00eb Ul\u00ebt | TOSUNlux","description":"Furnizues i \u00c7el\u00ebsave Automatik\u00eb t\u00eb Nd\u00ebrrimit me Fuqi t\u00eb Dyfisht\u00eb TSMQ7 - Shitje me shumic\u00eb direkt nga TOSUNlux, nj\u00eb prodhues i besuar q\u00eb nga viti 1994. Merrni ofert\u00ebn tuaj B2B t\u00eb fabrik\u00ebs p\u00ebr produktet tona t\u00eb certifikuara elektrike me Tension t\u00eb Ul\u00ebt.","robots":{"index":"index","follow":"follow","max-snippet":"max-snippet:-1","max-image-preview":"max-image-preview:large","max-video-preview":"max-video-preview:-1"},"canonical":"https:\/\/www.tosunlux.eu\/sq\/products\/dual-power-automatic-changeover-switch\/","og_locale":"sq_AL","og_type":"article","og_title":"WholesaleTSMQ7 Dual Power Automatic Changeover Switch - TOSUNlux Official Site - Electrical Circuit Breaker Manufacturer in China Low Voltage Electrical Supplier | TOSUNlux","og_description":"TSMQ7 Dual Power Automatic Changeover Switch Supplier - Wholesale direct from TOSUNlux, a trusted manufacturer since 1994. Get your B2B factory quote on our certified Low Voltage electrical products.","og_url":"https:\/\/www.tosunlux.eu\/sq\/products\/dual-power-automatic-changeover-switch\/","og_site_name":"TOSUNlux Official Site - Electrical Circuit Breaker Manufacturer in China","article_publisher":"https:\/\/www.facebook.com\/TOSUNelectric\/","article_modified_time":"2025-02-10T05:27:47+00:00","og_image":[{"width":1500,"height":940,"url":"https:\/\/www.tosunlux.eu\/wp-content\/uploads\/2023\/04\/DSC08160_\u526f\u672c.jpg","type":"image\/jpeg"}],"twitter_card":"summary_large_image","twitter_misc":{"Est. reading time":"1 minut\u00eb"},"schema":{"@context":"https:\/\/schema.org","@graph":[{"@type":"WebPage","@id":"https:\/\/www.tosunlux.eu\/es\/products\/dual-power-automatic-changeover-switch\/","url":"https:\/\/www.tosunlux.eu\/es\/products\/dual-power-automatic-changeover-switch\/","name":"Nd\u00ebrprer\u00ebs Automatik i Nd\u00ebrrimit me Fuqi t\u00eb Dyfisht\u00eb TSMQ7 me Shumic\u00eb - Faqja Zyrtare e TOSUNlux - Prodhues i Nd\u00ebrprer\u00ebsve t\u00eb Qarkut Elektrike n\u00eb Kin\u00eb, Furnizues i Energjis\u00eb Elektrike me Tension t\u00eb Ul\u00ebt | TOSUNlux","isPartOf":{"@id":"https:\/\/www.tosunlux.eu\/ru\/#website"},"datePublished":"2025-02-10T05:08:17+00:00","dateModified":"2025-02-10T05:27:47+00:00","description":"Furnizues i \u00c7el\u00ebsave Automatik\u00eb t\u00eb Nd\u00ebrrimit me Fuqi t\u00eb Dyfisht\u00eb TSMQ7 - Shitje me shumic\u00eb direkt nga TOSUNlux, nj\u00eb prodhues i besuar q\u00eb nga viti 1994. Merrni ofert\u00ebn tuaj B2B t\u00eb fabrik\u00ebs p\u00ebr produktet tona t\u00eb certifikuara elektrike me Tension t\u00eb Ul\u00ebt.","breadcrumb":{"@id":"https:\/\/www.tosunlux.eu\/es\/products\/dual-power-automatic-changeover-switch\/#breadcrumb"},"inLanguage":"sq","potentialAction":[{"@type":"ReadAction","target":["https:\/\/www.tosunlux.eu\/es\/products\/dual-power-automatic-changeover-switch\/"]}]},{"@type":"BreadcrumbList","@id":"https:\/\/www.tosunlux.eu\/es\/products\/dual-power-automatic-changeover-switch\/#breadcrumb","itemListElement":[{"@type":"ListItem","position":1,"name":"Home","item":"https:\/\/www.tosunlux.eu\/ru\/"},{"@type":"ListItem","position":2,"name":"Products","item":"https:\/\/www.tosunlux.eu\/products\/"},{"@type":"ListItem","position":3,"name":"TSMQ7 Dual Power Automatic Changeover Switch"}]},{"@type":"WebSite","@id":"https:\/\/www.tosunlux.eu\/ru\/#website","url":"https:\/\/www.tosunlux.eu\/ru\/","name":"Faqja zyrtare e TOSUNlux - Prodhuesi i nd\u00ebrprer\u00ebsve t\u00eb qarkut elektrik n\u00eb Kin\u00eb","description":"Furnizuesi i Sistemit t\u00eb Shp\u00ebrndarjes s\u00eb Energjis\u00eb","publisher":{"@id":"https:\/\/www.tosunlux.eu\/ru\/#organization"},"alternateName":"TOSUNlux","potentialAction":[{"@type":"SearchAction","target":{"@type":"EntryPoint","urlTemplate":"https:\/\/www.tosunlux.eu\/ru\/?s={search_term_string}"},"query-input":{"@type":"PropertyValueSpecification","valueRequired":true,"valueName":"search_term_string"}}],"inLanguage":"sq"},{"@type":"Organization","@id":"https:\/\/www.tosunlux.eu\/ru\/#organization","name":"TOSUNlux","url":"https:\/\/www.tosunlux.eu\/ru\/","logo":{"@type":"ImageObject","inLanguage":"sq","@id":"https:\/\/www.tosunlux.eu\/ru\/#\/schema\/logo\/image\/","url":"https:\/\/www.tosunlux.eu\/wp-content\/uploads\/2022\/01\/LOGOSYSM.71762f1.png","contentUrl":"https:\/\/www.tosunlux.eu\/wp-content\/uploads\/2022\/01\/LOGOSYSM.71762f1.png","width":153,"height":55,"caption":"TOSUNlux"},"image":{"@id":"https:\/\/www.tosunlux.eu\/ru\/#\/schema\/logo\/image\/"},"sameAs":["https:\/\/www.facebook.com\/TOSUNelectric\/","https:\/\/www.linkedin.com\/company\/wenzhou-tosun-electric-co.-ltd\/"]}]}},"_links":{"self":[{"href":"https:\/\/www.tosunlux.eu\/sq\/wp-json\/wp\/v2\/product\/12495","targetHints":{"allow":["GET"]}}],"collection":[{"href":"https:\/\/www.tosunlux.eu\/sq\/wp-json\/wp\/v2\/product"}],"about":[{"href":"https:\/\/www.tosunlux.eu\/sq\/wp-json\/wp\/v2\/types\/product"}],"version-history":[{"count":3,"href":"https:\/\/www.tosunlux.eu\/sq\/wp-json\/wp\/v2\/product\/12495\/revisions"}],"predecessor-version":[{"id":12511,"href":"https:\/\/www.tosunlux.eu\/sq\/wp-json\/wp\/v2\/product\/12495\/revisions\/12511"}],"wp:attachment":[{"href":"https:\/\/www.tosunlux.eu\/sq\/wp-json\/wp\/v2\/media?parent=12495"}],"wp:term":[{"taxonomy":"product_category","embeddable":true,"href":"https:\/\/www.tosunlux.eu\/sq\/wp-json\/wp\/v2\/product_category?post=12495"}],"curies":[{"name":"wp","href":"https:\/\/api.w.org\/{rel}","templated":true}]}}