{"id":12512,"date":"2025-02-10T13:44:34","date_gmt":"2025-02-10T05:44:34","guid":{"rendered":"https:\/\/www.tosunlux.eu\/?post_type=product&#038;p=12512"},"modified":"2025-02-10T13:44:36","modified_gmt":"2025-02-10T05:44:36","slug":"tsmq8-dual-power-automatic-changeover-switch","status":"publish","type":"product","link":"https:\/\/www.tosunlux.eu\/sq\/products\/tsmq8-dual-power-automatic-changeover-switch\/","title":{"rendered":"TSMQ8 Nd\u00ebrrimi automatik i fuqis\u00eb s\u00eb dyfisht\u00eb"},"content":{"rendered":"<p><strong>Aplikimi<\/strong><\/p>\n\n\n\n<p>Nd\u00ebrprer\u00ebsi automatik i nd\u00ebrrimit me fuqi t\u00eb dyfisht\u00eb TSMQ8 \u00ebsht\u00eb nj\u00eb nd\u00ebrprer\u00ebs i nd\u00ebrrimit t\u00eb rrall\u00eb t\u00eb klas\u00ebs PC p\u00ebr t\u00eb siguruar furnizimin me energji p\u00ebr qarkun vazhdimisht kur furnizimi me energji elektrike nuk disponohet papritur. \u00c7el\u00ebsi \u00ebsht\u00eb i p\u00ebrshtatsh\u00ebm n\u00eb sistemin e furnizimit me energji elektrike me 50\/60Hz, tension nominal deri n\u00eb 400V dhe rrym\u00eb nominale deri n\u00eb 63A.<br>Kur produkti funksionon n\u00eb modalitetin &quot;auto&quot;, nd\u00ebrprer\u00ebsi kalon automatikisht qarkun nga furnizimi me energji elektrike (\u2160) n\u00eb furnizimin me energji n\u00eb gatishm\u00ebri (\u2161) n\u00eb rast se furnizimi me energji elektrike \u00ebsht\u00eb i fikur (ose d\u00ebshtimi i faz\u00ebs). Kur furnizimi me energji elektrike (\u2160) rifillon t\u00eb jet\u00eb i disponuesh\u00ebm, \u00e7el\u00ebsi e kthen qarkun p\u00ebrs\u00ebri n\u00eb furnizimin me energji elektrike (\u2160) nga furnizimi me energji n\u00eb gatishm\u00ebri (\u2161) automatikisht.<br>\u00c7el\u00ebsi \u00ebsht\u00eb karakteristik p\u00ebr t\u00eb qen\u00eb i vog\u00ebl n\u00eb v\u00ebllim, i shpejt\u00eb n\u00eb reagim, i besuesh\u00ebm n\u00eb konvertim, i p\u00ebrshtatsh\u00ebm n\u00eb instalim dhe jet\u00eb t\u00eb gjat\u00eb n\u00eb sh\u00ebrbim.<\/p>\n\n\n\n<p><strong>Specifikimi<\/strong><\/p>\n\n\n<table style=\"height: 645px;\" width=\"939\">\n<tbody>\n<tr>\n<td width=\"247\">Kategoria e produktit<\/td>\n<td style=\"text-align: center;\" width=\"562\">Klasa e PC: mund t\u00eb ndizet dhe ngarkohet pa gjeneruar rrym\u00eb t\u00eb qarkut t\u00eb shkurt\u00ebr<\/td>\n<\/tr>\n<tr>\n<td width=\"247\">Numri i polak\u00ebve<\/td>\n<td style=\"text-align: center;\" width=\"562\">2P, 4P<\/td>\n<\/tr>\n<tr>\n<td width=\"247\">Rryma e vler\u00ebsuar<\/td>\n<td style=\"text-align: center;\" width=\"562\">6A, 10A, 16A, 20A, 25A, 32A, 40A,50A, 63A<\/td>\n<\/tr>\n<tr>\n<td width=\"247\">Tensioni i vler\u00ebsuar i izolimit (Ul)<\/td>\n<td style=\"text-align: center;\" width=\"562\">AC 690V<\/td>\n<\/tr>\n<tr>\n<td width=\"247\">Tensioni i vler\u00ebsuar i rezistenc\u00ebs s\u00eb impulsit (Uimp)<\/td>\n<td style=\"text-align: center;\" width=\"562\">8 kV<\/td>\n<\/tr>\n<tr>\n<td width=\"247\">Tensioni i vler\u00ebsuar i funksionimit (Ue)<\/td>\n<td style=\"text-align: center;\" width=\"562\">2P 110\/220V, 4P 400V<\/td>\n<\/tr>\n<tr>\n<td width=\"247\">Rryma e vler\u00ebsuar e qarkut t\u00eb shkurt\u00ebr (lq)<\/td>\n<td style=\"text-align: center;\" width=\"562\">5 kA<\/td>\n<\/tr>\n<tr>\n<td width=\"247\">Pajisje mbrojt\u00ebse nga qarku i shkurt\u00ebr (sigures\u00eb)<\/td>\n<td style=\"text-align: center;\" width=\"562\">NT00 63A<\/td>\n<\/tr>\n<tr>\n<td width=\"247\">Tensioni i vler\u00ebsuar i rezistenc\u00ebs s\u00eb impulsit<\/td>\n<td style=\"text-align: center;\" width=\"562\">8 kV<\/td>\n<\/tr>\n<tr>\n<td width=\"247\">Qarku i kontrollit<\/td>\n<td style=\"text-align: center;\" width=\"562\">Tensioni i vler\u00ebsuar i kontrollit Us: AC220V\/ 110V, 50\/60Hz Kushtet normale t\u00eb pun\u00ebs: 85%Us-110%Us<\/td>\n<\/tr>\n<tr>\n<td width=\"247\">Qarku ndihm\u00ebs<\/td>\n<td style=\"text-align: center;\" width=\"562\">AC220V\/ 110V 50\/60Hz le=5A<\/td>\n<\/tr>\n<tr>\n<td width=\"247\">Mbi tension\/N\u00ebn tension<br \/>Gama e mbrojtjes<br \/>(Kthehu n\u00eb 30-at normale)<\/td>\n<td style=\"text-align: center;\" width=\"562\">220V Vlera n\u00ebn tension: 175V Vlera e rikuperimit: 195V<br \/>Vlera e mbitensionit: 260V Vlera e rikuperimit: 240V(\u00b15V)<br \/>110V N\u00ebn vler\u00ebn e tensionit: 85V Vlera e rikuperimit: 95V<br \/>Vlera e mbitensionit: 145V Vlera e rikuperimit: 130(\u00b15V)<\/td>\n<\/tr>\n<tr>\n<td width=\"247\">Jeta mekanike<\/td>\n<td style=\"text-align: center;\" width=\"562\">8000 her\u00eb<\/td>\n<\/tr>\n<tr>\n<td width=\"247\">Jeta elektrike<\/td>\n<td style=\"text-align: center;\" width=\"562\">1500 her\u00eb<\/td>\n<\/tr>\n<tr>\n<td width=\"247\">Kategoria e shfryt\u00ebzimit<\/td>\n<td style=\"text-align: center;\" width=\"562\">AC-31B<\/td>\n<\/tr>\n<\/tbody>\n<\/table>\n\n\n<p><strong>Dimensionet<\/strong><\/p>\n\n\n\n<figure class=\"wp-block-image size-large is-resized\"><img fetchpriority=\"high\" decoding=\"async\" src=\"https:\/\/www.tosunlux.eu\/wp-content\/uploads\/2025\/02\/1-2-1024x348.jpg\" alt=\"\" class=\"wp-image-12514\" width=\"768\" height=\"261\" srcset=\"https:\/\/www.tosunlux.eu\/wp-content\/uploads\/2025\/02\/1-2-1024x348.jpg 1024w, https:\/\/www.tosunlux.eu\/wp-content\/uploads\/2025\/02\/1-2-300x102.jpg 300w, https:\/\/www.tosunlux.eu\/wp-content\/uploads\/2025\/02\/1-2-768x261.jpg 768w, https:\/\/www.tosunlux.eu\/wp-content\/uploads\/2025\/02\/1-2-18x6.jpg 18w, https:\/\/www.tosunlux.eu\/wp-content\/uploads\/2025\/02\/1-2.jpg 1431w\" sizes=\"(max-width: 768px) 100vw, 768px\" \/><\/figure>","protected":false},"parent":0,"template":"","product_category":[24,86],"class_list":["post-12512","product","type-product","status-publish","hentry","product_category-power-distribution-system","product_category-automatic-changeover-switch"],"yoast_head":"<!-- This site is optimized with the Yoast SEO plugin v27.5 - https:\/\/yoast.com\/product\/yoast-seo-wordpress\/ -->\n<title>WholesaleTSMQ8 Dual Power Automatic Changeover Switch - TOSUNlux Official Site - Electrical Circuit Breaker Manufacturer in China Low Voltage Electrical Supplier | TOSUNlux<\/title>\n<meta name=\"description\" content=\"TSMQ8 Dual Power Automatic Changeover Switch Supplier - Wholesale direct from TOSUNlux, a trusted manufacturer since 1994. Get your B2B factory quote on our certified Low Voltage electrical products.\" \/>\n<meta name=\"robots\" content=\"index, follow, max-snippet:-1, max-image-preview:large, max-video-preview:-1\" \/>\n<link rel=\"canonical\" href=\"https:\/\/www.tosunlux.eu\/sq\/products\/tsmq8-dual-power-automatic-changeover-switch\/\" \/>\n<meta property=\"og:locale\" content=\"sq_AL\" \/>\n<meta property=\"og:type\" content=\"article\" \/>\n<meta property=\"og:title\" content=\"WholesaleTSMQ8 Dual Power Automatic Changeover Switch - TOSUNlux Official Site - Electrical Circuit Breaker Manufacturer in China Low Voltage Electrical Supplier | TOSUNlux\" \/>\n<meta property=\"og:description\" content=\"TSMQ8 Dual Power Automatic Changeover Switch Supplier - Wholesale direct from TOSUNlux, a trusted manufacturer since 1994. Get your B2B factory quote on our certified Low Voltage electrical products.\" \/>\n<meta property=\"og:url\" content=\"https:\/\/www.tosunlux.eu\/sq\/products\/tsmq8-dual-power-automatic-changeover-switch\/\" \/>\n<meta property=\"og:site_name\" content=\"TOSUNlux Official Site - Electrical Circuit Breaker Manufacturer in China\" \/>\n<meta property=\"article:publisher\" content=\"https:\/\/www.facebook.com\/TOSUNelectric\/\" \/>\n<meta property=\"article:modified_time\" content=\"2025-02-10T05:44:36+00:00\" \/>\n<meta property=\"og:image\" content=\"https:\/\/www.tosunlux.eu\/wp-content\/uploads\/2025\/02\/1-2-1024x348.jpg\" \/>\n<meta name=\"twitter:card\" content=\"summary_large_image\" \/>\n<meta name=\"twitter:label1\" content=\"Est. reading time\" \/>\n\t<meta name=\"twitter:data1\" content=\"2 minuta\" \/>\n<script type=\"application\/ld+json\" class=\"yoast-schema-graph\">{\"@context\":\"https:\\\/\\\/schema.org\",\"@graph\":[{\"@type\":\"WebPage\",\"@id\":\"https:\\\/\\\/www.tosunlux.eu\\\/ru\\\/products\\\/tsmq8-dual-power-automatic-changeover-switch\\\/\",\"url\":\"https:\\\/\\\/www.tosunlux.eu\\\/ru\\\/products\\\/tsmq8-dual-power-automatic-changeover-switch\\\/\",\"name\":\"WholesaleTSMQ8 Dual Power Automatic Changeover Switch - TOSUNlux Official Site - Electrical Circuit Breaker Manufacturer in China Low Voltage Electrical Supplier | TOSUNlux\",\"isPartOf\":{\"@id\":\"https:\\\/\\\/www.tosunlux.eu\\\/ru\\\/#website\"},\"primaryImageOfPage\":{\"@id\":\"https:\\\/\\\/www.tosunlux.eu\\\/ru\\\/products\\\/tsmq8-dual-power-automatic-changeover-switch\\\/#primaryimage\"},\"image\":{\"@id\":\"https:\\\/\\\/www.tosunlux.eu\\\/ru\\\/products\\\/tsmq8-dual-power-automatic-changeover-switch\\\/#primaryimage\"},\"thumbnailUrl\":\"https:\\\/\\\/www.tosunlux.eu\\\/wp-content\\\/uploads\\\/2025\\\/02\\\/1-2-1024x348.jpg\",\"datePublished\":\"2025-02-10T05:44:34+00:00\",\"dateModified\":\"2025-02-10T05:44:36+00:00\",\"description\":\"TSMQ8 Dual Power Automatic Changeover Switch Supplier - Wholesale direct from TOSUNlux, a trusted manufacturer since 1994. Get your B2B factory quote on our certified Low Voltage electrical products.\",\"breadcrumb\":{\"@id\":\"https:\\\/\\\/www.tosunlux.eu\\\/ru\\\/products\\\/tsmq8-dual-power-automatic-changeover-switch\\\/#breadcrumb\"},\"inLanguage\":\"sq\",\"potentialAction\":[{\"@type\":\"ReadAction\",\"target\":[\"https:\\\/\\\/www.tosunlux.eu\\\/ru\\\/products\\\/tsmq8-dual-power-automatic-changeover-switch\\\/\"]}]},{\"@type\":\"ImageObject\",\"inLanguage\":\"sq\",\"@id\":\"https:\\\/\\\/www.tosunlux.eu\\\/ru\\\/products\\\/tsmq8-dual-power-automatic-changeover-switch\\\/#primaryimage\",\"url\":\"https:\\\/\\\/www.tosunlux.eu\\\/wp-content\\\/uploads\\\/2025\\\/02\\\/1-2-1024x348.jpg\",\"contentUrl\":\"https:\\\/\\\/www.tosunlux.eu\\\/wp-content\\\/uploads\\\/2025\\\/02\\\/1-2-1024x348.jpg\"},{\"@type\":\"BreadcrumbList\",\"@id\":\"https:\\\/\\\/www.tosunlux.eu\\\/ru\\\/products\\\/tsmq8-dual-power-automatic-changeover-switch\\\/#breadcrumb\",\"itemListElement\":[{\"@type\":\"ListItem\",\"position\":1,\"name\":\"Home\",\"item\":\"https:\\\/\\\/www.tosunlux.eu\\\/ru\\\/\"},{\"@type\":\"ListItem\",\"position\":2,\"name\":\"Products\",\"item\":\"https:\\\/\\\/www.tosunlux.eu\\\/products\\\/\"},{\"@type\":\"ListItem\",\"position\":3,\"name\":\"TSMQ8 Dual Power Automatic Changeover Switch\"}]},{\"@type\":\"WebSite\",\"@id\":\"https:\\\/\\\/www.tosunlux.eu\\\/ru\\\/#website\",\"url\":\"https:\\\/\\\/www.tosunlux.eu\\\/ru\\\/\",\"name\":\"TOSUNlux Official Site - Electrical Circuit Breaker Manufacturer in China\",\"description\":\"Power Distribution System Supplier\",\"publisher\":{\"@id\":\"https:\\\/\\\/www.tosunlux.eu\\\/ru\\\/#organization\"},\"alternateName\":\"TOSUNlux\",\"potentialAction\":[{\"@type\":\"SearchAction\",\"target\":{\"@type\":\"EntryPoint\",\"urlTemplate\":\"https:\\\/\\\/www.tosunlux.eu\\\/ru\\\/?s={search_term_string}\"},\"query-input\":{\"@type\":\"PropertyValueSpecification\",\"valueRequired\":true,\"valueName\":\"search_term_string\"}}],\"inLanguage\":\"sq\"},{\"@type\":\"Organization\",\"@id\":\"https:\\\/\\\/www.tosunlux.eu\\\/ru\\\/#organization\",\"name\":\"TOSUNlux\",\"url\":\"https:\\\/\\\/www.tosunlux.eu\\\/ru\\\/\",\"logo\":{\"@type\":\"ImageObject\",\"inLanguage\":\"sq\",\"@id\":\"https:\\\/\\\/www.tosunlux.eu\\\/ru\\\/#\\\/schema\\\/logo\\\/image\\\/\",\"url\":\"https:\\\/\\\/www.tosunlux.eu\\\/wp-content\\\/uploads\\\/2022\\\/01\\\/LOGOSYSM.71762f1.png\",\"contentUrl\":\"https:\\\/\\\/www.tosunlux.eu\\\/wp-content\\\/uploads\\\/2022\\\/01\\\/LOGOSYSM.71762f1.png\",\"width\":153,\"height\":55,\"caption\":\"TOSUNlux\"},\"image\":{\"@id\":\"https:\\\/\\\/www.tosunlux.eu\\\/ru\\\/#\\\/schema\\\/logo\\\/image\\\/\"},\"sameAs\":[\"https:\\\/\\\/www.facebook.com\\\/TOSUNelectric\\\/\",\"https:\\\/\\\/www.linkedin.com\\\/company\\\/wenzhou-tosun-electric-co.-ltd\\\/\"]}]}<\/script>\n<!-- \/ Yoast SEO plugin. -->","yoast_head_json":{"title":"WholesaleTSMQ8 Dual Power Automatic Changeover Switch - TOSUNlux Official Site - Electrical Circuit Breaker Manufacturer in China Low Voltage Electrical Supplier | TOSUNlux","description":"TSMQ8 Dual Power Automatic Changeover Switch Supplier - Wholesale direct from TOSUNlux, a trusted manufacturer since 1994. Get your B2B factory quote on our certified Low Voltage electrical products.","robots":{"index":"index","follow":"follow","max-snippet":"max-snippet:-1","max-image-preview":"max-image-preview:large","max-video-preview":"max-video-preview:-1"},"canonical":"https:\/\/www.tosunlux.eu\/sq\/products\/tsmq8-dual-power-automatic-changeover-switch\/","og_locale":"sq_AL","og_type":"article","og_title":"WholesaleTSMQ8 Dual Power Automatic Changeover Switch - TOSUNlux Official Site - Electrical Circuit Breaker Manufacturer in China Low Voltage Electrical Supplier | TOSUNlux","og_description":"TSMQ8 Dual Power Automatic Changeover Switch Supplier - Wholesale direct from TOSUNlux, a trusted manufacturer since 1994. Get your B2B factory quote on our certified Low Voltage electrical products.","og_url":"https:\/\/www.tosunlux.eu\/sq\/products\/tsmq8-dual-power-automatic-changeover-switch\/","og_site_name":"TOSUNlux Official Site - Electrical Circuit Breaker Manufacturer in China","article_publisher":"https:\/\/www.facebook.com\/TOSUNelectric\/","article_modified_time":"2025-02-10T05:44:36+00:00","og_image":[{"url":"https:\/\/www.tosunlux.eu\/wp-content\/uploads\/2025\/02\/1-2-1024x348.jpg","type":"","width":"","height":""}],"twitter_card":"summary_large_image","twitter_misc":{"Est. reading time":"2 minuta"},"schema":{"@context":"https:\/\/schema.org","@graph":[{"@type":"WebPage","@id":"https:\/\/www.tosunlux.eu\/ru\/products\/tsmq8-dual-power-automatic-changeover-switch\/","url":"https:\/\/www.tosunlux.eu\/ru\/products\/tsmq8-dual-power-automatic-changeover-switch\/","name":"WholesaleTSMQ8 Dual Power Automatic Changeover Switch - TOSUNlux Official Site - Electrical Circuit Breaker Manufacturer in China Low Voltage Electrical Supplier | TOSUNlux","isPartOf":{"@id":"https:\/\/www.tosunlux.eu\/ru\/#website"},"primaryImageOfPage":{"@id":"https:\/\/www.tosunlux.eu\/ru\/products\/tsmq8-dual-power-automatic-changeover-switch\/#primaryimage"},"image":{"@id":"https:\/\/www.tosunlux.eu\/ru\/products\/tsmq8-dual-power-automatic-changeover-switch\/#primaryimage"},"thumbnailUrl":"https:\/\/www.tosunlux.eu\/wp-content\/uploads\/2025\/02\/1-2-1024x348.jpg","datePublished":"2025-02-10T05:44:34+00:00","dateModified":"2025-02-10T05:44:36+00:00","description":"TSMQ8 Dual Power Automatic Changeover Switch Supplier - Wholesale direct from TOSUNlux, a trusted manufacturer since 1994. Get your B2B factory quote on our certified Low Voltage electrical products.","breadcrumb":{"@id":"https:\/\/www.tosunlux.eu\/ru\/products\/tsmq8-dual-power-automatic-changeover-switch\/#breadcrumb"},"inLanguage":"sq","potentialAction":[{"@type":"ReadAction","target":["https:\/\/www.tosunlux.eu\/ru\/products\/tsmq8-dual-power-automatic-changeover-switch\/"]}]},{"@type":"ImageObject","inLanguage":"sq","@id":"https:\/\/www.tosunlux.eu\/ru\/products\/tsmq8-dual-power-automatic-changeover-switch\/#primaryimage","url":"https:\/\/www.tosunlux.eu\/wp-content\/uploads\/2025\/02\/1-2-1024x348.jpg","contentUrl":"https:\/\/www.tosunlux.eu\/wp-content\/uploads\/2025\/02\/1-2-1024x348.jpg"},{"@type":"BreadcrumbList","@id":"https:\/\/www.tosunlux.eu\/ru\/products\/tsmq8-dual-power-automatic-changeover-switch\/#breadcrumb","itemListElement":[{"@type":"ListItem","position":1,"name":"Home","item":"https:\/\/www.tosunlux.eu\/ru\/"},{"@type":"ListItem","position":2,"name":"Products","item":"https:\/\/www.tosunlux.eu\/products\/"},{"@type":"ListItem","position":3,"name":"TSMQ8 Dual Power Automatic Changeover Switch"}]},{"@type":"WebSite","@id":"https:\/\/www.tosunlux.eu\/ru\/#website","url":"https:\/\/www.tosunlux.eu\/ru\/","name":"Faqja zyrtare e TOSUNlux - Prodhuesi i nd\u00ebrprer\u00ebsve t\u00eb qarkut elektrik n\u00eb Kin\u00eb","description":"Furnizuesi i Sistemit t\u00eb Shp\u00ebrndarjes s\u00eb Energjis\u00eb","publisher":{"@id":"https:\/\/www.tosunlux.eu\/ru\/#organization"},"alternateName":"TOSUNlux","potentialAction":[{"@type":"SearchAction","target":{"@type":"EntryPoint","urlTemplate":"https:\/\/www.tosunlux.eu\/ru\/?s={search_term_string}"},"query-input":{"@type":"PropertyValueSpecification","valueRequired":true,"valueName":"search_term_string"}}],"inLanguage":"sq"},{"@type":"Organization","@id":"https:\/\/www.tosunlux.eu\/ru\/#organization","name":"TOSUNlux","url":"https:\/\/www.tosunlux.eu\/ru\/","logo":{"@type":"ImageObject","inLanguage":"sq","@id":"https:\/\/www.tosunlux.eu\/ru\/#\/schema\/logo\/image\/","url":"https:\/\/www.tosunlux.eu\/wp-content\/uploads\/2022\/01\/LOGOSYSM.71762f1.png","contentUrl":"https:\/\/www.tosunlux.eu\/wp-content\/uploads\/2022\/01\/LOGOSYSM.71762f1.png","width":153,"height":55,"caption":"TOSUNlux"},"image":{"@id":"https:\/\/www.tosunlux.eu\/ru\/#\/schema\/logo\/image\/"},"sameAs":["https:\/\/www.facebook.com\/TOSUNelectric\/","https:\/\/www.linkedin.com\/company\/wenzhou-tosun-electric-co.-ltd\/"]}]}},"_links":{"self":[{"href":"https:\/\/www.tosunlux.eu\/sq\/wp-json\/wp\/v2\/product\/12512","targetHints":{"allow":["GET"]}}],"collection":[{"href":"https:\/\/www.tosunlux.eu\/sq\/wp-json\/wp\/v2\/product"}],"about":[{"href":"https:\/\/www.tosunlux.eu\/sq\/wp-json\/wp\/v2\/types\/product"}],"version-history":[{"count":2,"href":"https:\/\/www.tosunlux.eu\/sq\/wp-json\/wp\/v2\/product\/12512\/revisions"}],"predecessor-version":[{"id":12518,"href":"https:\/\/www.tosunlux.eu\/sq\/wp-json\/wp\/v2\/product\/12512\/revisions\/12518"}],"wp:attachment":[{"href":"https:\/\/www.tosunlux.eu\/sq\/wp-json\/wp\/v2\/media?parent=12512"}],"wp:term":[{"taxonomy":"product_category","embeddable":true,"href":"https:\/\/www.tosunlux.eu\/sq\/wp-json\/wp\/v2\/product_category?post=12512"}],"curies":[{"name":"wp","href":"https:\/\/api.w.org\/{rel}","templated":true}]}}