{"id":12557,"date":"2025-02-13T15:05:13","date_gmt":"2025-02-13T07:05:13","guid":{"rendered":"https:\/\/www.tosunlux.eu\/?post_type=product&#038;p=12557"},"modified":"2025-02-13T15:05:18","modified_gmt":"2025-02-13T07:05:18","slug":"off-grid-solar-inverter-1000w-1500w","status":"publish","type":"product","link":"https:\/\/www.tosunlux.eu\/sq\/products\/off-grid-solar-inverter-1000w-1500w\/","title":{"rendered":"Inverter diellor OFF Grid 1000W &amp; 1500W"},"content":{"rendered":"<figure class=\"wp-block-image size-large is-resized\"><img fetchpriority=\"high\" decoding=\"async\" src=\"https:\/\/www.tosunlux.eu\/wp-content\/uploads\/2025\/02\/3-1024x495.jpg\" alt=\"\" class=\"wp-image-12559\" width=\"768\" height=\"371\" srcset=\"https:\/\/www.tosunlux.eu\/wp-content\/uploads\/2025\/02\/3-1024x495.jpg 1024w, https:\/\/www.tosunlux.eu\/wp-content\/uploads\/2025\/02\/3-300x145.jpg 300w, https:\/\/www.tosunlux.eu\/wp-content\/uploads\/2025\/02\/3-768x371.jpg 768w, https:\/\/www.tosunlux.eu\/wp-content\/uploads\/2025\/02\/3-1536x742.jpg 1536w, https:\/\/www.tosunlux.eu\/wp-content\/uploads\/2025\/02\/3-2048x990.jpg 2048w, https:\/\/www.tosunlux.eu\/wp-content\/uploads\/2025\/02\/3-18x9.jpg 18w\" sizes=\"(max-width: 768px) 100vw, 768px\" \/><\/figure>\n\n\n\n<figure class=\"wp-block-image size-full is-resized\"><img decoding=\"async\" src=\"https:\/\/www.tosunlux.eu\/wp-content\/uploads\/2025\/02\/2-4.jpg\" alt=\"\" class=\"wp-image-12560\" width=\"172\" height=\"115\" srcset=\"https:\/\/www.tosunlux.eu\/wp-content\/uploads\/2025\/02\/2-4.jpg 687w, https:\/\/www.tosunlux.eu\/wp-content\/uploads\/2025\/02\/2-4-300x200.jpg 300w, https:\/\/www.tosunlux.eu\/wp-content\/uploads\/2025\/02\/2-4-18x12.jpg 18w\" sizes=\"(max-width: 172px) 100vw, 172px\" \/><\/figure>\n\n\n\n<p><strong>Aplikimi<\/strong><\/p>\n\n\n\n<ul class=\"wp-block-list\"><li>Solarinverter i past\u00ebr me val\u00eb sinus<\/li><li>Karikues diellor i integruar 40A MPPT<\/li><li>Gama e tensionit t\u00eb hyrjes PV 20~150VDC (p\u00ebr 1000W),<\/li><li>30 ~ 150 VDC (p\u00ebr 1500 W)<\/li><li>Kompleti i integruar kund\u00ebr pluhurit p\u00ebr mjedis t\u00eb ashp\u00ebr<\/li><li>Dizajn i zgjuar i ngarkimit t\u00eb bateris\u00eb p\u00ebr t\u00eb optimizuar jet\u00ebgjat\u00ebsin\u00eb e bateris\u00eb<\/li><li>Plot\u00ebsoni k\u00ebrkesat e personalizuara<\/li><li>Energjia diellore i jepet drejtp\u00ebrdrejt ngarkes\u00ebs s\u00eb pari<\/li><\/ul>\n\n\n\n<p><strong>Specifikimi<\/strong><\/p>\n\n\n<table style=\"height: 981px;\" width=\"888\">\n<tbody>\n<tr>\n<td width=\"273\">Model<\/td>\n<td style=\"text-align: center;\" width=\"236\">TSIF1-1000W<\/td>\n<td style=\"text-align: center;\" width=\"236\">TSIF1-1500W<\/td>\n<\/tr>\n<tr>\n<td width=\"273\">Fuqia e vler\u00ebsuar<\/td>\n<td style=\"text-align: center;\" width=\"236\">1000VA\/1000W<\/td>\n<td style=\"text-align: center;\" width=\"236\">1500VA\/1500W<\/td>\n<\/tr>\n<tr>\n<td width=\"273\">Faza<\/td>\n<td style=\"text-align: center;\" colspan=\"2\" width=\"472\">Nj\u00ebfazore<\/td>\n<\/tr>\n<tr>\n<td width=\"273\">Tensioni<\/td>\n<td style=\"text-align: center;\" colspan=\"2\" width=\"472\">230 VAC<\/td>\n<\/tr>\n<tr>\n<td rowspan=\"2\" width=\"273\">Gama e tensionit t\u00eb zgjedhur<\/td>\n<td style=\"text-align: center;\" colspan=\"2\" width=\"472\">170 ~ 280 VAC (P\u00ebr kompjuter\u00eb personal\u00eb)<\/td>\n<\/tr>\n<tr>\n<td style=\"text-align: center;\" colspan=\"2\" width=\"472\">90 ~ 280 VAC (P\u00ebr pajisjet sht\u00ebpiake)<\/td>\n<\/tr>\n<tr>\n<td width=\"273\">Gama e frekuenc\u00ebs<\/td>\n<td style=\"text-align: center;\" colspan=\"2\" width=\"472\">50 Hz \/ 60 Hz (Ndjeshm\u00ebri automatike)<\/td>\n<\/tr>\n<tr>\n<td colspan=\"3\" width=\"745\">Dalja AC<\/td>\n<\/tr>\n<tr>\n<td width=\"273\">Rregullimi i tensionit AC<\/td>\n<td style=\"text-align: center;\" colspan=\"2\" width=\"472\">230VAC\u00b15%<\/td>\n<\/tr>\n<tr>\n<td width=\"273\">Fuqia e rritjes<\/td>\n<td style=\"text-align: center;\" width=\"236\">2000VA<\/td>\n<td style=\"text-align: center;\" width=\"236\">3000 VA<\/td>\n<\/tr>\n<tr>\n<td width=\"273\">Efikasiteti (Kulmi) PV n\u00eb INV<\/td>\n<td style=\"text-align: center;\" colspan=\"2\" width=\"472\">98%<\/td>\n<\/tr>\n<tr>\n<td width=\"273\">Efikasiteti (Kulmi) Bateria n\u00eb INV<\/td>\n<td style=\"text-align: center;\" colspan=\"2\" width=\"472\">94%<\/td>\n<\/tr>\n<tr>\n<td width=\"273\">Koha e transferimit<\/td>\n<td style=\"text-align: center;\" colspan=\"2\" width=\"472\">10 ms<\/td>\n<\/tr>\n<tr>\n<td colspan=\"3\" width=\"745\">Bateria<\/td>\n<\/tr>\n<tr>\n<td width=\"273\">Tensioni i bateris\u00eb<\/td>\n<td style=\"text-align: center;\" width=\"236\">12 VDC<\/td>\n<td style=\"text-align: center;\" width=\"236\">24 VDC<\/td>\n<\/tr>\n<tr>\n<td width=\"273\">Tensioni i ngarkimit lundrues<\/td>\n<td style=\"text-align: center;\" width=\"236\">13. 5VDC<\/td>\n<td style=\"text-align: center;\" width=\"236\">27 VDC<\/td>\n<\/tr>\n<tr>\n<td width=\"273\">Mbrojtja nga mbingarkesa<\/td>\n<td style=\"text-align: center;\" width=\"236\">16 VDC<\/td>\n<td style=\"text-align: center;\" width=\"236\">32 VDC<\/td>\n<\/tr>\n<tr>\n<td colspan=\"3\" width=\"745\">Karikues diellor dhe karikues AC<\/td>\n<\/tr>\n<tr>\n<td width=\"273\">Lloji i ngarkuesit diellor<\/td>\n<td style=\"text-align: center;\" colspan=\"2\" width=\"472\">MPPT<\/td>\n<\/tr>\n<tr>\n<td style=\"text-align: left;\" width=\"273\">Fuqia maksimale PVArrey<\/td>\n<td style=\"text-align: center;\" width=\"236\">600 W<\/td>\n<td style=\"text-align: center;\" width=\"236\">1200 W<\/td>\n<\/tr>\n<tr>\n<td width=\"273\">Gama e tensionit MPPT<\/td>\n<td style=\"text-align: center;\" width=\"236\">20 ~ 150 VDC<\/td>\n<td style=\"text-align: center;\" width=\"236\">30 ~ 150 VDC<\/td>\n<\/tr>\n<tr>\n<td width=\"273\">Maksimumi i tensionit diellor n\u00eb qark t\u00eb hapur PVArrey<\/td>\n<td style=\"text-align: center;\" colspan=\"2\" width=\"472\">150 VDC<\/td>\n<\/tr>\n<tr>\n<td width=\"273\">Rryma maksimale e karikimit diellor<\/td>\n<td style=\"text-align: center;\" colspan=\"2\" width=\"472\">40 A<\/td>\n<\/tr>\n<tr>\n<td width=\"273\">Rryma maksimale e karikimit AC<\/td>\n<td style=\"text-align: center;\" colspan=\"2\" width=\"472\">40 A<\/td>\n<\/tr>\n<tr>\n<td width=\"273\">Rryma maksimale e karikimit Solar+AC<\/td>\n<td style=\"text-align: center;\" colspan=\"2\" width=\"472\">80 A<\/td>\n<\/tr>\n<tr>\n<td colspan=\"3\" width=\"745\">Fizike<\/td>\n<\/tr>\n<tr>\n<td width=\"273\">Dimensioni, D*P*H (mm)<\/td>\n<td style=\"text-align: center;\" colspan=\"2\" width=\"472\">290*240*91<\/td>\n<\/tr>\n<tr>\n<td width=\"273\">Pesha neto (kg)<\/td>\n<td style=\"text-align: center;\" width=\"236\">3.5\u00a0<\/td>\n<td style=\"text-align: center;\" width=\"236\">3.6\u00a0<\/td>\n<\/tr>\n<tr>\n<td width=\"273\">Pesha bruto (kg)<\/td>\n<td style=\"text-align: center;\" width=\"236\">4.0\u00a0<\/td>\n<td style=\"text-align: center;\" width=\"236\">4.2\u00a0<\/td>\n<\/tr>\n<tr>\n<td colspan=\"3\" width=\"745\">Mjedisi<\/td>\n<\/tr>\n<tr>\n<td width=\"273\">Lag\u00ebshtia<\/td>\n<td style=\"text-align: center;\" colspan=\"2\" width=\"472\">Lag\u00ebshtia relative 5% deri 95% (jo kondensuese)<\/td>\n<\/tr>\n<tr>\n<td width=\"273\">Temperatura e funksionimit<\/td>\n<td style=\"text-align: center;\" colspan=\"2\" width=\"472\">-10\u2103 ~ 50\u2103<\/td>\n<\/tr>\n<\/tbody>\n<\/table>","protected":false},"parent":0,"template":"","product_category":[37,218],"class_list":["post-12557","product","type-product","status-publish","hentry","product_category-new-energy-instruments","product_category-grid-solar-inverter"],"yoast_head":"<!-- This site is optimized with the Yoast SEO plugin v27.3 - https:\/\/yoast.com\/product\/yoast-seo-wordpress\/ -->\n<title>WholesaleOFF Grid Solar Inverter 1000W &amp; 1500W - TOSUNlux Official Site - Electrical Circuit Breaker Manufacturer in China Low Voltage Electrical Supplier | TOSUNlux<\/title>\n<meta name=\"description\" content=\"OFF Grid Solar Inverter 1000W &amp; 1500W Supplier - Wholesale direct from TOSUNlux, a trusted manufacturer since 1994. Get your B2B factory quote on our certified Low Voltage electrical products.\" \/>\n<meta name=\"robots\" content=\"index, follow, max-snippet:-1, max-image-preview:large, max-video-preview:-1\" \/>\n<link rel=\"canonical\" href=\"https:\/\/www.tosunlux.eu\/sq\/products\/off-grid-solar-inverter-1000w-1500w\/\" \/>\n<meta property=\"og:locale\" content=\"sq_AL\" \/>\n<meta property=\"og:type\" content=\"article\" \/>\n<meta property=\"og:title\" content=\"WholesaleOFF Grid Solar Inverter 1000W &amp; 1500W - TOSUNlux Official Site - Electrical Circuit Breaker Manufacturer in China Low Voltage Electrical Supplier | TOSUNlux\" \/>\n<meta property=\"og:description\" content=\"OFF Grid Solar Inverter 1000W &amp; 1500W Supplier - Wholesale direct from TOSUNlux, a trusted manufacturer since 1994. Get your B2B factory quote on our certified Low Voltage electrical products.\" \/>\n<meta property=\"og:url\" content=\"https:\/\/www.tosunlux.eu\/sq\/products\/off-grid-solar-inverter-1000w-1500w\/\" \/>\n<meta property=\"og:site_name\" content=\"TOSUNlux Official Site - Electrical Circuit Breaker Manufacturer in China\" \/>\n<meta property=\"article:publisher\" content=\"https:\/\/www.facebook.com\/TOSUNelectric\/\" \/>\n<meta property=\"article:modified_time\" content=\"2025-02-13T07:05:18+00:00\" \/>\n<meta property=\"og:image\" content=\"https:\/\/www.tosunlux.eu\/wp-content\/uploads\/2025\/02\/3-1024x495.jpg\" \/>\n<meta name=\"twitter:card\" content=\"summary_large_image\" \/>\n<meta name=\"twitter:label1\" content=\"Est. reading time\" \/>\n\t<meta name=\"twitter:data1\" content=\"2 minuta\" \/>\n<script type=\"application\/ld+json\" class=\"yoast-schema-graph\">{\"@context\":\"https:\\\/\\\/schema.org\",\"@graph\":[{\"@type\":\"WebPage\",\"@id\":\"https:\\\/\\\/www.tosunlux.eu\\\/pt\\\/products\\\/off-grid-solar-inverter-1000w-1500w\\\/\",\"url\":\"https:\\\/\\\/www.tosunlux.eu\\\/pt\\\/products\\\/off-grid-solar-inverter-1000w-1500w\\\/\",\"name\":\"WholesaleOFF Grid Solar Inverter 1000W & 1500W - TOSUNlux Official Site - Electrical Circuit Breaker Manufacturer in China Low Voltage Electrical Supplier | TOSUNlux\",\"isPartOf\":{\"@id\":\"https:\\\/\\\/www.tosunlux.eu\\\/ru\\\/#website\"},\"primaryImageOfPage\":{\"@id\":\"https:\\\/\\\/www.tosunlux.eu\\\/pt\\\/products\\\/off-grid-solar-inverter-1000w-1500w\\\/#primaryimage\"},\"image\":{\"@id\":\"https:\\\/\\\/www.tosunlux.eu\\\/pt\\\/products\\\/off-grid-solar-inverter-1000w-1500w\\\/#primaryimage\"},\"thumbnailUrl\":\"https:\\\/\\\/www.tosunlux.eu\\\/wp-content\\\/uploads\\\/2025\\\/02\\\/3-1024x495.jpg\",\"datePublished\":\"2025-02-13T07:05:13+00:00\",\"dateModified\":\"2025-02-13T07:05:18+00:00\",\"description\":\"OFF Grid Solar Inverter 1000W & 1500W Supplier - Wholesale direct from TOSUNlux, a trusted manufacturer since 1994. Get your B2B factory quote on our certified Low Voltage electrical products.\",\"breadcrumb\":{\"@id\":\"https:\\\/\\\/www.tosunlux.eu\\\/pt\\\/products\\\/off-grid-solar-inverter-1000w-1500w\\\/#breadcrumb\"},\"inLanguage\":\"sq\",\"potentialAction\":[{\"@type\":\"ReadAction\",\"target\":[\"https:\\\/\\\/www.tosunlux.eu\\\/pt\\\/products\\\/off-grid-solar-inverter-1000w-1500w\\\/\"]}]},{\"@type\":\"ImageObject\",\"inLanguage\":\"sq\",\"@id\":\"https:\\\/\\\/www.tosunlux.eu\\\/pt\\\/products\\\/off-grid-solar-inverter-1000w-1500w\\\/#primaryimage\",\"url\":\"https:\\\/\\\/www.tosunlux.eu\\\/wp-content\\\/uploads\\\/2025\\\/02\\\/3-1024x495.jpg\",\"contentUrl\":\"https:\\\/\\\/www.tosunlux.eu\\\/wp-content\\\/uploads\\\/2025\\\/02\\\/3-1024x495.jpg\"},{\"@type\":\"BreadcrumbList\",\"@id\":\"https:\\\/\\\/www.tosunlux.eu\\\/pt\\\/products\\\/off-grid-solar-inverter-1000w-1500w\\\/#breadcrumb\",\"itemListElement\":[{\"@type\":\"ListItem\",\"position\":1,\"name\":\"Home\",\"item\":\"https:\\\/\\\/www.tosunlux.eu\\\/ru\\\/\"},{\"@type\":\"ListItem\",\"position\":2,\"name\":\"Products\",\"item\":\"https:\\\/\\\/www.tosunlux.eu\\\/products\\\/\"},{\"@type\":\"ListItem\",\"position\":3,\"name\":\"OFF Grid Solar Inverter 1000W &#038; 1500W\"}]},{\"@type\":\"WebSite\",\"@id\":\"https:\\\/\\\/www.tosunlux.eu\\\/ru\\\/#website\",\"url\":\"https:\\\/\\\/www.tosunlux.eu\\\/ru\\\/\",\"name\":\"TOSUNlux Official Site - Electrical Circuit Breaker Manufacturer in China\",\"description\":\"Power Distribution System Supplier\",\"publisher\":{\"@id\":\"https:\\\/\\\/www.tosunlux.eu\\\/ru\\\/#organization\"},\"alternateName\":\"TOSUNlux\",\"potentialAction\":[{\"@type\":\"SearchAction\",\"target\":{\"@type\":\"EntryPoint\",\"urlTemplate\":\"https:\\\/\\\/www.tosunlux.eu\\\/ru\\\/?s={search_term_string}\"},\"query-input\":{\"@type\":\"PropertyValueSpecification\",\"valueRequired\":true,\"valueName\":\"search_term_string\"}}],\"inLanguage\":\"sq\"},{\"@type\":\"Organization\",\"@id\":\"https:\\\/\\\/www.tosunlux.eu\\\/ru\\\/#organization\",\"name\":\"TOSUNlux\",\"url\":\"https:\\\/\\\/www.tosunlux.eu\\\/ru\\\/\",\"logo\":{\"@type\":\"ImageObject\",\"inLanguage\":\"sq\",\"@id\":\"https:\\\/\\\/www.tosunlux.eu\\\/ru\\\/#\\\/schema\\\/logo\\\/image\\\/\",\"url\":\"https:\\\/\\\/www.tosunlux.eu\\\/wp-content\\\/uploads\\\/2022\\\/01\\\/LOGOSYSM.71762f1.png\",\"contentUrl\":\"https:\\\/\\\/www.tosunlux.eu\\\/wp-content\\\/uploads\\\/2022\\\/01\\\/LOGOSYSM.71762f1.png\",\"width\":153,\"height\":55,\"caption\":\"TOSUNlux\"},\"image\":{\"@id\":\"https:\\\/\\\/www.tosunlux.eu\\\/ru\\\/#\\\/schema\\\/logo\\\/image\\\/\"},\"sameAs\":[\"https:\\\/\\\/www.facebook.com\\\/TOSUNelectric\\\/\",\"https:\\\/\\\/www.linkedin.com\\\/company\\\/wenzhou-tosun-electric-co.-ltd\\\/\"]}]}<\/script>\n<!-- \/ Yoast SEO plugin. -->","yoast_head_json":{"title":"WholesaleOFF Grid Solar Inverter 1000W & 1500W - TOSUNlux Official Site - Electrical Circuit Breaker Manufacturer in China Low Voltage Electrical Supplier | TOSUNlux","description":"OFF Grid Solar Inverter 1000W & 1500W Supplier - Wholesale direct from TOSUNlux, a trusted manufacturer since 1994. Get your B2B factory quote on our certified Low Voltage electrical products.","robots":{"index":"index","follow":"follow","max-snippet":"max-snippet:-1","max-image-preview":"max-image-preview:large","max-video-preview":"max-video-preview:-1"},"canonical":"https:\/\/www.tosunlux.eu\/sq\/products\/off-grid-solar-inverter-1000w-1500w\/","og_locale":"sq_AL","og_type":"article","og_title":"WholesaleOFF Grid Solar Inverter 1000W & 1500W - TOSUNlux Official Site - Electrical Circuit Breaker Manufacturer in China Low Voltage Electrical Supplier | TOSUNlux","og_description":"OFF Grid Solar Inverter 1000W & 1500W Supplier - Wholesale direct from TOSUNlux, a trusted manufacturer since 1994. Get your B2B factory quote on our certified Low Voltage electrical products.","og_url":"https:\/\/www.tosunlux.eu\/sq\/products\/off-grid-solar-inverter-1000w-1500w\/","og_site_name":"TOSUNlux Official Site - Electrical Circuit Breaker Manufacturer in China","article_publisher":"https:\/\/www.facebook.com\/TOSUNelectric\/","article_modified_time":"2025-02-13T07:05:18+00:00","og_image":[{"url":"https:\/\/www.tosunlux.eu\/wp-content\/uploads\/2025\/02\/3-1024x495.jpg","type":"","width":"","height":""}],"twitter_card":"summary_large_image","twitter_misc":{"Est. reading time":"2 minuta"},"schema":{"@context":"https:\/\/schema.org","@graph":[{"@type":"WebPage","@id":"https:\/\/www.tosunlux.eu\/pt\/products\/off-grid-solar-inverter-1000w-1500w\/","url":"https:\/\/www.tosunlux.eu\/pt\/products\/off-grid-solar-inverter-1000w-1500w\/","name":"WholesaleOFF Grid Solar Inverter 1000W & 1500W - TOSUNlux Official Site - Electrical Circuit Breaker Manufacturer in China Low Voltage Electrical Supplier | TOSUNlux","isPartOf":{"@id":"https:\/\/www.tosunlux.eu\/ru\/#website"},"primaryImageOfPage":{"@id":"https:\/\/www.tosunlux.eu\/pt\/products\/off-grid-solar-inverter-1000w-1500w\/#primaryimage"},"image":{"@id":"https:\/\/www.tosunlux.eu\/pt\/products\/off-grid-solar-inverter-1000w-1500w\/#primaryimage"},"thumbnailUrl":"https:\/\/www.tosunlux.eu\/wp-content\/uploads\/2025\/02\/3-1024x495.jpg","datePublished":"2025-02-13T07:05:13+00:00","dateModified":"2025-02-13T07:05:18+00:00","description":"OFF Grid Solar Inverter 1000W & 1500W Supplier - Wholesale direct from TOSUNlux, a trusted manufacturer since 1994. Get your B2B factory quote on our certified Low Voltage electrical products.","breadcrumb":{"@id":"https:\/\/www.tosunlux.eu\/pt\/products\/off-grid-solar-inverter-1000w-1500w\/#breadcrumb"},"inLanguage":"sq","potentialAction":[{"@type":"ReadAction","target":["https:\/\/www.tosunlux.eu\/pt\/products\/off-grid-solar-inverter-1000w-1500w\/"]}]},{"@type":"ImageObject","inLanguage":"sq","@id":"https:\/\/www.tosunlux.eu\/pt\/products\/off-grid-solar-inverter-1000w-1500w\/#primaryimage","url":"https:\/\/www.tosunlux.eu\/wp-content\/uploads\/2025\/02\/3-1024x495.jpg","contentUrl":"https:\/\/www.tosunlux.eu\/wp-content\/uploads\/2025\/02\/3-1024x495.jpg"},{"@type":"BreadcrumbList","@id":"https:\/\/www.tosunlux.eu\/pt\/products\/off-grid-solar-inverter-1000w-1500w\/#breadcrumb","itemListElement":[{"@type":"ListItem","position":1,"name":"Home","item":"https:\/\/www.tosunlux.eu\/ru\/"},{"@type":"ListItem","position":2,"name":"Products","item":"https:\/\/www.tosunlux.eu\/products\/"},{"@type":"ListItem","position":3,"name":"OFF Grid Solar Inverter 1000W &#038; 1500W"}]},{"@type":"WebSite","@id":"https:\/\/www.tosunlux.eu\/ru\/#website","url":"https:\/\/www.tosunlux.eu\/ru\/","name":"Faqja zyrtare e TOSUNlux - Prodhuesi i nd\u00ebrprer\u00ebsve t\u00eb qarkut elektrik n\u00eb Kin\u00eb","description":"Furnizuesi i Sistemit t\u00eb Shp\u00ebrndarjes s\u00eb Energjis\u00eb","publisher":{"@id":"https:\/\/www.tosunlux.eu\/ru\/#organization"},"alternateName":"TOSUNlux","potentialAction":[{"@type":"SearchAction","target":{"@type":"EntryPoint","urlTemplate":"https:\/\/www.tosunlux.eu\/ru\/?s={search_term_string}"},"query-input":{"@type":"PropertyValueSpecification","valueRequired":true,"valueName":"search_term_string"}}],"inLanguage":"sq"},{"@type":"Organization","@id":"https:\/\/www.tosunlux.eu\/ru\/#organization","name":"TOSUNlux","url":"https:\/\/www.tosunlux.eu\/ru\/","logo":{"@type":"ImageObject","inLanguage":"sq","@id":"https:\/\/www.tosunlux.eu\/ru\/#\/schema\/logo\/image\/","url":"https:\/\/www.tosunlux.eu\/wp-content\/uploads\/2022\/01\/LOGOSYSM.71762f1.png","contentUrl":"https:\/\/www.tosunlux.eu\/wp-content\/uploads\/2022\/01\/LOGOSYSM.71762f1.png","width":153,"height":55,"caption":"TOSUNlux"},"image":{"@id":"https:\/\/www.tosunlux.eu\/ru\/#\/schema\/logo\/image\/"},"sameAs":["https:\/\/www.facebook.com\/TOSUNelectric\/","https:\/\/www.linkedin.com\/company\/wenzhou-tosun-electric-co.-ltd\/"]}]}},"_links":{"self":[{"href":"https:\/\/www.tosunlux.eu\/sq\/wp-json\/wp\/v2\/product\/12557","targetHints":{"allow":["GET"]}}],"collection":[{"href":"https:\/\/www.tosunlux.eu\/sq\/wp-json\/wp\/v2\/product"}],"about":[{"href":"https:\/\/www.tosunlux.eu\/sq\/wp-json\/wp\/v2\/types\/product"}],"version-history":[{"count":1,"href":"https:\/\/www.tosunlux.eu\/sq\/wp-json\/wp\/v2\/product\/12557\/revisions"}],"predecessor-version":[{"id":12563,"href":"https:\/\/www.tosunlux.eu\/sq\/wp-json\/wp\/v2\/product\/12557\/revisions\/12563"}],"wp:attachment":[{"href":"https:\/\/www.tosunlux.eu\/sq\/wp-json\/wp\/v2\/media?parent=12557"}],"wp:term":[{"taxonomy":"product_category","embeddable":true,"href":"https:\/\/www.tosunlux.eu\/sq\/wp-json\/wp\/v2\/product_category?post=12557"}],"curies":[{"name":"wp","href":"https:\/\/api.w.org\/{rel}","templated":true}]}}