{"id":12564,"date":"2025-02-13T15:15:23","date_gmt":"2025-02-13T07:15:23","guid":{"rendered":"https:\/\/www.tosunlux.eu\/?post_type=product&#038;p=12564"},"modified":"2025-02-13T15:40:18","modified_gmt":"2025-02-13T07:40:18","slug":"off-grid-solar-inverter","status":"publish","type":"product","link":"https:\/\/www.tosunlux.eu\/sq\/products\/off-grid-solar-inverter\/","title":{"rendered":"Inverter diellor OFF Grid 1800W &amp; 3000W"},"content":{"rendered":"<figure class=\"wp-block-image size-large is-resized\"><img fetchpriority=\"high\" decoding=\"async\" src=\"https:\/\/www.tosunlux.eu\/wp-content\/uploads\/2025\/02\/3-1-1024x495.jpg\" alt=\"\" class=\"wp-image-12566\" width=\"768\" height=\"371\" srcset=\"https:\/\/www.tosunlux.eu\/wp-content\/uploads\/2025\/02\/3-1-1024x495.jpg 1024w, https:\/\/www.tosunlux.eu\/wp-content\/uploads\/2025\/02\/3-1-300x145.jpg 300w, https:\/\/www.tosunlux.eu\/wp-content\/uploads\/2025\/02\/3-1-768x371.jpg 768w, https:\/\/www.tosunlux.eu\/wp-content\/uploads\/2025\/02\/3-1-1536x742.jpg 1536w, https:\/\/www.tosunlux.eu\/wp-content\/uploads\/2025\/02\/3-1-2048x990.jpg 2048w, https:\/\/www.tosunlux.eu\/wp-content\/uploads\/2025\/02\/3-1-18x9.jpg 18w\" sizes=\"(max-width: 768px) 100vw, 768px\" \/><\/figure>\n\n\n\n<figure class=\"wp-block-image size-large is-resized\"><img decoding=\"async\" src=\"https:\/\/www.tosunlux.eu\/wp-content\/uploads\/2025\/02\/2-5-1024x94.jpg\" alt=\"\" class=\"wp-image-12567\" width=\"768\" height=\"71\" srcset=\"https:\/\/www.tosunlux.eu\/wp-content\/uploads\/2025\/02\/2-5-1024x94.jpg 1024w, https:\/\/www.tosunlux.eu\/wp-content\/uploads\/2025\/02\/2-5-300x28.jpg 300w, https:\/\/www.tosunlux.eu\/wp-content\/uploads\/2025\/02\/2-5-768x71.jpg 768w, https:\/\/www.tosunlux.eu\/wp-content\/uploads\/2025\/02\/2-5-1536x142.jpg 1536w, https:\/\/www.tosunlux.eu\/wp-content\/uploads\/2025\/02\/2-5-18x2.jpg 18w, https:\/\/www.tosunlux.eu\/wp-content\/uploads\/2025\/02\/2-5.jpg 1789w\" sizes=\"(max-width: 768px) 100vw, 768px\" \/><\/figure>\n\n\n\n<p><strong>Aplikimi<\/strong><\/p>\n\n\n\n<ul class=\"wp-block-list\"><li>Inverter i past\u00ebr i val\u00ebve sinus<\/li><li>Prioritet i programuesh\u00ebm i furnizimit p\u00ebr PV, bateri ose rrjet<\/li><li>Gama e tensionit t\u00eb hyrjes s\u00eb lart\u00eb PV (55~450VDC)<\/li><li>Ngarkesa diellore MPPT e integruar Max 60A (3.8KW&amp;6.2KW)<\/li><li>P\u00ebrputhet me baterin\u00eb litium-jon<\/li><li>Mb\u00ebshtet komunikimin BMS me bateri litium<\/li><li>Dizajn i zgjuar i ngarkimit t\u00eb bateris\u00eb p\u00ebr t\u00eb optimizuar jet\u00ebgjat\u00ebsin\u00eb e bateris\u00eb<\/li><li>Mbingarkesa, temperatura e lart\u00eb, prodhimi i inverterit i shkurt\u00ebr<\/li><li>mbrojtja e qarkut<\/li><li>Funksioni i fillimit t\u00eb ftoht\u00eb<\/li><li>Rregullim inteligjent i shpejt\u00ebsis\u00eb s\u00eb ventilatorit<\/li><li>Kompleti i integruar kund\u00ebr muzgut p\u00ebr mjedis t\u00eb ashp\u00ebr (opsionale)<\/li><li>Wi-Fi dhe GPRS disponohen p\u00ebr IOS dhe Android<\/li><\/ul>\n\n\n\n<p><strong>Lidhja e Sistemit Diellor<\/strong><\/p>\n\n\n\n<figure class=\"wp-block-image size-large is-resized\"><img decoding=\"async\" src=\"https:\/\/www.tosunlux.eu\/wp-content\/uploads\/2025\/02\/4-1024x356.jpg\" alt=\"\" class=\"wp-image-12568\" width=\"768\" height=\"267\" srcset=\"https:\/\/www.tosunlux.eu\/wp-content\/uploads\/2025\/02\/4-1024x356.jpg 1024w, https:\/\/www.tosunlux.eu\/wp-content\/uploads\/2025\/02\/4-300x104.jpg 300w, https:\/\/www.tosunlux.eu\/wp-content\/uploads\/2025\/02\/4-768x267.jpg 768w, https:\/\/www.tosunlux.eu\/wp-content\/uploads\/2025\/02\/4-1536x534.jpg 1536w, https:\/\/www.tosunlux.eu\/wp-content\/uploads\/2025\/02\/4-18x6.jpg 18w, https:\/\/www.tosunlux.eu\/wp-content\/uploads\/2025\/02\/4.jpg 1896w\" sizes=\"(max-width: 768px) 100vw, 768px\" \/><\/figure>\n\n\n<table style=\"height: 970px;\" width=\"807\">\n<tbody>\n<tr>\n<td width=\"244\">Model<\/td>\n<td style=\"text-align: center;\" width=\"236\">TSIF1-1800W<\/td>\n<td style=\"text-align: center;\" width=\"236\">TSIF1-3000W<\/td>\n<\/tr>\n<tr>\n<td width=\"244\">Fuqia e vler\u00ebsuar<\/td>\n<td style=\"text-align: center;\" width=\"236\">2200VA\/1800W<\/td>\n<td style=\"text-align: center;\" width=\"236\">3200VA\/3000W<\/td>\n<\/tr>\n<tr>\n<td width=\"244\">Faza<\/td>\n<td style=\"text-align: center;\" colspan=\"2\" width=\"473\">Nj\u00ebfazore<\/td>\n<\/tr>\n<tr>\n<td width=\"244\">Tensioni<\/td>\n<td style=\"text-align: center;\" colspan=\"2\" width=\"473\">230 VAC<\/td>\n<\/tr>\n<tr>\n<td width=\"244\">Gama e tensionit t\u00eb zgjedhur<\/td>\n<td style=\"text-align: center;\" colspan=\"2\" width=\"473\">170-280 VAC (p\u00ebr kompjuter\u00ebt personal)<br>90-280 VAC (p\u00ebr pajisjet sht\u00ebpiake)<\/td>\n<\/tr>\n<tr>\n<td width=\"244\">Gama e frekuenc\u00ebs<\/td>\n<td style=\"text-align: center;\" colspan=\"2\" width=\"473\">50Hz\/60Hz (Ndjeshm\u00ebri automatike)<\/td>\n<\/tr>\n<tr>\n<td colspan=\"3\" width=\"717\">Prodhimi<\/td>\n<\/tr>\n<tr>\n<td width=\"244\">Rregullimi i tensionit AC (Modaliteti Batt.Mode)<\/td>\n<td style=\"text-align: center;\" colspan=\"2\" width=\"473\">230VAC\u00b15%<\/td>\n<\/tr>\n<tr>\n<td width=\"244\">Fuqia e rritjes<\/td>\n<td style=\"text-align: center;\" width=\"236\">4400 VA<\/td>\n<td style=\"text-align: center;\" width=\"236\">6400 VA<\/td>\n<\/tr>\n<tr>\n<td width=\"244\">Koha e transferimit<\/td>\n<td style=\"text-align: center;\" colspan=\"2\" width=\"473\">10ms (p\u00ebr kompjuter\u00ebt personal)<br>20ms (p\u00ebr pajisjet sht\u00ebpiake)<\/td>\n<\/tr>\n<tr>\n<td width=\"244\">Forma valore<\/td>\n<td style=\"text-align: center;\" colspan=\"2\" width=\"473\">Vala e past\u00ebr sinusale<\/td>\n<\/tr>\n<tr>\n<td colspan=\"3\" width=\"717\">Bateri &amp; Karikues AC<\/td>\n<\/tr>\n<tr>\n<td width=\"244\">Tensioni i bateris\u00eb<\/td>\n<td style=\"text-align: center;\" width=\"236\">12 VDC<\/td>\n<td style=\"text-align: center;\" width=\"236\">24 VDC<\/td>\n<\/tr>\n<tr>\n<td width=\"244\">Tensioni i ngarkimit lundrues<\/td>\n<td style=\"text-align: center;\" width=\"236\">13. 5VDC<\/td>\n<td style=\"text-align: center;\" width=\"236\">27 VDC<\/td>\n<\/tr>\n<tr>\n<td width=\"244\">Mbrojtje nga mbingarkesa<\/td>\n<td style=\"text-align: center;\" width=\"236\">15. 5VDC<\/td>\n<td width=\"236\">31 VDC<\/td>\n<\/tr>\n<tr>\n<td width=\"244\">Rryma maksimale e ngarkimit<\/td>\n<td style=\"text-align: center;\" colspan=\"2\" width=\"473\">60 A<\/td>\n<\/tr>\n<tr>\n<td colspan=\"3\" width=\"717\">Ngarkues diellor<\/td>\n<\/tr>\n<tr>\n<td width=\"244\">Fuqia e vargut MAX.PV<\/td>\n<td style=\"text-align: center;\" width=\"236\">2000 W<\/td>\n<td style=\"text-align: center;\" width=\"236\">3000 W<\/td>\n<\/tr>\n<tr>\n<td width=\"244\">Gama e tensionit MPPT<\/td>\n<td style=\"text-align: center;\" colspan=\"2\" width=\"473\">55-450 VDC<\/td>\n<\/tr>\n<tr>\n<td width=\"244\">Tensioni maksimal i qarkut t\u00eb hapur t\u00eb grupit PV<\/td>\n<td style=\"text-align: center;\" colspan=\"2\" width=\"473\">450 VDC<\/td>\n<\/tr>\n<tr>\n<td width=\"244\">Rryma maksimale e karikimit<\/td>\n<td style=\"text-align: center;\" colspan=\"2\" width=\"473\">80 A<\/td>\n<\/tr>\n<tr>\n<td width=\"244\">Efikasiteti maksimal<\/td>\n<td style=\"text-align: center;\" colspan=\"2\" width=\"473\">98%<\/td>\n<\/tr>\n<tr>\n<td colspan=\"3\" width=\"717\">Fizike<\/td>\n<\/tr>\n<tr>\n<td width=\"244\">Dimensioni.D*P*H (mm)<\/td>\n<td style=\"text-align: center;\" colspan=\"2\" width=\"473\">405*286*98mm<\/td>\n<\/tr>\n<tr>\n<td width=\"244\">Pesha neto (kg)<\/td>\n<td style=\"text-align: center;\" width=\"236\">4.5 kg<\/td>\n<td style=\"text-align: center;\" width=\"236\">5.0 kg<\/td>\n<\/tr>\n<tr>\n<td width=\"244\">Nd\u00ebrfaqja e komunikimit<\/td>\n<td style=\"text-align: center;\" colspan=\"2\" width=\"473\">RS232\/ RS485 (Standard) Wi-Fi (opsionale)<\/td>\n<\/tr>\n<tr>\n<td colspan=\"3\" width=\"717\">Mjedisi Operativ<\/td>\n<\/tr>\n<tr>\n<td width=\"244\">Lag\u00ebshtia<\/td>\n<td style=\"text-align: center;\" colspan=\"2\" width=\"473\">Lag\u00ebshtia relative 5% deri 95% (jo kondensuese)<\/td>\n<\/tr>\n<tr>\n<td width=\"244\">Temperatura e funksionimit<\/td>\n<td style=\"text-align: center;\" colspan=\"2\" width=\"473\">-10\u00b0C deri n\u00eb 55\u00b0C<\/td>\n<\/tr>\n<tr>\n<td width=\"244\">Temperatura e ruajtjes<\/td>\n<td style=\"text-align: center;\" colspan=\"2\" width=\"473\">-15\u00b0C deri n\u00eb 60\u00b0C<\/td>\n<\/tr>\n<\/tbody>\n<\/table>","protected":false},"parent":0,"template":"","product_category":[37,218],"class_list":["post-12564","product","type-product","status-publish","hentry","product_category-new-energy-instruments","product_category-grid-solar-inverter"],"yoast_head":"<!-- This site is optimized with the Yoast SEO plugin v27.5 - https:\/\/yoast.com\/product\/yoast-seo-wordpress\/ -->\n<title>WholesaleOFF Grid Solar Inverter 1800W &amp; 3000W - TOSUNlux Official Site - Electrical Circuit Breaker Manufacturer in China Low Voltage Electrical Supplier | TOSUNlux<\/title>\n<meta name=\"description\" content=\"OFF Grid Solar Inverter 1800W &amp; 3000W Supplier - Wholesale direct from TOSUNlux, a trusted manufacturer since 1994. Get your B2B factory quote on our certified Low Voltage electrical products.\" \/>\n<meta name=\"robots\" content=\"index, follow, max-snippet:-1, max-image-preview:large, max-video-preview:-1\" \/>\n<link rel=\"canonical\" href=\"https:\/\/www.tosunlux.eu\/sq\/products\/off-grid-solar-inverter\/\" \/>\n<meta property=\"og:locale\" content=\"sq_AL\" \/>\n<meta property=\"og:type\" content=\"article\" \/>\n<meta property=\"og:title\" content=\"WholesaleOFF Grid Solar Inverter 1800W &amp; 3000W - TOSUNlux Official Site - Electrical Circuit Breaker Manufacturer in China Low Voltage Electrical Supplier | TOSUNlux\" \/>\n<meta property=\"og:description\" content=\"OFF Grid Solar Inverter 1800W &amp; 3000W Supplier - Wholesale direct from TOSUNlux, a trusted manufacturer since 1994. Get your B2B factory quote on our certified Low Voltage electrical products.\" \/>\n<meta property=\"og:url\" content=\"https:\/\/www.tosunlux.eu\/sq\/products\/off-grid-solar-inverter\/\" \/>\n<meta property=\"og:site_name\" content=\"TOSUNlux Official Site - Electrical Circuit Breaker Manufacturer in China\" \/>\n<meta property=\"article:publisher\" content=\"https:\/\/www.facebook.com\/TOSUNelectric\/\" \/>\n<meta property=\"article:modified_time\" content=\"2025-02-13T07:40:18+00:00\" \/>\n<meta property=\"og:image\" content=\"https:\/\/www.tosunlux.eu\/wp-content\/uploads\/2025\/02\/3-1-1024x495.jpg\" \/>\n<meta name=\"twitter:card\" content=\"summary_large_image\" \/>\n<meta name=\"twitter:label1\" content=\"Est. reading time\" \/>\n\t<meta name=\"twitter:data1\" content=\"2 minuta\" \/>\n<script type=\"application\/ld+json\" class=\"yoast-schema-graph\">{\"@context\":\"https:\\\/\\\/schema.org\",\"@graph\":[{\"@type\":\"WebPage\",\"@id\":\"https:\\\/\\\/www.tosunlux.eu\\\/nl\\\/products\\\/off-grid-solar-inverter\\\/\",\"url\":\"https:\\\/\\\/www.tosunlux.eu\\\/nl\\\/products\\\/off-grid-solar-inverter\\\/\",\"name\":\"WholesaleOFF Grid Solar Inverter 1800W & 3000W - TOSUNlux Official Site - Electrical Circuit Breaker Manufacturer in China Low Voltage Electrical Supplier | TOSUNlux\",\"isPartOf\":{\"@id\":\"https:\\\/\\\/www.tosunlux.eu\\\/ru\\\/#website\"},\"primaryImageOfPage\":{\"@id\":\"https:\\\/\\\/www.tosunlux.eu\\\/nl\\\/products\\\/off-grid-solar-inverter\\\/#primaryimage\"},\"image\":{\"@id\":\"https:\\\/\\\/www.tosunlux.eu\\\/nl\\\/products\\\/off-grid-solar-inverter\\\/#primaryimage\"},\"thumbnailUrl\":\"https:\\\/\\\/www.tosunlux.eu\\\/wp-content\\\/uploads\\\/2025\\\/02\\\/3-1-1024x495.jpg\",\"datePublished\":\"2025-02-13T07:15:23+00:00\",\"dateModified\":\"2025-02-13T07:40:18+00:00\",\"description\":\"OFF Grid Solar Inverter 1800W & 3000W Supplier - Wholesale direct from TOSUNlux, a trusted manufacturer since 1994. Get your B2B factory quote on our certified Low Voltage electrical products.\",\"breadcrumb\":{\"@id\":\"https:\\\/\\\/www.tosunlux.eu\\\/nl\\\/products\\\/off-grid-solar-inverter\\\/#breadcrumb\"},\"inLanguage\":\"sq\",\"potentialAction\":[{\"@type\":\"ReadAction\",\"target\":[\"https:\\\/\\\/www.tosunlux.eu\\\/nl\\\/products\\\/off-grid-solar-inverter\\\/\"]}]},{\"@type\":\"ImageObject\",\"inLanguage\":\"sq\",\"@id\":\"https:\\\/\\\/www.tosunlux.eu\\\/nl\\\/products\\\/off-grid-solar-inverter\\\/#primaryimage\",\"url\":\"https:\\\/\\\/www.tosunlux.eu\\\/wp-content\\\/uploads\\\/2025\\\/02\\\/3-1-1024x495.jpg\",\"contentUrl\":\"https:\\\/\\\/www.tosunlux.eu\\\/wp-content\\\/uploads\\\/2025\\\/02\\\/3-1-1024x495.jpg\"},{\"@type\":\"BreadcrumbList\",\"@id\":\"https:\\\/\\\/www.tosunlux.eu\\\/nl\\\/products\\\/off-grid-solar-inverter\\\/#breadcrumb\",\"itemListElement\":[{\"@type\":\"ListItem\",\"position\":1,\"name\":\"Home\",\"item\":\"https:\\\/\\\/www.tosunlux.eu\\\/ru\\\/\"},{\"@type\":\"ListItem\",\"position\":2,\"name\":\"Products\",\"item\":\"https:\\\/\\\/www.tosunlux.eu\\\/products\\\/\"},{\"@type\":\"ListItem\",\"position\":3,\"name\":\"OFF Grid Solar Inverter 1800W &#038; 3000W\"}]},{\"@type\":\"WebSite\",\"@id\":\"https:\\\/\\\/www.tosunlux.eu\\\/ru\\\/#website\",\"url\":\"https:\\\/\\\/www.tosunlux.eu\\\/ru\\\/\",\"name\":\"TOSUNlux Official Site - Electrical Circuit Breaker Manufacturer in China\",\"description\":\"Power Distribution System Supplier\",\"publisher\":{\"@id\":\"https:\\\/\\\/www.tosunlux.eu\\\/ru\\\/#organization\"},\"alternateName\":\"TOSUNlux\",\"potentialAction\":[{\"@type\":\"SearchAction\",\"target\":{\"@type\":\"EntryPoint\",\"urlTemplate\":\"https:\\\/\\\/www.tosunlux.eu\\\/ru\\\/?s={search_term_string}\"},\"query-input\":{\"@type\":\"PropertyValueSpecification\",\"valueRequired\":true,\"valueName\":\"search_term_string\"}}],\"inLanguage\":\"sq\"},{\"@type\":\"Organization\",\"@id\":\"https:\\\/\\\/www.tosunlux.eu\\\/ru\\\/#organization\",\"name\":\"TOSUNlux\",\"url\":\"https:\\\/\\\/www.tosunlux.eu\\\/ru\\\/\",\"logo\":{\"@type\":\"ImageObject\",\"inLanguage\":\"sq\",\"@id\":\"https:\\\/\\\/www.tosunlux.eu\\\/ru\\\/#\\\/schema\\\/logo\\\/image\\\/\",\"url\":\"https:\\\/\\\/www.tosunlux.eu\\\/wp-content\\\/uploads\\\/2022\\\/01\\\/LOGOSYSM.71762f1.png\",\"contentUrl\":\"https:\\\/\\\/www.tosunlux.eu\\\/wp-content\\\/uploads\\\/2022\\\/01\\\/LOGOSYSM.71762f1.png\",\"width\":153,\"height\":55,\"caption\":\"TOSUNlux\"},\"image\":{\"@id\":\"https:\\\/\\\/www.tosunlux.eu\\\/ru\\\/#\\\/schema\\\/logo\\\/image\\\/\"},\"sameAs\":[\"https:\\\/\\\/www.facebook.com\\\/TOSUNelectric\\\/\",\"https:\\\/\\\/www.linkedin.com\\\/company\\\/wenzhou-tosun-electric-co.-ltd\\\/\"]}]}<\/script>\n<!-- \/ Yoast SEO plugin. -->","yoast_head_json":{"title":"WholesaleOFF Grid Solar Inverter 1800W & 3000W - TOSUNlux Official Site - Electrical Circuit Breaker Manufacturer in China Low Voltage Electrical Supplier | TOSUNlux","description":"OFF Grid Solar Inverter 1800W & 3000W Supplier - Wholesale direct from TOSUNlux, a trusted manufacturer since 1994. Get your B2B factory quote on our certified Low Voltage electrical products.","robots":{"index":"index","follow":"follow","max-snippet":"max-snippet:-1","max-image-preview":"max-image-preview:large","max-video-preview":"max-video-preview:-1"},"canonical":"https:\/\/www.tosunlux.eu\/sq\/products\/off-grid-solar-inverter\/","og_locale":"sq_AL","og_type":"article","og_title":"WholesaleOFF Grid Solar Inverter 1800W & 3000W - TOSUNlux Official Site - Electrical Circuit Breaker Manufacturer in China Low Voltage Electrical Supplier | TOSUNlux","og_description":"OFF Grid Solar Inverter 1800W & 3000W Supplier - Wholesale direct from TOSUNlux, a trusted manufacturer since 1994. Get your B2B factory quote on our certified Low Voltage electrical products.","og_url":"https:\/\/www.tosunlux.eu\/sq\/products\/off-grid-solar-inverter\/","og_site_name":"TOSUNlux Official Site - Electrical Circuit Breaker Manufacturer in China","article_publisher":"https:\/\/www.facebook.com\/TOSUNelectric\/","article_modified_time":"2025-02-13T07:40:18+00:00","og_image":[{"url":"https:\/\/www.tosunlux.eu\/wp-content\/uploads\/2025\/02\/3-1-1024x495.jpg","type":"","width":"","height":""}],"twitter_card":"summary_large_image","twitter_misc":{"Est. reading time":"2 minuta"},"schema":{"@context":"https:\/\/schema.org","@graph":[{"@type":"WebPage","@id":"https:\/\/www.tosunlux.eu\/nl\/products\/off-grid-solar-inverter\/","url":"https:\/\/www.tosunlux.eu\/nl\/products\/off-grid-solar-inverter\/","name":"WholesaleOFF Grid Solar Inverter 1800W & 3000W - TOSUNlux Official Site - Electrical Circuit Breaker Manufacturer in China Low Voltage Electrical Supplier | TOSUNlux","isPartOf":{"@id":"https:\/\/www.tosunlux.eu\/ru\/#website"},"primaryImageOfPage":{"@id":"https:\/\/www.tosunlux.eu\/nl\/products\/off-grid-solar-inverter\/#primaryimage"},"image":{"@id":"https:\/\/www.tosunlux.eu\/nl\/products\/off-grid-solar-inverter\/#primaryimage"},"thumbnailUrl":"https:\/\/www.tosunlux.eu\/wp-content\/uploads\/2025\/02\/3-1-1024x495.jpg","datePublished":"2025-02-13T07:15:23+00:00","dateModified":"2025-02-13T07:40:18+00:00","description":"OFF Grid Solar Inverter 1800W & 3000W Supplier - Wholesale direct from TOSUNlux, a trusted manufacturer since 1994. Get your B2B factory quote on our certified Low Voltage electrical products.","breadcrumb":{"@id":"https:\/\/www.tosunlux.eu\/nl\/products\/off-grid-solar-inverter\/#breadcrumb"},"inLanguage":"sq","potentialAction":[{"@type":"ReadAction","target":["https:\/\/www.tosunlux.eu\/nl\/products\/off-grid-solar-inverter\/"]}]},{"@type":"ImageObject","inLanguage":"sq","@id":"https:\/\/www.tosunlux.eu\/nl\/products\/off-grid-solar-inverter\/#primaryimage","url":"https:\/\/www.tosunlux.eu\/wp-content\/uploads\/2025\/02\/3-1-1024x495.jpg","contentUrl":"https:\/\/www.tosunlux.eu\/wp-content\/uploads\/2025\/02\/3-1-1024x495.jpg"},{"@type":"BreadcrumbList","@id":"https:\/\/www.tosunlux.eu\/nl\/products\/off-grid-solar-inverter\/#breadcrumb","itemListElement":[{"@type":"ListItem","position":1,"name":"Home","item":"https:\/\/www.tosunlux.eu\/ru\/"},{"@type":"ListItem","position":2,"name":"Products","item":"https:\/\/www.tosunlux.eu\/products\/"},{"@type":"ListItem","position":3,"name":"OFF Grid Solar Inverter 1800W &#038; 3000W"}]},{"@type":"WebSite","@id":"https:\/\/www.tosunlux.eu\/ru\/#website","url":"https:\/\/www.tosunlux.eu\/ru\/","name":"Faqja zyrtare e TOSUNlux - Prodhuesi i nd\u00ebrprer\u00ebsve t\u00eb qarkut elektrik n\u00eb Kin\u00eb","description":"Furnizuesi i Sistemit t\u00eb Shp\u00ebrndarjes s\u00eb Energjis\u00eb","publisher":{"@id":"https:\/\/www.tosunlux.eu\/ru\/#organization"},"alternateName":"TOSUNlux","potentialAction":[{"@type":"SearchAction","target":{"@type":"EntryPoint","urlTemplate":"https:\/\/www.tosunlux.eu\/ru\/?s={search_term_string}"},"query-input":{"@type":"PropertyValueSpecification","valueRequired":true,"valueName":"search_term_string"}}],"inLanguage":"sq"},{"@type":"Organization","@id":"https:\/\/www.tosunlux.eu\/ru\/#organization","name":"TOSUNlux","url":"https:\/\/www.tosunlux.eu\/ru\/","logo":{"@type":"ImageObject","inLanguage":"sq","@id":"https:\/\/www.tosunlux.eu\/ru\/#\/schema\/logo\/image\/","url":"https:\/\/www.tosunlux.eu\/wp-content\/uploads\/2022\/01\/LOGOSYSM.71762f1.png","contentUrl":"https:\/\/www.tosunlux.eu\/wp-content\/uploads\/2022\/01\/LOGOSYSM.71762f1.png","width":153,"height":55,"caption":"TOSUNlux"},"image":{"@id":"https:\/\/www.tosunlux.eu\/ru\/#\/schema\/logo\/image\/"},"sameAs":["https:\/\/www.facebook.com\/TOSUNelectric\/","https:\/\/www.linkedin.com\/company\/wenzhou-tosun-electric-co.-ltd\/"]}]}},"_links":{"self":[{"href":"https:\/\/www.tosunlux.eu\/sq\/wp-json\/wp\/v2\/product\/12564","targetHints":{"allow":["GET"]}}],"collection":[{"href":"https:\/\/www.tosunlux.eu\/sq\/wp-json\/wp\/v2\/product"}],"about":[{"href":"https:\/\/www.tosunlux.eu\/sq\/wp-json\/wp\/v2\/types\/product"}],"version-history":[{"count":2,"href":"https:\/\/www.tosunlux.eu\/sq\/wp-json\/wp\/v2\/product\/12564\/revisions"}],"predecessor-version":[{"id":12582,"href":"https:\/\/www.tosunlux.eu\/sq\/wp-json\/wp\/v2\/product\/12564\/revisions\/12582"}],"wp:attachment":[{"href":"https:\/\/www.tosunlux.eu\/sq\/wp-json\/wp\/v2\/media?parent=12564"}],"wp:term":[{"taxonomy":"product_category","embeddable":true,"href":"https:\/\/www.tosunlux.eu\/sq\/wp-json\/wp\/v2\/product_category?post=12564"}],"curies":[{"name":"wp","href":"https:\/\/api.w.org\/{rel}","templated":true}]}}