{"id":1369,"date":"2022-04-19T14:35:43","date_gmt":"2022-04-19T06:35:43","guid":{"rendered":"https:\/\/www.tosunlux.eu\/?post_type=product&#038;p=1369"},"modified":"2022-04-19T14:35:44","modified_gmt":"2022-04-19T06:35:44","slug":"surface-mounted-led-panel-light-tsm-rp-tsm-sp","status":"publish","type":"product","link":"https:\/\/www.tosunlux.eu\/sq\/products\/surface-mounted-led-panel-light-tsm-rp-tsm-sp\/","title":{"rendered":"Drita e panelit LED t\u00eb montuar n\u00eb sip\u00ebrfaqe TSM-RP\/TSM-SP"},"content":{"rendered":"<table style=\"border-collapse: collapse; width: 622.52pt;\" border=\"0\" width=\"830\" cellspacing=\"0\" cellpadding=\"0\">\n<tbody>\n<tr style=\"height: 28.50pt;\">\n<td class=\"et4\" style=\"height: 28.50pt; width: 84.00pt;\" width=\"112\" height=\"38\">Model<\/td>\n<td class=\"et4\" style=\"width: 54.00pt;\" width=\"72\">Fuqia<\/td>\n<td class=\"et4\" style=\"width: 72.75pt;\" width=\"97\">Tensioni<\/td>\n<td class=\"et4\" style=\"width: 100.50pt;\" width=\"134\">Madh\u00ebsia<\/td>\n<td class=\"et4\" style=\"width: 54.00pt;\" width=\"72\">Lloji LED<\/td>\n<td class=\"et4\" style=\"width: 54.00pt;\" width=\"72\">LED Sasia<\/td>\n<td class=\"et5\" style=\"width: 69.00pt;\" width=\"92\">Temperatura e ngjyrave<\/td>\n<td class=\"et4\" style=\"width: 69.00pt;\" width=\"92\">CRI<\/td>\n<td class=\"et4\" style=\"width: 65.25pt;\" width=\"87\">Lloji i shoferit<\/td>\n<\/tr>\n<tr style=\"height: 16.50pt;\">\n<td class=\"et4\" style=\"height: 16.50pt;\" height=\"22\">TSM-RP-6W<\/td>\n<td class=\"et4\">6 W<\/td>\n<td class=\"et5\" style=\"width: 72.75pt;\" rowspan=\"5\" width=\"97\">AC85-265V\/ AC165-265V<\/td>\n<td class=\"et4\">\u00d8120x40mm<\/td>\n<td class=\"et4\" rowspan=\"5\">SMD2835<\/td>\n<td class=\"et4\">30 cop\u00eb<\/td>\n<td class=\"et4\" rowspan=\"5\">2700-6500 mij\u00eb<\/td>\n<td class=\"et4\" rowspan=\"5\">70Ra\/80Ra<\/td>\n<td class=\"et5\" style=\"width: 65.25pt;\" rowspan=\"5\" width=\"87\">Shofer i izoluar\/jo i izoluar<\/td>\n<\/tr>\n<tr style=\"height: 14.25pt;\">\n<td class=\"et4\" style=\"height: 14.25pt;\" height=\"19\">TSM-RP-12W<\/td>\n<td class=\"et4\">12 W<\/td>\n<td class=\"et4\">\u00d8170x40mm<\/td>\n<td class=\"et4\">60 cop\u00eb<\/td>\n<\/tr>\n<tr style=\"height: 14.25pt;\">\n<td class=\"et4\" style=\"height: 14.25pt;\" height=\"19\">TSM-RP-18W<\/td>\n<td class=\"et4\">18 W<\/td>\n<td class=\"et4\">\u00d8225x40mm<\/td>\n<td class=\"et4\">90 cop\u00eb<\/td>\n<\/tr>\n<tr style=\"height: 14.25pt;\">\n<td class=\"et4\" style=\"height: 14.25pt;\" height=\"19\">TSM-RP-24W<\/td>\n<td class=\"et4\">24 W<\/td>\n<td class=\"et4\">\u00d8300x40mm<\/td>\n<td class=\"et4\">120 cop\u00eb<\/td>\n<\/tr>\n<tr style=\"height: 14.25pt;\">\n<td class=\"et4\" style=\"height: 14.25pt;\" height=\"19\">TSM-RP-30W<\/td>\n<td class=\"et4\">30 W<\/td>\n<td class=\"et4\">\u00d830x400mm<\/td>\n<td class=\"et4\">150 cop\u00eb<\/td>\n<\/tr>\n<\/tbody>\n<\/table>\n\n\n<p><\/p>\n\n\n<table style=\"border-collapse: collapse; width: 622.52pt;\" border=\"0\" width=\"830\" cellspacing=\"0\" cellpadding=\"0\">\n<tbody>\n<tr style=\"height: 28.50pt;\">\n<td class=\"et4\" style=\"height: 28.50pt; width: 84.00pt;\" width=\"112\" height=\"38\">Model<\/td>\n<td class=\"et4\" style=\"width: 54.00pt;\" width=\"72\">Fuqia<\/td>\n<td class=\"et4\" style=\"width: 72.75pt;\" width=\"97\">Tensioni<\/td>\n<td class=\"et4\" style=\"width: 100.50pt;\" width=\"134\">Madh\u00ebsia<\/td>\n<td class=\"et4\" style=\"width: 54.00pt;\" width=\"72\">Lloji LED<\/td>\n<td class=\"et4\" style=\"width: 54.00pt;\" width=\"72\">LED Sasia<\/td>\n<td class=\"et5\" style=\"width: 69.00pt;\" width=\"92\">Temperatura e ngjyrave<\/td>\n<td class=\"et4\" style=\"width: 69.00pt;\" width=\"92\">CRI<\/td>\n<td class=\"et4\" style=\"width: 65.25pt;\" width=\"87\">Lloji i shoferit<\/td>\n<\/tr>\n<tr style=\"height: 14.25pt;\">\n<td class=\"et4\" style=\"height: 14.25pt;\" height=\"19\">TSM-SP-6W<\/td>\n<td class=\"et4\">6 W<\/td>\n<td class=\"et5\" style=\"width: 72.75pt;\" rowspan=\"5\" width=\"97\">AC85-265V\/ AC165-265V<\/td>\n<td class=\"et4\">120x120x40mm<\/td>\n<td class=\"et4\" rowspan=\"5\">SMD2835<\/td>\n<td class=\"et4\">30 cop\u00eb<\/td>\n<td class=\"et4\" rowspan=\"5\">2700-6500 mij\u00eb<\/td>\n<td class=\"et4\" rowspan=\"5\">70Ra\/80Ra<\/td>\n<td class=\"et8\" style=\"width: 65.25pt; border-bottom: .5pt solid #000000;\" rowspan=\"5\" width=\"87\">Shofer i izoluar\/jo i izoluar<\/td>\n<\/tr>\n<tr style=\"height: 14.25pt;\">\n<td class=\"et4\" style=\"height: 14.25pt;\" height=\"19\">TSM-SP-12W<\/td>\n<td class=\"et4\">12 W<\/td>\n<td class=\"et4\">170x170x40mm<\/td>\n<td class=\"et4\">60 cop\u00eb<\/td>\n<\/tr>\n<tr style=\"height: 14.25pt;\">\n<td class=\"et4\" style=\"height: 14.25pt;\" height=\"19\">TSM-SP-18W<\/td>\n<td class=\"et4\">18 W<\/td>\n<td class=\"et4\">220x220x40mm<\/td>\n<td class=\"et4\">90 cop\u00eb<\/td>\n<\/tr>\n<tr style=\"height: 14.25pt;\">\n<td class=\"et4\" style=\"height: 14.25pt;\" height=\"19\">TSM-SP-24W<\/td>\n<td class=\"et4\">24 W<\/td>\n<td class=\"et4\">300x300x40mm<\/td>\n<td class=\"et4\">120 cop\u00eb<\/td>\n<\/tr>\n<tr style=\"height: 14.25pt;\">\n<td class=\"et4\" style=\"height: 14.25pt;\" height=\"19\">TSM-SP-30W<\/td>\n<td class=\"et4\">30 W<\/td>\n<td class=\"et4\">300x300x40mm<\/td>\n<td class=\"et4\">150 cop\u00eb<\/td>\n<\/tr>\n<\/tbody>\n<\/table>","protected":false},"parent":0,"template":"","product_category":[38,130],"class_list":["post-1369","product","type-product","status-publish","hentry","product_category-lighting","product_category-led-panel-light"],"yoast_head":"<!-- This site is optimized with the Yoast SEO plugin v27.3 - https:\/\/yoast.com\/product\/yoast-seo-wordpress\/ -->\n<title>WholesaleSurface Mounted LED Panel Light TSM-RP\/TSM-SP - TOSUNlux Official Site - Electrical Circuit Breaker Manufacturer in China Low Voltage Electrical Supplier | TOSUNlux<\/title>\n<meta name=\"description\" content=\"Surface Mounted LED Panel Light TSM-RP\/TSM-SP Supplier - Wholesale direct from TOSUNlux, a trusted manufacturer since 1994. Get your B2B factory quote on our certified Low Voltage electrical products.\" \/>\n<meta name=\"robots\" content=\"index, follow, max-snippet:-1, max-image-preview:large, max-video-preview:-1\" \/>\n<link rel=\"canonical\" href=\"https:\/\/www.tosunlux.eu\/sq\/products\/surface-mounted-led-panel-light-tsm-rp-tsm-sp\/\" \/>\n<meta property=\"og:locale\" content=\"sq_AL\" \/>\n<meta property=\"og:type\" content=\"article\" \/>\n<meta property=\"og:title\" content=\"WholesaleSurface Mounted LED Panel Light TSM-RP\/TSM-SP - TOSUNlux Official Site - Electrical Circuit Breaker Manufacturer in China Low Voltage Electrical Supplier | TOSUNlux\" \/>\n<meta property=\"og:description\" content=\"Surface Mounted LED Panel Light TSM-RP\/TSM-SP Supplier - Wholesale direct from TOSUNlux, a trusted manufacturer since 1994. Get your B2B factory quote on our certified Low Voltage electrical products.\" \/>\n<meta property=\"og:url\" content=\"https:\/\/www.tosunlux.eu\/sq\/products\/surface-mounted-led-panel-light-tsm-rp-tsm-sp\/\" \/>\n<meta property=\"og:site_name\" content=\"TOSUNlux Official Site - Electrical Circuit Breaker Manufacturer in China\" \/>\n<meta property=\"article:publisher\" content=\"https:\/\/www.facebook.com\/TOSUNelectric\/\" \/>\n<meta property=\"article:modified_time\" content=\"2022-04-19T06:35:44+00:00\" \/>\n<meta property=\"og:image\" content=\"https:\/\/www.tosunlux.eu\/wp-content\/uploads\/2023\/04\/DSC08160_\u526f\u672c.jpg\" \/>\n\t<meta property=\"og:image:width\" content=\"1500\" \/>\n\t<meta property=\"og:image:height\" content=\"940\" \/>\n\t<meta property=\"og:image:type\" content=\"image\/jpeg\" \/>\n<meta name=\"twitter:card\" content=\"summary_large_image\" \/>\n<meta name=\"twitter:label1\" content=\"Est. reading time\" \/>\n\t<meta name=\"twitter:data1\" content=\"1 minut\u00eb\" \/>\n<script type=\"application\/ld+json\" class=\"yoast-schema-graph\">{\"@context\":\"https:\\\/\\\/schema.org\",\"@graph\":[{\"@type\":\"WebPage\",\"@id\":\"https:\\\/\\\/www.tosunlux.eu\\\/products\\\/surface-mounted-led-panel-light-tsm-rp-tsm-sp\\\/\",\"url\":\"https:\\\/\\\/www.tosunlux.eu\\\/products\\\/surface-mounted-led-panel-light-tsm-rp-tsm-sp\\\/\",\"name\":\"WholesaleSurface Mounted LED Panel Light TSM-RP\\\/TSM-SP - TOSUNlux Official Site - Electrical Circuit Breaker Manufacturer in China Low Voltage Electrical Supplier | TOSUNlux\",\"isPartOf\":{\"@id\":\"https:\\\/\\\/www.tosunlux.eu\\\/ru\\\/#website\"},\"datePublished\":\"2022-04-19T06:35:43+00:00\",\"dateModified\":\"2022-04-19T06:35:44+00:00\",\"description\":\"Surface Mounted LED Panel Light TSM-RP\\\/TSM-SP Supplier - Wholesale direct from TOSUNlux, a trusted manufacturer since 1994. Get your B2B factory quote on our certified Low Voltage electrical products.\",\"breadcrumb\":{\"@id\":\"https:\\\/\\\/www.tosunlux.eu\\\/products\\\/surface-mounted-led-panel-light-tsm-rp-tsm-sp\\\/#breadcrumb\"},\"inLanguage\":\"sq\",\"potentialAction\":[{\"@type\":\"ReadAction\",\"target\":[\"https:\\\/\\\/www.tosunlux.eu\\\/products\\\/surface-mounted-led-panel-light-tsm-rp-tsm-sp\\\/\"]}]},{\"@type\":\"BreadcrumbList\",\"@id\":\"https:\\\/\\\/www.tosunlux.eu\\\/products\\\/surface-mounted-led-panel-light-tsm-rp-tsm-sp\\\/#breadcrumb\",\"itemListElement\":[{\"@type\":\"ListItem\",\"position\":1,\"name\":\"Home\",\"item\":\"https:\\\/\\\/www.tosunlux.eu\\\/ru\\\/\"},{\"@type\":\"ListItem\",\"position\":2,\"name\":\"Products\",\"item\":\"https:\\\/\\\/www.tosunlux.eu\\\/products\\\/\"},{\"@type\":\"ListItem\",\"position\":3,\"name\":\"Surface Mounted LED Panel Light TSM-RP\\\/TSM-SP\"}]},{\"@type\":\"WebSite\",\"@id\":\"https:\\\/\\\/www.tosunlux.eu\\\/ru\\\/#website\",\"url\":\"https:\\\/\\\/www.tosunlux.eu\\\/ru\\\/\",\"name\":\"TOSUNlux Official Site - Electrical Circuit Breaker Manufacturer in China\",\"description\":\"Power Distribution System Supplier\",\"publisher\":{\"@id\":\"https:\\\/\\\/www.tosunlux.eu\\\/ru\\\/#organization\"},\"alternateName\":\"TOSUNlux\",\"potentialAction\":[{\"@type\":\"SearchAction\",\"target\":{\"@type\":\"EntryPoint\",\"urlTemplate\":\"https:\\\/\\\/www.tosunlux.eu\\\/ru\\\/?s={search_term_string}\"},\"query-input\":{\"@type\":\"PropertyValueSpecification\",\"valueRequired\":true,\"valueName\":\"search_term_string\"}}],\"inLanguage\":\"sq\"},{\"@type\":\"Organization\",\"@id\":\"https:\\\/\\\/www.tosunlux.eu\\\/ru\\\/#organization\",\"name\":\"TOSUNlux\",\"url\":\"https:\\\/\\\/www.tosunlux.eu\\\/ru\\\/\",\"logo\":{\"@type\":\"ImageObject\",\"inLanguage\":\"sq\",\"@id\":\"https:\\\/\\\/www.tosunlux.eu\\\/ru\\\/#\\\/schema\\\/logo\\\/image\\\/\",\"url\":\"https:\\\/\\\/www.tosunlux.eu\\\/wp-content\\\/uploads\\\/2022\\\/01\\\/LOGOSYSM.71762f1.png\",\"contentUrl\":\"https:\\\/\\\/www.tosunlux.eu\\\/wp-content\\\/uploads\\\/2022\\\/01\\\/LOGOSYSM.71762f1.png\",\"width\":153,\"height\":55,\"caption\":\"TOSUNlux\"},\"image\":{\"@id\":\"https:\\\/\\\/www.tosunlux.eu\\\/ru\\\/#\\\/schema\\\/logo\\\/image\\\/\"},\"sameAs\":[\"https:\\\/\\\/www.facebook.com\\\/TOSUNelectric\\\/\",\"https:\\\/\\\/www.linkedin.com\\\/company\\\/wenzhou-tosun-electric-co.-ltd\\\/\"]}]}<\/script>\n<!-- \/ Yoast SEO plugin. -->","yoast_head_json":{"title":"Drit\u00eb Paneli LED e Montuar n\u00eb Sip\u00ebrfaqe me Shumic\u00eb TSM-RP\/TSM-SP - Faqja Zyrtare e TOSUNlux - Prodhues i Nd\u00ebrprer\u00ebsve t\u00eb Qarkut Elektrik n\u00eb Kin\u00eb, Furnizues i Energjis\u00eb Elektrike me Tension t\u00eb Ul\u00ebt | TOSUNlux","description":"Furnizues i Drit\u00ebs Paneli LED t\u00eb Montuar n\u00eb Sip\u00ebrfaqe TSM-RP\/TSM-SP - Shitje me shumic\u00eb direkt nga TOSUNlux, nj\u00eb prodhues i besuar q\u00eb nga viti 1994. Merrni ofert\u00ebn tuaj B2B t\u00eb fabrik\u00ebs p\u00ebr produktet tona t\u00eb certifikuara elektrike me Tension t\u00eb Ul\u00ebt.","robots":{"index":"index","follow":"follow","max-snippet":"max-snippet:-1","max-image-preview":"max-image-preview:large","max-video-preview":"max-video-preview:-1"},"canonical":"https:\/\/www.tosunlux.eu\/sq\/products\/surface-mounted-led-panel-light-tsm-rp-tsm-sp\/","og_locale":"sq_AL","og_type":"article","og_title":"WholesaleSurface Mounted LED Panel Light TSM-RP\/TSM-SP - TOSUNlux Official Site - Electrical Circuit Breaker Manufacturer in China Low Voltage Electrical Supplier | TOSUNlux","og_description":"Surface Mounted LED Panel Light TSM-RP\/TSM-SP Supplier - Wholesale direct from TOSUNlux, a trusted manufacturer since 1994. Get your B2B factory quote on our certified Low Voltage electrical products.","og_url":"https:\/\/www.tosunlux.eu\/sq\/products\/surface-mounted-led-panel-light-tsm-rp-tsm-sp\/","og_site_name":"TOSUNlux Official Site - Electrical Circuit Breaker Manufacturer in China","article_publisher":"https:\/\/www.facebook.com\/TOSUNelectric\/","article_modified_time":"2022-04-19T06:35:44+00:00","og_image":[{"width":1500,"height":940,"url":"https:\/\/www.tosunlux.eu\/wp-content\/uploads\/2023\/04\/DSC08160_\u526f\u672c.jpg","type":"image\/jpeg"}],"twitter_card":"summary_large_image","twitter_misc":{"Est. reading time":"1 minut\u00eb"},"schema":{"@context":"https:\/\/schema.org","@graph":[{"@type":"WebPage","@id":"https:\/\/www.tosunlux.eu\/products\/surface-mounted-led-panel-light-tsm-rp-tsm-sp\/","url":"https:\/\/www.tosunlux.eu\/products\/surface-mounted-led-panel-light-tsm-rp-tsm-sp\/","name":"Drit\u00eb Paneli LED e Montuar n\u00eb Sip\u00ebrfaqe me Shumic\u00eb TSM-RP\/TSM-SP - Faqja Zyrtare e TOSUNlux - Prodhues i Nd\u00ebrprer\u00ebsve t\u00eb Qarkut Elektrik n\u00eb Kin\u00eb, Furnizues i Energjis\u00eb Elektrike me Tension t\u00eb Ul\u00ebt | TOSUNlux","isPartOf":{"@id":"https:\/\/www.tosunlux.eu\/ru\/#website"},"datePublished":"2022-04-19T06:35:43+00:00","dateModified":"2022-04-19T06:35:44+00:00","description":"Furnizues i Drit\u00ebs Paneli LED t\u00eb Montuar n\u00eb Sip\u00ebrfaqe TSM-RP\/TSM-SP - Shitje me shumic\u00eb direkt nga TOSUNlux, nj\u00eb prodhues i besuar q\u00eb nga viti 1994. Merrni ofert\u00ebn tuaj B2B t\u00eb fabrik\u00ebs p\u00ebr produktet tona t\u00eb certifikuara elektrike me Tension t\u00eb Ul\u00ebt.","breadcrumb":{"@id":"https:\/\/www.tosunlux.eu\/products\/surface-mounted-led-panel-light-tsm-rp-tsm-sp\/#breadcrumb"},"inLanguage":"sq","potentialAction":[{"@type":"ReadAction","target":["https:\/\/www.tosunlux.eu\/products\/surface-mounted-led-panel-light-tsm-rp-tsm-sp\/"]}]},{"@type":"BreadcrumbList","@id":"https:\/\/www.tosunlux.eu\/products\/surface-mounted-led-panel-light-tsm-rp-tsm-sp\/#breadcrumb","itemListElement":[{"@type":"ListItem","position":1,"name":"Home","item":"https:\/\/www.tosunlux.eu\/ru\/"},{"@type":"ListItem","position":2,"name":"Products","item":"https:\/\/www.tosunlux.eu\/products\/"},{"@type":"ListItem","position":3,"name":"Surface Mounted LED Panel Light TSM-RP\/TSM-SP"}]},{"@type":"WebSite","@id":"https:\/\/www.tosunlux.eu\/ru\/#website","url":"https:\/\/www.tosunlux.eu\/ru\/","name":"Faqja zyrtare e TOSUNlux - Prodhuesi i nd\u00ebrprer\u00ebsve t\u00eb qarkut elektrik n\u00eb Kin\u00eb","description":"Furnizuesi i Sistemit t\u00eb Shp\u00ebrndarjes s\u00eb Energjis\u00eb","publisher":{"@id":"https:\/\/www.tosunlux.eu\/ru\/#organization"},"alternateName":"TOSUNlux","potentialAction":[{"@type":"SearchAction","target":{"@type":"EntryPoint","urlTemplate":"https:\/\/www.tosunlux.eu\/ru\/?s={search_term_string}"},"query-input":{"@type":"PropertyValueSpecification","valueRequired":true,"valueName":"search_term_string"}}],"inLanguage":"sq"},{"@type":"Organization","@id":"https:\/\/www.tosunlux.eu\/ru\/#organization","name":"TOSUNlux","url":"https:\/\/www.tosunlux.eu\/ru\/","logo":{"@type":"ImageObject","inLanguage":"sq","@id":"https:\/\/www.tosunlux.eu\/ru\/#\/schema\/logo\/image\/","url":"https:\/\/www.tosunlux.eu\/wp-content\/uploads\/2022\/01\/LOGOSYSM.71762f1.png","contentUrl":"https:\/\/www.tosunlux.eu\/wp-content\/uploads\/2022\/01\/LOGOSYSM.71762f1.png","width":153,"height":55,"caption":"TOSUNlux"},"image":{"@id":"https:\/\/www.tosunlux.eu\/ru\/#\/schema\/logo\/image\/"},"sameAs":["https:\/\/www.facebook.com\/TOSUNelectric\/","https:\/\/www.linkedin.com\/company\/wenzhou-tosun-electric-co.-ltd\/"]}]}},"_links":{"self":[{"href":"https:\/\/www.tosunlux.eu\/sq\/wp-json\/wp\/v2\/product\/1369","targetHints":{"allow":["GET"]}}],"collection":[{"href":"https:\/\/www.tosunlux.eu\/sq\/wp-json\/wp\/v2\/product"}],"about":[{"href":"https:\/\/www.tosunlux.eu\/sq\/wp-json\/wp\/v2\/types\/product"}],"version-history":[{"count":0,"href":"https:\/\/www.tosunlux.eu\/sq\/wp-json\/wp\/v2\/product\/1369\/revisions"}],"wp:attachment":[{"href":"https:\/\/www.tosunlux.eu\/sq\/wp-json\/wp\/v2\/media?parent=1369"}],"wp:term":[{"taxonomy":"product_category","embeddable":true,"href":"https:\/\/www.tosunlux.eu\/sq\/wp-json\/wp\/v2\/product_category?post=1369"}],"curies":[{"name":"wp","href":"https:\/\/api.w.org\/{rel}","templated":true}]}}