{"id":1450,"date":"2022-04-19T16:34:14","date_gmt":"2022-04-19T08:34:14","guid":{"rendered":"https:\/\/www.tosunlux.eu\/?post_type=product&#038;p=1450"},"modified":"2022-04-19T16:36:38","modified_gmt":"2022-04-19T08:36:38","slug":"led-filament-lamp-2","status":"publish","type":"product","link":"https:\/\/www.tosunlux.eu\/sq\/products\/led-filament-lamp-2\/","title":{"rendered":"Llamb\u00eb me filament LED"},"content":{"rendered":"<table width=\"1102\">\n<tbody>\n<tr>\n<td style=\"text-align: center;\" width=\"84\">Model<\/td>\n<td style=\"text-align: center;\" width=\"64\">Fuqia<\/td>\n<td style=\"text-align: center;\" width=\"121\">Forma e filamentit<\/td>\n<td style=\"text-align: center;\" width=\"85\">Baza<\/td>\n<td style=\"text-align: center;\" width=\"116\">Tensioni<\/td>\n<td style=\"text-align: center;\" width=\"95\">CRI<\/td>\n<td style=\"text-align: center;\" width=\"68\">Lumen<\/td>\n<td style=\"text-align: center;\" width=\"96\">Engj\u00eblli rreze<\/td>\n<td style=\"text-align: center;\" width=\"57\">LED<\/td>\n<td style=\"text-align: center;\" width=\"98\">Temperatura e ngjyrave<\/td>\n<td style=\"text-align: center;\" width=\"114\">Xhami<\/td>\n<td style=\"text-align: center;\" width=\"104\">Madh\u00ebsia<\/td>\n<\/tr>\n<tr>\n<td style=\"text-align: center;\">A60-3W<\/td>\n<td style=\"text-align: center;\">3 W<\/td>\n<td style=\"text-align: center;\">Kurb\u00eb<\/td>\n<td style=\"text-align: center;\">E27\/B22<\/td>\n<td style=\"text-align: center;\" width=\"116\">AC100-265V\/ AC220-240V<\/td>\n<td style=\"text-align: center;\" rowspan=\"8\" width=\"95\">80Ra\/90Ra<\/td>\n<td style=\"text-align: center;\">150 LM<\/td>\n<td style=\"text-align: center;\" rowspan=\"8\">360\u00b0\u00a0<\/td>\n<td style=\"text-align: center;\" rowspan=\"2\">1<\/td>\n<td style=\"text-align: center;\" rowspan=\"8\">2200 mij\u00eb<\/td>\n<td style=\"text-align: center;\" rowspan=\"2\">Clear\/Amber<\/td>\n<td style=\"text-align: center;\">\u03a660x105mm<\/td>\n<\/tr>\n<tr>\n<td style=\"text-align: center;\">G45-2W<\/td>\n<td style=\"text-align: center;\">2 W<\/td>\n<td style=\"text-align: center;\">Kurb\u00eb<\/td>\n<td style=\"text-align: center;\">E14\/BA15<\/td>\n<td style=\"text-align: center;\" width=\"116\">AC110-130V\/ AC220-240V<\/td>\n<td style=\"text-align: center;\">100 LM<\/td>\n<td style=\"text-align: center;\">\u03a645x78mm<\/td>\n<\/tr>\n<tr>\n<td style=\"text-align: center;\">G95-5W<\/td>\n<td style=\"text-align: center;\">5 W<\/td>\n<td style=\"text-align: center;\">Kat\u00ebr lak<\/td>\n<td style=\"text-align: center;\" rowspan=\"6\">E27\/B22<\/td>\n<td style=\"text-align: center;\" rowspan=\"6\" width=\"116\">AC100-265V\/ AC220-240V<\/td>\n<td style=\"text-align: center;\" rowspan=\"6\">250 LM<\/td>\n<td style=\"text-align: center;\" rowspan=\"6\">2<\/td>\n<td style=\"text-align: center;\" rowspan=\"6\" width=\"114\">E qart\u00eb \/ Qelibar \/ Gri<\/td>\n<td style=\"text-align: center;\" rowspan=\"3\">\u03a695x135mm<\/td>\n<\/tr>\n<tr>\n<td style=\"text-align: center;\">G95-5W<\/td>\n<td style=\"text-align: center;\">5 W<\/td>\n<td style=\"text-align: center;\">Lak binjak<\/td>\n<\/tr>\n<tr>\n<td style=\"text-align: center;\">G95-5W<\/td>\n<td style=\"text-align: center;\">5 W<\/td>\n<td style=\"text-align: center;\">Spirale<\/td>\n<\/tr>\n<tr>\n<td style=\"text-align: center;\">G125-5W<\/td>\n<td style=\"text-align: center;\">5 W<\/td>\n<td style=\"text-align: center;\">Spirale<\/td>\n<td rowspan=\"3\">\u03a6125x175mm<\/td>\n<\/tr>\n<tr>\n<td style=\"text-align: center;\">G125-5W<\/td>\n<td style=\"text-align: center;\">5 W<\/td>\n<td style=\"text-align: center;\">Kat\u00ebr lak<\/td>\n<\/tr>\n<tr>\n<td style=\"text-align: center;\">G125-5W<\/td>\n<td style=\"text-align: center;\">5 W<\/td>\n<td style=\"text-align: center;\">Lak binjak<\/td>\n<\/tr>\n<\/tbody>\n<\/table>\n\n\n<figure class=\"wp-block-image size-large is-resized\"><img fetchpriority=\"high\" decoding=\"async\" src=\"https:\/\/www.tosunlux.eu\/wp-content\/uploads\/2022\/04\/1-1024x931.jpg\" alt=\"\" class=\"wp-image-1464\" width=\"612\" height=\"556\" srcset=\"https:\/\/www.tosunlux.eu\/wp-content\/uploads\/2022\/04\/1-1024x931.jpg 1024w, https:\/\/www.tosunlux.eu\/wp-content\/uploads\/2022\/04\/1-300x273.jpg 300w, https:\/\/www.tosunlux.eu\/wp-content\/uploads\/2022\/04\/1-768x698.jpg 768w, https:\/\/www.tosunlux.eu\/wp-content\/uploads\/2022\/04\/1.jpg 1412w\" sizes=\"(max-width: 612px) 100vw, 612px\" \/><\/figure>","protected":false},"parent":0,"template":"","product_category":[38,141],"class_list":["post-1450","product","type-product","status-publish","hentry","product_category-lighting","product_category-led-filament-lamp"],"yoast_head":"<!-- This site is optimized with the Yoast SEO plugin v27.5 - https:\/\/yoast.com\/product\/yoast-seo-wordpress\/ -->\n<title>WholesaleLED Filament Lamp - TOSUNlux Official Site - Electrical Circuit Breaker Manufacturer in China Low Voltage Electrical Supplier | TOSUNlux<\/title>\n<meta name=\"description\" content=\"LED Filament Lamp Supplier - Wholesale direct from TOSUNlux, a trusted manufacturer since 1994. Get your B2B factory quote on our certified Low Voltage electrical products.\" \/>\n<meta name=\"robots\" content=\"index, follow, max-snippet:-1, max-image-preview:large, max-video-preview:-1\" \/>\n<link rel=\"canonical\" href=\"https:\/\/www.tosunlux.eu\/sq\/products\/led-filament-lamp-2\/\" \/>\n<meta property=\"og:locale\" content=\"sq_AL\" \/>\n<meta property=\"og:type\" content=\"article\" \/>\n<meta property=\"og:title\" content=\"WholesaleLED Filament Lamp - TOSUNlux Official Site - Electrical Circuit Breaker Manufacturer in China Low Voltage Electrical Supplier | TOSUNlux\" \/>\n<meta property=\"og:description\" content=\"LED Filament Lamp Supplier - Wholesale direct from TOSUNlux, a trusted manufacturer since 1994. Get your B2B factory quote on our certified Low Voltage electrical products.\" \/>\n<meta property=\"og:url\" content=\"https:\/\/www.tosunlux.eu\/sq\/products\/led-filament-lamp-2\/\" \/>\n<meta property=\"og:site_name\" content=\"TOSUNlux Official Site - Electrical Circuit Breaker Manufacturer in China\" \/>\n<meta property=\"article:publisher\" content=\"https:\/\/www.facebook.com\/TOSUNelectric\/\" \/>\n<meta property=\"article:modified_time\" content=\"2022-04-19T08:36:38+00:00\" \/>\n<meta property=\"og:image\" content=\"https:\/\/www.tosunlux.eu\/wp-content\/uploads\/2022\/04\/1-1024x931.jpg\" \/>\n<meta name=\"twitter:card\" content=\"summary_large_image\" \/>\n<meta name=\"twitter:label1\" content=\"Est. reading time\" \/>\n\t<meta name=\"twitter:data1\" content=\"1 minut\u00eb\" \/>\n<script type=\"application\/ld+json\" class=\"yoast-schema-graph\">{\"@context\":\"https:\\\/\\\/schema.org\",\"@graph\":[{\"@type\":\"WebPage\",\"@id\":\"https:\\\/\\\/www.tosunlux.eu\\\/ar\\\/products\\\/led-filament-lamp-2\\\/\",\"url\":\"https:\\\/\\\/www.tosunlux.eu\\\/ar\\\/products\\\/led-filament-lamp-2\\\/\",\"name\":\"WholesaleLED Filament Lamp - TOSUNlux Official Site - Electrical Circuit Breaker Manufacturer in China Low Voltage Electrical Supplier | TOSUNlux\",\"isPartOf\":{\"@id\":\"https:\\\/\\\/www.tosunlux.eu\\\/ru\\\/#website\"},\"primaryImageOfPage\":{\"@id\":\"https:\\\/\\\/www.tosunlux.eu\\\/ar\\\/products\\\/led-filament-lamp-2\\\/#primaryimage\"},\"image\":{\"@id\":\"https:\\\/\\\/www.tosunlux.eu\\\/ar\\\/products\\\/led-filament-lamp-2\\\/#primaryimage\"},\"thumbnailUrl\":\"https:\\\/\\\/www.tosunlux.eu\\\/wp-content\\\/uploads\\\/2022\\\/04\\\/1-1024x931.jpg\",\"datePublished\":\"2022-04-19T08:34:14+00:00\",\"dateModified\":\"2022-04-19T08:36:38+00:00\",\"description\":\"LED Filament Lamp Supplier - Wholesale direct from TOSUNlux, a trusted manufacturer since 1994. Get your B2B factory quote on our certified Low Voltage electrical products.\",\"breadcrumb\":{\"@id\":\"https:\\\/\\\/www.tosunlux.eu\\\/ar\\\/products\\\/led-filament-lamp-2\\\/#breadcrumb\"},\"inLanguage\":\"sq\",\"potentialAction\":[{\"@type\":\"ReadAction\",\"target\":[\"https:\\\/\\\/www.tosunlux.eu\\\/ar\\\/products\\\/led-filament-lamp-2\\\/\"]}]},{\"@type\":\"ImageObject\",\"inLanguage\":\"sq\",\"@id\":\"https:\\\/\\\/www.tosunlux.eu\\\/ar\\\/products\\\/led-filament-lamp-2\\\/#primaryimage\",\"url\":\"https:\\\/\\\/www.tosunlux.eu\\\/wp-content\\\/uploads\\\/2022\\\/04\\\/1-1024x931.jpg\",\"contentUrl\":\"https:\\\/\\\/www.tosunlux.eu\\\/wp-content\\\/uploads\\\/2022\\\/04\\\/1-1024x931.jpg\"},{\"@type\":\"BreadcrumbList\",\"@id\":\"https:\\\/\\\/www.tosunlux.eu\\\/ar\\\/products\\\/led-filament-lamp-2\\\/#breadcrumb\",\"itemListElement\":[{\"@type\":\"ListItem\",\"position\":1,\"name\":\"Home\",\"item\":\"https:\\\/\\\/www.tosunlux.eu\\\/ru\\\/\"},{\"@type\":\"ListItem\",\"position\":2,\"name\":\"Products\",\"item\":\"https:\\\/\\\/www.tosunlux.eu\\\/products\\\/\"},{\"@type\":\"ListItem\",\"position\":3,\"name\":\"LED Filament Lamp\"}]},{\"@type\":\"WebSite\",\"@id\":\"https:\\\/\\\/www.tosunlux.eu\\\/ru\\\/#website\",\"url\":\"https:\\\/\\\/www.tosunlux.eu\\\/ru\\\/\",\"name\":\"TOSUNlux Official Site - Electrical Circuit Breaker Manufacturer in China\",\"description\":\"Power Distribution System Supplier\",\"publisher\":{\"@id\":\"https:\\\/\\\/www.tosunlux.eu\\\/ru\\\/#organization\"},\"alternateName\":\"TOSUNlux\",\"potentialAction\":[{\"@type\":\"SearchAction\",\"target\":{\"@type\":\"EntryPoint\",\"urlTemplate\":\"https:\\\/\\\/www.tosunlux.eu\\\/ru\\\/?s={search_term_string}\"},\"query-input\":{\"@type\":\"PropertyValueSpecification\",\"valueRequired\":true,\"valueName\":\"search_term_string\"}}],\"inLanguage\":\"sq\"},{\"@type\":\"Organization\",\"@id\":\"https:\\\/\\\/www.tosunlux.eu\\\/ru\\\/#organization\",\"name\":\"TOSUNlux\",\"url\":\"https:\\\/\\\/www.tosunlux.eu\\\/ru\\\/\",\"logo\":{\"@type\":\"ImageObject\",\"inLanguage\":\"sq\",\"@id\":\"https:\\\/\\\/www.tosunlux.eu\\\/ru\\\/#\\\/schema\\\/logo\\\/image\\\/\",\"url\":\"https:\\\/\\\/www.tosunlux.eu\\\/wp-content\\\/uploads\\\/2022\\\/01\\\/LOGOSYSM.71762f1.png\",\"contentUrl\":\"https:\\\/\\\/www.tosunlux.eu\\\/wp-content\\\/uploads\\\/2022\\\/01\\\/LOGOSYSM.71762f1.png\",\"width\":153,\"height\":55,\"caption\":\"TOSUNlux\"},\"image\":{\"@id\":\"https:\\\/\\\/www.tosunlux.eu\\\/ru\\\/#\\\/schema\\\/logo\\\/image\\\/\"},\"sameAs\":[\"https:\\\/\\\/www.facebook.com\\\/TOSUNelectric\\\/\",\"https:\\\/\\\/www.linkedin.com\\\/company\\\/wenzhou-tosun-electric-co.-ltd\\\/\"]}]}<\/script>\n<!-- \/ Yoast SEO plugin. -->","yoast_head_json":{"title":"Llamba me filament LED me shumic\u00eb - Faqja zyrtare e TOSUNlux - Prodhues i nd\u00ebrprer\u00ebsve elektrik\u00eb n\u00eb Kin\u00eb, furnizues elektrik me tension t\u00eb ul\u00ebt | TOSUNlux","description":"Furnizues Llampash me Filament LED - Shitje me shumic\u00eb direkt nga TOSUNlux, nj\u00eb prodhues i besuar q\u00eb nga viti 1994. Merrni ofert\u00ebn tuaj B2B t\u00eb fabrik\u00ebs p\u00ebr produktet tona t\u00eb \u00e7ertifikuara elektrike me Tension t\u00eb Ul\u00ebt.","robots":{"index":"index","follow":"follow","max-snippet":"max-snippet:-1","max-image-preview":"max-image-preview:large","max-video-preview":"max-video-preview:-1"},"canonical":"https:\/\/www.tosunlux.eu\/sq\/products\/led-filament-lamp-2\/","og_locale":"sq_AL","og_type":"article","og_title":"WholesaleLED Filament Lamp - TOSUNlux Official Site - Electrical Circuit Breaker Manufacturer in China Low Voltage Electrical Supplier | TOSUNlux","og_description":"LED Filament Lamp Supplier - Wholesale direct from TOSUNlux, a trusted manufacturer since 1994. Get your B2B factory quote on our certified Low Voltage electrical products.","og_url":"https:\/\/www.tosunlux.eu\/sq\/products\/led-filament-lamp-2\/","og_site_name":"TOSUNlux Official Site - Electrical Circuit Breaker Manufacturer in China","article_publisher":"https:\/\/www.facebook.com\/TOSUNelectric\/","article_modified_time":"2022-04-19T08:36:38+00:00","og_image":[{"url":"https:\/\/www.tosunlux.eu\/wp-content\/uploads\/2022\/04\/1-1024x931.jpg","type":"","width":"","height":""}],"twitter_card":"summary_large_image","twitter_misc":{"Est. reading time":"1 minut\u00eb"},"schema":{"@context":"https:\/\/schema.org","@graph":[{"@type":"WebPage","@id":"https:\/\/www.tosunlux.eu\/ar\/products\/led-filament-lamp-2\/","url":"https:\/\/www.tosunlux.eu\/ar\/products\/led-filament-lamp-2\/","name":"Llamba me filament LED me shumic\u00eb - Faqja zyrtare e TOSUNlux - Prodhues i nd\u00ebrprer\u00ebsve elektrik\u00eb n\u00eb Kin\u00eb, furnizues elektrik me tension t\u00eb ul\u00ebt | TOSUNlux","isPartOf":{"@id":"https:\/\/www.tosunlux.eu\/ru\/#website"},"primaryImageOfPage":{"@id":"https:\/\/www.tosunlux.eu\/ar\/products\/led-filament-lamp-2\/#primaryimage"},"image":{"@id":"https:\/\/www.tosunlux.eu\/ar\/products\/led-filament-lamp-2\/#primaryimage"},"thumbnailUrl":"https:\/\/www.tosunlux.eu\/wp-content\/uploads\/2022\/04\/1-1024x931.jpg","datePublished":"2022-04-19T08:34:14+00:00","dateModified":"2022-04-19T08:36:38+00:00","description":"Furnizues Llampash me Filament LED - Shitje me shumic\u00eb direkt nga TOSUNlux, nj\u00eb prodhues i besuar q\u00eb nga viti 1994. Merrni ofert\u00ebn tuaj B2B t\u00eb fabrik\u00ebs p\u00ebr produktet tona t\u00eb \u00e7ertifikuara elektrike me Tension t\u00eb Ul\u00ebt.","breadcrumb":{"@id":"https:\/\/www.tosunlux.eu\/ar\/products\/led-filament-lamp-2\/#breadcrumb"},"inLanguage":"sq","potentialAction":[{"@type":"ReadAction","target":["https:\/\/www.tosunlux.eu\/ar\/products\/led-filament-lamp-2\/"]}]},{"@type":"ImageObject","inLanguage":"sq","@id":"https:\/\/www.tosunlux.eu\/ar\/products\/led-filament-lamp-2\/#primaryimage","url":"https:\/\/www.tosunlux.eu\/wp-content\/uploads\/2022\/04\/1-1024x931.jpg","contentUrl":"https:\/\/www.tosunlux.eu\/wp-content\/uploads\/2022\/04\/1-1024x931.jpg"},{"@type":"BreadcrumbList","@id":"https:\/\/www.tosunlux.eu\/ar\/products\/led-filament-lamp-2\/#breadcrumb","itemListElement":[{"@type":"ListItem","position":1,"name":"Home","item":"https:\/\/www.tosunlux.eu\/ru\/"},{"@type":"ListItem","position":2,"name":"Products","item":"https:\/\/www.tosunlux.eu\/products\/"},{"@type":"ListItem","position":3,"name":"LED Filament Lamp"}]},{"@type":"WebSite","@id":"https:\/\/www.tosunlux.eu\/ru\/#website","url":"https:\/\/www.tosunlux.eu\/ru\/","name":"Faqja zyrtare e TOSUNlux - Prodhuesi i nd\u00ebrprer\u00ebsve t\u00eb qarkut elektrik n\u00eb Kin\u00eb","description":"Furnizuesi i Sistemit t\u00eb Shp\u00ebrndarjes s\u00eb Energjis\u00eb","publisher":{"@id":"https:\/\/www.tosunlux.eu\/ru\/#organization"},"alternateName":"TOSUNlux","potentialAction":[{"@type":"SearchAction","target":{"@type":"EntryPoint","urlTemplate":"https:\/\/www.tosunlux.eu\/ru\/?s={search_term_string}"},"query-input":{"@type":"PropertyValueSpecification","valueRequired":true,"valueName":"search_term_string"}}],"inLanguage":"sq"},{"@type":"Organization","@id":"https:\/\/www.tosunlux.eu\/ru\/#organization","name":"TOSUNlux","url":"https:\/\/www.tosunlux.eu\/ru\/","logo":{"@type":"ImageObject","inLanguage":"sq","@id":"https:\/\/www.tosunlux.eu\/ru\/#\/schema\/logo\/image\/","url":"https:\/\/www.tosunlux.eu\/wp-content\/uploads\/2022\/01\/LOGOSYSM.71762f1.png","contentUrl":"https:\/\/www.tosunlux.eu\/wp-content\/uploads\/2022\/01\/LOGOSYSM.71762f1.png","width":153,"height":55,"caption":"TOSUNlux"},"image":{"@id":"https:\/\/www.tosunlux.eu\/ru\/#\/schema\/logo\/image\/"},"sameAs":["https:\/\/www.facebook.com\/TOSUNelectric\/","https:\/\/www.linkedin.com\/company\/wenzhou-tosun-electric-co.-ltd\/"]}]}},"_links":{"self":[{"href":"https:\/\/www.tosunlux.eu\/sq\/wp-json\/wp\/v2\/product\/1450","targetHints":{"allow":["GET"]}}],"collection":[{"href":"https:\/\/www.tosunlux.eu\/sq\/wp-json\/wp\/v2\/product"}],"about":[{"href":"https:\/\/www.tosunlux.eu\/sq\/wp-json\/wp\/v2\/types\/product"}],"version-history":[{"count":0,"href":"https:\/\/www.tosunlux.eu\/sq\/wp-json\/wp\/v2\/product\/1450\/revisions"}],"wp:attachment":[{"href":"https:\/\/www.tosunlux.eu\/sq\/wp-json\/wp\/v2\/media?parent=1450"}],"wp:term":[{"taxonomy":"product_category","embeddable":true,"href":"https:\/\/www.tosunlux.eu\/sq\/wp-json\/wp\/v2\/product_category?post=1450"}],"curies":[{"name":"wp","href":"https:\/\/api.w.org\/{rel}","templated":true}]}}