{"id":1854,"date":"2022-04-25T13:48:58","date_gmt":"2022-04-25T05:48:58","guid":{"rendered":"https:\/\/www.tosunlux.eu\/?post_type=product&#038;p=1854"},"modified":"2022-04-25T13:48:59","modified_gmt":"2022-04-25T05:48:59","slug":"voltage-regulator-tdgc2-tsgc2","status":"publish","type":"product","link":"https:\/\/www.tosunlux.eu\/sq\/products\/voltage-regulator-tdgc2-tsgc2\/","title":{"rendered":"Rregullatori i tensionit TDGC2\/TSGC2"},"content":{"rendered":"<p>Aplikimi<\/p>\n\n\n\n<p>Produkti \u00ebsht\u00eb nj\u00eb autotransformator special i cili lidhet n\u00eb forma t\u00eb ndryshme. Tensioni i tij i daljes mund t\u00eb rregullohet pa probleme dhe vazhdimisht nga zero n\u00eb vler\u00ebn maksimale. T\u00eb gjitha modelet gjejn\u00eb aplikime t\u00eb njohura n\u00eb industri, bujq\u00ebsi dhe k\u00ebrkime shkencore dhe jan\u00eb ve\u00e7an\u00ebrisht t\u00eb p\u00ebrshtatshme p\u00ebr t\u00eb sh\u00ebrbyer si pajisje ndihm\u00ebse p\u00ebr pajisje t\u00eb tilla si vegla t\u00eb ndryshme makinerish, gjurmues t\u00eb kurbave t\u00eb tranzistorit, televizor\u00eb projektues dhe instrumente analitike n\u00eb industrin\u00eb e naft\u00ebs, etj.<\/p>\n\n\n\n<p><\/p>\n\n\n\n<p>Specifikimi<\/p>\n\n\n<table style=\"border-collapse: collapse; width: 522.77pt;\" border=\"0\" width=\"697\" cellspacing=\"0\" cellpadding=\"0\">\n<tbody>\n<tr style=\"height: 28.50pt;\">\n<td class=\"et3\" style=\"height: 28.50pt; width: 101.25pt;\" width=\"135\" height=\"38\">Model<\/td>\n<td class=\"et3\" style=\"width: 48.75pt;\" width=\"65\">Faza<\/td>\n<td class=\"et3\" style=\"width: 87.00pt;\" width=\"116\">Frekuenca (Hz)<\/td>\n<td class=\"et4\" style=\"width: 77.25pt;\" width=\"103\">Tensioni i hyrjes (V)<\/td>\n<td class=\"et4\" style=\"width: 77.25pt;\" width=\"103\">Tensioni i daljes (V)<\/td>\n<td class=\"et4\" style=\"width: 77.25pt;\" width=\"103\">Rryma maksimale e daljes (A)<\/td>\n<td class=\"et3\" style=\"width: 54.00pt;\" width=\"72\">Forma<\/td>\n<\/tr>\n<tr style=\"height: 16.50pt;\">\n<td class=\"et3\" style=\"height: 16.50pt;\" height=\"22\">TDGC<span class=\"font2\">2<\/span><span class=\"font1\">-0,2KVA<\/span><\/td>\n<td class=\"et3\" rowspan=\"11\">1<\/td>\n<td class=\"et3\" rowspan=\"11\">50\/60<\/td>\n<td class=\"et3\" rowspan=\"11\">110\/220<\/td>\n<td class=\"et3\" rowspan=\"11\">0-250<\/td>\n<td class=\"et3\">0.8<\/td>\n<td class=\"et3\" rowspan=\"5\">Rrumbullak\u00ebt<\/td>\n<\/tr>\n<tr style=\"height: 18.75pt;\">\n<td class=\"et3\" style=\"height: 18.75pt;\" height=\"25\">TDGC<span class=\"font2\">2<\/span><span class=\"font1\">-0,25KVA<\/span><\/td>\n<td class=\"et3\">1<\/td>\n<\/tr>\n<tr style=\"height: 14.25pt;\">\n<td class=\"et3\" style=\"height: 14.25pt;\" height=\"19\">TDGC2-0,5KVA<\/td>\n<td class=\"et3\">2<\/td>\n<\/tr>\n<tr style=\"height: 14.25pt;\">\n<td class=\"et3\" style=\"height: 14.25pt;\" height=\"19\">TDGC2-1KVA<\/td>\n<td class=\"et3\">4<\/td>\n<\/tr>\n<tr style=\"height: 14.25pt;\">\n<td class=\"et3\" style=\"height: 14.25pt;\" height=\"19\">TDGC2-2KVA<\/td>\n<td class=\"et3\">8<\/td>\n<\/tr>\n<tr style=\"height: 14.25pt;\">\n<td class=\"et3\" style=\"height: 14.25pt;\" height=\"19\">TDGC2-3KVA<\/td>\n<td class=\"et3\">12<\/td>\n<td class=\"et3\">Gjasht\u00ebk\u00ebnd\u00ebsh<\/td>\n<\/tr>\n<tr style=\"height: 14.25pt;\">\n<td class=\"et3\" style=\"height: 14.25pt;\" height=\"19\">TDGC2-5KVA<\/td>\n<td class=\"et3\">20<\/td>\n<td class=\"et3\">Rrumbullak\u00ebt<\/td>\n<\/tr>\n<tr style=\"height: 16.50pt;\">\n<td class=\"et3\" style=\"height: 16.50pt;\" height=\"22\">TDGC2-10KVA<\/td>\n<td class=\"et3\">40<\/td>\n<td class=\"et3\" rowspan=\"4\">Tet\u00ebk\u00ebnd\u00ebsh<\/td>\n<\/tr>\n<tr style=\"height: 14.25pt;\">\n<td class=\"et3\" style=\"height: 14.25pt;\" height=\"19\">TDGC2-15KVA<\/td>\n<td class=\"et3\">60<\/td>\n<\/tr>\n<tr style=\"height: 14.25pt;\">\n<td class=\"et3\" style=\"height: 14.25pt;\" height=\"19\">TDGC2-20KVA<\/td>\n<td class=\"et3\">80<\/td>\n<\/tr>\n<tr style=\"height: 14.25pt;\">\n<td class=\"et3\" style=\"height: 14.25pt;\" height=\"19\">TDGC2-30KVA<\/td>\n<td class=\"et3\">120<\/td>\n<\/tr>\n<tr style=\"height: 16.50pt;\">\n<td class=\"et3\" style=\"height: 16.50pt;\" height=\"22\">TSGC2-3KVA<\/td>\n<td class=\"et3\" rowspan=\"6\">3<\/td>\n<td class=\"et3\" rowspan=\"6\">50-60<\/td>\n<td class=\"et3\" rowspan=\"6\">220\/380<\/td>\n<td class=\"et3\" rowspan=\"6\">0-430<\/td>\n<td class=\"et3\">4<\/td>\n<td class=\"et3\" rowspan=\"3\">Gjasht\u00ebk\u00ebnd\u00ebsh<\/td>\n<\/tr>\n<tr style=\"height: 14.25pt;\">\n<td class=\"et3\" style=\"height: 14.25pt;\" height=\"19\">TSGC2-6KVA<\/td>\n<td class=\"et3\">8<\/td>\n<\/tr>\n<tr style=\"height: 14.25pt;\">\n<td class=\"et3\" style=\"height: 14.25pt;\" height=\"19\">TSGC2-9KVA<\/td>\n<td class=\"et3\">12<\/td>\n<\/tr>\n<tr style=\"height: 16.50pt;\">\n<td class=\"et3\" style=\"height: 16.50pt;\" height=\"22\">TSGC2-15KVA<\/td>\n<td class=\"et3\">20<\/td>\n<td class=\"et3\" rowspan=\"3\">Tet\u00ebk\u00ebnd\u00ebsh<\/td>\n<\/tr>\n<tr style=\"height: 14.25pt;\">\n<td class=\"et3\" style=\"height: 14.25pt;\" height=\"19\">TSGC2-20KVA<\/td>\n<td class=\"et3\">26<\/td>\n<\/tr>\n<tr style=\"height: 14.25pt;\">\n<td class=\"et3\" style=\"height: 14.25pt;\" height=\"19\">TSGC2-30KVA<\/td>\n<td class=\"et3\">40<\/td>\n<\/tr>\n<\/tbody>\n<\/table>","protected":false},"parent":0,"template":"","product_category":[75,122],"class_list":["post-1854","product","type-product","status-publish","hentry","product_category-instruments","product_category-voltage-stabilizer-regulator"],"yoast_head":"<!-- This site is optimized with the Yoast SEO plugin v27.5 - https:\/\/yoast.com\/product\/yoast-seo-wordpress\/ -->\n<title>WholesaleVoltage Regulator TDGC2\/TSGC2 - TOSUNlux Official Site - Electrical Circuit Breaker Manufacturer in China Low Voltage Electrical Supplier | TOSUNlux<\/title>\n<meta name=\"description\" content=\"Voltage Regulator TDGC2\/TSGC2 Supplier - Wholesale direct from TOSUNlux, a trusted manufacturer since 1994. Get your B2B factory quote on our certified Low Voltage electrical products.\" \/>\n<meta name=\"robots\" content=\"index, follow, max-snippet:-1, max-image-preview:large, max-video-preview:-1\" \/>\n<link rel=\"canonical\" href=\"https:\/\/www.tosunlux.eu\/sq\/products\/voltage-regulator-tdgc2-tsgc2\/\" \/>\n<meta property=\"og:locale\" content=\"sq_AL\" \/>\n<meta property=\"og:type\" content=\"article\" \/>\n<meta property=\"og:title\" content=\"WholesaleVoltage Regulator TDGC2\/TSGC2 - TOSUNlux Official Site - Electrical Circuit Breaker Manufacturer in China Low Voltage Electrical Supplier | TOSUNlux\" \/>\n<meta property=\"og:description\" content=\"Voltage Regulator TDGC2\/TSGC2 Supplier - Wholesale direct from TOSUNlux, a trusted manufacturer since 1994. Get your B2B factory quote on our certified Low Voltage electrical products.\" \/>\n<meta property=\"og:url\" content=\"https:\/\/www.tosunlux.eu\/sq\/products\/voltage-regulator-tdgc2-tsgc2\/\" \/>\n<meta property=\"og:site_name\" content=\"TOSUNlux Official Site - Electrical Circuit Breaker Manufacturer in China\" \/>\n<meta property=\"article:publisher\" content=\"https:\/\/www.facebook.com\/TOSUNelectric\/\" \/>\n<meta property=\"article:modified_time\" content=\"2022-04-25T05:48:59+00:00\" \/>\n<meta property=\"og:image\" content=\"https:\/\/www.tosunlux.eu\/wp-content\/uploads\/2023\/04\/DSC08160_\u526f\u672c.jpg\" \/>\n\t<meta property=\"og:image:width\" content=\"1500\" \/>\n\t<meta property=\"og:image:height\" content=\"940\" \/>\n\t<meta property=\"og:image:type\" content=\"image\/jpeg\" \/>\n<meta name=\"twitter:card\" content=\"summary_large_image\" \/>\n<meta name=\"twitter:label1\" content=\"Est. reading time\" \/>\n\t<meta name=\"twitter:data1\" content=\"1 minut\u00eb\" \/>\n<script type=\"application\/ld+json\" class=\"yoast-schema-graph\">{\"@context\":\"https:\\\/\\\/schema.org\",\"@graph\":[{\"@type\":\"WebPage\",\"@id\":\"https:\\\/\\\/www.tosunlux.eu\\\/am\\\/products\\\/voltage-regulator-tdgc2-tsgc2\\\/\",\"url\":\"https:\\\/\\\/www.tosunlux.eu\\\/am\\\/products\\\/voltage-regulator-tdgc2-tsgc2\\\/\",\"name\":\"WholesaleVoltage Regulator TDGC2\\\/TSGC2 - TOSUNlux Official Site - Electrical Circuit Breaker Manufacturer in China Low Voltage Electrical Supplier | TOSUNlux\",\"isPartOf\":{\"@id\":\"https:\\\/\\\/www.tosunlux.eu\\\/ru\\\/#website\"},\"datePublished\":\"2022-04-25T05:48:58+00:00\",\"dateModified\":\"2022-04-25T05:48:59+00:00\",\"description\":\"Voltage Regulator TDGC2\\\/TSGC2 Supplier - Wholesale direct from TOSUNlux, a trusted manufacturer since 1994. Get your B2B factory quote on our certified Low Voltage electrical products.\",\"breadcrumb\":{\"@id\":\"https:\\\/\\\/www.tosunlux.eu\\\/am\\\/products\\\/voltage-regulator-tdgc2-tsgc2\\\/#breadcrumb\"},\"inLanguage\":\"sq\",\"potentialAction\":[{\"@type\":\"ReadAction\",\"target\":[\"https:\\\/\\\/www.tosunlux.eu\\\/am\\\/products\\\/voltage-regulator-tdgc2-tsgc2\\\/\"]}]},{\"@type\":\"BreadcrumbList\",\"@id\":\"https:\\\/\\\/www.tosunlux.eu\\\/am\\\/products\\\/voltage-regulator-tdgc2-tsgc2\\\/#breadcrumb\",\"itemListElement\":[{\"@type\":\"ListItem\",\"position\":1,\"name\":\"Home\",\"item\":\"https:\\\/\\\/www.tosunlux.eu\\\/ru\\\/\"},{\"@type\":\"ListItem\",\"position\":2,\"name\":\"Products\",\"item\":\"https:\\\/\\\/www.tosunlux.eu\\\/products\\\/\"},{\"@type\":\"ListItem\",\"position\":3,\"name\":\"Voltage Regulator TDGC2\\\/TSGC2\"}]},{\"@type\":\"WebSite\",\"@id\":\"https:\\\/\\\/www.tosunlux.eu\\\/ru\\\/#website\",\"url\":\"https:\\\/\\\/www.tosunlux.eu\\\/ru\\\/\",\"name\":\"TOSUNlux Official Site - Electrical Circuit Breaker Manufacturer in China\",\"description\":\"Power Distribution System Supplier\",\"publisher\":{\"@id\":\"https:\\\/\\\/www.tosunlux.eu\\\/ru\\\/#organization\"},\"alternateName\":\"TOSUNlux\",\"potentialAction\":[{\"@type\":\"SearchAction\",\"target\":{\"@type\":\"EntryPoint\",\"urlTemplate\":\"https:\\\/\\\/www.tosunlux.eu\\\/ru\\\/?s={search_term_string}\"},\"query-input\":{\"@type\":\"PropertyValueSpecification\",\"valueRequired\":true,\"valueName\":\"search_term_string\"}}],\"inLanguage\":\"sq\"},{\"@type\":\"Organization\",\"@id\":\"https:\\\/\\\/www.tosunlux.eu\\\/ru\\\/#organization\",\"name\":\"TOSUNlux\",\"url\":\"https:\\\/\\\/www.tosunlux.eu\\\/ru\\\/\",\"logo\":{\"@type\":\"ImageObject\",\"inLanguage\":\"sq\",\"@id\":\"https:\\\/\\\/www.tosunlux.eu\\\/ru\\\/#\\\/schema\\\/logo\\\/image\\\/\",\"url\":\"https:\\\/\\\/www.tosunlux.eu\\\/wp-content\\\/uploads\\\/2022\\\/01\\\/LOGOSYSM.71762f1.png\",\"contentUrl\":\"https:\\\/\\\/www.tosunlux.eu\\\/wp-content\\\/uploads\\\/2022\\\/01\\\/LOGOSYSM.71762f1.png\",\"width\":153,\"height\":55,\"caption\":\"TOSUNlux\"},\"image\":{\"@id\":\"https:\\\/\\\/www.tosunlux.eu\\\/ru\\\/#\\\/schema\\\/logo\\\/image\\\/\"},\"sameAs\":[\"https:\\\/\\\/www.facebook.com\\\/TOSUNelectric\\\/\",\"https:\\\/\\\/www.linkedin.com\\\/company\\\/wenzhou-tosun-electric-co.-ltd\\\/\"]}]}<\/script>\n<!-- \/ Yoast SEO plugin. -->","yoast_head_json":{"title":"WholesaleVoltage Regulator TDGC2\/TSGC2 - TOSUNlux Official Site - Electrical Circuit Breaker Manufacturer in China Low Voltage Electrical Supplier | TOSUNlux","description":"Voltage Regulator TDGC2\/TSGC2 Supplier - Wholesale direct from TOSUNlux, a trusted manufacturer since 1994. Get your B2B factory quote on our certified Low Voltage electrical products.","robots":{"index":"index","follow":"follow","max-snippet":"max-snippet:-1","max-image-preview":"max-image-preview:large","max-video-preview":"max-video-preview:-1"},"canonical":"https:\/\/www.tosunlux.eu\/sq\/products\/voltage-regulator-tdgc2-tsgc2\/","og_locale":"sq_AL","og_type":"article","og_title":"WholesaleVoltage Regulator TDGC2\/TSGC2 - TOSUNlux Official Site - Electrical Circuit Breaker Manufacturer in China Low Voltage Electrical Supplier | TOSUNlux","og_description":"Voltage Regulator TDGC2\/TSGC2 Supplier - Wholesale direct from TOSUNlux, a trusted manufacturer since 1994. Get your B2B factory quote on our certified Low Voltage electrical products.","og_url":"https:\/\/www.tosunlux.eu\/sq\/products\/voltage-regulator-tdgc2-tsgc2\/","og_site_name":"TOSUNlux Official Site - Electrical Circuit Breaker Manufacturer in China","article_publisher":"https:\/\/www.facebook.com\/TOSUNelectric\/","article_modified_time":"2022-04-25T05:48:59+00:00","og_image":[{"width":1500,"height":940,"url":"https:\/\/www.tosunlux.eu\/wp-content\/uploads\/2023\/04\/DSC08160_\u526f\u672c.jpg","type":"image\/jpeg"}],"twitter_card":"summary_large_image","twitter_misc":{"Est. reading time":"1 minut\u00eb"},"schema":{"@context":"https:\/\/schema.org","@graph":[{"@type":"WebPage","@id":"https:\/\/www.tosunlux.eu\/am\/products\/voltage-regulator-tdgc2-tsgc2\/","url":"https:\/\/www.tosunlux.eu\/am\/products\/voltage-regulator-tdgc2-tsgc2\/","name":"WholesaleVoltage Regulator TDGC2\/TSGC2 - TOSUNlux Official Site - Electrical Circuit Breaker Manufacturer in China Low Voltage Electrical Supplier | TOSUNlux","isPartOf":{"@id":"https:\/\/www.tosunlux.eu\/ru\/#website"},"datePublished":"2022-04-25T05:48:58+00:00","dateModified":"2022-04-25T05:48:59+00:00","description":"Voltage Regulator TDGC2\/TSGC2 Supplier - Wholesale direct from TOSUNlux, a trusted manufacturer since 1994. Get your B2B factory quote on our certified Low Voltage electrical products.","breadcrumb":{"@id":"https:\/\/www.tosunlux.eu\/am\/products\/voltage-regulator-tdgc2-tsgc2\/#breadcrumb"},"inLanguage":"sq","potentialAction":[{"@type":"ReadAction","target":["https:\/\/www.tosunlux.eu\/am\/products\/voltage-regulator-tdgc2-tsgc2\/"]}]},{"@type":"BreadcrumbList","@id":"https:\/\/www.tosunlux.eu\/am\/products\/voltage-regulator-tdgc2-tsgc2\/#breadcrumb","itemListElement":[{"@type":"ListItem","position":1,"name":"Home","item":"https:\/\/www.tosunlux.eu\/ru\/"},{"@type":"ListItem","position":2,"name":"Products","item":"https:\/\/www.tosunlux.eu\/products\/"},{"@type":"ListItem","position":3,"name":"Voltage Regulator TDGC2\/TSGC2"}]},{"@type":"WebSite","@id":"https:\/\/www.tosunlux.eu\/ru\/#website","url":"https:\/\/www.tosunlux.eu\/ru\/","name":"Faqja zyrtare e TOSUNlux - Prodhuesi i nd\u00ebrprer\u00ebsve t\u00eb qarkut elektrik n\u00eb Kin\u00eb","description":"Furnizuesi i Sistemit t\u00eb Shp\u00ebrndarjes s\u00eb Energjis\u00eb","publisher":{"@id":"https:\/\/www.tosunlux.eu\/ru\/#organization"},"alternateName":"TOSUNlux","potentialAction":[{"@type":"SearchAction","target":{"@type":"EntryPoint","urlTemplate":"https:\/\/www.tosunlux.eu\/ru\/?s={search_term_string}"},"query-input":{"@type":"PropertyValueSpecification","valueRequired":true,"valueName":"search_term_string"}}],"inLanguage":"sq"},{"@type":"Organization","@id":"https:\/\/www.tosunlux.eu\/ru\/#organization","name":"TOSUNlux","url":"https:\/\/www.tosunlux.eu\/ru\/","logo":{"@type":"ImageObject","inLanguage":"sq","@id":"https:\/\/www.tosunlux.eu\/ru\/#\/schema\/logo\/image\/","url":"https:\/\/www.tosunlux.eu\/wp-content\/uploads\/2022\/01\/LOGOSYSM.71762f1.png","contentUrl":"https:\/\/www.tosunlux.eu\/wp-content\/uploads\/2022\/01\/LOGOSYSM.71762f1.png","width":153,"height":55,"caption":"TOSUNlux"},"image":{"@id":"https:\/\/www.tosunlux.eu\/ru\/#\/schema\/logo\/image\/"},"sameAs":["https:\/\/www.facebook.com\/TOSUNelectric\/","https:\/\/www.linkedin.com\/company\/wenzhou-tosun-electric-co.-ltd\/"]}]}},"_links":{"self":[{"href":"https:\/\/www.tosunlux.eu\/sq\/wp-json\/wp\/v2\/product\/1854","targetHints":{"allow":["GET"]}}],"collection":[{"href":"https:\/\/www.tosunlux.eu\/sq\/wp-json\/wp\/v2\/product"}],"about":[{"href":"https:\/\/www.tosunlux.eu\/sq\/wp-json\/wp\/v2\/types\/product"}],"version-history":[{"count":0,"href":"https:\/\/www.tosunlux.eu\/sq\/wp-json\/wp\/v2\/product\/1854\/revisions"}],"wp:attachment":[{"href":"https:\/\/www.tosunlux.eu\/sq\/wp-json\/wp\/v2\/media?parent=1854"}],"wp:term":[{"taxonomy":"product_category","embeddable":true,"href":"https:\/\/www.tosunlux.eu\/sq\/wp-json\/wp\/v2\/product_category?post=1854"}],"curies":[{"name":"wp","href":"https:\/\/api.w.org\/{rel}","templated":true}]}}