{"id":1961,"date":"2022-04-27T15:58:35","date_gmt":"2022-04-27T07:58:35","guid":{"rendered":"https:\/\/www.tosunlux.eu\/?post_type=product&#038;p=1961"},"modified":"2023-09-13T14:47:59","modified_gmt":"2023-09-13T06:47:59","slug":"ca10-changeover-switch","status":"publish","type":"product","link":"https:\/\/www.tosunlux.eu\/sq\/products\/ca10-changeover-switch\/","title":{"rendered":"CA10 Nd\u00ebrprer\u00ebsi i nd\u00ebrrimit"},"content":{"rendered":"<p>I<strong>hyrje<\/strong><\/p>\n\n\n\n<p>Nd\u00ebrprer\u00ebsi universal i nd\u00ebrrimit CA10 p\u00ebrdoret kryesisht p\u00ebr nd\u00ebrprer\u00ebsin e komunikimit 50Hz, tension nominal 440V e m\u00eb posht\u00eb, tension dc 220V m\u00eb posht\u00eb dhe rrym\u00eb nominale n\u00eb instalime elektrike 63A p\u00ebr nd\u00ebrprer\u00ebsin manual t\u00eb nd\u00ebrprer\u00ebsit m\u00eb pak t\u00eb shpesht\u00eb ose kontrollin dhe konvertimin, gjithashtu mund t\u00eb kontrolloj\u00eb drejtp\u00ebrdrejt motorin me induksion trefazor dhe t\u00eb prodhuar p\u00ebr t\u00eb matur dhe kontrolluar qarkun e induksionit.&nbsp;<\/p>\n\n\n\n<p><strong>Specifikimi<\/strong><\/p>\n\n\n<table width=\"1027\">\n<tbody>\n<tr>\n<td colspan=\"2\" width=\"217\">Lloji\u00a0<\/td>\n<td style=\"text-align: center;\" colspan=\"2\" width=\"118\">CA10-20<\/td>\n<td style=\"text-align: center;\" width=\"104\">CA10-25<\/td>\n<td style=\"text-align: center;\" colspan=\"2\" width=\"113\">CA10-32<\/td>\n<td style=\"text-align: center;\" colspan=\"2\" width=\"93\">CA10-63<\/td>\n<td style=\"text-align: center;\" colspan=\"2\" width=\"98\">CA10-125<\/td>\n<td style=\"text-align: center;\" colspan=\"2\" width=\"96\">CA10-160<\/td>\n<td style=\"text-align: center;\" colspan=\"2\" width=\"89\">CA10-200<\/td>\n<td style=\"text-align: center;\" colspan=\"2\" width=\"94\">CA10-400<\/td>\n<\/tr>\n<tr>\n<td colspan=\"2\" width=\"217\">UI (V) e tensionit t\u00eb vler\u00ebsuar t\u00eb izolimit<\/td>\n<td style=\"text-align: center;\" colspan=\"15\" width=\"810\">690<\/td>\n<\/tr>\n<tr>\n<td colspan=\"2\" width=\"217\">Rryma konvencionale e ngrohjes Ith(A) Ac10&lt;40\u00b0<\/td>\n<td style=\"text-align: center;\" colspan=\"2\" width=\"118\">20<\/td>\n<td style=\"text-align: center;\" width=\"104\">25<\/td>\n<td style=\"text-align: center;\" colspan=\"2\" width=\"113\">32<\/td>\n<td style=\"text-align: center;\" colspan=\"2\" width=\"93\">63<\/td>\n<td style=\"text-align: center;\" colspan=\"2\" width=\"98\">125<\/td>\n<td style=\"text-align: center;\" colspan=\"2\" width=\"96\">160<\/td>\n<td style=\"text-align: center;\" colspan=\"2\" width=\"89\">200<\/td>\n<td style=\"text-align: center;\" colspan=\"2\" width=\"94\">400<\/td>\n<\/tr>\n<tr>\n<td colspan=\"2\" width=\"217\">Tensioni i vler\u00ebsuar i pun\u00ebs Ue(V)<\/td>\n<td colspan=\"2\" width=\"118\">120 240 440<\/td>\n<td width=\"104\">120 240 440<\/td>\n<td colspan=\"2\" width=\"113\">120 240 440<\/td>\n<td colspan=\"2\" width=\"93\">240\u00a0\u00a0\u00a0\u00a0 440<\/td>\n<td colspan=\"2\" width=\"98\">240\u00a0\u00a0\u00a0\u00a0 440<\/td>\n<td colspan=\"2\" width=\"96\">240\u00a0\u00a0\u00a0\u00a0 440<\/td>\n<td colspan=\"2\" width=\"89\">240\u00a0\u00a0\u00a0\u00a0 440<\/td>\n<td colspan=\"2\" width=\"94\">240\u00a0\u00a0\u00a0\u00a0 400<\/td>\n<\/tr>\n<tr>\n<td rowspan=\"7\" width=\"75\">Rryma e vler\u00ebsuar e pun\u00ebs le(A)<\/td>\n<td width=\"142\">AC-21A AC-22A<\/td>\n<td colspan=\"2\" width=\"118\">\u00a0 \u00a0 \u00a0 \u00a0 20\u00a0\u00a0 20<\/td>\n<td width=\"104\">\u00a0\u00a0\u00a0\u00a0\u00a0\u00a0 25\u00a0\u00a0 25<\/td>\n<td colspan=\"2\" width=\"113\">25\u00a0\u00a0 32\u00a0\u00a0 32<\/td>\n<td colspan=\"2\" width=\"93\">63\u00a0\u00a0\u00a0\u00a0\u00a0 63<\/td>\n<td colspan=\"2\" width=\"98\">100\u00a0\u00a0\u00a0\u00a0 100<\/td>\n<td colspan=\"2\" width=\"96\">150\u00a0\u00a0\u00a0\u00a0 150<\/td>\n<td colspan=\"2\" width=\"89\">180\u00a0\u00a0\u00a0\u00a0 180<\/td>\n<td colspan=\"2\" width=\"94\">360\u00a0\u00a0\u00a0\u00a0 360<\/td>\n<\/tr>\n<tr>\n<td width=\"142\">AC-23A<\/td>\n<td colspan=\"2\" width=\"118\">\u00a0 \u00a0 \u00a0 \u00a0 15\u00a0\u00a0 15<\/td>\n<td width=\"104\">\u00a0\u00a0\u00a0\u00a0\u00a0\u00a0 22\u00a0\u00a0 22<\/td>\n<td colspan=\"2\" width=\"113\">22\u00a0\u00a0 30\u00a0\u00a0 30<\/td>\n<td colspan=\"2\" width=\"93\">57\u00a0\u00a0\u00a0\u00a0\u00a0 57<\/td>\n<td colspan=\"2\" width=\"98\">90\u00a0\u00a0\u00a0\u00a0 90<\/td>\n<td colspan=\"2\" width=\"96\">135\u00a0\u00a0\u00a0\u00a0 135<\/td>\n<td colspan=\"2\" width=\"89\">150\u00a0\u00a0\u00a0\u00a0 150<\/td>\n<td colspan=\"2\" width=\"94\">360\u00a0\u00a0\u00a0\u00a0 360<\/td>\n<\/tr>\n<tr>\n<td width=\"142\">AC2<\/td>\n<td colspan=\"2\" width=\"118\">\u00a0 \u00a0 \u00a0 \u00a0 15\u00a0\u00a0 15<\/td>\n<td width=\"104\">\u00a0\u00a0\u00a0\u00a0\u00a0\u00a0 22\u00a0\u00a0 22<\/td>\n<td colspan=\"2\" width=\"113\">22\u00a0\u00a0 30\u00a0\u00a0 30<\/td>\n<td colspan=\"2\" width=\"93\">57\u00a0\u00a0\u00a0\u00a0\u00a0 57<\/td>\n<td colspan=\"2\" width=\"98\">90\u00a0\u00a0\u00a0\u00a0 90<\/td>\n<td colspan=\"2\" width=\"96\">135\u00a0\u00a0\u00a0\u00a0 135<\/td>\n<td colspan=\"2\" width=\"89\">150\u00a0\u00a0\u00a0\u00a0 150<\/td>\n<td colspan=\"2\" width=\"94\">360\u00a0\u00a0\u00a0\u00a0 360<\/td>\n<\/tr>\n<tr>\n<td width=\"142\">AC3<\/td>\n<td colspan=\"2\" width=\"118\">\u00a0 \u00a0 \u00a0 \u00a0 11\u00a0\u00a0 11<\/td>\n<td width=\"104\">\u00a0\u00a0\u00a0\u00a0\u00a0\u00a0 15\u00a0\u00a0 15<\/td>\n<td colspan=\"2\" width=\"113\">15\u00a0\u00a0 22\u00a0\u00a0 22<\/td>\n<td colspan=\"2\" width=\"93\">36\u00a0\u00a0\u00a0\u00a0\u00a0 36<\/td>\n<td colspan=\"2\" width=\"98\">75\u00a0\u00a0\u00a0\u00a0 75<\/td>\n<td colspan=\"2\" width=\"96\">95\u00a0\u00a0\u00a0\u00a0\u00a0 95<\/td>\n<td colspan=\"2\" width=\"89\">110\u00a0\u00a0\u00a0\u00a0 110<\/td>\n<td colspan=\"2\" width=\"94\">140\u00a0\u00a0\u00a0\u00a0 140<\/td>\n<\/tr>\n<tr>\n<td width=\"142\">AC4<\/td>\n<td colspan=\"2\" width=\"118\">\u00a0 \u00a0 \u00a0 \u00a0 3.5\u00a0 3.5<\/td>\n<td width=\"104\">\u00a0\u00a0\u00a0\u00a0\u00a0\u00a0 6.5\u00a0 6.5<\/td>\n<td colspan=\"2\" width=\"113\">6.5\u00a0\u00a0 11\u00a0\u00a0 11<\/td>\n<td colspan=\"2\" width=\"93\">15\u00a0\u00a0\u00a0\u00a0\u00a0 15<\/td>\n<td colspan=\"2\" width=\"98\">30\u00a0\u00a0\u00a0\u00a0 30<\/td>\n<td colspan=\"2\" width=\"96\">55\u00a0\u00a0\u00a0\u00a0\u00a0 55<\/td>\n<td colspan=\"2\" width=\"89\">70\u00a0\u00a0\u00a0\u00a0\u00a0 70<\/td>\n<td colspan=\"2\" width=\"94\">110\u00a0\u00a0\u00a0\u00a0 110<\/td>\n<\/tr>\n<tr>\n<td width=\"142\">AC-15<\/td>\n<td colspan=\"2\" width=\"118\">\u00a0 \u00a0 \u00a0 \u00a0 \u00a05\u00a0\u00a0\u00a0 4<\/td>\n<td width=\"104\">\u00a0\u00a0\u00a0\u00a0 8\u00a0\u00a0\u00a0 5<\/td>\n<td colspan=\"2\" width=\"113\">5\u00a0\u00a0 14\u00a0\u00a0 6\u00a0<\/td>\n<td colspan=\"2\" width=\"93\">\u4e00 \u4e00<\/td>\n<td colspan=\"2\" width=\"98\">\u4e00 \u4e00<\/td>\n<td colspan=\"2\" width=\"96\">\u4e00 \u4e00<\/td>\n<td colspan=\"2\" width=\"89\">\u4e00 \u4e00<\/td>\n<td colspan=\"2\" width=\"94\">\u4e00 \u4e00<\/td>\n<\/tr>\n<tr>\n<td width=\"142\">AC-13<\/td>\n<td colspan=\"2\" width=\"118\">\u00a0 \u00a0 \u00a0 \u00a05\u00a0\u00a0\u00a0 1<\/td>\n<td width=\"104\">\u00a0\u00a0 9\u00a0\u00a0\u00a0 1.5<\/td>\n<td colspan=\"2\" width=\"113\">\u00a0\u00a0\u00a0\u00a0\u00a0 25\u00a0 11<\/td>\n<td colspan=\"2\" width=\"93\">\u4e00 \u4e00<\/td>\n<td colspan=\"2\" width=\"98\">\u4e00 \u4e00<\/td>\n<td colspan=\"2\" width=\"96\">\u4e00 \u4e00<\/td>\n<td colspan=\"2\" width=\"89\">\u4e00 \u4e00<\/td>\n<td colspan=\"2\" width=\"94\">\u4e00 \u4e00<\/td>\n<\/tr>\n<tr>\n<td rowspan=\"4\" width=\"75\">Fuqia e vler\u00ebsuar e kontrollit (KW)<\/td>\n<td width=\"142\">AC-23A<\/td>\n<td colspan=\"2\" width=\"118\">3.7\/2.5 7.5\/3.7<\/td>\n<td width=\"104\">5.5\/3\u00a0 11\/5.5<\/td>\n<td colspan=\"2\" width=\"113\">7.5\/4 15\/7.5<\/td>\n<td colspan=\"2\" width=\"93\">15\/10 30\/18.5<\/td>\n<td colspan=\"2\" width=\"98\">30\/15 45\/22<\/td>\n<td colspan=\"2\" width=\"96\">37\/22 75\/37<\/td>\n<td colspan=\"2\" width=\"89\">45\/27 85\/40<\/td>\n<td colspan=\"2\" width=\"94\">75\/37 132\/55<\/td>\n<\/tr>\n<tr>\n<td width=\"142\">AC-2<\/td>\n<td colspan=\"2\" width=\"118\">\u00a0\u00a0 4\u00a0 7.5<\/td>\n<td width=\"104\">\u00a0\u00a0\u00a0 5.5\u00a0 11<\/td>\n<td colspan=\"2\" width=\"113\">\u00a0\u00a0\u00a0\u00a0\u00a0\u00a0\u00a0\u00a0\u00a0 7.5\u00a0 15<\/td>\n<td colspan=\"2\" width=\"93\">18.5\u00a0 30<\/td>\n<td colspan=\"2\" width=\"98\">30\u00a0 45<\/td>\n<td colspan=\"2\" width=\"96\">37\u00a0\u00a0\u00a0 55<\/td>\n<td colspan=\"2\" width=\"89\">45\u00a0\u00a0 60<\/td>\n<td colspan=\"2\" width=\"94\">55\u00a0\u00a0\u00a0\u00a0\u00a0 95<\/td>\n<\/tr>\n<tr>\n<td width=\"142\">AC-3\u00a0<\/td>\n<td colspan=\"2\" width=\"118\">3\/2.2\u00a0 5.5\/3<\/td>\n<td width=\"104\">\u00a0\u00a0\u00a0\u00a0\u00a0 4\/3 7.5\/3.7<\/td>\n<td colspan=\"2\" width=\"113\">5.5\/4 11\/5.5<\/td>\n<td colspan=\"2\" width=\"93\">11\/6 18.5\/11<\/td>\n<td colspan=\"2\" width=\"98\">15\/7.5 30\/13<\/td>\n<td colspan=\"2\" width=\"96\">22\/11 37\/18.5<\/td>\n<td colspan=\"2\" width=\"89\">28\/15 45\/22<\/td>\n<td colspan=\"2\" width=\"94\">37\/22 55\/30<\/td>\n<\/tr>\n<tr>\n<td width=\"142\">AC-4<\/td>\n<td colspan=\"2\" width=\"118\">0.55\/075 1.5\/1.5<\/td>\n<td width=\"104\">1.5\/1.1\u00a0 3\/22<\/td>\n<td colspan=\"2\" width=\"113\">3.7\/1.5 5.5\/3<\/td>\n<td colspan=\"2\" width=\"93\">5.5\/2.4 7.5\/4<\/td>\n<td colspan=\"2\" width=\"98\">6\/3 12\/5.5<\/td>\n<td colspan=\"2\" width=\"96\">10\/4 15\/7.5<\/td>\n<td colspan=\"2\" width=\"89\">12.5\/6 22\/9<\/td>\n<td colspan=\"2\" width=\"94\">15\/7.5 25\/11<\/td>\n<\/tr>\n<tr>\n<td colspan=\"2\" width=\"217\">Jeta mekanike<\/td>\n<td style=\"text-align: center;\" colspan=\"15\" width=\"810\">60&#215;10^4<\/td>\n<\/tr>\n<tr>\n<td colspan=\"2\" width=\"217\">Jeta elektrike<\/td>\n<td style=\"text-align: center;\" colspan=\"15\" width=\"810\">AC-15 20x 10^4 DC-13 6x 10^4<\/td>\n<\/tr>\n<\/tbody>\n<\/table>\n\n\n<p>D<strong>p\u00ebrmasat<\/strong><\/p>\n\n\n\n<figure class=\"wp-block-image size-full\"><img fetchpriority=\"high\" decoding=\"async\" width=\"406\" height=\"385\" src=\"https:\/\/www.tosunlux.eu\/wp-content\/uploads\/2022\/04\/20A-25A.jpg\" alt=\"\" class=\"wp-image-1966\" srcset=\"https:\/\/www.tosunlux.eu\/wp-content\/uploads\/2022\/04\/20A-25A.jpg 406w, https:\/\/www.tosunlux.eu\/wp-content\/uploads\/2022\/04\/20A-25A-300x284.jpg 300w\" sizes=\"(max-width: 406px) 100vw, 406px\" \/><figcaption><strong>20A,25A<\/strong><\/figcaption><\/figure>\n\n\n\n<figure class=\"wp-block-image size-full\"><img decoding=\"async\" width=\"429\" height=\"401\" src=\"https:\/\/www.tosunlux.eu\/wp-content\/uploads\/2022\/04\/32A-63A.jpg\" alt=\"\" class=\"wp-image-1967\" srcset=\"https:\/\/www.tosunlux.eu\/wp-content\/uploads\/2022\/04\/32A-63A.jpg 429w, https:\/\/www.tosunlux.eu\/wp-content\/uploads\/2022\/04\/32A-63A-300x280.jpg 300w\" sizes=\"(max-width: 429px) 100vw, 429px\" \/><figcaption><strong>32A,63A<\/strong><\/figcaption><\/figure>\n\n\n\n<figure class=\"wp-block-image size-full\"><img decoding=\"async\" width=\"451\" height=\"427\" src=\"https:\/\/www.tosunlux.eu\/wp-content\/uploads\/2022\/04\/125A-160A.jpg\" alt=\"\" class=\"wp-image-1968\" srcset=\"https:\/\/www.tosunlux.eu\/wp-content\/uploads\/2022\/04\/125A-160A.jpg 451w, https:\/\/www.tosunlux.eu\/wp-content\/uploads\/2022\/04\/125A-160A-300x284.jpg 300w\" sizes=\"(max-width: 451px) 100vw, 451px\" \/><figcaption><strong>125A,160A<\/strong><\/figcaption><\/figure>\n\n\n\n<figure class=\"wp-block-image size-full\"><img loading=\"lazy\" decoding=\"async\" width=\"524\" height=\"496\" src=\"https:\/\/www.tosunlux.eu\/wp-content\/uploads\/2022\/04\/200A400A.jpg\" alt=\"\" class=\"wp-image-1969\" srcset=\"https:\/\/www.tosunlux.eu\/wp-content\/uploads\/2022\/04\/200A400A.jpg 524w, https:\/\/www.tosunlux.eu\/wp-content\/uploads\/2022\/04\/200A400A-300x284.jpg 300w\" sizes=\"(max-width: 524px) 100vw, 524px\" \/><figcaption><strong>200A,400A<\/strong><\/figcaption><\/figure>","protected":false},"parent":0,"template":"","product_category":[35,97],"class_list":["post-1961","product","type-product","status-publish","hentry","product_category-industrial-control-devices","product_category-changeover-switch"],"yoast_head":"<!-- This site is optimized with the Yoast SEO plugin v27.5 - https:\/\/yoast.com\/product\/yoast-seo-wordpress\/ -->\n<title>WholesaleCA10 Changeover Switch - TOSUNlux Official Site - Electrical Circuit Breaker Manufacturer in China Low Voltage Electrical Supplier | TOSUNlux<\/title>\n<meta name=\"description\" content=\"CA10 Changeover Switch Supplier - Wholesale direct from TOSUNlux, a trusted manufacturer since 1994. Get your B2B factory quote on our certified Low Voltage electrical products.\" \/>\n<meta name=\"robots\" content=\"index, follow, max-snippet:-1, max-image-preview:large, max-video-preview:-1\" \/>\n<link rel=\"canonical\" href=\"https:\/\/www.tosunlux.eu\/sq\/products\/ca10-changeover-switch\/\" \/>\n<meta property=\"og:locale\" content=\"sq_AL\" \/>\n<meta property=\"og:type\" content=\"article\" \/>\n<meta property=\"og:title\" content=\"WholesaleCA10 Changeover Switch - TOSUNlux Official Site - Electrical Circuit Breaker Manufacturer in China Low Voltage Electrical Supplier | TOSUNlux\" \/>\n<meta property=\"og:description\" content=\"CA10 Changeover Switch Supplier - Wholesale direct from TOSUNlux, a trusted manufacturer since 1994. Get your B2B factory quote on our certified Low Voltage electrical products.\" \/>\n<meta property=\"og:url\" content=\"https:\/\/www.tosunlux.eu\/sq\/products\/ca10-changeover-switch\/\" \/>\n<meta property=\"og:site_name\" content=\"TOSUNlux Official Site - Electrical Circuit Breaker Manufacturer in China\" \/>\n<meta property=\"article:publisher\" content=\"https:\/\/www.facebook.com\/TOSUNelectric\/\" \/>\n<meta property=\"article:modified_time\" content=\"2023-09-13T06:47:59+00:00\" \/>\n<meta property=\"og:image\" content=\"https:\/\/www.tosunlux.eu\/wp-content\/uploads\/2022\/04\/20A-25A.jpg\" \/>\n<meta name=\"twitter:card\" content=\"summary_large_image\" \/>\n<meta name=\"twitter:label1\" content=\"Est. reading time\" \/>\n\t<meta name=\"twitter:data1\" content=\"3 minuta\" \/>\n<script type=\"application\/ld+json\" class=\"yoast-schema-graph\">{\"@context\":\"https:\\\/\\\/schema.org\",\"@graph\":[{\"@type\":\"WebPage\",\"@id\":\"https:\\\/\\\/www.tosunlux.eu\\\/pt\\\/products\\\/ca10-changeover-switch\\\/\",\"url\":\"https:\\\/\\\/www.tosunlux.eu\\\/pt\\\/products\\\/ca10-changeover-switch\\\/\",\"name\":\"WholesaleCA10 Changeover Switch - TOSUNlux Official Site - Electrical Circuit Breaker Manufacturer in China Low Voltage Electrical Supplier | TOSUNlux\",\"isPartOf\":{\"@id\":\"https:\\\/\\\/www.tosunlux.eu\\\/ru\\\/#website\"},\"primaryImageOfPage\":{\"@id\":\"https:\\\/\\\/www.tosunlux.eu\\\/pt\\\/products\\\/ca10-changeover-switch\\\/#primaryimage\"},\"image\":{\"@id\":\"https:\\\/\\\/www.tosunlux.eu\\\/pt\\\/products\\\/ca10-changeover-switch\\\/#primaryimage\"},\"thumbnailUrl\":\"https:\\\/\\\/www.tosunlux.eu\\\/wp-content\\\/uploads\\\/2022\\\/04\\\/20A-25A.jpg\",\"datePublished\":\"2022-04-27T07:58:35+00:00\",\"dateModified\":\"2023-09-13T06:47:59+00:00\",\"description\":\"CA10 Changeover Switch Supplier - Wholesale direct from TOSUNlux, a trusted manufacturer since 1994. Get your B2B factory quote on our certified Low Voltage electrical products.\",\"breadcrumb\":{\"@id\":\"https:\\\/\\\/www.tosunlux.eu\\\/pt\\\/products\\\/ca10-changeover-switch\\\/#breadcrumb\"},\"inLanguage\":\"sq\",\"potentialAction\":[{\"@type\":\"ReadAction\",\"target\":[\"https:\\\/\\\/www.tosunlux.eu\\\/pt\\\/products\\\/ca10-changeover-switch\\\/\"]}]},{\"@type\":\"ImageObject\",\"inLanguage\":\"sq\",\"@id\":\"https:\\\/\\\/www.tosunlux.eu\\\/pt\\\/products\\\/ca10-changeover-switch\\\/#primaryimage\",\"url\":\"https:\\\/\\\/www.tosunlux.eu\\\/wp-content\\\/uploads\\\/2022\\\/04\\\/20A-25A.jpg\",\"contentUrl\":\"https:\\\/\\\/www.tosunlux.eu\\\/wp-content\\\/uploads\\\/2022\\\/04\\\/20A-25A.jpg\"},{\"@type\":\"BreadcrumbList\",\"@id\":\"https:\\\/\\\/www.tosunlux.eu\\\/pt\\\/products\\\/ca10-changeover-switch\\\/#breadcrumb\",\"itemListElement\":[{\"@type\":\"ListItem\",\"position\":1,\"name\":\"Home\",\"item\":\"https:\\\/\\\/www.tosunlux.eu\\\/ru\\\/\"},{\"@type\":\"ListItem\",\"position\":2,\"name\":\"Products\",\"item\":\"https:\\\/\\\/www.tosunlux.eu\\\/products\\\/\"},{\"@type\":\"ListItem\",\"position\":3,\"name\":\"CA10 Changeover Switch\"}]},{\"@type\":\"WebSite\",\"@id\":\"https:\\\/\\\/www.tosunlux.eu\\\/ru\\\/#website\",\"url\":\"https:\\\/\\\/www.tosunlux.eu\\\/ru\\\/\",\"name\":\"TOSUNlux Official Site - Electrical Circuit Breaker Manufacturer in China\",\"description\":\"Power Distribution System Supplier\",\"publisher\":{\"@id\":\"https:\\\/\\\/www.tosunlux.eu\\\/ru\\\/#organization\"},\"alternateName\":\"TOSUNlux\",\"potentialAction\":[{\"@type\":\"SearchAction\",\"target\":{\"@type\":\"EntryPoint\",\"urlTemplate\":\"https:\\\/\\\/www.tosunlux.eu\\\/ru\\\/?s={search_term_string}\"},\"query-input\":{\"@type\":\"PropertyValueSpecification\",\"valueRequired\":true,\"valueName\":\"search_term_string\"}}],\"inLanguage\":\"sq\"},{\"@type\":\"Organization\",\"@id\":\"https:\\\/\\\/www.tosunlux.eu\\\/ru\\\/#organization\",\"name\":\"TOSUNlux\",\"url\":\"https:\\\/\\\/www.tosunlux.eu\\\/ru\\\/\",\"logo\":{\"@type\":\"ImageObject\",\"inLanguage\":\"sq\",\"@id\":\"https:\\\/\\\/www.tosunlux.eu\\\/ru\\\/#\\\/schema\\\/logo\\\/image\\\/\",\"url\":\"https:\\\/\\\/www.tosunlux.eu\\\/wp-content\\\/uploads\\\/2022\\\/01\\\/LOGOSYSM.71762f1.png\",\"contentUrl\":\"https:\\\/\\\/www.tosunlux.eu\\\/wp-content\\\/uploads\\\/2022\\\/01\\\/LOGOSYSM.71762f1.png\",\"width\":153,\"height\":55,\"caption\":\"TOSUNlux\"},\"image\":{\"@id\":\"https:\\\/\\\/www.tosunlux.eu\\\/ru\\\/#\\\/schema\\\/logo\\\/image\\\/\"},\"sameAs\":[\"https:\\\/\\\/www.facebook.com\\\/TOSUNelectric\\\/\",\"https:\\\/\\\/www.linkedin.com\\\/company\\\/wenzhou-tosun-electric-co.-ltd\\\/\"]}]}<\/script>\n<!-- \/ Yoast SEO plugin. -->","yoast_head_json":{"title":"WholesaleCA10 Changeover Switch - TOSUNlux Official Site - Electrical Circuit Breaker Manufacturer in China Low Voltage Electrical Supplier | TOSUNlux","description":"CA10 Changeover Switch Supplier - Wholesale direct from TOSUNlux, a trusted manufacturer since 1994. Get your B2B factory quote on our certified Low Voltage electrical products.","robots":{"index":"index","follow":"follow","max-snippet":"max-snippet:-1","max-image-preview":"max-image-preview:large","max-video-preview":"max-video-preview:-1"},"canonical":"https:\/\/www.tosunlux.eu\/sq\/products\/ca10-changeover-switch\/","og_locale":"sq_AL","og_type":"article","og_title":"WholesaleCA10 Changeover Switch - TOSUNlux Official Site - Electrical Circuit Breaker Manufacturer in China Low Voltage Electrical Supplier | TOSUNlux","og_description":"CA10 Changeover Switch Supplier - Wholesale direct from TOSUNlux, a trusted manufacturer since 1994. Get your B2B factory quote on our certified Low Voltage electrical products.","og_url":"https:\/\/www.tosunlux.eu\/sq\/products\/ca10-changeover-switch\/","og_site_name":"TOSUNlux Official Site - Electrical Circuit Breaker Manufacturer in China","article_publisher":"https:\/\/www.facebook.com\/TOSUNelectric\/","article_modified_time":"2023-09-13T06:47:59+00:00","og_image":[{"url":"https:\/\/www.tosunlux.eu\/wp-content\/uploads\/2022\/04\/20A-25A.jpg","type":"","width":"","height":""}],"twitter_card":"summary_large_image","twitter_misc":{"Est. reading time":"3 minuta"},"schema":{"@context":"https:\/\/schema.org","@graph":[{"@type":"WebPage","@id":"https:\/\/www.tosunlux.eu\/pt\/products\/ca10-changeover-switch\/","url":"https:\/\/www.tosunlux.eu\/pt\/products\/ca10-changeover-switch\/","name":"WholesaleCA10 Changeover Switch - TOSUNlux Official Site - Electrical Circuit Breaker Manufacturer in China Low Voltage Electrical Supplier | TOSUNlux","isPartOf":{"@id":"https:\/\/www.tosunlux.eu\/ru\/#website"},"primaryImageOfPage":{"@id":"https:\/\/www.tosunlux.eu\/pt\/products\/ca10-changeover-switch\/#primaryimage"},"image":{"@id":"https:\/\/www.tosunlux.eu\/pt\/products\/ca10-changeover-switch\/#primaryimage"},"thumbnailUrl":"https:\/\/www.tosunlux.eu\/wp-content\/uploads\/2022\/04\/20A-25A.jpg","datePublished":"2022-04-27T07:58:35+00:00","dateModified":"2023-09-13T06:47:59+00:00","description":"CA10 Changeover Switch Supplier - Wholesale direct from TOSUNlux, a trusted manufacturer since 1994. Get your B2B factory quote on our certified Low Voltage electrical products.","breadcrumb":{"@id":"https:\/\/www.tosunlux.eu\/pt\/products\/ca10-changeover-switch\/#breadcrumb"},"inLanguage":"sq","potentialAction":[{"@type":"ReadAction","target":["https:\/\/www.tosunlux.eu\/pt\/products\/ca10-changeover-switch\/"]}]},{"@type":"ImageObject","inLanguage":"sq","@id":"https:\/\/www.tosunlux.eu\/pt\/products\/ca10-changeover-switch\/#primaryimage","url":"https:\/\/www.tosunlux.eu\/wp-content\/uploads\/2022\/04\/20A-25A.jpg","contentUrl":"https:\/\/www.tosunlux.eu\/wp-content\/uploads\/2022\/04\/20A-25A.jpg"},{"@type":"BreadcrumbList","@id":"https:\/\/www.tosunlux.eu\/pt\/products\/ca10-changeover-switch\/#breadcrumb","itemListElement":[{"@type":"ListItem","position":1,"name":"Home","item":"https:\/\/www.tosunlux.eu\/ru\/"},{"@type":"ListItem","position":2,"name":"Products","item":"https:\/\/www.tosunlux.eu\/products\/"},{"@type":"ListItem","position":3,"name":"CA10 Changeover Switch"}]},{"@type":"WebSite","@id":"https:\/\/www.tosunlux.eu\/ru\/#website","url":"https:\/\/www.tosunlux.eu\/ru\/","name":"Faqja zyrtare e TOSUNlux - Prodhuesi i nd\u00ebrprer\u00ebsve t\u00eb qarkut elektrik n\u00eb Kin\u00eb","description":"Furnizuesi i Sistemit t\u00eb Shp\u00ebrndarjes s\u00eb Energjis\u00eb","publisher":{"@id":"https:\/\/www.tosunlux.eu\/ru\/#organization"},"alternateName":"TOSUNlux","potentialAction":[{"@type":"SearchAction","target":{"@type":"EntryPoint","urlTemplate":"https:\/\/www.tosunlux.eu\/ru\/?s={search_term_string}"},"query-input":{"@type":"PropertyValueSpecification","valueRequired":true,"valueName":"search_term_string"}}],"inLanguage":"sq"},{"@type":"Organization","@id":"https:\/\/www.tosunlux.eu\/ru\/#organization","name":"TOSUNlux","url":"https:\/\/www.tosunlux.eu\/ru\/","logo":{"@type":"ImageObject","inLanguage":"sq","@id":"https:\/\/www.tosunlux.eu\/ru\/#\/schema\/logo\/image\/","url":"https:\/\/www.tosunlux.eu\/wp-content\/uploads\/2022\/01\/LOGOSYSM.71762f1.png","contentUrl":"https:\/\/www.tosunlux.eu\/wp-content\/uploads\/2022\/01\/LOGOSYSM.71762f1.png","width":153,"height":55,"caption":"TOSUNlux"},"image":{"@id":"https:\/\/www.tosunlux.eu\/ru\/#\/schema\/logo\/image\/"},"sameAs":["https:\/\/www.facebook.com\/TOSUNelectric\/","https:\/\/www.linkedin.com\/company\/wenzhou-tosun-electric-co.-ltd\/"]}]}},"_links":{"self":[{"href":"https:\/\/www.tosunlux.eu\/sq\/wp-json\/wp\/v2\/product\/1961","targetHints":{"allow":["GET"]}}],"collection":[{"href":"https:\/\/www.tosunlux.eu\/sq\/wp-json\/wp\/v2\/product"}],"about":[{"href":"https:\/\/www.tosunlux.eu\/sq\/wp-json\/wp\/v2\/types\/product"}],"version-history":[{"count":2,"href":"https:\/\/www.tosunlux.eu\/sq\/wp-json\/wp\/v2\/product\/1961\/revisions"}],"predecessor-version":[{"id":8078,"href":"https:\/\/www.tosunlux.eu\/sq\/wp-json\/wp\/v2\/product\/1961\/revisions\/8078"}],"wp:attachment":[{"href":"https:\/\/www.tosunlux.eu\/sq\/wp-json\/wp\/v2\/media?parent=1961"}],"wp:term":[{"taxonomy":"product_category","embeddable":true,"href":"https:\/\/www.tosunlux.eu\/sq\/wp-json\/wp\/v2\/product_category?post=1961"}],"curies":[{"name":"wp","href":"https:\/\/api.w.org\/{rel}","templated":true}]}}