{"id":2205,"date":"2022-05-03T14:26:19","date_gmt":"2022-05-03T06:26:19","guid":{"rendered":"https:\/\/www.tosunlux.eu\/?post_type=product&#038;p=2205"},"modified":"2024-12-28T15:48:43","modified_gmt":"2024-12-28T07:48:43","slug":"tsm2-moulded-case-circuit-breaker","status":"publish","type":"product","link":"https:\/\/www.tosunlux.eu\/sq\/products\/tsm2-moulded-case-circuit-breaker\/","title":{"rendered":"Nd\u00ebrprer\u00ebs me kas\u00eb t\u00eb derdhur TSM2"},"content":{"rendered":"<figure class=\"wp-block-image size-large is-resized\"><img decoding=\"async\" src=\"https:\/\/www.tosunlux.eu\/wp-content\/uploads\/2023\/06\/logo-2-1024x253.jpg\" alt=\"\" class=\"wp-image-7256\" width=\"256\" height=\"63\" srcset=\"https:\/\/www.tosunlux.eu\/wp-content\/uploads\/2023\/06\/logo-2-1024x253.jpg 1024w, https:\/\/www.tosunlux.eu\/wp-content\/uploads\/2023\/06\/logo-2-300x74.jpg 300w, https:\/\/www.tosunlux.eu\/wp-content\/uploads\/2023\/06\/logo-2-768x190.jpg 768w, https:\/\/www.tosunlux.eu\/wp-content\/uploads\/2023\/06\/logo-2-1536x380.jpg 1536w, https:\/\/www.tosunlux.eu\/wp-content\/uploads\/2023\/06\/logo-2-18x4.jpg 18w, https:\/\/www.tosunlux.eu\/wp-content\/uploads\/2023\/06\/logo-2.jpg 1600w\" sizes=\"(max-width: 256px) 100vw, 256px\" \/><\/figure>\n\n\n\n<p><strong>Aplikimi<\/strong><\/p>\n\n\n\n<p><\/p>\n\n\n\n<p>Seria TSM2 e nd\u00ebrprer\u00ebsve me kas\u00eb t\u00eb derdhur furnizohet me tension t\u00eb vler\u00ebsuar t\u00eb izolimit 800V dhe p\u00ebrdoret p\u00ebr qark AC 50Hz, tension t\u00eb vler\u00ebsuar operativ AC 400V ose n\u00ebn rrym\u00ebn nominale t\u00eb funksionimit deri n\u00eb 1600A p\u00ebr nd\u00ebrrim dhe ndezje t\u00eb rrall\u00eb t\u00eb motor\u00ebve. I pajisur me pajisje mbrojt\u00ebse p\u00ebr mbirrym\u00eb, qark t\u00eb shkurt\u00ebr dhe n\u00ebn tension, produkti \u00ebsht\u00eb n\u00eb gjendje t\u00eb parandaloj\u00eb d\u00ebmtimin e qarqeve dhe nj\u00ebsive t\u00eb furnizimit. Produktet p\u00ebrputhen me IEC60947-2.<\/p>\n\n\n\n<p><\/p>\n\n\n\n<p><strong>Specifikimi<\/strong><\/p>\n\n\n\n<p><\/p>\n\n\n\n<p><\/p>\n\n\n<table width=\"715\">\n<tbody>\n<tr>\n<td rowspan=\"2\" width=\"102\">Model<\/td>\n<td rowspan=\"2\" width=\"109\">Rryma e vler\u00ebsuar (A)<\/td>\n<td rowspan=\"2\" width=\"72\">Numri i polak\u00ebve<\/td>\n<td rowspan=\"2\" width=\"72\">Tensioni i vler\u00ebsuar me izolim (V)<\/td>\n<td rowspan=\"2\" width=\"72\">Distanca e harkut (mm)<\/td>\n<td rowspan=\"2\" width=\"72\">Kapaciteti i fundit i shkurt\u00ebr i qarkut (KA)<\/td>\n<td rowspan=\"2\" width=\"72\">Kapaciteti i nd\u00ebrprerjes s\u00eb qarkut t\u00eb shkurt\u00ebr t\u00eb sh\u00ebrbimit (KA)<\/td>\n<td colspan=\"2\" width=\"144\">Operacioni Performanc\u00eb<\/td>\n<\/tr>\n<tr>\n<td width=\"72\">AKTIV<\/td>\n<td width=\"72\">FAKT<\/td>\n<\/tr>\n<tr>\n<td width=\"102\">TSM2-63L<\/td>\n<td rowspan=\"2\" width=\"109\">10.16.20.25.32.40.50.63<\/td>\n<td rowspan=\"12\" width=\"72\">3.4<\/td>\n<td rowspan=\"2\" width=\"72\">500<\/td>\n<td width=\"72\">0 (\u226650)<\/td>\n<td width=\"72\">25<\/td>\n<td width=\"72\">18<\/td>\n<td rowspan=\"5\" width=\"72\">1500<\/td>\n<td rowspan=\"5\" width=\"72\">8500<\/td>\n<\/tr>\n<tr>\n<td width=\"102\">TSM2-63M<\/td>\n<td width=\"72\">0 (\u226650)<\/td>\n<td width=\"72\">50<\/td>\n<td width=\"72\">22<\/td>\n<\/tr>\n<tr>\n<td width=\"102\">TSM2-125L<\/td>\n<td rowspan=\"3\" width=\"109\">16,20.25.32.40.50.63.80.100,125<\/td>\n<td rowspan=\"13\" width=\"72\">1000<\/td>\n<td width=\"72\">0 (\u226650)<\/td>\n<td width=\"72\">35<\/td>\n<td width=\"72\">22<\/td>\n<\/tr>\n<tr>\n<td width=\"102\">TSM2-125M<\/td>\n<td width=\"72\">0 (\u226650)<\/td>\n<td width=\"72\">50<\/td>\n<td width=\"72\">35<\/td>\n<\/tr>\n<tr>\n<td width=\"102\">TSM2-125H<\/td>\n<td width=\"72\">0 (\u226650)<\/td>\n<td width=\"72\">65<\/td>\n<td width=\"72\">50<\/td>\n<\/tr>\n<tr>\n<td width=\"102\">TSM2-225L<\/td>\n<td rowspan=\"3\" width=\"109\">100,125160,180.200,225<\/td>\n<td width=\"72\">&nbsp;\u226680<\/td>\n<td width=\"72\">35<\/td>\n<td width=\"72\">22<\/td>\n<td rowspan=\"3\" width=\"72\">1000<\/td>\n<td rowspan=\"3\" width=\"72\">7000<\/td>\n<\/tr>\n<tr>\n<td width=\"102\">TSM2-225M<\/td>\n<td width=\"72\">&nbsp;\u226680<\/td>\n<td width=\"72\">50<\/td>\n<td width=\"72\">35<\/td>\n<\/tr>\n<tr>\n<td width=\"102\">TSM2-225H<\/td>\n<td width=\"72\">&nbsp;\u226680<\/td>\n<td width=\"72\">70<\/td>\n<td width=\"72\">50<\/td>\n<\/tr>\n<tr>\n<td width=\"102\">TSM2-400L<\/td>\n<td rowspan=\"2\" width=\"109\">225.250315,350400<\/td>\n<td width=\"72\">&nbsp;\u2266100<\/td>\n<td width=\"72\">50<\/td>\n<td width=\"72\">25<\/td>\n<td rowspan=\"4\" width=\"72\">1000<\/td>\n<td rowspan=\"4\" width=\"72\">4000<\/td>\n<\/tr>\n<tr>\n<td width=\"102\">TSM2-400M<\/td>\n<td width=\"72\">&nbsp;\u2266100<\/td>\n<td width=\"72\">65<\/td>\n<td width=\"72\">32.5<\/td>\n<\/tr>\n<tr>\n<td width=\"102\">TSM2-630L<\/td>\n<td rowspan=\"2\" width=\"109\">400630<\/td>\n<td width=\"72\">&nbsp;\u2266100<\/td>\n<td width=\"72\">50<\/td>\n<td width=\"72\">25<\/td>\n<\/tr>\n<tr>\n<td width=\"102\">TSM2-630H<\/td>\n<td width=\"72\">&nbsp;\u2266100<\/td>\n<td width=\"72\">100<\/td>\n<td width=\"72\">50<\/td>\n<\/tr>\n<tr>\n<td width=\"102\">TSM2-800M<\/td>\n<td width=\"109\">630.700800<\/td>\n<td rowspan=\"3\" width=\"72\">3<\/td>\n<td width=\"72\">&nbsp;\u2266100<\/td>\n<td width=\"72\">75<\/td>\n<td width=\"72\">37.5<\/td>\n<td rowspan=\"3\" width=\"72\">500<\/td>\n<td rowspan=\"3\" width=\"72\">2500<\/td>\n<\/tr>\n<tr>\n<td width=\"102\">TSM2-1250M<\/td>\n<td width=\"109\">1000,1250<\/td>\n<td width=\"72\">&nbsp;\u2266100<\/td>\n<td width=\"72\">65<\/td>\n<td width=\"72\">50<\/td>\n<\/tr>\n<tr>\n<td width=\"102\">TSM2-1600M<\/td>\n<td width=\"109\">1600<\/td>\n<td width=\"72\">&nbsp;\u2266100<\/td>\n<td width=\"72\">65<\/td>\n<td width=\"72\">50<\/td>\n<\/tr>\n<\/tbody>\n<\/table>","protected":false},"parent":0,"template":"","product_category":[24,79],"class_list":["post-2205","product","type-product","status-publish","hentry","product_category-power-distribution-system","product_category-mccb"],"yoast_head":"<!-- This site is optimized with the Yoast SEO plugin v27.5 - https:\/\/yoast.com\/product\/yoast-seo-wordpress\/ -->\n<title>WholesaleTSM2 Moulded Case Circuit Breaker - TOSUNlux Official Site - Electrical Circuit Breaker Manufacturer in China Low Voltage Electrical Supplier | TOSUNlux<\/title>\n<meta name=\"description\" content=\"TSM2 Moulded Case Circuit Breaker Supplier - Wholesale direct from TOSUNlux, a trusted manufacturer since 1994. Get your B2B factory quote on our certified Low Voltage electrical products.\" \/>\n<meta name=\"robots\" content=\"index, follow, max-snippet:-1, max-image-preview:large, max-video-preview:-1\" \/>\n<link rel=\"canonical\" href=\"https:\/\/www.tosunlux.eu\/sq\/products\/tsm2-moulded-case-circuit-breaker\/\" \/>\n<meta property=\"og:locale\" content=\"sq_AL\" \/>\n<meta property=\"og:type\" content=\"article\" \/>\n<meta property=\"og:title\" content=\"WholesaleTSM2 Moulded Case Circuit Breaker - TOSUNlux Official Site - Electrical Circuit Breaker Manufacturer in China Low Voltage Electrical Supplier | TOSUNlux\" \/>\n<meta property=\"og:description\" content=\"TSM2 Moulded Case Circuit Breaker Supplier - Wholesale direct from TOSUNlux, a trusted manufacturer since 1994. Get your B2B factory quote on our certified Low Voltage electrical products.\" \/>\n<meta property=\"og:url\" content=\"https:\/\/www.tosunlux.eu\/sq\/products\/tsm2-moulded-case-circuit-breaker\/\" \/>\n<meta property=\"og:site_name\" content=\"TOSUNlux Official Site - Electrical Circuit Breaker Manufacturer in China\" \/>\n<meta property=\"article:publisher\" content=\"https:\/\/www.facebook.com\/TOSUNelectric\/\" \/>\n<meta property=\"article:modified_time\" content=\"2024-12-28T07:48:43+00:00\" \/>\n<meta property=\"og:image\" content=\"https:\/\/www.tosunlux.eu\/wp-content\/uploads\/2023\/06\/logo-2-1024x253.jpg\" \/>\n<meta name=\"twitter:card\" content=\"summary_large_image\" \/>\n<meta name=\"twitter:label1\" content=\"Est. reading time\" \/>\n\t<meta name=\"twitter:data1\" content=\"1 minut\u00eb\" \/>\n<script type=\"application\/ld+json\" class=\"yoast-schema-graph\">{\"@context\":\"https:\\\/\\\/schema.org\",\"@graph\":[{\"@type\":\"WebPage\",\"@id\":\"https:\\\/\\\/www.tosunlux.eu\\\/hy\\\/products\\\/tsm2-moulded-case-circuit-breaker\\\/\",\"url\":\"https:\\\/\\\/www.tosunlux.eu\\\/hy\\\/products\\\/tsm2-moulded-case-circuit-breaker\\\/\",\"name\":\"WholesaleTSM2 Moulded Case Circuit Breaker - TOSUNlux Official Site - Electrical Circuit Breaker Manufacturer in China Low Voltage Electrical Supplier | TOSUNlux\",\"isPartOf\":{\"@id\":\"https:\\\/\\\/www.tosunlux.eu\\\/ru\\\/#website\"},\"primaryImageOfPage\":{\"@id\":\"https:\\\/\\\/www.tosunlux.eu\\\/hy\\\/products\\\/tsm2-moulded-case-circuit-breaker\\\/#primaryimage\"},\"image\":{\"@id\":\"https:\\\/\\\/www.tosunlux.eu\\\/hy\\\/products\\\/tsm2-moulded-case-circuit-breaker\\\/#primaryimage\"},\"thumbnailUrl\":\"https:\\\/\\\/www.tosunlux.eu\\\/wp-content\\\/uploads\\\/2023\\\/06\\\/logo-2-1024x253.jpg\",\"datePublished\":\"2022-05-03T06:26:19+00:00\",\"dateModified\":\"2024-12-28T07:48:43+00:00\",\"description\":\"TSM2 Moulded Case Circuit Breaker Supplier - Wholesale direct from TOSUNlux, a trusted manufacturer since 1994. Get your B2B factory quote on our certified Low Voltage electrical products.\",\"breadcrumb\":{\"@id\":\"https:\\\/\\\/www.tosunlux.eu\\\/hy\\\/products\\\/tsm2-moulded-case-circuit-breaker\\\/#breadcrumb\"},\"inLanguage\":\"sq\",\"potentialAction\":[{\"@type\":\"ReadAction\",\"target\":[\"https:\\\/\\\/www.tosunlux.eu\\\/hy\\\/products\\\/tsm2-moulded-case-circuit-breaker\\\/\"]}]},{\"@type\":\"ImageObject\",\"inLanguage\":\"sq\",\"@id\":\"https:\\\/\\\/www.tosunlux.eu\\\/hy\\\/products\\\/tsm2-moulded-case-circuit-breaker\\\/#primaryimage\",\"url\":\"https:\\\/\\\/www.tosunlux.eu\\\/wp-content\\\/uploads\\\/2023\\\/06\\\/logo-2-1024x253.jpg\",\"contentUrl\":\"https:\\\/\\\/www.tosunlux.eu\\\/wp-content\\\/uploads\\\/2023\\\/06\\\/logo-2-1024x253.jpg\"},{\"@type\":\"BreadcrumbList\",\"@id\":\"https:\\\/\\\/www.tosunlux.eu\\\/hy\\\/products\\\/tsm2-moulded-case-circuit-breaker\\\/#breadcrumb\",\"itemListElement\":[{\"@type\":\"ListItem\",\"position\":1,\"name\":\"Home\",\"item\":\"https:\\\/\\\/www.tosunlux.eu\\\/ru\\\/\"},{\"@type\":\"ListItem\",\"position\":2,\"name\":\"Products\",\"item\":\"https:\\\/\\\/www.tosunlux.eu\\\/products\\\/\"},{\"@type\":\"ListItem\",\"position\":3,\"name\":\"TSM2 Moulded Case Circuit Breaker\"}]},{\"@type\":\"WebSite\",\"@id\":\"https:\\\/\\\/www.tosunlux.eu\\\/ru\\\/#website\",\"url\":\"https:\\\/\\\/www.tosunlux.eu\\\/ru\\\/\",\"name\":\"TOSUNlux Official Site - Electrical Circuit Breaker Manufacturer in China\",\"description\":\"Power Distribution System Supplier\",\"publisher\":{\"@id\":\"https:\\\/\\\/www.tosunlux.eu\\\/ru\\\/#organization\"},\"alternateName\":\"TOSUNlux\",\"potentialAction\":[{\"@type\":\"SearchAction\",\"target\":{\"@type\":\"EntryPoint\",\"urlTemplate\":\"https:\\\/\\\/www.tosunlux.eu\\\/ru\\\/?s={search_term_string}\"},\"query-input\":{\"@type\":\"PropertyValueSpecification\",\"valueRequired\":true,\"valueName\":\"search_term_string\"}}],\"inLanguage\":\"sq\"},{\"@type\":\"Organization\",\"@id\":\"https:\\\/\\\/www.tosunlux.eu\\\/ru\\\/#organization\",\"name\":\"TOSUNlux\",\"url\":\"https:\\\/\\\/www.tosunlux.eu\\\/ru\\\/\",\"logo\":{\"@type\":\"ImageObject\",\"inLanguage\":\"sq\",\"@id\":\"https:\\\/\\\/www.tosunlux.eu\\\/ru\\\/#\\\/schema\\\/logo\\\/image\\\/\",\"url\":\"https:\\\/\\\/www.tosunlux.eu\\\/wp-content\\\/uploads\\\/2022\\\/01\\\/LOGOSYSM.71762f1.png\",\"contentUrl\":\"https:\\\/\\\/www.tosunlux.eu\\\/wp-content\\\/uploads\\\/2022\\\/01\\\/LOGOSYSM.71762f1.png\",\"width\":153,\"height\":55,\"caption\":\"TOSUNlux\"},\"image\":{\"@id\":\"https:\\\/\\\/www.tosunlux.eu\\\/ru\\\/#\\\/schema\\\/logo\\\/image\\\/\"},\"sameAs\":[\"https:\\\/\\\/www.facebook.com\\\/TOSUNelectric\\\/\",\"https:\\\/\\\/www.linkedin.com\\\/company\\\/wenzhou-tosun-electric-co.-ltd\\\/\"]}]}<\/script>\n<!-- \/ Yoast SEO plugin. -->","yoast_head_json":{"title":"WholesaleTSM2 Moulded Case Circuit Breaker - TOSUNlux Official Site - Electrical Circuit Breaker Manufacturer in China Low Voltage Electrical Supplier | TOSUNlux","description":"TSM2 Moulded Case Circuit Breaker Supplier - Wholesale direct from TOSUNlux, a trusted manufacturer since 1994. Get your B2B factory quote on our certified Low Voltage electrical products.","robots":{"index":"index","follow":"follow","max-snippet":"max-snippet:-1","max-image-preview":"max-image-preview:large","max-video-preview":"max-video-preview:-1"},"canonical":"https:\/\/www.tosunlux.eu\/sq\/products\/tsm2-moulded-case-circuit-breaker\/","og_locale":"sq_AL","og_type":"article","og_title":"WholesaleTSM2 Moulded Case Circuit Breaker - TOSUNlux Official Site - Electrical Circuit Breaker Manufacturer in China Low Voltage Electrical Supplier | TOSUNlux","og_description":"TSM2 Moulded Case Circuit Breaker Supplier - Wholesale direct from TOSUNlux, a trusted manufacturer since 1994. Get your B2B factory quote on our certified Low Voltage electrical products.","og_url":"https:\/\/www.tosunlux.eu\/sq\/products\/tsm2-moulded-case-circuit-breaker\/","og_site_name":"TOSUNlux Official Site - Electrical Circuit Breaker Manufacturer in China","article_publisher":"https:\/\/www.facebook.com\/TOSUNelectric\/","article_modified_time":"2024-12-28T07:48:43+00:00","og_image":[{"url":"https:\/\/www.tosunlux.eu\/wp-content\/uploads\/2023\/06\/logo-2-1024x253.jpg","type":"","width":"","height":""}],"twitter_card":"summary_large_image","twitter_misc":{"Est. reading time":"1 minut\u00eb"},"schema":{"@context":"https:\/\/schema.org","@graph":[{"@type":"WebPage","@id":"https:\/\/www.tosunlux.eu\/hy\/products\/tsm2-moulded-case-circuit-breaker\/","url":"https:\/\/www.tosunlux.eu\/hy\/products\/tsm2-moulded-case-circuit-breaker\/","name":"WholesaleTSM2 Moulded Case Circuit Breaker - TOSUNlux Official Site - Electrical Circuit Breaker Manufacturer in China Low Voltage Electrical Supplier | TOSUNlux","isPartOf":{"@id":"https:\/\/www.tosunlux.eu\/ru\/#website"},"primaryImageOfPage":{"@id":"https:\/\/www.tosunlux.eu\/hy\/products\/tsm2-moulded-case-circuit-breaker\/#primaryimage"},"image":{"@id":"https:\/\/www.tosunlux.eu\/hy\/products\/tsm2-moulded-case-circuit-breaker\/#primaryimage"},"thumbnailUrl":"https:\/\/www.tosunlux.eu\/wp-content\/uploads\/2023\/06\/logo-2-1024x253.jpg","datePublished":"2022-05-03T06:26:19+00:00","dateModified":"2024-12-28T07:48:43+00:00","description":"TSM2 Moulded Case Circuit Breaker Supplier - Wholesale direct from TOSUNlux, a trusted manufacturer since 1994. Get your B2B factory quote on our certified Low Voltage electrical products.","breadcrumb":{"@id":"https:\/\/www.tosunlux.eu\/hy\/products\/tsm2-moulded-case-circuit-breaker\/#breadcrumb"},"inLanguage":"sq","potentialAction":[{"@type":"ReadAction","target":["https:\/\/www.tosunlux.eu\/hy\/products\/tsm2-moulded-case-circuit-breaker\/"]}]},{"@type":"ImageObject","inLanguage":"sq","@id":"https:\/\/www.tosunlux.eu\/hy\/products\/tsm2-moulded-case-circuit-breaker\/#primaryimage","url":"https:\/\/www.tosunlux.eu\/wp-content\/uploads\/2023\/06\/logo-2-1024x253.jpg","contentUrl":"https:\/\/www.tosunlux.eu\/wp-content\/uploads\/2023\/06\/logo-2-1024x253.jpg"},{"@type":"BreadcrumbList","@id":"https:\/\/www.tosunlux.eu\/hy\/products\/tsm2-moulded-case-circuit-breaker\/#breadcrumb","itemListElement":[{"@type":"ListItem","position":1,"name":"Home","item":"https:\/\/www.tosunlux.eu\/ru\/"},{"@type":"ListItem","position":2,"name":"Products","item":"https:\/\/www.tosunlux.eu\/products\/"},{"@type":"ListItem","position":3,"name":"TSM2 Moulded Case Circuit Breaker"}]},{"@type":"WebSite","@id":"https:\/\/www.tosunlux.eu\/ru\/#website","url":"https:\/\/www.tosunlux.eu\/ru\/","name":"Faqja zyrtare e TOSUNlux - Prodhuesi i nd\u00ebrprer\u00ebsve t\u00eb qarkut elektrik n\u00eb Kin\u00eb","description":"Furnizuesi i Sistemit t\u00eb Shp\u00ebrndarjes s\u00eb Energjis\u00eb","publisher":{"@id":"https:\/\/www.tosunlux.eu\/ru\/#organization"},"alternateName":"TOSUNlux","potentialAction":[{"@type":"SearchAction","target":{"@type":"EntryPoint","urlTemplate":"https:\/\/www.tosunlux.eu\/ru\/?s={search_term_string}"},"query-input":{"@type":"PropertyValueSpecification","valueRequired":true,"valueName":"search_term_string"}}],"inLanguage":"sq"},{"@type":"Organization","@id":"https:\/\/www.tosunlux.eu\/ru\/#organization","name":"TOSUNlux","url":"https:\/\/www.tosunlux.eu\/ru\/","logo":{"@type":"ImageObject","inLanguage":"sq","@id":"https:\/\/www.tosunlux.eu\/ru\/#\/schema\/logo\/image\/","url":"https:\/\/www.tosunlux.eu\/wp-content\/uploads\/2022\/01\/LOGOSYSM.71762f1.png","contentUrl":"https:\/\/www.tosunlux.eu\/wp-content\/uploads\/2022\/01\/LOGOSYSM.71762f1.png","width":153,"height":55,"caption":"TOSUNlux"},"image":{"@id":"https:\/\/www.tosunlux.eu\/ru\/#\/schema\/logo\/image\/"},"sameAs":["https:\/\/www.facebook.com\/TOSUNelectric\/","https:\/\/www.linkedin.com\/company\/wenzhou-tosun-electric-co.-ltd\/"]}]}},"_links":{"self":[{"href":"https:\/\/www.tosunlux.eu\/sq\/wp-json\/wp\/v2\/product\/2205","targetHints":{"allow":["GET"]}}],"collection":[{"href":"https:\/\/www.tosunlux.eu\/sq\/wp-json\/wp\/v2\/product"}],"about":[{"href":"https:\/\/www.tosunlux.eu\/sq\/wp-json\/wp\/v2\/types\/product"}],"version-history":[{"count":1,"href":"https:\/\/www.tosunlux.eu\/sq\/wp-json\/wp\/v2\/product\/2205\/revisions"}],"predecessor-version":[{"id":7257,"href":"https:\/\/www.tosunlux.eu\/sq\/wp-json\/wp\/v2\/product\/2205\/revisions\/7257"}],"wp:attachment":[{"href":"https:\/\/www.tosunlux.eu\/sq\/wp-json\/wp\/v2\/media?parent=2205"}],"wp:term":[{"taxonomy":"product_category","embeddable":true,"href":"https:\/\/www.tosunlux.eu\/sq\/wp-json\/wp\/v2\/product_category?post=2205"}],"curies":[{"name":"wp","href":"https:\/\/api.w.org\/{rel}","templated":true}]}}