{"id":2215,"date":"2022-05-03T15:25:45","date_gmt":"2022-05-03T07:25:45","guid":{"rendered":"https:\/\/www.tosunlux.eu\/?post_type=product&#038;p=2215"},"modified":"2025-02-10T15:10:27","modified_gmt":"2025-02-10T07:10:27","slug":"hr17-fuse-disconnector","status":"publish","type":"product","link":"https:\/\/www.tosunlux.eu\/sq\/products\/hr17-fuse-disconnector\/","title":{"rendered":"HR17 shky\u00e7\u00ebs i siguresave"},"content":{"rendered":"<p><strong>Aplikimi<\/strong><\/p>\n\n\n\n<p>Shk\u00ebput\u00ebsi i siguresave HR17 aplikohet n\u00eb qarkun e lart\u00eb t\u00eb rrym\u00ebs s\u00eb qarkut t\u00eb shkurt\u00ebr me AC 50\/60 HZ, tension deri n\u00eb 690V dhe rrym\u00eb t\u00eb vler\u00ebsuar pune deri n\u00eb 630A. Ai p\u00ebrpunon struktur\u00ebn hyr\u00ebse dhe dal\u00ebse t\u00eb skajit t\u00eb sip\u00ebrm dhe t\u00eb posht\u00ebm, t\u00eb \u00e7on n\u00eb pajisje me pajisje shuar\u00ebse me thik\u00eb dhe hark, dhe gjithashtu mund t\u00eb p\u00ebrdoret me ngarkes\u00eb. P\u00ebrdoret si \u00e7el\u00ebs elektrik, \u00e7el\u00ebs izolues dhe \u00e7el\u00ebs emergjence, p\u00ebr mbrojtjen e rrym\u00ebs.<\/p>\n\n\n\n<p><\/p>\n\n\n\n<p><strong>Specifikimi<\/strong><\/p>\n\n\n\n<p><\/p>\n\n\n<table width=\"576\">\n<tbody>\n<tr>\n<td style=\"text-align: center;\" width=\"72\">Model<\/td>\n<td style=\"text-align: center;\" width=\"72\">Rryma e vler\u00ebsuar e pun\u00ebs le<\/td>\n<td style=\"text-align: center;\" width=\"72\">Kapaciteti i vler\u00ebsuar i lidhjes s\u00eb qarkut t\u00eb shkurt\u00ebr Icm<\/td>\n<td style=\"text-align: center;\" width=\"72\">Rated LimitShortCircuitCurrent Inc<\/td>\n<td style=\"text-align: center;\" width=\"72\">Nd\u00ebrfaqja e vler\u00ebsuar e tensionit t\u00eb izoluar<\/td>\n<td style=\"text-align: center;\" width=\"72\">P\u00ebrdor Lloji<\/td>\n<td style=\"text-align: center;\" width=\"72\">Numri i polak\u00ebve<\/td>\n<td style=\"text-align: center;\" width=\"72\">Lidhja e siguresave t\u00eb p\u00ebrputhur<\/td>\n<\/tr>\n<tr>\n<td style=\"text-align: center;\" width=\"72\">HR17-160<\/td>\n<td style=\"text-align: center;\" width=\"72\">160 A<\/td>\n<td style=\"text-align: center;\" width=\"72\">1600 A<\/td>\n<td style=\"text-align: center;\" rowspan=\"4\" width=\"72\">50 kA<\/td>\n<td style=\"text-align: center;\" rowspan=\"4\" width=\"72\">690 V<\/td>\n<td style=\"text-align: center;\" rowspan=\"4\" width=\"72\">AC-23B<\/td>\n<td style=\"text-align: center;\" rowspan=\"4\" width=\"72\">3,4<\/td>\n<td style=\"text-align: center;\" width=\"72\">NT00<\/td>\n<\/tr>\n<tr>\n<td style=\"text-align: center;\" width=\"72\">HR17-250<\/td>\n<td style=\"text-align: center;\" width=\"72\">250 A<\/td>\n<td style=\"text-align: center;\" width=\"72\">2500 A<\/td>\n<td style=\"text-align: center;\" width=\"72\">NT1<\/td>\n<\/tr>\n<tr>\n<td style=\"text-align: center;\" width=\"72\">HR17-400<\/td>\n<td style=\"text-align: center;\" width=\"72\">400A<\/td>\n<td style=\"text-align: center;\" width=\"72\">4000A<\/td>\n<td style=\"text-align: center;\" width=\"72\">NT2<\/td>\n<\/tr>\n<tr>\n<td style=\"text-align: center;\" width=\"72\">HR17-630<\/td>\n<td style=\"text-align: center;\" width=\"72\">630 A<\/td>\n<td style=\"text-align: center;\" width=\"72\">6300A<\/td>\n<td style=\"text-align: center;\" width=\"72\">NT3<\/td>\n<\/tr>\n<\/tbody>\n<\/table>\n<p><strong>Dimensioni<\/strong><\/p>\n<p>\u00a0<\/p>\n<table width=\"687\">\n<tbody>\n<tr>\n<td style=\"text-align: center;\" width=\"111\">Model<\/td>\n<td style=\"text-align: center;\" width=\"72\">Siguresa t\u00eb ndryshme<\/td>\n<td style=\"text-align: center;\" width=\"72\">A<\/td>\n<td style=\"text-align: center;\" width=\"72\">B<\/td>\n<td style=\"text-align: center;\" width=\"72\">C<\/td>\n<td style=\"text-align: center;\" width=\"72\">D<\/td>\n<td style=\"text-align: center;\" width=\"72\">a<\/td>\n<td style=\"text-align: center;\" width=\"72\">b<\/td>\n<td style=\"text-align: center;\" width=\"72\">\u03a6 c<\/td>\n<\/tr>\n<tr>\n<td style=\"text-align: center;\" width=\"111\">HR17-160\/3P<\/td>\n<td style=\"text-align: center;\" width=\"72\">NT00<\/td>\n<td style=\"text-align: center;\" width=\"72\">106<\/td>\n<td style=\"text-align: center;\" width=\"72\">200<\/td>\n<td style=\"text-align: center;\" width=\"72\">83<\/td>\n<td style=\"text-align: center;\" width=\"72\">205<\/td>\n<td style=\"text-align: center;\" width=\"72\">66<\/td>\n<td style=\"text-align: center;\" width=\"72\">25<\/td>\n<td style=\"text-align: center;\" width=\"72\">\u03a6 7<\/td>\n<\/tr>\n<tr>\n<td style=\"text-align: center;\" width=\"111\">HR17-250\/3P<\/td>\n<td style=\"text-align: center;\" width=\"72\">NT1<\/td>\n<td style=\"text-align: center;\" width=\"72\">185<\/td>\n<td style=\"text-align: center;\" width=\"72\">247<\/td>\n<td style=\"text-align: center;\" width=\"72\">110<\/td>\n<td style=\"text-align: center;\" width=\"72\">295<\/td>\n<td style=\"text-align: center;\" width=\"72\">114<\/td>\n<td style=\"text-align: center;\" width=\"72\">50<\/td>\n<td style=\"text-align: center;\" width=\"72\">\u03a6 11<\/td>\n<\/tr>\n<tr>\n<td style=\"text-align: center;\" width=\"111\">HR17-400\/3P<\/td>\n<td style=\"text-align: center;\" width=\"72\">NT2<\/td>\n<td style=\"text-align: center;\" width=\"72\">210<\/td>\n<td style=\"text-align: center;\" width=\"72\">290<\/td>\n<td style=\"text-align: center;\" width=\"72\">125<\/td>\n<td style=\"text-align: center;\" width=\"72\">340<\/td>\n<td style=\"text-align: center;\" width=\"72\">130<\/td>\n<td style=\"text-align: center;\" width=\"72\">50<\/td>\n<td style=\"text-align: center;\" width=\"72\">\u03a6 11<\/td>\n<\/tr>\n<tr>\n<td style=\"text-align: center;\" width=\"111\">HR17-630\/3P<\/td>\n<td style=\"text-align: center;\" width=\"72\">NT3<\/td>\n<td style=\"text-align: center;\" width=\"72\">256<\/td>\n<td style=\"text-align: center;\" width=\"72\">300<\/td>\n<td style=\"text-align: center;\" width=\"72\">145<\/td>\n<td style=\"text-align: center;\" width=\"72\">360<\/td>\n<td style=\"text-align: center;\" width=\"72\">162<\/td>\n<td style=\"text-align: center;\" width=\"72\">50<\/td>\n<td style=\"text-align: center;\" width=\"72\">\u03a6 11<\/td>\n<\/tr>\n<tr>\n<td style=\"text-align: center;\" width=\"111\">HR17-160\/4P<\/td>\n<td style=\"text-align: center;\" width=\"72\">NTO0<\/td>\n<td style=\"text-align: center;\" width=\"72\">138<\/td>\n<td style=\"text-align: center;\" width=\"72\">200<\/td>\n<td style=\"text-align: center;\" width=\"72\">83<\/td>\n<td style=\"text-align: center;\" width=\"72\">205<\/td>\n<td style=\"text-align: center;\" width=\"72\">100<\/td>\n<td style=\"text-align: center;\" width=\"72\">25<\/td>\n<td style=\"text-align: center;\" width=\"72\">\u03a67<\/td>\n<\/tr>\n<tr>\n<td style=\"text-align: center;\" width=\"111\">HR17-250\/4P<\/td>\n<td style=\"text-align: center;\" width=\"72\">NT1<\/td>\n<td style=\"text-align: center;\" width=\"72\">242<\/td>\n<td style=\"text-align: center;\" width=\"72\">247<\/td>\n<td style=\"text-align: center;\" width=\"72\">110<\/td>\n<td style=\"text-align: center;\" width=\"72\">295<\/td>\n<td style=\"text-align: center;\" width=\"72\">172<\/td>\n<td style=\"text-align: center;\" width=\"72\">50<\/td>\n<td style=\"text-align: center;\" width=\"72\">\u03a6 11<\/td>\n<\/tr>\n<tr>\n<td style=\"text-align: center;\" width=\"111\">HR17-400\/4P<\/td>\n<td style=\"text-align: center;\" width=\"72\">NT2<\/td>\n<td style=\"text-align: center;\" width=\"72\">276<\/td>\n<td style=\"text-align: center;\" width=\"72\">290<\/td>\n<td style=\"text-align: center;\" width=\"72\">125<\/td>\n<td style=\"text-align: center;\" width=\"72\">340<\/td>\n<td style=\"text-align: center;\" width=\"72\">195<\/td>\n<td style=\"text-align: center;\" width=\"72\">50<\/td>\n<td style=\"text-align: center;\" width=\"72\">\u03a6 11<\/td>\n<\/tr>\n<tr>\n<td style=\"text-align: center;\" width=\"111\">HR17-630\/4P<\/td>\n<td style=\"text-align: center;\" width=\"72\">NT3<\/td>\n<td style=\"text-align: center;\" width=\"72\">340<\/td>\n<td style=\"text-align: center;\" width=\"72\">300<\/td>\n<td style=\"text-align: center;\" width=\"72\">145<\/td>\n<td style=\"text-align: center;\" width=\"72\">360<\/td>\n<td style=\"text-align: center;\" width=\"72\">243<\/td>\n<td style=\"text-align: center;\" width=\"72\">50<\/td>\n<td style=\"text-align: center;\" width=\"72\">\u03a6 11<\/td>\n<\/tr>\n<\/tbody>\n<\/table>\n\n\n<figure class=\"wp-block-image size-large is-resized\"><img fetchpriority=\"high\" decoding=\"async\" src=\"https:\/\/www.tosunlux.eu\/wp-content\/uploads\/2022\/05\/38-3-1024x520.jpg\" alt=\"\" class=\"wp-image-2216\" width=\"683\" height=\"346\" srcset=\"https:\/\/www.tosunlux.eu\/wp-content\/uploads\/2022\/05\/38-3-1024x520.jpg 1024w, https:\/\/www.tosunlux.eu\/wp-content\/uploads\/2022\/05\/38-3-300x152.jpg 300w, https:\/\/www.tosunlux.eu\/wp-content\/uploads\/2022\/05\/38-3-768x390.jpg 768w, https:\/\/www.tosunlux.eu\/wp-content\/uploads\/2022\/05\/38-3-1536x780.jpg 1536w, https:\/\/www.tosunlux.eu\/wp-content\/uploads\/2022\/05\/38-3.jpg 1600w\" sizes=\"(max-width: 683px) 100vw, 683px\" \/><\/figure>\n\n\n\n<p><\/p>","protected":false},"parent":0,"template":"","product_category":[24,88],"class_list":["post-2215","product","type-product","status-publish","hentry","product_category-power-distribution-system","product_category-fuse"],"yoast_head":"<!-- This site is optimized with the Yoast SEO plugin v27.5 - https:\/\/yoast.com\/product\/yoast-seo-wordpress\/ -->\n<title>WholesaleHR17 Fuse Disconnector - TOSUNlux Official Site - Electrical Circuit Breaker Manufacturer in China Low Voltage Electrical Supplier | TOSUNlux<\/title>\n<meta name=\"description\" content=\"HR17 Fuse Disconnector Supplier - Wholesale direct from TOSUNlux, a trusted manufacturer since 1994. Get your B2B factory quote on our certified Low Voltage electrical products.\" \/>\n<meta name=\"robots\" content=\"index, follow, max-snippet:-1, max-image-preview:large, max-video-preview:-1\" \/>\n<link rel=\"canonical\" href=\"https:\/\/www.tosunlux.eu\/sq\/products\/hr17-fuse-disconnector\/\" \/>\n<meta property=\"og:locale\" content=\"sq_AL\" \/>\n<meta property=\"og:type\" content=\"article\" \/>\n<meta property=\"og:title\" content=\"WholesaleHR17 Fuse Disconnector - TOSUNlux Official Site - Electrical Circuit Breaker Manufacturer in China Low Voltage Electrical Supplier | TOSUNlux\" \/>\n<meta property=\"og:description\" content=\"HR17 Fuse Disconnector Supplier - Wholesale direct from TOSUNlux, a trusted manufacturer since 1994. Get your B2B factory quote on our certified Low Voltage electrical products.\" \/>\n<meta property=\"og:url\" content=\"https:\/\/www.tosunlux.eu\/sq\/products\/hr17-fuse-disconnector\/\" \/>\n<meta property=\"og:site_name\" content=\"TOSUNlux Official Site - Electrical Circuit Breaker Manufacturer in China\" \/>\n<meta property=\"article:publisher\" content=\"https:\/\/www.facebook.com\/TOSUNelectric\/\" \/>\n<meta property=\"article:modified_time\" content=\"2025-02-10T07:10:27+00:00\" \/>\n<meta property=\"og:image\" content=\"https:\/\/www.tosunlux.eu\/wp-content\/uploads\/2022\/05\/38-3-1024x520.jpg\" \/>\n<meta name=\"twitter:card\" content=\"summary_large_image\" \/>\n<meta name=\"twitter:label1\" content=\"Est. reading time\" \/>\n\t<meta name=\"twitter:data1\" content=\"2 minuta\" \/>\n<script type=\"application\/ld+json\" class=\"yoast-schema-graph\">{\"@context\":\"https:\\\/\\\/schema.org\",\"@graph\":[{\"@type\":\"WebPage\",\"@id\":\"https:\\\/\\\/www.tosunlux.eu\\\/ur\\\/products\\\/hr17-fuse-disconnector\\\/\",\"url\":\"https:\\\/\\\/www.tosunlux.eu\\\/ur\\\/products\\\/hr17-fuse-disconnector\\\/\",\"name\":\"WholesaleHR17 Fuse Disconnector - TOSUNlux Official Site - Electrical Circuit Breaker Manufacturer in China Low Voltage Electrical Supplier | TOSUNlux\",\"isPartOf\":{\"@id\":\"https:\\\/\\\/www.tosunlux.eu\\\/ru\\\/#website\"},\"primaryImageOfPage\":{\"@id\":\"https:\\\/\\\/www.tosunlux.eu\\\/ur\\\/products\\\/hr17-fuse-disconnector\\\/#primaryimage\"},\"image\":{\"@id\":\"https:\\\/\\\/www.tosunlux.eu\\\/ur\\\/products\\\/hr17-fuse-disconnector\\\/#primaryimage\"},\"thumbnailUrl\":\"https:\\\/\\\/www.tosunlux.eu\\\/wp-content\\\/uploads\\\/2022\\\/05\\\/38-3-1024x520.jpg\",\"datePublished\":\"2022-05-03T07:25:45+00:00\",\"dateModified\":\"2025-02-10T07:10:27+00:00\",\"description\":\"HR17 Fuse Disconnector Supplier - Wholesale direct from TOSUNlux, a trusted manufacturer since 1994. Get your B2B factory quote on our certified Low Voltage electrical products.\",\"breadcrumb\":{\"@id\":\"https:\\\/\\\/www.tosunlux.eu\\\/ur\\\/products\\\/hr17-fuse-disconnector\\\/#breadcrumb\"},\"inLanguage\":\"sq\",\"potentialAction\":[{\"@type\":\"ReadAction\",\"target\":[\"https:\\\/\\\/www.tosunlux.eu\\\/ur\\\/products\\\/hr17-fuse-disconnector\\\/\"]}]},{\"@type\":\"ImageObject\",\"inLanguage\":\"sq\",\"@id\":\"https:\\\/\\\/www.tosunlux.eu\\\/ur\\\/products\\\/hr17-fuse-disconnector\\\/#primaryimage\",\"url\":\"https:\\\/\\\/www.tosunlux.eu\\\/wp-content\\\/uploads\\\/2022\\\/05\\\/38-3-1024x520.jpg\",\"contentUrl\":\"https:\\\/\\\/www.tosunlux.eu\\\/wp-content\\\/uploads\\\/2022\\\/05\\\/38-3-1024x520.jpg\"},{\"@type\":\"BreadcrumbList\",\"@id\":\"https:\\\/\\\/www.tosunlux.eu\\\/ur\\\/products\\\/hr17-fuse-disconnector\\\/#breadcrumb\",\"itemListElement\":[{\"@type\":\"ListItem\",\"position\":1,\"name\":\"Home\",\"item\":\"https:\\\/\\\/www.tosunlux.eu\\\/ru\\\/\"},{\"@type\":\"ListItem\",\"position\":2,\"name\":\"Products\",\"item\":\"https:\\\/\\\/www.tosunlux.eu\\\/products\\\/\"},{\"@type\":\"ListItem\",\"position\":3,\"name\":\"HR17 Fuse Disconnector\"}]},{\"@type\":\"WebSite\",\"@id\":\"https:\\\/\\\/www.tosunlux.eu\\\/ru\\\/#website\",\"url\":\"https:\\\/\\\/www.tosunlux.eu\\\/ru\\\/\",\"name\":\"TOSUNlux Official Site - Electrical Circuit Breaker Manufacturer in China\",\"description\":\"Power Distribution System Supplier\",\"publisher\":{\"@id\":\"https:\\\/\\\/www.tosunlux.eu\\\/ru\\\/#organization\"},\"alternateName\":\"TOSUNlux\",\"potentialAction\":[{\"@type\":\"SearchAction\",\"target\":{\"@type\":\"EntryPoint\",\"urlTemplate\":\"https:\\\/\\\/www.tosunlux.eu\\\/ru\\\/?s={search_term_string}\"},\"query-input\":{\"@type\":\"PropertyValueSpecification\",\"valueRequired\":true,\"valueName\":\"search_term_string\"}}],\"inLanguage\":\"sq\"},{\"@type\":\"Organization\",\"@id\":\"https:\\\/\\\/www.tosunlux.eu\\\/ru\\\/#organization\",\"name\":\"TOSUNlux\",\"url\":\"https:\\\/\\\/www.tosunlux.eu\\\/ru\\\/\",\"logo\":{\"@type\":\"ImageObject\",\"inLanguage\":\"sq\",\"@id\":\"https:\\\/\\\/www.tosunlux.eu\\\/ru\\\/#\\\/schema\\\/logo\\\/image\\\/\",\"url\":\"https:\\\/\\\/www.tosunlux.eu\\\/wp-content\\\/uploads\\\/2022\\\/01\\\/LOGOSYSM.71762f1.png\",\"contentUrl\":\"https:\\\/\\\/www.tosunlux.eu\\\/wp-content\\\/uploads\\\/2022\\\/01\\\/LOGOSYSM.71762f1.png\",\"width\":153,\"height\":55,\"caption\":\"TOSUNlux\"},\"image\":{\"@id\":\"https:\\\/\\\/www.tosunlux.eu\\\/ru\\\/#\\\/schema\\\/logo\\\/image\\\/\"},\"sameAs\":[\"https:\\\/\\\/www.facebook.com\\\/TOSUNelectric\\\/\",\"https:\\\/\\\/www.linkedin.com\\\/company\\\/wenzhou-tosun-electric-co.-ltd\\\/\"]}]}<\/script>\n<!-- \/ Yoast SEO plugin. -->","yoast_head_json":{"title":"WholesaleHR17 Fuse Disconnector - TOSUNlux Official Site - Electrical Circuit Breaker Manufacturer in China Low Voltage Electrical Supplier | TOSUNlux","description":"HR17 Fuse Disconnector Supplier - Wholesale direct from TOSUNlux, a trusted manufacturer since 1994. Get your B2B factory quote on our certified Low Voltage electrical products.","robots":{"index":"index","follow":"follow","max-snippet":"max-snippet:-1","max-image-preview":"max-image-preview:large","max-video-preview":"max-video-preview:-1"},"canonical":"https:\/\/www.tosunlux.eu\/sq\/products\/hr17-fuse-disconnector\/","og_locale":"sq_AL","og_type":"article","og_title":"WholesaleHR17 Fuse Disconnector - TOSUNlux Official Site - Electrical Circuit Breaker Manufacturer in China Low Voltage Electrical Supplier | TOSUNlux","og_description":"HR17 Fuse Disconnector Supplier - Wholesale direct from TOSUNlux, a trusted manufacturer since 1994. Get your B2B factory quote on our certified Low Voltage electrical products.","og_url":"https:\/\/www.tosunlux.eu\/sq\/products\/hr17-fuse-disconnector\/","og_site_name":"TOSUNlux Official Site - Electrical Circuit Breaker Manufacturer in China","article_publisher":"https:\/\/www.facebook.com\/TOSUNelectric\/","article_modified_time":"2025-02-10T07:10:27+00:00","og_image":[{"url":"https:\/\/www.tosunlux.eu\/wp-content\/uploads\/2022\/05\/38-3-1024x520.jpg","type":"","width":"","height":""}],"twitter_card":"summary_large_image","twitter_misc":{"Est. reading time":"2 minuta"},"schema":{"@context":"https:\/\/schema.org","@graph":[{"@type":"WebPage","@id":"https:\/\/www.tosunlux.eu\/ur\/products\/hr17-fuse-disconnector\/","url":"https:\/\/www.tosunlux.eu\/ur\/products\/hr17-fuse-disconnector\/","name":"WholesaleHR17 Fuse Disconnector - TOSUNlux Official Site - Electrical Circuit Breaker Manufacturer in China Low Voltage Electrical Supplier | TOSUNlux","isPartOf":{"@id":"https:\/\/www.tosunlux.eu\/ru\/#website"},"primaryImageOfPage":{"@id":"https:\/\/www.tosunlux.eu\/ur\/products\/hr17-fuse-disconnector\/#primaryimage"},"image":{"@id":"https:\/\/www.tosunlux.eu\/ur\/products\/hr17-fuse-disconnector\/#primaryimage"},"thumbnailUrl":"https:\/\/www.tosunlux.eu\/wp-content\/uploads\/2022\/05\/38-3-1024x520.jpg","datePublished":"2022-05-03T07:25:45+00:00","dateModified":"2025-02-10T07:10:27+00:00","description":"HR17 Fuse Disconnector Supplier - Wholesale direct from TOSUNlux, a trusted manufacturer since 1994. Get your B2B factory quote on our certified Low Voltage electrical products.","breadcrumb":{"@id":"https:\/\/www.tosunlux.eu\/ur\/products\/hr17-fuse-disconnector\/#breadcrumb"},"inLanguage":"sq","potentialAction":[{"@type":"ReadAction","target":["https:\/\/www.tosunlux.eu\/ur\/products\/hr17-fuse-disconnector\/"]}]},{"@type":"ImageObject","inLanguage":"sq","@id":"https:\/\/www.tosunlux.eu\/ur\/products\/hr17-fuse-disconnector\/#primaryimage","url":"https:\/\/www.tosunlux.eu\/wp-content\/uploads\/2022\/05\/38-3-1024x520.jpg","contentUrl":"https:\/\/www.tosunlux.eu\/wp-content\/uploads\/2022\/05\/38-3-1024x520.jpg"},{"@type":"BreadcrumbList","@id":"https:\/\/www.tosunlux.eu\/ur\/products\/hr17-fuse-disconnector\/#breadcrumb","itemListElement":[{"@type":"ListItem","position":1,"name":"Home","item":"https:\/\/www.tosunlux.eu\/ru\/"},{"@type":"ListItem","position":2,"name":"Products","item":"https:\/\/www.tosunlux.eu\/products\/"},{"@type":"ListItem","position":3,"name":"HR17 Fuse Disconnector"}]},{"@type":"WebSite","@id":"https:\/\/www.tosunlux.eu\/ru\/#website","url":"https:\/\/www.tosunlux.eu\/ru\/","name":"Faqja zyrtare e TOSUNlux - Prodhuesi i nd\u00ebrprer\u00ebsve t\u00eb qarkut elektrik n\u00eb Kin\u00eb","description":"Furnizuesi i Sistemit t\u00eb Shp\u00ebrndarjes s\u00eb Energjis\u00eb","publisher":{"@id":"https:\/\/www.tosunlux.eu\/ru\/#organization"},"alternateName":"TOSUNlux","potentialAction":[{"@type":"SearchAction","target":{"@type":"EntryPoint","urlTemplate":"https:\/\/www.tosunlux.eu\/ru\/?s={search_term_string}"},"query-input":{"@type":"PropertyValueSpecification","valueRequired":true,"valueName":"search_term_string"}}],"inLanguage":"sq"},{"@type":"Organization","@id":"https:\/\/www.tosunlux.eu\/ru\/#organization","name":"TOSUNlux","url":"https:\/\/www.tosunlux.eu\/ru\/","logo":{"@type":"ImageObject","inLanguage":"sq","@id":"https:\/\/www.tosunlux.eu\/ru\/#\/schema\/logo\/image\/","url":"https:\/\/www.tosunlux.eu\/wp-content\/uploads\/2022\/01\/LOGOSYSM.71762f1.png","contentUrl":"https:\/\/www.tosunlux.eu\/wp-content\/uploads\/2022\/01\/LOGOSYSM.71762f1.png","width":153,"height":55,"caption":"TOSUNlux"},"image":{"@id":"https:\/\/www.tosunlux.eu\/ru\/#\/schema\/logo\/image\/"},"sameAs":["https:\/\/www.facebook.com\/TOSUNelectric\/","https:\/\/www.linkedin.com\/company\/wenzhou-tosun-electric-co.-ltd\/"]}]}},"_links":{"self":[{"href":"https:\/\/www.tosunlux.eu\/sq\/wp-json\/wp\/v2\/product\/2215","targetHints":{"allow":["GET"]}}],"collection":[{"href":"https:\/\/www.tosunlux.eu\/sq\/wp-json\/wp\/v2\/product"}],"about":[{"href":"https:\/\/www.tosunlux.eu\/sq\/wp-json\/wp\/v2\/types\/product"}],"version-history":[{"count":4,"href":"https:\/\/www.tosunlux.eu\/sq\/wp-json\/wp\/v2\/product\/2215\/revisions"}],"predecessor-version":[{"id":12533,"href":"https:\/\/www.tosunlux.eu\/sq\/wp-json\/wp\/v2\/product\/2215\/revisions\/12533"}],"wp:attachment":[{"href":"https:\/\/www.tosunlux.eu\/sq\/wp-json\/wp\/v2\/media?parent=2215"}],"wp:term":[{"taxonomy":"product_category","embeddable":true,"href":"https:\/\/www.tosunlux.eu\/sq\/wp-json\/wp\/v2\/product_category?post=2215"}],"curies":[{"name":"wp","href":"https:\/\/api.w.org\/{rel}","templated":true}]}}