{"id":2224,"date":"2022-05-03T16:28:12","date_gmt":"2022-05-03T08:28:12","guid":{"rendered":"https:\/\/www.tosunlux.eu\/?post_type=product&#038;p=2224"},"modified":"2025-02-10T14:57:02","modified_gmt":"2025-02-10T06:57:02","slug":"hgld-double-power-automatic-changeover-switch-hgld-400a-4p","status":"publish","type":"product","link":"https:\/\/www.tosunlux.eu\/sq\/products\/hgld-double-power-automatic-changeover-switch-hgld-400a-4p\/","title":{"rendered":"Nd\u00ebrprer\u00ebs automatik me fuqi t\u00eb dyfisht\u00eb HGLD HGLD-400A 4P"},"content":{"rendered":"<p><\/p>\n\n\n\n<p><strong>Aplikimi<\/strong><\/p>\n\n\n\n<p><\/p>\n\n\n\n<p>\u00c7el\u00ebsi i nd\u00ebrrimit automatik me fuqi t\u00eb dyfisht\u00eb t\u00eb seris\u00eb HGLD \u00ebsht\u00eb i p\u00ebrshtatsh\u00ebm n\u00eb sistemin elektrik me AC 50\/60Hz, tension izolues t\u00eb vler\u00ebsuar deri n\u00eb 1000V, tension nominal deri n\u00eb 440V, rrym\u00eb termike konvencionale deri n\u00eb 3200A. Artikujt p\u00ebrdoren gjer\u00ebsisht n\u00eb lloje t\u00eb spitaleve, nd\u00ebrtesave, bankave, aeroporteve, minierave t\u00eb qymyrit, telekomit, autostrad\u00ebs, instalimeve ushtarake etj.<\/p>\n\n\n\n<p><\/p>\n\n\n\n<p><strong>Specifikimi<\/strong><\/p>\n\n\n<table style=\"height: 455px;\" width=\"788\">\n<tbody>\n<tr>\n<td colspan=\"2\" width=\"214\">Rryma e vler\u00ebsuar e ngrohjes (A)<\/td>\n<td style=\"text-align: center;\" width=\"44\">100\u00a0<\/td>\n<td style=\"text-align: center;\" width=\"44\">160\u00a0<\/td>\n<td style=\"text-align: center;\" width=\"44\">250\u00a0<\/td>\n<td style=\"text-align: center;\" width=\"44\">400\u00a0<\/td>\n<td style=\"text-align: center;\" width=\"44\">630\u00a0<\/td>\n<td style=\"text-align: center;\" width=\"44\">1000\u00a0<\/td>\n<td style=\"text-align: center;\" width=\"44\">1250\u00a0<\/td>\n<td style=\"text-align: center;\" width=\"44\">1600\u00a0<\/td>\n<td style=\"text-align: center;\" width=\"44\">2000\u00a0<\/td>\n<td style=\"text-align: center;\" width=\"44\">2500\u00a0<\/td>\n<td style=\"text-align: center;\" width=\"44\">3200\u00a0<\/td>\n<\/tr>\n<tr>\n<td colspan=\"2\" width=\"214\">Tensioni i vler\u00ebsuar i izolimit<\/td>\n<td style=\"text-align: center;\" colspan=\"5\" width=\"222\">750 V<\/td>\n<td style=\"text-align: center;\" colspan=\"6\" width=\"267\">1000 V<\/td>\n<\/tr>\n<tr>\n<td colspan=\"2\" width=\"214\">Tensioni i vler\u00ebsuar i rezistenc\u00ebs s\u00eb impulsit<\/td>\n<td style=\"text-align: center;\" colspan=\"5\" width=\"222\">8 kV<\/td>\n<td style=\"text-align: center;\" colspan=\"6\" width=\"267\">12 kV<\/td>\n<\/tr>\n<tr>\n<td rowspan=\"3\" width=\"107\">Pun\u00eb e vler\u00ebsuar<br \/>aktuale (A)<\/td>\n<td style=\"text-align: center;\" width=\"107\">AC-31A<\/td>\n<td style=\"text-align: center;\" width=\"44\">100\u00a0<\/td>\n<td style=\"text-align: center;\" width=\"44\">160\u00a0<\/td>\n<td style=\"text-align: center;\" width=\"44\">250\u00a0<\/td>\n<td style=\"text-align: center;\" width=\"44\">400\u00a0<\/td>\n<td style=\"text-align: center;\" width=\"44\">630\u00a0<\/td>\n<td style=\"text-align: center;\" width=\"44\">1000\u00a0<\/td>\n<td style=\"text-align: center;\" width=\"44\">1250\u00a0<\/td>\n<td style=\"text-align: center;\" width=\"44\">1600\u00a0<\/td>\n<td style=\"text-align: center;\" width=\"44\">2000\u00a0<\/td>\n<td style=\"text-align: center;\" width=\"44\">2500\u00a0<\/td>\n<td style=\"text-align: center;\" width=\"44\">3200\u00a0<\/td>\n<\/tr>\n<tr>\n<td style=\"text-align: center;\" width=\"107\">AC-35A<\/td>\n<td style=\"text-align: center;\" width=\"44\">100\u00a0<\/td>\n<td style=\"text-align: center;\" width=\"44\">160\u00a0<\/td>\n<td style=\"text-align: center;\" width=\"44\">250\u00a0<\/td>\n<td style=\"text-align: center;\" width=\"44\">400\u00a0<\/td>\n<td style=\"text-align: center;\" width=\"44\">630\u00a0<\/td>\n<td style=\"text-align: center;\" width=\"44\">1000\u00a0<\/td>\n<td style=\"text-align: center;\" width=\"44\">1250\u00a0<\/td>\n<td style=\"text-align: center;\" width=\"44\">1600\u00a0<\/td>\n<td style=\"text-align: center;\" width=\"44\">2000\u00a0<\/td>\n<td style=\"text-align: center;\" width=\"44\">2500\u00a0<\/td>\n<td style=\"text-align: center;\" width=\"44\">3200\u00a0<\/td>\n<\/tr>\n<tr>\n<td style=\"text-align: center;\" width=\"107\">AC-33A<\/td>\n<td style=\"text-align: center;\" width=\"44\">100\u00a0<\/td>\n<td style=\"text-align: center;\" width=\"44\">160\u00a0<\/td>\n<td style=\"text-align: center;\" width=\"44\">250\u00a0<\/td>\n<td style=\"text-align: center;\" width=\"44\">400\u00a0<\/td>\n<td style=\"text-align: center;\" width=\"44\">630\u00a0<\/td>\n<td style=\"text-align: center;\" width=\"44\">1000\u00a0<\/td>\n<td style=\"text-align: center;\" width=\"44\">1250\u00a0<\/td>\n<td style=\"text-align: center;\" width=\"44\">1600\u00a0<\/td>\n<td style=\"text-align: center;\" width=\"44\">2000\u00a0<\/td>\n<td style=\"text-align: center;\" width=\"44\">2500\u00a0<\/td>\n<td style=\"text-align: center;\" width=\"44\">3200\u00a0<\/td>\n<\/tr>\n<tr>\n<td colspan=\"2\" width=\"214\">Rryma e vler\u00ebsuar me rezistenc\u00eb afatshkurt\u00ebr<\/td>\n<td style=\"text-align: center;\" width=\"44\">7 kA<\/td>\n<td style=\"text-align: center;\" colspan=\"2\" width=\"89\">9 kA<\/td>\n<td style=\"text-align: center;\" colspan=\"2\" width=\"89\">13 kA<\/td>\n<td style=\"text-align: center;\" colspan=\"3\" width=\"133\">50 kA<\/td>\n<td style=\"text-align: center;\" colspan=\"3\" width=\"133\">55 kA<\/td>\n<\/tr>\n<tr>\n<td colspan=\"2\" width=\"214\">Rryma e vler\u00ebsuar e kufizuar e qarkut t\u00eb shkurt\u00ebr<\/td>\n<td style=\"text-align: center;\" colspan=\"3\" width=\"133\">100 kA<\/td>\n<td style=\"text-align: center;\" colspan=\"2\" width=\"89\">70 kA<\/td>\n<td style=\"text-align: center;\" width=\"44\">100 kA<\/td>\n<td style=\"text-align: center;\" colspan=\"2\" width=\"89\">120 kA<\/td>\n<td style=\"text-align: center;\" colspan=\"3\" width=\"133\">80 kA<\/td>\n<\/tr>\n<tr>\n<td colspan=\"2\" width=\"214\">Kontrolloni tensionin e furnizimit me energji elektrike<\/td>\n<td style=\"text-align: center;\" colspan=\"11\" width=\"489\">DC24V, 48V, 110V, AC220V<\/td>\n<\/tr>\n<tr>\n<td colspan=\"2\" width=\"214\">Koha(et) e konvertimit<\/td>\n<td style=\"text-align: center;\" width=\"44\">0.5\u00a0<\/td>\n<td style=\"text-align: center;\" width=\"44\">1\u00a0<\/td>\n<td style=\"text-align: center;\" width=\"44\">1.1\u00a0<\/td>\n<td style=\"text-align: center;\" colspan=\"2\" width=\"89\">1.2\u00a0<\/td>\n<td style=\"text-align: center;\" colspan=\"3\" width=\"133\">1.25\u00a0<\/td>\n<td style=\"text-align: center;\" colspan=\"3\" width=\"133\">2.45\u00a0<\/td>\n<\/tr>\n<\/tbody>\n<\/table>","protected":false},"parent":0,"template":"","product_category":[24,86],"class_list":["post-2224","product","type-product","status-publish","hentry","product_category-power-distribution-system","product_category-automatic-changeover-switch"],"yoast_head":"<!-- This site is optimized with the Yoast SEO plugin v27.4 - https:\/\/yoast.com\/product\/yoast-seo-wordpress\/ -->\n<title>WholesaleHGLD Double Power Automatic Changeover Switch HGLD-400A 4P - TOSUNlux Official Site - Electrical Circuit Breaker Manufacturer in China Low Voltage Electrical Supplier | TOSUNlux<\/title>\n<meta name=\"description\" content=\"HGLD Double Power Automatic Changeover Switch HGLD-400A 4P Supplier - Wholesale direct from TOSUNlux, a trusted manufacturer since 1994. Get your B2B factory quote on our certified Low Voltage electrical products.\" \/>\n<meta name=\"robots\" content=\"index, follow, max-snippet:-1, max-image-preview:large, max-video-preview:-1\" \/>\n<link rel=\"canonical\" href=\"https:\/\/www.tosunlux.eu\/sq\/products\/hgld-double-power-automatic-changeover-switch-hgld-400a-4p\/\" \/>\n<meta property=\"og:locale\" content=\"sq_AL\" \/>\n<meta property=\"og:type\" content=\"article\" \/>\n<meta property=\"og:title\" content=\"WholesaleHGLD Double Power Automatic Changeover Switch HGLD-400A 4P - TOSUNlux Official Site - Electrical Circuit Breaker Manufacturer in China Low Voltage Electrical Supplier | TOSUNlux\" \/>\n<meta property=\"og:description\" content=\"HGLD Double Power Automatic Changeover Switch HGLD-400A 4P Supplier - Wholesale direct from TOSUNlux, a trusted manufacturer since 1994. Get your B2B factory quote on our certified Low Voltage electrical products.\" \/>\n<meta property=\"og:url\" content=\"https:\/\/www.tosunlux.eu\/sq\/products\/hgld-double-power-automatic-changeover-switch-hgld-400a-4p\/\" \/>\n<meta property=\"og:site_name\" content=\"TOSUNlux Official Site - Electrical Circuit Breaker Manufacturer in China\" \/>\n<meta property=\"article:publisher\" content=\"https:\/\/www.facebook.com\/TOSUNelectric\/\" \/>\n<meta property=\"article:modified_time\" content=\"2025-02-10T06:57:02+00:00\" \/>\n<meta property=\"og:image\" content=\"https:\/\/www.tosunlux.eu\/wp-content\/uploads\/2023\/04\/DSC08160_\u526f\u672c.jpg\" \/>\n\t<meta property=\"og:image:width\" content=\"1500\" \/>\n\t<meta property=\"og:image:height\" content=\"940\" \/>\n\t<meta property=\"og:image:type\" content=\"image\/jpeg\" \/>\n<meta name=\"twitter:card\" content=\"summary_large_image\" \/>\n<meta name=\"twitter:label1\" content=\"Est. reading time\" \/>\n\t<meta name=\"twitter:data1\" content=\"1 minut\u00eb\" \/>\n<script type=\"application\/ld+json\" class=\"yoast-schema-graph\">{\"@context\":\"https:\\\/\\\/schema.org\",\"@graph\":[{\"@type\":\"WebPage\",\"@id\":\"https:\\\/\\\/www.tosunlux.eu\\\/ur\\\/products\\\/hgld-double-power-automatic-changeover-switch-hgld-400a-4p\\\/\",\"url\":\"https:\\\/\\\/www.tosunlux.eu\\\/ur\\\/products\\\/hgld-double-power-automatic-changeover-switch-hgld-400a-4p\\\/\",\"name\":\"WholesaleHGLD Double Power Automatic Changeover Switch HGLD-400A 4P - TOSUNlux Official Site - Electrical Circuit Breaker Manufacturer in China Low Voltage Electrical Supplier | TOSUNlux\",\"isPartOf\":{\"@id\":\"https:\\\/\\\/www.tosunlux.eu\\\/ru\\\/#website\"},\"datePublished\":\"2022-05-03T08:28:12+00:00\",\"dateModified\":\"2025-02-10T06:57:02+00:00\",\"description\":\"HGLD Double Power Automatic Changeover Switch HGLD-400A 4P Supplier - Wholesale direct from TOSUNlux, a trusted manufacturer since 1994. Get your B2B factory quote on our certified Low Voltage electrical products.\",\"breadcrumb\":{\"@id\":\"https:\\\/\\\/www.tosunlux.eu\\\/ur\\\/products\\\/hgld-double-power-automatic-changeover-switch-hgld-400a-4p\\\/#breadcrumb\"},\"inLanguage\":\"sq\",\"potentialAction\":[{\"@type\":\"ReadAction\",\"target\":[\"https:\\\/\\\/www.tosunlux.eu\\\/ur\\\/products\\\/hgld-double-power-automatic-changeover-switch-hgld-400a-4p\\\/\"]}]},{\"@type\":\"BreadcrumbList\",\"@id\":\"https:\\\/\\\/www.tosunlux.eu\\\/ur\\\/products\\\/hgld-double-power-automatic-changeover-switch-hgld-400a-4p\\\/#breadcrumb\",\"itemListElement\":[{\"@type\":\"ListItem\",\"position\":1,\"name\":\"Home\",\"item\":\"https:\\\/\\\/www.tosunlux.eu\\\/ru\\\/\"},{\"@type\":\"ListItem\",\"position\":2,\"name\":\"Products\",\"item\":\"https:\\\/\\\/www.tosunlux.eu\\\/products\\\/\"},{\"@type\":\"ListItem\",\"position\":3,\"name\":\"HGLD Double Power Automatic Changeover Switch HGLD-400A 4P\"}]},{\"@type\":\"WebSite\",\"@id\":\"https:\\\/\\\/www.tosunlux.eu\\\/ru\\\/#website\",\"url\":\"https:\\\/\\\/www.tosunlux.eu\\\/ru\\\/\",\"name\":\"TOSUNlux Official Site - Electrical Circuit Breaker Manufacturer in China\",\"description\":\"Power Distribution System Supplier\",\"publisher\":{\"@id\":\"https:\\\/\\\/www.tosunlux.eu\\\/ru\\\/#organization\"},\"alternateName\":\"TOSUNlux\",\"potentialAction\":[{\"@type\":\"SearchAction\",\"target\":{\"@type\":\"EntryPoint\",\"urlTemplate\":\"https:\\\/\\\/www.tosunlux.eu\\\/ru\\\/?s={search_term_string}\"},\"query-input\":{\"@type\":\"PropertyValueSpecification\",\"valueRequired\":true,\"valueName\":\"search_term_string\"}}],\"inLanguage\":\"sq\"},{\"@type\":\"Organization\",\"@id\":\"https:\\\/\\\/www.tosunlux.eu\\\/ru\\\/#organization\",\"name\":\"TOSUNlux\",\"url\":\"https:\\\/\\\/www.tosunlux.eu\\\/ru\\\/\",\"logo\":{\"@type\":\"ImageObject\",\"inLanguage\":\"sq\",\"@id\":\"https:\\\/\\\/www.tosunlux.eu\\\/ru\\\/#\\\/schema\\\/logo\\\/image\\\/\",\"url\":\"https:\\\/\\\/www.tosunlux.eu\\\/wp-content\\\/uploads\\\/2022\\\/01\\\/LOGOSYSM.71762f1.png\",\"contentUrl\":\"https:\\\/\\\/www.tosunlux.eu\\\/wp-content\\\/uploads\\\/2022\\\/01\\\/LOGOSYSM.71762f1.png\",\"width\":153,\"height\":55,\"caption\":\"TOSUNlux\"},\"image\":{\"@id\":\"https:\\\/\\\/www.tosunlux.eu\\\/ru\\\/#\\\/schema\\\/logo\\\/image\\\/\"},\"sameAs\":[\"https:\\\/\\\/www.facebook.com\\\/TOSUNelectric\\\/\",\"https:\\\/\\\/www.linkedin.com\\\/company\\\/wenzhou-tosun-electric-co.-ltd\\\/\"]}]}<\/script>\n<!-- \/ Yoast SEO plugin. -->","yoast_head_json":{"title":"\u00c7el\u00ebs Automatik i Nd\u00ebrrimit t\u00eb Fuqis\u00eb s\u00eb Dyfisht\u00eb HGLD HGLD-400A 4P me shumic\u00eb - Faqja Zyrtare e TOSUNlux - Prodhues i \u00c7el\u00ebsave t\u00eb Qarkut Elektrike n\u00eb Kin\u00eb, Furnizues i Energjis\u00eb Elektrike me Tension t\u00eb Ul\u00ebt | TOSUNlux","description":"Nd\u00ebrprer\u00ebs Automatik i Dyfisht\u00eb i Fuqis\u00eb HGLD HGLD-400A 4P Furnizues - Shp\u00ebrndarje me shumic\u00eb direkt nga TOSUNlux, nj\u00eb prodhues i besuar q\u00eb nga viti 1994. Merrni ofert\u00ebn tuaj B2B t\u00eb fabrik\u00ebs p\u00ebr produktet tona t\u00eb certifikuara elektrike me Tension t\u00eb Ul\u00ebt.","robots":{"index":"index","follow":"follow","max-snippet":"max-snippet:-1","max-image-preview":"max-image-preview:large","max-video-preview":"max-video-preview:-1"},"canonical":"https:\/\/www.tosunlux.eu\/sq\/products\/hgld-double-power-automatic-changeover-switch-hgld-400a-4p\/","og_locale":"sq_AL","og_type":"article","og_title":"WholesaleHGLD Double Power Automatic Changeover Switch HGLD-400A 4P - TOSUNlux Official Site - Electrical Circuit Breaker Manufacturer in China Low Voltage Electrical Supplier | TOSUNlux","og_description":"HGLD Double Power Automatic Changeover Switch HGLD-400A 4P Supplier - Wholesale direct from TOSUNlux, a trusted manufacturer since 1994. Get your B2B factory quote on our certified Low Voltage electrical products.","og_url":"https:\/\/www.tosunlux.eu\/sq\/products\/hgld-double-power-automatic-changeover-switch-hgld-400a-4p\/","og_site_name":"TOSUNlux Official Site - Electrical Circuit Breaker Manufacturer in China","article_publisher":"https:\/\/www.facebook.com\/TOSUNelectric\/","article_modified_time":"2025-02-10T06:57:02+00:00","og_image":[{"width":1500,"height":940,"url":"https:\/\/www.tosunlux.eu\/wp-content\/uploads\/2023\/04\/DSC08160_\u526f\u672c.jpg","type":"image\/jpeg"}],"twitter_card":"summary_large_image","twitter_misc":{"Est. reading time":"1 minut\u00eb"},"schema":{"@context":"https:\/\/schema.org","@graph":[{"@type":"WebPage","@id":"https:\/\/www.tosunlux.eu\/ur\/products\/hgld-double-power-automatic-changeover-switch-hgld-400a-4p\/","url":"https:\/\/www.tosunlux.eu\/ur\/products\/hgld-double-power-automatic-changeover-switch-hgld-400a-4p\/","name":"\u00c7el\u00ebs Automatik i Nd\u00ebrrimit t\u00eb Fuqis\u00eb s\u00eb Dyfisht\u00eb HGLD HGLD-400A 4P me shumic\u00eb - Faqja Zyrtare e TOSUNlux - Prodhues i \u00c7el\u00ebsave t\u00eb Qarkut Elektrike n\u00eb Kin\u00eb, Furnizues i Energjis\u00eb Elektrike me Tension t\u00eb Ul\u00ebt | TOSUNlux","isPartOf":{"@id":"https:\/\/www.tosunlux.eu\/ru\/#website"},"datePublished":"2022-05-03T08:28:12+00:00","dateModified":"2025-02-10T06:57:02+00:00","description":"Nd\u00ebrprer\u00ebs Automatik i Dyfisht\u00eb i Fuqis\u00eb HGLD HGLD-400A 4P Furnizues - Shp\u00ebrndarje me shumic\u00eb direkt nga TOSUNlux, nj\u00eb prodhues i besuar q\u00eb nga viti 1994. Merrni ofert\u00ebn tuaj B2B t\u00eb fabrik\u00ebs p\u00ebr produktet tona t\u00eb certifikuara elektrike me Tension t\u00eb Ul\u00ebt.","breadcrumb":{"@id":"https:\/\/www.tosunlux.eu\/ur\/products\/hgld-double-power-automatic-changeover-switch-hgld-400a-4p\/#breadcrumb"},"inLanguage":"sq","potentialAction":[{"@type":"ReadAction","target":["https:\/\/www.tosunlux.eu\/ur\/products\/hgld-double-power-automatic-changeover-switch-hgld-400a-4p\/"]}]},{"@type":"BreadcrumbList","@id":"https:\/\/www.tosunlux.eu\/ur\/products\/hgld-double-power-automatic-changeover-switch-hgld-400a-4p\/#breadcrumb","itemListElement":[{"@type":"ListItem","position":1,"name":"Home","item":"https:\/\/www.tosunlux.eu\/ru\/"},{"@type":"ListItem","position":2,"name":"Products","item":"https:\/\/www.tosunlux.eu\/products\/"},{"@type":"ListItem","position":3,"name":"HGLD Double Power Automatic Changeover Switch HGLD-400A 4P"}]},{"@type":"WebSite","@id":"https:\/\/www.tosunlux.eu\/ru\/#website","url":"https:\/\/www.tosunlux.eu\/ru\/","name":"Faqja zyrtare e TOSUNlux - Prodhuesi i nd\u00ebrprer\u00ebsve t\u00eb qarkut elektrik n\u00eb Kin\u00eb","description":"Furnizuesi i Sistemit t\u00eb Shp\u00ebrndarjes s\u00eb Energjis\u00eb","publisher":{"@id":"https:\/\/www.tosunlux.eu\/ru\/#organization"},"alternateName":"TOSUNlux","potentialAction":[{"@type":"SearchAction","target":{"@type":"EntryPoint","urlTemplate":"https:\/\/www.tosunlux.eu\/ru\/?s={search_term_string}"},"query-input":{"@type":"PropertyValueSpecification","valueRequired":true,"valueName":"search_term_string"}}],"inLanguage":"sq"},{"@type":"Organization","@id":"https:\/\/www.tosunlux.eu\/ru\/#organization","name":"TOSUNlux","url":"https:\/\/www.tosunlux.eu\/ru\/","logo":{"@type":"ImageObject","inLanguage":"sq","@id":"https:\/\/www.tosunlux.eu\/ru\/#\/schema\/logo\/image\/","url":"https:\/\/www.tosunlux.eu\/wp-content\/uploads\/2022\/01\/LOGOSYSM.71762f1.png","contentUrl":"https:\/\/www.tosunlux.eu\/wp-content\/uploads\/2022\/01\/LOGOSYSM.71762f1.png","width":153,"height":55,"caption":"TOSUNlux"},"image":{"@id":"https:\/\/www.tosunlux.eu\/ru\/#\/schema\/logo\/image\/"},"sameAs":["https:\/\/www.facebook.com\/TOSUNelectric\/","https:\/\/www.linkedin.com\/company\/wenzhou-tosun-electric-co.-ltd\/"]}]}},"_links":{"self":[{"href":"https:\/\/www.tosunlux.eu\/sq\/wp-json\/wp\/v2\/product\/2224","targetHints":{"allow":["GET"]}}],"collection":[{"href":"https:\/\/www.tosunlux.eu\/sq\/wp-json\/wp\/v2\/product"}],"about":[{"href":"https:\/\/www.tosunlux.eu\/sq\/wp-json\/wp\/v2\/types\/product"}],"version-history":[{"count":2,"href":"https:\/\/www.tosunlux.eu\/sq\/wp-json\/wp\/v2\/product\/2224\/revisions"}],"predecessor-version":[{"id":12528,"href":"https:\/\/www.tosunlux.eu\/sq\/wp-json\/wp\/v2\/product\/2224\/revisions\/12528"}],"wp:attachment":[{"href":"https:\/\/www.tosunlux.eu\/sq\/wp-json\/wp\/v2\/media?parent=2224"}],"wp:term":[{"taxonomy":"product_category","embeddable":true,"href":"https:\/\/www.tosunlux.eu\/sq\/wp-json\/wp\/v2\/product_category?post=2224"}],"curies":[{"name":"wp","href":"https:\/\/api.w.org\/{rel}","templated":true}]}}