{"id":2233,"date":"2022-05-03T16:45:26","date_gmt":"2022-05-03T08:45:26","guid":{"rendered":"https:\/\/www.tosunlux.eu\/?post_type=product&#038;p=2233"},"modified":"2025-02-10T13:27:28","modified_gmt":"2025-02-10T05:27:28","slug":"tsmq1-intelligent-double-power-changeover-switch-tsmq1-630","status":"publish","type":"product","link":"https:\/\/www.tosunlux.eu\/sq\/products\/tsmq1-intelligent-double-power-changeover-switch-tsmq1-630\/","title":{"rendered":"Nd\u00ebrprer\u00ebsi inteligjent i nd\u00ebrrimit t\u00eb fuqis\u00eb s\u00eb dyfisht\u00eb TSMQ2"},"content":{"rendered":"<p><strong>Aplikimi<\/strong><\/p>\n\n\n\n<p><\/p>\n\n\n\n<p>Nd\u00ebrprer\u00ebsi inteligjent i dyfisht\u00eb i energjis\u00eb TSMQ2 \u00ebsht\u00eb i p\u00ebrshtatsh\u00ebm p\u00ebr sistemin elektrik me AC 50\/60Hz, tension t\u00eb vler\u00ebsuar pune deri n\u00eb 400V, rrym\u00eb pune t\u00eb vler\u00ebsuar 100A-1250A. Artikujt p\u00ebrdoren gjer\u00ebsisht n\u00eb lloje t\u00eb ndryshme t\u00eb komunitetit t\u00eb banimit, instalimet ushtarake, spitalet, qendrat tregtare, aeroportet etj.<br>Produkti p\u00ebrb\u00ebhet nga nj\u00eb kontrollues i mikrokompjuterit dhe nj\u00eb pajisje nd\u00ebrruese e cila p\u00ebrfshin funksionin: nd\u00ebrprer\u00ebsi i kontrollit automatik, \u00e7el\u00ebsi i kontrollit manual, treguesi i ndezjes s\u00eb zakonshme, treguesi i ndezjes s\u00eb emergjenc\u00ebs, ky\u00e7ja e dyfisht\u00eb mekanike dhe elektrike etj. Ekzistojn\u00eb tre pozicione t\u00eb gjendjes q\u00eb p\u00ebrdoruesit duhet t\u00eb zgjedhin: ndezja e zakonshme e energjis\u00eb (N), fikja e dyfisht\u00eb dhe ndezja e energjis\u00eb emergjente (R).<\/p>\n\n\n\n<p><\/p>\n\n\n\n<p><strong>Specifikimi<\/strong><\/p>\n\n\n\n<p><\/p>\n\n\n\n<p><\/p>\n\n\n<table style=\"border-collapse: collapse; width: 516.77pt;\" border=\"0\" width=\"689\" cellspacing=\"0\" cellpadding=\"0\">\n<tbody>\n<tr style=\"height: 99.75pt;\">\n<td class=\"et2\" style=\"height: 99.75pt; width: 54pt; text-align: center;\" width=\"72\" height=\"133\">Model<\/td>\n<td class=\"et2\" style=\"width: 54pt; text-align: center;\" width=\"72\">ApplicableCircuitBreaker<\/td>\n<td class=\"et2\" style=\"width: 84.75pt; text-align: center;\" width=\"113\">Rryma e vler\u00ebsuar e pun\u00ebs (A)<\/td>\n<td class=\"et2\" style=\"width: 54pt; text-align: center;\" width=\"72\">Koha(et) e veprimit t\u00eb konvertimit<\/td>\n<td class=\"et2\" style=\"width: 54pt; text-align: center;\" width=\"72\">Kategoria e p\u00ebrdorimit<\/td>\n<td class=\"et2\" style=\"width: 54pt; text-align: center;\" width=\"72\">Jeta mekanike (her\u00eb)<\/td>\n<td class=\"et2\" style=\"width: 54pt; text-align: center;\" width=\"72\">Jeta elektrike (her\u00eb)<\/td>\n<td class=\"et2\" style=\"width: 54pt; text-align: center;\" width=\"72\">Tensioni i vler\u00ebsuar i rezistenc\u00ebs ndaj impulsit t\u00eb qarkut t\u00eb shkurt\u00ebr (Uimp)<\/td>\n<td class=\"et2\" style=\"width: 54pt; text-align: center;\" width=\"72\">Kapaciteti i vler\u00ebsuar i nd\u00ebrprerjes s\u00eb qarkut t\u00eb shkurt\u00ebr lcu (kA)<\/td>\n<\/tr>\n<tr style=\"height: 28.50pt;\">\n<td class=\"et2\" style=\"height: 28.5pt; width: 54pt; text-align: center;\" width=\"72\" height=\"38\">TSMQ2-100<\/td>\n<td class=\"et2\" style=\"width: 54pt; text-align: center;\" rowspan=\"6\" width=\"72\">Seria TSM2<\/td>\n<td class=\"et2\" style=\"width: 84.75pt; text-align: center;\" width=\"113\">100<\/td>\n<td class=\"et2\" style=\"width: 54pt; text-align: center;\" width=\"72\">5<\/td>\n<td class=\"et2\" style=\"width: 54pt; text-align: center;\" rowspan=\"6\" width=\"72\">AC-33iB<\/td>\n<td class=\"et2\" style=\"width: 54pt; text-align: center;\" width=\"72\">5000<\/td>\n<td class=\"et2\" style=\"width: 54pt; text-align: center;\" width=\"72\">1000<\/td>\n<td class=\"et2\" style=\"width: 54pt; text-align: center;\" rowspan=\"6\" width=\"72\">8 kV<\/td>\n<td class=\"et2\" style=\"width: 54pt; text-align: center;\" width=\"72\">10<\/td>\n<\/tr>\n<tr style=\"height: 42.75pt;\">\n<td class=\"et2\" style=\"height: 42.75pt; width: 54pt; text-align: center;\" width=\"72\" height=\"57\">TSMQ2-225<\/td>\n<td class=\"et2\" style=\"width: 84.75pt; text-align: center;\" width=\"113\">100,125,160,200,225<\/td>\n<td class=\"et2\" style=\"width: 54pt; text-align: center;\" width=\"72\">5<\/td>\n<td class=\"et2\" style=\"width: 54pt; text-align: center;\" width=\"72\">5000<\/td>\n<td class=\"et2\" style=\"width: 54pt; text-align: center;\" width=\"72\">1000<\/td>\n<td class=\"et2\" style=\"width: 54pt; text-align: center;\" width=\"72\">10<\/td>\n<\/tr>\n<tr style=\"height: 42.75pt;\">\n<td class=\"et2\" style=\"height: 42.75pt; width: 54pt; text-align: center;\" width=\"72\" height=\"57\">TSMQ2-400<\/td>\n<td class=\"et2\" style=\"width: 84.75pt; text-align: center;\" width=\"113\">225,250,315,350,400<\/td>\n<td class=\"et2\" style=\"width: 54pt; text-align: center;\" width=\"72\">6<\/td>\n<td class=\"et2\" style=\"width: 54pt; text-align: center;\" width=\"72\">3000<\/td>\n<td class=\"et2\" style=\"width: 54pt; text-align: center;\" width=\"72\">1000<\/td>\n<td class=\"et2\" style=\"width: 54pt; text-align: center;\" width=\"72\">10<\/td>\n<\/tr>\n<tr style=\"height: 28.50pt;\">\n<td class=\"et2\" style=\"height: 28.5pt; width: 54pt; text-align: center;\" width=\"72\" height=\"38\">TSMQ2-630<\/td>\n<td class=\"et2\" style=\"width: 84.75pt; text-align: center;\" width=\"113\">400,500,630<\/td>\n<td class=\"et2\" style=\"width: 54pt; text-align: center;\" width=\"72\">6<\/td>\n<td class=\"et2\" style=\"width: 54pt; text-align: center;\" width=\"72\">2500<\/td>\n<td class=\"et2\" style=\"width: 54pt; text-align: center;\" width=\"72\">500<\/td>\n<td class=\"et2\" style=\"width: 54pt; text-align: center;\" width=\"72\">12.6<\/td>\n<\/tr>\n<tr style=\"height: 28.50pt;\">\n<td class=\"et2\" style=\"height: 28.5pt; width: 54pt; text-align: center;\" width=\"72\" height=\"38\">TSMQ2-800<\/td>\n<td class=\"et2\" style=\"width: 84.75pt; text-align: center;\" width=\"113\">630,700,800<\/td>\n<td class=\"et2\" style=\"width: 54pt; text-align: center;\" width=\"72\">6<\/td>\n<td class=\"et2\" style=\"width: 54pt; text-align: center;\" width=\"72\">2500<\/td>\n<td class=\"et2\" style=\"width: 54pt; text-align: center;\" width=\"72\">500<\/td>\n<td class=\"et2\" style=\"width: 54pt; text-align: center;\" width=\"72\">16<\/td>\n<\/tr>\n<tr style=\"height: 28.50pt;\">\n<td class=\"et2\" style=\"height: 28.5pt; width: 54pt; text-align: center;\" width=\"72\" height=\"38\">TSMQ2-1250<\/td>\n<td class=\"et2\" style=\"width: 84.75pt; text-align: center;\" width=\"113\">800,1000,1250<\/td>\n<td class=\"et2\" style=\"width: 54pt; text-align: center;\" width=\"72\">6<\/td>\n<td class=\"et2\" style=\"width: 54pt; text-align: center;\" width=\"72\">2500<\/td>\n<td class=\"et2\" style=\"width: 54pt; text-align: center;\" width=\"72\">500<\/td>\n<td class=\"et2\" style=\"width: 54pt; text-align: center;\" width=\"72\">25<\/td>\n<\/tr>\n<tr style=\"height: 13.50pt;\">\n<td style=\"height: 13.50pt;\" height=\"18\">\u00a0<\/td>\n<td>\u00a0<\/td>\n<td>\u00a0<\/td>\n<td>\u00a0<\/td>\n<td>\u00a0<\/td>\n<td>\u00a0<\/td>\n<td>\u00a0<\/td>\n<td>\u00a0<\/td>\n<td>\u00a0<\/td>\n<\/tr>\n<\/tbody>\n<\/table>","protected":false},"parent":0,"template":"","product_category":[24,86],"class_list":["post-2233","product","type-product","status-publish","hentry","product_category-power-distribution-system","product_category-automatic-changeover-switch"],"yoast_head":"<!-- This site is optimized with the Yoast SEO plugin v27.4 - https:\/\/yoast.com\/product\/yoast-seo-wordpress\/ -->\n<title>WholesaleTSMQ2 Intelligent Dual Power Changeover Switch - TOSUNlux Official Site - Electrical Circuit Breaker Manufacturer in China Low Voltage Electrical Supplier | TOSUNlux<\/title>\n<meta name=\"description\" content=\"TSMQ2 Intelligent Dual Power Changeover Switch Supplier - Wholesale direct from TOSUNlux, a trusted manufacturer since 1994. Get your B2B factory quote on our certified Low Voltage electrical products.\" \/>\n<meta name=\"robots\" content=\"index, follow, max-snippet:-1, max-image-preview:large, max-video-preview:-1\" \/>\n<link rel=\"canonical\" href=\"https:\/\/www.tosunlux.eu\/sq\/products\/tsmq1-intelligent-double-power-changeover-switch-tsmq1-630\/\" \/>\n<meta property=\"og:locale\" content=\"sq_AL\" \/>\n<meta property=\"og:type\" content=\"article\" \/>\n<meta property=\"og:title\" content=\"WholesaleTSMQ2 Intelligent Dual Power Changeover Switch - TOSUNlux Official Site - Electrical Circuit Breaker Manufacturer in China Low Voltage Electrical Supplier | TOSUNlux\" \/>\n<meta property=\"og:description\" content=\"TSMQ2 Intelligent Dual Power Changeover Switch Supplier - Wholesale direct from TOSUNlux, a trusted manufacturer since 1994. Get your B2B factory quote on our certified Low Voltage electrical products.\" \/>\n<meta property=\"og:url\" content=\"https:\/\/www.tosunlux.eu\/sq\/products\/tsmq1-intelligent-double-power-changeover-switch-tsmq1-630\/\" \/>\n<meta property=\"og:site_name\" content=\"TOSUNlux Official Site - Electrical Circuit Breaker Manufacturer in China\" \/>\n<meta property=\"article:publisher\" content=\"https:\/\/www.facebook.com\/TOSUNelectric\/\" \/>\n<meta property=\"article:modified_time\" content=\"2025-02-10T05:27:28+00:00\" \/>\n<meta property=\"og:image\" content=\"https:\/\/www.tosunlux.eu\/wp-content\/uploads\/2023\/04\/DSC08160_\u526f\u672c.jpg\" \/>\n\t<meta property=\"og:image:width\" content=\"1500\" \/>\n\t<meta property=\"og:image:height\" content=\"940\" \/>\n\t<meta property=\"og:image:type\" content=\"image\/jpeg\" \/>\n<meta name=\"twitter:card\" content=\"summary_large_image\" \/>\n<meta name=\"twitter:label1\" content=\"Est. reading time\" \/>\n\t<meta name=\"twitter:data1\" content=\"1 minut\u00eb\" \/>\n<script type=\"application\/ld+json\" class=\"yoast-schema-graph\">{\"@context\":\"https:\\\/\\\/schema.org\",\"@graph\":[{\"@type\":\"WebPage\",\"@id\":\"https:\\\/\\\/www.tosunlux.eu\\\/nl\\\/products\\\/tsmq1-intelligent-double-power-changeover-switch-tsmq1-630\\\/\",\"url\":\"https:\\\/\\\/www.tosunlux.eu\\\/nl\\\/products\\\/tsmq1-intelligent-double-power-changeover-switch-tsmq1-630\\\/\",\"name\":\"WholesaleTSMQ2 Intelligent Dual Power Changeover Switch - TOSUNlux Official Site - Electrical Circuit Breaker Manufacturer in China Low Voltage Electrical Supplier | TOSUNlux\",\"isPartOf\":{\"@id\":\"https:\\\/\\\/www.tosunlux.eu\\\/ru\\\/#website\"},\"datePublished\":\"2022-05-03T08:45:26+00:00\",\"dateModified\":\"2025-02-10T05:27:28+00:00\",\"description\":\"TSMQ2 Intelligent Dual Power Changeover Switch Supplier - Wholesale direct from TOSUNlux, a trusted manufacturer since 1994. Get your B2B factory quote on our certified Low Voltage electrical products.\",\"breadcrumb\":{\"@id\":\"https:\\\/\\\/www.tosunlux.eu\\\/nl\\\/products\\\/tsmq1-intelligent-double-power-changeover-switch-tsmq1-630\\\/#breadcrumb\"},\"inLanguage\":\"sq\",\"potentialAction\":[{\"@type\":\"ReadAction\",\"target\":[\"https:\\\/\\\/www.tosunlux.eu\\\/nl\\\/products\\\/tsmq1-intelligent-double-power-changeover-switch-tsmq1-630\\\/\"]}]},{\"@type\":\"BreadcrumbList\",\"@id\":\"https:\\\/\\\/www.tosunlux.eu\\\/nl\\\/products\\\/tsmq1-intelligent-double-power-changeover-switch-tsmq1-630\\\/#breadcrumb\",\"itemListElement\":[{\"@type\":\"ListItem\",\"position\":1,\"name\":\"Home\",\"item\":\"https:\\\/\\\/www.tosunlux.eu\\\/ru\\\/\"},{\"@type\":\"ListItem\",\"position\":2,\"name\":\"Products\",\"item\":\"https:\\\/\\\/www.tosunlux.eu\\\/products\\\/\"},{\"@type\":\"ListItem\",\"position\":3,\"name\":\"TSMQ2 Intelligent Dual Power Changeover Switch\"}]},{\"@type\":\"WebSite\",\"@id\":\"https:\\\/\\\/www.tosunlux.eu\\\/ru\\\/#website\",\"url\":\"https:\\\/\\\/www.tosunlux.eu\\\/ru\\\/\",\"name\":\"TOSUNlux Official Site - Electrical Circuit Breaker Manufacturer in China\",\"description\":\"Power Distribution System Supplier\",\"publisher\":{\"@id\":\"https:\\\/\\\/www.tosunlux.eu\\\/ru\\\/#organization\"},\"alternateName\":\"TOSUNlux\",\"potentialAction\":[{\"@type\":\"SearchAction\",\"target\":{\"@type\":\"EntryPoint\",\"urlTemplate\":\"https:\\\/\\\/www.tosunlux.eu\\\/ru\\\/?s={search_term_string}\"},\"query-input\":{\"@type\":\"PropertyValueSpecification\",\"valueRequired\":true,\"valueName\":\"search_term_string\"}}],\"inLanguage\":\"sq\"},{\"@type\":\"Organization\",\"@id\":\"https:\\\/\\\/www.tosunlux.eu\\\/ru\\\/#organization\",\"name\":\"TOSUNlux\",\"url\":\"https:\\\/\\\/www.tosunlux.eu\\\/ru\\\/\",\"logo\":{\"@type\":\"ImageObject\",\"inLanguage\":\"sq\",\"@id\":\"https:\\\/\\\/www.tosunlux.eu\\\/ru\\\/#\\\/schema\\\/logo\\\/image\\\/\",\"url\":\"https:\\\/\\\/www.tosunlux.eu\\\/wp-content\\\/uploads\\\/2022\\\/01\\\/LOGOSYSM.71762f1.png\",\"contentUrl\":\"https:\\\/\\\/www.tosunlux.eu\\\/wp-content\\\/uploads\\\/2022\\\/01\\\/LOGOSYSM.71762f1.png\",\"width\":153,\"height\":55,\"caption\":\"TOSUNlux\"},\"image\":{\"@id\":\"https:\\\/\\\/www.tosunlux.eu\\\/ru\\\/#\\\/schema\\\/logo\\\/image\\\/\"},\"sameAs\":[\"https:\\\/\\\/www.facebook.com\\\/TOSUNelectric\\\/\",\"https:\\\/\\\/www.linkedin.com\\\/company\\\/wenzhou-tosun-electric-co.-ltd\\\/\"]}]}<\/script>\n<!-- \/ Yoast SEO plugin. -->","yoast_head_json":{"title":"WholesaleTSMQ2 Intelligent Dual Power Changeover Switch - TOSUNlux Official Site - Electrical Circuit Breaker Manufacturer in China Low Voltage Electrical Supplier | TOSUNlux","description":"TSMQ2 Intelligent Dual Power Changeover Switch Supplier - Wholesale direct from TOSUNlux, a trusted manufacturer since 1994. Get your B2B factory quote on our certified Low Voltage electrical products.","robots":{"index":"index","follow":"follow","max-snippet":"max-snippet:-1","max-image-preview":"max-image-preview:large","max-video-preview":"max-video-preview:-1"},"canonical":"https:\/\/www.tosunlux.eu\/sq\/products\/tsmq1-intelligent-double-power-changeover-switch-tsmq1-630\/","og_locale":"sq_AL","og_type":"article","og_title":"WholesaleTSMQ2 Intelligent Dual Power Changeover Switch - TOSUNlux Official Site - Electrical Circuit Breaker Manufacturer in China Low Voltage Electrical Supplier | TOSUNlux","og_description":"TSMQ2 Intelligent Dual Power Changeover Switch Supplier - Wholesale direct from TOSUNlux, a trusted manufacturer since 1994. Get your B2B factory quote on our certified Low Voltage electrical products.","og_url":"https:\/\/www.tosunlux.eu\/sq\/products\/tsmq1-intelligent-double-power-changeover-switch-tsmq1-630\/","og_site_name":"TOSUNlux Official Site - Electrical Circuit Breaker Manufacturer in China","article_publisher":"https:\/\/www.facebook.com\/TOSUNelectric\/","article_modified_time":"2025-02-10T05:27:28+00:00","og_image":[{"width":1500,"height":940,"url":"https:\/\/www.tosunlux.eu\/wp-content\/uploads\/2023\/04\/DSC08160_\u526f\u672c.jpg","type":"image\/jpeg"}],"twitter_card":"summary_large_image","twitter_misc":{"Est. reading time":"1 minut\u00eb"},"schema":{"@context":"https:\/\/schema.org","@graph":[{"@type":"WebPage","@id":"https:\/\/www.tosunlux.eu\/nl\/products\/tsmq1-intelligent-double-power-changeover-switch-tsmq1-630\/","url":"https:\/\/www.tosunlux.eu\/nl\/products\/tsmq1-intelligent-double-power-changeover-switch-tsmq1-630\/","name":"WholesaleTSMQ2 Intelligent Dual Power Changeover Switch - TOSUNlux Official Site - Electrical Circuit Breaker Manufacturer in China Low Voltage Electrical Supplier | TOSUNlux","isPartOf":{"@id":"https:\/\/www.tosunlux.eu\/ru\/#website"},"datePublished":"2022-05-03T08:45:26+00:00","dateModified":"2025-02-10T05:27:28+00:00","description":"TSMQ2 Intelligent Dual Power Changeover Switch Supplier - Wholesale direct from TOSUNlux, a trusted manufacturer since 1994. Get your B2B factory quote on our certified Low Voltage electrical products.","breadcrumb":{"@id":"https:\/\/www.tosunlux.eu\/nl\/products\/tsmq1-intelligent-double-power-changeover-switch-tsmq1-630\/#breadcrumb"},"inLanguage":"sq","potentialAction":[{"@type":"ReadAction","target":["https:\/\/www.tosunlux.eu\/nl\/products\/tsmq1-intelligent-double-power-changeover-switch-tsmq1-630\/"]}]},{"@type":"BreadcrumbList","@id":"https:\/\/www.tosunlux.eu\/nl\/products\/tsmq1-intelligent-double-power-changeover-switch-tsmq1-630\/#breadcrumb","itemListElement":[{"@type":"ListItem","position":1,"name":"Home","item":"https:\/\/www.tosunlux.eu\/ru\/"},{"@type":"ListItem","position":2,"name":"Products","item":"https:\/\/www.tosunlux.eu\/products\/"},{"@type":"ListItem","position":3,"name":"TSMQ2 Intelligent Dual Power Changeover Switch"}]},{"@type":"WebSite","@id":"https:\/\/www.tosunlux.eu\/ru\/#website","url":"https:\/\/www.tosunlux.eu\/ru\/","name":"Faqja zyrtare e TOSUNlux - Prodhuesi i nd\u00ebrprer\u00ebsve t\u00eb qarkut elektrik n\u00eb Kin\u00eb","description":"Furnizuesi i Sistemit t\u00eb Shp\u00ebrndarjes s\u00eb Energjis\u00eb","publisher":{"@id":"https:\/\/www.tosunlux.eu\/ru\/#organization"},"alternateName":"TOSUNlux","potentialAction":[{"@type":"SearchAction","target":{"@type":"EntryPoint","urlTemplate":"https:\/\/www.tosunlux.eu\/ru\/?s={search_term_string}"},"query-input":{"@type":"PropertyValueSpecification","valueRequired":true,"valueName":"search_term_string"}}],"inLanguage":"sq"},{"@type":"Organization","@id":"https:\/\/www.tosunlux.eu\/ru\/#organization","name":"TOSUNlux","url":"https:\/\/www.tosunlux.eu\/ru\/","logo":{"@type":"ImageObject","inLanguage":"sq","@id":"https:\/\/www.tosunlux.eu\/ru\/#\/schema\/logo\/image\/","url":"https:\/\/www.tosunlux.eu\/wp-content\/uploads\/2022\/01\/LOGOSYSM.71762f1.png","contentUrl":"https:\/\/www.tosunlux.eu\/wp-content\/uploads\/2022\/01\/LOGOSYSM.71762f1.png","width":153,"height":55,"caption":"TOSUNlux"},"image":{"@id":"https:\/\/www.tosunlux.eu\/ru\/#\/schema\/logo\/image\/"},"sameAs":["https:\/\/www.facebook.com\/TOSUNelectric\/","https:\/\/www.linkedin.com\/company\/wenzhou-tosun-electric-co.-ltd\/"]}]}},"_links":{"self":[{"href":"https:\/\/www.tosunlux.eu\/sq\/wp-json\/wp\/v2\/product\/2233","targetHints":{"allow":["GET"]}}],"collection":[{"href":"https:\/\/www.tosunlux.eu\/sq\/wp-json\/wp\/v2\/product"}],"about":[{"href":"https:\/\/www.tosunlux.eu\/sq\/wp-json\/wp\/v2\/types\/product"}],"version-history":[{"count":4,"href":"https:\/\/www.tosunlux.eu\/sq\/wp-json\/wp\/v2\/product\/2233\/revisions"}],"predecessor-version":[{"id":12510,"href":"https:\/\/www.tosunlux.eu\/sq\/wp-json\/wp\/v2\/product\/2233\/revisions\/12510"}],"wp:attachment":[{"href":"https:\/\/www.tosunlux.eu\/sq\/wp-json\/wp\/v2\/media?parent=2233"}],"wp:term":[{"taxonomy":"product_category","embeddable":true,"href":"https:\/\/www.tosunlux.eu\/sq\/wp-json\/wp\/v2\/product_category?post=2233"}],"curies":[{"name":"wp","href":"https:\/\/api.w.org\/{rel}","templated":true}]}}