{"id":2235,"date":"2022-05-03T17:14:33","date_gmt":"2022-05-03T09:14:33","guid":{"rendered":"https:\/\/www.tosunlux.eu\/?post_type=product&#038;p=2235"},"modified":"2025-02-10T15:08:00","modified_gmt":"2025-02-10T07:08:00","slug":"hgl-isolating-switch","status":"publish","type":"product","link":"https:\/\/www.tosunlux.eu\/sq\/products\/hgl-isolating-switch\/","title":{"rendered":"Nd\u00ebrprer\u00ebs izolues HGL"},"content":{"rendered":"<p><strong>Aplikimi<\/strong><\/p>\n\n\n\n<p><\/p>\n\n\n\n<p>Produktet jan\u00eb t\u00eb p\u00ebrshtatshme p\u00ebr krijimin dhe thyerjen e qarkut t\u00eb rrym\u00ebs s\u00eb tensionit 415V, frekuenc\u00ebs 50\/60Hz, rrym\u00ebs nominale deri n\u00eb 1600A, q\u00eb vepron si nd\u00ebrprer\u00ebs i rrym\u00ebs, nd\u00ebrprer\u00ebs izolues dhe \u00e7el\u00ebs emergjence. P\u00ebr shkak t\u00eb sistemit t\u00eb ve\u00e7ant\u00eb t\u00eb kontaktit me hark dhe kontaktit kryesor, HGL operon me efikasitet, siguri dhe besueshm\u00ebri t\u00eb lart\u00eb, n\u00eb p\u00ebrputhje me IEC60947-3. Funksionimi rrotullues dhe lidhja mekanike e drejtp\u00ebrdrejt\u00eb midis dorez\u00ebs dhe kontaktit l\u00ebviz\u00ebs, doreza e ndezjes-fikjes b\u00ebn q\u00eb kontakti t\u00eb prishet dhe t\u00eb tregoj\u00eb vendin e kontaktit. Paneli dhe instalimi i tipit t\u00eb pavarur jan\u00eb t\u00eb pajisur me HGL.<\/p>\n\n\n\n<p><\/p>\n\n\n\n<p><strong>Specifikimi<\/strong><\/p>\n\n\n\n<p><\/p>\n\n\n\n<p><\/p>\n\n\n\n<p><\/p>\n\n\n<table style=\"border-collapse: collapse; width: 735.02pt;\" border=\"0\" width=\"980\" cellspacing=\"0\" cellpadding=\"0\">\n<tbody>\n<tr style=\"height: 14.25pt;\">\n<td class=\"et2\" style=\"height: 14.25pt; width: 249.00pt;\" colspan=\"3\" width=\"332\" height=\"19\">Rryma konvencionale e nxeht\u00ebsis\u00eb Ith(A)<\/td>\n<td class=\"et2\" style=\"width: 54pt; text-align: center;\" width=\"72\">160<\/td>\n<td class=\"et2\" style=\"width: 54pt; text-align: center;\" width=\"72\">250<\/td>\n<td class=\"et2\" style=\"width: 54pt; text-align: center;\" width=\"72\">400<\/td>\n<td class=\"et2\" style=\"width: 54pt; text-align: center;\" width=\"72\">630<\/td>\n<td class=\"et2\" style=\"width: 54pt; text-align: center;\" width=\"72\">1000<\/td>\n<td class=\"et2\" style=\"width: 54pt; text-align: center;\" width=\"72\">1250<\/td>\n<td class=\"et2\" style=\"width: 54pt; text-align: center;\" width=\"72\">1600<\/td>\n<td class=\"et2\" style=\"width: 54pt; text-align: center;\" width=\"72\">2500<\/td>\n<td class=\"et2\" style=\"width: 54pt; text-align: center;\" width=\"72\">3200<\/td>\n<\/tr>\n<tr style=\"height: 14.25pt;\">\n<td class=\"et2\" style=\"height: 14.25pt; width: 249.00pt;\" colspan=\"3\" width=\"332\" height=\"19\">Ui i tensionit t\u00eb izolimit t\u00eb vler\u00ebsuar<\/td>\n<td class=\"et2\" style=\"width: 108pt; text-align: center;\" colspan=\"2\" width=\"144\">800 V<\/td>\n<td class=\"et2\" style=\"width: 378pt; text-align: center;\" colspan=\"7\" width=\"504\">1000 V<\/td>\n<\/tr>\n<tr style=\"height: 14.25pt;\">\n<td class=\"et2\" style=\"height: 14.25pt; width: 249.00pt;\" colspan=\"3\" width=\"332\" height=\"19\">Forca dielektrike<\/td>\n<td class=\"et2\" style=\"width: 108pt; text-align: center;\" colspan=\"2\" width=\"144\">3000 V<\/td>\n<td class=\"et2\" style=\"width: 378pt; text-align: center;\" colspan=\"7\" width=\"504\">3500 V<\/td>\n<\/tr>\n<tr style=\"height: 14.25pt;\">\n<td class=\"et2\" style=\"height: 14.25pt; width: 249.00pt;\" colspan=\"3\" width=\"332\" height=\"19\">Tensioni i vler\u00ebsuar i rezistenc\u00ebs s\u00eb impulsit<\/td>\n<td class=\"et2\" style=\"width: 108pt; text-align: center;\" colspan=\"2\" width=\"144\">8 kA<\/td>\n<td class=\"et2\" style=\"width: 378pt; text-align: center;\" colspan=\"7\" width=\"504\">12 kA<\/td>\n<\/tr>\n<tr style=\"height: 14.25pt;\">\n<td class=\"et2\" style=\"height: 14.25pt; width: 249pt; text-align: left;\" colspan=\"3\" width=\"332\" height=\"19\">Tensioni i vler\u00ebsuar i pun\u00ebs<\/td>\n<td class=\"et2\" style=\"width: 486pt; text-align: center;\" colspan=\"9\" width=\"648\">AC400,660V<\/td>\n<\/tr>\n<tr style=\"height: 14.25pt;\">\n<td class=\"et2\" style=\"height: 14.25pt; width: 249.00pt;\" colspan=\"3\" width=\"332\" height=\"19\">Frekuenca e vler\u00ebsuar<\/td>\n<td class=\"et2\" style=\"width: 486pt; text-align: center;\" colspan=\"9\" width=\"648\">50 Hz<\/td>\n<\/tr>\n<tr style=\"height: 14.25pt;\">\n<td class=\"et2\" style=\"height: 14.25pt; width: 249.00pt;\" colspan=\"3\" width=\"332\" height=\"19\">Kategoria e shfryt\u00ebzimit<\/td>\n<td class=\"et2\" style=\"width: 486pt; text-align: center;\" colspan=\"9\" width=\"648\">AC-21,22,23<\/td>\n<\/tr>\n<tr style=\"height: 14.25pt;\">\n<td class=\"et2\" style=\"height: 42.75pt; width: 54.00pt;\" rowspan=\"3\" width=\"72\" height=\"57\">Rryma e vler\u00ebsuar e pun\u00ebs le(A)<\/td>\n<td class=\"et2\" style=\"width: 54.00pt;\" rowspan=\"3\" width=\"72\">AC400V<\/td>\n<td class=\"et2\" style=\"width: 141pt; text-align: center;\" width=\"188\">AC-21<\/td>\n<td class=\"et2\" style=\"width: 54pt; text-align: center;\" width=\"72\">160<\/td>\n<td class=\"et2\" style=\"width: 54pt; text-align: center;\" width=\"72\">250<\/td>\n<td class=\"et2\" style=\"width: 54pt; text-align: center;\" width=\"72\">400<\/td>\n<td class=\"et2\" style=\"width: 54pt; text-align: center;\" width=\"72\">630<\/td>\n<td class=\"et2\" style=\"width: 54pt; text-align: center;\" width=\"72\">1000<\/td>\n<td class=\"et2\" style=\"width: 54pt; text-align: center;\" width=\"72\">1250<\/td>\n<td class=\"et2\" style=\"width: 54pt; text-align: center;\" width=\"72\">1600<\/td>\n<td class=\"et2\" style=\"width: 54pt; text-align: center;\" width=\"72\">2500<\/td>\n<td class=\"et2\" style=\"width: 54pt; text-align: center;\" width=\"72\">3200<\/td>\n<\/tr>\n<tr style=\"height: 14.25pt;\">\n<td class=\"et2\" style=\"width: 141pt; text-align: center;\" width=\"188\">AC-22<\/td>\n<td class=\"et2\" style=\"width: 54pt; text-align: center;\" width=\"72\">160<\/td>\n<td class=\"et2\" style=\"width: 54pt; text-align: center;\" width=\"72\">250<\/td>\n<td class=\"et2\" style=\"width: 54pt; text-align: center;\" width=\"72\">400<\/td>\n<td class=\"et2\" style=\"width: 54pt; text-align: center;\" width=\"72\">630<\/td>\n<td class=\"et2\" style=\"width: 54pt; text-align: center;\" width=\"72\">1000<\/td>\n<td class=\"et2\" style=\"width: 54pt; text-align: center;\" width=\"72\">1250<\/td>\n<td class=\"et2\" style=\"width: 54pt; text-align: center;\" width=\"72\">1600<\/td>\n<td class=\"et2\" style=\"width: 54pt; text-align: center;\" width=\"72\">2500<\/td>\n<td class=\"et2\" style=\"width: 54pt; text-align: center;\" width=\"72\">3200<\/td>\n<\/tr>\n<tr style=\"height: 14.25pt;\">\n<td class=\"et2\" style=\"width: 141pt; text-align: center;\" width=\"188\">AC-23<\/td>\n<td class=\"et2\" style=\"width: 54pt; text-align: center;\" width=\"72\">160<\/td>\n<td class=\"et2\" style=\"width: 54pt; text-align: center;\" width=\"72\">250<\/td>\n<td class=\"et2\" style=\"width: 54pt; text-align: center;\" width=\"72\">400<\/td>\n<td class=\"et2\" style=\"width: 54pt; text-align: center;\" width=\"72\">630<\/td>\n<td class=\"et2\" style=\"width: 54pt; text-align: center;\" width=\"72\">800<\/td>\n<td class=\"et2\" style=\"width: 54pt; text-align: center;\" width=\"72\">1000<\/td>\n<td class=\"et2\" style=\"width: 54pt; text-align: center;\" width=\"72\">1250<\/td>\n<td class=\"et2\" style=\"width: 54pt; text-align: center;\" width=\"72\">2000<\/td>\n<td class=\"et2\" style=\"width: 54pt; text-align: center;\" width=\"72\">2500<\/td>\n<\/tr>\n<tr style=\"height: 14.25pt;\">\n<td class=\"et2\" style=\"height: 14.25pt; width: 249.00pt;\" colspan=\"3\" width=\"332\" height=\"19\">Kapaciteti i vler\u00ebsuar i prodhimit (A Rms)<\/td>\n<td class=\"et2\" style=\"width: 486pt; text-align: center;\" colspan=\"9\" width=\"648\">10le<\/td>\n<\/tr>\n<tr style=\"height: 14.25pt;\">\n<td class=\"et2\" style=\"height: 14.25pt; width: 249.00pt;\" colspan=\"3\" width=\"332\" height=\"19\">Kapaciteti i vler\u00ebsuar i thyerjes (A Rms)<\/td>\n<td class=\"et2\" style=\"width: 486pt; text-align: center;\" colspan=\"9\" width=\"648\">8le<\/td>\n<\/tr>\n<tr style=\"height: 14.25pt;\">\n<td class=\"et2\" style=\"height: 14.25pt; width: 249.00pt;\" colspan=\"3\" width=\"332\" height=\"19\">Kapaciteti i vler\u00ebsuar i krijimit t\u00eb qarkut t\u00eb shkurt\u00ebr lcm (kA Rms)<\/td>\n<td class=\"et2\" style=\"width: 54pt; text-align: center;\" width=\"72\">12<\/td>\n<td class=\"et2\" style=\"width: 54pt; text-align: center;\" width=\"72\">17<\/td>\n<td class=\"et2\" style=\"width: 54pt; text-align: center;\" width=\"72\">30<\/td>\n<td class=\"et2\" style=\"width: 54pt; text-align: center;\" width=\"72\">40<\/td>\n<td class=\"et2\" style=\"width: 162pt; text-align: center;\" colspan=\"3\" width=\"216\">70<\/td>\n<td class=\"et2\" style=\"width: 108pt; text-align: center;\" colspan=\"2\" width=\"144\">100<\/td>\n<\/tr>\n<tr style=\"height: 14.25pt;\">\n<td class=\"et2\" style=\"height: 14.25pt; width: 249.00pt;\" colspan=\"3\" width=\"332\" height=\"19\">1S rrym\u00eb q\u00ebndrueshm\u00ebrie me koh\u00eb t\u00eb shkurt\u00ebr (A Rms)<\/td>\n<td class=\"et2\" style=\"width: 54pt; text-align: center;\" width=\"72\">10<\/td>\n<td class=\"et2\" style=\"width: 54pt; text-align: center;\" width=\"72\">12<\/td>\n<td class=\"et2\" style=\"width: 54pt; text-align: center;\" width=\"72\">20<\/td>\n<td class=\"et2\" style=\"width: 54pt; text-align: center;\" width=\"72\">25<\/td>\n<td class=\"et2\" style=\"width: 162pt; text-align: center;\" colspan=\"3\" width=\"216\">50<\/td>\n<td class=\"et2\" style=\"width: 108pt; text-align: center;\" colspan=\"2\" width=\"144\">70<\/td>\n<\/tr>\n<tr style=\"height: 14.25pt;\">\n<td class=\"et2\" style=\"height: 14.25pt; width: 249.00pt;\" colspan=\"3\" width=\"332\" height=\"19\">Jeta mekanike (her\u00eb)<\/td>\n<td class=\"et2\" style=\"width: 108pt; text-align: center;\" colspan=\"2\" width=\"144\">5000<\/td>\n<td class=\"et2\" style=\"width: 108pt; text-align: center;\" colspan=\"2\" width=\"144\">3000<\/td>\n<td class=\"et2\" style=\"width: 162pt; text-align: center;\" colspan=\"3\" width=\"216\">2000<\/td>\n<td class=\"et2\" style=\"width: 108pt; text-align: center;\" colspan=\"2\" width=\"144\">1000<\/td>\n<\/tr>\n<tr style=\"height: 14.25pt;\">\n<td class=\"et2\" style=\"height: 14.25pt; width: 249.00pt;\" colspan=\"3\" width=\"332\" height=\"19\">Jeta elektrike (her\u00eb)<\/td>\n<td class=\"et2\" style=\"width: 108pt; text-align: center;\" colspan=\"2\" width=\"144\">1000<\/td>\n<td class=\"et2\" style=\"width: 108pt; text-align: center;\" colspan=\"2\" width=\"144\">600<\/td>\n<td class=\"et2\" style=\"width: 162pt; text-align: center;\" colspan=\"3\" width=\"216\">300<\/td>\n<td class=\"et2\" style=\"width: 108pt; text-align: center;\" colspan=\"2\" width=\"144\">\/<\/td>\n<\/tr>\n<\/tbody>\n<\/table>\n\n\n<p><\/p>\n\n\n\n<p><\/p>\n\n\n\n<p><strong>Konfigurimi<\/strong><\/p>\n\n\n\n<p><\/p>\n\n\n\n<figure class=\"wp-block-image size-large is-resized\"><img fetchpriority=\"high\" decoding=\"async\" src=\"https:\/\/www.tosunlux.eu\/wp-content\/uploads\/2022\/05\/42-33-1024x524.jpg\" alt=\"\" class=\"wp-image-2242\" width=\"1024\" height=\"524\" srcset=\"https:\/\/www.tosunlux.eu\/wp-content\/uploads\/2022\/05\/42-33-1024x524.jpg 1024w, https:\/\/www.tosunlux.eu\/wp-content\/uploads\/2022\/05\/42-33-300x154.jpg 300w, https:\/\/www.tosunlux.eu\/wp-content\/uploads\/2022\/05\/42-33-768x393.jpg 768w, https:\/\/www.tosunlux.eu\/wp-content\/uploads\/2022\/05\/42-33-1536x786.jpg 1536w, https:\/\/www.tosunlux.eu\/wp-content\/uploads\/2022\/05\/42-33.jpg 1600w\" sizes=\"(max-width: 1024px) 100vw, 1024px\" \/><\/figure>","protected":false},"parent":0,"template":"","product_category":[24,87],"class_list":["post-2235","product","type-product","status-publish","hentry","product_category-power-distribution-system","product_category-isolation-switch"],"yoast_head":"<!-- This site is optimized with the Yoast SEO plugin v27.5 - https:\/\/yoast.com\/product\/yoast-seo-wordpress\/ -->\n<title>WholesaleHGL Isolating Switch - TOSUNlux Official Site - Electrical Circuit Breaker Manufacturer in China Low Voltage Electrical Supplier | TOSUNlux<\/title>\n<meta name=\"description\" content=\"HGL Isolating Switch Supplier - Wholesale direct from TOSUNlux, a trusted manufacturer since 1994. Get your B2B factory quote on our certified Low Voltage electrical products.\" \/>\n<meta name=\"robots\" content=\"index, follow, max-snippet:-1, max-image-preview:large, max-video-preview:-1\" \/>\n<link rel=\"canonical\" href=\"https:\/\/www.tosunlux.eu\/sq\/products\/hgl-isolating-switch\/\" \/>\n<meta property=\"og:locale\" content=\"sq_AL\" \/>\n<meta property=\"og:type\" content=\"article\" \/>\n<meta property=\"og:title\" content=\"WholesaleHGL Isolating Switch - TOSUNlux Official Site - Electrical Circuit Breaker Manufacturer in China Low Voltage Electrical Supplier | TOSUNlux\" \/>\n<meta property=\"og:description\" content=\"HGL Isolating Switch Supplier - Wholesale direct from TOSUNlux, a trusted manufacturer since 1994. Get your B2B factory quote on our certified Low Voltage electrical products.\" \/>\n<meta property=\"og:url\" content=\"https:\/\/www.tosunlux.eu\/sq\/products\/hgl-isolating-switch\/\" \/>\n<meta property=\"og:site_name\" content=\"TOSUNlux Official Site - Electrical Circuit Breaker Manufacturer in China\" \/>\n<meta property=\"article:publisher\" content=\"https:\/\/www.facebook.com\/TOSUNelectric\/\" \/>\n<meta property=\"article:modified_time\" content=\"2025-02-10T07:08:00+00:00\" \/>\n<meta property=\"og:image\" content=\"https:\/\/www.tosunlux.eu\/wp-content\/uploads\/2022\/05\/42-33-1024x524.jpg\" \/>\n<meta name=\"twitter:card\" content=\"summary_large_image\" \/>\n<meta name=\"twitter:label1\" content=\"Est. reading time\" \/>\n\t<meta name=\"twitter:data1\" content=\"2 minuta\" \/>\n<script type=\"application\/ld+json\" class=\"yoast-schema-graph\">{\"@context\":\"https:\\\/\\\/schema.org\",\"@graph\":[{\"@type\":\"WebPage\",\"@id\":\"https:\\\/\\\/www.tosunlux.eu\\\/products\\\/hgl-isolating-switch\\\/\",\"url\":\"https:\\\/\\\/www.tosunlux.eu\\\/products\\\/hgl-isolating-switch\\\/\",\"name\":\"WholesaleHGL Isolating Switch - TOSUNlux Official Site - Electrical Circuit Breaker Manufacturer in China Low Voltage Electrical Supplier | TOSUNlux\",\"isPartOf\":{\"@id\":\"https:\\\/\\\/www.tosunlux.eu\\\/ru\\\/#website\"},\"primaryImageOfPage\":{\"@id\":\"https:\\\/\\\/www.tosunlux.eu\\\/products\\\/hgl-isolating-switch\\\/#primaryimage\"},\"image\":{\"@id\":\"https:\\\/\\\/www.tosunlux.eu\\\/products\\\/hgl-isolating-switch\\\/#primaryimage\"},\"thumbnailUrl\":\"https:\\\/\\\/www.tosunlux.eu\\\/wp-content\\\/uploads\\\/2022\\\/05\\\/42-33-1024x524.jpg\",\"datePublished\":\"2022-05-03T09:14:33+00:00\",\"dateModified\":\"2025-02-10T07:08:00+00:00\",\"description\":\"HGL Isolating Switch Supplier - Wholesale direct from TOSUNlux, a trusted manufacturer since 1994. Get your B2B factory quote on our certified Low Voltage electrical products.\",\"breadcrumb\":{\"@id\":\"https:\\\/\\\/www.tosunlux.eu\\\/products\\\/hgl-isolating-switch\\\/#breadcrumb\"},\"inLanguage\":\"sq\",\"potentialAction\":[{\"@type\":\"ReadAction\",\"target\":[\"https:\\\/\\\/www.tosunlux.eu\\\/products\\\/hgl-isolating-switch\\\/\"]}]},{\"@type\":\"ImageObject\",\"inLanguage\":\"sq\",\"@id\":\"https:\\\/\\\/www.tosunlux.eu\\\/products\\\/hgl-isolating-switch\\\/#primaryimage\",\"url\":\"https:\\\/\\\/www.tosunlux.eu\\\/wp-content\\\/uploads\\\/2022\\\/05\\\/42-33-1024x524.jpg\",\"contentUrl\":\"https:\\\/\\\/www.tosunlux.eu\\\/wp-content\\\/uploads\\\/2022\\\/05\\\/42-33-1024x524.jpg\"},{\"@type\":\"BreadcrumbList\",\"@id\":\"https:\\\/\\\/www.tosunlux.eu\\\/products\\\/hgl-isolating-switch\\\/#breadcrumb\",\"itemListElement\":[{\"@type\":\"ListItem\",\"position\":1,\"name\":\"Home\",\"item\":\"https:\\\/\\\/www.tosunlux.eu\\\/ru\\\/\"},{\"@type\":\"ListItem\",\"position\":2,\"name\":\"Products\",\"item\":\"https:\\\/\\\/www.tosunlux.eu\\\/products\\\/\"},{\"@type\":\"ListItem\",\"position\":3,\"name\":\"HGL Isolating Switch\"}]},{\"@type\":\"WebSite\",\"@id\":\"https:\\\/\\\/www.tosunlux.eu\\\/ru\\\/#website\",\"url\":\"https:\\\/\\\/www.tosunlux.eu\\\/ru\\\/\",\"name\":\"TOSUNlux Official Site - Electrical Circuit Breaker Manufacturer in China\",\"description\":\"Power Distribution System Supplier\",\"publisher\":{\"@id\":\"https:\\\/\\\/www.tosunlux.eu\\\/ru\\\/#organization\"},\"alternateName\":\"TOSUNlux\",\"potentialAction\":[{\"@type\":\"SearchAction\",\"target\":{\"@type\":\"EntryPoint\",\"urlTemplate\":\"https:\\\/\\\/www.tosunlux.eu\\\/ru\\\/?s={search_term_string}\"},\"query-input\":{\"@type\":\"PropertyValueSpecification\",\"valueRequired\":true,\"valueName\":\"search_term_string\"}}],\"inLanguage\":\"sq\"},{\"@type\":\"Organization\",\"@id\":\"https:\\\/\\\/www.tosunlux.eu\\\/ru\\\/#organization\",\"name\":\"TOSUNlux\",\"url\":\"https:\\\/\\\/www.tosunlux.eu\\\/ru\\\/\",\"logo\":{\"@type\":\"ImageObject\",\"inLanguage\":\"sq\",\"@id\":\"https:\\\/\\\/www.tosunlux.eu\\\/ru\\\/#\\\/schema\\\/logo\\\/image\\\/\",\"url\":\"https:\\\/\\\/www.tosunlux.eu\\\/wp-content\\\/uploads\\\/2022\\\/01\\\/LOGOSYSM.71762f1.png\",\"contentUrl\":\"https:\\\/\\\/www.tosunlux.eu\\\/wp-content\\\/uploads\\\/2022\\\/01\\\/LOGOSYSM.71762f1.png\",\"width\":153,\"height\":55,\"caption\":\"TOSUNlux\"},\"image\":{\"@id\":\"https:\\\/\\\/www.tosunlux.eu\\\/ru\\\/#\\\/schema\\\/logo\\\/image\\\/\"},\"sameAs\":[\"https:\\\/\\\/www.facebook.com\\\/TOSUNelectric\\\/\",\"https:\\\/\\\/www.linkedin.com\\\/company\\\/wenzhou-tosun-electric-co.-ltd\\\/\"]}]}<\/script>\n<!-- \/ Yoast SEO plugin. -->","yoast_head_json":{"title":"WholesaleHGL Isolating Switch - TOSUNlux Official Site - Electrical Circuit Breaker Manufacturer in China Low Voltage Electrical Supplier | TOSUNlux","description":"HGL Isolating Switch Supplier - Wholesale direct from TOSUNlux, a trusted manufacturer since 1994. Get your B2B factory quote on our certified Low Voltage electrical products.","robots":{"index":"index","follow":"follow","max-snippet":"max-snippet:-1","max-image-preview":"max-image-preview:large","max-video-preview":"max-video-preview:-1"},"canonical":"https:\/\/www.tosunlux.eu\/sq\/products\/hgl-isolating-switch\/","og_locale":"sq_AL","og_type":"article","og_title":"WholesaleHGL Isolating Switch - TOSUNlux Official Site - Electrical Circuit Breaker Manufacturer in China Low Voltage Electrical Supplier | TOSUNlux","og_description":"HGL Isolating Switch Supplier - Wholesale direct from TOSUNlux, a trusted manufacturer since 1994. Get your B2B factory quote on our certified Low Voltage electrical products.","og_url":"https:\/\/www.tosunlux.eu\/sq\/products\/hgl-isolating-switch\/","og_site_name":"TOSUNlux Official Site - Electrical Circuit Breaker Manufacturer in China","article_publisher":"https:\/\/www.facebook.com\/TOSUNelectric\/","article_modified_time":"2025-02-10T07:08:00+00:00","og_image":[{"url":"https:\/\/www.tosunlux.eu\/wp-content\/uploads\/2022\/05\/42-33-1024x524.jpg","type":"","width":"","height":""}],"twitter_card":"summary_large_image","twitter_misc":{"Est. reading time":"2 minuta"},"schema":{"@context":"https:\/\/schema.org","@graph":[{"@type":"WebPage","@id":"https:\/\/www.tosunlux.eu\/products\/hgl-isolating-switch\/","url":"https:\/\/www.tosunlux.eu\/products\/hgl-isolating-switch\/","name":"WholesaleHGL Isolating Switch - TOSUNlux Official Site - Electrical Circuit Breaker Manufacturer in China Low Voltage Electrical Supplier | TOSUNlux","isPartOf":{"@id":"https:\/\/www.tosunlux.eu\/ru\/#website"},"primaryImageOfPage":{"@id":"https:\/\/www.tosunlux.eu\/products\/hgl-isolating-switch\/#primaryimage"},"image":{"@id":"https:\/\/www.tosunlux.eu\/products\/hgl-isolating-switch\/#primaryimage"},"thumbnailUrl":"https:\/\/www.tosunlux.eu\/wp-content\/uploads\/2022\/05\/42-33-1024x524.jpg","datePublished":"2022-05-03T09:14:33+00:00","dateModified":"2025-02-10T07:08:00+00:00","description":"HGL Isolating Switch Supplier - Wholesale direct from TOSUNlux, a trusted manufacturer since 1994. Get your B2B factory quote on our certified Low Voltage electrical products.","breadcrumb":{"@id":"https:\/\/www.tosunlux.eu\/products\/hgl-isolating-switch\/#breadcrumb"},"inLanguage":"sq","potentialAction":[{"@type":"ReadAction","target":["https:\/\/www.tosunlux.eu\/products\/hgl-isolating-switch\/"]}]},{"@type":"ImageObject","inLanguage":"sq","@id":"https:\/\/www.tosunlux.eu\/products\/hgl-isolating-switch\/#primaryimage","url":"https:\/\/www.tosunlux.eu\/wp-content\/uploads\/2022\/05\/42-33-1024x524.jpg","contentUrl":"https:\/\/www.tosunlux.eu\/wp-content\/uploads\/2022\/05\/42-33-1024x524.jpg"},{"@type":"BreadcrumbList","@id":"https:\/\/www.tosunlux.eu\/products\/hgl-isolating-switch\/#breadcrumb","itemListElement":[{"@type":"ListItem","position":1,"name":"Home","item":"https:\/\/www.tosunlux.eu\/ru\/"},{"@type":"ListItem","position":2,"name":"Products","item":"https:\/\/www.tosunlux.eu\/products\/"},{"@type":"ListItem","position":3,"name":"HGL Isolating Switch"}]},{"@type":"WebSite","@id":"https:\/\/www.tosunlux.eu\/ru\/#website","url":"https:\/\/www.tosunlux.eu\/ru\/","name":"Faqja zyrtare e TOSUNlux - Prodhuesi i nd\u00ebrprer\u00ebsve t\u00eb qarkut elektrik n\u00eb Kin\u00eb","description":"Furnizuesi i Sistemit t\u00eb Shp\u00ebrndarjes s\u00eb Energjis\u00eb","publisher":{"@id":"https:\/\/www.tosunlux.eu\/ru\/#organization"},"alternateName":"TOSUNlux","potentialAction":[{"@type":"SearchAction","target":{"@type":"EntryPoint","urlTemplate":"https:\/\/www.tosunlux.eu\/ru\/?s={search_term_string}"},"query-input":{"@type":"PropertyValueSpecification","valueRequired":true,"valueName":"search_term_string"}}],"inLanguage":"sq"},{"@type":"Organization","@id":"https:\/\/www.tosunlux.eu\/ru\/#organization","name":"TOSUNlux","url":"https:\/\/www.tosunlux.eu\/ru\/","logo":{"@type":"ImageObject","inLanguage":"sq","@id":"https:\/\/www.tosunlux.eu\/ru\/#\/schema\/logo\/image\/","url":"https:\/\/www.tosunlux.eu\/wp-content\/uploads\/2022\/01\/LOGOSYSM.71762f1.png","contentUrl":"https:\/\/www.tosunlux.eu\/wp-content\/uploads\/2022\/01\/LOGOSYSM.71762f1.png","width":153,"height":55,"caption":"TOSUNlux"},"image":{"@id":"https:\/\/www.tosunlux.eu\/ru\/#\/schema\/logo\/image\/"},"sameAs":["https:\/\/www.facebook.com\/TOSUNelectric\/","https:\/\/www.linkedin.com\/company\/wenzhou-tosun-electric-co.-ltd\/"]}]}},"_links":{"self":[{"href":"https:\/\/www.tosunlux.eu\/sq\/wp-json\/wp\/v2\/product\/2235","targetHints":{"allow":["GET"]}}],"collection":[{"href":"https:\/\/www.tosunlux.eu\/sq\/wp-json\/wp\/v2\/product"}],"about":[{"href":"https:\/\/www.tosunlux.eu\/sq\/wp-json\/wp\/v2\/types\/product"}],"version-history":[{"count":2,"href":"https:\/\/www.tosunlux.eu\/sq\/wp-json\/wp\/v2\/product\/2235\/revisions"}],"predecessor-version":[{"id":12531,"href":"https:\/\/www.tosunlux.eu\/sq\/wp-json\/wp\/v2\/product\/2235\/revisions\/12531"}],"wp:attachment":[{"href":"https:\/\/www.tosunlux.eu\/sq\/wp-json\/wp\/v2\/media?parent=2235"}],"wp:term":[{"taxonomy":"product_category","embeddable":true,"href":"https:\/\/www.tosunlux.eu\/sq\/wp-json\/wp\/v2\/product_category?post=2235"}],"curies":[{"name":"wp","href":"https:\/\/api.w.org\/{rel}","templated":true}]}}