{"id":2459,"date":"2022-05-10T17:08:24","date_gmt":"2022-05-10T09:08:24","guid":{"rendered":"https:\/\/www.tosunlux.eu\/?post_type=product&#038;p=2459"},"modified":"2022-05-12T15:04:09","modified_gmt":"2022-05-12T07:04:09","slug":"tsd1-hpk-recessed-mount-distribution-box","status":"publish","type":"product","link":"https:\/\/www.tosunlux.eu\/sq\/products\/tsd1-hpk-recessed-mount-distribution-box\/","title":{"rendered":"TSD1-HPK Bordi i shp\u00ebrndarjes s\u00eb montimit t\u00eb futur"},"content":{"rendered":"<p><strong>I zhytur<\/strong> <strong>Kutia e shp\u00ebrndarjes s\u00eb malit<\/strong><\/p>\n\n\n\n<p>Kutia shp\u00ebrndar\u00ebse e seris\u00eb TSD1-HPK \u00ebsht\u00eb projektuar p\u00ebr shp\u00ebrndarje t\u00eb sigurt, t\u00eb besueshme dhe kontroll t\u00eb energjis\u00eb elektrike si pajisje hyr\u00ebse sh\u00ebrbimi n\u00eb ambiente rezidenciale, tregtare dhe industriale t\u00eb lehta. Ato jan\u00eb t\u00eb disponueshme n\u00eb modele Din-rail p\u00ebr aplikime t\u00eb brendshme.<\/p>\n\n\n\n<p><strong>Dritarja: e bardh\u00eb dhe transparente<\/strong><\/p>\n\n\n<table class=\"table\" border=\"0\" width=\"100%\" cellspacing=\"0\" cellpadding=\"0\">\n<tbody>\n<tr class=\"firstRow\">\n<td align=\"center\" valign=\"middle\">Model<\/td>\n<td align=\"center\" valign=\"middle\">L(mm)<\/td>\n<td align=\"center\" valign=\"middle\">W(mm)<\/td>\n<td align=\"center\" valign=\"middle\">H(mm)<\/td>\n<\/tr>\n<tr>\n<td align=\"center\" valign=\"middle\">TSD1-HPK 2 drejtime<\/td>\n<td align=\"center\" valign=\"middle\">66<\/td>\n<td align=\"center\" valign=\"middle\">137<\/td>\n<td align=\"center\" valign=\"middle\">85<\/td>\n<\/tr>\n<tr>\n<td align=\"center\" valign=\"middle\">TSD1-HPK 4 drejtime<\/td>\n<td align=\"center\" valign=\"middle\">136<\/td>\n<td align=\"center\" valign=\"middle\">222<\/td>\n<td align=\"center\" valign=\"middle\">92<\/td>\n<\/tr>\n<tr>\n<td align=\"center\" valign=\"middle\">TSD1-HPK 6 m\u00ebnyra<\/td>\n<td align=\"center\" valign=\"middle\">172<\/td>\n<td align=\"center\" valign=\"middle\">222<\/td>\n<td align=\"center\" valign=\"middle\">92<\/td>\n<\/tr>\n<tr>\n<td align=\"center\" valign=\"middle\">TSD1-HPK 8 m\u00ebnyra<\/td>\n<td align=\"center\" valign=\"middle\">208<\/td>\n<td align=\"center\" valign=\"middle\">222<\/td>\n<td align=\"center\" valign=\"middle\">92<\/td>\n<\/tr>\n<tr>\n<td align=\"center\" valign=\"middle\">TSD1-HPK 10 m\u00ebnyra<\/td>\n<td align=\"center\" valign=\"middle\">240<\/td>\n<td align=\"center\" valign=\"middle\">222<\/td>\n<td align=\"center\" valign=\"middle\">92<\/td>\n<\/tr>\n<tr>\n<td align=\"center\" valign=\"middle\">TSD1-HPK 12 m\u00ebnyra<\/td>\n<td align=\"center\" valign=\"middle\">280<\/td>\n<td align=\"center\" valign=\"middle\">222<\/td>\n<td align=\"center\" valign=\"middle\">92<\/td>\n<\/tr>\n<tr>\n<td align=\"center\" valign=\"middle\">TSD1-HPK 15 m\u00ebnyra<\/td>\n<td align=\"center\" valign=\"middle\">335<\/td>\n<td align=\"center\" valign=\"middle\">222<\/td>\n<td align=\"center\" valign=\"middle\">92<\/td>\n<\/tr>\n<tr>\n<td align=\"center\" valign=\"middle\">TSD1-HPK 18 m\u00ebnyra<\/td>\n<td align=\"center\" valign=\"middle\">398<\/td>\n<td align=\"center\" valign=\"middle\">252<\/td>\n<td align=\"center\" valign=\"middle\">100<\/td>\n<\/tr>\n<tr>\n<td align=\"center\" valign=\"middle\">TSD1-HPK 24 m\u00ebnyra<\/td>\n<td align=\"center\" valign=\"middle\">300<\/td>\n<td align=\"center\" valign=\"middle\">345<\/td>\n<td align=\"center\" valign=\"middle\">100<\/td>\n<\/tr>\n<tr>\n<td align=\"center\" valign=\"middle\">TSD1-HPK 36 m\u00ebnyra<\/td>\n<td align=\"center\" valign=\"middle\">300<\/td>\n<td align=\"center\" valign=\"middle\">482<\/td>\n<td align=\"center\" valign=\"middle\">100<\/td>\n<\/tr>\n<tr>\n<td align=\"center\" valign=\"middle\">TSD1-HPK 45 m\u00ebnyra<\/td>\n<td align=\"center\" valign=\"middle\">360<\/td>\n<td align=\"center\" valign=\"middle\">500<\/td>\n<td align=\"center\" valign=\"middle\">100<\/td>\n<\/tr>\n<\/tbody>\n<\/table>\n\n\n<p><\/p>","protected":false},"parent":0,"template":"","product_category":[36,102],"class_list":["post-2459","product","type-product","status-publish","hentry","product_category-electrical-accessories","product_category-panel-board-junction-box"],"yoast_head":"<!-- This site is optimized with the Yoast SEO plugin v27.4 - https:\/\/yoast.com\/product\/yoast-seo-wordpress\/ -->\n<title>WholesaleTSD1-HPK Recessed Mount Distribution Board - TOSUNlux Official Site - Electrical Circuit Breaker Manufacturer in China Low Voltage Electrical Supplier | TOSUNlux<\/title>\n<meta name=\"description\" content=\"TSD1-HPK Recessed Mount Distribution Board Supplier - Wholesale direct from TOSUNlux, a trusted manufacturer since 1994. Get your B2B factory quote on our certified Low Voltage electrical products.\" \/>\n<meta name=\"robots\" content=\"index, follow, max-snippet:-1, max-image-preview:large, max-video-preview:-1\" \/>\n<link rel=\"canonical\" href=\"https:\/\/www.tosunlux.eu\/sq\/products\/tsd1-hpk-recessed-mount-distribution-box\/\" \/>\n<meta property=\"og:locale\" content=\"sq_AL\" \/>\n<meta property=\"og:type\" content=\"article\" \/>\n<meta property=\"og:title\" content=\"WholesaleTSD1-HPK Recessed Mount Distribution Board - TOSUNlux Official Site - Electrical Circuit Breaker Manufacturer in China Low Voltage Electrical Supplier | TOSUNlux\" \/>\n<meta property=\"og:description\" content=\"TSD1-HPK Recessed Mount Distribution Board Supplier - Wholesale direct from TOSUNlux, a trusted manufacturer since 1994. Get your B2B factory quote on our certified Low Voltage electrical products.\" \/>\n<meta property=\"og:url\" content=\"https:\/\/www.tosunlux.eu\/sq\/products\/tsd1-hpk-recessed-mount-distribution-box\/\" \/>\n<meta property=\"og:site_name\" content=\"TOSUNlux Official Site - Electrical Circuit Breaker Manufacturer in China\" \/>\n<meta property=\"article:publisher\" content=\"https:\/\/www.facebook.com\/TOSUNelectric\/\" \/>\n<meta property=\"article:modified_time\" content=\"2022-05-12T07:04:09+00:00\" \/>\n<meta property=\"og:image\" content=\"https:\/\/www.tosunlux.eu\/wp-content\/uploads\/2023\/04\/DSC08160_\u526f\u672c.jpg\" \/>\n\t<meta property=\"og:image:width\" content=\"1500\" \/>\n\t<meta property=\"og:image:height\" content=\"940\" \/>\n\t<meta property=\"og:image:type\" content=\"image\/jpeg\" \/>\n<meta name=\"twitter:card\" content=\"summary_large_image\" \/>\n<meta name=\"twitter:label1\" content=\"Est. reading time\" \/>\n\t<meta name=\"twitter:data1\" content=\"1 minut\u00eb\" \/>\n<script type=\"application\/ld+json\" class=\"yoast-schema-graph\">{\"@context\":\"https:\\\/\\\/schema.org\",\"@graph\":[{\"@type\":\"WebPage\",\"@id\":\"https:\\\/\\\/www.tosunlux.eu\\\/pl\\\/products\\\/tsd1-hpk-recessed-mount-distribution-box\\\/\",\"url\":\"https:\\\/\\\/www.tosunlux.eu\\\/pl\\\/products\\\/tsd1-hpk-recessed-mount-distribution-box\\\/\",\"name\":\"WholesaleTSD1-HPK Recessed Mount Distribution Board - TOSUNlux Official Site - Electrical Circuit Breaker Manufacturer in China Low Voltage Electrical Supplier | TOSUNlux\",\"isPartOf\":{\"@id\":\"https:\\\/\\\/www.tosunlux.eu\\\/ru\\\/#website\"},\"datePublished\":\"2022-05-10T09:08:24+00:00\",\"dateModified\":\"2022-05-12T07:04:09+00:00\",\"description\":\"TSD1-HPK Recessed Mount Distribution Board Supplier - Wholesale direct from TOSUNlux, a trusted manufacturer since 1994. Get your B2B factory quote on our certified Low Voltage electrical products.\",\"breadcrumb\":{\"@id\":\"https:\\\/\\\/www.tosunlux.eu\\\/pl\\\/products\\\/tsd1-hpk-recessed-mount-distribution-box\\\/#breadcrumb\"},\"inLanguage\":\"sq\",\"potentialAction\":[{\"@type\":\"ReadAction\",\"target\":[\"https:\\\/\\\/www.tosunlux.eu\\\/pl\\\/products\\\/tsd1-hpk-recessed-mount-distribution-box\\\/\"]}]},{\"@type\":\"BreadcrumbList\",\"@id\":\"https:\\\/\\\/www.tosunlux.eu\\\/pl\\\/products\\\/tsd1-hpk-recessed-mount-distribution-box\\\/#breadcrumb\",\"itemListElement\":[{\"@type\":\"ListItem\",\"position\":1,\"name\":\"Home\",\"item\":\"https:\\\/\\\/www.tosunlux.eu\\\/ru\\\/\"},{\"@type\":\"ListItem\",\"position\":2,\"name\":\"Products\",\"item\":\"https:\\\/\\\/www.tosunlux.eu\\\/products\\\/\"},{\"@type\":\"ListItem\",\"position\":3,\"name\":\"TSD1-HPK Recessed Mount Distribution Board\"}]},{\"@type\":\"WebSite\",\"@id\":\"https:\\\/\\\/www.tosunlux.eu\\\/ru\\\/#website\",\"url\":\"https:\\\/\\\/www.tosunlux.eu\\\/ru\\\/\",\"name\":\"TOSUNlux Official Site - Electrical Circuit Breaker Manufacturer in China\",\"description\":\"Power Distribution System Supplier\",\"publisher\":{\"@id\":\"https:\\\/\\\/www.tosunlux.eu\\\/ru\\\/#organization\"},\"alternateName\":\"TOSUNlux\",\"potentialAction\":[{\"@type\":\"SearchAction\",\"target\":{\"@type\":\"EntryPoint\",\"urlTemplate\":\"https:\\\/\\\/www.tosunlux.eu\\\/ru\\\/?s={search_term_string}\"},\"query-input\":{\"@type\":\"PropertyValueSpecification\",\"valueRequired\":true,\"valueName\":\"search_term_string\"}}],\"inLanguage\":\"sq\"},{\"@type\":\"Organization\",\"@id\":\"https:\\\/\\\/www.tosunlux.eu\\\/ru\\\/#organization\",\"name\":\"TOSUNlux\",\"url\":\"https:\\\/\\\/www.tosunlux.eu\\\/ru\\\/\",\"logo\":{\"@type\":\"ImageObject\",\"inLanguage\":\"sq\",\"@id\":\"https:\\\/\\\/www.tosunlux.eu\\\/ru\\\/#\\\/schema\\\/logo\\\/image\\\/\",\"url\":\"https:\\\/\\\/www.tosunlux.eu\\\/wp-content\\\/uploads\\\/2022\\\/01\\\/LOGOSYSM.71762f1.png\",\"contentUrl\":\"https:\\\/\\\/www.tosunlux.eu\\\/wp-content\\\/uploads\\\/2022\\\/01\\\/LOGOSYSM.71762f1.png\",\"width\":153,\"height\":55,\"caption\":\"TOSUNlux\"},\"image\":{\"@id\":\"https:\\\/\\\/www.tosunlux.eu\\\/ru\\\/#\\\/schema\\\/logo\\\/image\\\/\"},\"sameAs\":[\"https:\\\/\\\/www.facebook.com\\\/TOSUNelectric\\\/\",\"https:\\\/\\\/www.linkedin.com\\\/company\\\/wenzhou-tosun-electric-co.-ltd\\\/\"]}]}<\/script>\n<!-- \/ Yoast SEO plugin. -->","yoast_head_json":{"title":"Paneli Shp\u00ebrndar\u00ebs me Montim t\u00eb Inkasuar me Shumic\u00eb TSD1-HPK - Faqja Zyrtare e TOSUNlux - Prodhues i Nd\u00ebrprer\u00ebsve t\u00eb Qarkut Elektrik n\u00eb Kin\u00eb, Furnizues i Pajisjeve Elektrike me Tension t\u00eb Ul\u00ebt | TOSUNlux","description":"Furnizues i Panelit t\u00eb Shp\u00ebrndarjes me Montim t\u00eb Inkasuar TSD1-HPK - Shitje me shumic\u00eb direkt nga TOSUNlux, nj\u00eb prodhues i besuar q\u00eb nga viti 1994. Merrni ofert\u00ebn tuaj B2B t\u00eb fabrik\u00ebs p\u00ebr produktet tona t\u00eb certifikuara elektrike me Tension t\u00eb Ul\u00ebt.","robots":{"index":"index","follow":"follow","max-snippet":"max-snippet:-1","max-image-preview":"max-image-preview:large","max-video-preview":"max-video-preview:-1"},"canonical":"https:\/\/www.tosunlux.eu\/sq\/products\/tsd1-hpk-recessed-mount-distribution-box\/","og_locale":"sq_AL","og_type":"article","og_title":"WholesaleTSD1-HPK Recessed Mount Distribution Board - TOSUNlux Official Site - Electrical Circuit Breaker Manufacturer in China Low Voltage Electrical Supplier | TOSUNlux","og_description":"TSD1-HPK Recessed Mount Distribution Board Supplier - Wholesale direct from TOSUNlux, a trusted manufacturer since 1994. Get your B2B factory quote on our certified Low Voltage electrical products.","og_url":"https:\/\/www.tosunlux.eu\/sq\/products\/tsd1-hpk-recessed-mount-distribution-box\/","og_site_name":"TOSUNlux Official Site - Electrical Circuit Breaker Manufacturer in China","article_publisher":"https:\/\/www.facebook.com\/TOSUNelectric\/","article_modified_time":"2022-05-12T07:04:09+00:00","og_image":[{"width":1500,"height":940,"url":"https:\/\/www.tosunlux.eu\/wp-content\/uploads\/2023\/04\/DSC08160_\u526f\u672c.jpg","type":"image\/jpeg"}],"twitter_card":"summary_large_image","twitter_misc":{"Est. reading time":"1 minut\u00eb"},"schema":{"@context":"https:\/\/schema.org","@graph":[{"@type":"WebPage","@id":"https:\/\/www.tosunlux.eu\/pl\/products\/tsd1-hpk-recessed-mount-distribution-box\/","url":"https:\/\/www.tosunlux.eu\/pl\/products\/tsd1-hpk-recessed-mount-distribution-box\/","name":"Paneli Shp\u00ebrndar\u00ebs me Montim t\u00eb Inkasuar me Shumic\u00eb TSD1-HPK - Faqja Zyrtare e TOSUNlux - Prodhues i Nd\u00ebrprer\u00ebsve t\u00eb Qarkut Elektrik n\u00eb Kin\u00eb, Furnizues i Pajisjeve Elektrike me Tension t\u00eb Ul\u00ebt | TOSUNlux","isPartOf":{"@id":"https:\/\/www.tosunlux.eu\/ru\/#website"},"datePublished":"2022-05-10T09:08:24+00:00","dateModified":"2022-05-12T07:04:09+00:00","description":"Furnizues i Panelit t\u00eb Shp\u00ebrndarjes me Montim t\u00eb Inkasuar TSD1-HPK - Shitje me shumic\u00eb direkt nga TOSUNlux, nj\u00eb prodhues i besuar q\u00eb nga viti 1994. Merrni ofert\u00ebn tuaj B2B t\u00eb fabrik\u00ebs p\u00ebr produktet tona t\u00eb certifikuara elektrike me Tension t\u00eb Ul\u00ebt.","breadcrumb":{"@id":"https:\/\/www.tosunlux.eu\/pl\/products\/tsd1-hpk-recessed-mount-distribution-box\/#breadcrumb"},"inLanguage":"sq","potentialAction":[{"@type":"ReadAction","target":["https:\/\/www.tosunlux.eu\/pl\/products\/tsd1-hpk-recessed-mount-distribution-box\/"]}]},{"@type":"BreadcrumbList","@id":"https:\/\/www.tosunlux.eu\/pl\/products\/tsd1-hpk-recessed-mount-distribution-box\/#breadcrumb","itemListElement":[{"@type":"ListItem","position":1,"name":"Home","item":"https:\/\/www.tosunlux.eu\/ru\/"},{"@type":"ListItem","position":2,"name":"Products","item":"https:\/\/www.tosunlux.eu\/products\/"},{"@type":"ListItem","position":3,"name":"TSD1-HPK Recessed Mount Distribution Board"}]},{"@type":"WebSite","@id":"https:\/\/www.tosunlux.eu\/ru\/#website","url":"https:\/\/www.tosunlux.eu\/ru\/","name":"Faqja zyrtare e TOSUNlux - Prodhuesi i nd\u00ebrprer\u00ebsve t\u00eb qarkut elektrik n\u00eb Kin\u00eb","description":"Furnizuesi i Sistemit t\u00eb Shp\u00ebrndarjes s\u00eb Energjis\u00eb","publisher":{"@id":"https:\/\/www.tosunlux.eu\/ru\/#organization"},"alternateName":"TOSUNlux","potentialAction":[{"@type":"SearchAction","target":{"@type":"EntryPoint","urlTemplate":"https:\/\/www.tosunlux.eu\/ru\/?s={search_term_string}"},"query-input":{"@type":"PropertyValueSpecification","valueRequired":true,"valueName":"search_term_string"}}],"inLanguage":"sq"},{"@type":"Organization","@id":"https:\/\/www.tosunlux.eu\/ru\/#organization","name":"TOSUNlux","url":"https:\/\/www.tosunlux.eu\/ru\/","logo":{"@type":"ImageObject","inLanguage":"sq","@id":"https:\/\/www.tosunlux.eu\/ru\/#\/schema\/logo\/image\/","url":"https:\/\/www.tosunlux.eu\/wp-content\/uploads\/2022\/01\/LOGOSYSM.71762f1.png","contentUrl":"https:\/\/www.tosunlux.eu\/wp-content\/uploads\/2022\/01\/LOGOSYSM.71762f1.png","width":153,"height":55,"caption":"TOSUNlux"},"image":{"@id":"https:\/\/www.tosunlux.eu\/ru\/#\/schema\/logo\/image\/"},"sameAs":["https:\/\/www.facebook.com\/TOSUNelectric\/","https:\/\/www.linkedin.com\/company\/wenzhou-tosun-electric-co.-ltd\/"]}]}},"_links":{"self":[{"href":"https:\/\/www.tosunlux.eu\/sq\/wp-json\/wp\/v2\/product\/2459","targetHints":{"allow":["GET"]}}],"collection":[{"href":"https:\/\/www.tosunlux.eu\/sq\/wp-json\/wp\/v2\/product"}],"about":[{"href":"https:\/\/www.tosunlux.eu\/sq\/wp-json\/wp\/v2\/types\/product"}],"version-history":[{"count":0,"href":"https:\/\/www.tosunlux.eu\/sq\/wp-json\/wp\/v2\/product\/2459\/revisions"}],"wp:attachment":[{"href":"https:\/\/www.tosunlux.eu\/sq\/wp-json\/wp\/v2\/media?parent=2459"}],"wp:term":[{"taxonomy":"product_category","embeddable":true,"href":"https:\/\/www.tosunlux.eu\/sq\/wp-json\/wp\/v2\/product_category?post=2459"}],"curies":[{"name":"wp","href":"https:\/\/api.w.org\/{rel}","templated":true}]}}