{"id":2490,"date":"2022-05-11T10:29:41","date_gmt":"2022-05-11T02:29:41","guid":{"rendered":"https:\/\/www.tosunlux.eu\/?post_type=product&#038;p=2490"},"modified":"2022-05-11T10:29:42","modified_gmt":"2022-05-11T02:29:42","slug":"nt-low-voltage-fuse-nt00c","status":"publish","type":"product","link":"https:\/\/www.tosunlux.eu\/sq\/products\/nt-low-voltage-fuse-nt00c\/","title":{"rendered":"Siguresa e tensionit t\u00eb ul\u00ebt NT NT00C"},"content":{"rendered":"<p><strong>Aplikimi <\/strong><\/p>\n\n\n\n<p>Siguresa e tensionit t\u00eb ul\u00ebt NT p\u00ebrmban pesh\u00eb t\u00eb leht\u00eb, p\u00ebrmasa t\u00eb vogla, humbje t\u00eb ul\u00ebt t\u00eb fuqis\u00eb dhe kapacitet t\u00eb lart\u00eb thyerjeje. Ky produkt \u00ebsht\u00eb p\u00ebrdorur gjer\u00ebsisht n\u00eb mbrojtjen nga mbingarkesa dhe qarku i shkurt\u00ebr i instalimeve elektrike. Ky produkt p\u00ebrputhet me IEC-60269.<\/p>\n\n\n\n<p><\/p>\n\n\n\n<p><strong>Specifikimi<\/strong><\/p>\n\n\n\n\n<table style=\"border-collapse: collapse; width: 492.02pt;\" border=\"0\" width=\"656\" cellspacing=\"0\" cellpadding=\"0\">\n<tbody>\n<tr style=\"height: 21.00pt;\">\n<td class=\"et3\" style=\"height: 90.75pt; width: 111.75pt;\" rowspan=\"2\" width=\"149\" height=\"121\">Model<\/td>\n<td class=\"et3\" style=\"width: 255.75pt;\" colspan=\"3\" width=\"341\">Lidhja e siguresave<\/td>\n<td class=\"et4\" style=\"width: 124.50pt;\" colspan=\"2\" width=\"166\">Baza e siguresave<\/td>\n<\/tr>\n<tr style=\"height: 69.75pt;\">\n<td class=\"et4\" style=\"width: 77.25pt;\" width=\"103\">Rryma e vler\u00ebsuar (A)<\/td>\n<td class=\"et4\" style=\"width: 66.00pt;\" width=\"88\">Tensioni i vler\u00ebsuar)<\/td>\n<td class=\"et4\" style=\"width: 112.50pt;\" width=\"150\">Humbje e vler\u00ebsuar e energjis\u00eb (w)<\/td>\n<td class=\"et4\" style=\"width: 51.75pt;\" width=\"69\">Model<\/td>\n<td class=\"et4\" style=\"width: 72.75pt;\" width=\"97\">Rryma e vler\u00ebsuar (A)<\/td>\n<\/tr>\n<tr style=\"height: 23.25pt;\">\n<td class=\"et4\" style=\"height: 275.25pt; width: 111.75pt;\" rowspan=\"12\" width=\"149\" height=\"367\">NT00C<\/td>\n<td class=\"et4\" style=\"width: 77.25pt;\" width=\"103\">6<\/td>\n<td class=\"et4\" style=\"width: 66.00pt;\" rowspan=\"12\" width=\"88\">500\/660<\/td>\n<td class=\"et4\" style=\"width: 112.50pt;\" width=\"150\">0.81<\/td>\n<td class=\"et4\" style=\"width: 51.75pt;\" rowspan=\"12\" width=\"69\">Sist 101<\/td>\n<td class=\"et4\" style=\"width: 72.75pt;\" rowspan=\"12\" width=\"97\">160<\/td>\n<\/tr>\n<tr style=\"height: 23.25pt;\">\n<td class=\"et4\" style=\"width: 77.25pt;\" width=\"103\">10<\/td>\n<td class=\"et4\" style=\"width: 112.50pt;\" width=\"150\">1.08<\/td>\n<\/tr>\n<tr style=\"height: 21.75pt;\">\n<td class=\"et4\" style=\"width: 77.25pt;\" width=\"103\">16<\/td>\n<td class=\"et4\" style=\"width: 112.50pt;\" width=\"150\">1.6<\/td>\n<\/tr>\n<tr style=\"height: 23.25pt;\">\n<td class=\"et4\" style=\"width: 77.25pt;\" width=\"103\">20<\/td>\n<td class=\"et4\" style=\"width: 112.50pt;\" width=\"150\">1.81<\/td>\n<\/tr>\n<tr style=\"height: 23.25pt;\">\n<td class=\"et4\" style=\"width: 77.25pt;\" width=\"103\">25<\/td>\n<td class=\"et4\" style=\"width: 112.50pt;\" width=\"150\">2.31<\/td>\n<\/tr>\n<tr style=\"height: 23.25pt;\">\n<td class=\"et4\" style=\"width: 77.25pt;\" width=\"103\">32<\/td>\n<td class=\"et4\" style=\"width: 112.50pt;\" width=\"150\">3.07<\/td>\n<\/tr>\n<tr style=\"height: 23.25pt;\">\n<td class=\"et4\" style=\"width: 77.25pt;\" width=\"103\">36<\/td>\n<td class=\"et4\" style=\"width: 112.50pt;\" width=\"150\">3.17<\/td>\n<\/tr>\n<tr style=\"height: 23.25pt;\">\n<td class=\"et4\" style=\"width: 77.25pt;\" width=\"103\">40<\/td>\n<td class=\"et4\" style=\"width: 112.50pt;\" width=\"150\">4.05<\/td>\n<\/tr>\n<tr style=\"height: 23.25pt;\">\n<td class=\"et4\" style=\"width: 77.25pt;\" width=\"103\">50<\/td>\n<td class=\"et4\" style=\"width: 112.50pt;\" width=\"150\">4.25<\/td>\n<\/tr>\n<tr style=\"height: 23.25pt;\">\n<td class=\"et4\" style=\"width: 77.25pt;\" width=\"103\">63<\/td>\n<td class=\"et4\" style=\"width: 112.50pt;\" width=\"150\">4.7<\/td>\n<\/tr>\n<tr style=\"height: 21.00pt;\">\n<td class=\"et4\" style=\"width: 77.25pt;\" width=\"103\">80<\/td>\n<td class=\"et4\" style=\"width: 112.50pt;\" width=\"150\">5.7<\/td>\n<\/tr>\n<tr style=\"height: 23.25pt;\">\n<td class=\"et4\" style=\"width: 77.25pt;\" width=\"103\">100<\/td>\n<td class=\"et4\" style=\"width: 112.50pt;\" width=\"150\">7<\/td>\n<\/tr>\n<\/tbody>\n<\/table>","protected":false},"parent":0,"template":"","product_category":[24,88],"class_list":["post-2490","product","type-product","status-publish","hentry","product_category-power-distribution-system","product_category-fuse"],"yoast_head":"<!-- This site is optimized with the Yoast SEO plugin v27.5 - https:\/\/yoast.com\/product\/yoast-seo-wordpress\/ -->\n<title>WholesaleNT Low Voltage Fuse NT00C - TOSUNlux Official Site - Electrical Circuit Breaker Manufacturer in China Low Voltage Electrical Supplier | TOSUNlux<\/title>\n<meta name=\"description\" content=\"NT Low Voltage Fuse NT00C Supplier - Wholesale direct from TOSUNlux, a trusted manufacturer since 1994. Get your B2B factory quote on our certified Low Voltage electrical products.\" \/>\n<meta name=\"robots\" content=\"index, follow, max-snippet:-1, max-image-preview:large, max-video-preview:-1\" \/>\n<link rel=\"canonical\" href=\"https:\/\/www.tosunlux.eu\/sq\/products\/nt-low-voltage-fuse-nt00c\/\" \/>\n<meta property=\"og:locale\" content=\"sq_AL\" \/>\n<meta property=\"og:type\" content=\"article\" \/>\n<meta property=\"og:title\" content=\"WholesaleNT Low Voltage Fuse NT00C - TOSUNlux Official Site - Electrical Circuit Breaker Manufacturer in China Low Voltage Electrical Supplier | TOSUNlux\" \/>\n<meta property=\"og:description\" content=\"NT Low Voltage Fuse NT00C Supplier - Wholesale direct from TOSUNlux, a trusted manufacturer since 1994. Get your B2B factory quote on our certified Low Voltage electrical products.\" \/>\n<meta property=\"og:url\" content=\"https:\/\/www.tosunlux.eu\/sq\/products\/nt-low-voltage-fuse-nt00c\/\" \/>\n<meta property=\"og:site_name\" content=\"TOSUNlux Official Site - Electrical Circuit Breaker Manufacturer in China\" \/>\n<meta property=\"article:publisher\" content=\"https:\/\/www.facebook.com\/TOSUNelectric\/\" \/>\n<meta property=\"article:modified_time\" content=\"2022-05-11T02:29:42+00:00\" \/>\n<meta property=\"og:image\" content=\"https:\/\/www.tosunlux.eu\/wp-content\/uploads\/2023\/04\/DSC08160_\u526f\u672c.jpg\" \/>\n\t<meta property=\"og:image:width\" content=\"1500\" \/>\n\t<meta property=\"og:image:height\" content=\"940\" \/>\n\t<meta property=\"og:image:type\" content=\"image\/jpeg\" \/>\n<meta name=\"twitter:card\" content=\"summary_large_image\" \/>\n<meta name=\"twitter:label1\" content=\"Est. reading time\" \/>\n\t<meta name=\"twitter:data1\" content=\"1 minut\u00eb\" \/>\n<script type=\"application\/ld+json\" class=\"yoast-schema-graph\">{\"@context\":\"https:\\\/\\\/schema.org\",\"@graph\":[{\"@type\":\"WebPage\",\"@id\":\"https:\\\/\\\/www.tosunlux.eu\\\/products\\\/nt-low-voltage-fuse-nt00c\\\/\",\"url\":\"https:\\\/\\\/www.tosunlux.eu\\\/products\\\/nt-low-voltage-fuse-nt00c\\\/\",\"name\":\"WholesaleNT Low Voltage Fuse NT00C - TOSUNlux Official Site - Electrical Circuit Breaker Manufacturer in China Low Voltage Electrical Supplier | TOSUNlux\",\"isPartOf\":{\"@id\":\"https:\\\/\\\/www.tosunlux.eu\\\/ru\\\/#website\"},\"datePublished\":\"2022-05-11T02:29:41+00:00\",\"dateModified\":\"2022-05-11T02:29:42+00:00\",\"description\":\"NT Low Voltage Fuse NT00C Supplier - Wholesale direct from TOSUNlux, a trusted manufacturer since 1994. Get your B2B factory quote on our certified Low Voltage electrical products.\",\"breadcrumb\":{\"@id\":\"https:\\\/\\\/www.tosunlux.eu\\\/products\\\/nt-low-voltage-fuse-nt00c\\\/#breadcrumb\"},\"inLanguage\":\"sq\",\"potentialAction\":[{\"@type\":\"ReadAction\",\"target\":[\"https:\\\/\\\/www.tosunlux.eu\\\/products\\\/nt-low-voltage-fuse-nt00c\\\/\"]}]},{\"@type\":\"BreadcrumbList\",\"@id\":\"https:\\\/\\\/www.tosunlux.eu\\\/products\\\/nt-low-voltage-fuse-nt00c\\\/#breadcrumb\",\"itemListElement\":[{\"@type\":\"ListItem\",\"position\":1,\"name\":\"Home\",\"item\":\"https:\\\/\\\/www.tosunlux.eu\\\/ru\\\/\"},{\"@type\":\"ListItem\",\"position\":2,\"name\":\"Products\",\"item\":\"https:\\\/\\\/www.tosunlux.eu\\\/products\\\/\"},{\"@type\":\"ListItem\",\"position\":3,\"name\":\"NT Low Voltage Fuse NT00C\"}]},{\"@type\":\"WebSite\",\"@id\":\"https:\\\/\\\/www.tosunlux.eu\\\/ru\\\/#website\",\"url\":\"https:\\\/\\\/www.tosunlux.eu\\\/ru\\\/\",\"name\":\"TOSUNlux Official Site - Electrical Circuit Breaker Manufacturer in China\",\"description\":\"Power Distribution System Supplier\",\"publisher\":{\"@id\":\"https:\\\/\\\/www.tosunlux.eu\\\/ru\\\/#organization\"},\"alternateName\":\"TOSUNlux\",\"potentialAction\":[{\"@type\":\"SearchAction\",\"target\":{\"@type\":\"EntryPoint\",\"urlTemplate\":\"https:\\\/\\\/www.tosunlux.eu\\\/ru\\\/?s={search_term_string}\"},\"query-input\":{\"@type\":\"PropertyValueSpecification\",\"valueRequired\":true,\"valueName\":\"search_term_string\"}}],\"inLanguage\":\"sq\"},{\"@type\":\"Organization\",\"@id\":\"https:\\\/\\\/www.tosunlux.eu\\\/ru\\\/#organization\",\"name\":\"TOSUNlux\",\"url\":\"https:\\\/\\\/www.tosunlux.eu\\\/ru\\\/\",\"logo\":{\"@type\":\"ImageObject\",\"inLanguage\":\"sq\",\"@id\":\"https:\\\/\\\/www.tosunlux.eu\\\/ru\\\/#\\\/schema\\\/logo\\\/image\\\/\",\"url\":\"https:\\\/\\\/www.tosunlux.eu\\\/wp-content\\\/uploads\\\/2022\\\/01\\\/LOGOSYSM.71762f1.png\",\"contentUrl\":\"https:\\\/\\\/www.tosunlux.eu\\\/wp-content\\\/uploads\\\/2022\\\/01\\\/LOGOSYSM.71762f1.png\",\"width\":153,\"height\":55,\"caption\":\"TOSUNlux\"},\"image\":{\"@id\":\"https:\\\/\\\/www.tosunlux.eu\\\/ru\\\/#\\\/schema\\\/logo\\\/image\\\/\"},\"sameAs\":[\"https:\\\/\\\/www.facebook.com\\\/TOSUNelectric\\\/\",\"https:\\\/\\\/www.linkedin.com\\\/company\\\/wenzhou-tosun-electric-co.-ltd\\\/\"]}]}<\/script>\n<!-- \/ Yoast SEO plugin. -->","yoast_head_json":{"title":"Sigures\u00eb me shumic\u00eb p\u00ebr tension t\u00eb ul\u00ebt NT NT00C - Faqja zyrtare e TOSUNlux - Prodhues i nd\u00ebrprer\u00ebsve elektrik\u00eb n\u00eb Kin\u00eb, furnizues elektrik me tension t\u00eb ul\u00ebt | TOSUNlux","description":"Furnizues i Sigures\u00ebs s\u00eb Tensionit t\u00eb Ul\u00ebt NT NT00C - Shitje me shumic\u00eb direkt nga TOSUNlux, nj\u00eb prodhues i besuar q\u00eb nga viti 1994. Merrni ofert\u00ebn tuaj B2B t\u00eb fabrik\u00ebs p\u00ebr produktet tona t\u00eb certifikuara elektrike me Tension t\u00eb Ul\u00ebt.","robots":{"index":"index","follow":"follow","max-snippet":"max-snippet:-1","max-image-preview":"max-image-preview:large","max-video-preview":"max-video-preview:-1"},"canonical":"https:\/\/www.tosunlux.eu\/sq\/products\/nt-low-voltage-fuse-nt00c\/","og_locale":"sq_AL","og_type":"article","og_title":"WholesaleNT Low Voltage Fuse NT00C - TOSUNlux Official Site - Electrical Circuit Breaker Manufacturer in China Low Voltage Electrical Supplier | TOSUNlux","og_description":"NT Low Voltage Fuse NT00C Supplier - Wholesale direct from TOSUNlux, a trusted manufacturer since 1994. Get your B2B factory quote on our certified Low Voltage electrical products.","og_url":"https:\/\/www.tosunlux.eu\/sq\/products\/nt-low-voltage-fuse-nt00c\/","og_site_name":"TOSUNlux Official Site - Electrical Circuit Breaker Manufacturer in China","article_publisher":"https:\/\/www.facebook.com\/TOSUNelectric\/","article_modified_time":"2022-05-11T02:29:42+00:00","og_image":[{"width":1500,"height":940,"url":"https:\/\/www.tosunlux.eu\/wp-content\/uploads\/2023\/04\/DSC08160_\u526f\u672c.jpg","type":"image\/jpeg"}],"twitter_card":"summary_large_image","twitter_misc":{"Est. reading time":"1 minut\u00eb"},"schema":{"@context":"https:\/\/schema.org","@graph":[{"@type":"WebPage","@id":"https:\/\/www.tosunlux.eu\/products\/nt-low-voltage-fuse-nt00c\/","url":"https:\/\/www.tosunlux.eu\/products\/nt-low-voltage-fuse-nt00c\/","name":"Sigures\u00eb me shumic\u00eb p\u00ebr tension t\u00eb ul\u00ebt NT NT00C - Faqja zyrtare e TOSUNlux - Prodhues i nd\u00ebrprer\u00ebsve elektrik\u00eb n\u00eb Kin\u00eb, furnizues elektrik me tension t\u00eb ul\u00ebt | TOSUNlux","isPartOf":{"@id":"https:\/\/www.tosunlux.eu\/ru\/#website"},"datePublished":"2022-05-11T02:29:41+00:00","dateModified":"2022-05-11T02:29:42+00:00","description":"Furnizues i Sigures\u00ebs s\u00eb Tensionit t\u00eb Ul\u00ebt NT NT00C - Shitje me shumic\u00eb direkt nga TOSUNlux, nj\u00eb prodhues i besuar q\u00eb nga viti 1994. Merrni ofert\u00ebn tuaj B2B t\u00eb fabrik\u00ebs p\u00ebr produktet tona t\u00eb certifikuara elektrike me Tension t\u00eb Ul\u00ebt.","breadcrumb":{"@id":"https:\/\/www.tosunlux.eu\/products\/nt-low-voltage-fuse-nt00c\/#breadcrumb"},"inLanguage":"sq","potentialAction":[{"@type":"ReadAction","target":["https:\/\/www.tosunlux.eu\/products\/nt-low-voltage-fuse-nt00c\/"]}]},{"@type":"BreadcrumbList","@id":"https:\/\/www.tosunlux.eu\/products\/nt-low-voltage-fuse-nt00c\/#breadcrumb","itemListElement":[{"@type":"ListItem","position":1,"name":"Home","item":"https:\/\/www.tosunlux.eu\/ru\/"},{"@type":"ListItem","position":2,"name":"Products","item":"https:\/\/www.tosunlux.eu\/products\/"},{"@type":"ListItem","position":3,"name":"NT Low Voltage Fuse NT00C"}]},{"@type":"WebSite","@id":"https:\/\/www.tosunlux.eu\/ru\/#website","url":"https:\/\/www.tosunlux.eu\/ru\/","name":"Faqja zyrtare e TOSUNlux - Prodhuesi i nd\u00ebrprer\u00ebsve t\u00eb qarkut elektrik n\u00eb Kin\u00eb","description":"Furnizuesi i Sistemit t\u00eb Shp\u00ebrndarjes s\u00eb Energjis\u00eb","publisher":{"@id":"https:\/\/www.tosunlux.eu\/ru\/#organization"},"alternateName":"TOSUNlux","potentialAction":[{"@type":"SearchAction","target":{"@type":"EntryPoint","urlTemplate":"https:\/\/www.tosunlux.eu\/ru\/?s={search_term_string}"},"query-input":{"@type":"PropertyValueSpecification","valueRequired":true,"valueName":"search_term_string"}}],"inLanguage":"sq"},{"@type":"Organization","@id":"https:\/\/www.tosunlux.eu\/ru\/#organization","name":"TOSUNlux","url":"https:\/\/www.tosunlux.eu\/ru\/","logo":{"@type":"ImageObject","inLanguage":"sq","@id":"https:\/\/www.tosunlux.eu\/ru\/#\/schema\/logo\/image\/","url":"https:\/\/www.tosunlux.eu\/wp-content\/uploads\/2022\/01\/LOGOSYSM.71762f1.png","contentUrl":"https:\/\/www.tosunlux.eu\/wp-content\/uploads\/2022\/01\/LOGOSYSM.71762f1.png","width":153,"height":55,"caption":"TOSUNlux"},"image":{"@id":"https:\/\/www.tosunlux.eu\/ru\/#\/schema\/logo\/image\/"},"sameAs":["https:\/\/www.facebook.com\/TOSUNelectric\/","https:\/\/www.linkedin.com\/company\/wenzhou-tosun-electric-co.-ltd\/"]}]}},"_links":{"self":[{"href":"https:\/\/www.tosunlux.eu\/sq\/wp-json\/wp\/v2\/product\/2490","targetHints":{"allow":["GET"]}}],"collection":[{"href":"https:\/\/www.tosunlux.eu\/sq\/wp-json\/wp\/v2\/product"}],"about":[{"href":"https:\/\/www.tosunlux.eu\/sq\/wp-json\/wp\/v2\/types\/product"}],"version-history":[{"count":0,"href":"https:\/\/www.tosunlux.eu\/sq\/wp-json\/wp\/v2\/product\/2490\/revisions"}],"wp:attachment":[{"href":"https:\/\/www.tosunlux.eu\/sq\/wp-json\/wp\/v2\/media?parent=2490"}],"wp:term":[{"taxonomy":"product_category","embeddable":true,"href":"https:\/\/www.tosunlux.eu\/sq\/wp-json\/wp\/v2\/product_category?post=2490"}],"curies":[{"name":"wp","href":"https:\/\/api.w.org\/{rel}","templated":true}]}}