{"id":2544,"date":"2022-05-12T11:00:43","date_gmt":"2022-05-12T03:00:43","guid":{"rendered":"https:\/\/www.tosunlux.eu\/?post_type=product&#038;p=2544"},"modified":"2022-09-30T15:57:50","modified_gmt":"2022-09-30T07:57:50","slug":"analog-panel-meter-se","status":"publish","type":"product","link":"https:\/\/www.tosunlux.eu\/sq\/products\/analog-panel-meter-se\/","title":{"rendered":"Mat\u00ebsi i panelit analog SE"},"content":{"rendered":"<p>Aplikimi<\/p>\n\n\n\n<p>Mat\u00ebsi i panelit analog \u00ebsht\u00eb treguesi i mas\u00ebs elektrike me efektin e drejtp\u00ebrdrejt\u00eb t\u00eb imitimit t\u00eb ekranit. \u00cbsht\u00eb i p\u00ebrshtatsh\u00ebm p\u00ebr qarkun e shp\u00ebrndarjes s\u00eb daljes dhe hyrjes AC&amp;DC, kabinetin e konsol\u00ebs s\u00eb termocentralit, bordin e funksionimit t\u00eb energjis\u00eb dhe aparate t\u00eb ndryshme. P\u00ebrdoret p\u00ebr t\u00eb matur rrym\u00ebn DC, tensionin dhe rrym\u00ebn AC, tensionin, frekuenc\u00ebn dhe fuqin\u00eb fazore.<\/p>\n\n\n\n<p>\u25cfSakt\u00ebsia: klasa 1.5, 2.5<br>\u25cfLag\u00ebshtia relative: 25% dhe 80%<br>\u25cfQ\u00ebndrueshm\u00ebria: AC 45-65Hz 2KV 1min<br>\u25cfTemperatura e transportit: -30\u2103~55\u2103<br>\u25cfTemperatura e ambientit: 23\u2103\u00b110\u2103<br>\u25cfFusha magnetike e jashtme: 0.4KA\/m<br>\u25cfPozicioni i instalimit: Vertikal\u00b110<br>\u25cfSipas IEC60051-2<\/p>\n\n\n<table width=\"898\">\n<tbody>\n<tr>\n<td width=\"124\">P\u00ebrshkrimi<\/td>\n<td colspan=\"2\" width=\"518\">Specifikimi<\/td>\n<td width=\"128\">Model<\/td>\n<td width=\"128\">Sakt\u00ebsia<\/td>\n<\/tr>\n<tr>\n<td rowspan=\"2\" width=\"124\">Ampermet\u00ebr AC<\/td>\n<td width=\"393\">10A, 15A, 20A, 25A, 30A, 50A, 75A, 100A, 150A, 200A,<br \/>250A, 300A, 400A, 500A, 600A, 750A, 800A,1000A,<br \/>1200A, 1500A, 2000A, 2500A, 3000A, 4000A, 5000A<\/td>\n<td width=\"125\">Me Ext.<br \/>CT\/1A ose 5A<\/td>\n<td rowspan=\"11\" width=\"128\">SE-72<br \/>SE-96<\/td>\n<td rowspan=\"8\" width=\"128\">Klasa 1.5<\/td>\n<\/tr>\n<tr>\n<td width=\"393\">0,1A, 0,5A, 1A, 5A, 10A, 15A, 20A, 25A,30A, 40A, 50A, <br \/>60A, 80A, 100A<\/td>\n<td width=\"125\">AC direkt<br \/>lidhje<\/td>\n<\/tr>\n<tr>\n<td width=\"124\">Ampermet\u00ebr DC<\/td>\n<td width=\"393\">50\u03bcA, 100\u03bcA, 1mA, 5mA, 10mA, 30mA, 50mA, 100mA,<br \/>300 mA, 500 mA, 1A, 5A, 10A, 15A, 20A, 30A<\/td>\n<td width=\"125\">DC direkt<br \/>lidhje<\/td>\n<\/tr>\n<tr>\n<td rowspan=\"2\" width=\"124\">Voltmet\u00ebr AC<\/td>\n<td width=\"393\">10A, 15A, 20A, 25A, 30A, 50A, 100A, 150A, 200A,<br \/>250A, 300A, 400A, 500A, 600A, 750A, 800A,1000A,<br \/>1200A, 1500A, 2000A, 2500A,3000A<\/td>\n<td width=\"125\">Me ext.shunt<br \/>50mV,60mV,75mV<\/td>\n<\/tr>\n<tr>\n<td width=\"393\">30V, 50V, 100V, 150V, 250V, 300V, 500V, 600V, 1000V<\/td>\n<td width=\"125\">AC direkt<br \/>lidhje<\/td>\n<\/tr>\n<tr>\n<td width=\"124\">Voltmet\u00ebr DC<\/td>\n<td width=\"393\">10V, 20V, 30V, 50V, 100V, 150V, 250V, 300V, 500V, 600V, <br \/>1000 V<\/td>\n<td width=\"125\">DC direkt<br \/>lidhje<\/td>\n<\/tr>\n<tr>\n<td rowspan=\"2\" width=\"124\">Mat\u00ebsi i frekuenc\u00ebs<\/td>\n<td width=\"393\">Tensioni: 110V, 220V, 380V, 440V<\/td>\n<td rowspan=\"2\" width=\"125\">\u2026\u2026<\/td>\n<\/tr>\n<tr>\n<td width=\"393\">Frekuenca: 45-55Hz, 45-65Hz<\/td>\n<\/tr>\n<tr>\n<td rowspan=\"2\" width=\"124\">Mat\u00ebsi i faktorit t\u00eb fuqis\u00eb<br \/>(cos\u03c6)<\/td>\n<td width=\"393\">Tensioni: 110V, 220V, 380V, 440V Rryma: 1A ose 5A<\/td>\n<td rowspan=\"2\" width=\"125\">P\u00ebr 1-faz\u00eb ose <br \/>3-fazor<\/td>\n<td rowspan=\"2\" width=\"128\">Klasa 2.5<\/td>\n<\/tr>\n<tr>\n<td width=\"393\">Shkalla: 0,5cap-1-0,5ind, 0,3cap-1-0,1ind, 0,7cap-1-0,2ind<\/td>\n<\/tr>\n<tr>\n<td width=\"124\">Mat\u00ebsi i fuqis\u00eb<br \/>(KW ose VAR)<\/td>\n<td width=\"393\">Tensioni: 110V, 220V, 380V, 440V Rryma: 1A ose 5A<\/td>\n<td width=\"125\">P\u00ebr 1P, 3P 3W, 3P <br \/>4W me CT ose PT<\/td>\n<td width=\"128\">Klasa 1.5<\/td>\n<\/tr>\n<\/tbody>\n<\/table>","protected":false},"parent":0,"template":"","product_category":[75,124],"class_list":["post-2544","product","type-product","status-publish","hentry","product_category-instruments","product_category-panel-meter"],"yoast_head":"<!-- This site is optimized with the Yoast SEO plugin v27.5 - https:\/\/yoast.com\/product\/yoast-seo-wordpress\/ -->\n<title>WholesaleAnalog Panel Meter SE - TOSUNlux Official Site - Electrical Circuit Breaker Manufacturer in China Low Voltage Electrical Supplier | TOSUNlux<\/title>\n<meta name=\"description\" content=\"Analog Panel Meter SE Supplier - Wholesale direct from TOSUNlux, a trusted manufacturer since 1994. Get your B2B factory quote on our certified Low Voltage electrical products.\" \/>\n<meta name=\"robots\" content=\"index, follow, max-snippet:-1, max-image-preview:large, max-video-preview:-1\" \/>\n<link rel=\"canonical\" href=\"https:\/\/www.tosunlux.eu\/sq\/products\/analog-panel-meter-se\/\" \/>\n<meta property=\"og:locale\" content=\"sq_AL\" \/>\n<meta property=\"og:type\" content=\"article\" \/>\n<meta property=\"og:title\" content=\"WholesaleAnalog Panel Meter SE - TOSUNlux Official Site - Electrical Circuit Breaker Manufacturer in China Low Voltage Electrical Supplier | TOSUNlux\" \/>\n<meta property=\"og:description\" content=\"Analog Panel Meter SE Supplier - Wholesale direct from TOSUNlux, a trusted manufacturer since 1994. Get your B2B factory quote on our certified Low Voltage electrical products.\" \/>\n<meta property=\"og:url\" content=\"https:\/\/www.tosunlux.eu\/sq\/products\/analog-panel-meter-se\/\" \/>\n<meta property=\"og:site_name\" content=\"TOSUNlux Official Site - Electrical Circuit Breaker Manufacturer in China\" \/>\n<meta property=\"article:publisher\" content=\"https:\/\/www.facebook.com\/TOSUNelectric\/\" \/>\n<meta property=\"article:modified_time\" content=\"2022-09-30T07:57:50+00:00\" \/>\n<meta property=\"og:image\" content=\"https:\/\/www.tosunlux.eu\/wp-content\/uploads\/2023\/04\/DSC08160_\u526f\u672c.jpg\" \/>\n\t<meta property=\"og:image:width\" content=\"1500\" \/>\n\t<meta property=\"og:image:height\" content=\"940\" \/>\n\t<meta property=\"og:image:type\" content=\"image\/jpeg\" \/>\n<meta name=\"twitter:card\" content=\"summary_large_image\" \/>\n<meta name=\"twitter:label1\" content=\"Est. reading time\" \/>\n\t<meta name=\"twitter:data1\" content=\"2 minuta\" \/>\n<script type=\"application\/ld+json\" class=\"yoast-schema-graph\">{\"@context\":\"https:\\\/\\\/schema.org\",\"@graph\":[{\"@type\":\"WebPage\",\"@id\":\"https:\\\/\\\/www.tosunlux.eu\\\/nl\\\/products\\\/analog-panel-meter-se\\\/\",\"url\":\"https:\\\/\\\/www.tosunlux.eu\\\/nl\\\/products\\\/analog-panel-meter-se\\\/\",\"name\":\"WholesaleAnalog Panel Meter SE - TOSUNlux Official Site - Electrical Circuit Breaker Manufacturer in China Low Voltage Electrical Supplier | TOSUNlux\",\"isPartOf\":{\"@id\":\"https:\\\/\\\/www.tosunlux.eu\\\/ru\\\/#website\"},\"datePublished\":\"2022-05-12T03:00:43+00:00\",\"dateModified\":\"2022-09-30T07:57:50+00:00\",\"description\":\"Analog Panel Meter SE Supplier - Wholesale direct from TOSUNlux, a trusted manufacturer since 1994. Get your B2B factory quote on our certified Low Voltage electrical products.\",\"breadcrumb\":{\"@id\":\"https:\\\/\\\/www.tosunlux.eu\\\/nl\\\/products\\\/analog-panel-meter-se\\\/#breadcrumb\"},\"inLanguage\":\"sq\",\"potentialAction\":[{\"@type\":\"ReadAction\",\"target\":[\"https:\\\/\\\/www.tosunlux.eu\\\/nl\\\/products\\\/analog-panel-meter-se\\\/\"]}]},{\"@type\":\"BreadcrumbList\",\"@id\":\"https:\\\/\\\/www.tosunlux.eu\\\/nl\\\/products\\\/analog-panel-meter-se\\\/#breadcrumb\",\"itemListElement\":[{\"@type\":\"ListItem\",\"position\":1,\"name\":\"Home\",\"item\":\"https:\\\/\\\/www.tosunlux.eu\\\/ru\\\/\"},{\"@type\":\"ListItem\",\"position\":2,\"name\":\"Products\",\"item\":\"https:\\\/\\\/www.tosunlux.eu\\\/products\\\/\"},{\"@type\":\"ListItem\",\"position\":3,\"name\":\"Analog Panel Meter SE\"}]},{\"@type\":\"WebSite\",\"@id\":\"https:\\\/\\\/www.tosunlux.eu\\\/ru\\\/#website\",\"url\":\"https:\\\/\\\/www.tosunlux.eu\\\/ru\\\/\",\"name\":\"TOSUNlux Official Site - Electrical Circuit Breaker Manufacturer in China\",\"description\":\"Power Distribution System Supplier\",\"publisher\":{\"@id\":\"https:\\\/\\\/www.tosunlux.eu\\\/ru\\\/#organization\"},\"alternateName\":\"TOSUNlux\",\"potentialAction\":[{\"@type\":\"SearchAction\",\"target\":{\"@type\":\"EntryPoint\",\"urlTemplate\":\"https:\\\/\\\/www.tosunlux.eu\\\/ru\\\/?s={search_term_string}\"},\"query-input\":{\"@type\":\"PropertyValueSpecification\",\"valueRequired\":true,\"valueName\":\"search_term_string\"}}],\"inLanguage\":\"sq\"},{\"@type\":\"Organization\",\"@id\":\"https:\\\/\\\/www.tosunlux.eu\\\/ru\\\/#organization\",\"name\":\"TOSUNlux\",\"url\":\"https:\\\/\\\/www.tosunlux.eu\\\/ru\\\/\",\"logo\":{\"@type\":\"ImageObject\",\"inLanguage\":\"sq\",\"@id\":\"https:\\\/\\\/www.tosunlux.eu\\\/ru\\\/#\\\/schema\\\/logo\\\/image\\\/\",\"url\":\"https:\\\/\\\/www.tosunlux.eu\\\/wp-content\\\/uploads\\\/2022\\\/01\\\/LOGOSYSM.71762f1.png\",\"contentUrl\":\"https:\\\/\\\/www.tosunlux.eu\\\/wp-content\\\/uploads\\\/2022\\\/01\\\/LOGOSYSM.71762f1.png\",\"width\":153,\"height\":55,\"caption\":\"TOSUNlux\"},\"image\":{\"@id\":\"https:\\\/\\\/www.tosunlux.eu\\\/ru\\\/#\\\/schema\\\/logo\\\/image\\\/\"},\"sameAs\":[\"https:\\\/\\\/www.facebook.com\\\/TOSUNelectric\\\/\",\"https:\\\/\\\/www.linkedin.com\\\/company\\\/wenzhou-tosun-electric-co.-ltd\\\/\"]}]}<\/script>\n<!-- \/ Yoast SEO plugin. -->","yoast_head_json":{"title":"Mat\u00ebs Paneli Analog SE me Shumic\u00eb - Faqja Zyrtare e TOSUNlux - Prodhues i Nd\u00ebrprer\u00ebsve t\u00eb Qarkut Elektrik n\u00eb Kin\u00eb, Furnizues i Energjis\u00eb Elektrike me Tension t\u00eb Ul\u00ebt | TOSUNlux","description":"Furnizues i Mat\u00ebsve Analog\u00eb t\u00eb Panelit SE - Shitje me shumic\u00eb direkt nga TOSUNlux, nj\u00eb prodhues i besuar q\u00eb nga viti 1994. Merrni ofert\u00ebn tuaj B2B t\u00eb fabrik\u00ebs p\u00ebr produktet tona t\u00eb \u00e7ertifikuara elektrike me Tension t\u00eb Ul\u00ebt.","robots":{"index":"index","follow":"follow","max-snippet":"max-snippet:-1","max-image-preview":"max-image-preview:large","max-video-preview":"max-video-preview:-1"},"canonical":"https:\/\/www.tosunlux.eu\/sq\/products\/analog-panel-meter-se\/","og_locale":"sq_AL","og_type":"article","og_title":"WholesaleAnalog Panel Meter SE - TOSUNlux Official Site - Electrical Circuit Breaker Manufacturer in China Low Voltage Electrical Supplier | TOSUNlux","og_description":"Analog Panel Meter SE Supplier - Wholesale direct from TOSUNlux, a trusted manufacturer since 1994. Get your B2B factory quote on our certified Low Voltage electrical products.","og_url":"https:\/\/www.tosunlux.eu\/sq\/products\/analog-panel-meter-se\/","og_site_name":"TOSUNlux Official Site - Electrical Circuit Breaker Manufacturer in China","article_publisher":"https:\/\/www.facebook.com\/TOSUNelectric\/","article_modified_time":"2022-09-30T07:57:50+00:00","og_image":[{"width":1500,"height":940,"url":"https:\/\/www.tosunlux.eu\/wp-content\/uploads\/2023\/04\/DSC08160_\u526f\u672c.jpg","type":"image\/jpeg"}],"twitter_card":"summary_large_image","twitter_misc":{"Est. reading time":"2 minuta"},"schema":{"@context":"https:\/\/schema.org","@graph":[{"@type":"WebPage","@id":"https:\/\/www.tosunlux.eu\/nl\/products\/analog-panel-meter-se\/","url":"https:\/\/www.tosunlux.eu\/nl\/products\/analog-panel-meter-se\/","name":"Mat\u00ebs Paneli Analog SE me Shumic\u00eb - Faqja Zyrtare e TOSUNlux - Prodhues i Nd\u00ebrprer\u00ebsve t\u00eb Qarkut Elektrik n\u00eb Kin\u00eb, Furnizues i Energjis\u00eb Elektrike me Tension t\u00eb Ul\u00ebt | TOSUNlux","isPartOf":{"@id":"https:\/\/www.tosunlux.eu\/ru\/#website"},"datePublished":"2022-05-12T03:00:43+00:00","dateModified":"2022-09-30T07:57:50+00:00","description":"Furnizues i Mat\u00ebsve Analog\u00eb t\u00eb Panelit SE - Shitje me shumic\u00eb direkt nga TOSUNlux, nj\u00eb prodhues i besuar q\u00eb nga viti 1994. Merrni ofert\u00ebn tuaj B2B t\u00eb fabrik\u00ebs p\u00ebr produktet tona t\u00eb \u00e7ertifikuara elektrike me Tension t\u00eb Ul\u00ebt.","breadcrumb":{"@id":"https:\/\/www.tosunlux.eu\/nl\/products\/analog-panel-meter-se\/#breadcrumb"},"inLanguage":"sq","potentialAction":[{"@type":"ReadAction","target":["https:\/\/www.tosunlux.eu\/nl\/products\/analog-panel-meter-se\/"]}]},{"@type":"BreadcrumbList","@id":"https:\/\/www.tosunlux.eu\/nl\/products\/analog-panel-meter-se\/#breadcrumb","itemListElement":[{"@type":"ListItem","position":1,"name":"Home","item":"https:\/\/www.tosunlux.eu\/ru\/"},{"@type":"ListItem","position":2,"name":"Products","item":"https:\/\/www.tosunlux.eu\/products\/"},{"@type":"ListItem","position":3,"name":"Analog Panel Meter SE"}]},{"@type":"WebSite","@id":"https:\/\/www.tosunlux.eu\/ru\/#website","url":"https:\/\/www.tosunlux.eu\/ru\/","name":"Faqja zyrtare e TOSUNlux - Prodhuesi i nd\u00ebrprer\u00ebsve t\u00eb qarkut elektrik n\u00eb Kin\u00eb","description":"Furnizuesi i Sistemit t\u00eb Shp\u00ebrndarjes s\u00eb Energjis\u00eb","publisher":{"@id":"https:\/\/www.tosunlux.eu\/ru\/#organization"},"alternateName":"TOSUNlux","potentialAction":[{"@type":"SearchAction","target":{"@type":"EntryPoint","urlTemplate":"https:\/\/www.tosunlux.eu\/ru\/?s={search_term_string}"},"query-input":{"@type":"PropertyValueSpecification","valueRequired":true,"valueName":"search_term_string"}}],"inLanguage":"sq"},{"@type":"Organization","@id":"https:\/\/www.tosunlux.eu\/ru\/#organization","name":"TOSUNlux","url":"https:\/\/www.tosunlux.eu\/ru\/","logo":{"@type":"ImageObject","inLanguage":"sq","@id":"https:\/\/www.tosunlux.eu\/ru\/#\/schema\/logo\/image\/","url":"https:\/\/www.tosunlux.eu\/wp-content\/uploads\/2022\/01\/LOGOSYSM.71762f1.png","contentUrl":"https:\/\/www.tosunlux.eu\/wp-content\/uploads\/2022\/01\/LOGOSYSM.71762f1.png","width":153,"height":55,"caption":"TOSUNlux"},"image":{"@id":"https:\/\/www.tosunlux.eu\/ru\/#\/schema\/logo\/image\/"},"sameAs":["https:\/\/www.facebook.com\/TOSUNelectric\/","https:\/\/www.linkedin.com\/company\/wenzhou-tosun-electric-co.-ltd\/"]}]}},"_links":{"self":[{"href":"https:\/\/www.tosunlux.eu\/sq\/wp-json\/wp\/v2\/product\/2544","targetHints":{"allow":["GET"]}}],"collection":[{"href":"https:\/\/www.tosunlux.eu\/sq\/wp-json\/wp\/v2\/product"}],"about":[{"href":"https:\/\/www.tosunlux.eu\/sq\/wp-json\/wp\/v2\/types\/product"}],"version-history":[{"count":0,"href":"https:\/\/www.tosunlux.eu\/sq\/wp-json\/wp\/v2\/product\/2544\/revisions"}],"wp:attachment":[{"href":"https:\/\/www.tosunlux.eu\/sq\/wp-json\/wp\/v2\/media?parent=2544"}],"wp:term":[{"taxonomy":"product_category","embeddable":true,"href":"https:\/\/www.tosunlux.eu\/sq\/wp-json\/wp\/v2\/product_category?post=2544"}],"curies":[{"name":"wp","href":"https:\/\/api.w.org\/{rel}","templated":true}]}}