{"id":2785,"date":"2022-05-14T13:12:42","date_gmt":"2022-05-14T05:12:42","guid":{"rendered":"https:\/\/www.tosunlux.eu\/?post_type=product&#038;p=2785"},"modified":"2025-01-09T13:37:58","modified_gmt":"2025-01-09T05:37:58","slug":"bir-impulse-relay","status":"publish","type":"product","link":"https:\/\/www.tosunlux.eu\/sq\/products\/bir-impulse-relay\/","title":{"rendered":"Rele impulse BIR"},"content":{"rendered":"<p><strong>Aplikimi<\/strong><\/p>\n\n\n\n<p>1.Mbyllja e poleve (poleve) t\u00eb stafet\u00ebs s\u00eb impulsit shkaktohet nga nj\u00eb impuls n\u00eb spirale.<\/p>\n\n\n\n<p>2. Duke pasur dy pozicione mekanike t\u00eb q\u00ebndrueshme, shtylla(at) do t\u00eb hapen nga tjetra<br>impuls. \u00c7do impuls i marr\u00eb nga spiralja ndryshon pozicionin e poleve.<\/p>\n\n\n\n<p>3. Mund t\u00eb kontrollohet nga nj\u00eb num\u00ebr i pakufizuar butonash.<\/p>\n\n\n\n<p>4. Konsumi i energjis\u00eb zero.<\/p>\n\n\n\n<p><strong>Specifikimi<\/strong><\/p>\n\n\n<table width=\"543\">\n<tbody>\n<tr>\n<td width=\"141\">Model<\/td>\n<td width=\"166\">Rryma e vler\u00ebsuar (A)<\/td>\n<td width=\"120\">Diagrami i instalimeve elektrike<\/td>\n<td width=\"116\">Tensioni i kontrollit<\/td>\n<\/tr>\n<tr>\n<td>BIR-16\/20<\/td>\n<td rowspan=\"4\">\u00a0 \u00a0 \u00a0 \u00a016<\/td>\n<td><img decoding=\"async\" class=\"alignnone size-full wp-image-2786\" src=\"https:\/\/www.tosunlux.eu\/wp-content\/uploads\/2022\/05\/a.jpg\" alt=\"\" width=\"165\" height=\"111\" \/><\/td>\n<td rowspan=\"4\" width=\"116\">AC 24V DC12V AC 48V DC 24V AC 130V DC48V AC 230V DC 110V<\/td>\n<\/tr>\n<tr>\n<td>B1R-16\/11<\/td>\n<td><img decoding=\"async\" class=\"alignnone size-full wp-image-2787\" src=\"https:\/\/www.tosunlux.eu\/wp-content\/uploads\/2022\/05\/b.jpg\" alt=\"\" width=\"173\" height=\"111\" \/><\/td>\n<\/tr>\n<tr>\n<td>BIR-16\/1C<\/td>\n<td><img decoding=\"async\" class=\"alignnone size-full wp-image-2788\" src=\"https:\/\/www.tosunlux.eu\/wp-content\/uploads\/2022\/05\/c.jpg\" alt=\"\" width=\"158\" height=\"111\" \/><\/td>\n<\/tr>\n<tr>\n<td>BIR-16\/10<\/td>\n<td><img loading=\"lazy\" decoding=\"async\" class=\"alignnone size-full wp-image-2789\" src=\"https:\/\/www.tosunlux.eu\/wp-content\/uploads\/2022\/05\/d.jpg\" alt=\"\" width=\"165\" height=\"110\" \/><\/td>\n<\/tr>\n<\/tbody>\n<\/table>\n\n\n<p><\/p>\n\n\n\n<p><strong>T\u00eb dh\u00ebnat teknike<\/strong><\/p>\n\n\n<table style=\"border-collapse: collapse; width: 378.02pt;\" border=\"0\" width=\"504\" cellspacing=\"0\" cellpadding=\"0\">\n<tbody>\n<tr style=\"height: 12.75pt;\">\n<td style=\"height: 12.75pt; width: 210.75pt;\" width=\"281\" height=\"17\">Fuqia e shp\u00ebrndar\u00eb<\/td>\n<td style=\"width: 167.25pt;\" width=\"223\">1,2P:19VA (gjat\u00eb impulsit)<\/td>\n<\/tr>\n<tr style=\"height: 12.75pt;\">\n<td style=\"height: 12.75pt;\" height=\"17\">Kontrolli i PB i ndri\u00e7uar<\/td>\n<td>Rryma maksimale 3 mA (n\u00ebse&gt;p\u00ebrdor nj\u00eb ATLz)<\/td>\n<\/tr>\n<tr style=\"height: 12.75pt;\">\n<td style=\"height: 12.75pt;\" height=\"17\">Pragu operativ<\/td>\n<td>Min.85%of Un<\/td>\n<\/tr>\n<tr style=\"height: 12.75pt;\">\n<td style=\"height: 12.75pt;\" height=\"17\">Koh\u00ebzgjatja e Urdhrit t\u00eb Kontrollit<\/td>\n<td>50 msto 1 s (rekomandohet 200 ms)<\/td>\n<\/tr>\n<tr style=\"height: 12.75pt;\">\n<td style=\"height: 12.75pt;\" height=\"17\">Koha e p\u00ebrgjigjes<\/td>\n<td>50 ms<\/td>\n<\/tr>\n<tr style=\"height: 12.75pt;\">\n<td style=\"height: 12.75pt;\" height=\"17\">Tensioni i vler\u00ebsuar (Ue) 1P,2P<\/td>\n<td>24.\u2026250 VAC<\/td>\n<\/tr>\n<tr style=\"height: 12.75pt;\">\n<td style=\"height: 12.75pt;\" height=\"17\">Frekuenca<\/td>\n<td>50\/60 Hz<\/td>\n<\/tr>\n<tr style=\"height: 12.75pt;\">\n<td style=\"height: 12.75pt;\" height=\"17\">Operacionet maksimale<\/td>\n<td>5 her\u00eb \/ m<\/td>\n<\/tr>\n<tr style=\"height: 12.75pt;\">\n<td style=\"height: 12.75pt;\" height=\"17\">Funksionimi maksimal i nd\u00ebrrimit<\/td>\n<td>100 her\u00eb \/ dit\u00eb<\/td>\n<\/tr>\n<tr style=\"height: 12.75pt;\">\n<td style=\"height: 12.75pt;\" height=\"17\">Tensioni i izolimit (Ui)<\/td>\n<td>440 VAC<\/td>\n<\/tr>\n<tr style=\"height: 12.75pt;\">\n<td style=\"height: 12.75pt;\" height=\"17\">Tensioni i vler\u00ebsuar i rezistenc\u00ebs s\u00eb impulsit (Uimp)<\/td>\n<td>6 kV<\/td>\n<\/tr>\n<tr style=\"height: 12.75pt;\">\n<td class=\"et2\" style=\"height: 25.50pt;\" rowspan=\"2\" height=\"34\">Jeta elektrike<\/td>\n<td>200,000 cikle (AC21)<\/td>\n<\/tr>\n<tr style=\"height: 12.75pt;\">\n<td>100,000 cikle (AC22)<\/td>\n<\/tr>\n<tr style=\"height: 12.75pt;\">\n<td style=\"height: 12.75pt;\" height=\"17\">Kategoria e mbitensionit<\/td>\n<td>IV<\/td>\n<\/tr>\n<\/tbody>\n<\/table>\n\n\n<p><\/p>\n\n\n\n<p><strong>Dimensionet<\/strong><\/p>\n\n\n\n<figure class=\"wp-block-image size-large\"><img loading=\"lazy\" decoding=\"async\" width=\"1024\" height=\"556\" src=\"https:\/\/www.tosunlux.eu\/wp-content\/uploads\/2022\/05\/\u5c3a\u5bf8\u56fe-10-1024x556.jpg\" alt=\"\" class=\"wp-image-2790\" srcset=\"https:\/\/www.tosunlux.eu\/wp-content\/uploads\/2022\/05\/\u5c3a\u5bf8\u56fe-10-1024x556.jpg 1024w, https:\/\/www.tosunlux.eu\/wp-content\/uploads\/2022\/05\/\u5c3a\u5bf8\u56fe-10-300x163.jpg 300w, https:\/\/www.tosunlux.eu\/wp-content\/uploads\/2022\/05\/\u5c3a\u5bf8\u56fe-10-768x417.jpg 768w, https:\/\/www.tosunlux.eu\/wp-content\/uploads\/2022\/05\/\u5c3a\u5bf8\u56fe-10.jpg 1032w\" sizes=\"(max-width: 1024px) 100vw, 1024px\" \/><\/figure>","protected":false},"parent":0,"template":"","product_category":[92],"class_list":["post-2785","product","type-product","status-publish","hentry","product_category-timer-relay"],"yoast_head":"<!-- This site is optimized with the Yoast SEO plugin v27.5 - https:\/\/yoast.com\/product\/yoast-seo-wordpress\/ -->\n<title>WholesaleBIR Impulse Relay - TOSUNlux Official Site - Electrical Circuit Breaker Manufacturer in China Low Voltage Electrical Supplier | TOSUNlux<\/title>\n<meta name=\"description\" content=\"BIR Impulse Relay Supplier - Wholesale direct from TOSUNlux, a trusted manufacturer since 1994. Get your B2B factory quote on our certified Low Voltage electrical products.\" \/>\n<meta name=\"robots\" content=\"index, follow, max-snippet:-1, max-image-preview:large, max-video-preview:-1\" \/>\n<link rel=\"canonical\" href=\"https:\/\/www.tosunlux.eu\/sq\/products\/bir-impulse-relay\/\" \/>\n<meta property=\"og:locale\" content=\"sq_AL\" \/>\n<meta property=\"og:type\" content=\"article\" \/>\n<meta property=\"og:title\" content=\"WholesaleBIR Impulse Relay - TOSUNlux Official Site - Electrical Circuit Breaker Manufacturer in China Low Voltage Electrical Supplier | TOSUNlux\" \/>\n<meta property=\"og:description\" content=\"BIR Impulse Relay Supplier - Wholesale direct from TOSUNlux, a trusted manufacturer since 1994. Get your B2B factory quote on our certified Low Voltage electrical products.\" \/>\n<meta property=\"og:url\" content=\"https:\/\/www.tosunlux.eu\/sq\/products\/bir-impulse-relay\/\" \/>\n<meta property=\"og:site_name\" content=\"TOSUNlux Official Site - Electrical Circuit Breaker Manufacturer in China\" \/>\n<meta property=\"article:publisher\" content=\"https:\/\/www.facebook.com\/TOSUNelectric\/\" \/>\n<meta property=\"article:modified_time\" content=\"2025-01-09T05:37:58+00:00\" \/>\n<meta property=\"og:image\" content=\"https:\/\/www.tosunlux.eu\/wp-content\/uploads\/2022\/05\/a.jpg\" \/>\n<meta name=\"twitter:card\" content=\"summary_large_image\" \/>\n<meta name=\"twitter:label1\" content=\"Est. reading time\" \/>\n\t<meta name=\"twitter:data1\" content=\"2 minuta\" \/>\n<script type=\"application\/ld+json\" class=\"yoast-schema-graph\">{\"@context\":\"https:\\\/\\\/schema.org\",\"@graph\":[{\"@type\":\"WebPage\",\"@id\":\"https:\\\/\\\/www.tosunlux.eu\\\/products\\\/bir-impulse-relay\\\/\",\"url\":\"https:\\\/\\\/www.tosunlux.eu\\\/products\\\/bir-impulse-relay\\\/\",\"name\":\"WholesaleBIR Impulse Relay - TOSUNlux Official Site - Electrical Circuit Breaker Manufacturer in China Low Voltage Electrical Supplier | TOSUNlux\",\"isPartOf\":{\"@id\":\"https:\\\/\\\/www.tosunlux.eu\\\/ru\\\/#website\"},\"primaryImageOfPage\":{\"@id\":\"https:\\\/\\\/www.tosunlux.eu\\\/products\\\/bir-impulse-relay\\\/#primaryimage\"},\"image\":{\"@id\":\"https:\\\/\\\/www.tosunlux.eu\\\/products\\\/bir-impulse-relay\\\/#primaryimage\"},\"thumbnailUrl\":\"https:\\\/\\\/www.tosunlux.eu\\\/wp-content\\\/uploads\\\/2022\\\/05\\\/a.jpg\",\"datePublished\":\"2022-05-14T05:12:42+00:00\",\"dateModified\":\"2025-01-09T05:37:58+00:00\",\"description\":\"BIR Impulse Relay Supplier - Wholesale direct from TOSUNlux, a trusted manufacturer since 1994. Get your B2B factory quote on our certified Low Voltage electrical products.\",\"breadcrumb\":{\"@id\":\"https:\\\/\\\/www.tosunlux.eu\\\/products\\\/bir-impulse-relay\\\/#breadcrumb\"},\"inLanguage\":\"sq\",\"potentialAction\":[{\"@type\":\"ReadAction\",\"target\":[\"https:\\\/\\\/www.tosunlux.eu\\\/products\\\/bir-impulse-relay\\\/\"]}]},{\"@type\":\"ImageObject\",\"inLanguage\":\"sq\",\"@id\":\"https:\\\/\\\/www.tosunlux.eu\\\/products\\\/bir-impulse-relay\\\/#primaryimage\",\"url\":\"https:\\\/\\\/www.tosunlux.eu\\\/wp-content\\\/uploads\\\/2022\\\/05\\\/a.jpg\",\"contentUrl\":\"https:\\\/\\\/www.tosunlux.eu\\\/wp-content\\\/uploads\\\/2022\\\/05\\\/a.jpg\"},{\"@type\":\"BreadcrumbList\",\"@id\":\"https:\\\/\\\/www.tosunlux.eu\\\/products\\\/bir-impulse-relay\\\/#breadcrumb\",\"itemListElement\":[{\"@type\":\"ListItem\",\"position\":1,\"name\":\"Home\",\"item\":\"https:\\\/\\\/www.tosunlux.eu\\\/ru\\\/\"},{\"@type\":\"ListItem\",\"position\":2,\"name\":\"Products\",\"item\":\"https:\\\/\\\/www.tosunlux.eu\\\/products\\\/\"},{\"@type\":\"ListItem\",\"position\":3,\"name\":\"BIR Impulse Relay\"}]},{\"@type\":\"WebSite\",\"@id\":\"https:\\\/\\\/www.tosunlux.eu\\\/ru\\\/#website\",\"url\":\"https:\\\/\\\/www.tosunlux.eu\\\/ru\\\/\",\"name\":\"TOSUNlux Official Site - Electrical Circuit Breaker Manufacturer in China\",\"description\":\"Power Distribution System Supplier\",\"publisher\":{\"@id\":\"https:\\\/\\\/www.tosunlux.eu\\\/ru\\\/#organization\"},\"alternateName\":\"TOSUNlux\",\"potentialAction\":[{\"@type\":\"SearchAction\",\"target\":{\"@type\":\"EntryPoint\",\"urlTemplate\":\"https:\\\/\\\/www.tosunlux.eu\\\/ru\\\/?s={search_term_string}\"},\"query-input\":{\"@type\":\"PropertyValueSpecification\",\"valueRequired\":true,\"valueName\":\"search_term_string\"}}],\"inLanguage\":\"sq\"},{\"@type\":\"Organization\",\"@id\":\"https:\\\/\\\/www.tosunlux.eu\\\/ru\\\/#organization\",\"name\":\"TOSUNlux\",\"url\":\"https:\\\/\\\/www.tosunlux.eu\\\/ru\\\/\",\"logo\":{\"@type\":\"ImageObject\",\"inLanguage\":\"sq\",\"@id\":\"https:\\\/\\\/www.tosunlux.eu\\\/ru\\\/#\\\/schema\\\/logo\\\/image\\\/\",\"url\":\"https:\\\/\\\/www.tosunlux.eu\\\/wp-content\\\/uploads\\\/2022\\\/01\\\/LOGOSYSM.71762f1.png\",\"contentUrl\":\"https:\\\/\\\/www.tosunlux.eu\\\/wp-content\\\/uploads\\\/2022\\\/01\\\/LOGOSYSM.71762f1.png\",\"width\":153,\"height\":55,\"caption\":\"TOSUNlux\"},\"image\":{\"@id\":\"https:\\\/\\\/www.tosunlux.eu\\\/ru\\\/#\\\/schema\\\/logo\\\/image\\\/\"},\"sameAs\":[\"https:\\\/\\\/www.facebook.com\\\/TOSUNelectric\\\/\",\"https:\\\/\\\/www.linkedin.com\\\/company\\\/wenzhou-tosun-electric-co.-ltd\\\/\"]}]}<\/script>\n<!-- \/ Yoast SEO plugin. -->","yoast_head_json":{"title":"WholesaleBIR Impulse Relay - TOSUNlux Official Site - Electrical Circuit Breaker Manufacturer in China Low Voltage Electrical Supplier | TOSUNlux","description":"BIR Impulse Relay Supplier - Wholesale direct from TOSUNlux, a trusted manufacturer since 1994. Get your B2B factory quote on our certified Low Voltage electrical products.","robots":{"index":"index","follow":"follow","max-snippet":"max-snippet:-1","max-image-preview":"max-image-preview:large","max-video-preview":"max-video-preview:-1"},"canonical":"https:\/\/www.tosunlux.eu\/sq\/products\/bir-impulse-relay\/","og_locale":"sq_AL","og_type":"article","og_title":"WholesaleBIR Impulse Relay - TOSUNlux Official Site - Electrical Circuit Breaker Manufacturer in China Low Voltage Electrical Supplier | TOSUNlux","og_description":"BIR Impulse Relay Supplier - Wholesale direct from TOSUNlux, a trusted manufacturer since 1994. Get your B2B factory quote on our certified Low Voltage electrical products.","og_url":"https:\/\/www.tosunlux.eu\/sq\/products\/bir-impulse-relay\/","og_site_name":"TOSUNlux Official Site - Electrical Circuit Breaker Manufacturer in China","article_publisher":"https:\/\/www.facebook.com\/TOSUNelectric\/","article_modified_time":"2025-01-09T05:37:58+00:00","og_image":[{"url":"https:\/\/www.tosunlux.eu\/wp-content\/uploads\/2022\/05\/a.jpg","type":"","width":"","height":""}],"twitter_card":"summary_large_image","twitter_misc":{"Est. reading time":"2 minuta"},"schema":{"@context":"https:\/\/schema.org","@graph":[{"@type":"WebPage","@id":"https:\/\/www.tosunlux.eu\/products\/bir-impulse-relay\/","url":"https:\/\/www.tosunlux.eu\/products\/bir-impulse-relay\/","name":"WholesaleBIR Impulse Relay - TOSUNlux Official Site - Electrical Circuit Breaker Manufacturer in China Low Voltage Electrical Supplier | TOSUNlux","isPartOf":{"@id":"https:\/\/www.tosunlux.eu\/ru\/#website"},"primaryImageOfPage":{"@id":"https:\/\/www.tosunlux.eu\/products\/bir-impulse-relay\/#primaryimage"},"image":{"@id":"https:\/\/www.tosunlux.eu\/products\/bir-impulse-relay\/#primaryimage"},"thumbnailUrl":"https:\/\/www.tosunlux.eu\/wp-content\/uploads\/2022\/05\/a.jpg","datePublished":"2022-05-14T05:12:42+00:00","dateModified":"2025-01-09T05:37:58+00:00","description":"BIR Impulse Relay Supplier - Wholesale direct from TOSUNlux, a trusted manufacturer since 1994. Get your B2B factory quote on our certified Low Voltage electrical products.","breadcrumb":{"@id":"https:\/\/www.tosunlux.eu\/products\/bir-impulse-relay\/#breadcrumb"},"inLanguage":"sq","potentialAction":[{"@type":"ReadAction","target":["https:\/\/www.tosunlux.eu\/products\/bir-impulse-relay\/"]}]},{"@type":"ImageObject","inLanguage":"sq","@id":"https:\/\/www.tosunlux.eu\/products\/bir-impulse-relay\/#primaryimage","url":"https:\/\/www.tosunlux.eu\/wp-content\/uploads\/2022\/05\/a.jpg","contentUrl":"https:\/\/www.tosunlux.eu\/wp-content\/uploads\/2022\/05\/a.jpg"},{"@type":"BreadcrumbList","@id":"https:\/\/www.tosunlux.eu\/products\/bir-impulse-relay\/#breadcrumb","itemListElement":[{"@type":"ListItem","position":1,"name":"Home","item":"https:\/\/www.tosunlux.eu\/ru\/"},{"@type":"ListItem","position":2,"name":"Products","item":"https:\/\/www.tosunlux.eu\/products\/"},{"@type":"ListItem","position":3,"name":"BIR Impulse Relay"}]},{"@type":"WebSite","@id":"https:\/\/www.tosunlux.eu\/ru\/#website","url":"https:\/\/www.tosunlux.eu\/ru\/","name":"Faqja zyrtare e TOSUNlux - Prodhuesi i nd\u00ebrprer\u00ebsve t\u00eb qarkut elektrik n\u00eb Kin\u00eb","description":"Furnizuesi i Sistemit t\u00eb Shp\u00ebrndarjes s\u00eb Energjis\u00eb","publisher":{"@id":"https:\/\/www.tosunlux.eu\/ru\/#organization"},"alternateName":"TOSUNlux","potentialAction":[{"@type":"SearchAction","target":{"@type":"EntryPoint","urlTemplate":"https:\/\/www.tosunlux.eu\/ru\/?s={search_term_string}"},"query-input":{"@type":"PropertyValueSpecification","valueRequired":true,"valueName":"search_term_string"}}],"inLanguage":"sq"},{"@type":"Organization","@id":"https:\/\/www.tosunlux.eu\/ru\/#organization","name":"TOSUNlux","url":"https:\/\/www.tosunlux.eu\/ru\/","logo":{"@type":"ImageObject","inLanguage":"sq","@id":"https:\/\/www.tosunlux.eu\/ru\/#\/schema\/logo\/image\/","url":"https:\/\/www.tosunlux.eu\/wp-content\/uploads\/2022\/01\/LOGOSYSM.71762f1.png","contentUrl":"https:\/\/www.tosunlux.eu\/wp-content\/uploads\/2022\/01\/LOGOSYSM.71762f1.png","width":153,"height":55,"caption":"TOSUNlux"},"image":{"@id":"https:\/\/www.tosunlux.eu\/ru\/#\/schema\/logo\/image\/"},"sameAs":["https:\/\/www.facebook.com\/TOSUNelectric\/","https:\/\/www.linkedin.com\/company\/wenzhou-tosun-electric-co.-ltd\/"]}]}},"_links":{"self":[{"href":"https:\/\/www.tosunlux.eu\/sq\/wp-json\/wp\/v2\/product\/2785","targetHints":{"allow":["GET"]}}],"collection":[{"href":"https:\/\/www.tosunlux.eu\/sq\/wp-json\/wp\/v2\/product"}],"about":[{"href":"https:\/\/www.tosunlux.eu\/sq\/wp-json\/wp\/v2\/types\/product"}],"version-history":[{"count":2,"href":"https:\/\/www.tosunlux.eu\/sq\/wp-json\/wp\/v2\/product\/2785\/revisions"}],"predecessor-version":[{"id":12223,"href":"https:\/\/www.tosunlux.eu\/sq\/wp-json\/wp\/v2\/product\/2785\/revisions\/12223"}],"wp:attachment":[{"href":"https:\/\/www.tosunlux.eu\/sq\/wp-json\/wp\/v2\/media?parent=2785"}],"wp:term":[{"taxonomy":"product_category","embeddable":true,"href":"https:\/\/www.tosunlux.eu\/sq\/wp-json\/wp\/v2\/product_category?post=2785"}],"curies":[{"name":"wp","href":"https:\/\/api.w.org\/{rel}","templated":true}]}}