{"id":2846,"date":"2022-05-14T16:02:45","date_gmt":"2022-05-14T08:02:45","guid":{"rendered":"https:\/\/www.tosunlux.eu\/?post_type=product&#038;p=2846"},"modified":"2022-05-14T16:03:41","modified_gmt":"2022-05-14T08:03:41","slug":"tsu1-surge-protector","status":"publish","type":"product","link":"https:\/\/www.tosunlux.eu\/sq\/products\/tsu1-surge-protector\/","title":{"rendered":"TSU1 Mbrojt\u00ebsi i mbitensionit"},"content":{"rendered":"<p><strong>Aplikimi<\/strong><\/p>\n\n\n\n<p>Mbrojt\u00ebsi i mbitensionit TSU1 p\u00ebrdoret kryesisht p\u00ebr kufizimin e vler\u00ebs s\u00eb amplitud\u00ebs s\u00eb tensionit kalimtar, thithjen, konsumimin, shkarkimin e energjis\u00eb s\u00eb rrym\u00ebs s\u00eb tep\u00ebrt n\u00eb instalimet elektrike AC 50\/60Hz, tensioni i vler\u00ebsuar i pun\u00ebs 230V, rritja p\u00ebrmes kapacitetit t\u00eb rrjedh\u00ebs jo m\u00eb shum\u00eb se 50A. P\u00ebrdoret n\u00eb rastin e nj\u00eb mbitensioni m\u00eb t\u00eb lart\u00eb, i cili mund t\u00eb b\u00ebj\u00eb q\u00eb komponenti elektrik i mbrojtur t\u00eb transferohet nga nj\u00eb lloj mbitensioni n\u00eb nj\u00eb lloj tjet\u00ebr mbitensioni m\u00eb t\u00eb ul\u00ebt. Ai \u00ebsht\u00eb p\u00ebrshtatur p\u00ebr kompozimin e pajisjeve elektrike t\u00eb kombinuara me pajisje t\u00eb tjera elektrike terminale t\u00eb moduleve, n\u00eb m\u00ebnyr\u00eb q\u00eb t\u00eb mund t\u00eb rris\u00eb llojet e instalimit dhe t\u00eb zgjeroj\u00eb gam\u00ebn e p\u00ebrdorimit, ose t\u00eb ul\u00eb m\u00eb tej tensionin n\u00eb p\u00ebrdorimin e terminaleve p\u00ebr t\u00eb mbrojtur televizorin, tingullin hi-fi dhe lloje t\u00eb tilla pajisjesh elektrike ose pajisje si kompjuteri, mikrokompjuteri. Mbrojt\u00ebsi vlen p\u00ebr shfryt\u00ebzimin e energjis\u00eb elektrike p\u00ebr amvis\u00ebri dhe vende t\u00eb ngjashme, objektet p\u00ebr futjen e qarkut n\u00eb goditjen direkte t\u00eb bubullim\u00ebs ose mbrojtjen nga d\u00ebmtimi i rrym\u00ebs s\u00eb rrym\u00ebs s\u00eb shkaktuar nga shkarkuesi i jasht\u00ebm. Produktet p\u00ebrputhen me IEC61643.<\/p>\n\n\n\n<p><\/p>\n\n\n\n<p><strong>Specifikimi<\/strong><\/p>\n\n\n<table style=\"border-collapse: collapse; width: 390.77pt;\" border=\"0\" width=\"521\" cellspacing=\"0\" cellpadding=\"0\">\n<tbody>\n<tr style=\"height: 12.75pt;\">\n<td style=\"height: 12.75pt; width: 222.00pt;\" width=\"296\" height=\"17\">Numri i polak\u00ebve<\/td>\n<td class=\"et2\" style=\"width: 168.75pt; text-align: center;\" width=\"225\">1P,1P+N,3P,3P+N<\/td>\n<\/tr>\n<tr style=\"height: 12.75pt;\">\n<td style=\"height: 12.75pt;\" height=\"17\">Vendosja termike n\u00eb (A)<\/td>\n<td class=\"et2\" style=\"text-align: center;\">6,10,16,20,25,32,40<\/td>\n<\/tr>\n<tr style=\"height: 12.75pt;\">\n<td style=\"height: 12.75pt;\" height=\"17\">Karakteristik\u00eb e k\u00ebrcimit<\/td>\n<td class=\"et2\" style=\"text-align: center;\">B,S<\/td>\n<\/tr>\n<tr style=\"height: 12.75pt;\">\n<td style=\"height: 12.75pt; text-align: left;\" height=\"17\">Tensioni nominal AC Un(V)<\/td>\n<td class=\"et2\" style=\"text-align: center;\">240<\/td>\n<\/tr>\n<tr style=\"height: 12.75pt;\">\n<td style=\"height: 12.75pt;\" height=\"17\">Tensioni minimal i funksionimit UBmin(V)<\/td>\n<td class=\"et2\" style=\"text-align: center;\">100<\/td>\n<\/tr>\n<tr style=\"height: 12.75pt;\">\n<td style=\"height: 12.75pt;\" height=\"17\">Rezistenca elektrike mekanike<\/td>\n<td class=\"et2\" style=\"text-align: center;\">20000\/10000<\/td>\n<\/tr>\n<tr style=\"height: 12.75pt;\">\n<td style=\"height: 12.75pt;\" height=\"17\">Kapaciteti i terminalit Kabllo fleksib\u00ebl\/i ngurt\u00eb (mm2)<\/td>\n<td class=\"et2\" style=\"text-align: center;\">Terminali i posht\u00ebm: 16-25<\/td>\n<\/tr>\n<tr style=\"height: 12.75pt;\">\n<td style=\"height: 12.75pt;\" height=\"17\">Rezistenca e ngritjes s\u00eb shqet\u00ebsimit<\/td>\n<td class=\"et2\" style=\"text-align: center;\">250A8\/20\u03bcs<\/td>\n<\/tr>\n<tr style=\"height: 12.75pt;\">\n<td style=\"height: 12.75pt;\" height=\"17\">Temperatura e Ambientit (\u00baC).<\/td>\n<td class=\"et2\" style=\"text-align: center;\">-5~+55<\/td>\n<\/tr>\n<\/tbody>\n<\/table>\n<p>\u00a0<\/p>\n<p><strong>Parametri teknik<\/strong><\/p>\n<table style=\"border-collapse: collapse; width: 567.77pt;\" border=\"0\" width=\"757\" cellspacing=\"0\" cellpadding=\"0\">\n<tbody>\n<tr style=\"height: 12.75pt;\">\n<td style=\"height: 12.75pt; width: 205.50pt;\" width=\"274\" height=\"17\">Klasa e mbrojtjes<\/td>\n<td class=\"et2\" style=\"width: 123.75pt; text-align: center;\" width=\"165\">klasa B<\/td>\n<td class=\"et2\" style=\"width: 132pt; text-align: center;\" width=\"176\">klasa C<\/td>\n<td class=\"et2\" style=\"width: 106.5pt; text-align: center;\" width=\"142\">klasa D<\/td>\n<\/tr>\n<tr style=\"height: 12.75pt;\">\n<td style=\"height: 12.75pt; text-align: left;\" height=\"17\">Rryma e vler\u00ebsuar (kA)<\/td>\n<td class=\"et2\" style=\"text-align: center;\">40-65<\/td>\n<td class=\"et2\" style=\"text-align: center;\">15-40<\/td>\n<td class=\"et2\" style=\"text-align: center;\">8-15<\/td>\n<\/tr>\n<tr style=\"height: 12.75pt;\">\n<td style=\"height: 12.75pt;\" height=\"17\">Koha e reagimit (tr)<\/td>\n<td class=\"et2\" style=\"text-align: center;\">&lt;25 s<\/td>\n<td class=\"et2\" style=\"text-align: center;\">&lt;25 s<\/td>\n<td class=\"et2\" style=\"text-align: center;\">&lt;25 s<\/td>\n<\/tr>\n<tr style=\"height: 12.75pt;\">\n<td style=\"height: 12.75pt;\" height=\"17\">Niveli i tensionit t\u00eb mbrojtjes (Lart)<\/td>\n<td class=\"et2\" style=\"text-align: center;\">&lt;2.0 kV<\/td>\n<td class=\"et2\" style=\"text-align: center;\">&lt;1.8 kV<\/td>\n<td class=\"et2\" style=\"text-align: center;\">&lt;1,5 kV<\/td>\n<\/tr>\n<tr style=\"height: 12.75pt;\">\n<td style=\"height: 12.75pt;\" height=\"17\">Tensioni maksimal i q\u00ebndruesh\u00ebm i pun\u00ebs (Ue)<\/td>\n<td class=\"et2\" style=\"text-align: center;\">275\/440VAC<\/td>\n<td class=\"et2\" style=\"text-align: center;\">275\/440VAC<\/td>\n<td class=\"et2\" style=\"text-align: center;\">275\/440VAC<\/td>\n<\/tr>\n<tr style=\"height: 12.75pt;\">\n<td style=\"height: 12.75pt;\" height=\"17\">Rryma nominale e shkarkimit (In)<\/td>\n<td class=\"et2\" style=\"text-align: center;\">25kA(10\/350)\u03bcs<\/td>\n<td class=\"et2\" style=\"text-align: center;\">10kA,15kA (8\/20)\u03bcs<\/td>\n<td class=\"et2\" style=\"text-align: center;\">2.5kA,5kA(8\/20)\u03bcs<\/td>\n<\/tr>\n<tr style=\"height: 12.75pt;\">\n<td style=\"height: 12.75pt; text-align: left;\" height=\"17\">Rryma maksimale e shkarkimit (lmax)<\/td>\n<td class=\"et2\" style=\"text-align: center;\">50kA(8\/80)\u03bcs<\/td>\n<td class=\"et2\" style=\"text-align: center;\">30kA.40kA (8\/20)\u03bcs<\/td>\n<td class=\"et2\" style=\"text-align: center;\">5kA,10kA(8\/20)\u03bcs<\/td>\n<\/tr>\n<tr style=\"height: 12.75pt;\">\n<td style=\"height: 12.75pt;\" height=\"17\">Siguresa mbrojt\u00ebse maksimale rezerv\u00eb<\/td>\n<td class=\"et2\" style=\"text-align: center;\">250 A gl<\/td>\n<td class=\"et2\" style=\"text-align: center;\">125 A gl<\/td>\n<td class=\"et2\" style=\"text-align: center;\">63 A gl<\/td>\n<\/tr>\n<tr style=\"height: 12.75pt;\">\n<td style=\"height: 12.75pt;\" height=\"17\">Toleranca e qarkut t\u00eb shkurt\u00ebr<\/td>\n<td class=\"et2\" style=\"text-align: center;\">10 kA<\/td>\n<td class=\"et2\" style=\"text-align: center;\">10 kA<\/td>\n<td class=\"et2\" style=\"text-align: center;\">10 kA<\/td>\n<\/tr>\n<tr style=\"height: 12.75pt;\">\n<td style=\"height: 12.75pt;\" height=\"17\">Gama e temperatur\u00ebs s\u00eb ambientit t\u00eb pun\u00ebs<\/td>\n<td class=\"et2\" style=\"text-align: center;\" colspan=\"3\">-40C~70\u2103<\/td>\n<\/tr>\n<tr style=\"height: 12.75pt;\">\n<td style=\"height: 12.75pt;\" height=\"17\">Tensioni i vler\u00ebsuar i funksionimit (V)<\/td>\n<td class=\"et2\" style=\"text-align: center;\" colspan=\"3\">230,400<\/td>\n<\/tr>\n<\/tbody>\n<\/table>","protected":false},"parent":0,"template":"","product_category":[84],"class_list":["post-2846","product","type-product","status-publish","hentry","product_category-surge-protector"],"yoast_head":"<!-- This site is optimized with the Yoast SEO plugin v27.4 - https:\/\/yoast.com\/product\/yoast-seo-wordpress\/ -->\n<title>WholesaleTSU1 Surge Protector - TOSUNlux Official Site - Electrical Circuit Breaker Manufacturer in China Low Voltage Electrical Supplier | TOSUNlux<\/title>\n<meta name=\"description\" content=\"TSU1 Surge Protector Supplier - Wholesale direct from TOSUNlux, a trusted manufacturer since 1994. Get your B2B factory quote on our certified Low Voltage electrical products.\" \/>\n<meta name=\"robots\" content=\"index, follow, max-snippet:-1, max-image-preview:large, max-video-preview:-1\" \/>\n<link rel=\"canonical\" href=\"https:\/\/www.tosunlux.eu\/sq\/products\/tsu1-surge-protector\/\" \/>\n<meta property=\"og:locale\" content=\"sq_AL\" \/>\n<meta property=\"og:type\" content=\"article\" \/>\n<meta property=\"og:title\" content=\"WholesaleTSU1 Surge Protector - TOSUNlux Official Site - Electrical Circuit Breaker Manufacturer in China Low Voltage Electrical Supplier | TOSUNlux\" \/>\n<meta property=\"og:description\" content=\"TSU1 Surge Protector Supplier - Wholesale direct from TOSUNlux, a trusted manufacturer since 1994. Get your B2B factory quote on our certified Low Voltage electrical products.\" \/>\n<meta property=\"og:url\" content=\"https:\/\/www.tosunlux.eu\/sq\/products\/tsu1-surge-protector\/\" \/>\n<meta property=\"og:site_name\" content=\"TOSUNlux Official Site - Electrical Circuit Breaker Manufacturer in China\" \/>\n<meta property=\"article:publisher\" content=\"https:\/\/www.facebook.com\/TOSUNelectric\/\" \/>\n<meta property=\"article:modified_time\" content=\"2022-05-14T08:03:41+00:00\" \/>\n<meta property=\"og:image\" content=\"https:\/\/www.tosunlux.eu\/wp-content\/uploads\/2023\/04\/DSC08160_\u526f\u672c.jpg\" \/>\n\t<meta property=\"og:image:width\" content=\"1500\" \/>\n\t<meta property=\"og:image:height\" content=\"940\" \/>\n\t<meta property=\"og:image:type\" content=\"image\/jpeg\" \/>\n<meta name=\"twitter:card\" content=\"summary_large_image\" \/>\n<meta name=\"twitter:label1\" content=\"Est. reading time\" \/>\n\t<meta name=\"twitter:data1\" content=\"2 minuta\" \/>\n<script type=\"application\/ld+json\" class=\"yoast-schema-graph\">{\"@context\":\"https:\\\/\\\/schema.org\",\"@graph\":[{\"@type\":\"WebPage\",\"@id\":\"https:\\\/\\\/www.tosunlux.eu\\\/pt\\\/products\\\/tsu1-surge-protector\\\/\",\"url\":\"https:\\\/\\\/www.tosunlux.eu\\\/pt\\\/products\\\/tsu1-surge-protector\\\/\",\"name\":\"WholesaleTSU1 Surge Protector - TOSUNlux Official Site - Electrical Circuit Breaker Manufacturer in China Low Voltage Electrical Supplier | TOSUNlux\",\"isPartOf\":{\"@id\":\"https:\\\/\\\/www.tosunlux.eu\\\/ru\\\/#website\"},\"datePublished\":\"2022-05-14T08:02:45+00:00\",\"dateModified\":\"2022-05-14T08:03:41+00:00\",\"description\":\"TSU1 Surge Protector Supplier - Wholesale direct from TOSUNlux, a trusted manufacturer since 1994. Get your B2B factory quote on our certified Low Voltage electrical products.\",\"breadcrumb\":{\"@id\":\"https:\\\/\\\/www.tosunlux.eu\\\/pt\\\/products\\\/tsu1-surge-protector\\\/#breadcrumb\"},\"inLanguage\":\"sq\",\"potentialAction\":[{\"@type\":\"ReadAction\",\"target\":[\"https:\\\/\\\/www.tosunlux.eu\\\/pt\\\/products\\\/tsu1-surge-protector\\\/\"]}]},{\"@type\":\"BreadcrumbList\",\"@id\":\"https:\\\/\\\/www.tosunlux.eu\\\/pt\\\/products\\\/tsu1-surge-protector\\\/#breadcrumb\",\"itemListElement\":[{\"@type\":\"ListItem\",\"position\":1,\"name\":\"Home\",\"item\":\"https:\\\/\\\/www.tosunlux.eu\\\/ru\\\/\"},{\"@type\":\"ListItem\",\"position\":2,\"name\":\"Products\",\"item\":\"https:\\\/\\\/www.tosunlux.eu\\\/products\\\/\"},{\"@type\":\"ListItem\",\"position\":3,\"name\":\"TSU1 Surge Protector\"}]},{\"@type\":\"WebSite\",\"@id\":\"https:\\\/\\\/www.tosunlux.eu\\\/ru\\\/#website\",\"url\":\"https:\\\/\\\/www.tosunlux.eu\\\/ru\\\/\",\"name\":\"TOSUNlux Official Site - Electrical Circuit Breaker Manufacturer in China\",\"description\":\"Power Distribution System Supplier\",\"publisher\":{\"@id\":\"https:\\\/\\\/www.tosunlux.eu\\\/ru\\\/#organization\"},\"alternateName\":\"TOSUNlux\",\"potentialAction\":[{\"@type\":\"SearchAction\",\"target\":{\"@type\":\"EntryPoint\",\"urlTemplate\":\"https:\\\/\\\/www.tosunlux.eu\\\/ru\\\/?s={search_term_string}\"},\"query-input\":{\"@type\":\"PropertyValueSpecification\",\"valueRequired\":true,\"valueName\":\"search_term_string\"}}],\"inLanguage\":\"sq\"},{\"@type\":\"Organization\",\"@id\":\"https:\\\/\\\/www.tosunlux.eu\\\/ru\\\/#organization\",\"name\":\"TOSUNlux\",\"url\":\"https:\\\/\\\/www.tosunlux.eu\\\/ru\\\/\",\"logo\":{\"@type\":\"ImageObject\",\"inLanguage\":\"sq\",\"@id\":\"https:\\\/\\\/www.tosunlux.eu\\\/ru\\\/#\\\/schema\\\/logo\\\/image\\\/\",\"url\":\"https:\\\/\\\/www.tosunlux.eu\\\/wp-content\\\/uploads\\\/2022\\\/01\\\/LOGOSYSM.71762f1.png\",\"contentUrl\":\"https:\\\/\\\/www.tosunlux.eu\\\/wp-content\\\/uploads\\\/2022\\\/01\\\/LOGOSYSM.71762f1.png\",\"width\":153,\"height\":55,\"caption\":\"TOSUNlux\"},\"image\":{\"@id\":\"https:\\\/\\\/www.tosunlux.eu\\\/ru\\\/#\\\/schema\\\/logo\\\/image\\\/\"},\"sameAs\":[\"https:\\\/\\\/www.facebook.com\\\/TOSUNelectric\\\/\",\"https:\\\/\\\/www.linkedin.com\\\/company\\\/wenzhou-tosun-electric-co.-ltd\\\/\"]}]}<\/script>\n<!-- \/ Yoast SEO plugin. -->","yoast_head_json":{"title":"Mbrojt\u00ebs nga Rryma me Shumic\u00eb TSU1 - Faqja Zyrtare e TOSUNlux - Prodhues i Nd\u00ebrprer\u00ebsve t\u00eb Qarkut Elektrik n\u00eb Kin\u00eb, Furnizues i Pajisjeve Elektrike me Tension t\u00eb Ul\u00ebt | TOSUNlux","description":"Furnizues i Mbrojt\u00ebsve t\u00eb Rrym\u00ebs TSU1 - Shitje me shumic\u00eb direkt nga TOSUNlux, nj\u00eb prodhues i besuar q\u00eb nga viti 1994. Merrni ofert\u00ebn tuaj B2B t\u00eb fabrik\u00ebs p\u00ebr produktet tona t\u00eb \u00e7ertifikuara elektrike me Tension t\u00eb Ul\u00ebt.","robots":{"index":"index","follow":"follow","max-snippet":"max-snippet:-1","max-image-preview":"max-image-preview:large","max-video-preview":"max-video-preview:-1"},"canonical":"https:\/\/www.tosunlux.eu\/sq\/products\/tsu1-surge-protector\/","og_locale":"sq_AL","og_type":"article","og_title":"WholesaleTSU1 Surge Protector - TOSUNlux Official Site - Electrical Circuit Breaker Manufacturer in China Low Voltage Electrical Supplier | TOSUNlux","og_description":"TSU1 Surge Protector Supplier - Wholesale direct from TOSUNlux, a trusted manufacturer since 1994. Get your B2B factory quote on our certified Low Voltage electrical products.","og_url":"https:\/\/www.tosunlux.eu\/sq\/products\/tsu1-surge-protector\/","og_site_name":"TOSUNlux Official Site - Electrical Circuit Breaker Manufacturer in China","article_publisher":"https:\/\/www.facebook.com\/TOSUNelectric\/","article_modified_time":"2022-05-14T08:03:41+00:00","og_image":[{"width":1500,"height":940,"url":"https:\/\/www.tosunlux.eu\/wp-content\/uploads\/2023\/04\/DSC08160_\u526f\u672c.jpg","type":"image\/jpeg"}],"twitter_card":"summary_large_image","twitter_misc":{"Est. reading time":"2 minuta"},"schema":{"@context":"https:\/\/schema.org","@graph":[{"@type":"WebPage","@id":"https:\/\/www.tosunlux.eu\/pt\/products\/tsu1-surge-protector\/","url":"https:\/\/www.tosunlux.eu\/pt\/products\/tsu1-surge-protector\/","name":"Mbrojt\u00ebs nga Rryma me Shumic\u00eb TSU1 - Faqja Zyrtare e TOSUNlux - Prodhues i Nd\u00ebrprer\u00ebsve t\u00eb Qarkut Elektrik n\u00eb Kin\u00eb, Furnizues i Pajisjeve Elektrike me Tension t\u00eb Ul\u00ebt | TOSUNlux","isPartOf":{"@id":"https:\/\/www.tosunlux.eu\/ru\/#website"},"datePublished":"2022-05-14T08:02:45+00:00","dateModified":"2022-05-14T08:03:41+00:00","description":"Furnizues i Mbrojt\u00ebsve t\u00eb Rrym\u00ebs TSU1 - Shitje me shumic\u00eb direkt nga TOSUNlux, nj\u00eb prodhues i besuar q\u00eb nga viti 1994. Merrni ofert\u00ebn tuaj B2B t\u00eb fabrik\u00ebs p\u00ebr produktet tona t\u00eb \u00e7ertifikuara elektrike me Tension t\u00eb Ul\u00ebt.","breadcrumb":{"@id":"https:\/\/www.tosunlux.eu\/pt\/products\/tsu1-surge-protector\/#breadcrumb"},"inLanguage":"sq","potentialAction":[{"@type":"ReadAction","target":["https:\/\/www.tosunlux.eu\/pt\/products\/tsu1-surge-protector\/"]}]},{"@type":"BreadcrumbList","@id":"https:\/\/www.tosunlux.eu\/pt\/products\/tsu1-surge-protector\/#breadcrumb","itemListElement":[{"@type":"ListItem","position":1,"name":"Home","item":"https:\/\/www.tosunlux.eu\/ru\/"},{"@type":"ListItem","position":2,"name":"Products","item":"https:\/\/www.tosunlux.eu\/products\/"},{"@type":"ListItem","position":3,"name":"TSU1 Surge Protector"}]},{"@type":"WebSite","@id":"https:\/\/www.tosunlux.eu\/ru\/#website","url":"https:\/\/www.tosunlux.eu\/ru\/","name":"Faqja zyrtare e TOSUNlux - Prodhuesi i nd\u00ebrprer\u00ebsve t\u00eb qarkut elektrik n\u00eb Kin\u00eb","description":"Furnizuesi i Sistemit t\u00eb Shp\u00ebrndarjes s\u00eb Energjis\u00eb","publisher":{"@id":"https:\/\/www.tosunlux.eu\/ru\/#organization"},"alternateName":"TOSUNlux","potentialAction":[{"@type":"SearchAction","target":{"@type":"EntryPoint","urlTemplate":"https:\/\/www.tosunlux.eu\/ru\/?s={search_term_string}"},"query-input":{"@type":"PropertyValueSpecification","valueRequired":true,"valueName":"search_term_string"}}],"inLanguage":"sq"},{"@type":"Organization","@id":"https:\/\/www.tosunlux.eu\/ru\/#organization","name":"TOSUNlux","url":"https:\/\/www.tosunlux.eu\/ru\/","logo":{"@type":"ImageObject","inLanguage":"sq","@id":"https:\/\/www.tosunlux.eu\/ru\/#\/schema\/logo\/image\/","url":"https:\/\/www.tosunlux.eu\/wp-content\/uploads\/2022\/01\/LOGOSYSM.71762f1.png","contentUrl":"https:\/\/www.tosunlux.eu\/wp-content\/uploads\/2022\/01\/LOGOSYSM.71762f1.png","width":153,"height":55,"caption":"TOSUNlux"},"image":{"@id":"https:\/\/www.tosunlux.eu\/ru\/#\/schema\/logo\/image\/"},"sameAs":["https:\/\/www.facebook.com\/TOSUNelectric\/","https:\/\/www.linkedin.com\/company\/wenzhou-tosun-electric-co.-ltd\/"]}]}},"_links":{"self":[{"href":"https:\/\/www.tosunlux.eu\/sq\/wp-json\/wp\/v2\/product\/2846","targetHints":{"allow":["GET"]}}],"collection":[{"href":"https:\/\/www.tosunlux.eu\/sq\/wp-json\/wp\/v2\/product"}],"about":[{"href":"https:\/\/www.tosunlux.eu\/sq\/wp-json\/wp\/v2\/types\/product"}],"version-history":[{"count":0,"href":"https:\/\/www.tosunlux.eu\/sq\/wp-json\/wp\/v2\/product\/2846\/revisions"}],"wp:attachment":[{"href":"https:\/\/www.tosunlux.eu\/sq\/wp-json\/wp\/v2\/media?parent=2846"}],"wp:term":[{"taxonomy":"product_category","embeddable":true,"href":"https:\/\/www.tosunlux.eu\/sq\/wp-json\/wp\/v2\/product_category?post=2846"}],"curies":[{"name":"wp","href":"https:\/\/api.w.org\/{rel}","templated":true}]}}